{"id":9706,"date":"2019-09-14T09:43:02","date_gmt":"2019-09-14T07:43:02","guid":{"rendered":""},"modified":"2023-08-31T15:15:25","modified_gmt":"2023-08-31T13:15:25","slug":"day-vaateteline","status":"publish","type":"product","link":"https:\/\/pohjanmaantehtaanmyymala.fi\/sv\/tuote\/day-vaateteline\/","title":{"rendered":"DAY &#8211; vaateteline musta"},"content":{"rendered":"<p>Kevyt Day -vaateline vaikka varastoon. Sill\u00e4 saat k\u00e4tev\u00e4sti henkareilla s\u00e4ilytett\u00e4tv\u00e4t vaatteet j\u00e4rjestykseen.<\/p>\n<p>Tuotetiedot: metallirunko, v\u00e4ri musta, toimitetaan osina.<\/p>\n<p>Edullinen toimitus Matkahuollolla kaikkialle Suomeen.<\/p>\n","protected":false},"excerpt":{"rendered":"<p>Kevyt Day -vaateline vaikka varastoon. Sill\u00e4 saat k\u00e4tev\u00e4sti henkareilla s\u00e4ilytett\u00e4tv\u00e4t vaatteet j\u00e4rjestykseen. Tuotetiedot: metallirunko, v\u00e4ri musta, toimitetaan osina. Edullinen toimitus Matkahuollolla kaikkialle Suomeen.<\/p>\n","protected":false},"featured_media":9707,"comment_status":"closed","ping_status":"closed","template":"","meta":{"_acf_changed":false,"jetpack_post_was_ever_published":false,"jetpack_publicize_message":"","jetpack_publicize_feature_enabled":true,"jetpack_social_post_already_shared":false,"jetpack_social_options":{"image_generator_settings":{"template":"highway","default_image_id":0,"font":"","enabled":false},"version":2}},"product_brand":[187],"product_cat":[197,124],"product_tag":[],"class_list":{"0":"post-9706","1":"product","2":"type-product","3":"status-publish","4":"has-post-thumbnail","6":"product_brand-schou","7":"product_cat-toimistokalusteet","8":"product_cat-muut-kalusteet","9":"product_shipping_class-161","11":"first","12":"outofstock","13":"sale","14":"purchasable","15":"product-type-simple"},"acf":[],"jetpack_publicize_connections":[],"jetpack_sharing_enabled":true,"jetpack-related-posts":[{"id":9697,"url":"https:\/\/pohjanmaantehtaanmyymala.fi\/sv\/tuote\/day-metallinen-sohvapoyta-lasitasolla-musta\/","url_meta":{"origin":9706,"position":0},"title":"DAY &#8211; sohvap\u00f6yt\u00e4 49&#215;49 cm lasitasolla. Musta","author":"petri","date":"september 14, 2019","format":false,"excerpt":"Nyt loppuvarasto poistohintaan!","rel":"","context":"Liknande produkt","block_context":{"text":"Liknande produkt","link":""},"img":{"alt_text":"Day lasip\u00f6yt\u00e4 musta","src":"https:\/\/i0.wp.com\/pohjanmaantehtaanmyymala.fi\/wp-content\/uploads\/2019\/09\/73682-m.jpg?fit=960%2C960&ssl=1&resize=350%2C200","width":350,"height":200,"srcset":"https:\/\/i0.wp.com\/pohjanmaantehtaanmyymala.fi\/wp-content\/uploads\/2019\/09\/73682-m.jpg?fit=960%2C960&ssl=1&resize=350%2C200 1x, https:\/\/i0.wp.com\/pohjanmaantehtaanmyymala.fi\/wp-content\/uploads\/2019\/09\/73682-m.jpg?fit=960%2C960&ssl=1&resize=525%2C300 1.5x, https:\/\/i0.wp.com\/pohjanmaantehtaanmyymala.fi\/wp-content\/uploads\/2019\/09\/73682-m.jpg?fit=960%2C960&ssl=1&resize=700%2C400 2x"},"classes":[]},{"id":20643,"url":"https:\/\/pohjanmaantehtaanmyymala.fi\/sv\/tuote\/day-sivupoyta-42x42-cm-lasitasolla-musta\/","url_meta":{"origin":9706,"position":1},"title":"DAY &#8211; sivup\u00f6yt\u00e4 42&#215;42 cm lasitasolla. Musta","author":"Sami Viitala","date":"juni 7, 2022","format":false,"excerpt":"Nyt loppuvarasto poistohintaan!","rel":"","context":"Liknande produkt","block_context":{"text":"Liknande produkt","link":""},"img":{"alt_text":"Day apup\u00f6yt\u00e4 42*42 cm lasilla","src":"https:\/\/i0.wp.com\/pohjanmaantehtaanmyymala.fi\/wp-content\/uploads\/2022\/06\/73680-m.jpg?fit=960%2C960&ssl=1&resize=350%2C200","width":350,"height":200,"srcset":"https:\/\/i0.wp.com\/pohjanmaantehtaanmyymala.fi\/wp-content\/uploads\/2022\/06\/73680-m.jpg?fit=960%2C960&ssl=1&resize=350%2C200 1x, https:\/\/i0.wp.com\/pohjanmaantehtaanmyymala.fi\/wp-content\/uploads\/2022\/06\/73680-m.jpg?fit=960%2C960&ssl=1&resize=525%2C300 1.5x, https:\/\/i0.wp.com\/pohjanmaantehtaanmyymala.fi\/wp-content\/uploads\/2022\/06\/73680-m.jpg?fit=960%2C960&ssl=1&resize=700%2C400 2x"},"classes":[]},{"id":9642,"url":"https:\/\/pohjanmaantehtaanmyymala.fi\/sv\/tuote\/day-kukkataso\/","url_meta":{"origin":9706,"position":2},"title":"DAY &#8211; kukkap\u00f6yt\u00e4 musta\/ruskea","author":"petri","date":"september 14, 2019","format":false,"excerpt":"Siro Day-kukkap\u00f6yt\u00e4. Runko mustaksi maalattua metallia ja kannet\u00a0 ovat p\u00e4\u00e4llystetty\u00e4 MDF-levy\u00e4. Toimitetaan siistiss\u00e4 pahvipakkauksessa.","rel":"","context":"Liknande produkt","block_context":{"text":"Liknande produkt","link":""},"img":{"alt_text":"","src":"https:\/\/i0.wp.com\/pohjanmaantehtaanmyymala.fi\/wp-content\/uploads\/2019\/06\/731176-s.jpg?fit=960%2C960&ssl=1&resize=350%2C200","width":350,"height":200,"srcset":"https:\/\/i0.wp.com\/pohjanmaantehtaanmyymala.fi\/wp-content\/uploads\/2019\/06\/731176-s.jpg?fit=960%2C960&ssl=1&resize=350%2C200 1x, https:\/\/i0.wp.com\/pohjanmaantehtaanmyymala.fi\/wp-content\/uploads\/2019\/06\/731176-s.jpg?fit=960%2C960&ssl=1&resize=525%2C300 1.5x, https:\/\/i0.wp.com\/pohjanmaantehtaanmyymala.fi\/wp-content\/uploads\/2019\/06\/731176-s.jpg?fit=960%2C960&ssl=1&resize=700%2C400 2x"},"classes":[]},{"id":9650,"url":"https:\/\/pohjanmaantehtaanmyymala.fi\/sv\/tuote\/day-sivupoyta-puunvarinen\/","url_meta":{"origin":9706,"position":3},"title":"DAY &#8211; sivup\u00f6yt\u00e4 puunv\u00e4rinen","author":"petri","date":"september 14, 2019","format":false,"excerpt":"Tyylik\u00e4s metallirunkoinen DAY-sivup\u00f6yt\u00e4 kahdella MDF -levyisell\u00e4 puunv\u00e4risell\u00e4 tasolla. Runko on maalattua metallia. Toimitetaan osina siistiss\u00e4 pahvipakkauksessa.","rel":"","context":"Liknande produkt","block_context":{"text":"Liknande produkt","link":""},"img":{"alt_text":"","src":"https:\/\/i0.wp.com\/pohjanmaantehtaanmyymala.fi\/wp-content\/uploads\/2019\/06\/731192-s.jpg?fit=960%2C960&ssl=1&resize=350%2C200","width":350,"height":200,"srcset":"https:\/\/i0.wp.com\/pohjanmaantehtaanmyymala.fi\/wp-content\/uploads\/2019\/06\/731192-s.jpg?fit=960%2C960&ssl=1&resize=350%2C200 1x, https:\/\/i0.wp.com\/pohjanmaantehtaanmyymala.fi\/wp-content\/uploads\/2019\/06\/731192-s.jpg?fit=960%2C960&ssl=1&resize=525%2C300 1.5x, https:\/\/i0.wp.com\/pohjanmaantehtaanmyymala.fi\/wp-content\/uploads\/2019\/06\/731192-s.jpg?fit=960%2C960&ssl=1&resize=700%2C400 2x"},"classes":[]},{"id":9514,"url":"https:\/\/pohjanmaantehtaanmyymala.fi\/sv\/tuote\/outfit-noah-puutarhapoyta-205x90cm-musta\/","url_meta":{"origin":9706,"position":4},"title":"OUTFIT Noah \u2013 p\u00f6yt\u00e4 205x90cm musta","author":"petri","date":"september 14, 2019","format":false,"excerpt":"Noah p\u00f6yt\u00e4 on alumiinirunkoinen p\u00f6yt\u00e4, jossa on Polywood -puuj\u00e4ljitelm\u00e4 kansi. Musta runko, musta kansi. toimitetaan pahvipaketissa.","rel":"","context":"Liknande produkt","block_context":{"text":"Liknande produkt","link":""},"img":{"alt_text":"","src":"https:\/\/i0.wp.com\/pohjanmaantehtaanmyymala.fi\/wp-content\/uploads\/2019\/06\/623968-s.jpg?fit=960%2C960&ssl=1&resize=350%2C200","width":350,"height":200,"srcset":"https:\/\/i0.wp.com\/pohjanmaantehtaanmyymala.fi\/wp-content\/uploads\/2019\/06\/623968-s.jpg?fit=960%2C960&ssl=1&resize=350%2C200 1x, https:\/\/i0.wp.com\/pohjanmaantehtaanmyymala.fi\/wp-content\/uploads\/2019\/06\/623968-s.jpg?fit=960%2C960&ssl=1&resize=525%2C300 1.5x, https:\/\/i0.wp.com\/pohjanmaantehtaanmyymala.fi\/wp-content\/uploads\/2019\/06\/623968-s.jpg?fit=960%2C960&ssl=1&resize=700%2C400 2x"},"classes":[]},{"id":9531,"url":"https:\/\/pohjanmaantehtaanmyymala.fi\/sv\/tuote\/outfit-bistro-puutarhapoyta-58x58cm-musta\/","url_meta":{"origin":9706,"position":5},"title":"OUTFIT Bistro &#8211; p\u00f6yt\u00e4 58&#215;58 cm musta","author":"petri","date":"september 14, 2019","format":false,"excerpt":"Musta kevyt ja siro Frederik Bistro-p\u00f6yt\u00e4. Jalat maalattua alumiinia ja kansi polywood lautaa.","rel":"","context":"Liknande produkt","block_context":{"text":"Liknande produkt","link":""},"img":{"alt_text":"","src":"https:\/\/i0.wp.com\/pohjanmaantehtaanmyymala.fi\/wp-content\/uploads\/2019\/06\/623473-s.jpg?fit=960%2C960&ssl=1&resize=350%2C200","width":350,"height":200,"srcset":"https:\/\/i0.wp.com\/pohjanmaantehtaanmyymala.fi\/wp-content\/uploads\/2019\/06\/623473-s.jpg?fit=960%2C960&ssl=1&resize=350%2C200 1x, https:\/\/i0.wp.com\/pohjanmaantehtaanmyymala.fi\/wp-content\/uploads\/2019\/06\/623473-s.jpg?fit=960%2C960&ssl=1&resize=525%2C300 1.5x, https:\/\/i0.wp.com\/pohjanmaantehtaanmyymala.fi\/wp-content\/uploads\/2019\/06\/623473-s.jpg?fit=960%2C960&ssl=1&resize=700%2C400 2x"},"classes":[]}],"_links":{"self":[{"href":"https:\/\/pohjanmaantehtaanmyymala.fi\/sv\/wp-json\/wp\/v2\/product\/9706","targetHints":{"allow":["GET"]}}],"collection":[{"href":"https:\/\/pohjanmaantehtaanmyymala.fi\/sv\/wp-json\/wp\/v2\/product"}],"about":[{"href":"https:\/\/pohjanmaantehtaanmyymala.fi\/sv\/wp-json\/wp\/v2\/types\/product"}],"replies":[{"embeddable":true,"href":"https:\/\/pohjanmaantehtaanmyymala.fi\/sv\/wp-json\/wp\/v2\/comments?post=9706"}],"wp:featuredmedia":[{"embeddable":true,"href":"https:\/\/pohjanmaantehtaanmyymala.fi\/sv\/wp-json\/wp\/v2\/media\/9707"}],"wp:attachment":[{"href":"https:\/\/pohjanmaantehtaanmyymala.fi\/sv\/wp-json\/wp\/v2\/media?parent=9706"}],"wp:term":[{"taxonomy":"product_brand","embeddable":true,"href":"https:\/\/pohjanmaantehtaanmyymala.fi\/sv\/wp-json\/wp\/v2\/product_brand?post=9706"},{"taxonomy":"product_cat","embeddable":true,"href":"https:\/\/pohjanmaantehtaanmyymala.fi\/sv\/wp-json\/wp\/v2\/product_cat?post=9706"},{"taxonomy":"product_tag","embeddable":true,"href":"https:\/\/pohjanmaantehtaanmyymala.fi\/sv\/wp-json\/wp\/v2\/product_tag?post=9706"}],"curies":[{"name":"wp","href":"https:\/\/api.w.org\/{rel}","templated":true}]}}