{"id":9510,"date":"2019-09-14T09:40:44","date_gmt":"2019-09-14T07:40:44","guid":{"rendered":""},"modified":"2026-04-04T14:31:40","modified_gmt":"2026-04-04T12:31:40","slug":"outfit-liv-saadettava-puutarhatuoli-musta","status":"publish","type":"product","link":"https:\/\/pohjanmaantehtaanmyymala.fi\/sv\/tuote\/outfit-liv-saadettava-puutarhatuoli-musta\/","title":{"rendered":"OUTFIT LIV &#8211; puutarhatuoli musta"},"content":{"rendered":"<p>Liv 7-asentoinen puutarhatuoli, jonka saa taitettua kasaan varastointia varten. Alumiini runko, jossa pingotettu textylene -kangas. Musta\/Harmaa v\u00e4ri.<\/p>\n<p>Tuotetta on rajoitetusti myynniss\u00e4. Kysy saatavuus <a href=\"https:\/\/pohjanmaantehtaanmyymala.fi\/yhteys\/\">myynnist\u00e4mme.<\/a><\/p>\n<h3>Tuotetiedot:<\/h3>\n<p>Koko: l 55 x s 68 x k 105 cm<br \/>\nistuinkorkeus: 43 cm<br \/>\nistuinsyvyys: 44 cm<br \/>\nistuinleveys: 44 cm<br \/>\nk\u00e4sinojan korkeus maasta: 66 cm<br \/>\nTextylene: 2&#215;1<br \/>\nSelk\u00e4nojan s\u00e4\u00e4t\u00f6 7 asentoon<\/p>\n<p>Toimitetaan 2 kpl \/ paketti.<\/p>\n<p>&nbsp;<\/p>\n<p>&nbsp;<\/p>\n","protected":false},"excerpt":{"rendered":"<p>Liv 7-asentoinen puutarhatuoli, jonka saa taitettua kasaan varastointia varten. Alumiini runko, jossa pingotettu textylene -kangas. Musta\/Harmaa v\u00e4ri. Tuotetta on rajoitetusti myynniss\u00e4. Kysy saatavuus myynnist\u00e4mme. Tuotetiedot: Koko: l 55 x s 68 x k 105 cm istuinkorkeus: 43 cm istuinsyvyys: 44 cm istuinleveys: 44 cm k\u00e4sinojan korkeus maasta: 66 cm Textylene: 2&#215;1 Selk\u00e4nojan s\u00e4\u00e4t\u00f6 7 asentoon [&hellip;]<\/p>\n","protected":false},"featured_media":9511,"comment_status":"closed","ping_status":"closed","template":"","meta":{"_acf_changed":false,"jetpack_post_was_ever_published":false,"jetpack_publicize_message":"","jetpack_publicize_feature_enabled":true,"jetpack_social_post_already_shared":false,"jetpack_social_options":{"image_generator_settings":{"template":"highway","default_image_id":0,"font":"","enabled":false},"version":2}},"product_brand":[187],"product_cat":[200],"product_tag":[],"class_list":{"0":"post-9510","1":"product","2":"type-product","3":"status-publish","4":"has-post-thumbnail","6":"product_brand-schou","7":"product_cat-kesakalusteet","8":"product_shipping_class-161","10":"first","11":"outofstock","12":"purchasable","13":"product-type-simple"},"acf":[],"jetpack_publicize_connections":[],"jetpack_sharing_enabled":true,"jetpack-related-posts":[{"id":9518,"url":"https:\/\/pohjanmaantehtaanmyymala.fi\/sv\/tuote\/outfit-poss-saadettava-puutarhatuoli-musta\/","url_meta":{"origin":9510,"position":0},"title":"OUTFIT Lima s\u00e4\u00e4dett\u00e4v\u00e4 puutarhatuoli musta","author":"petri","date":"september 14, 2019","format":false,"excerpt":"Outfit Lima alumiinirunkoinen polyrottinkinen puutarhatuoli. Selk\u00e4noja s\u00e4\u00e4dett\u00e4v\u00e4 6-asentoon. Tuoli saa taitettua kokoon, mik\u00e4 helpottaa s\u00e4ilytt\u00e4mist\u00e4. Tuote j\u00e4\u00e4m\u00e4ss\u00e4 pois valikoimasta, kysy saatavuus myynnist\u00e4mme. Tuotetiedot: Koko: l 58 x s 66 x k 110cm istuinkorkeus: 44cm istuinsyvyys: 48cm istuinleveys: 45cm k\u00e4sinojan korkeus maasta: 65cm Rottinki: 2in1 Selk\u00e4nojan s\u00e4\u00e4t\u00f6 6 asentoon Toimitetaan 2\u2026","rel":"","context":"Liknande produkt","block_context":{"text":"Liknande produkt","link":""},"img":{"alt_text":"","src":"https:\/\/i0.wp.com\/pohjanmaantehtaanmyymala.fi\/wp-content\/uploads\/2019\/06\/629989-f.jpg?fit=960%2C960&ssl=1&resize=350%2C200","width":350,"height":200,"srcset":"https:\/\/i0.wp.com\/pohjanmaantehtaanmyymala.fi\/wp-content\/uploads\/2019\/06\/629989-f.jpg?fit=960%2C960&ssl=1&resize=350%2C200 1x, https:\/\/i0.wp.com\/pohjanmaantehtaanmyymala.fi\/wp-content\/uploads\/2019\/06\/629989-f.jpg?fit=960%2C960&ssl=1&resize=525%2C300 1.5x, https:\/\/i0.wp.com\/pohjanmaantehtaanmyymala.fi\/wp-content\/uploads\/2019\/06\/629989-f.jpg?fit=960%2C960&ssl=1&resize=700%2C400 2x"},"classes":[]},{"id":9498,"url":"https:\/\/pohjanmaantehtaanmyymala.fi\/sv\/tuote\/envy-camilla-puutarhatuoli\/","url_meta":{"origin":9510,"position":1},"title":"ENVY Camilla -puutarhatuoli","author":"petri","date":"september 14, 2019","format":false,"excerpt":"Kevyt ja helppohoitoinen Camilla-kuppituoli sis\u00e4- tai ulkok\u00e4ytt\u00f6\u00f6n. Tuolin istuin on muovia ja jalat maalattua ter\u00e4st\u00e4. Tuolista on kaksi v\u00e4ri\u00e4; Musta ja harmaa. Tuotetta on rajoitetusti myynniss\u00e4. Kysy saatavuus myynnist\u00e4mme.","rel":"","context":"Liknande produkt","block_context":{"text":"Liknande produkt","link":""},"img":{"alt_text":"","src":"https:\/\/i0.wp.com\/pohjanmaantehtaanmyymala.fi\/wp-content\/uploads\/2019\/06\/47881-s6.jpg?fit=960%2C960&ssl=1&resize=350%2C200","width":350,"height":200,"srcset":"https:\/\/i0.wp.com\/pohjanmaantehtaanmyymala.fi\/wp-content\/uploads\/2019\/06\/47881-s6.jpg?fit=960%2C960&ssl=1&resize=350%2C200 1x, https:\/\/i0.wp.com\/pohjanmaantehtaanmyymala.fi\/wp-content\/uploads\/2019\/06\/47881-s6.jpg?fit=960%2C960&ssl=1&resize=525%2C300 1.5x, https:\/\/i0.wp.com\/pohjanmaantehtaanmyymala.fi\/wp-content\/uploads\/2019\/06\/47881-s6.jpg?fit=960%2C960&ssl=1&resize=700%2C400 2x"},"classes":[]},{"id":29390,"url":"https:\/\/pohjanmaantehtaanmyymala.fi\/sv\/tuote\/ebba-vuodesohva-kankaalla\/","url_meta":{"origin":9510,"position":2},"title":"Ebba vuodesohva kankaalla","author":"Sami Viitala","date":"december 9, 2025","format":false,"excerpt":"Pienikokoinen vuodesohva hyv\u00e4ll\u00e4 vuodemekanismilla.","rel":"","context":"Liknande produkt","block_context":{"text":"Liknande produkt","link":""},"img":{"alt_text":"Ebba 2-istuttava vuodesohva harmaa kangasverhoilu.","src":"https:\/\/i0.wp.com\/pohjanmaantehtaanmyymala.fi\/wp-content\/uploads\/2025\/12\/Ebba_vuodesohva_2.jpg?fit=1200%2C1200&ssl=1&resize=350%2C200","width":350,"height":200,"srcset":"https:\/\/i0.wp.com\/pohjanmaantehtaanmyymala.fi\/wp-content\/uploads\/2025\/12\/Ebba_vuodesohva_2.jpg?fit=1200%2C1200&ssl=1&resize=350%2C200 1x, https:\/\/i0.wp.com\/pohjanmaantehtaanmyymala.fi\/wp-content\/uploads\/2025\/12\/Ebba_vuodesohva_2.jpg?fit=1200%2C1200&ssl=1&resize=525%2C300 1.5x, https:\/\/i0.wp.com\/pohjanmaantehtaanmyymala.fi\/wp-content\/uploads\/2025\/12\/Ebba_vuodesohva_2.jpg?fit=1200%2C1200&ssl=1&resize=700%2C400 2x, https:\/\/i0.wp.com\/pohjanmaantehtaanmyymala.fi\/wp-content\/uploads\/2025\/12\/Ebba_vuodesohva_2.jpg?fit=1200%2C1200&ssl=1&resize=1050%2C600 3x"},"classes":[]},{"id":10840,"url":"https:\/\/pohjanmaantehtaanmyymala.fi\/sv\/tuote\/unipuu-jatkopuu-jatkettavan-sangyn-patja-1403030x75x7-cm\/","url_meta":{"origin":9510,"position":3},"title":"UNIPUU \u2013 jatkettavan s\u00e4ngyn patja","author":"petri","date":"september 14, 2019","format":false,"excerpt":"Jatkopuu s\u00e4nkyyn sopiva jatkettava patja.","rel":"","context":"Liknande produkt","block_context":{"text":"Liknande produkt","link":""},"img":{"alt_text":"","src":"https:\/\/i0.wp.com\/pohjanmaantehtaanmyymala.fi\/wp-content\/uploads\/2019\/09\/jatkopuu_patja.jpg?fit=960%2C960&ssl=1&resize=350%2C200","width":350,"height":200,"srcset":"https:\/\/i0.wp.com\/pohjanmaantehtaanmyymala.fi\/wp-content\/uploads\/2019\/09\/jatkopuu_patja.jpg?fit=960%2C960&ssl=1&resize=350%2C200 1x, https:\/\/i0.wp.com\/pohjanmaantehtaanmyymala.fi\/wp-content\/uploads\/2019\/09\/jatkopuu_patja.jpg?fit=960%2C960&ssl=1&resize=525%2C300 1.5x, https:\/\/i0.wp.com\/pohjanmaantehtaanmyymala.fi\/wp-content\/uploads\/2019\/09\/jatkopuu_patja.jpg?fit=960%2C960&ssl=1&resize=700%2C400 2x"},"classes":[]},{"id":12658,"url":"https:\/\/pohjanmaantehtaanmyymala.fi\/sv\/tuote\/team-pro-20-tyotuoli\/","url_meta":{"origin":9510,"position":4},"title":"TEAM PRO 20 \u2013 ty\u00f6tuoli","author":"Sami Viitala","date":"september 10, 2020","format":false,"excerpt":"Pro 20 -ty\u00f6tuolimalli on suunniteltu toimistoty\u00f6h\u00f6n, jossa tarvitaan istuinmukavuutta koko pitk\u00e4n ty\u00f6p\u00e4iv\u00e4n ajan. Pro 20 -ty\u00f6tuoli on kompaktin kokoinen, jossa on kaikki ty\u00f6tuolille vaadittavat s\u00e4\u00e4t\u00f6mahdollisuudet. Ty\u00f6tuolia on saatavilla Harmaana, Mustana ja Vihre\u00e4n\u00e4. Takuu 5 vuotta. Ominaisuudet: Istuinkaltevuuden s\u00e4\u00e4t\u00f6 Selk\u00e4nojankaltevuuden s\u00e4\u00e4t\u00f6 Istujan painon mukaan s\u00e4\u00e4dett\u00e4v\u00e4 keinumekanismi Istuinsyyvyyden s\u00e4\u00e4t\u00f6 Korkeus- ja leveyssuunnassa\u2026","rel":"","context":"Liknande produkt","block_context":{"text":"Liknande produkt","link":""},"img":{"alt_text":"Team Pro 40 ty\u00f6tuoli musta","src":"https:\/\/i0.wp.com\/pohjanmaantehtaanmyymala.fi\/wp-content\/uploads\/2019\/09\/Pro20-tyotuoli-musta.jpg?fit=1200%2C1200&ssl=1&resize=350%2C200","width":350,"height":200,"srcset":"https:\/\/i0.wp.com\/pohjanmaantehtaanmyymala.fi\/wp-content\/uploads\/2019\/09\/Pro20-tyotuoli-musta.jpg?fit=1200%2C1200&ssl=1&resize=350%2C200 1x, https:\/\/i0.wp.com\/pohjanmaantehtaanmyymala.fi\/wp-content\/uploads\/2019\/09\/Pro20-tyotuoli-musta.jpg?fit=1200%2C1200&ssl=1&resize=525%2C300 1.5x, https:\/\/i0.wp.com\/pohjanmaantehtaanmyymala.fi\/wp-content\/uploads\/2019\/09\/Pro20-tyotuoli-musta.jpg?fit=1200%2C1200&ssl=1&resize=700%2C400 2x, https:\/\/i0.wp.com\/pohjanmaantehtaanmyymala.fi\/wp-content\/uploads\/2019\/09\/Pro20-tyotuoli-musta.jpg?fit=1200%2C1200&ssl=1&resize=1050%2C600 3x"},"classes":[]},{"id":24091,"url":"https:\/\/pohjanmaantehtaanmyymala.fi\/sv\/tuote\/aadda-24-7-tyotuoli-musta\/","url_meta":{"origin":9510,"position":5},"title":"Aada 24\/7 ty\u00f6tuoli musta","author":"Sami Viitala","date":"november 15, 2023","format":false,"excerpt":"\u200bTy\u00f6tuoli, joka on suunniteltu kovaan k\u00e4ytt\u00f6\u00f6n.","rel":"","context":"Liknande produkt","block_context":{"text":"Liknande produkt","link":""},"img":{"alt_text":"Aada 24\/7 ty\u00f6tuoli musta","src":"https:\/\/i0.wp.com\/pohjanmaantehtaanmyymala.fi\/wp-content\/uploads\/2023\/11\/Aada24_7_595_XXL_tyotuoli_2.jpg?fit=960%2C960&ssl=1&resize=350%2C200","width":350,"height":200,"srcset":"https:\/\/i0.wp.com\/pohjanmaantehtaanmyymala.fi\/wp-content\/uploads\/2023\/11\/Aada24_7_595_XXL_tyotuoli_2.jpg?fit=960%2C960&ssl=1&resize=350%2C200 1x, https:\/\/i0.wp.com\/pohjanmaantehtaanmyymala.fi\/wp-content\/uploads\/2023\/11\/Aada24_7_595_XXL_tyotuoli_2.jpg?fit=960%2C960&ssl=1&resize=525%2C300 1.5x, https:\/\/i0.wp.com\/pohjanmaantehtaanmyymala.fi\/wp-content\/uploads\/2023\/11\/Aada24_7_595_XXL_tyotuoli_2.jpg?fit=960%2C960&ssl=1&resize=700%2C400 2x"},"classes":[]}],"_links":{"self":[{"href":"https:\/\/pohjanmaantehtaanmyymala.fi\/sv\/wp-json\/wp\/v2\/product\/9510","targetHints":{"allow":["GET"]}}],"collection":[{"href":"https:\/\/pohjanmaantehtaanmyymala.fi\/sv\/wp-json\/wp\/v2\/product"}],"about":[{"href":"https:\/\/pohjanmaantehtaanmyymala.fi\/sv\/wp-json\/wp\/v2\/types\/product"}],"replies":[{"embeddable":true,"href":"https:\/\/pohjanmaantehtaanmyymala.fi\/sv\/wp-json\/wp\/v2\/comments?post=9510"}],"wp:featuredmedia":[{"embeddable":true,"href":"https:\/\/pohjanmaantehtaanmyymala.fi\/sv\/wp-json\/wp\/v2\/media\/9511"}],"wp:attachment":[{"href":"https:\/\/pohjanmaantehtaanmyymala.fi\/sv\/wp-json\/wp\/v2\/media?parent=9510"}],"wp:term":[{"taxonomy":"product_brand","embeddable":true,"href":"https:\/\/pohjanmaantehtaanmyymala.fi\/sv\/wp-json\/wp\/v2\/product_brand?post=9510"},{"taxonomy":"product_cat","embeddable":true,"href":"https:\/\/pohjanmaantehtaanmyymala.fi\/sv\/wp-json\/wp\/v2\/product_cat?post=9510"},{"taxonomy":"product_tag","embeddable":true,"href":"https:\/\/pohjanmaantehtaanmyymala.fi\/sv\/wp-json\/wp\/v2\/product_tag?post=9510"}],"curies":[{"name":"wp","href":"https:\/\/api.w.org\/{rel}","templated":true}]}}