{"id":9508,"date":"2019-09-14T09:40:41","date_gmt":"2019-09-14T07:40:41","guid":{"rendered":""},"modified":"2023-05-05T15:44:53","modified_gmt":"2023-05-05T13:44:53","slug":"envy-niels-sohvaryhma-poydalla-ja-2lla-tuolilla-musta-harmaa","status":"publish","type":"product","link":"https:\/\/pohjanmaantehtaanmyymala.fi\/sv\/tuote\/envy-niels-sohvaryhma-poydalla-ja-2lla-tuolilla-musta-harmaa\/","title":{"rendered":"ENVY Niels \u2013 sohvaryhm\u00e4 musta\/harmaa"},"content":{"rendered":"<p>Siro alumiinirunkoinen musta sohvaryhm\u00e4, jossa on harmaat pehmusteet ja sohvap\u00f6yd\u00e4ss\u00e4 lasikansi. Verhoilu on vett\u00e4hylkiv\u00e4 ja UV-suojattu.<\/p>\n<h3>Tuotetiedot:<\/h3>\n<p>Sohvan leveys 179,4 cm, syvyys 76,7 cm, korkeus 75,5 cm<br \/>\nSohvan istuinleveys 164 cm<br \/>\nTuolin leveys 69,4 cm, syvyys 76,7 cm, korkeus 75,5 cm<br \/>\nTuolin istuinleveys 54 cm<br \/>\nIstuinsyvyys 59 cm<br \/>\nIstuinkorkeus 37 cm<br \/>\nP\u00f6yd\u00e4n leveys 109 cm, syvyys 59 cm, korkeus 41,9 cm<br \/>\nMateriaali: Alumiini runko, polyester-kangas ja lasikansi.<br \/>\nIrrotettavat tyyny ja p\u00e4\u00e4lliset.<\/p>\n<p>Kantavuus 120 kg<\/p>\n<dl class=\"attribute-product\"><\/dl>\n<p>Tuote toimitetaan osina pahvilaatikossa.<\/p>\n","protected":false},"excerpt":{"rendered":"<p>Siro alumiinirunkoinen musta sohvaryhm\u00e4, jossa on harmaat pehmusteet ja sohvap\u00f6yd\u00e4ss\u00e4 lasikansi. Verhoilu on vett\u00e4hylkiv\u00e4 ja UV-suojattu. Tuotetiedot: Sohvan leveys 179,4 cm, syvyys 76,7 cm, korkeus 75,5 cm Sohvan istuinleveys 164 cm Tuolin leveys 69,4 cm, syvyys 76,7 cm, korkeus 75,5 cm Tuolin istuinleveys 54 cm Istuinsyvyys 59 cm Istuinkorkeus 37 cm P\u00f6yd\u00e4n leveys 109 cm, [&hellip;]<\/p>\n","protected":false},"featured_media":9509,"comment_status":"closed","ping_status":"closed","template":"","meta":{"_acf_changed":false,"jetpack_post_was_ever_published":false,"jetpack_publicize_message":"","jetpack_publicize_feature_enabled":true,"jetpack_social_post_already_shared":false,"jetpack_social_options":{"image_generator_settings":{"template":"highway","default_image_id":0,"font":"","enabled":false},"version":2}},"product_brand":[187],"product_cat":[200],"product_tag":[],"class_list":{"0":"post-9508","1":"product","2":"type-product","3":"status-publish","4":"has-post-thumbnail","6":"product_brand-schou","7":"product_cat-kesakalusteet","8":"product_shipping_class-161","10":"first","11":"instock","12":"sale","13":"purchasable","14":"product-type-simple"},"acf":[],"jetpack_publicize_connections":[],"jetpack_sharing_enabled":true,"jetpack-related-posts":[{"id":21723,"url":"https:\/\/pohjanmaantehtaanmyymala.fi\/sv\/tuote\/kuura-ruokaryhma-4-tuolilla-musta\/","url_meta":{"origin":9508,"position":0},"title":"Kuura ruokaryhm\u00e4 4 tuolilla musta","author":"Sami Viitala","date":"november 22, 2022","format":false,"excerpt":"Muutama ryhm\u00e4 j\u00e4ljell\u00e4! Siro Kuura- ruokailuryhm\u00e4 sis\u00e4lt\u00e4\u00e4 p\u00f6yd\u00e4n 120*75 cm ja 4 kpl tuolia. Kuura ruokailuryhm\u00e4 on valmistettu koivusta ja MDF-levyst\u00e4, joka on maalattu mustaksi. Tuolien istuin on pehmustettu ja verhoiltu harmaalla kankaalla. P\u00f6yd\u00e4n mitat:\u00a0 120x75 cm, korkeus 74 cm Tuolin mitat: korkeus 95 cm, leveys 43 cm, syvyys 49\u2026","rel":"","context":"Liknande produkt","block_context":{"text":"Liknande produkt","link":""},"img":{"alt_text":"Kuura ruokaryhm\u00e4 4-tuolilla musta, harmaat verhoillut istuimet","src":"https:\/\/i0.wp.com\/pohjanmaantehtaanmyymala.fi\/wp-content\/uploads\/2022\/11\/Kuura-ruokaryhma-4-tuolilla-musta.jpg?fit=960%2C960&ssl=1&resize=350%2C200","width":350,"height":200,"srcset":"https:\/\/i0.wp.com\/pohjanmaantehtaanmyymala.fi\/wp-content\/uploads\/2022\/11\/Kuura-ruokaryhma-4-tuolilla-musta.jpg?fit=960%2C960&ssl=1&resize=350%2C200 1x, https:\/\/i0.wp.com\/pohjanmaantehtaanmyymala.fi\/wp-content\/uploads\/2022\/11\/Kuura-ruokaryhma-4-tuolilla-musta.jpg?fit=960%2C960&ssl=1&resize=525%2C300 1.5x, https:\/\/i0.wp.com\/pohjanmaantehtaanmyymala.fi\/wp-content\/uploads\/2022\/11\/Kuura-ruokaryhma-4-tuolilla-musta.jpg?fit=960%2C960&ssl=1&resize=700%2C400 2x"},"classes":[]},{"id":22034,"url":"https:\/\/pohjanmaantehtaanmyymala.fi\/sv\/tuote\/kuura-ruokaryhma-2-tuolilla-musta\/","url_meta":{"origin":9508,"position":1},"title":"Huurre-Kuura ruokaryhm\u00e4 2-tuolilla musta","author":"Sami Viitala","date":"december 13, 2022","format":false,"excerpt":"Siro Kuura- ruokailuryhm\u00e4 sis\u00e4lt\u00e4\u00e4 k\u00e4tev\u00e4n pienen neli\u00f6p\u00f6yd\u00e4n 68*68 cm ja 2 kpl tuolia. Kuura ruokailuryhm\u00e4 on valmistettu koivusta ja MDF-levyst\u00e4, joka on maalattu mustaksi. Tuolien istuin on pehmustettu ja verhoiltu harmaalla kankaalla. P\u00f6yd\u00e4n mitat:\u00a0 68x68 cm, korkeus 74 cm Tuolin mitat: korkeus 95 cm, leveys 43 cm, syvyys 49 cm.\u2026","rel":"","context":"Liknande produkt","block_context":{"text":"Liknande produkt","link":""},"img":{"alt_text":"Kuura ruokaryhm\u00e4 2-tuolilla musta tuoleissa harmaat pehmusteet","src":"https:\/\/i0.wp.com\/pohjanmaantehtaanmyymala.fi\/wp-content\/uploads\/2022\/12\/Kuura-ruokaryhma-2-tuolilla-musta.jpg?fit=960%2C960&ssl=1&resize=350%2C200","width":350,"height":200,"srcset":"https:\/\/i0.wp.com\/pohjanmaantehtaanmyymala.fi\/wp-content\/uploads\/2022\/12\/Kuura-ruokaryhma-2-tuolilla-musta.jpg?fit=960%2C960&ssl=1&resize=350%2C200 1x, https:\/\/i0.wp.com\/pohjanmaantehtaanmyymala.fi\/wp-content\/uploads\/2022\/12\/Kuura-ruokaryhma-2-tuolilla-musta.jpg?fit=960%2C960&ssl=1&resize=525%2C300 1.5x, https:\/\/i0.wp.com\/pohjanmaantehtaanmyymala.fi\/wp-content\/uploads\/2022\/12\/Kuura-ruokaryhma-2-tuolilla-musta.jpg?fit=960%2C960&ssl=1&resize=700%2C400 2x"},"classes":[]},{"id":13450,"url":"https:\/\/pohjanmaantehtaanmyymala.fi\/sv\/tuote\/lilja-pinnatuoli-musta\/","url_meta":{"origin":9508,"position":2},"title":"Pohjanmaan LILJA -pinnatuoli musta","author":"Sami Viitala","date":"september 23, 2020","format":false,"excerpt":"Tyylik\u00e4s pinnatuoli monenlaiseen sisustukseen.","rel":"","context":"Liknande produkt","block_context":{"text":"Liknande produkt","link":""},"img":{"alt_text":"Lilja pinnatuoli musta","src":"https:\/\/i0.wp.com\/pohjanmaantehtaanmyymala.fi\/wp-content\/uploads\/2020\/09\/Pohjanmaan_Lilja_pinnatuoli_musta.jpg?fit=1200%2C1200&ssl=1&resize=350%2C200","width":350,"height":200,"srcset":"https:\/\/i0.wp.com\/pohjanmaantehtaanmyymala.fi\/wp-content\/uploads\/2020\/09\/Pohjanmaan_Lilja_pinnatuoli_musta.jpg?fit=1200%2C1200&ssl=1&resize=350%2C200 1x, https:\/\/i0.wp.com\/pohjanmaantehtaanmyymala.fi\/wp-content\/uploads\/2020\/09\/Pohjanmaan_Lilja_pinnatuoli_musta.jpg?fit=1200%2C1200&ssl=1&resize=525%2C300 1.5x, https:\/\/i0.wp.com\/pohjanmaantehtaanmyymala.fi\/wp-content\/uploads\/2020\/09\/Pohjanmaan_Lilja_pinnatuoli_musta.jpg?fit=1200%2C1200&ssl=1&resize=700%2C400 2x, https:\/\/i0.wp.com\/pohjanmaantehtaanmyymala.fi\/wp-content\/uploads\/2020\/09\/Pohjanmaan_Lilja_pinnatuoli_musta.jpg?fit=1200%2C1200&ssl=1&resize=1050%2C600 3x"},"classes":[]},{"id":20725,"url":"https:\/\/pohjanmaantehtaanmyymala.fi\/sv\/tuote\/pohjanmaan-lilja-pinnatuoli-musta-tammi-kopio\/","url_meta":{"origin":9508,"position":3},"title":"Pohjanmaan LILJA -pinnatuoli musta tammi","author":"Sami Viitala","date":"juli 5, 2022","format":false,"excerpt":"Tyylik\u00e4s Pohjanmaan Kalusteen pinnatuoli joka kodin sisustukseen.","rel":"","context":"Liknande produkt","block_context":{"text":"Liknande produkt","link":""},"img":{"alt_text":"Lilja pinna tuoli mustaksi maalattu tammi","src":"https:\/\/i0.wp.com\/pohjanmaantehtaanmyymala.fi\/wp-content\/uploads\/2022\/07\/Pohjanmaan_Lilja_pinnatuoli_mustatammi_2.jpg?fit=960%2C960&ssl=1&resize=350%2C200","width":350,"height":200,"srcset":"https:\/\/i0.wp.com\/pohjanmaantehtaanmyymala.fi\/wp-content\/uploads\/2022\/07\/Pohjanmaan_Lilja_pinnatuoli_mustatammi_2.jpg?fit=960%2C960&ssl=1&resize=350%2C200 1x, https:\/\/i0.wp.com\/pohjanmaantehtaanmyymala.fi\/wp-content\/uploads\/2022\/07\/Pohjanmaan_Lilja_pinnatuoli_mustatammi_2.jpg?fit=960%2C960&ssl=1&resize=525%2C300 1.5x, https:\/\/i0.wp.com\/pohjanmaantehtaanmyymala.fi\/wp-content\/uploads\/2022\/07\/Pohjanmaan_Lilja_pinnatuoli_mustatammi_2.jpg?fit=960%2C960&ssl=1&resize=700%2C400 2x"},"classes":[]},{"id":13597,"url":"https:\/\/pohjanmaantehtaanmyymala.fi\/sv\/tuote\/auburn-baarituoli\/","url_meta":{"origin":9508,"position":4},"title":"Auburn &#8211; Baarituoli","author":"Sami Viitala","date":"september 28, 2020","format":false,"excerpt":"Auburn- baarituoli on tyylik\u00e4s valinta kotisi saarekkeen istuinpaikaksi. Tuolin jalat ovat metallia ja istuimessa helppohoitoinen tekstiilinahka. Alpha- baarituolissa on mukava istua pidempi\u00e4kin aikoja. Auburn -baarituolia on saatavana mustana ja ruskeana. Tuolissa on aina musta metallijalka. Tuotetiedot: leveys: 45 cm Syvyys: 50 cm Korkes: 80 cm Istuinkorkeus 65 cm Istuinsyvyys 40\u2026","rel":"","context":"Liknande produkt","block_context":{"text":"Liknande produkt","link":""},"img":{"alt_text":"Auburn Alpha baarituolit Rowico","src":"https:\/\/i0.wp.com\/pohjanmaantehtaanmyymala.fi\/wp-content\/uploads\/2020\/09\/Alpha-baarituoli-117677-117679.jpg?fit=1200%2C1200&ssl=1&resize=350%2C200","width":350,"height":200,"srcset":"https:\/\/i0.wp.com\/pohjanmaantehtaanmyymala.fi\/wp-content\/uploads\/2020\/09\/Alpha-baarituoli-117677-117679.jpg?fit=1200%2C1200&ssl=1&resize=350%2C200 1x, https:\/\/i0.wp.com\/pohjanmaantehtaanmyymala.fi\/wp-content\/uploads\/2020\/09\/Alpha-baarituoli-117677-117679.jpg?fit=1200%2C1200&ssl=1&resize=525%2C300 1.5x, https:\/\/i0.wp.com\/pohjanmaantehtaanmyymala.fi\/wp-content\/uploads\/2020\/09\/Alpha-baarituoli-117677-117679.jpg?fit=1200%2C1200&ssl=1&resize=700%2C400 2x, https:\/\/i0.wp.com\/pohjanmaantehtaanmyymala.fi\/wp-content\/uploads\/2020\/09\/Alpha-baarituoli-117677-117679.jpg?fit=1200%2C1200&ssl=1&resize=1050%2C600 3x"},"classes":[]},{"id":15321,"url":"https:\/\/pohjanmaantehtaanmyymala.fi\/sv\/tuote\/pohjanmaan-lilja-pinnatuoli-valkoinen\/","url_meta":{"origin":9508,"position":5},"title":"Pohjanmaan LILJA -pinnatuoli valkoinen","author":"Sami Viitala","date":"november 16, 2020","format":false,"excerpt":"Tyylik\u00e4s pinnatuoli, joka sopii monenlaiseen sisustukseen.","rel":"","context":"Liknande produkt","block_context":{"text":"Liknande produkt","link":""},"img":{"alt_text":"Lilja pinnatuoli valkoinen","src":"https:\/\/i0.wp.com\/pohjanmaantehtaanmyymala.fi\/wp-content\/uploads\/2020\/11\/Pohjanmaan_Lilja_pinnatuoli_valkoinen.jpg?fit=1200%2C1200&ssl=1&resize=350%2C200","width":350,"height":200,"srcset":"https:\/\/i0.wp.com\/pohjanmaantehtaanmyymala.fi\/wp-content\/uploads\/2020\/11\/Pohjanmaan_Lilja_pinnatuoli_valkoinen.jpg?fit=1200%2C1200&ssl=1&resize=350%2C200 1x, https:\/\/i0.wp.com\/pohjanmaantehtaanmyymala.fi\/wp-content\/uploads\/2020\/11\/Pohjanmaan_Lilja_pinnatuoli_valkoinen.jpg?fit=1200%2C1200&ssl=1&resize=525%2C300 1.5x, https:\/\/i0.wp.com\/pohjanmaantehtaanmyymala.fi\/wp-content\/uploads\/2020\/11\/Pohjanmaan_Lilja_pinnatuoli_valkoinen.jpg?fit=1200%2C1200&ssl=1&resize=700%2C400 2x, https:\/\/i0.wp.com\/pohjanmaantehtaanmyymala.fi\/wp-content\/uploads\/2020\/11\/Pohjanmaan_Lilja_pinnatuoli_valkoinen.jpg?fit=1200%2C1200&ssl=1&resize=1050%2C600 3x"},"classes":[]}],"_links":{"self":[{"href":"https:\/\/pohjanmaantehtaanmyymala.fi\/sv\/wp-json\/wp\/v2\/product\/9508","targetHints":{"allow":["GET"]}}],"collection":[{"href":"https:\/\/pohjanmaantehtaanmyymala.fi\/sv\/wp-json\/wp\/v2\/product"}],"about":[{"href":"https:\/\/pohjanmaantehtaanmyymala.fi\/sv\/wp-json\/wp\/v2\/types\/product"}],"replies":[{"embeddable":true,"href":"https:\/\/pohjanmaantehtaanmyymala.fi\/sv\/wp-json\/wp\/v2\/comments?post=9508"}],"wp:featuredmedia":[{"embeddable":true,"href":"https:\/\/pohjanmaantehtaanmyymala.fi\/sv\/wp-json\/wp\/v2\/media\/9509"}],"wp:attachment":[{"href":"https:\/\/pohjanmaantehtaanmyymala.fi\/sv\/wp-json\/wp\/v2\/media?parent=9508"}],"wp:term":[{"taxonomy":"product_brand","embeddable":true,"href":"https:\/\/pohjanmaantehtaanmyymala.fi\/sv\/wp-json\/wp\/v2\/product_brand?post=9508"},{"taxonomy":"product_cat","embeddable":true,"href":"https:\/\/pohjanmaantehtaanmyymala.fi\/sv\/wp-json\/wp\/v2\/product_cat?post=9508"},{"taxonomy":"product_tag","embeddable":true,"href":"https:\/\/pohjanmaantehtaanmyymala.fi\/sv\/wp-json\/wp\/v2\/product_tag?post=9508"}],"curies":[{"name":"wp","href":"https:\/\/api.w.org\/{rel}","templated":true}]}}