{"id":9487,"date":"2019-09-14T09:40:29","date_gmt":"2019-09-14T07:40:29","guid":{"rendered":""},"modified":"2024-04-29T16:44:12","modified_gmt":"2024-04-29T14:44:12","slug":"outfit-anders-mekanismituoli-saadettavalla-selkanojalla","status":"publish","type":"product","link":"https:\/\/pohjanmaantehtaanmyymala.fi\/sv\/tuote\/outfit-anders-mekanismituoli-saadettavalla-selkanojalla\/","title":{"rendered":"Anders \u2013 mekanismituoli polyrottinki musta\/harmaa"},"content":{"rendered":"<p>Tyylik\u00e4s polyrottinkinen pehmustettu nojatuoli s\u00e4\u00e4dett\u00e4v\u00e4ll\u00e4 selk\u00e4nojalla. Anders lepotuolin sivussa olevalla kahvalla saa vapautettua mekanismin jonka avulla selk\u00e4noja kallistuu taakse ja tuolin edest\u00e4 nousee rahi jaloille. Tuolissa on metallirunko ja s\u00e4\u00e4nkest\u00e4v\u00e4 polyrottinkipunos sek\u00e4 polyesteri-kangaspehmusteet.<\/p>\n<p>Koko on 67x79x103 cm. V\u00e4ri: musta runko ja tummanharmaat pehmusteet.<\/p>\n<p>toimitetaan valmiiksi kasattuna!<\/p>\n","protected":false},"excerpt":{"rendered":"<p>Edullinen lepotuoli mekanismilla l\u00f6h\u00f6ilyyn.<\/p>\n","protected":false},"featured_media":20751,"comment_status":"closed","ping_status":"closed","template":"","meta":{"_acf_changed":false,"jetpack_post_was_ever_published":false,"jetpack_publicize_message":"","jetpack_publicize_feature_enabled":true,"jetpack_social_post_already_shared":false,"jetpack_social_options":{"image_generator_settings":{"template":"highway","default_image_id":0,"font":"","enabled":false},"version":2}},"product_brand":[187],"product_cat":[200],"product_tag":[],"class_list":{"0":"post-9487","1":"product","2":"type-product","3":"status-publish","4":"has-post-thumbnail","6":"product_brand-schou","7":"product_cat-kesakalusteet","8":"product_shipping_class-161","10":"first","11":"outofstock","12":"purchasable","13":"product-type-simple"},"acf":[],"jetpack_publicize_connections":[],"jetpack_sharing_enabled":true,"jetpack-related-posts":[{"id":17302,"url":"https:\/\/pohjanmaantehtaanmyymala.fi\/sv\/tuote\/anders-mekanismituoli-polyrottinki-luonnonvari\/","url_meta":{"origin":9487,"position":0},"title":"Anders \u2013 mekanismituoli polyrottinki luonnonv\u00e4ri","author":"Sami Viitala","date":"april 22, 2021","format":false,"excerpt":"Edullinen lepotuoli mekanismilla l\u00f6h\u00f6ilyyn.","rel":"","context":"Liknande produkt","block_context":{"text":"Liknande produkt","link":""},"img":{"alt_text":"Anders lepotuoli mekanismi tuoli luonnonv\u00e4ri beige","src":"https:\/\/i0.wp.com\/pohjanmaantehtaanmyymala.fi\/wp-content\/uploads\/2021\/04\/Anders-recliner-629025-edesta.jpg?fit=1200%2C1200&ssl=1&resize=350%2C200","width":350,"height":200,"srcset":"https:\/\/i0.wp.com\/pohjanmaantehtaanmyymala.fi\/wp-content\/uploads\/2021\/04\/Anders-recliner-629025-edesta.jpg?fit=1200%2C1200&ssl=1&resize=350%2C200 1x, https:\/\/i0.wp.com\/pohjanmaantehtaanmyymala.fi\/wp-content\/uploads\/2021\/04\/Anders-recliner-629025-edesta.jpg?fit=1200%2C1200&ssl=1&resize=525%2C300 1.5x, https:\/\/i0.wp.com\/pohjanmaantehtaanmyymala.fi\/wp-content\/uploads\/2021\/04\/Anders-recliner-629025-edesta.jpg?fit=1200%2C1200&ssl=1&resize=700%2C400 2x, https:\/\/i0.wp.com\/pohjanmaantehtaanmyymala.fi\/wp-content\/uploads\/2021\/04\/Anders-recliner-629025-edesta.jpg?fit=1200%2C1200&ssl=1&resize=1050%2C600 3x"},"classes":[]},{"id":24561,"url":"https:\/\/pohjanmaantehtaanmyymala.fi\/sv\/tuote\/vegas-recliner-lepotuoli\/","url_meta":{"origin":9487,"position":1},"title":"Vegas recliner-lepotuoli","author":"Sami Viitala","date":"december 13, 2023","format":false,"excerpt":"Edullinen kiinan recliner-tuoli. Kaksi eri v\u00e4ri\u00e4.","rel":"","context":"Liknande produkt","block_context":{"text":"Liknande produkt","link":""},"img":{"alt_text":"Tenstar Vegas recliner nojatuoli taupe olohuoneessa","src":"https:\/\/i0.wp.com\/pohjanmaantehtaanmyymala.fi\/wp-content\/uploads\/2023\/12\/Vegas_recliner_taupe_Tenstar.jpg?fit=960%2C960&ssl=1&resize=350%2C200","width":350,"height":200,"srcset":"https:\/\/i0.wp.com\/pohjanmaantehtaanmyymala.fi\/wp-content\/uploads\/2023\/12\/Vegas_recliner_taupe_Tenstar.jpg?fit=960%2C960&ssl=1&resize=350%2C200 1x, https:\/\/i0.wp.com\/pohjanmaantehtaanmyymala.fi\/wp-content\/uploads\/2023\/12\/Vegas_recliner_taupe_Tenstar.jpg?fit=960%2C960&ssl=1&resize=525%2C300 1.5x, https:\/\/i0.wp.com\/pohjanmaantehtaanmyymala.fi\/wp-content\/uploads\/2023\/12\/Vegas_recliner_taupe_Tenstar.jpg?fit=960%2C960&ssl=1&resize=700%2C400 2x"},"classes":[]},{"id":29255,"url":"https:\/\/pohjanmaantehtaanmyymala.fi\/sv\/tuote\/eemil-recliner-tuoli-musta-nahka\/","url_meta":{"origin":9487,"position":2},"title":"Eemil recliner-tuoli musta nahka","author":"Sami Viitala","date":"november 17, 2025","format":false,"excerpt":"Siro recliner-lepotuoli.","rel":"","context":"Liknande produkt","block_context":{"text":"Liknande produkt","link":""},"img":{"alt_text":"Emil recliner nojatuoli lepoasennossa musta soft antique -nahka.","src":"https:\/\/i0.wp.com\/pohjanmaantehtaanmyymala.fi\/wp-content\/uploads\/2025\/11\/Pohjanmaan_Eemil_recliner_musta_auki.jpg?fit=1000%2C1000&ssl=1&resize=350%2C200","width":350,"height":200,"srcset":"https:\/\/i0.wp.com\/pohjanmaantehtaanmyymala.fi\/wp-content\/uploads\/2025\/11\/Pohjanmaan_Eemil_recliner_musta_auki.jpg?fit=1000%2C1000&ssl=1&resize=350%2C200 1x, https:\/\/i0.wp.com\/pohjanmaantehtaanmyymala.fi\/wp-content\/uploads\/2025\/11\/Pohjanmaan_Eemil_recliner_musta_auki.jpg?fit=1000%2C1000&ssl=1&resize=525%2C300 1.5x, https:\/\/i0.wp.com\/pohjanmaantehtaanmyymala.fi\/wp-content\/uploads\/2025\/11\/Pohjanmaan_Eemil_recliner_musta_auki.jpg?fit=1000%2C1000&ssl=1&resize=700%2C400 2x"},"classes":[]},{"id":28712,"url":"https:\/\/pohjanmaantehtaanmyymala.fi\/sv\/tuote\/rubin-recliner-mekanismituoli\/","url_meta":{"origin":9487,"position":3},"title":"Rubin recliner mekanismituoli","author":"Sami Viitala","date":"september 22, 2025","format":false,"excerpt":"Rubin recliner lepotuoli. T\u00e4m\u00e4 tuoli on suunniteltu erityisesti sinulle, joka arvostat istuinmukavuutta, helppok\u00e4ytt\u00f6isyytt\u00e4 ja tyylikkyytt\u00e4. Tuolissa on selk\u00e4nojan kallistus toiminto sek\u00e4 integroitu jalkarahi. Mekanismin avaus on kahvak\u00e4ytt\u00f6inen. Tuoli on py\u00f6riv\u00e4 ja keinuva, joten voit liikkua tuolissa vapaasti ja nauttia keinunnan rauhoittavasta vaikutuksesta. Tuolia on saatavana harmaalla verhoilulla. Kysy tuolin saatavuuttaa\u2026","rel":"","context":"Liknande produkt","block_context":{"text":"Liknande produkt","link":""},"img":{"alt_text":"Rubin recliner nojatuoli harmaa rahi avattuna","src":"https:\/\/i0.wp.com\/pohjanmaantehtaanmyymala.fi\/wp-content\/uploads\/2025\/09\/Rubin_recliner_mekanismituoli_2.jpg?fit=1200%2C1200&ssl=1&resize=350%2C200","width":350,"height":200,"srcset":"https:\/\/i0.wp.com\/pohjanmaantehtaanmyymala.fi\/wp-content\/uploads\/2025\/09\/Rubin_recliner_mekanismituoli_2.jpg?fit=1200%2C1200&ssl=1&resize=350%2C200 1x, https:\/\/i0.wp.com\/pohjanmaantehtaanmyymala.fi\/wp-content\/uploads\/2025\/09\/Rubin_recliner_mekanismituoli_2.jpg?fit=1200%2C1200&ssl=1&resize=525%2C300 1.5x, https:\/\/i0.wp.com\/pohjanmaantehtaanmyymala.fi\/wp-content\/uploads\/2025\/09\/Rubin_recliner_mekanismituoli_2.jpg?fit=1200%2C1200&ssl=1&resize=700%2C400 2x, https:\/\/i0.wp.com\/pohjanmaantehtaanmyymala.fi\/wp-content\/uploads\/2025\/09\/Rubin_recliner_mekanismituoli_2.jpg?fit=1200%2C1200&ssl=1&resize=1050%2C600 3x"},"classes":[]},{"id":28721,"url":"https:\/\/pohjanmaantehtaanmyymala.fi\/sv\/tuote\/rubin-air-nostoavusteinen-mekanismituoli-hierojalla\/","url_meta":{"origin":9487,"position":4},"title":"Rubin Air nostoavusteinen mekanismituoli hierojalla","author":"Sami Viitala","date":"september 22, 2025","format":false,"excerpt":"Nostava recliner-tuoli hieronnalla ja l\u00e4mmityksell\u00e4.","rel":"","context":"Liknande produkt","block_context":{"text":"Liknande produkt","link":""},"img":{"alt_text":"Rubin air nostoavusteinen recliner nojatuoli, jossa on hieronta ja l\u00e4mmitys. Tuoli on beigen v\u00e4rinen.","src":"https:\/\/i0.wp.com\/pohjanmaantehtaanmyymala.fi\/wp-content\/uploads\/2025\/09\/Rubin_air_hieronta_Tenstar-1.jpg?fit=1000%2C1000&ssl=1&resize=350%2C200","width":350,"height":200,"srcset":"https:\/\/i0.wp.com\/pohjanmaantehtaanmyymala.fi\/wp-content\/uploads\/2025\/09\/Rubin_air_hieronta_Tenstar-1.jpg?fit=1000%2C1000&ssl=1&resize=350%2C200 1x, https:\/\/i0.wp.com\/pohjanmaantehtaanmyymala.fi\/wp-content\/uploads\/2025\/09\/Rubin_air_hieronta_Tenstar-1.jpg?fit=1000%2C1000&ssl=1&resize=525%2C300 1.5x, https:\/\/i0.wp.com\/pohjanmaantehtaanmyymala.fi\/wp-content\/uploads\/2025\/09\/Rubin_air_hieronta_Tenstar-1.jpg?fit=1000%2C1000&ssl=1&resize=700%2C400 2x"},"classes":[]},{"id":18455,"url":"https:\/\/pohjanmaantehtaanmyymala.fi\/sv\/tuote\/monza-reclinertuoli-nahkaa\/","url_meta":{"origin":9487,"position":5},"title":"MONZA &#8211; reclinertuoli nahkaa","author":"Sami Viitala","date":"oktober 26, 2021","format":false,"excerpt":"Perinteinen ja pehme\u00e4 mekanismituoli.","rel":"","context":"Liknande produkt","block_context":{"text":"Liknande produkt","link":""},"img":{"alt_text":"Monza reclinertuoli ruskea nahka","src":"https:\/\/i0.wp.com\/pohjanmaantehtaanmyymala.fi\/wp-content\/uploads\/2021\/10\/monza_recliner_tuoli_labrador05_metal.jpg?fit=960%2C960&ssl=1&resize=350%2C200","width":350,"height":200,"srcset":"https:\/\/i0.wp.com\/pohjanmaantehtaanmyymala.fi\/wp-content\/uploads\/2021\/10\/monza_recliner_tuoli_labrador05_metal.jpg?fit=960%2C960&ssl=1&resize=350%2C200 1x, https:\/\/i0.wp.com\/pohjanmaantehtaanmyymala.fi\/wp-content\/uploads\/2021\/10\/monza_recliner_tuoli_labrador05_metal.jpg?fit=960%2C960&ssl=1&resize=525%2C300 1.5x, https:\/\/i0.wp.com\/pohjanmaantehtaanmyymala.fi\/wp-content\/uploads\/2021\/10\/monza_recliner_tuoli_labrador05_metal.jpg?fit=960%2C960&ssl=1&resize=700%2C400 2x"},"classes":[]}],"_links":{"self":[{"href":"https:\/\/pohjanmaantehtaanmyymala.fi\/sv\/wp-json\/wp\/v2\/product\/9487","targetHints":{"allow":["GET"]}}],"collection":[{"href":"https:\/\/pohjanmaantehtaanmyymala.fi\/sv\/wp-json\/wp\/v2\/product"}],"about":[{"href":"https:\/\/pohjanmaantehtaanmyymala.fi\/sv\/wp-json\/wp\/v2\/types\/product"}],"replies":[{"embeddable":true,"href":"https:\/\/pohjanmaantehtaanmyymala.fi\/sv\/wp-json\/wp\/v2\/comments?post=9487"}],"wp:featuredmedia":[{"embeddable":true,"href":"https:\/\/pohjanmaantehtaanmyymala.fi\/sv\/wp-json\/wp\/v2\/media\/20751"}],"wp:attachment":[{"href":"https:\/\/pohjanmaantehtaanmyymala.fi\/sv\/wp-json\/wp\/v2\/media?parent=9487"}],"wp:term":[{"taxonomy":"product_brand","embeddable":true,"href":"https:\/\/pohjanmaantehtaanmyymala.fi\/sv\/wp-json\/wp\/v2\/product_brand?post=9487"},{"taxonomy":"product_cat","embeddable":true,"href":"https:\/\/pohjanmaantehtaanmyymala.fi\/sv\/wp-json\/wp\/v2\/product_cat?post=9487"},{"taxonomy":"product_tag","embeddable":true,"href":"https:\/\/pohjanmaantehtaanmyymala.fi\/sv\/wp-json\/wp\/v2\/product_tag?post=9487"}],"curies":[{"name":"wp","href":"https:\/\/api.w.org\/{rel}","templated":true}]}}