{"id":9448,"date":"2019-09-14T09:39:54","date_gmt":"2019-09-14T07:39:54","guid":{"rendered":""},"modified":"2024-09-25T16:49:01","modified_gmt":"2024-09-25T14:49:01","slug":"monika-vuodetuoli","status":"publish","type":"product","link":"https:\/\/pohjanmaantehtaanmyymala.fi\/sv\/tuote\/monika-vuodetuoli\/","title":{"rendered":"MONIKA NEST &#8211; vuodetuoli"},"content":{"rendered":"<p>Tyylik\u00e4s Monika-vuodetuoli!<br \/>\nPohjanmaan kalusteen valmistama tyylik\u00e4s Monika-vuodetuoli jossa hyv\u00e4n istuttavuuden lis\u00e4ksi mukava ja helppok\u00e4ytt\u00f6inen vierass\u00e4nky.<br \/>\nVuodekoko Monika- vuodetuolissa on 76*205 cm.<\/p>\n<p>Monikasta on my\u00f6s saatavana vuodesohvat. Kysy lis\u00e4\u00e4 <a href=\"https:\/\/pohjanmaantehtaanmyymala.fi\/yhteys\/\" target=\"_blank\" rel=\"noopener\">myynnist\u00e4mme.<\/a><\/p>\n<p>Tuotetiedot:<\/p>\n<p>Katso tuotekortti <a href=\"https:\/\/www.pohjanmaan.fi\/_files\/ugd\/2f25a6_b2c5b566a97f4a2987036434f7a58216.pdf\" target=\"_blank\" rel=\"noopener\">t\u00e4st\u00e4!<\/a><br \/>\nRunko: Massiivipuu vaneri ja kovalevy. (takuu 20-vuotta)<br \/>\nIstuinpehmusteet: no-zag jouset HR35140 vaahtomuovi.<br \/>\nSelk\u00e4pehmusteet: Vanutyyny.<br \/>\nJalat: Massiivipuu<br \/>\nKangas: Luna kangas.<br \/>\nSaatavana useilla kangas ja nahkalaaduilla.<\/p>\n<p>Toimitetaan jalat irrallaan.<\/p>\n","protected":false},"excerpt":{"rendered":"<p>Tyylik\u00e4s Monika-vuodetuoli! Pohjanmaan kalusteen valmistama tyylik\u00e4s Monika-vuodetuoli jossa hyv\u00e4n istuttavuuden lis\u00e4ksi mukava ja helppok\u00e4ytt\u00f6inen vierass\u00e4nky. Vuodekoko Monika- vuodetuolissa on 76*205 cm. Monikasta on my\u00f6s saatavana vuodesohvat. Kysy lis\u00e4\u00e4 myynnist\u00e4mme. Tuotetiedot: Katso tuotekortti t\u00e4st\u00e4! Runko: Massiivipuu vaneri ja kovalevy. (takuu 20-vuotta) Istuinpehmusteet: no-zag jouset HR35140 vaahtomuovi. Selk\u00e4pehmusteet: Vanutyyny. Jalat: Massiivipuu Kangas: Luna kangas. Saatavana useilla kangas [&hellip;]<\/p>\n","protected":false},"featured_media":9449,"comment_status":"closed","ping_status":"closed","template":"","meta":{"_acf_changed":false,"jetpack_post_was_ever_published":false,"jetpack_publicize_message":"","jetpack_publicize_feature_enabled":true,"jetpack_social_post_already_shared":false,"jetpack_social_options":{"image_generator_settings":{"template":"highway","default_image_id":0,"font":"","enabled":false},"version":2}},"product_brand":[270],"product_cat":[193],"product_tag":[218,238],"class_list":{"0":"post-9448","1":"product","2":"type-product","3":"status-publish","4":"has-post-thumbnail","6":"product_brand-pohjanmaan","7":"product_cat-vuodesohvat","8":"product_tag-pohjanmaan","9":"product_tag-vuodesohva","10":"product_shipping_class-161","12":"first","13":"instock","14":"sale","15":"purchasable","16":"product-type-simple"},"acf":[],"jetpack_publicize_connections":[],"jetpack_sharing_enabled":true,"jetpack-related-posts":[{"id":13487,"url":"https:\/\/pohjanmaantehtaanmyymala.fi\/sv\/tuote\/erika-vuodetuoli-luna-kankaalla\/","url_meta":{"origin":9448,"position":0},"title":"America Nest &#8211; vuodetuoli Luna-kankaalla","author":"Sami Viitala","date":"september 24, 2020","format":false,"excerpt":"Pohjanmaan Kalusteen valmistama tyylik\u00e4s vuodetuoli, jossa hyv\u00e4n istuttavuuden lis\u00e4ksi laadukas vuodemekanismi.","rel":"","context":"Liknande produkt","block_context":{"text":"Liknande produkt","link":""},"img":{"alt_text":"America Erika vuodetuoli Luna kankaalla","src":"https:\/\/i0.wp.com\/pohjanmaantehtaanmyymala.fi\/wp-content\/uploads\/2020\/09\/Erika_1kin_Luna29_2.jpg?fit=1200%2C1200&ssl=1&resize=350%2C200","width":350,"height":200,"srcset":"https:\/\/i0.wp.com\/pohjanmaantehtaanmyymala.fi\/wp-content\/uploads\/2020\/09\/Erika_1kin_Luna29_2.jpg?fit=1200%2C1200&ssl=1&resize=350%2C200 1x, https:\/\/i0.wp.com\/pohjanmaantehtaanmyymala.fi\/wp-content\/uploads\/2020\/09\/Erika_1kin_Luna29_2.jpg?fit=1200%2C1200&ssl=1&resize=525%2C300 1.5x, https:\/\/i0.wp.com\/pohjanmaantehtaanmyymala.fi\/wp-content\/uploads\/2020\/09\/Erika_1kin_Luna29_2.jpg?fit=1200%2C1200&ssl=1&resize=700%2C400 2x, https:\/\/i0.wp.com\/pohjanmaantehtaanmyymala.fi\/wp-content\/uploads\/2020\/09\/Erika_1kin_Luna29_2.jpg?fit=1200%2C1200&ssl=1&resize=1050%2C600 3x"},"classes":[]},{"id":9392,"url":"https:\/\/pohjanmaantehtaanmyymala.fi\/sv\/tuote\/bella-vuodetuoli-tec-kangas-musta\/","url_meta":{"origin":9448,"position":1},"title":"BELLA \u2013 vuodetuoli Barcelona-kankaalla","author":"petri","date":"september 14, 2019","format":false,"excerpt":"Tyylik\u00e4s ja kest\u00e4v\u00e4 vuodetuoli sopii vaikka hotellik\u00e4ytt\u00f6\u00f6n. Bella-vuodetuolissa on kest\u00e4v\u00e4 King-mekanismi. Bellan mekanismi avautuu k\u00e4tev\u00e4sti eteenp\u00e4in. Saatavilla useilla eri v\u00e4reill\u00e4. Kysyy asiakaspalvelustamme lis\u00e4\u00e4. Tuotetiedot: Mitat: leveys 97 cm, syvyys 85 cm, korkeus 88 cm. Vuodekoko 68x190cm Mekanismin runko on valmistettu metallista ja puusta pehmusteena laadukas vaahtomuovi. Tuoli on verhoiltu kest\u00e4v\u00e4ll\u00e4\u2026","rel":"","context":"Liknande produkt","block_context":{"text":"Liknande produkt","link":""},"img":{"alt_text":"","src":"https:\/\/i0.wp.com\/pohjanmaantehtaanmyymala.fi\/wp-content\/uploads\/2019\/09\/Bella-1-istuttava-musta-auki.jpg?fit=960%2C960&ssl=1&resize=350%2C200","width":350,"height":200,"srcset":"https:\/\/i0.wp.com\/pohjanmaantehtaanmyymala.fi\/wp-content\/uploads\/2019\/09\/Bella-1-istuttava-musta-auki.jpg?fit=960%2C960&ssl=1&resize=350%2C200 1x, https:\/\/i0.wp.com\/pohjanmaantehtaanmyymala.fi\/wp-content\/uploads\/2019\/09\/Bella-1-istuttava-musta-auki.jpg?fit=960%2C960&ssl=1&resize=525%2C300 1.5x, https:\/\/i0.wp.com\/pohjanmaantehtaanmyymala.fi\/wp-content\/uploads\/2019\/09\/Bella-1-istuttava-musta-auki.jpg?fit=960%2C960&ssl=1&resize=700%2C400 2x"},"classes":[]},{"id":25362,"url":"https:\/\/pohjanmaantehtaanmyymala.fi\/sv\/tuote\/leo-leksa-vuodetuoli-leo-kankaalla\/","url_meta":{"origin":9448,"position":2},"title":"Leo &#8221;Leksa&#8221;- vuodetuoli Leo-kankaalla","author":"Miro Nevala","date":"september 21, 2024","format":false,"excerpt":"Mukava nojatuoli, joka tarjoaa my\u00f6s erinomaisen nukkumiskokemuksen!","rel":"","context":"Liknande produkt","block_context":{"text":"Liknande produkt","link":""},"img":{"alt_text":"Leo vuodetuoli oranssi","src":"https:\/\/i0.wp.com\/pohjanmaantehtaanmyymala.fi\/wp-content\/uploads\/2024\/02\/Leo-vuodetuoli-960dpi.jpg?fit=960%2C960&ssl=1&resize=350%2C200","width":350,"height":200,"srcset":"https:\/\/i0.wp.com\/pohjanmaantehtaanmyymala.fi\/wp-content\/uploads\/2024\/02\/Leo-vuodetuoli-960dpi.jpg?fit=960%2C960&ssl=1&resize=350%2C200 1x, https:\/\/i0.wp.com\/pohjanmaantehtaanmyymala.fi\/wp-content\/uploads\/2024\/02\/Leo-vuodetuoli-960dpi.jpg?fit=960%2C960&ssl=1&resize=525%2C300 1.5x, https:\/\/i0.wp.com\/pohjanmaantehtaanmyymala.fi\/wp-content\/uploads\/2024\/02\/Leo-vuodetuoli-960dpi.jpg?fit=960%2C960&ssl=1&resize=700%2C400 2x"},"classes":[]},{"id":26461,"url":"https:\/\/pohjanmaantehtaanmyymala.fi\/sv\/tuote\/fantasy-vuodetuoli\/","url_meta":{"origin":9448,"position":3},"title":"Fantasy Level vuodetuoli","author":"Miro Nevala","date":"september 11, 2024","format":false,"excerpt":"N\u00e4ytt\u00e4v\u00e4 lepotuoli joka avautuu vuoteeksi silm\u00e4nr\u00e4p\u00e4yksess\u00e4!","rel":"","context":"Liknande produkt","block_context":{"text":"Liknande produkt","link":""},"img":{"alt_text":"Fantasy level vuodetuoli edest\u00e4","src":"https:\/\/i0.wp.com\/pohjanmaantehtaanmyymala.fi\/wp-content\/uploads\/2024\/03\/Fantasy-level-vuodetuoli-edesta%CC%88-eri-kangas.jpg?fit=960%2C960&ssl=1&resize=350%2C200","width":350,"height":200,"srcset":"https:\/\/i0.wp.com\/pohjanmaantehtaanmyymala.fi\/wp-content\/uploads\/2024\/03\/Fantasy-level-vuodetuoli-edesta%CC%88-eri-kangas.jpg?fit=960%2C960&ssl=1&resize=350%2C200 1x, https:\/\/i0.wp.com\/pohjanmaantehtaanmyymala.fi\/wp-content\/uploads\/2024\/03\/Fantasy-level-vuodetuoli-edesta%CC%88-eri-kangas.jpg?fit=960%2C960&ssl=1&resize=525%2C300 1.5x, https:\/\/i0.wp.com\/pohjanmaantehtaanmyymala.fi\/wp-content\/uploads\/2024\/03\/Fantasy-level-vuodetuoli-edesta%CC%88-eri-kangas.jpg?fit=960%2C960&ssl=1&resize=700%2C400 2x"},"classes":[]},{"id":26462,"url":"https:\/\/pohjanmaantehtaanmyymala.fi\/sv\/tuote\/america-nest-vuodesohva-3-istuttava\/","url_meta":{"origin":9448,"position":4},"title":"America Nest 215 cm vuodesohva 3-istuttava","author":"Miro Nevala","date":"september 25, 2024","format":false,"excerpt":"Skandinaavisuutta henkiv\u00e4 ja monimuotoisuudessaan ly\u00f6m\u00e4t\u00f6n vuodesohva.","rel":"","context":"Liknande produkt","block_context":{"text":"Liknande produkt","link":""},"img":{"alt_text":"America 3-ist. vuodesohva Luna lila kankaalla.","src":"https:\/\/i0.wp.com\/pohjanmaantehtaanmyymala.fi\/wp-content\/uploads\/2024\/09\/America_3Mnest193_Luna29-3.jpg?fit=960%2C960&ssl=1&resize=350%2C200","width":350,"height":200,"srcset":"https:\/\/i0.wp.com\/pohjanmaantehtaanmyymala.fi\/wp-content\/uploads\/2024\/09\/America_3Mnest193_Luna29-3.jpg?fit=960%2C960&ssl=1&resize=350%2C200 1x, https:\/\/i0.wp.com\/pohjanmaantehtaanmyymala.fi\/wp-content\/uploads\/2024\/09\/America_3Mnest193_Luna29-3.jpg?fit=960%2C960&ssl=1&resize=525%2C300 1.5x, https:\/\/i0.wp.com\/pohjanmaantehtaanmyymala.fi\/wp-content\/uploads\/2024\/09\/America_3Mnest193_Luna29-3.jpg?fit=960%2C960&ssl=1&resize=700%2C400 2x"},"classes":[]},{"id":20291,"url":"https:\/\/pohjanmaantehtaanmyymala.fi\/sv\/tuote\/liisa-vuodetuoli-tarjous\/","url_meta":{"origin":9448,"position":5},"title":"LIISA vuodetuoli","author":"Sami Viitala","date":"mars 29, 2022","format":false,"excerpt":"Edullinen vuodetuoli s\u00e4ilytyslaatikolla. V\u00e4rivaihtoehdot vaaleanharmaa ja tummanharmaa.","rel":"","context":"Liknande produkt","block_context":{"text":"Liknande produkt","link":""},"img":{"alt_text":"Liisa vuodetuoli harmaa","src":"https:\/\/i0.wp.com\/pohjanmaantehtaanmyymala.fi\/wp-content\/uploads\/2022\/03\/Liisa-vuodetuoli_harmaa_inari96.jpg?fit=960%2C960&ssl=1&resize=350%2C200","width":350,"height":200,"srcset":"https:\/\/i0.wp.com\/pohjanmaantehtaanmyymala.fi\/wp-content\/uploads\/2022\/03\/Liisa-vuodetuoli_harmaa_inari96.jpg?fit=960%2C960&ssl=1&resize=350%2C200 1x, https:\/\/i0.wp.com\/pohjanmaantehtaanmyymala.fi\/wp-content\/uploads\/2022\/03\/Liisa-vuodetuoli_harmaa_inari96.jpg?fit=960%2C960&ssl=1&resize=525%2C300 1.5x, https:\/\/i0.wp.com\/pohjanmaantehtaanmyymala.fi\/wp-content\/uploads\/2022\/03\/Liisa-vuodetuoli_harmaa_inari96.jpg?fit=960%2C960&ssl=1&resize=700%2C400 2x"},"classes":[]}],"_links":{"self":[{"href":"https:\/\/pohjanmaantehtaanmyymala.fi\/sv\/wp-json\/wp\/v2\/product\/9448","targetHints":{"allow":["GET"]}}],"collection":[{"href":"https:\/\/pohjanmaantehtaanmyymala.fi\/sv\/wp-json\/wp\/v2\/product"}],"about":[{"href":"https:\/\/pohjanmaantehtaanmyymala.fi\/sv\/wp-json\/wp\/v2\/types\/product"}],"replies":[{"embeddable":true,"href":"https:\/\/pohjanmaantehtaanmyymala.fi\/sv\/wp-json\/wp\/v2\/comments?post=9448"}],"wp:featuredmedia":[{"embeddable":true,"href":"https:\/\/pohjanmaantehtaanmyymala.fi\/sv\/wp-json\/wp\/v2\/media\/9449"}],"wp:attachment":[{"href":"https:\/\/pohjanmaantehtaanmyymala.fi\/sv\/wp-json\/wp\/v2\/media?parent=9448"}],"wp:term":[{"taxonomy":"product_brand","embeddable":true,"href":"https:\/\/pohjanmaantehtaanmyymala.fi\/sv\/wp-json\/wp\/v2\/product_brand?post=9448"},{"taxonomy":"product_cat","embeddable":true,"href":"https:\/\/pohjanmaantehtaanmyymala.fi\/sv\/wp-json\/wp\/v2\/product_cat?post=9448"},{"taxonomy":"product_tag","embeddable":true,"href":"https:\/\/pohjanmaantehtaanmyymala.fi\/sv\/wp-json\/wp\/v2\/product_tag?post=9448"}],"curies":[{"name":"wp","href":"https:\/\/api.w.org\/{rel}","templated":true}]}}