{"id":9394,"date":"2019-09-14T09:35:37","date_gmt":"2019-09-14T07:35:37","guid":{"rendered":""},"modified":"2023-01-03T15:33:29","modified_gmt":"2023-01-03T13:33:29","slug":"hotkiss-sakkituoli-l-malli","status":"publish","type":"product","link":"https:\/\/pohjanmaantehtaanmyymala.fi\/sv\/tuote\/hotkiss-sakkituoli-l-malli\/","title":{"rendered":"HOTKISS Lili s\u00e4kkituoli L-malli"},"content":{"rendered":"<p>Todella mukava L-mallinen Hotkiss Lili-s\u00e4kkituoli, miss\u00e4 on mukava istua. Tuolissa on k\u00e4tev\u00e4 s\u00e4ilytystasku pikkutavaroille kuten juomapullolle, k\u00e4nnyk\u00e4lle jne. Tuoli soveltuu my\u00f6s julkisiintiloihin kuten p\u00e4iv\u00e4koteihin. Tuoli on my\u00f6s s\u00e4\u00e4nkest\u00e4v\u00e4, sit\u00e4 voi k\u00e4ytt\u00e4\u00e4 katetuilla mm. terasseilla.<\/p>\n<p>S\u00e4kkituoli pintamateriaali kest\u00e4v\u00e4\u00e4 ja helppohoitoista polyesteri\u00e4 sis\u00e4ll\u00e4 eps-rouhetta.<\/p>\n<p>Saatavilla useilla 12 eri v\u00e4rill\u00e4, mm.: Harmaa, Keltainen, Lime, Musta, Punainen,, Sininen, Oranssi, Valkoinen jne.<\/p>\n<h3>Tuotetiedot:<\/h3>\n<p>-kangas erikoisvahvaa 100 % polyesterkangasta, jonka sis\u00e4puolella PVC-pinnoite<br \/>\n-hengitt\u00e4v\u00e4\u00e4, likaa ja kosteutta hylkiv\u00e4\u00e4 materiaalia<br \/>\n-t\u00e4yte EPS-raetta<br \/>\n-s\u00e4kkituolien ja EPS -sis\u00e4rakeen materiaalit eiv\u00e4t sis\u00e4ll\u00e4 myrkyllisi\u00e4 kemikaaleja, eik\u00e4 palonestoaineita<br \/>\n-tuoli toimitetaan valmiiksi t\u00e4ytettyn\u00e4<br \/>\n-uudelleen t\u00e4ytett\u00e4v\u00e4<br \/>\n-tuolissa on suojattu t\u00e4ytt\u00f6aukko<br \/>\n-soveltuu sis\u00e4k\u00e4ytt\u00f6\u00f6n ja kevyeen ulkok\u00e4ytt\u00f6\u00f6n esim. lasitetulla parvekkeella\/terassilla<br \/>\n-kangas saattaa haalistua suorassa auringon paisteessa<br \/>\n-tuoli on kokonaan kierr\u00e4tett\u00e4viss\u00e4<br \/>\n-jokainen tuoli valmistetaan tilauksesta paikallisesti Sastamalassa Suomessa.<\/p>\n<p>&nbsp;<\/p>\n","protected":false},"excerpt":{"rendered":"<p>Tuolimallinen laadukas s\u00e4kkituoli, valmistettu Suomessa.<\/p>\n","protected":false},"featured_media":10466,"comment_status":"closed","ping_status":"closed","template":"","meta":{"_acf_changed":false,"jetpack_post_was_ever_published":false,"jetpack_publicize_message":"","jetpack_publicize_feature_enabled":true,"jetpack_social_post_already_shared":false,"jetpack_social_options":{"image_generator_settings":{"template":"highway","default_image_id":0,"font":"","enabled":false},"version":2}},"product_brand":[186],"product_cat":[195],"product_tag":[],"class_list":{"0":"post-9394","1":"product","2":"type-product","3":"status-publish","4":"has-post-thumbnail","6":"product_brand-omset","7":"product_cat-lepotuolit-ja-rahit","8":"product_shipping_class-161","10":"first","11":"instock","12":"sale","13":"purchasable","14":"product-type-simple"},"acf":[],"jetpack_publicize_connections":[],"jetpack_sharing_enabled":true,"jetpack-related-posts":[{"id":16016,"url":"https:\/\/pohjanmaantehtaanmyymala.fi\/sv\/tuote\/hotkiss-sakkituoli-250-l\/","url_meta":{"origin":9394,"position":0},"title":"HOTKISS Mona s\u00e4kkituoli 250 l kangas","author":"Sami Viitala","date":"november 27, 2020","format":false,"excerpt":"Kotimainen mukava Hotkiss Mona -s\u00e4kkituoli, jonka voi muokata mieleiseen istuma-asentoon. S\u00e4kkituoli on helppo pit\u00e4\u00e4 puhtaana ja se on tehty kest\u00e4m\u00e4\u00e4n ahkeraa k\u00e4ytt\u00f6\u00e4. Hotkiss s\u00e4kkituoli on my\u00f6s raikas sisuselementti. Hotkiss S\u00e4kkituoli sopii niin sis\u00e4lle kuin pihalle. S\u00e4kkituolin pintamateriaali kest\u00e4v\u00e4\u00e4 ja helppohoitoista polyesteri-kangasta. S\u00e4kkituolin sis\u00e4ll\u00e4 on turvapussissa eps-styroksirouhetta. S\u00e4kkituoli ei kahise. Saatavilla\u2026","rel":"","context":"Liknande produkt","block_context":{"text":"Liknande produkt","link":""},"img":{"alt_text":"Hotkiss s\u00e4kkituolit polyesteri kankaalla","src":"https:\/\/i0.wp.com\/pohjanmaantehtaanmyymala.fi\/wp-content\/uploads\/2020\/11\/Hotkiss-Sakkituoli-250l-keltainen-sininen-malli.jpg?fit=960%2C960&ssl=1&resize=350%2C200","width":350,"height":200,"srcset":"https:\/\/i0.wp.com\/pohjanmaantehtaanmyymala.fi\/wp-content\/uploads\/2020\/11\/Hotkiss-Sakkituoli-250l-keltainen-sininen-malli.jpg?fit=960%2C960&ssl=1&resize=350%2C200 1x, https:\/\/i0.wp.com\/pohjanmaantehtaanmyymala.fi\/wp-content\/uploads\/2020\/11\/Hotkiss-Sakkituoli-250l-keltainen-sininen-malli.jpg?fit=960%2C960&ssl=1&resize=525%2C300 1.5x, https:\/\/i0.wp.com\/pohjanmaantehtaanmyymala.fi\/wp-content\/uploads\/2020\/11\/Hotkiss-Sakkituoli-250l-keltainen-sininen-malli.jpg?fit=960%2C960&ssl=1&resize=700%2C400 2x"},"classes":[]},{"id":9393,"url":"https:\/\/pohjanmaantehtaanmyymala.fi\/sv\/tuote\/hotkiss-sakkituoli-250l\/","url_meta":{"origin":9394,"position":1},"title":"HOTKISS Mona s\u00e4kkituoli 250 l keinonahka","author":"petri","date":"september 14, 2019","format":false,"excerpt":"Suomessa valmistettu s\u00e4kkituolien klassikkomalli.","rel":"","context":"Liknande produkt","block_context":{"text":"Liknande produkt","link":""},"img":{"alt_text":"S\u00e4kkiuoli Hotkiss keinonahka","src":"https:\/\/i0.wp.com\/pohjanmaantehtaanmyymala.fi\/wp-content\/uploads\/2019\/09\/sakkituoli_250l.jpg?fit=862%2C965&ssl=1&resize=350%2C200","width":350,"height":200,"srcset":"https:\/\/i0.wp.com\/pohjanmaantehtaanmyymala.fi\/wp-content\/uploads\/2019\/09\/sakkituoli_250l.jpg?fit=862%2C965&ssl=1&resize=350%2C200 1x, https:\/\/i0.wp.com\/pohjanmaantehtaanmyymala.fi\/wp-content\/uploads\/2019\/09\/sakkituoli_250l.jpg?fit=862%2C965&ssl=1&resize=525%2C300 1.5x, https:\/\/i0.wp.com\/pohjanmaantehtaanmyymala.fi\/wp-content\/uploads\/2019\/09\/sakkituoli_250l.jpg?fit=862%2C965&ssl=1&resize=700%2C400 2x"},"classes":[]},{"id":26829,"url":"https:\/\/pohjanmaantehtaanmyymala.fi\/sv\/tuote\/eemil-recliner-tuoli-kangas\/","url_meta":{"origin":9394,"position":2},"title":"Eemil recliner-tuoli kangas","author":"Sami Viitala","date":"april 20, 2024","format":false,"excerpt":"Edullinen lepotuoli recliner-mekanismilla, valitse v\u00e4ri!","rel":"","context":"Liknande produkt","block_context":{"text":"Liknande produkt","link":""},"img":{"alt_text":"Pohjanmaan Eemil -recliner-nojatuoli Oasis vihre\u00e4","src":"https:\/\/i0.wp.com\/pohjanmaantehtaanmyymala.fi\/wp-content\/uploads\/2024\/04\/Pohjanmaan_Eemil_mekanismituoli_vihrea.jpg?fit=960%2C960&ssl=1&resize=350%2C200","width":350,"height":200,"srcset":"https:\/\/i0.wp.com\/pohjanmaantehtaanmyymala.fi\/wp-content\/uploads\/2024\/04\/Pohjanmaan_Eemil_mekanismituoli_vihrea.jpg?fit=960%2C960&ssl=1&resize=350%2C200 1x, https:\/\/i0.wp.com\/pohjanmaantehtaanmyymala.fi\/wp-content\/uploads\/2024\/04\/Pohjanmaan_Eemil_mekanismituoli_vihrea.jpg?fit=960%2C960&ssl=1&resize=525%2C300 1.5x, https:\/\/i0.wp.com\/pohjanmaantehtaanmyymala.fi\/wp-content\/uploads\/2024\/04\/Pohjanmaan_Eemil_mekanismituoli_vihrea.jpg?fit=960%2C960&ssl=1&resize=700%2C400 2x"},"classes":[]},{"id":9469,"url":"https:\/\/pohjanmaantehtaanmyymala.fi\/sv\/tuote\/sheraton-recliner\/","url_meta":{"origin":9394,"position":3},"title":"SHERATON &#8211; recliner nahkaverhoilulla","author":"petri","date":"september 14, 2019","format":false,"excerpt":"Pohjanmaan kalusteen valmistama Sheraton-reclinertuoli on todella mukavan pehme\u00e4 tuoli. Tuolin kahvaa k\u00e4\u00e4nt\u00e4m\u00e4ll\u00e4 nousee jalkarahi yl\u00f6s jolloin my\u00f6s selk\u00e4nojan kaltevuuden s\u00e4\u00e4t\u00f6 on mahdollista. Mekanismituolissa on py\u00f6riv\u00e4 jalusta vakiovarusteena. Rahin ollessa alhaalla tuoli my\u00f6s keinuu. Tuolin runko on valmistettu koivuvanerista ja havupuusta pehmusteena laadukas vaahtomuovi ja vanu. Valmistajan takuu mekanismille on 2-vuotta.\u2026","rel":"","context":"Liknande produkt","block_context":{"text":"Liknande produkt","link":""},"img":{"alt_text":"","src":"https:\/\/i0.wp.com\/pohjanmaantehtaanmyymala.fi\/wp-content\/uploads\/2019\/06\/sheraton-recl-nk1100-web.jpg?fit=960%2C960&ssl=1&resize=350%2C200","width":350,"height":200,"srcset":"https:\/\/i0.wp.com\/pohjanmaantehtaanmyymala.fi\/wp-content\/uploads\/2019\/06\/sheraton-recl-nk1100-web.jpg?fit=960%2C960&ssl=1&resize=350%2C200 1x, https:\/\/i0.wp.com\/pohjanmaantehtaanmyymala.fi\/wp-content\/uploads\/2019\/06\/sheraton-recl-nk1100-web.jpg?fit=960%2C960&ssl=1&resize=525%2C300 1.5x, https:\/\/i0.wp.com\/pohjanmaantehtaanmyymala.fi\/wp-content\/uploads\/2019\/06\/sheraton-recl-nk1100-web.jpg?fit=960%2C960&ssl=1&resize=700%2C400 2x"},"classes":[]},{"id":16970,"url":"https:\/\/pohjanmaantehtaanmyymala.fi\/sv\/tuote\/ecofurn-ekotuolin-niskatyyny\/","url_meta":{"origin":9394,"position":4},"title":"Ecofurn Ekotuolin niskatyyny","author":"Sami Viitala","date":"april 9, 2021","format":false,"excerpt":"Niskatyyny EcoFurn -logolla tai ilman. Valitse malli!","rel":"","context":"Liknande produkt","block_context":{"text":"Liknande produkt","link":""},"img":{"alt_text":"EcoFurn ekotuoli niskatyyny logolla","src":"https:\/\/i0.wp.com\/pohjanmaantehtaanmyymala.fi\/wp-content\/uploads\/2021\/04\/90399-EcoFurn-logo-cushion.jpg?fit=1200%2C1200&ssl=1&resize=350%2C200","width":350,"height":200,"srcset":"https:\/\/i0.wp.com\/pohjanmaantehtaanmyymala.fi\/wp-content\/uploads\/2021\/04\/90399-EcoFurn-logo-cushion.jpg?fit=1200%2C1200&ssl=1&resize=350%2C200 1x, https:\/\/i0.wp.com\/pohjanmaantehtaanmyymala.fi\/wp-content\/uploads\/2021\/04\/90399-EcoFurn-logo-cushion.jpg?fit=1200%2C1200&ssl=1&resize=525%2C300 1.5x, https:\/\/i0.wp.com\/pohjanmaantehtaanmyymala.fi\/wp-content\/uploads\/2021\/04\/90399-EcoFurn-logo-cushion.jpg?fit=1200%2C1200&ssl=1&resize=700%2C400 2x, https:\/\/i0.wp.com\/pohjanmaantehtaanmyymala.fi\/wp-content\/uploads\/2021\/04\/90399-EcoFurn-logo-cushion.jpg?fit=1200%2C1200&ssl=1&resize=1050%2C600 3x"},"classes":[]},{"id":20561,"url":"https:\/\/pohjanmaantehtaanmyymala.fi\/sv\/tuote\/leon-nojatuoli-jalkarahilla-harmaa\/","url_meta":{"origin":9394,"position":5},"title":"Leon nojatuoli Jalkarahilla harmaa","author":"Sami Viitala","date":"maj 3, 2022","format":false,"excerpt":"N\u00e4ytt\u00e4v\u00e4 polyrottinkinen nojatuoli rahilla","rel":"","context":"Liknande produkt","block_context":{"text":"Liknande produkt","link":""},"img":{"alt_text":"House Nordic Leon nojatuoli ja rahi harmaa polyrottinki","src":"https:\/\/i0.wp.com\/pohjanmaantehtaanmyymala.fi\/wp-content\/uploads\/2022\/05\/Leon-tuoli-ja-rahi-polyrottinki.jpg?fit=960%2C960&ssl=1&resize=350%2C200","width":350,"height":200,"srcset":"https:\/\/i0.wp.com\/pohjanmaantehtaanmyymala.fi\/wp-content\/uploads\/2022\/05\/Leon-tuoli-ja-rahi-polyrottinki.jpg?fit=960%2C960&ssl=1&resize=350%2C200 1x, https:\/\/i0.wp.com\/pohjanmaantehtaanmyymala.fi\/wp-content\/uploads\/2022\/05\/Leon-tuoli-ja-rahi-polyrottinki.jpg?fit=960%2C960&ssl=1&resize=525%2C300 1.5x, https:\/\/i0.wp.com\/pohjanmaantehtaanmyymala.fi\/wp-content\/uploads\/2022\/05\/Leon-tuoli-ja-rahi-polyrottinki.jpg?fit=960%2C960&ssl=1&resize=700%2C400 2x"},"classes":[]}],"_links":{"self":[{"href":"https:\/\/pohjanmaantehtaanmyymala.fi\/sv\/wp-json\/wp\/v2\/product\/9394","targetHints":{"allow":["GET"]}}],"collection":[{"href":"https:\/\/pohjanmaantehtaanmyymala.fi\/sv\/wp-json\/wp\/v2\/product"}],"about":[{"href":"https:\/\/pohjanmaantehtaanmyymala.fi\/sv\/wp-json\/wp\/v2\/types\/product"}],"replies":[{"embeddable":true,"href":"https:\/\/pohjanmaantehtaanmyymala.fi\/sv\/wp-json\/wp\/v2\/comments?post=9394"}],"wp:featuredmedia":[{"embeddable":true,"href":"https:\/\/pohjanmaantehtaanmyymala.fi\/sv\/wp-json\/wp\/v2\/media\/10466"}],"wp:attachment":[{"href":"https:\/\/pohjanmaantehtaanmyymala.fi\/sv\/wp-json\/wp\/v2\/media?parent=9394"}],"wp:term":[{"taxonomy":"product_brand","embeddable":true,"href":"https:\/\/pohjanmaantehtaanmyymala.fi\/sv\/wp-json\/wp\/v2\/product_brand?post=9394"},{"taxonomy":"product_cat","embeddable":true,"href":"https:\/\/pohjanmaantehtaanmyymala.fi\/sv\/wp-json\/wp\/v2\/product_cat?post=9394"},{"taxonomy":"product_tag","embeddable":true,"href":"https:\/\/pohjanmaantehtaanmyymala.fi\/sv\/wp-json\/wp\/v2\/product_tag?post=9394"}],"curies":[{"name":"wp","href":"https:\/\/api.w.org\/{rel}","templated":true}]}}