{"id":9393,"date":"2019-09-14T09:35:14","date_gmt":"2019-09-14T07:35:14","guid":{"rendered":"https:\/\/pohjanmaantehtaanmyymala.fi\/tuote\/hotkiss-sakkituoli-250l\/"},"modified":"2024-11-28T12:55:05","modified_gmt":"2024-11-28T10:55:05","slug":"hotkiss-sakkituoli-250l","status":"publish","type":"product","link":"https:\/\/pohjanmaantehtaanmyymala.fi\/sv\/tuote\/hotkiss-sakkituoli-250l\/","title":{"rendered":"HOTKISS Mona s\u00e4kkituoli 250 l keinonahka"},"content":{"rendered":"<p>Kotimainen todella mukava perinteinen keinonahka s\u00e4kkituoli, jonka voi muokata mieleiseen istuma-asentoon. S\u00e4kkituoli on helppo pit\u00e4\u00e4 puhtaana ja se on tehty kest\u00e4m\u00e4\u00e4n ahkeraa k\u00e4ytt\u00f6\u00e4. Hotkiss s\u00e4kkituoli on my\u00f6s raikas sisuselementti.<br \/>\nS\u00e4kkituolin pintamateriaali kest\u00e4v\u00e4\u00e4 ja helppohoitoista PU-keinonahkaa. S\u00e4kkituolin sis\u00e4ll\u00e4 on turvapussissa eps-styroksirouhetta.<\/p>\n<p>Saatavilla useilla eri v\u00e4reill\u00e4: mm. Valkoinen, Harmaa, Ruskea, Tummanruskea, Konjakinruskea, Musta, Sininen, Oranssi, Fuksia, Lime, Punainen, Pinkki (loppu) ja Keltainen.<\/p>\n<h3>Tuotetiedot:<\/h3>\n<p>-pintamateriaalina helppohoitoinen keinonahka<br \/>\n-t\u00e4yte EPS-raetta<br \/>\n-s\u00e4kkituolien ja EPS -sis\u00e4rakeen materiaalit eiv\u00e4t sis\u00e4ll\u00e4 myrkyllisi\u00e4 kemikaaleja, eik\u00e4 palonestoaineita<br \/>\n-tuoli toimitetaan valmiiksi t\u00e4ytettyn\u00e4<br \/>\n-uudelleen t\u00e4ytett\u00e4v\u00e4<br \/>\n-tuolissa on suojattu t\u00e4ytt\u00f6aukko<br \/>\n-soveltuu sis\u00e4k\u00e4ytt\u00f6\u00f6n<br \/>\n-keinonahka ei kest\u00e4 ulkok\u00e4ytt\u00f6\u00e4, vaan sen pinta saattaa alkaa hilseill\u00e4 suoran auringonvalon ja l\u00e4mp\u00f6tilan vaihteluiden vaikutuksesta<br \/>\n-tuoli on kokonaan kierr\u00e4tett\u00e4viss\u00e4<br \/>\n-jokainen tuoli valmistetaan tilauksesta paikallisesti Sastamalassa Suomessa.<\/p>\n<p>Kysy saatavuutta <a href=\"https:\/\/pohjanmaantehtaanmyymala.fi\/yhteys\/\">myynnist\u00e4mme!<\/a><\/p>\n","protected":false},"excerpt":{"rendered":"<p>Suomessa valmistettu s\u00e4kkituolien klassikkomalli.<\/p>\n","protected":false},"featured_media":16010,"comment_status":"closed","ping_status":"closed","template":"","meta":{"_acf_changed":false,"jetpack_post_was_ever_published":false,"jetpack_publicize_message":"","jetpack_publicize_feature_enabled":true,"jetpack_social_post_already_shared":false,"jetpack_social_options":{"image_generator_settings":{"template":"highway","default_image_id":0,"font":"","enabled":false},"version":2}},"product_brand":[186],"product_cat":[195],"product_tag":[],"class_list":{"0":"post-9393","1":"product","2":"type-product","3":"status-publish","4":"has-post-thumbnail","6":"product_brand-omset","7":"product_cat-lepotuolit-ja-rahit","8":"product_shipping_class-161","10":"first","11":"instock","12":"sale","13":"purchasable","14":"product-type-simple"},"acf":[],"jetpack_publicize_connections":[],"jetpack_sharing_enabled":true,"jetpack-related-posts":[{"id":22683,"url":"https:\/\/pohjanmaantehtaanmyymala.fi\/sv\/tuote\/saddle-1-satulatuoli-musta-keinonahka\/","url_meta":{"origin":9393,"position":0},"title":"Saddle 1 satulatuoli musta keinonahka","author":"Sami Viitala","date":"mars 6, 2023","format":false,"excerpt":"Edullinen korkeuss\u00e4\u00e4dett\u00e4v\u00e4 Saddle 1-satulatuoli. Satulatuolissa henkil\u00f6 istuu automaattisesti oikein, se muovaa ty\u00f6asennon kuin itsest\u00e4\u00e4n oikeaksi ja luonnolliseksi. T\u00e4ss\u00e4 Saddle 1 perussatulatuolimallissa on korkeudens\u00e4\u00e4t\u00f6. T\u00e4m\u00e4 malli on verhoiltu mustalla keinonahkalla. Muita v\u00e4rej\u00e4 ei ole saatavilla. Tuotetiedot: Istuin: muovirunko, pehmusteena vaahtomuovi istuimessa ja verhoilu keinonahkalla. Jalkaristikko ja runko: Kromattua metallia. Py\u00f6r\u00e4t: Pehme\u00e4reunaiset\u2026","rel":"","context":"Liknande produkt","block_context":{"text":"Liknande produkt","link":""},"img":{"alt_text":"Saddle 1 satulatuoli, musta keinonahka","src":"https:\/\/i0.wp.com\/pohjanmaantehtaanmyymala.fi\/wp-content\/uploads\/2023\/03\/Saddle-1.jpg?fit=960%2C960&ssl=1&resize=350%2C200","width":350,"height":200,"srcset":"https:\/\/i0.wp.com\/pohjanmaantehtaanmyymala.fi\/wp-content\/uploads\/2023\/03\/Saddle-1.jpg?fit=960%2C960&ssl=1&resize=350%2C200 1x, https:\/\/i0.wp.com\/pohjanmaantehtaanmyymala.fi\/wp-content\/uploads\/2023\/03\/Saddle-1.jpg?fit=960%2C960&ssl=1&resize=525%2C300 1.5x, https:\/\/i0.wp.com\/pohjanmaantehtaanmyymala.fi\/wp-content\/uploads\/2023\/03\/Saddle-1.jpg?fit=960%2C960&ssl=1&resize=700%2C400 2x"},"classes":[]},{"id":22692,"url":"https:\/\/pohjanmaantehtaanmyymala.fi\/sv\/tuote\/saddle-3-satulatuoli-musta-keinonahka\/","url_meta":{"origin":9393,"position":1},"title":"Saddle 3 satulatuoli musta keinonahka","author":"Sami Viitala","date":"mars 6, 2023","format":false,"excerpt":"Satulatuoli kaksiosaisella istuimella.","rel":"","context":"Liknande produkt","block_context":{"text":"Liknande produkt","link":""},"img":{"alt_text":"Saddle 3 satulatuoli musta","src":"https:\/\/i0.wp.com\/pohjanmaantehtaanmyymala.fi\/wp-content\/uploads\/2023\/03\/Saddle-3.jpg?fit=960%2C960&ssl=1&resize=350%2C200","width":350,"height":200,"srcset":"https:\/\/i0.wp.com\/pohjanmaantehtaanmyymala.fi\/wp-content\/uploads\/2023\/03\/Saddle-3.jpg?fit=960%2C960&ssl=1&resize=350%2C200 1x, https:\/\/i0.wp.com\/pohjanmaantehtaanmyymala.fi\/wp-content\/uploads\/2023\/03\/Saddle-3.jpg?fit=960%2C960&ssl=1&resize=525%2C300 1.5x, https:\/\/i0.wp.com\/pohjanmaantehtaanmyymala.fi\/wp-content\/uploads\/2023\/03\/Saddle-3.jpg?fit=960%2C960&ssl=1&resize=700%2C400 2x"},"classes":[]},{"id":22703,"url":"https:\/\/pohjanmaantehtaanmyymala.fi\/sv\/tuote\/saddle-4-satulatuoli-musta-keinonahka\/","url_meta":{"origin":9393,"position":2},"title":"Saddle 4 satulatuoli musta keinonahka","author":"Sami Viitala","date":"mars 6, 2023","format":false,"excerpt":"Satulatuoli s\u00e4\u00e4dett\u00e4v\u00e4ll\u00e4 selk\u00e4nojalla.","rel":"","context":"Liknande produkt","block_context":{"text":"Liknande produkt","link":""},"img":{"alt_text":"Saddle 4 satulatuoli selk\u00e4nojalla musta","src":"https:\/\/i0.wp.com\/pohjanmaantehtaanmyymala.fi\/wp-content\/uploads\/2023\/03\/Saddle-4.jpg?fit=960%2C960&ssl=1&resize=350%2C200","width":350,"height":200,"srcset":"https:\/\/i0.wp.com\/pohjanmaantehtaanmyymala.fi\/wp-content\/uploads\/2023\/03\/Saddle-4.jpg?fit=960%2C960&ssl=1&resize=350%2C200 1x, https:\/\/i0.wp.com\/pohjanmaantehtaanmyymala.fi\/wp-content\/uploads\/2023\/03\/Saddle-4.jpg?fit=960%2C960&ssl=1&resize=525%2C300 1.5x, https:\/\/i0.wp.com\/pohjanmaantehtaanmyymala.fi\/wp-content\/uploads\/2023\/03\/Saddle-4.jpg?fit=960%2C960&ssl=1&resize=700%2C400 2x"},"classes":[]},{"id":8974,"url":"https:\/\/pohjanmaantehtaanmyymala.fi\/sv\/tuote\/ami-tuoli\/","url_meta":{"origin":9393,"position":3},"title":"Rowico AMI tuoli, eri v\u00e4rej\u00e4","author":"petri","date":"september 14, 2019","format":false,"excerpt":"Tyylik\u00e4s ja siro ruokap\u00f6yd\u00e4n tuoli. Valitse mieluinen v\u00e4ri!","rel":"","context":"Liknande produkt","block_context":{"text":"Liknande produkt","link":""},"img":{"alt_text":"Ami tuoli tammi harmaa tyyny","src":"https:\/\/i0.wp.com\/pohjanmaantehtaanmyymala.fi\/wp-content\/uploads\/2019\/09\/113031-a-52208-Ami-stol-ek-svart-R.jpg?fit=960%2C960&ssl=1&resize=350%2C200","width":350,"height":200,"srcset":"https:\/\/i0.wp.com\/pohjanmaantehtaanmyymala.fi\/wp-content\/uploads\/2019\/09\/113031-a-52208-Ami-stol-ek-svart-R.jpg?fit=960%2C960&ssl=1&resize=350%2C200 1x, https:\/\/i0.wp.com\/pohjanmaantehtaanmyymala.fi\/wp-content\/uploads\/2019\/09\/113031-a-52208-Ami-stol-ek-svart-R.jpg?fit=960%2C960&ssl=1&resize=525%2C300 1.5x, https:\/\/i0.wp.com\/pohjanmaantehtaanmyymala.fi\/wp-content\/uploads\/2019\/09\/113031-a-52208-Ami-stol-ek-svart-R.jpg?fit=960%2C960&ssl=1&resize=700%2C400 2x"},"classes":[]},{"id":22610,"url":"https:\/\/pohjanmaantehtaanmyymala.fi\/sv\/tuote\/saddle-2-satulatuoli-musta\/","url_meta":{"origin":9393,"position":4},"title":"Saddle 2 satulatuoli musta keinonahka","author":"Sami Viitala","date":"februari 23, 2023","format":false,"excerpt":"Edullinen ja ergonominen korkeuss\u00e4\u00e4dett\u00e4v\u00e4 Saddle-satulatuoli. Satulatuolissa henkil\u00f6 istuu automaattisesti oikein, se muovaa ty\u00f6asennon kuin itsest\u00e4\u00e4n oikeaksi ja luonnolliseksi. T\u00e4ss\u00e4 Saddle 2 satulatuolimallissa on istuimen korkeuden- ja kaltevuudens\u00e4\u00e4t\u00f6. T\u00e4m\u00e4 malli on verhoiltu mustalla keinonahkalla. Muita v\u00e4rej\u00e4 ei ole saatavilla. Lis\u00e4hintaan: -isompi py\u00f6r\u00e4setti Saddle tuoleihin 35 \u20ac. Halkaisija on 75 mm:n Helpommin\u2026","rel":"","context":"Liknande produkt","block_context":{"text":"Liknande produkt","link":""},"img":{"alt_text":"Toplux Saddle 2 satulatuoli musta","src":"https:\/\/i0.wp.com\/pohjanmaantehtaanmyymala.fi\/wp-content\/uploads\/2023\/02\/Saddle-2-satulatuoli.jpg?fit=960%2C960&ssl=1&resize=350%2C200","width":350,"height":200,"srcset":"https:\/\/i0.wp.com\/pohjanmaantehtaanmyymala.fi\/wp-content\/uploads\/2023\/02\/Saddle-2-satulatuoli.jpg?fit=960%2C960&ssl=1&resize=350%2C200 1x, https:\/\/i0.wp.com\/pohjanmaantehtaanmyymala.fi\/wp-content\/uploads\/2023\/02\/Saddle-2-satulatuoli.jpg?fit=960%2C960&ssl=1&resize=525%2C300 1.5x, https:\/\/i0.wp.com\/pohjanmaantehtaanmyymala.fi\/wp-content\/uploads\/2023\/02\/Saddle-2-satulatuoli.jpg?fit=960%2C960&ssl=1&resize=700%2C400 2x"},"classes":[]},{"id":25890,"url":"https:\/\/pohjanmaantehtaanmyymala.fi\/sv\/tuote\/sitio-delux-medium-tyotuoli\/","url_meta":{"origin":9393,"position":5},"title":"Sitio Delux medium ty\u00f6tuoli","author":"Miro Nevala","date":"mars 3, 2024","format":false,"excerpt":"Ylellinen keinonahka johtajatason neuvottelu- ja ty\u00f6tuoli.","rel":"","context":"Liknande produkt","block_context":{"text":"Liknande produkt","link":""},"img":{"alt_text":"Sitio Delux ty\u00f6tuoli matala musta","src":"https:\/\/i0.wp.com\/pohjanmaantehtaanmyymala.fi\/wp-content\/uploads\/2024\/02\/Sitio-Delux-matala-musta-960dpi.jpg?fit=960%2C960&ssl=1&resize=350%2C200","width":350,"height":200,"srcset":"https:\/\/i0.wp.com\/pohjanmaantehtaanmyymala.fi\/wp-content\/uploads\/2024\/02\/Sitio-Delux-matala-musta-960dpi.jpg?fit=960%2C960&ssl=1&resize=350%2C200 1x, https:\/\/i0.wp.com\/pohjanmaantehtaanmyymala.fi\/wp-content\/uploads\/2024\/02\/Sitio-Delux-matala-musta-960dpi.jpg?fit=960%2C960&ssl=1&resize=525%2C300 1.5x, https:\/\/i0.wp.com\/pohjanmaantehtaanmyymala.fi\/wp-content\/uploads\/2024\/02\/Sitio-Delux-matala-musta-960dpi.jpg?fit=960%2C960&ssl=1&resize=700%2C400 2x"},"classes":[]}],"_links":{"self":[{"href":"https:\/\/pohjanmaantehtaanmyymala.fi\/sv\/wp-json\/wp\/v2\/product\/9393","targetHints":{"allow":["GET"]}}],"collection":[{"href":"https:\/\/pohjanmaantehtaanmyymala.fi\/sv\/wp-json\/wp\/v2\/product"}],"about":[{"href":"https:\/\/pohjanmaantehtaanmyymala.fi\/sv\/wp-json\/wp\/v2\/types\/product"}],"replies":[{"embeddable":true,"href":"https:\/\/pohjanmaantehtaanmyymala.fi\/sv\/wp-json\/wp\/v2\/comments?post=9393"}],"wp:featuredmedia":[{"embeddable":true,"href":"https:\/\/pohjanmaantehtaanmyymala.fi\/sv\/wp-json\/wp\/v2\/media\/16010"}],"wp:attachment":[{"href":"https:\/\/pohjanmaantehtaanmyymala.fi\/sv\/wp-json\/wp\/v2\/media?parent=9393"}],"wp:term":[{"taxonomy":"product_brand","embeddable":true,"href":"https:\/\/pohjanmaantehtaanmyymala.fi\/sv\/wp-json\/wp\/v2\/product_brand?post=9393"},{"taxonomy":"product_cat","embeddable":true,"href":"https:\/\/pohjanmaantehtaanmyymala.fi\/sv\/wp-json\/wp\/v2\/product_cat?post=9393"},{"taxonomy":"product_tag","embeddable":true,"href":"https:\/\/pohjanmaantehtaanmyymala.fi\/sv\/wp-json\/wp\/v2\/product_tag?post=9393"}],"curies":[{"name":"wp","href":"https:\/\/api.w.org\/{rel}","templated":true}]}}