{"id":9391,"date":"2019-09-14T09:34:55","date_gmt":"2019-09-14T07:34:55","guid":{"rendered":""},"modified":"2025-08-22T15:53:14","modified_gmt":"2025-08-22T13:53:14","slug":"economy-sahkopoyta-140x80-cm","status":"publish","type":"product","link":"https:\/\/pohjanmaantehtaanmyymala.fi\/sv\/tuote\/economy-sahkopoyta-140x80-cm\/","title":{"rendered":"Classic single \u2013 s\u00e4hk\u00f6p\u00f6yt\u00e4 120&#215;80 cm"},"content":{"rendered":"<p>Classic Single -s\u00e4\u00e4t\u00f6p\u00f6yt\u00e4 takaa hyv\u00e4n ty\u00f6skentely ergonomian. Economy tietokonep\u00f6yd\u00e4n korkeuden s\u00e4\u00e4t\u00f6vara on 73,5-120,5 cm, eli korkeus riitt\u00e4\u00e4 hyvin seisaaltaan ty\u00f6skentelyynkin.<\/p>\n<h3>Tuotetiedot:<\/h3>\n<p>Korkeudens\u00e4\u00e4t\u00f6v\u00e4li: 73,5-120,5 cm (+2,5 cm kannen kanssa)<br \/>\nRungon leveydens\u00e4\u00e4t\u00f6v\u00e4li: 85 -129 cm (eli maksimi kansileveys 140 cm)<br \/>\nLattiavaste: 60 cm<br \/>\nP\u00f6yt\u00e4vaste: 50 cm<br \/>\nNostokyky: 70 kg<br \/>\nOhjaus: yksi moottori.<br \/>\nV\u00e4ri: valkoinen<\/p>\n<p>Kansi:<br \/>\nLeveys: 120 cm<br \/>\nSyvyys: 80 cm<br \/>\nPaksuus: 2,5 cm<br \/>\nV\u00e4ri: valkoinen<\/p>\n<p>P\u00f6yd\u00e4n kansi valmistettu kest\u00e4v\u00e4st\u00e4 kalustelevyst\u00e4.<\/p>\n<p>Toimitetaan osina laatikossa.<\/p>\n<p>Kysy n\u00e4ist\u00e4 lis\u00e4tietoa <a href=\"https:\/\/www.pohjanmaantehtaanmyymala.fi\/yhteys\/\">asiakaspalvelustamme.<\/a><\/p>\n","protected":false},"excerpt":{"rendered":"<p>Ergonomian ammattilaiset suosittelevat korkeuss\u00e4\u00e4dett\u00e4v\u00e4\u00e4 ty\u00f6p\u00f6yt\u00e4\u00e4 toimistoty\u00f6h\u00f6n.<\/p>\n","protected":false},"featured_media":28644,"comment_status":"closed","ping_status":"closed","template":"","meta":{"_acf_changed":false,"jetpack_post_was_ever_published":false,"jetpack_publicize_message":"","jetpack_publicize_feature_enabled":true,"jetpack_social_post_already_shared":false,"jetpack_social_options":{"image_generator_settings":{"template":"highway","default_image_id":0,"font":"","enabled":false},"version":2}},"product_brand":[185],"product_cat":[197],"product_tag":[],"class_list":{"0":"post-9391","1":"product","2":"type-product","3":"status-publish","4":"has-post-thumbnail","6":"product_brand-toplux","7":"product_cat-toimistokalusteet","8":"product_shipping_class-161","10":"first","11":"instock","12":"sale","13":"purchasable","14":"product-type-simple"},"acf":[],"jetpack_publicize_connections":[],"jetpack_sharing_enabled":true,"jetpack-related-posts":[{"id":9387,"url":"https:\/\/pohjanmaantehtaanmyymala.fi\/sv\/tuote\/economy-sahkopoyta-kulmamalli\/","url_meta":{"origin":9391,"position":0},"title":"ECONOMY &#8211; s\u00e4hk\u00f6p\u00f6yt\u00e4 kulmamalli","author":"petri","date":"september 14, 2019","format":false,"excerpt":"S\u00e4hk\u00f6toiminen kulmas\u00e4\u00e4t\u00f6p\u00f6yt\u00e4 istumaseisomaty\u00f6skentely\u00e4 varten kolmella samanaikaisesti s\u00e4\u00e4tyv\u00e4ll\u00e4 jalalla. P\u00f6yt\u00e4levyn koko 180x105 cm, kannen syvyys 80 cm. Kansilevyn v\u00e4ri on valkoinen. S\u00e4\u00e4dett\u00e4v\u00e4ll\u00e4 ty\u00f6p\u00f6yd\u00e4ll\u00e4 parannat ty\u00f6skentely ergonomiaa paljon vaihteleva ty\u00f6asento auttaa jaksamaan ty\u00f6p\u00e4iv\u00e4n paremmin. P\u00f6yd\u00e4n jalkana toimii Ergo-malli. Nostokyky: 120 kg, Ohjaus: kaksi synkronoitua moottoria, \u00e4lyk\u00e4s ohjausyksikk\u00f6: 4 muistipaikkaa. V\u00e4ri: Harmaa, Valkoinen\u2026","rel":"","context":"Liknande produkt","block_context":{"text":"Liknande produkt","link":""},"img":{"alt_text":"Economy s\u00e4hk\u00f6p\u00f6yt\u00e4 muotokannella","src":"https:\/\/i0.wp.com\/pohjanmaantehtaanmyymala.fi\/wp-content\/uploads\/2019\/09\/AZ-007-.jpg?fit=960%2C960&ssl=1&resize=350%2C200","width":350,"height":200,"srcset":"https:\/\/i0.wp.com\/pohjanmaantehtaanmyymala.fi\/wp-content\/uploads\/2019\/09\/AZ-007-.jpg?fit=960%2C960&ssl=1&resize=350%2C200 1x, https:\/\/i0.wp.com\/pohjanmaantehtaanmyymala.fi\/wp-content\/uploads\/2019\/09\/AZ-007-.jpg?fit=960%2C960&ssl=1&resize=525%2C300 1.5x, https:\/\/i0.wp.com\/pohjanmaantehtaanmyymala.fi\/wp-content\/uploads\/2019\/09\/AZ-007-.jpg?fit=960%2C960&ssl=1&resize=700%2C400 2x"},"classes":[]},{"id":25728,"url":"https:\/\/pohjanmaantehtaanmyymala.fi\/sv\/tuote\/classic-63-porrasjakkara-poistotuote\/","url_meta":{"origin":9391,"position":1},"title":"Classic 63-porrasjakkara","author":"Miro Nevala","date":"februari 19, 2024","format":false,"excerpt":"Elegantti ja ajaton porrasjakkara nyt POISTOHINTAAN!","rel":"","context":"Liknande produkt","block_context":{"text":"Liknande produkt","link":""},"img":{"alt_text":"Classic 63 porrasjakkara musta","src":"https:\/\/i0.wp.com\/pohjanmaantehtaanmyymala.fi\/wp-content\/uploads\/2024\/02\/Classic-63-porrasjakkara-musta-1-960dpi.jpg?fit=960%2C960&ssl=1&resize=350%2C200","width":350,"height":200,"srcset":"https:\/\/i0.wp.com\/pohjanmaantehtaanmyymala.fi\/wp-content\/uploads\/2024\/02\/Classic-63-porrasjakkara-musta-1-960dpi.jpg?fit=960%2C960&ssl=1&resize=350%2C200 1x, https:\/\/i0.wp.com\/pohjanmaantehtaanmyymala.fi\/wp-content\/uploads\/2024\/02\/Classic-63-porrasjakkara-musta-1-960dpi.jpg?fit=960%2C960&ssl=1&resize=525%2C300 1.5x, https:\/\/i0.wp.com\/pohjanmaantehtaanmyymala.fi\/wp-content\/uploads\/2024\/02\/Classic-63-porrasjakkara-musta-1-960dpi.jpg?fit=960%2C960&ssl=1&resize=700%2C400 2x"},"classes":[]},{"id":25761,"url":"https:\/\/pohjanmaantehtaanmyymala.fi\/sv\/tuote\/classic-baarijakkara-musta-laminaatti\/","url_meta":{"origin":9391,"position":2},"title":"Classic Baarijakkara musta\/laminaatti","author":"Miro Nevala","date":"februari 20, 2024","format":false,"excerpt":"Tyylik\u00e4s, vankka ja pinottava baarijakkara!","rel":"","context":"Liknande produkt","block_context":{"text":"Liknande produkt","link":""},"img":{"alt_text":"Classic Baarijakkara musta","src":"https:\/\/i0.wp.com\/pohjanmaantehtaanmyymala.fi\/wp-content\/uploads\/2024\/02\/Classic-Baarijakkara-musta.jpg?fit=960%2C960&ssl=1&resize=350%2C200","width":350,"height":200,"srcset":"https:\/\/i0.wp.com\/pohjanmaantehtaanmyymala.fi\/wp-content\/uploads\/2024\/02\/Classic-Baarijakkara-musta.jpg?fit=960%2C960&ssl=1&resize=350%2C200 1x, https:\/\/i0.wp.com\/pohjanmaantehtaanmyymala.fi\/wp-content\/uploads\/2024\/02\/Classic-Baarijakkara-musta.jpg?fit=960%2C960&ssl=1&resize=525%2C300 1.5x, https:\/\/i0.wp.com\/pohjanmaantehtaanmyymala.fi\/wp-content\/uploads\/2024\/02\/Classic-Baarijakkara-musta.jpg?fit=960%2C960&ssl=1&resize=700%2C400 2x"},"classes":[]},{"id":20958,"url":"https:\/\/pohjanmaantehtaanmyymala.fi\/sv\/tuote\/klaara-24-sohvapoyta-60x60-cm\/","url_meta":{"origin":9391,"position":3},"title":"KLAARA 24 Sohvap\u00f6yt\u00e4 60&#215;60 cm","author":"Sami Viitala","date":"augusti 30, 2022","format":false,"excerpt":"Klaara pieni sohvap\u00f6yt\u00e4 kahdella tasolla. Rungon v\u00e4ri valkoinen, kannen v\u00e4riksi voi valita: valkoinen, koivu, harmaa, ruskea. V\u00e4rilliset kannet ovat massiivikoivua. Toimitetaan kasattuna.","rel":"","context":"Liknande produkt","block_context":{"text":"Liknande produkt","link":""},"img":{"alt_text":"Klaara pieni sohvap\u00f6yt\u00e4 ruskealla kannella","src":"https:\/\/i0.wp.com\/pohjanmaantehtaanmyymala.fi\/wp-content\/uploads\/2022\/08\/KlaaraNRO24.jpg?fit=960%2C960&ssl=1&resize=350%2C200","width":350,"height":200,"srcset":"https:\/\/i0.wp.com\/pohjanmaantehtaanmyymala.fi\/wp-content\/uploads\/2022\/08\/KlaaraNRO24.jpg?fit=960%2C960&ssl=1&resize=350%2C200 1x, https:\/\/i0.wp.com\/pohjanmaantehtaanmyymala.fi\/wp-content\/uploads\/2022\/08\/KlaaraNRO24.jpg?fit=960%2C960&ssl=1&resize=525%2C300 1.5x, https:\/\/i0.wp.com\/pohjanmaantehtaanmyymala.fi\/wp-content\/uploads\/2022\/08\/KlaaraNRO24.jpg?fit=960%2C960&ssl=1&resize=700%2C400 2x"},"classes":[]},{"id":8644,"url":"https:\/\/pohjanmaantehtaanmyymala.fi\/sv\/tuote\/classic-ruokaryhna\/","url_meta":{"origin":9391,"position":4},"title":"CLASSIC &#8211; ruokaryhm\u00e4 6:lla tuolilla","author":"petri","date":"september 14, 2019","format":false,"excerpt":"Tukeva Pohjanmaan Kalusteen valmistama massiivikoivuinen ruokaryhm\u00e4, joka kest\u00e4\u00e4 kovaakin k\u00e4ytt\u00f6\u00e4. Sis\u00e4lt\u00e4\u00e4 p\u00f6yd\u00e4n ja 6 kpl tuoleja. Ruokap\u00f6yd\u00e4n koko 175x90cm Tuolit puuistuimella. Saatavana my\u00f6s istuinverhoilulla, kysy lis\u00e4\u00e4 myynnist\u00e4mme. Toimitetaan tuolit valmiiksi koottuna p\u00f6yt\u00e4 jalat irrallaan.","rel":"","context":"Liknande produkt","block_context":{"text":"Liknande produkt","link":""},"img":{"alt_text":"Classic 90x175 cm p\u00e4hkin\u00e4 ruokailup\u00f6yt\u00e4 ja tuolit","src":"https:\/\/i0.wp.com\/pohjanmaantehtaanmyymala.fi\/wp-content\/uploads\/2019\/06\/Classic-90x175-DarkWalnut-6Classic-DarkWalnutEcoPU1.jpg?fit=960%2C960&ssl=1&resize=350%2C200","width":350,"height":200,"srcset":"https:\/\/i0.wp.com\/pohjanmaantehtaanmyymala.fi\/wp-content\/uploads\/2019\/06\/Classic-90x175-DarkWalnut-6Classic-DarkWalnutEcoPU1.jpg?fit=960%2C960&ssl=1&resize=350%2C200 1x, https:\/\/i0.wp.com\/pohjanmaantehtaanmyymala.fi\/wp-content\/uploads\/2019\/06\/Classic-90x175-DarkWalnut-6Classic-DarkWalnutEcoPU1.jpg?fit=960%2C960&ssl=1&resize=525%2C300 1.5x, https:\/\/i0.wp.com\/pohjanmaantehtaanmyymala.fi\/wp-content\/uploads\/2019\/06\/Classic-90x175-DarkWalnut-6Classic-DarkWalnutEcoPU1.jpg?fit=960%2C960&ssl=1&resize=700%2C400 2x"},"classes":[]},{"id":13056,"url":"https:\/\/pohjanmaantehtaanmyymala.fi\/sv\/tuote\/house-nordic-vojens-ruokapoyta-120-cm\/","url_meta":{"origin":9391,"position":5},"title":"House Nordic Vojens -ruokap\u00f6yt\u00e4 120 cm","author":"Sami Viitala","date":"september 17, 2020","format":false,"excerpt":"Pieni ja tyylik\u00e4s ruokap\u00f6yt\u00e4 vaikka opiskelija-asuntoon.","rel":"","context":"Liknande produkt","block_context":{"text":"Liknande produkt","link":""},"img":{"alt_text":"Vojens p\u00f6yt\u00e4 80x120 cm puunv\u00e4riset jalat ja valkoinen kansi","src":"https:\/\/i0.wp.com\/pohjanmaantehtaanmyymala.fi\/wp-content\/uploads\/2020\/09\/Vojens_2201030.jpg?fit=960%2C960&ssl=1&resize=350%2C200","width":350,"height":200,"srcset":"https:\/\/i0.wp.com\/pohjanmaantehtaanmyymala.fi\/wp-content\/uploads\/2020\/09\/Vojens_2201030.jpg?fit=960%2C960&ssl=1&resize=350%2C200 1x, https:\/\/i0.wp.com\/pohjanmaantehtaanmyymala.fi\/wp-content\/uploads\/2020\/09\/Vojens_2201030.jpg?fit=960%2C960&ssl=1&resize=525%2C300 1.5x, https:\/\/i0.wp.com\/pohjanmaantehtaanmyymala.fi\/wp-content\/uploads\/2020\/09\/Vojens_2201030.jpg?fit=960%2C960&ssl=1&resize=700%2C400 2x"},"classes":[]}],"_links":{"self":[{"href":"https:\/\/pohjanmaantehtaanmyymala.fi\/sv\/wp-json\/wp\/v2\/product\/9391","targetHints":{"allow":["GET"]}}],"collection":[{"href":"https:\/\/pohjanmaantehtaanmyymala.fi\/sv\/wp-json\/wp\/v2\/product"}],"about":[{"href":"https:\/\/pohjanmaantehtaanmyymala.fi\/sv\/wp-json\/wp\/v2\/types\/product"}],"replies":[{"embeddable":true,"href":"https:\/\/pohjanmaantehtaanmyymala.fi\/sv\/wp-json\/wp\/v2\/comments?post=9391"}],"wp:featuredmedia":[{"embeddable":true,"href":"https:\/\/pohjanmaantehtaanmyymala.fi\/sv\/wp-json\/wp\/v2\/media\/28644"}],"wp:attachment":[{"href":"https:\/\/pohjanmaantehtaanmyymala.fi\/sv\/wp-json\/wp\/v2\/media?parent=9391"}],"wp:term":[{"taxonomy":"product_brand","embeddable":true,"href":"https:\/\/pohjanmaantehtaanmyymala.fi\/sv\/wp-json\/wp\/v2\/product_brand?post=9391"},{"taxonomy":"product_cat","embeddable":true,"href":"https:\/\/pohjanmaantehtaanmyymala.fi\/sv\/wp-json\/wp\/v2\/product_cat?post=9391"},{"taxonomy":"product_tag","embeddable":true,"href":"https:\/\/pohjanmaantehtaanmyymala.fi\/sv\/wp-json\/wp\/v2\/product_tag?post=9391"}],"curies":[{"name":"wp","href":"https:\/\/api.w.org\/{rel}","templated":true}]}}