{"id":9390,"date":"2019-09-14T09:34:48","date_gmt":"2019-09-14T07:34:48","guid":{"rendered":""},"modified":"2024-12-10T14:43:46","modified_gmt":"2024-12-10T12:43:46","slug":"economy-mappikaappi-ovilla-korkea-205x80-cm","status":"publish","type":"product","link":"https:\/\/pohjanmaantehtaanmyymala.fi\/sv\/tuote\/economy-mappikaappi-ovilla-korkea-205x80-cm\/","title":{"rendered":"ECONOMY mappikaappi ovilla korkea 205&#215;80 cm"},"content":{"rendered":"<p>Todella tukeva lukittava mappikaappi konttoriin tai kotiin.<br \/>\nMappikaapin tausta on viimeistelty joten se toimii my\u00f6s tehokkaana tilanjakajana.<br \/>\nKaapissa on s\u00e4\u00e4t\u00f6tassut joilla on helppo tasata lattian ep\u00e4tasaisuuksia.<br \/>\nKaapin sis\u00e4ll\u00e4 oleva tila jaettu kolmella v\u00e4lihyllyll\u00e4 joidenka korkeus on s\u00e4\u00e4dett\u00e4viss\u00e4.<br \/>\nSaatavissa valkoisena.<\/p>\n<p>Tuotetiedot:<br \/>\nValmistettu kalustelevyst\u00e4.<br \/>\nLukolliset ovet kaksi avainta.<\/p>\n<p>Toimitetaan osina.<\/p>\n","protected":false},"excerpt":{"rendered":"<p>Todella tukeva lukittava mappikaappi konttoriin tai kotiin. Mappikaapin tausta on viimeistelty joten se toimii my\u00f6s tehokkaana tilanjakajana. Kaapissa on s\u00e4\u00e4t\u00f6tassut joilla on helppo tasata lattian ep\u00e4tasaisuuksia. Kaapin sis\u00e4ll\u00e4 oleva tila jaettu kolmella v\u00e4lihyllyll\u00e4 joidenka korkeus on s\u00e4\u00e4dett\u00e4viss\u00e4. Saatavissa valkoisena. Tuotetiedot: Valmistettu kalustelevyst\u00e4. Lukolliset ovet kaksi avainta. Toimitetaan osina.<\/p>\n","protected":false},"featured_media":25850,"comment_status":"closed","ping_status":"closed","template":"","meta":{"_acf_changed":false,"jetpack_post_was_ever_published":false,"jetpack_publicize_message":"","jetpack_publicize_feature_enabled":true,"jetpack_social_post_already_shared":false,"jetpack_social_options":{"image_generator_settings":{"template":"highway","default_image_id":0,"font":"","enabled":false},"version":2}},"product_brand":[185],"product_cat":[197],"product_tag":[],"class_list":{"0":"post-9390","1":"product","2":"type-product","3":"status-publish","4":"has-post-thumbnail","6":"product_brand-toplux","7":"product_cat-toimistokalusteet","8":"product_shipping_class-161","10":"first","11":"instock","12":"sale","13":"purchasable","14":"product-type-simple"},"acf":[],"jetpack_publicize_connections":[],"jetpack_sharing_enabled":true,"jetpack-related-posts":[{"id":19031,"url":"https:\/\/pohjanmaantehtaanmyymala.fi\/sv\/tuote\/melbourne-ovikaappi-musta\/","url_meta":{"origin":9390,"position":0},"title":"Melbourne ovikaappi, musta","author":"Sami Viitala","date":"november 11, 2021","format":false,"excerpt":"Kest\u00e4v\u00e4 ja tyylik\u00e4s metallikaappi House Nordicilta.","rel":"","context":"Liknande produkt","block_context":{"text":"Liknande produkt","link":""},"img":{"alt_text":"Melbourne kaappi musta metallia","src":"https:\/\/i0.wp.com\/pohjanmaantehtaanmyymala.fi\/wp-content\/uploads\/2021\/11\/Melbourne-kaappi-3001080-0-2.jpg?fit=1200%2C1200&ssl=1&resize=350%2C200","width":350,"height":200,"srcset":"https:\/\/i0.wp.com\/pohjanmaantehtaanmyymala.fi\/wp-content\/uploads\/2021\/11\/Melbourne-kaappi-3001080-0-2.jpg?fit=1200%2C1200&ssl=1&resize=350%2C200 1x, https:\/\/i0.wp.com\/pohjanmaantehtaanmyymala.fi\/wp-content\/uploads\/2021\/11\/Melbourne-kaappi-3001080-0-2.jpg?fit=1200%2C1200&ssl=1&resize=525%2C300 1.5x, https:\/\/i0.wp.com\/pohjanmaantehtaanmyymala.fi\/wp-content\/uploads\/2021\/11\/Melbourne-kaappi-3001080-0-2.jpg?fit=1200%2C1200&ssl=1&resize=700%2C400 2x, https:\/\/i0.wp.com\/pohjanmaantehtaanmyymala.fi\/wp-content\/uploads\/2021\/11\/Melbourne-kaappi-3001080-0-2.jpg?fit=1200%2C1200&ssl=1&resize=1050%2C600 3x"},"classes":[]},{"id":19749,"url":"https:\/\/pohjanmaantehtaanmyymala.fi\/sv\/tuote\/gustav-kirjakaappi-60-cm\/","url_meta":{"origin":9390,"position":1},"title":"GUSTAV kirjakaappi 60 cm","author":"Sami Viitala","date":"februari 11, 2022","format":false,"excerpt":"Kotimainen Gustav kirjakaappi on oiva s\u00e4ilytysratkaisu, johon mahtuu paljon tavaraa katseilta piiloon. Kirjakaappia on saatavana sek\u00e4 oikea- et\u00e4\u00e4 vasenk\u00e4tisell\u00e4 ovella. Jos haluat n\u00e4ytt\u00e4v\u00e4mm\u00e4n kokonaisuuden, kirjakaappeja voi laittaa kaksi kaappia p\u00e4\u00e4llekk\u00e4in, jolloin toinen niist\u00e4 k\u00e4\u00e4nnet\u00e4\u00e4n yl\u00f6salaisin, silloin alasokkelista tulee hieno kruunu kirjakaapin p\u00e4\u00e4lle. Kaapin viereen voi my\u00f6s asettaa toisen kaapin ja\u2026","rel":"","context":"Liknande produkt","block_context":{"text":"Liknande produkt","link":""},"img":{"alt_text":"Gustva kirjakaappi valkoinen umpiovella 60 cm leve\u00e4","src":"https:\/\/i0.wp.com\/pohjanmaantehtaanmyymala.fi\/wp-content\/uploads\/2022\/02\/Kirjakaappi-60-vasenkatinen-umpiovet.jpg?fit=960%2C960&ssl=1&resize=350%2C200","width":350,"height":200,"srcset":"https:\/\/i0.wp.com\/pohjanmaantehtaanmyymala.fi\/wp-content\/uploads\/2022\/02\/Kirjakaappi-60-vasenkatinen-umpiovet.jpg?fit=960%2C960&ssl=1&resize=350%2C200 1x, https:\/\/i0.wp.com\/pohjanmaantehtaanmyymala.fi\/wp-content\/uploads\/2022\/02\/Kirjakaappi-60-vasenkatinen-umpiovet.jpg?fit=960%2C960&ssl=1&resize=525%2C300 1.5x, https:\/\/i0.wp.com\/pohjanmaantehtaanmyymala.fi\/wp-content\/uploads\/2022\/02\/Kirjakaappi-60-vasenkatinen-umpiovet.jpg?fit=960%2C960&ssl=1&resize=700%2C400 2x"},"classes":[]},{"id":23329,"url":"https:\/\/pohjanmaantehtaanmyymala.fi\/sv\/tuote\/adelaide-vitriini-musta\/","url_meta":{"origin":9390,"position":2},"title":"Adelaide vitriini, musta","author":"Sami Viitala","date":"september 5, 2023","format":false,"excerpt":"Kest\u00e4v\u00e4 ja tyylik\u00e4s metallikaappi House Nordicilta.","rel":"","context":"Liknande produkt","block_context":{"text":"Liknande produkt","link":""},"img":{"alt_text":"Adelaide vitriini huonemilj\u00f6\u00f6ss\u00e4","src":"https:\/\/i0.wp.com\/pohjanmaantehtaanmyymala.fi\/wp-content\/uploads\/2023\/09\/Adelaide-vitriini-3001205.jpg?fit=960%2C960&ssl=1&resize=350%2C200","width":350,"height":200,"srcset":"https:\/\/i0.wp.com\/pohjanmaantehtaanmyymala.fi\/wp-content\/uploads\/2023\/09\/Adelaide-vitriini-3001205.jpg?fit=960%2C960&ssl=1&resize=350%2C200 1x, https:\/\/i0.wp.com\/pohjanmaantehtaanmyymala.fi\/wp-content\/uploads\/2023\/09\/Adelaide-vitriini-3001205.jpg?fit=960%2C960&ssl=1&resize=525%2C300 1.5x, https:\/\/i0.wp.com\/pohjanmaantehtaanmyymala.fi\/wp-content\/uploads\/2023\/09\/Adelaide-vitriini-3001205.jpg?fit=960%2C960&ssl=1&resize=700%2C400 2x"},"classes":[]},{"id":10554,"url":"https:\/\/pohjanmaantehtaanmyymala.fi\/sv\/tuote\/anton-lipasto-ovella-3-hyllya-50cm-a1-2\/","url_meta":{"origin":9390,"position":3},"title":"ANTON A1.2 pieni kaappi","author":"petri","date":"september 14, 2019","format":false,"excerpt":"Hiipakan Anton-kalustesarjan pieni kaappi sopii hyvin pieneksi s\u00e4ilytystilaksi; astiakaapiksi tai vaikkapa lastenhuoneen lelukaapiksi. Umpiovikaapin sis\u00e4ll\u00e4 oleva tila on jaettu kolmella v\u00e4lihyllyll\u00e4 joiden korkeutta voidaan s\u00e4\u00e4t\u00e4\u00e4. Anton-kaapin runko ja ovi on aina valkoisia, kansiv\u00e4rin voit valita kolmesta eri vaihtoehdosta;\u00a0 valkoinen, tammi tai saarni. Yksiovisissa kaapeissa ilmoitathan my\u00f6s haluamasi k\u00e4tisyyden. Anton-sarjaan on\u2026","rel":"","context":"Liknande produkt","block_context":{"text":"Liknande produkt","link":""},"img":{"alt_text":"Anton pieni kaappi valkoinen","src":"https:\/\/i0.wp.com\/pohjanmaantehtaanmyymala.fi\/wp-content\/uploads\/2019\/09\/Anton-A1.2-valkoinen.jpg?fit=1200%2C1200&ssl=1&resize=350%2C200","width":350,"height":200,"srcset":"https:\/\/i0.wp.com\/pohjanmaantehtaanmyymala.fi\/wp-content\/uploads\/2019\/09\/Anton-A1.2-valkoinen.jpg?fit=1200%2C1200&ssl=1&resize=350%2C200 1x, https:\/\/i0.wp.com\/pohjanmaantehtaanmyymala.fi\/wp-content\/uploads\/2019\/09\/Anton-A1.2-valkoinen.jpg?fit=1200%2C1200&ssl=1&resize=525%2C300 1.5x, https:\/\/i0.wp.com\/pohjanmaantehtaanmyymala.fi\/wp-content\/uploads\/2019\/09\/Anton-A1.2-valkoinen.jpg?fit=1200%2C1200&ssl=1&resize=700%2C400 2x, https:\/\/i0.wp.com\/pohjanmaantehtaanmyymala.fi\/wp-content\/uploads\/2019\/09\/Anton-A1.2-valkoinen.jpg?fit=1200%2C1200&ssl=1&resize=1050%2C600 3x"},"classes":[]},{"id":10682,"url":"https:\/\/pohjanmaantehtaanmyymala.fi\/sv\/tuote\/taiga-lipasto-2-ovea-134cm-5-10\/","url_meta":{"origin":9390,"position":4},"title":"TAIGA 5.10 kaappi 2:lla ovella","author":"petri","date":"september 14, 2019","format":false,"excerpt":"Tilava senkki tavaroiden s\u00e4ilytykseen.","rel":"","context":"Liknande produkt","block_context":{"text":"Liknande produkt","link":""},"img":{"alt_text":"Hiipakka Taiga kaappi 2:lla ovella","src":"https:\/\/i0.wp.com\/pohjanmaantehtaanmyymala.fi\/wp-content\/uploads\/2019\/09\/Taiga028.jpg?fit=960%2C960&ssl=1&resize=350%2C200","width":350,"height":200,"srcset":"https:\/\/i0.wp.com\/pohjanmaantehtaanmyymala.fi\/wp-content\/uploads\/2019\/09\/Taiga028.jpg?fit=960%2C960&ssl=1&resize=350%2C200 1x, https:\/\/i0.wp.com\/pohjanmaantehtaanmyymala.fi\/wp-content\/uploads\/2019\/09\/Taiga028.jpg?fit=960%2C960&ssl=1&resize=525%2C300 1.5x, https:\/\/i0.wp.com\/pohjanmaantehtaanmyymala.fi\/wp-content\/uploads\/2019\/09\/Taiga028.jpg?fit=960%2C960&ssl=1&resize=700%2C400 2x"},"classes":[]},{"id":10550,"url":"https:\/\/pohjanmaantehtaanmyymala.fi\/sv\/tuote\/anton-lipasto-etsatulla-lasiovella-3-hyllya-50cm-a1-4\/","url_meta":{"origin":9390,"position":5},"title":"ANTON A1.4 kaappi etsatulla lasiovella","author":"petri","date":"september 14, 2019","format":false,"excerpt":"Hiipakka Anton Lipastokaappi maitolasiovella, joka aukee laadukkaalla push open mekanismilla. Kaapin sis\u00e4ll\u00e4 on kaksi hylly\u00e4. Rungon v\u00e4ri on aina valkoinen, kannen v\u00e4riksi voi valita valkoisen, tammen tai saarnin. Anton tuotesarja on suunniteltu ja valmistettu Hiipakan Tehtailla Suomessa. Anton- lasivitriini sopii erinomaisesti skandinaaviseen sisustukseen. Anton-sarjaan on saatavana my\u00f6s puujalat sokkelin tilalle,\u2026","rel":"","context":"Liknande produkt","block_context":{"text":"Liknande produkt","link":""},"img":{"alt_text":"Anton 1.4 kaappi etsatulla lasiovella","src":"https:\/\/i0.wp.com\/pohjanmaantehtaanmyymala.fi\/wp-content\/uploads\/2019\/09\/Anton-A14-00161103-2.jpg?fit=960%2C960&ssl=1&resize=350%2C200","width":350,"height":200,"srcset":"https:\/\/i0.wp.com\/pohjanmaantehtaanmyymala.fi\/wp-content\/uploads\/2019\/09\/Anton-A14-00161103-2.jpg?fit=960%2C960&ssl=1&resize=350%2C200 1x, https:\/\/i0.wp.com\/pohjanmaantehtaanmyymala.fi\/wp-content\/uploads\/2019\/09\/Anton-A14-00161103-2.jpg?fit=960%2C960&ssl=1&resize=525%2C300 1.5x, https:\/\/i0.wp.com\/pohjanmaantehtaanmyymala.fi\/wp-content\/uploads\/2019\/09\/Anton-A14-00161103-2.jpg?fit=960%2C960&ssl=1&resize=700%2C400 2x"},"classes":[]}],"_links":{"self":[{"href":"https:\/\/pohjanmaantehtaanmyymala.fi\/sv\/wp-json\/wp\/v2\/product\/9390","targetHints":{"allow":["GET"]}}],"collection":[{"href":"https:\/\/pohjanmaantehtaanmyymala.fi\/sv\/wp-json\/wp\/v2\/product"}],"about":[{"href":"https:\/\/pohjanmaantehtaanmyymala.fi\/sv\/wp-json\/wp\/v2\/types\/product"}],"replies":[{"embeddable":true,"href":"https:\/\/pohjanmaantehtaanmyymala.fi\/sv\/wp-json\/wp\/v2\/comments?post=9390"}],"wp:featuredmedia":[{"embeddable":true,"href":"https:\/\/pohjanmaantehtaanmyymala.fi\/sv\/wp-json\/wp\/v2\/media\/25850"}],"wp:attachment":[{"href":"https:\/\/pohjanmaantehtaanmyymala.fi\/sv\/wp-json\/wp\/v2\/media?parent=9390"}],"wp:term":[{"taxonomy":"product_brand","embeddable":true,"href":"https:\/\/pohjanmaantehtaanmyymala.fi\/sv\/wp-json\/wp\/v2\/product_brand?post=9390"},{"taxonomy":"product_cat","embeddable":true,"href":"https:\/\/pohjanmaantehtaanmyymala.fi\/sv\/wp-json\/wp\/v2\/product_cat?post=9390"},{"taxonomy":"product_tag","embeddable":true,"href":"https:\/\/pohjanmaantehtaanmyymala.fi\/sv\/wp-json\/wp\/v2\/product_tag?post=9390"}],"curies":[{"name":"wp","href":"https:\/\/api.w.org\/{rel}","templated":true}]}}