{"id":9379,"date":"2019-09-14T09:33:30","date_gmt":"2019-09-14T07:33:30","guid":{"rendered":""},"modified":"2024-03-07T11:53:01","modified_gmt":"2024-03-07T09:53:01","slug":"susanna-sanky-160x200-cm","status":"publish","type":"product","link":"https:\/\/pohjanmaantehtaanmyymala.fi\/sv\/tuote\/susanna-sanky-160x200-cm\/","title":{"rendered":"SUSANNA \u2013 s\u00e4nky 160&#215;200 cm"},"content":{"rendered":"<p>Kotimainen Susanna-s\u00e4nky valmistetaan kokonaan koivusta joka maalataan tai petsataan haluttuun v\u00e4riin.<br \/>\nSaatavilla olevat v\u00e4ri: Lakattu koivu, p\u00e4hkin\u00e4, py\u00f6kki, ruskea, valkoinen, mahonki, kastanja ja kirsikka.<\/p>\n<p>Tuotetiedot:<br \/>\nS\u00e4nky valmistetaan massiivi koivusta s\u00e4lepohja m\u00e4nty\u00e4.<br \/>\nPuus\u00e4lepohja sis\u00e4ltyy hintaan<br \/>\nPatjakoko 2 kpl 80*200 cm tai 160*200 cm.<\/p>\n<p>Toimitetaan osina.<\/p>\n","protected":false},"excerpt":{"rendered":"<p>Kotimainen Susanna-s\u00e4nky valmistetaan kokonaan koivusta joka maalataan tai petsataan haluttuun v\u00e4riin. Saatavilla olevat v\u00e4ri: Lakattu koivu, p\u00e4hkin\u00e4, py\u00f6kki, ruskea, valkoinen, mahonki, kastanja ja kirsikka. Tuotetiedot: S\u00e4nky valmistetaan massiivi koivusta s\u00e4lepohja m\u00e4nty\u00e4. Puus\u00e4lepohja sis\u00e4ltyy hintaan Patjakoko 2 kpl 80*200 cm tai 160*200 cm. Toimitetaan osina.<\/p>\n","protected":false},"featured_media":10425,"comment_status":"closed","ping_status":"closed","template":"","meta":{"_acf_changed":false,"jetpack_post_was_ever_published":false,"jetpack_publicize_message":"","jetpack_publicize_feature_enabled":true,"jetpack_social_post_already_shared":false,"jetpack_social_options":{"image_generator_settings":{"template":"highway","default_image_id":0,"font":"","enabled":false},"version":2}},"product_brand":[184],"product_cat":[198],"product_tag":[],"class_list":{"0":"post-9379","1":"product","2":"type-product","3":"status-publish","4":"has-post-thumbnail","6":"product_brand-talvitie","7":"product_cat-patjat-ja-sangyt","8":"product_shipping_class-161","10":"first","11":"instock","12":"sale","13":"purchasable","14":"product-type-simple"},"acf":[],"jetpack_publicize_connections":[],"jetpack_sharing_enabled":true,"jetpack-related-posts":[{"id":9378,"url":"https:\/\/pohjanmaantehtaanmyymala.fi\/sv\/tuote\/susanna-medi-sanky-90x200-cm\/","url_meta":{"origin":9379,"position":0},"title":"SUSANNA senioris\u00e4nky 90&#215;200 cm","author":"petri","date":"september 14, 2019","format":false,"excerpt":"Kotimainen Susanna- senioris\u00e4nky nousutuella ja turvalaidalla!","rel":"","context":"Liknande produkt","block_context":{"text":"Liknande produkt","link":""},"img":{"alt_text":"","src":"https:\/\/i0.wp.com\/pohjanmaantehtaanmyymala.fi\/wp-content\/uploads\/2019\/09\/susanna-medi.jpg?fit=960%2C960&ssl=1&resize=350%2C200","width":350,"height":200,"srcset":"https:\/\/i0.wp.com\/pohjanmaantehtaanmyymala.fi\/wp-content\/uploads\/2019\/09\/susanna-medi.jpg?fit=960%2C960&ssl=1&resize=350%2C200 1x, https:\/\/i0.wp.com\/pohjanmaantehtaanmyymala.fi\/wp-content\/uploads\/2019\/09\/susanna-medi.jpg?fit=960%2C960&ssl=1&resize=525%2C300 1.5x, https:\/\/i0.wp.com\/pohjanmaantehtaanmyymala.fi\/wp-content\/uploads\/2019\/09\/susanna-medi.jpg?fit=960%2C960&ssl=1&resize=700%2C400 2x"},"classes":[]},{"id":20255,"url":"https:\/\/pohjanmaantehtaanmyymala.fi\/sv\/tuote\/mori-sanky-koivua-eri-kokoja\/","url_meta":{"origin":9379,"position":1},"title":"Mori s\u00e4nky koivua, eri kokoja","author":"Sami Viitala","date":"mars 28, 2022","format":false,"excerpt":"Kotimainen p\u00e4\u00e4dyt\u00f6n koivus\u00e4nky. Valitse koko!","rel":"","context":"Liknande produkt","block_context":{"text":"Liknande produkt","link":""},"img":{"alt_text":"Kiteen Mori s\u00e4nky wenge","src":"https:\/\/i0.wp.com\/pohjanmaantehtaanmyymala.fi\/wp-content\/uploads\/2022\/03\/Mori_sanky_wenge-1.jpg?fit=960%2C960&ssl=1&resize=350%2C200","width":350,"height":200,"srcset":"https:\/\/i0.wp.com\/pohjanmaantehtaanmyymala.fi\/wp-content\/uploads\/2022\/03\/Mori_sanky_wenge-1.jpg?fit=960%2C960&ssl=1&resize=350%2C200 1x, https:\/\/i0.wp.com\/pohjanmaantehtaanmyymala.fi\/wp-content\/uploads\/2022\/03\/Mori_sanky_wenge-1.jpg?fit=960%2C960&ssl=1&resize=525%2C300 1.5x, https:\/\/i0.wp.com\/pohjanmaantehtaanmyymala.fi\/wp-content\/uploads\/2022\/03\/Mori_sanky_wenge-1.jpg?fit=960%2C960&ssl=1&resize=700%2C400 2x"},"classes":[]},{"id":20224,"url":"https:\/\/pohjanmaantehtaanmyymala.fi\/sv\/tuote\/notte-sanky-160x200-cm-koivu\/","url_meta":{"origin":9379,"position":2},"title":"Notte s\u00e4nky 160&#215;200 cm koivu","author":"Sami Viitala","date":"mars 28, 2022","format":false,"excerpt":"Kiteen Huonekalutehtaan valmistama Notte koivus\u00e4nky on trendikk\u00e4\u00e4n tyylik\u00e4s, ja moderniin kotiin hyvin. S\u00e4nky\u00e4 on saatavana luonnonv\u00e4risen\u00e4 ja valkoisena. S\u00e4ngyn mukana tulee puinen s\u00e4lepohja. Patjat eiv\u00e4t kuulu hintaan. S\u00e4nky\u00e4 on saatavana my\u00f6s 180 cm leve\u00e4n\u00e4. S\u00e4nkyyn on my\u00f6s tarjolla s\u00e4\u00e4dett\u00e4v\u00e4 moottoripohja. S\u00e4ngyn kokonaismitat: Leveys: 169cm Syvyys: 207cm S\u00e4ngyn alle j\u00e4\u00e4v\u00e4n tilan\u2026","rel":"","context":"Liknande produkt","block_context":{"text":"Liknande produkt","link":""},"img":{"alt_text":"Kiteen Notte paris\u00e4nky koivu","src":"https:\/\/i0.wp.com\/pohjanmaantehtaanmyymala.fi\/wp-content\/uploads\/2022\/03\/Kiteen_Notte_sanky_koivu.jpg?fit=960%2C960&ssl=1&resize=350%2C200","width":350,"height":200,"srcset":"https:\/\/i0.wp.com\/pohjanmaantehtaanmyymala.fi\/wp-content\/uploads\/2022\/03\/Kiteen_Notte_sanky_koivu.jpg?fit=960%2C960&ssl=1&resize=350%2C200 1x, https:\/\/i0.wp.com\/pohjanmaantehtaanmyymala.fi\/wp-content\/uploads\/2022\/03\/Kiteen_Notte_sanky_koivu.jpg?fit=960%2C960&ssl=1&resize=525%2C300 1.5x, https:\/\/i0.wp.com\/pohjanmaantehtaanmyymala.fi\/wp-content\/uploads\/2022\/03\/Kiteen_Notte_sanky_koivu.jpg?fit=960%2C960&ssl=1&resize=700%2C400 2x"},"classes":[]},{"id":9376,"url":"https:\/\/pohjanmaantehtaanmyymala.fi\/sv\/tuote\/sonaatti-sanky-160x200-cm\/","url_meta":{"origin":9379,"position":3},"title":"SONAATTI \u2013 s\u00e4nky 160&#215;200 cm","author":"petri","date":"september 14, 2019","format":false,"excerpt":"Sonaatti s\u00e4nky on kotimaista puusep\u00e4nty\u00f6t\u00e4 parhaimmillaan. Koivusta valmistettu s\u00e4ngynrunko on todella vankkaa tekoa. Sonaatti s\u00e4nkyyn voit valita haluamasi v\u00e4rin nelj\u00e4st\u00e4 eri vaihtoehdosta. Saatavilla olevat v\u00e4ri: Lakattu koivu p\u00e4hkin\u00e4 py\u00f6kki valkoinen. Tuotetiedot: Valmistettu koivusta. Pohjas\u00e4le m\u00e4nty\u00e4. Toimitetaan osina.","rel":"","context":"Liknande produkt","block_context":{"text":"Liknande produkt","link":""},"img":{"alt_text":"","src":"https:\/\/i0.wp.com\/pohjanmaantehtaanmyymala.fi\/wp-content\/uploads\/2018\/04\/Sonaatti-sanky2.jpg?fit=420%2C290&ssl=1&resize=350%2C200","width":350,"height":200},"classes":[]},{"id":19307,"url":"https:\/\/pohjanmaantehtaanmyymala.fi\/sv\/tuote\/susanna-divaanivuodesohva\/","url_meta":{"origin":9379,"position":4},"title":"Susanna divaanivuodesohva","author":"Sami Viitala","date":"november 27, 2021","format":false,"excerpt":"K\u00e4tev\u00e4 vuodesohva, jossa on divaani ja vuodevaatelaatikko.","rel":"","context":"Liknande produkt","block_context":{"text":"Liknande produkt","link":""},"img":{"alt_text":"Susanna vuodedivaanisohva harmaa divaaniosa auki","src":"https:\/\/i0.wp.com\/pohjanmaantehtaanmyymala.fi\/wp-content\/uploads\/2021\/11\/Susanna1-vuodedivaani-malmo95-auki.jpg?fit=960%2C960&ssl=1&resize=350%2C200","width":350,"height":200,"srcset":"https:\/\/i0.wp.com\/pohjanmaantehtaanmyymala.fi\/wp-content\/uploads\/2021\/11\/Susanna1-vuodedivaani-malmo95-auki.jpg?fit=960%2C960&ssl=1&resize=350%2C200 1x, https:\/\/i0.wp.com\/pohjanmaantehtaanmyymala.fi\/wp-content\/uploads\/2021\/11\/Susanna1-vuodedivaani-malmo95-auki.jpg?fit=960%2C960&ssl=1&resize=525%2C300 1.5x, https:\/\/i0.wp.com\/pohjanmaantehtaanmyymala.fi\/wp-content\/uploads\/2021\/11\/Susanna1-vuodedivaani-malmo95-auki.jpg?fit=960%2C960&ssl=1&resize=700%2C400 2x"},"classes":[]},{"id":10854,"url":"https:\/\/pohjanmaantehtaanmyymala.fi\/sv\/tuote\/unipuu-sanky-80-va\/","url_meta":{"origin":9379,"position":5},"title":"UNIPUU \u2013 s\u00e4nky 80","author":"petri","date":"september 14, 2019","format":false,"excerpt":"Perinteinen s\u00e4nky Unipuu s\u00e4nky on valmistettu Suomessa.","rel":"","context":"Liknande produkt","block_context":{"text":"Liknande produkt","link":""},"img":{"alt_text":"","src":"https:\/\/i0.wp.com\/pohjanmaantehtaanmyymala.fi\/wp-content\/uploads\/2019\/09\/Unipuu_sanky_valkoinen_.jpg?fit=960%2C960&ssl=1&resize=350%2C200","width":350,"height":200,"srcset":"https:\/\/i0.wp.com\/pohjanmaantehtaanmyymala.fi\/wp-content\/uploads\/2019\/09\/Unipuu_sanky_valkoinen_.jpg?fit=960%2C960&ssl=1&resize=350%2C200 1x, https:\/\/i0.wp.com\/pohjanmaantehtaanmyymala.fi\/wp-content\/uploads\/2019\/09\/Unipuu_sanky_valkoinen_.jpg?fit=960%2C960&ssl=1&resize=525%2C300 1.5x, https:\/\/i0.wp.com\/pohjanmaantehtaanmyymala.fi\/wp-content\/uploads\/2019\/09\/Unipuu_sanky_valkoinen_.jpg?fit=960%2C960&ssl=1&resize=700%2C400 2x"},"classes":[]}],"_links":{"self":[{"href":"https:\/\/pohjanmaantehtaanmyymala.fi\/sv\/wp-json\/wp\/v2\/product\/9379","targetHints":{"allow":["GET"]}}],"collection":[{"href":"https:\/\/pohjanmaantehtaanmyymala.fi\/sv\/wp-json\/wp\/v2\/product"}],"about":[{"href":"https:\/\/pohjanmaantehtaanmyymala.fi\/sv\/wp-json\/wp\/v2\/types\/product"}],"replies":[{"embeddable":true,"href":"https:\/\/pohjanmaantehtaanmyymala.fi\/sv\/wp-json\/wp\/v2\/comments?post=9379"}],"wp:featuredmedia":[{"embeddable":true,"href":"https:\/\/pohjanmaantehtaanmyymala.fi\/sv\/wp-json\/wp\/v2\/media\/10425"}],"wp:attachment":[{"href":"https:\/\/pohjanmaantehtaanmyymala.fi\/sv\/wp-json\/wp\/v2\/media?parent=9379"}],"wp:term":[{"taxonomy":"product_brand","embeddable":true,"href":"https:\/\/pohjanmaantehtaanmyymala.fi\/sv\/wp-json\/wp\/v2\/product_brand?post=9379"},{"taxonomy":"product_cat","embeddable":true,"href":"https:\/\/pohjanmaantehtaanmyymala.fi\/sv\/wp-json\/wp\/v2\/product_cat?post=9379"},{"taxonomy":"product_tag","embeddable":true,"href":"https:\/\/pohjanmaantehtaanmyymala.fi\/sv\/wp-json\/wp\/v2\/product_tag?post=9379"}],"curies":[{"name":"wp","href":"https:\/\/api.w.org\/{rel}","templated":true}]}}