{"id":9350,"date":"2019-09-14T09:32:05","date_gmt":"2019-09-14T07:32:05","guid":{"rendered":""},"modified":"2026-04-25T11:26:20","modified_gmt":"2026-04-25T09:26:20","slug":"yumi-sivupoyta","status":"publish","type":"product","link":"https:\/\/pohjanmaantehtaanmyymala.fi\/sv\/tuote\/yumi-sivupoyta\/","title":{"rendered":"YUMI konsoli-sivup\u00f6yt\u00e4"},"content":{"rendered":"<p>Siro Yumi-sivup\u00f6yt\u00e4 sopii hyvin vaikka pieneksi l\u00e4pp\u00e4rip\u00f6yd\u00e4ksi makuuhuoneeseen. Yumi on valmistettu tammiviilutetusta levyst\u00e4. Jalat ovat massiivipuuta.<\/p>\n<p>V\u00e4rein\u00e4 vain valkolakattu!<\/p>\n<p>Toimitetaan jalat irrallaan.<\/p>\n","protected":false},"excerpt":{"rendered":"<p>Siro Yumi-sivup\u00f6yt\u00e4 sopii hyvin vaikka pieneksi l\u00e4pp\u00e4rip\u00f6yd\u00e4ksi makuuhuoneeseen. Yumi on valmistettu tammiviilutetusta levyst\u00e4. Jalat ovat massiivipuuta. V\u00e4rein\u00e4 vain valkolakattu! Toimitetaan jalat irrallaan.<\/p>\n","protected":false},"featured_media":9351,"comment_status":"closed","ping_status":"closed","template":"","meta":{"_acf_changed":false,"jetpack_post_was_ever_published":false,"jetpack_publicize_message":"","jetpack_publicize_feature_enabled":true,"jetpack_social_post_already_shared":false,"jetpack_social_options":{"image_generator_settings":{"template":"highway","default_image_id":0,"font":"","enabled":false},"version":2}},"product_brand":[179],"product_cat":[199],"product_tag":[],"class_list":{"0":"post-9350","1":"product","2":"type-product","3":"status-publish","4":"has-post-thumbnail","6":"product_brand-rowico","7":"product_cat-sohva-ja-sivupoydat","8":"product_shipping_class-161","10":"first","11":"instock","12":"purchasable","13":"product-type-simple"},"acf":[],"jetpack_publicize_connections":[],"jetpack_sharing_enabled":true,"jetpack-related-posts":[{"id":9348,"url":"https:\/\/pohjanmaantehtaanmyymala.fi\/sv\/tuote\/yumi-senkki-152cm\/","url_meta":{"origin":9350,"position":0},"title":"YUMI &#8211; senkki 152cm","author":"petri","date":"september 14, 2019","format":false,"excerpt":"Upea tamminen senkki Rowicon Yumi-kalustesarjasta. Senkiss\u00e4 on Yumi sarjalle tyypilliset korkeat ja sirot jalat jotka antavat kalusteille keve\u00e4n ilmeen. Senkin laatikoissa ja ovissa mukavuutta lis\u00e4\u00e4v\u00e4t hidastinmekanismit. Saatavana vain valkolakattuna tammena. Tuotetiedot: Valmistettu lakatusta massiivitammesta ja tammiviilutetusta kalustelevyst\u00e4. Toimitetaan kasattuna vain jalat ovat irrallaan.","rel":"","context":"Liknande produkt","block_context":{"text":"Liknande produkt","link":""},"img":{"alt_text":"Rowico Yumi senkki valkopesty edest\u00e4","src":"https:\/\/i0.wp.com\/pohjanmaantehtaanmyymala.fi\/wp-content\/uploads\/2019\/09\/Rowico_Yumi_senkki_valkopesty-1.jpg?fit=960%2C960&ssl=1&resize=350%2C200","width":350,"height":200,"srcset":"https:\/\/i0.wp.com\/pohjanmaantehtaanmyymala.fi\/wp-content\/uploads\/2019\/09\/Rowico_Yumi_senkki_valkopesty-1.jpg?fit=960%2C960&ssl=1&resize=350%2C200 1x, https:\/\/i0.wp.com\/pohjanmaantehtaanmyymala.fi\/wp-content\/uploads\/2019\/09\/Rowico_Yumi_senkki_valkopesty-1.jpg?fit=960%2C960&ssl=1&resize=525%2C300 1.5x, https:\/\/i0.wp.com\/pohjanmaantehtaanmyymala.fi\/wp-content\/uploads\/2019\/09\/Rowico_Yumi_senkki_valkopesty-1.jpg?fit=960%2C960&ssl=1&resize=700%2C400 2x"},"classes":[]},{"id":21214,"url":"https:\/\/pohjanmaantehtaanmyymala.fi\/sv\/tuote\/yumi-sohvapoyta-90-cm\/","url_meta":{"origin":9350,"position":1},"title":"YUMI sohvap\u00f6yt\u00e4 90 cm","author":"Sami Viitala","date":"september 5, 2022","format":false,"excerpt":"Py\u00f6re\u00e4 Rowicon Yumi-sohvap\u00f6yt\u00e4. Valmistettu saarnista. Saatavana mustana ja ruskeana. Toimitetaan jalat irrallaan.","rel":"","context":"Liknande produkt","block_context":{"text":"Liknande produkt","link":""},"img":{"alt_text":"Yumi py\u00f6re\u00e4 sohvap\u00f6yt\u00e4 halkaisija 90 cm ruskea","src":"https:\/\/i0.wp.com\/pohjanmaantehtaanmyymala.fi\/wp-content\/uploads\/2022\/09\/116967_Yumi_round_coffee_table_brown_ash.jpg?fit=960%2C960&ssl=1&resize=350%2C200","width":350,"height":200,"srcset":"https:\/\/i0.wp.com\/pohjanmaantehtaanmyymala.fi\/wp-content\/uploads\/2022\/09\/116967_Yumi_round_coffee_table_brown_ash.jpg?fit=960%2C960&ssl=1&resize=350%2C200 1x, https:\/\/i0.wp.com\/pohjanmaantehtaanmyymala.fi\/wp-content\/uploads\/2022\/09\/116967_Yumi_round_coffee_table_brown_ash.jpg?fit=960%2C960&ssl=1&resize=525%2C300 1.5x, https:\/\/i0.wp.com\/pohjanmaantehtaanmyymala.fi\/wp-content\/uploads\/2022\/09\/116967_Yumi_round_coffee_table_brown_ash.jpg?fit=960%2C960&ssl=1&resize=700%2C400 2x"},"classes":[]},{"id":9353,"url":"https:\/\/pohjanmaantehtaanmyymala.fi\/sv\/tuote\/yumi-sohvapoyta\/","url_meta":{"origin":9350,"position":2},"title":"YUMI sohvap\u00f6yt\u00e4 halk. 90 cm","author":"petri","date":"september 14, 2019","format":false,"excerpt":"Py\u00f6re\u00e4 Rowicon Yumi-sohvap\u00f6yt\u00e4, joka on 90 cm halkaisijaltaan. Saatavana valkolakattuna tammena ja lv-tammena. Toimitetaan jalat irrallaan.","rel":"","context":"Liknande produkt","block_context":{"text":"Liknande produkt","link":""},"img":{"alt_text":"","src":"https:\/\/i0.wp.com\/pohjanmaantehtaanmyymala.fi\/wp-content\/uploads\/2019\/06\/52420-Yumi-soffbord-runt-ww.jpg?fit=960%2C960&ssl=1&resize=350%2C200","width":350,"height":200,"srcset":"https:\/\/i0.wp.com\/pohjanmaantehtaanmyymala.fi\/wp-content\/uploads\/2019\/06\/52420-Yumi-soffbord-runt-ww.jpg?fit=960%2C960&ssl=1&resize=350%2C200 1x, https:\/\/i0.wp.com\/pohjanmaantehtaanmyymala.fi\/wp-content\/uploads\/2019\/06\/52420-Yumi-soffbord-runt-ww.jpg?fit=960%2C960&ssl=1&resize=525%2C300 1.5x, https:\/\/i0.wp.com\/pohjanmaantehtaanmyymala.fi\/wp-content\/uploads\/2019\/06\/52420-Yumi-soffbord-runt-ww.jpg?fit=960%2C960&ssl=1&resize=700%2C400 2x"},"classes":[]},{"id":9344,"url":"https:\/\/pohjanmaantehtaanmyymala.fi\/sv\/tuote\/yumi-sarjapoytasetti\/","url_meta":{"origin":9350,"position":3},"title":"YUMI &#8211; sarjap\u00f6yt\u00e4","author":"petri","date":"september 14, 2019","format":false,"excerpt":"Yumi- sarjap\u00f6yt\u00e4 sopii olohuoneen sohvp\u00f6yd\u00e4ksi tai vaikka makuuhuoneen y\u00f6p\u00f6yd\u00e4ksi. Saatavana mustana ja ruskeana. Isomman p\u00f6yd\u00e4n on 50 cm, korkeus 45 cm ja pienemm\u00e4n halkaisija on 40 cm, korkeus 40 cm. Tuotetiedot: Valmistettu saarniiviilutetusta levyst\u00e4. P\u00f6yd\u00e4t toimitetaan jalat irrallaan.","rel":"","context":"Liknande produkt","block_context":{"text":"Liknande produkt","link":""},"img":{"alt_text":"Yumi py\u00f6re\u00e4 sarjap\u00f6yt\u00e4 valkopesty","src":"https:\/\/i0.wp.com\/pohjanmaantehtaanmyymala.fi\/wp-content\/uploads\/2019\/09\/Yumi-sarjapoyta-musta-52220.jpg?fit=960%2C960&ssl=1&resize=350%2C200","width":350,"height":200,"srcset":"https:\/\/i0.wp.com\/pohjanmaantehtaanmyymala.fi\/wp-content\/uploads\/2019\/09\/Yumi-sarjapoyta-musta-52220.jpg?fit=960%2C960&ssl=1&resize=350%2C200 1x, https:\/\/i0.wp.com\/pohjanmaantehtaanmyymala.fi\/wp-content\/uploads\/2019\/09\/Yumi-sarjapoyta-musta-52220.jpg?fit=960%2C960&ssl=1&resize=525%2C300 1.5x, https:\/\/i0.wp.com\/pohjanmaantehtaanmyymala.fi\/wp-content\/uploads\/2019\/09\/Yumi-sarjapoyta-musta-52220.jpg?fit=960%2C960&ssl=1&resize=700%2C400 2x"},"classes":[]},{"id":9330,"url":"https:\/\/pohjanmaantehtaanmyymala.fi\/sv\/tuote\/yumi-penkki\/","url_meta":{"origin":9350,"position":4},"title":"YUMI &#8211; penkki","author":"petri","date":"september 14, 2019","format":false,"excerpt":"Siro tammesta valmistettu Yumi penkki sopii hyvin ruokailuryhm\u00e4\u00e4n tai yksitt\u00e4iseksi penkiksi esimerkiksi eteiseen. Penkki saatavana vain valkopestyn\u00e4 tammena. Tuotetiedot: Valmistettu tammesta lakattu. Toimitetaan jalat irrallaan.","rel":"","context":"Liknande produkt","block_context":{"text":"Liknande produkt","link":""},"img":{"alt_text":"","src":"https:\/\/i0.wp.com\/pohjanmaantehtaanmyymala.fi\/wp-content\/uploads\/2019\/06\/52495-a-Yumi-sitt-bench-ww-R.jpg?fit=960%2C960&ssl=1&resize=350%2C200","width":350,"height":200,"srcset":"https:\/\/i0.wp.com\/pohjanmaantehtaanmyymala.fi\/wp-content\/uploads\/2019\/06\/52495-a-Yumi-sitt-bench-ww-R.jpg?fit=960%2C960&ssl=1&resize=350%2C200 1x, https:\/\/i0.wp.com\/pohjanmaantehtaanmyymala.fi\/wp-content\/uploads\/2019\/06\/52495-a-Yumi-sitt-bench-ww-R.jpg?fit=960%2C960&ssl=1&resize=525%2C300 1.5x, https:\/\/i0.wp.com\/pohjanmaantehtaanmyymala.fi\/wp-content\/uploads\/2019\/06\/52495-a-Yumi-sitt-bench-ww-R.jpg?fit=960%2C960&ssl=1&resize=700%2C400 2x"},"classes":[]},{"id":21231,"url":"https:\/\/pohjanmaantehtaanmyymala.fi\/sv\/tuote\/yumi-sarjapoyta-pyorea\/","url_meta":{"origin":9350,"position":5},"title":"YUMI &#8211; sarjap\u00f6yt\u00e4 py\u00f6re\u00e4","author":"Sami Viitala","date":"september 5, 2022","format":false,"excerpt":"Yumi- sarjap\u00f6yt\u00e4 sopii olohuoneen sohvp\u00f6yd\u00e4ksi tai vaikka makuuhuoneen y\u00f6p\u00f6yd\u00e4ksi. Saatavana tammi-lv tai valkopestyn\u00e4. Isomman p\u00f6yd\u00e4n halkaisija on 50 cm, korkeus 45 cm ja pienemm\u00e4n halkaisija on 40 cm, korkeus 40 cm. Tuotetiedot: Valmistettu tammiviilutetusta levyst\u00e4. P\u00f6yd\u00e4t toimitetaan jalat irrallaan.","rel":"","context":"Liknande produkt","block_context":{"text":"Liknande produkt","link":""},"img":{"alt_text":"Yumi sarjap\u00f6yt\u00e4 valkopesty","src":"https:\/\/i0.wp.com\/pohjanmaantehtaanmyymala.fi\/wp-content\/uploads\/2019\/09\/Yumi-sarjapoyta-valkopesty-119228.jpg?fit=960%2C960&ssl=1&resize=350%2C200","width":350,"height":200,"srcset":"https:\/\/i0.wp.com\/pohjanmaantehtaanmyymala.fi\/wp-content\/uploads\/2019\/09\/Yumi-sarjapoyta-valkopesty-119228.jpg?fit=960%2C960&ssl=1&resize=350%2C200 1x, https:\/\/i0.wp.com\/pohjanmaantehtaanmyymala.fi\/wp-content\/uploads\/2019\/09\/Yumi-sarjapoyta-valkopesty-119228.jpg?fit=960%2C960&ssl=1&resize=525%2C300 1.5x, https:\/\/i0.wp.com\/pohjanmaantehtaanmyymala.fi\/wp-content\/uploads\/2019\/09\/Yumi-sarjapoyta-valkopesty-119228.jpg?fit=960%2C960&ssl=1&resize=700%2C400 2x"},"classes":[]}],"_links":{"self":[{"href":"https:\/\/pohjanmaantehtaanmyymala.fi\/sv\/wp-json\/wp\/v2\/product\/9350","targetHints":{"allow":["GET"]}}],"collection":[{"href":"https:\/\/pohjanmaantehtaanmyymala.fi\/sv\/wp-json\/wp\/v2\/product"}],"about":[{"href":"https:\/\/pohjanmaantehtaanmyymala.fi\/sv\/wp-json\/wp\/v2\/types\/product"}],"replies":[{"embeddable":true,"href":"https:\/\/pohjanmaantehtaanmyymala.fi\/sv\/wp-json\/wp\/v2\/comments?post=9350"}],"wp:featuredmedia":[{"embeddable":true,"href":"https:\/\/pohjanmaantehtaanmyymala.fi\/sv\/wp-json\/wp\/v2\/media\/9351"}],"wp:attachment":[{"href":"https:\/\/pohjanmaantehtaanmyymala.fi\/sv\/wp-json\/wp\/v2\/media?parent=9350"}],"wp:term":[{"taxonomy":"product_brand","embeddable":true,"href":"https:\/\/pohjanmaantehtaanmyymala.fi\/sv\/wp-json\/wp\/v2\/product_brand?post=9350"},{"taxonomy":"product_cat","embeddable":true,"href":"https:\/\/pohjanmaantehtaanmyymala.fi\/sv\/wp-json\/wp\/v2\/product_cat?post=9350"},{"taxonomy":"product_tag","embeddable":true,"href":"https:\/\/pohjanmaantehtaanmyymala.fi\/sv\/wp-json\/wp\/v2\/product_tag?post=9350"}],"curies":[{"name":"wp","href":"https:\/\/api.w.org\/{rel}","templated":true}]}}