{"id":9339,"date":"2019-09-14T09:31:53","date_gmt":"2019-09-14T07:31:53","guid":{"rendered":""},"modified":"2026-04-25T11:26:22","modified_gmt":"2026-04-25T09:26:22","slug":"yumi-ruokapoyta","status":"publish","type":"product","link":"https:\/\/pohjanmaantehtaanmyymala.fi\/sv\/tuote\/yumi-ruokapoyta\/","title":{"rendered":"YUMI &#8211; ruokap\u00f6yt\u00e4 190 cm"},"content":{"rendered":"<p>Rowicon tammesta valmistettu Yumi- ruokap\u00f6yt\u00e4.<br \/>\nT\u00e4m\u00e4n p\u00f6yd\u00e4n kanssa sopii hyvin esimerkiksi <a href=\"https:\/\/pohjanmaantehtaanmyymala.fi\/tuote\/kato-tuoli\/\">KATO- tuolit<\/a>!<br \/>\nP\u00f6yt\u00e4\u00e4n saatavana my\u00f6s jatkopalat molempiin p\u00e4ihin.<\/p>\n<p>Tuotetiedot:<br \/>\nValmistettu tammesta.<br \/>\nLakattu. Vapaa tila jalkojen v\u00e4liss\u00e4: 160 cm.<br \/>\nSaatavana Tammisena ja mustana.<\/p>\n<p>Toimitetaan jalat irrallaan.<\/p>\n","protected":false},"excerpt":{"rendered":"<p>Rowicon tammesta valmistettu Yumi- ruokap\u00f6yt\u00e4. T\u00e4m\u00e4n p\u00f6yd\u00e4n kanssa sopii hyvin esimerkiksi KATO- tuolit! P\u00f6yt\u00e4\u00e4n saatavana my\u00f6s jatkopalat molempiin p\u00e4ihin. Tuotetiedot: Valmistettu tammesta. Lakattu. Vapaa tila jalkojen v\u00e4liss\u00e4: 160 cm. Saatavana Tammisena ja mustana. Toimitetaan jalat irrallaan.<\/p>\n","protected":false},"featured_media":9340,"comment_status":"closed","ping_status":"closed","template":"","meta":{"_acf_changed":false,"jetpack_post_was_ever_published":false,"jetpack_publicize_message":"","jetpack_publicize_feature_enabled":true,"jetpack_social_post_already_shared":false,"jetpack_social_options":{"image_generator_settings":{"template":"highway","default_image_id":0,"font":"","enabled":false},"version":2}},"product_brand":[179],"product_cat":[194],"product_tag":[],"class_list":{"0":"post-9339","1":"product","2":"type-product","3":"status-publish","4":"has-post-thumbnail","6":"product_brand-rowico","7":"product_cat-ruokapoydat-ja-tuolit","8":"product_shipping_class-161","10":"first","11":"instock","12":"purchasable","13":"product-type-simple"},"acf":[],"jetpack_publicize_connections":[],"jetpack_sharing_enabled":true,"jetpack-related-posts":[{"id":9333,"url":"https:\/\/pohjanmaantehtaanmyymala.fi\/sv\/tuote\/yumi-ruokapoyta-pyorea\/","url_meta":{"origin":9339,"position":0},"title":"YUMI &#8211; ruokap\u00f6yt\u00e4 py\u00f6re\u00e4 115 cm","author":"petri","date":"september 14, 2019","format":false,"excerpt":"Py\u00f6re\u00e4n Yumi ruokap\u00f6yd\u00e4n kansi on kauniisti viistetty joka sirojen jalkojen kanssa antaa kevyen ilmeen p\u00f6yd\u00e4lle. P\u00f6yt\u00e4 on saatavana tammisena, ruskeana ja valkopestyn\u00e4. Kysy tarjousta myynnist\u00e4mme! Tuotetiedot: Kannen halkaisija: 115 cm. P\u00f6yd\u00e4n korkeus: 74 cm. Kansi: viilutettu mdf-levy. Jalat: massiivipuu.","rel":"","context":"Liknande produkt","block_context":{"text":"Liknande produkt","link":""},"img":{"alt_text":"Yumi py\u00f6re\u00e4 ruokap\u00f6yt\u00e4 tammi-lv halkaisija 115 cm","src":"https:\/\/i0.wp.com\/pohjanmaantehtaanmyymala.fi\/wp-content\/uploads\/2019\/09\/116988-52213-Yumi-matbord-runt-ek.jpg?fit=960%2C960&ssl=1&resize=350%2C200","width":350,"height":200,"srcset":"https:\/\/i0.wp.com\/pohjanmaantehtaanmyymala.fi\/wp-content\/uploads\/2019\/09\/116988-52213-Yumi-matbord-runt-ek.jpg?fit=960%2C960&ssl=1&resize=350%2C200 1x, https:\/\/i0.wp.com\/pohjanmaantehtaanmyymala.fi\/wp-content\/uploads\/2019\/09\/116988-52213-Yumi-matbord-runt-ek.jpg?fit=960%2C960&ssl=1&resize=525%2C300 1.5x, https:\/\/i0.wp.com\/pohjanmaantehtaanmyymala.fi\/wp-content\/uploads\/2019\/09\/116988-52213-Yumi-matbord-runt-ek.jpg?fit=960%2C960&ssl=1&resize=700%2C400 2x"},"classes":[]},{"id":26890,"url":"https:\/\/pohjanmaantehtaanmyymala.fi\/sv\/tuote\/yumi-ruokapoyta-pyorea-115-cm-musta\/","url_meta":{"origin":9339,"position":1},"title":"YUMI &#8211; ruokap\u00f6yt\u00e4 py\u00f6re\u00e4 115 cm musta","author":"Sami Viitala","date":"april 29, 2024","format":false,"excerpt":"Py\u00f6re\u00e4n Yumi ruokap\u00f6yd\u00e4n kansi on kauniisti viistetty joka sirojen jalkojen kanssa antaa kevyen ilmeen p\u00f6yd\u00e4lle. P\u00f6yt\u00e4 on valkoisen v\u00e4rinen. Saatavilla my\u00f6s mustana, tammen v\u00e4risen\u00e4, ruskeana sek\u00e4 valkolakattuna. Kysy tarjousta myynnist\u00e4mme! Tuotetiedot: Kansi: saarniviilutettu mdf-levy. Jalat: massiivipuu.","rel":"","context":"Liknande produkt","block_context":{"text":"Liknande produkt","link":""},"img":{"alt_text":"Rowico Yumi py\u00f6re\u00e4 1150 cm ruokap\u00f6yt\u00e4 musta","src":"https:\/\/i0.wp.com\/pohjanmaantehtaanmyymala.fi\/wp-content\/uploads\/2024\/04\/52212-Yumi-matbord-runt-svart.jpg?fit=960%2C960&ssl=1&resize=350%2C200","width":350,"height":200,"srcset":"https:\/\/i0.wp.com\/pohjanmaantehtaanmyymala.fi\/wp-content\/uploads\/2024\/04\/52212-Yumi-matbord-runt-svart.jpg?fit=960%2C960&ssl=1&resize=350%2C200 1x, https:\/\/i0.wp.com\/pohjanmaantehtaanmyymala.fi\/wp-content\/uploads\/2024\/04\/52212-Yumi-matbord-runt-svart.jpg?fit=960%2C960&ssl=1&resize=525%2C300 1.5x, https:\/\/i0.wp.com\/pohjanmaantehtaanmyymala.fi\/wp-content\/uploads\/2024\/04\/52212-Yumi-matbord-runt-svart.jpg?fit=960%2C960&ssl=1&resize=700%2C400 2x"},"classes":[]},{"id":26645,"url":"https:\/\/pohjanmaantehtaanmyymala.fi\/sv\/tuote\/yumi-ruokapoyta-pyorea-115-cm-valkoinen\/","url_meta":{"origin":9339,"position":2},"title":"YUMI &#8211; ruokap\u00f6yt\u00e4 py\u00f6re\u00e4 115 cm valkoinen","author":"Miro Nevala","date":"mars 13, 2024","format":false,"excerpt":"Poistuva tuote, tarkista saatavuus! Py\u00f6re\u00e4n Yumi ruokap\u00f6yd\u00e4n kansi on kauniisti viistetty joka sirojen jalkojen kanssa antaa kevyen ilmeen p\u00f6yd\u00e4lle. P\u00f6yt\u00e4 on valkoisen v\u00e4rinen. Saatavilla my\u00f6s mustana, tammen v\u00e4risen\u00e4, ruskeana sek\u00e4 valkolakattuna. Kysy tarjousta myynnist\u00e4mme! Tuotetiedot: Kansi: viilutettu mdf-levy. Jalat: massiivipuu.","rel":"","context":"Liknande produkt","block_context":{"text":"Liknande produkt","link":""},"img":{"alt_text":"Rowico Yumi py\u00f6re\u00e4 p\u00f6yt\u00e4 115cm valkoinen","src":"https:\/\/i0.wp.com\/pohjanmaantehtaanmyymala.fi\/wp-content\/uploads\/2024\/03\/Rowico_Yumi_pyo%CC%88rea%CC%88-115cm-valkoinen.jpg?fit=960%2C960&ssl=1&resize=350%2C200","width":350,"height":200,"srcset":"https:\/\/i0.wp.com\/pohjanmaantehtaanmyymala.fi\/wp-content\/uploads\/2024\/03\/Rowico_Yumi_pyo%CC%88rea%CC%88-115cm-valkoinen.jpg?fit=960%2C960&ssl=1&resize=350%2C200 1x, https:\/\/i0.wp.com\/pohjanmaantehtaanmyymala.fi\/wp-content\/uploads\/2024\/03\/Rowico_Yumi_pyo%CC%88rea%CC%88-115cm-valkoinen.jpg?fit=960%2C960&ssl=1&resize=525%2C300 1.5x, https:\/\/i0.wp.com\/pohjanmaantehtaanmyymala.fi\/wp-content\/uploads\/2024\/03\/Rowico_Yumi_pyo%CC%88rea%CC%88-115cm-valkoinen.jpg?fit=960%2C960&ssl=1&resize=700%2C400 2x"},"classes":[]},{"id":9330,"url":"https:\/\/pohjanmaantehtaanmyymala.fi\/sv\/tuote\/yumi-penkki\/","url_meta":{"origin":9339,"position":3},"title":"YUMI &#8211; penkki","author":"petri","date":"september 14, 2019","format":false,"excerpt":"Siro tammesta valmistettu Yumi penkki sopii hyvin ruokailuryhm\u00e4\u00e4n tai yksitt\u00e4iseksi penkiksi esimerkiksi eteiseen. Penkki saatavana vain valkopestyn\u00e4 tammena. Tuotetiedot: Valmistettu tammesta lakattu. Toimitetaan jalat irrallaan.","rel":"","context":"Liknande produkt","block_context":{"text":"Liknande produkt","link":""},"img":{"alt_text":"","src":"https:\/\/i0.wp.com\/pohjanmaantehtaanmyymala.fi\/wp-content\/uploads\/2019\/06\/52495-a-Yumi-sitt-bench-ww-R.jpg?fit=960%2C960&ssl=1&resize=350%2C200","width":350,"height":200,"srcset":"https:\/\/i0.wp.com\/pohjanmaantehtaanmyymala.fi\/wp-content\/uploads\/2019\/06\/52495-a-Yumi-sitt-bench-ww-R.jpg?fit=960%2C960&ssl=1&resize=350%2C200 1x, https:\/\/i0.wp.com\/pohjanmaantehtaanmyymala.fi\/wp-content\/uploads\/2019\/06\/52495-a-Yumi-sitt-bench-ww-R.jpg?fit=960%2C960&ssl=1&resize=525%2C300 1.5x, https:\/\/i0.wp.com\/pohjanmaantehtaanmyymala.fi\/wp-content\/uploads\/2019\/06\/52495-a-Yumi-sitt-bench-ww-R.jpg?fit=960%2C960&ssl=1&resize=700%2C400 2x"},"classes":[]},{"id":21231,"url":"https:\/\/pohjanmaantehtaanmyymala.fi\/sv\/tuote\/yumi-sarjapoyta-pyorea\/","url_meta":{"origin":9339,"position":4},"title":"YUMI &#8211; sarjap\u00f6yt\u00e4 py\u00f6re\u00e4","author":"Sami Viitala","date":"september 5, 2022","format":false,"excerpt":"Yumi- sarjap\u00f6yt\u00e4 sopii olohuoneen sohvp\u00f6yd\u00e4ksi tai vaikka makuuhuoneen y\u00f6p\u00f6yd\u00e4ksi. Saatavana tammi-lv tai valkopestyn\u00e4. Isomman p\u00f6yd\u00e4n halkaisija on 50 cm, korkeus 45 cm ja pienemm\u00e4n halkaisija on 40 cm, korkeus 40 cm. Tuotetiedot: Valmistettu tammiviilutetusta levyst\u00e4. P\u00f6yd\u00e4t toimitetaan jalat irrallaan.","rel":"","context":"Liknande produkt","block_context":{"text":"Liknande produkt","link":""},"img":{"alt_text":"Yumi sarjap\u00f6yt\u00e4 valkopesty","src":"https:\/\/i0.wp.com\/pohjanmaantehtaanmyymala.fi\/wp-content\/uploads\/2019\/09\/Yumi-sarjapoyta-valkopesty-119228.jpg?fit=960%2C960&ssl=1&resize=350%2C200","width":350,"height":200,"srcset":"https:\/\/i0.wp.com\/pohjanmaantehtaanmyymala.fi\/wp-content\/uploads\/2019\/09\/Yumi-sarjapoyta-valkopesty-119228.jpg?fit=960%2C960&ssl=1&resize=350%2C200 1x, https:\/\/i0.wp.com\/pohjanmaantehtaanmyymala.fi\/wp-content\/uploads\/2019\/09\/Yumi-sarjapoyta-valkopesty-119228.jpg?fit=960%2C960&ssl=1&resize=525%2C300 1.5x, https:\/\/i0.wp.com\/pohjanmaantehtaanmyymala.fi\/wp-content\/uploads\/2019\/09\/Yumi-sarjapoyta-valkopesty-119228.jpg?fit=960%2C960&ssl=1&resize=700%2C400 2x"},"classes":[]},{"id":9348,"url":"https:\/\/pohjanmaantehtaanmyymala.fi\/sv\/tuote\/yumi-senkki-152cm\/","url_meta":{"origin":9339,"position":5},"title":"YUMI &#8211; senkki 152cm","author":"petri","date":"september 14, 2019","format":false,"excerpt":"Upea tamminen senkki Rowicon Yumi-kalustesarjasta. Senkiss\u00e4 on Yumi sarjalle tyypilliset korkeat ja sirot jalat jotka antavat kalusteille keve\u00e4n ilmeen. Senkin laatikoissa ja ovissa mukavuutta lis\u00e4\u00e4v\u00e4t hidastinmekanismit. Saatavana vain valkolakattuna tammena. Tuotetiedot: Valmistettu lakatusta massiivitammesta ja tammiviilutetusta kalustelevyst\u00e4. Toimitetaan kasattuna vain jalat ovat irrallaan.","rel":"","context":"Liknande produkt","block_context":{"text":"Liknande produkt","link":""},"img":{"alt_text":"Rowico Yumi senkki valkopesty edest\u00e4","src":"https:\/\/i0.wp.com\/pohjanmaantehtaanmyymala.fi\/wp-content\/uploads\/2019\/09\/Rowico_Yumi_senkki_valkopesty-1.jpg?fit=960%2C960&ssl=1&resize=350%2C200","width":350,"height":200,"srcset":"https:\/\/i0.wp.com\/pohjanmaantehtaanmyymala.fi\/wp-content\/uploads\/2019\/09\/Rowico_Yumi_senkki_valkopesty-1.jpg?fit=960%2C960&ssl=1&resize=350%2C200 1x, https:\/\/i0.wp.com\/pohjanmaantehtaanmyymala.fi\/wp-content\/uploads\/2019\/09\/Rowico_Yumi_senkki_valkopesty-1.jpg?fit=960%2C960&ssl=1&resize=525%2C300 1.5x, https:\/\/i0.wp.com\/pohjanmaantehtaanmyymala.fi\/wp-content\/uploads\/2019\/09\/Rowico_Yumi_senkki_valkopesty-1.jpg?fit=960%2C960&ssl=1&resize=700%2C400 2x"},"classes":[]}],"_links":{"self":[{"href":"https:\/\/pohjanmaantehtaanmyymala.fi\/sv\/wp-json\/wp\/v2\/product\/9339","targetHints":{"allow":["GET"]}}],"collection":[{"href":"https:\/\/pohjanmaantehtaanmyymala.fi\/sv\/wp-json\/wp\/v2\/product"}],"about":[{"href":"https:\/\/pohjanmaantehtaanmyymala.fi\/sv\/wp-json\/wp\/v2\/types\/product"}],"replies":[{"embeddable":true,"href":"https:\/\/pohjanmaantehtaanmyymala.fi\/sv\/wp-json\/wp\/v2\/comments?post=9339"}],"wp:featuredmedia":[{"embeddable":true,"href":"https:\/\/pohjanmaantehtaanmyymala.fi\/sv\/wp-json\/wp\/v2\/media\/9340"}],"wp:attachment":[{"href":"https:\/\/pohjanmaantehtaanmyymala.fi\/sv\/wp-json\/wp\/v2\/media?parent=9339"}],"wp:term":[{"taxonomy":"product_brand","embeddable":true,"href":"https:\/\/pohjanmaantehtaanmyymala.fi\/sv\/wp-json\/wp\/v2\/product_brand?post=9339"},{"taxonomy":"product_cat","embeddable":true,"href":"https:\/\/pohjanmaantehtaanmyymala.fi\/sv\/wp-json\/wp\/v2\/product_cat?post=9339"},{"taxonomy":"product_tag","embeddable":true,"href":"https:\/\/pohjanmaantehtaanmyymala.fi\/sv\/wp-json\/wp\/v2\/product_tag?post=9339"}],"curies":[{"name":"wp","href":"https:\/\/api.w.org\/{rel}","templated":true}]}}