{"id":9293,"date":"2019-09-14T09:31:27","date_gmt":"2019-09-14T07:31:27","guid":{"rendered":""},"modified":"2026-04-25T11:26:24","modified_gmt":"2026-04-25T09:26:24","slug":"sierra-tuoli","status":"publish","type":"product","link":"https:\/\/pohjanmaantehtaanmyymala.fi\/sv\/tuote\/sierra-tuoli\/","title":{"rendered":"SIERRA &#8211; tuoli samettikankaalla, eri v\u00e4rej\u00e4!"},"content":{"rendered":"<p>Trendik\u00e4s verhoiltu Sierra- ruokap\u00f6yd\u00e4n tuoli tukevilla metallijaloilla ja pehmustetulla istuimella.<br \/>\nSaatavana eri v\u00e4reill\u00e4: beigell\u00e4, vaaleansinisell\u00e4, vihre\u00e4ll\u00e4, ruskealla, mustalla ja tummanharmaalla samettikagasverhoilulla.<\/p>\n<p>P\u00e4\u00e4kuvassa on ruskea Sierra-tuoli.<\/p>\n<p>Tuolin istuinkorkeus 47 cm.<\/p>\n<h3>Tuotetiedot:<\/h3>\n<p>Jalat: Mustaksi pulverimaalattu metalli.<br \/>\nIstuinosa: Pehmustettu verhoiltu samettisella mikrokuitukankaalla.<br \/>\nSamettiKangas: 100 % polyesteri, hankauskesto 100000 Martindale.<br \/>\nMikrokuitukangas: 100 % polyesteri, hankauskesto 45000 Martindale.<\/p>\n","protected":false},"excerpt":{"rendered":"<p>Trendik\u00e4s verhoiltu Sierra- ruokap\u00f6yd\u00e4n tuoli tukevilla metallijaloilla ja pehmustetulla istuimella. Saatavana eri v\u00e4reill\u00e4: beigell\u00e4, vaaleansinisell\u00e4, vihre\u00e4ll\u00e4, ruskealla, mustalla ja tummanharmaalla samettikagasverhoilulla. P\u00e4\u00e4kuvassa on ruskea Sierra-tuoli. Tuolin istuinkorkeus 47 cm. Tuotetiedot: Jalat: Mustaksi pulverimaalattu metalli. Istuinosa: Pehmustettu verhoiltu samettisella mikrokuitukankaalla. SamettiKangas: 100 % polyesteri, hankauskesto 100000 Martindale. Mikrokuitukangas: 100 % polyesteri, hankauskesto 45000 Martindale.<\/p>\n","protected":false},"featured_media":9294,"comment_status":"closed","ping_status":"closed","template":"","meta":{"_acf_changed":false,"jetpack_post_was_ever_published":false,"jetpack_publicize_message":"","jetpack_publicize_feature_enabled":true,"jetpack_social_post_already_shared":false,"jetpack_social_options":{"image_generator_settings":{"template":"highway","default_image_id":0,"font":"","enabled":false},"version":2}},"product_brand":[179],"product_cat":[194],"product_tag":[],"class_list":{"0":"post-9293","1":"product","2":"type-product","3":"status-publish","4":"has-post-thumbnail","6":"product_brand-rowico","7":"product_cat-ruokapoydat-ja-tuolit","8":"product_shipping_class-161","10":"first","11":"instock","12":"purchasable","13":"product-type-simple"},"acf":[],"jetpack_publicize_connections":[],"jetpack_sharing_enabled":true,"jetpack-related-posts":[{"id":26517,"url":"https:\/\/pohjanmaantehtaanmyymala.fi\/sv\/tuote\/rowico-waterton-tuoli-valitse-vari\/","url_meta":{"origin":9293,"position":0},"title":"Rowico Waterton tuoli. Valitse v\u00e4ri!","author":"Miro Nevala","date":"april 9, 2024","format":false,"excerpt":"N\u00e4ytt\u00e4v\u00e4 ruokatuoli 2 eri v\u00e4rityksell\u00e4!","rel":"","context":"Liknande produkt","block_context":{"text":"Liknande produkt","link":""},"img":{"alt_text":"Rowico Waterlon tuoli tammi kulma","src":"https:\/\/i0.wp.com\/pohjanmaantehtaanmyymala.fi\/wp-content\/uploads\/2024\/03\/Rowico_Waterton_tuoli-1.jpg?fit=960%2C960&ssl=1&resize=350%2C200","width":350,"height":200,"srcset":"https:\/\/i0.wp.com\/pohjanmaantehtaanmyymala.fi\/wp-content\/uploads\/2024\/03\/Rowico_Waterton_tuoli-1.jpg?fit=960%2C960&ssl=1&resize=350%2C200 1x, https:\/\/i0.wp.com\/pohjanmaantehtaanmyymala.fi\/wp-content\/uploads\/2024\/03\/Rowico_Waterton_tuoli-1.jpg?fit=960%2C960&ssl=1&resize=525%2C300 1.5x, https:\/\/i0.wp.com\/pohjanmaantehtaanmyymala.fi\/wp-content\/uploads\/2024\/03\/Rowico_Waterton_tuoli-1.jpg?fit=960%2C960&ssl=1&resize=700%2C400 2x"},"classes":[]},{"id":28308,"url":"https:\/\/pohjanmaantehtaanmyymala.fi\/sv\/tuote\/alison-tuoli-pyorivalla-istuimella-vaaleabeige\/","url_meta":{"origin":9293,"position":1},"title":"ALISON py\u00f6riv\u00e4 tuoli, vaaleabeige, puujalalla","author":"Sami Viitala","date":"januari 14, 2025","format":false,"excerpt":"Suosittu ruokap\u00f6yd\u00e4n tuoli vaaleanbeigell\u00e4 verhoilulla. Valitse jalkav\u00e4ri!","rel":"","context":"Liknande produkt","block_context":{"text":"Liknande produkt","link":""},"img":{"alt_text":"Rowico Alison py\u00f6riv\u00e4 tuoli vaaleabeige valkopestyll\u00e4 puujalalla milj\u00f6\u00f6ss\u00e4","src":"https:\/\/i0.wp.com\/pohjanmaantehtaanmyymala.fi\/wp-content\/uploads\/2025\/01\/117861_b_mb__Alison_chair_light_beige_whitewash.jpg?fit=1000%2C1000&ssl=1&resize=350%2C200","width":350,"height":200,"srcset":"https:\/\/i0.wp.com\/pohjanmaantehtaanmyymala.fi\/wp-content\/uploads\/2025\/01\/117861_b_mb__Alison_chair_light_beige_whitewash.jpg?fit=1000%2C1000&ssl=1&resize=350%2C200 1x, https:\/\/i0.wp.com\/pohjanmaantehtaanmyymala.fi\/wp-content\/uploads\/2025\/01\/117861_b_mb__Alison_chair_light_beige_whitewash.jpg?fit=1000%2C1000&ssl=1&resize=525%2C300 1.5x, https:\/\/i0.wp.com\/pohjanmaantehtaanmyymala.fi\/wp-content\/uploads\/2025\/01\/117861_b_mb__Alison_chair_light_beige_whitewash.jpg?fit=1000%2C1000&ssl=1&resize=700%2C400 2x"},"classes":[]},{"id":28371,"url":"https:\/\/pohjanmaantehtaanmyymala.fi\/sv\/tuote\/alison-pyoriva-tuoli-tummabeige-puujalalla\/","url_meta":{"origin":9293,"position":2},"title":"ALISON py\u00f6riv\u00e4 tuoli, tummabeige, puujalalla","author":"Sami Viitala","date":"februari 17, 2025","format":false,"excerpt":"Suosittu ruokap\u00f6yd\u00e4n tuoli tumman beigell\u00e4 verhoilulla. Valitse jalkav\u00e4ri!","rel":"","context":"Liknande produkt","block_context":{"text":"Liknande produkt","link":""},"img":{"alt_text":"Rowico Alison py\u00f6riv\u00e4 tuoli tumma beige ruskealla puujalalla","src":"https:\/\/i0.wp.com\/pohjanmaantehtaanmyymala.fi\/wp-content\/uploads\/2025\/02\/117866_a_Alison_swivelchair_dark_beige_brown_oak.jpg?fit=1000%2C1000&ssl=1&resize=350%2C200","width":350,"height":200,"srcset":"https:\/\/i0.wp.com\/pohjanmaantehtaanmyymala.fi\/wp-content\/uploads\/2025\/02\/117866_a_Alison_swivelchair_dark_beige_brown_oak.jpg?fit=1000%2C1000&ssl=1&resize=350%2C200 1x, https:\/\/i0.wp.com\/pohjanmaantehtaanmyymala.fi\/wp-content\/uploads\/2025\/02\/117866_a_Alison_swivelchair_dark_beige_brown_oak.jpg?fit=1000%2C1000&ssl=1&resize=525%2C300 1.5x, https:\/\/i0.wp.com\/pohjanmaantehtaanmyymala.fi\/wp-content\/uploads\/2025\/02\/117866_a_Alison_swivelchair_dark_beige_brown_oak.jpg?fit=1000%2C1000&ssl=1&resize=700%2C400 2x"},"classes":[]},{"id":26670,"url":"https:\/\/pohjanmaantehtaanmyymala.fi\/sv\/tuote\/rowico-rodham-tuoli-valitse-vari\/","url_meta":{"origin":9293,"position":3},"title":"Rowico Rodham tuoli, valitse v\u00e4ri","author":"Miro Nevala","date":"mars 22, 2024","format":false,"excerpt":"Siro tuoli 4 eri v\u00e4rityksell\u00e4. Valitse mieluinen!","rel":"","context":"Liknande produkt","block_context":{"text":"Liknande produkt","link":""},"img":{"alt_text":"Rowico Rodham ruokatuoli valkopesty tammi","src":"https:\/\/i0.wp.com\/pohjanmaantehtaanmyymala.fi\/wp-content\/uploads\/2024\/03\/Rowico_Rodham_ruokatuoli-valkopesty-tammi.jpg?fit=960%2C960&ssl=1&resize=350%2C200","width":350,"height":200,"srcset":"https:\/\/i0.wp.com\/pohjanmaantehtaanmyymala.fi\/wp-content\/uploads\/2024\/03\/Rowico_Rodham_ruokatuoli-valkopesty-tammi.jpg?fit=960%2C960&ssl=1&resize=350%2C200 1x, https:\/\/i0.wp.com\/pohjanmaantehtaanmyymala.fi\/wp-content\/uploads\/2024\/03\/Rowico_Rodham_ruokatuoli-valkopesty-tammi.jpg?fit=960%2C960&ssl=1&resize=525%2C300 1.5x, https:\/\/i0.wp.com\/pohjanmaantehtaanmyymala.fi\/wp-content\/uploads\/2024\/03\/Rowico_Rodham_ruokatuoli-valkopesty-tammi.jpg?fit=960%2C960&ssl=1&resize=700%2C400 2x"},"classes":[]},{"id":26690,"url":"https:\/\/pohjanmaantehtaanmyymala.fi\/sv\/tuote\/rowico-wolcott-tuoli\/","url_meta":{"origin":9293,"position":4},"title":"Rowico Wolcott-tuoli","author":"Miro Nevala","date":"mars 22, 2024","format":false,"excerpt":"Taattua Rowicon laatua ja n\u00e4ytt\u00e4vyytt\u00e4. Valitse v\u00e4ri!","rel":"","context":"Liknande produkt","block_context":{"text":"Liknande produkt","link":""},"img":{"alt_text":"Rowico Wolcott ruokatuoli valkopesty tammi","src":"https:\/\/i0.wp.com\/pohjanmaantehtaanmyymala.fi\/wp-content\/uploads\/2024\/03\/Rowico_Wolcott_ruokatuoli-valkopesty.jpg?fit=960%2C960&ssl=1&resize=350%2C200","width":350,"height":200,"srcset":"https:\/\/i0.wp.com\/pohjanmaantehtaanmyymala.fi\/wp-content\/uploads\/2024\/03\/Rowico_Wolcott_ruokatuoli-valkopesty.jpg?fit=960%2C960&ssl=1&resize=350%2C200 1x, https:\/\/i0.wp.com\/pohjanmaantehtaanmyymala.fi\/wp-content\/uploads\/2024\/03\/Rowico_Wolcott_ruokatuoli-valkopesty.jpg?fit=960%2C960&ssl=1&resize=525%2C300 1.5x, https:\/\/i0.wp.com\/pohjanmaantehtaanmyymala.fi\/wp-content\/uploads\/2024\/03\/Rowico_Wolcott_ruokatuoli-valkopesty.jpg?fit=960%2C960&ssl=1&resize=700%2C400 2x"},"classes":[]},{"id":19624,"url":"https:\/\/pohjanmaantehtaanmyymala.fi\/sv\/tuote\/art-vuodesohva-inari-kankaalla\/","url_meta":{"origin":9293,"position":5},"title":"Art vuodesohva Inari-kankaalla","author":"Sami Viitala","date":"januari 23, 2022","format":false,"excerpt":"Vuodesohva, jossa on helppotoiminen vuodemekanismi. Saatavana eri v\u00e4reill\u00e4.","rel":"","context":"Liknande produkt","block_context":{"text":"Liknande produkt","link":""},"img":{"alt_text":"Art vuodesohva inari-kangas harmaa","src":"https:\/\/i0.wp.com\/pohjanmaantehtaanmyymala.fi\/wp-content\/uploads\/2022\/01\/art_vuodesohva_inari.jpg?fit=960%2C960&ssl=1&resize=350%2C200","width":350,"height":200,"srcset":"https:\/\/i0.wp.com\/pohjanmaantehtaanmyymala.fi\/wp-content\/uploads\/2022\/01\/art_vuodesohva_inari.jpg?fit=960%2C960&ssl=1&resize=350%2C200 1x, https:\/\/i0.wp.com\/pohjanmaantehtaanmyymala.fi\/wp-content\/uploads\/2022\/01\/art_vuodesohva_inari.jpg?fit=960%2C960&ssl=1&resize=525%2C300 1.5x, https:\/\/i0.wp.com\/pohjanmaantehtaanmyymala.fi\/wp-content\/uploads\/2022\/01\/art_vuodesohva_inari.jpg?fit=960%2C960&ssl=1&resize=700%2C400 2x"},"classes":[]}],"_links":{"self":[{"href":"https:\/\/pohjanmaantehtaanmyymala.fi\/sv\/wp-json\/wp\/v2\/product\/9293","targetHints":{"allow":["GET"]}}],"collection":[{"href":"https:\/\/pohjanmaantehtaanmyymala.fi\/sv\/wp-json\/wp\/v2\/product"}],"about":[{"href":"https:\/\/pohjanmaantehtaanmyymala.fi\/sv\/wp-json\/wp\/v2\/types\/product"}],"replies":[{"embeddable":true,"href":"https:\/\/pohjanmaantehtaanmyymala.fi\/sv\/wp-json\/wp\/v2\/comments?post=9293"}],"wp:featuredmedia":[{"embeddable":true,"href":"https:\/\/pohjanmaantehtaanmyymala.fi\/sv\/wp-json\/wp\/v2\/media\/9294"}],"wp:attachment":[{"href":"https:\/\/pohjanmaantehtaanmyymala.fi\/sv\/wp-json\/wp\/v2\/media?parent=9293"}],"wp:term":[{"taxonomy":"product_brand","embeddable":true,"href":"https:\/\/pohjanmaantehtaanmyymala.fi\/sv\/wp-json\/wp\/v2\/product_brand?post=9293"},{"taxonomy":"product_cat","embeddable":true,"href":"https:\/\/pohjanmaantehtaanmyymala.fi\/sv\/wp-json\/wp\/v2\/product_cat?post=9293"},{"taxonomy":"product_tag","embeddable":true,"href":"https:\/\/pohjanmaantehtaanmyymala.fi\/sv\/wp-json\/wp\/v2\/product_tag?post=9293"}],"curies":[{"name":"wp","href":"https:\/\/api.w.org\/{rel}","templated":true}]}}