{"id":9104,"date":"2019-09-14T09:29:12","date_gmt":"2019-09-14T07:29:12","guid":{"rendered":"https:\/\/pohjanmaantehtaanmyymala.fi\/tuote\/fred-ruokapoyta-240cm\/"},"modified":"2026-04-25T11:28:58","modified_gmt":"2026-04-25T09:28:58","slug":"fred-ruokapoyta-240cm","status":"publish","type":"product","link":"https:\/\/pohjanmaantehtaanmyymala.fi\/sv\/tuote\/fred-ruokapoyta-240cm\/","title":{"rendered":"FRED &#8211; ruokap\u00f6yt\u00e4 240cm"},"content":{"rendered":"<p>Rowicon kaunis ja iso Fred-ruokap\u00f6yt\u00e4 on eritt\u00e4in tukeva tammip\u00f6yt\u00e4.<br \/>\nP\u00f6yd\u00e4n kansi on valmistettu massiivitammesta. P\u00f6yd\u00e4n jalat ovat pulverimaalattua metallia.<br \/>\nFred-ruokap\u00f6yd\u00e4n jalat mahdollista asentaa kolmeen eri kohtaan, n\u00e4in saat tuolisi sopimaan p\u00f6yd\u00e4n alle optimaalisesti.<br \/>\nSaatavissa tummanruskealla tai valkopestyll\u00e4 tammikannella. Jalat ovat aina mustat.<\/p>\n<h3>Tuotetiedot:<\/h3>\n<p>Kansi: Massiivitammi.<br \/>\nJalat: Pulverimaalattua metallia.<\/p>\n<p>Toimitetaan jalat irrallaan.<\/p>\n","protected":false},"excerpt":{"rendered":"<p>Rowicon kaunis ja iso Fred-ruokap\u00f6yt\u00e4 on eritt\u00e4in tukeva tammip\u00f6yt\u00e4. P\u00f6yd\u00e4n kansi on valmistettu massiivitammesta. P\u00f6yd\u00e4n jalat ovat pulverimaalattua metallia. Fred-ruokap\u00f6yd\u00e4n jalat mahdollista asentaa kolmeen eri kohtaan, n\u00e4in saat tuolisi sopimaan p\u00f6yd\u00e4n alle optimaalisesti. Saatavissa tummanruskealla tai valkopestyll\u00e4 tammikannella. Jalat ovat aina mustat. Tuotetiedot: Kansi: Massiivitammi. Jalat: Pulverimaalattua metallia. Toimitetaan jalat irrallaan.<\/p>\n","protected":false},"featured_media":9105,"comment_status":"closed","ping_status":"closed","template":"","meta":{"_acf_changed":false,"jetpack_post_was_ever_published":false,"jetpack_publicize_message":"","jetpack_publicize_feature_enabled":true,"jetpack_social_post_already_shared":false,"jetpack_social_options":{"image_generator_settings":{"template":"highway","default_image_id":0,"font":"","enabled":false},"version":2}},"product_brand":[179],"product_cat":[194],"product_tag":[],"class_list":{"0":"post-9104","1":"product","2":"type-product","3":"status-publish","4":"has-post-thumbnail","6":"product_brand-rowico","7":"product_cat-ruokapoydat-ja-tuolit","8":"product_shipping_class-161","10":"first","11":"instock","12":"purchasable","13":"product-type-simple"},"acf":[],"jetpack_publicize_connections":[],"jetpack_sharing_enabled":true,"jetpack-related-posts":[{"id":9098,"url":"https:\/\/pohjanmaantehtaanmyymala.fi\/sv\/tuote\/fred-ruokapoyta-170cm\/","url_meta":{"origin":9104,"position":0},"title":"FRED &#8211; ruokap\u00f6yt\u00e4 170cm","author":"petri","date":"september 14, 2019","format":false,"excerpt":"Rowicon upea Fred- ruokap\u00f6yt\u00e4 on eritt\u00e4in tukeva tammip\u00f6yt\u00e4. P\u00f6yd\u00e4n kansi on valmistettu kokonaan tammesta. P\u00f6yd\u00e4n tukevat jalat ovat pulverimaalattua metallia. Fred Ruokap\u00f6yd\u00e4n jalat mahdollista asentaa kolmeen eri kohtaan n\u00e4in saat tuolisi sopimaan p\u00f6yd\u00e4n alle optimaalisesti. Saatavissa Tummanruskealla tai Valkopestyll\u00e4 tammikannella. Jalat mustat. Tuotetiedot: Kansi: Massiivitammi. Jalat: Pulverimaalattua metallia. Toimitetaan jalat\u2026","rel":"","context":"Liknande produkt","block_context":{"text":"Liknande produkt","link":""},"img":{"alt_text":"","src":"https:\/\/i0.wp.com\/pohjanmaantehtaanmyymala.fi\/wp-content\/uploads\/2019\/06\/117422-b-Fred-matbord-170-vitpigmenterat-R.jpg?fit=960%2C960&ssl=1&resize=350%2C200","width":350,"height":200,"srcset":"https:\/\/i0.wp.com\/pohjanmaantehtaanmyymala.fi\/wp-content\/uploads\/2019\/06\/117422-b-Fred-matbord-170-vitpigmenterat-R.jpg?fit=960%2C960&ssl=1&resize=350%2C200 1x, https:\/\/i0.wp.com\/pohjanmaantehtaanmyymala.fi\/wp-content\/uploads\/2019\/06\/117422-b-Fred-matbord-170-vitpigmenterat-R.jpg?fit=960%2C960&ssl=1&resize=525%2C300 1.5x, https:\/\/i0.wp.com\/pohjanmaantehtaanmyymala.fi\/wp-content\/uploads\/2019\/06\/117422-b-Fred-matbord-170-vitpigmenterat-R.jpg?fit=960%2C960&ssl=1&resize=700%2C400 2x"},"classes":[]},{"id":15618,"url":"https:\/\/pohjanmaantehtaanmyymala.fi\/sv\/tuote\/rowico-haley-tuoli\/","url_meta":{"origin":9104,"position":1},"title":"Rowico HALEY &#8211; tuoli","author":"Sami Viitala","date":"november 20, 2020","format":false,"excerpt":"Rowicon py\u00f6re\u00e4linjainen ruokap\u00f6yd\u00e4n tuoli vaaleanharmaalla verhoilulla.","rel":"","context":"Liknande produkt","block_context":{"text":"Liknande produkt","link":""},"img":{"alt_text":"Rowico Haley tuoli vaalean harmaa","src":"https:\/\/i0.wp.com\/pohjanmaantehtaanmyymala.fi\/wp-content\/uploads\/2020\/11\/Rowico_Haley_tuoli_vaaleanharmaa.jpg?fit=1200%2C1200&ssl=1&resize=350%2C200","width":350,"height":200,"srcset":"https:\/\/i0.wp.com\/pohjanmaantehtaanmyymala.fi\/wp-content\/uploads\/2020\/11\/Rowico_Haley_tuoli_vaaleanharmaa.jpg?fit=1200%2C1200&ssl=1&resize=350%2C200 1x, https:\/\/i0.wp.com\/pohjanmaantehtaanmyymala.fi\/wp-content\/uploads\/2020\/11\/Rowico_Haley_tuoli_vaaleanharmaa.jpg?fit=1200%2C1200&ssl=1&resize=525%2C300 1.5x, https:\/\/i0.wp.com\/pohjanmaantehtaanmyymala.fi\/wp-content\/uploads\/2020\/11\/Rowico_Haley_tuoli_vaaleanharmaa.jpg?fit=1200%2C1200&ssl=1&resize=700%2C400 2x, https:\/\/i0.wp.com\/pohjanmaantehtaanmyymala.fi\/wp-content\/uploads\/2020\/11\/Rowico_Haley_tuoli_vaaleanharmaa.jpg?fit=1200%2C1200&ssl=1&resize=1050%2C600 3x"},"classes":[]},{"id":15800,"url":"https:\/\/pohjanmaantehtaanmyymala.fi\/sv\/tuote\/rowico-alison-tuoli\/","url_meta":{"origin":9104,"position":2},"title":"ALISON py\u00f6riv\u00e4 tuoli metallijalalla","author":"Sami Viitala","date":"november 23, 2020","format":false,"excerpt":"Rowicon kaunis ruokap\u00f6yd\u00e4n tuoli harmaalla tai beigell\u00e4 verhoilulla.","rel":"","context":"Liknande produkt","block_context":{"text":"Liknande produkt","link":""},"img":{"alt_text":"Rowico Alison tuoli antrasiitti mikrokuitu","src":"https:\/\/i0.wp.com\/pohjanmaantehtaanmyymala.fi\/wp-content\/uploads\/2020\/11\/Alison-tuoli-harmaa.jpg?fit=1200%2C1200&ssl=1&resize=350%2C200","width":350,"height":200,"srcset":"https:\/\/i0.wp.com\/pohjanmaantehtaanmyymala.fi\/wp-content\/uploads\/2020\/11\/Alison-tuoli-harmaa.jpg?fit=1200%2C1200&ssl=1&resize=350%2C200 1x, https:\/\/i0.wp.com\/pohjanmaantehtaanmyymala.fi\/wp-content\/uploads\/2020\/11\/Alison-tuoli-harmaa.jpg?fit=1200%2C1200&ssl=1&resize=525%2C300 1.5x, https:\/\/i0.wp.com\/pohjanmaantehtaanmyymala.fi\/wp-content\/uploads\/2020\/11\/Alison-tuoli-harmaa.jpg?fit=1200%2C1200&ssl=1&resize=700%2C400 2x, https:\/\/i0.wp.com\/pohjanmaantehtaanmyymala.fi\/wp-content\/uploads\/2020\/11\/Alison-tuoli-harmaa.jpg?fit=1200%2C1200&ssl=1&resize=1050%2C600 3x"},"classes":[]},{"id":26168,"url":"https:\/\/pohjanmaantehtaanmyymala.fi\/sv\/tuote\/puro-ruokapoyta-140-cm\/","url_meta":{"origin":9104,"position":3},"title":"Puro p\u00f6yt\u00e4 140&#215;80 cm","author":"Miro Nevala","date":"mars 4, 2024","format":false,"excerpt":"Puro ruokap\u00f6yt\u00e4 on sopii suomalaiseen sisustukseen. P\u00f6yd\u00e4n kansi-osa on valmistettu MDF-levyst\u00e4, joka on viimeistelty kauniisti kuvioidulla puuviilulla. T\u00e4m\u00e4 yksityiskohta tuo ruokap\u00f6yt\u00e4\u00e4n l\u00e4mp\u00f6\u00e4 ja luonnetta. Tammen v\u00e4ri antaa p\u00f6yd\u00e4lle luonnollisen ja ajattoman ulkon\u00e4\u00f6n, ja se sopii saumattomasti erilaisiin sisustustyyleihin. Jalka on pulverimaalattua metallia, joka antaa vankan perustan ruokap\u00f6yd\u00e4lle. Tuotetiedot: Mitat: Kannen\u2026","rel":"","context":"Liknande produkt","block_context":{"text":"Liknande produkt","link":""},"img":{"alt_text":"","src":"https:\/\/i0.wp.com\/pohjanmaantehtaanmyymala.fi\/wp-content\/uploads\/2024\/03\/Puro-ruokapoyta-1.jpg?fit=1024%2C1024&ssl=1&resize=350%2C200","width":350,"height":200,"srcset":"https:\/\/i0.wp.com\/pohjanmaantehtaanmyymala.fi\/wp-content\/uploads\/2024\/03\/Puro-ruokapoyta-1.jpg?fit=1024%2C1024&ssl=1&resize=350%2C200 1x, https:\/\/i0.wp.com\/pohjanmaantehtaanmyymala.fi\/wp-content\/uploads\/2024\/03\/Puro-ruokapoyta-1.jpg?fit=1024%2C1024&ssl=1&resize=525%2C300 1.5x, https:\/\/i0.wp.com\/pohjanmaantehtaanmyymala.fi\/wp-content\/uploads\/2024\/03\/Puro-ruokapoyta-1.jpg?fit=1024%2C1024&ssl=1&resize=700%2C400 2x"},"classes":[]},{"id":9109,"url":"https:\/\/pohjanmaantehtaanmyymala.fi\/sv\/tuote\/fred-senkki\/","url_meta":{"origin":9104,"position":4},"title":"FRED &#8211; senkki","author":"petri","date":"september 14, 2019","format":false,"excerpt":"Rowicon Fred- senkki tyylik\u00e4\u00e4n tummanruskeana tai valkopestyn\u00e4 tammena. Mustat metallijalat. Senkin ovissa ja laatikoissa hidastinmekanismit. Tuotetiedot: Valmistettu tammesta. Toimitetaan kasattuna jalat irrallaan.","rel":"","context":"Liknande produkt","block_context":{"text":"Liknande produkt","link":""},"img":{"alt_text":"","src":"https:\/\/i0.wp.com\/pohjanmaantehtaanmyymala.fi\/wp-content\/uploads\/2019\/06\/117421-a-Fred-sideboard-ww-R.jpg?fit=960%2C960&ssl=1&resize=350%2C200","width":350,"height":200,"srcset":"https:\/\/i0.wp.com\/pohjanmaantehtaanmyymala.fi\/wp-content\/uploads\/2019\/06\/117421-a-Fred-sideboard-ww-R.jpg?fit=960%2C960&ssl=1&resize=350%2C200 1x, https:\/\/i0.wp.com\/pohjanmaantehtaanmyymala.fi\/wp-content\/uploads\/2019\/06\/117421-a-Fred-sideboard-ww-R.jpg?fit=960%2C960&ssl=1&resize=525%2C300 1.5x, https:\/\/i0.wp.com\/pohjanmaantehtaanmyymala.fi\/wp-content\/uploads\/2019\/06\/117421-a-Fred-sideboard-ww-R.jpg?fit=960%2C960&ssl=1&resize=700%2C400 2x"},"classes":[]},{"id":13056,"url":"https:\/\/pohjanmaantehtaanmyymala.fi\/sv\/tuote\/house-nordic-vojens-ruokapoyta-120-cm\/","url_meta":{"origin":9104,"position":5},"title":"House Nordic Vojens -ruokap\u00f6yt\u00e4 120 cm","author":"Sami Viitala","date":"september 17, 2020","format":false,"excerpt":"Pieni ja tyylik\u00e4s ruokap\u00f6yt\u00e4 vaikka opiskelija-asuntoon.","rel":"","context":"Liknande produkt","block_context":{"text":"Liknande produkt","link":""},"img":{"alt_text":"Vojens p\u00f6yt\u00e4 80x120 cm puunv\u00e4riset jalat ja valkoinen kansi","src":"https:\/\/i0.wp.com\/pohjanmaantehtaanmyymala.fi\/wp-content\/uploads\/2020\/09\/Vojens_2201030.jpg?fit=960%2C960&ssl=1&resize=350%2C200","width":350,"height":200,"srcset":"https:\/\/i0.wp.com\/pohjanmaantehtaanmyymala.fi\/wp-content\/uploads\/2020\/09\/Vojens_2201030.jpg?fit=960%2C960&ssl=1&resize=350%2C200 1x, https:\/\/i0.wp.com\/pohjanmaantehtaanmyymala.fi\/wp-content\/uploads\/2020\/09\/Vojens_2201030.jpg?fit=960%2C960&ssl=1&resize=525%2C300 1.5x, https:\/\/i0.wp.com\/pohjanmaantehtaanmyymala.fi\/wp-content\/uploads\/2020\/09\/Vojens_2201030.jpg?fit=960%2C960&ssl=1&resize=700%2C400 2x"},"classes":[]}],"_links":{"self":[{"href":"https:\/\/pohjanmaantehtaanmyymala.fi\/sv\/wp-json\/wp\/v2\/product\/9104","targetHints":{"allow":["GET"]}}],"collection":[{"href":"https:\/\/pohjanmaantehtaanmyymala.fi\/sv\/wp-json\/wp\/v2\/product"}],"about":[{"href":"https:\/\/pohjanmaantehtaanmyymala.fi\/sv\/wp-json\/wp\/v2\/types\/product"}],"replies":[{"embeddable":true,"href":"https:\/\/pohjanmaantehtaanmyymala.fi\/sv\/wp-json\/wp\/v2\/comments?post=9104"}],"wp:featuredmedia":[{"embeddable":true,"href":"https:\/\/pohjanmaantehtaanmyymala.fi\/sv\/wp-json\/wp\/v2\/media\/9105"}],"wp:attachment":[{"href":"https:\/\/pohjanmaantehtaanmyymala.fi\/sv\/wp-json\/wp\/v2\/media?parent=9104"}],"wp:term":[{"taxonomy":"product_brand","embeddable":true,"href":"https:\/\/pohjanmaantehtaanmyymala.fi\/sv\/wp-json\/wp\/v2\/product_brand?post=9104"},{"taxonomy":"product_cat","embeddable":true,"href":"https:\/\/pohjanmaantehtaanmyymala.fi\/sv\/wp-json\/wp\/v2\/product_cat?post=9104"},{"taxonomy":"product_tag","embeddable":true,"href":"https:\/\/pohjanmaantehtaanmyymala.fi\/sv\/wp-json\/wp\/v2\/product_tag?post=9104"}],"curies":[{"name":"wp","href":"https:\/\/api.w.org\/{rel}","templated":true}]}}