{"id":9084,"date":"2019-09-14T09:29:02","date_gmt":"2019-09-14T07:29:02","guid":{"rendered":""},"modified":"2026-04-25T11:29:04","modified_gmt":"2026-04-25T09:29:04","slug":"filippa-senkki-122cm","status":"publish","type":"product","link":"https:\/\/pohjanmaantehtaanmyymala.fi\/sv\/tuote\/filippa-senkki-122cm\/","title":{"rendered":"FILIPPA &#8211; senkki 122cm"},"content":{"rendered":"<p>Tyylik\u00e4s massiivitamminen Filippa-senkki Rowicon mallistosta!<\/p>\n<p>Rowicon upealla Filippa sarjalla sisustat kotisi kauniisti sarjasta l\u00f6ytyy lipastot senkit vitriinit ruokap\u00f6yd\u00e4t ja tuolit!<br \/>\nSenkin v\u00e4rivaihtoehtoja ovat Tammi ja Valkopesty tammi.<\/p>\n<p>Tuotetiedot:<br \/>\nOvissa ja laatikoissa hidastinmekanismit.<br \/>\nToimitetaan kasattuna vain jalat ovat irrallaan.<\/p>\n","protected":false},"excerpt":{"rendered":"<p>Tyylik\u00e4s massiivitamminen Filippa-senkki Rowicon mallistosta! Rowicon upealla Filippa sarjalla sisustat kotisi kauniisti sarjasta l\u00f6ytyy lipastot senkit vitriinit ruokap\u00f6yd\u00e4t ja tuolit! Senkin v\u00e4rivaihtoehtoja ovat Tammi ja Valkopesty tammi. Tuotetiedot: Ovissa ja laatikoissa hidastinmekanismit. Toimitetaan kasattuna vain jalat ovat irrallaan.<\/p>\n","protected":false},"featured_media":9085,"comment_status":"closed","ping_status":"closed","template":"","meta":{"_acf_changed":false,"jetpack_post_was_ever_published":false,"jetpack_publicize_message":"","jetpack_publicize_feature_enabled":true,"jetpack_social_post_already_shared":false,"jetpack_social_options":{"image_generator_settings":{"template":"highway","default_image_id":0,"font":"","enabled":false},"version":2}},"product_brand":[179],"product_cat":[196],"product_tag":[],"class_list":{"0":"post-9084","1":"product","2":"type-product","3":"status-publish","4":"has-post-thumbnail","6":"product_brand-rowico","7":"product_cat-sailytyskalusteet-ja-tv-tasot","8":"product_shipping_class-161","10":"first","11":"instock","12":"purchasable","13":"product-type-simple"},"acf":[],"jetpack_publicize_connections":[],"jetpack_sharing_enabled":true,"jetpack-related-posts":[{"id":9079,"url":"https:\/\/pohjanmaantehtaanmyymala.fi\/sv\/tuote\/filippa-senkki-150cm\/","url_meta":{"origin":9084,"position":0},"title":"FILIPPA &#8211; senkki 150cm","author":"petri","date":"september 14, 2019","format":false,"excerpt":"Tyylik\u00e4s iso 150cm massiivitamminen Filippa-senkki Rowicon mallistosta! Rowicon upealla Filippa sarjalla sisustat kotisi kauniisti sarjasta l\u00f6ytyy lipastot senkit vitriinit ruokap\u00f6yd\u00e4t ja tuolit! Kannen v\u00e4rivaihtoehtoja ovat Tammi Valkopesty tammi ja Ruskea. Rungon v\u00e4rit: Valkoinen valkopesty tammi ja tammi. Tuotetiedot: Ovissa ja laatikoissa hidastinmekanismit. Toimitetaan kasattuna vain jalat ovat irrallaan.","rel":"","context":"Liknande produkt","block_context":{"text":"Liknande produkt","link":""},"img":{"alt_text":"","src":"https:\/\/i0.wp.com\/pohjanmaantehtaanmyymala.fi\/wp-content\/uploads\/2019\/06\/113776-a-Filippa-R.jpg?fit=960%2C960&ssl=1&resize=350%2C200","width":350,"height":200,"srcset":"https:\/\/i0.wp.com\/pohjanmaantehtaanmyymala.fi\/wp-content\/uploads\/2019\/06\/113776-a-Filippa-R.jpg?fit=960%2C960&ssl=1&resize=350%2C200 1x, https:\/\/i0.wp.com\/pohjanmaantehtaanmyymala.fi\/wp-content\/uploads\/2019\/06\/113776-a-Filippa-R.jpg?fit=960%2C960&ssl=1&resize=525%2C300 1.5x, https:\/\/i0.wp.com\/pohjanmaantehtaanmyymala.fi\/wp-content\/uploads\/2019\/06\/113776-a-Filippa-R.jpg?fit=960%2C960&ssl=1&resize=700%2C400 2x"},"classes":[]},{"id":9092,"url":"https:\/\/pohjanmaantehtaanmyymala.fi\/sv\/tuote\/filippa-vitriini\/","url_meta":{"origin":9084,"position":1},"title":"FILIPPA &#8211; vitriini","author":"petri","date":"september 14, 2019","format":false,"excerpt":"Filippa vitriiniss\u00e4 on kaksi lasiovea ja alla kaksi laatikkoa. Vitriinin sis\u00e4ll\u00e4 on kaksi lasihylly\u00e4. Kannen v\u00e4rivaihtoehtoja ovat Tammi ja Valkopestytammi. Rowicon upealla Filippa sarjalla sisustat kotisi kauniisti sarjasta l\u00f6ytyy lipastot senkit vitriinit ruokap\u00f6yd\u00e4t ja tuolit! Filippa vitriini toimitetaan koottuna vain jalat ovat irrallaan.","rel":"","context":"Liknande produkt","block_context":{"text":"Liknande produkt","link":""},"img":{"alt_text":"","src":"https:\/\/i0.wp.com\/pohjanmaantehtaanmyymala.fi\/wp-content\/uploads\/2019\/06\/113778-a-Filippa-R.jpg?fit=960%2C960&ssl=1&resize=350%2C200","width":350,"height":200,"srcset":"https:\/\/i0.wp.com\/pohjanmaantehtaanmyymala.fi\/wp-content\/uploads\/2019\/06\/113778-a-Filippa-R.jpg?fit=960%2C960&ssl=1&resize=350%2C200 1x, https:\/\/i0.wp.com\/pohjanmaantehtaanmyymala.fi\/wp-content\/uploads\/2019\/06\/113778-a-Filippa-R.jpg?fit=960%2C960&ssl=1&resize=525%2C300 1.5x, https:\/\/i0.wp.com\/pohjanmaantehtaanmyymala.fi\/wp-content\/uploads\/2019\/06\/113778-a-Filippa-R.jpg?fit=960%2C960&ssl=1&resize=700%2C400 2x"},"classes":[]},{"id":9059,"url":"https:\/\/pohjanmaantehtaanmyymala.fi\/sv\/tuote\/filippa-klaffipoyta\/","url_meta":{"origin":9084,"position":2},"title":"FILIPPA klaffip\u00f6yt\u00e4 80&#215;80 cm","author":"petri","date":"september 14, 2019","format":false,"excerpt":"Tammesta valmistettu tukeva ruokap\u00f6yt\u00e4 klaffi jatkolla. Rowico Filippa- klaffip\u00f6yt\u00e4 on kest\u00e4v\u00e4 ja tukeva. Tammesta valmistetun p\u00f6yd\u00e4n koko on 80x80 cm ja se sis\u00e4lt\u00e4\u00e4 45 cm pitk\u00e4 helppok\u00e4ytt\u00f6isen klaffijatkon. P\u00f6yt\u00e4 on viimeistelty \u00f6ljy\u00e4m\u00e4ll\u00e4. V\u00e4rit: tammi luonnonv\u00e4ri ja valkopestytammi. Toimitetaan jalat irrallaan.","rel":"","context":"Liknande produkt","block_context":{"text":"Liknande produkt","link":""},"img":{"alt_text":"","src":"https:\/\/i0.wp.com\/pohjanmaantehtaanmyymala.fi\/wp-content\/uploads\/2019\/06\/113718-b-Filippa-R.jpg?fit=960%2C960&ssl=1&resize=350%2C200","width":350,"height":200,"srcset":"https:\/\/i0.wp.com\/pohjanmaantehtaanmyymala.fi\/wp-content\/uploads\/2019\/06\/113718-b-Filippa-R.jpg?fit=960%2C960&ssl=1&resize=350%2C200 1x, https:\/\/i0.wp.com\/pohjanmaantehtaanmyymala.fi\/wp-content\/uploads\/2019\/06\/113718-b-Filippa-R.jpg?fit=960%2C960&ssl=1&resize=525%2C300 1.5x, https:\/\/i0.wp.com\/pohjanmaantehtaanmyymala.fi\/wp-content\/uploads\/2019\/06\/113718-b-Filippa-R.jpg?fit=960%2C960&ssl=1&resize=700%2C400 2x"},"classes":[]},{"id":9067,"url":"https:\/\/pohjanmaantehtaanmyymala.fi\/sv\/tuote\/filippa-ruokapoydan-jatkopala\/","url_meta":{"origin":9084,"position":3},"title":"FILIPPA &#8211; ruokap\u00f6yd\u00e4n jatkopala","author":"petri","date":"september 14, 2019","format":false,"excerpt":"T\u00e4m\u00e4 jatkopala soveltuu vain Rowicon 140x90 cm. ja 180x90 cm. kokoisiin Filippa- ruokap\u00f6ytiin. P\u00f6ytiin on mahdollista laittaa jatkopala p\u00f6yd\u00e4n molempiin p\u00e4ihin. Jatkopalan koko: 50x90 cm. Valittavanasi on kolme eri v\u00e4ri\u00e4. (Ruskea Tammi Valkopesty Tammi)","rel":"","context":"Liknande produkt","block_context":{"text":"Liknande produkt","link":""},"img":{"alt_text":"","src":"https:\/\/i0.wp.com\/pohjanmaantehtaanmyymala.fi\/wp-content\/uploads\/2019\/06\/113734-a-Filippa-R.jpg?fit=960%2C960&ssl=1&resize=350%2C200","width":350,"height":200,"srcset":"https:\/\/i0.wp.com\/pohjanmaantehtaanmyymala.fi\/wp-content\/uploads\/2019\/06\/113734-a-Filippa-R.jpg?fit=960%2C960&ssl=1&resize=350%2C200 1x, https:\/\/i0.wp.com\/pohjanmaantehtaanmyymala.fi\/wp-content\/uploads\/2019\/06\/113734-a-Filippa-R.jpg?fit=960%2C960&ssl=1&resize=525%2C300 1.5x, https:\/\/i0.wp.com\/pohjanmaantehtaanmyymala.fi\/wp-content\/uploads\/2019\/06\/113734-a-Filippa-R.jpg?fit=960%2C960&ssl=1&resize=700%2C400 2x"},"classes":[]},{"id":9089,"url":"https:\/\/pohjanmaantehtaanmyymala.fi\/sv\/tuote\/filippa-tuoli-pehmustettu\/","url_meta":{"origin":9084,"position":4},"title":"FILIPPA &#8211; tuoli (pehmustettu)","author":"petri","date":"september 14, 2019","format":false,"excerpt":"Pehmustettu Filippa ruokatuoli on tukeva tamminen tuoli. Tuolin istuin verhoiltu harmaalla kankaalla Rungon v\u00e4ri: Tammi tai valkopesty tammi. Istuinkorkeus 46cm Toimitetaan koottuna.","rel":"","context":"Liknande produkt","block_context":{"text":"Liknande produkt","link":""},"img":{"alt_text":"","src":"https:\/\/i0.wp.com\/pohjanmaantehtaanmyymala.fi\/wp-content\/uploads\/2019\/06\/113781-a-Filippa-R.jpg?fit=960%2C960&ssl=1&resize=350%2C200","width":350,"height":200,"srcset":"https:\/\/i0.wp.com\/pohjanmaantehtaanmyymala.fi\/wp-content\/uploads\/2019\/06\/113781-a-Filippa-R.jpg?fit=960%2C960&ssl=1&resize=350%2C200 1x, https:\/\/i0.wp.com\/pohjanmaantehtaanmyymala.fi\/wp-content\/uploads\/2019\/06\/113781-a-Filippa-R.jpg?fit=960%2C960&ssl=1&resize=525%2C300 1.5x, https:\/\/i0.wp.com\/pohjanmaantehtaanmyymala.fi\/wp-content\/uploads\/2019\/06\/113781-a-Filippa-R.jpg?fit=960%2C960&ssl=1&resize=700%2C400 2x"},"classes":[]},{"id":9064,"url":"https:\/\/pohjanmaantehtaanmyymala.fi\/sv\/tuote\/filippa-ruokaryhma-6lla-tuolilla\/","url_meta":{"origin":9084,"position":5},"title":"FILIPPA \u2013 ruokaryhm\u00e4 6:lla tuolilla","author":"petri","date":"september 14, 2019","format":false,"excerpt":"Rowicon upea Filippa- ruokailuryhm\u00e4 sis\u00e4lt\u00e4\u00e4 p\u00f6yd\u00e4n 180*90 cm ja 6 kpl tuolia. Filippa- ruokailuryhm\u00e4 on valmistettu tammesta, jossa upea valkolakattu pinta. Tuolien istuin on pehmustettu ja verhoiltu harmaalla kankaalla. P\u00f6yd\u00e4n mitat: Halkaisija 180 * 90 cm korkeus 75 cm Tuolin mitat: Lev. 44 cm Syv. 48 cm ja kork. 92\u2026","rel":"","context":"Liknande produkt","block_context":{"text":"Liknande produkt","link":""},"img":{"alt_text":"","src":"https:\/\/i0.wp.com\/pohjanmaantehtaanmyymala.fi\/wp-content\/uploads\/2019\/09\/113729-Filippa-matbord-180-ww-Filippa-stol-a.jpg?fit=960%2C960&ssl=1&resize=350%2C200","width":350,"height":200,"srcset":"https:\/\/i0.wp.com\/pohjanmaantehtaanmyymala.fi\/wp-content\/uploads\/2019\/09\/113729-Filippa-matbord-180-ww-Filippa-stol-a.jpg?fit=960%2C960&ssl=1&resize=350%2C200 1x, https:\/\/i0.wp.com\/pohjanmaantehtaanmyymala.fi\/wp-content\/uploads\/2019\/09\/113729-Filippa-matbord-180-ww-Filippa-stol-a.jpg?fit=960%2C960&ssl=1&resize=525%2C300 1.5x, https:\/\/i0.wp.com\/pohjanmaantehtaanmyymala.fi\/wp-content\/uploads\/2019\/09\/113729-Filippa-matbord-180-ww-Filippa-stol-a.jpg?fit=960%2C960&ssl=1&resize=700%2C400 2x"},"classes":[]}],"_links":{"self":[{"href":"https:\/\/pohjanmaantehtaanmyymala.fi\/sv\/wp-json\/wp\/v2\/product\/9084","targetHints":{"allow":["GET"]}}],"collection":[{"href":"https:\/\/pohjanmaantehtaanmyymala.fi\/sv\/wp-json\/wp\/v2\/product"}],"about":[{"href":"https:\/\/pohjanmaantehtaanmyymala.fi\/sv\/wp-json\/wp\/v2\/types\/product"}],"replies":[{"embeddable":true,"href":"https:\/\/pohjanmaantehtaanmyymala.fi\/sv\/wp-json\/wp\/v2\/comments?post=9084"}],"wp:featuredmedia":[{"embeddable":true,"href":"https:\/\/pohjanmaantehtaanmyymala.fi\/sv\/wp-json\/wp\/v2\/media\/9085"}],"wp:attachment":[{"href":"https:\/\/pohjanmaantehtaanmyymala.fi\/sv\/wp-json\/wp\/v2\/media?parent=9084"}],"wp:term":[{"taxonomy":"product_brand","embeddable":true,"href":"https:\/\/pohjanmaantehtaanmyymala.fi\/sv\/wp-json\/wp\/v2\/product_brand?post=9084"},{"taxonomy":"product_cat","embeddable":true,"href":"https:\/\/pohjanmaantehtaanmyymala.fi\/sv\/wp-json\/wp\/v2\/product_cat?post=9084"},{"taxonomy":"product_tag","embeddable":true,"href":"https:\/\/pohjanmaantehtaanmyymala.fi\/sv\/wp-json\/wp\/v2\/product_tag?post=9084"}],"curies":[{"name":"wp","href":"https:\/\/api.w.org\/{rel}","templated":true}]}}