{"id":9075,"date":"2019-09-14T09:28:59","date_gmt":"2019-09-14T07:28:59","guid":{"rendered":""},"modified":"2026-04-25T11:29:05","modified_gmt":"2026-04-25T09:29:05","slug":"filippa-ruokapoyta-180cm","status":"publish","type":"product","link":"https:\/\/pohjanmaantehtaanmyymala.fi\/sv\/tuote\/filippa-ruokapoyta-180cm\/","title":{"rendered":"FILIPPA &#8211; ruokap\u00f6yt\u00e4 180 cm"},"content":{"rendered":"<p>Rowicon- Filippa ruokap\u00f6yt\u00e4 on valmistettu massiivitammesta.<br \/>\nP\u00f6yd\u00e4n v\u00e4rivaihtoehtoja ovat Tammi luonnonv\u00e4ri, Valkopesty tammi ja Ruskea.<br \/>\nFilippa- p\u00f6ydille keve\u00e4n ilmeen antaa kannen viistetty reuna ja alasp\u00e4in kapenevat jalat.<br \/>\nT\u00e4h\u00e4n malliin saatavilla jatkopala molempiin p\u00e4ihin joten p\u00f6yd\u00e4n maksimipituus voi olla jopa 280cm.<\/p>\n<p>Toimitetaan jalat irrallaan.<\/p>\n<p>Hoito-ohjeet:<\/p>\n<p>-\u00d6ljyll\u00e4 k\u00e4sitellyt pinnat (tammi ja valkopesty tammi) on k\u00e4sitelt\u00e4v\u00e4 l\u00e4pin\u00e4kyv\u00e4ll\u00e4 \u00f6ljyll\u00e4 ennen k\u00e4ytt\u00f6\u00e4 ja sitten s\u00e4\u00e4nn\u00f6lli sesti 2\u20133<br \/>\nkertaa vuodessa tai tarpeen mukaan. T\u00e4m\u00e4 koskee erityisesti p\u00f6yt\u00e4levy\u00e4 tahrojen ja naarmujen<br \/>\nv\u00e4ltt\u00e4miseksi.<br \/>\n-Puhdista hyvin puristetulla pehme\u00e4ll\u00e4 liinalla, jossa on vain vett\u00e4 tai mietoa saippualiuosta.<br \/>\nPyyhi aina kuivalla liinalla.<br \/>\n-L\u00e4mp\u00f6tila ja kosteus vaikuttavat puun kutistumiseen ja turpoamiseen. T\u00e4m\u00e4 voi aiheuttaa sen, ett\u00e4 ovien,<br \/>\njalkojen, laatikoiden ja jatkolevyjen sopivuus vaihtelee. Ruuvit ja kiinnikkeet on siksi s\u00e4\u00e4dett\u00e4v\u00e4 ja<br \/>\nkiristett\u00e4v\u00e4 s\u00e4\u00e4nn\u00f6llisesti.<br \/>\n-Jos huonekalussa on j\u00e4lki, kuten vesirengas tai muu tahra, suosittelemme k\u00e4ytt\u00e4m\u00e4\u00e4n koko p\u00f6yd\u00e4n<br \/>\npinnalla s\u00e4vytetty\u00e4 \u00f6ljy\u00e4, joka sopii p\u00f6yd\u00e4n s\u00e4vyyn. Muista my\u00f6s jatkolevyt, koska v\u00e4ri luonnollisesti<br \/>\nmuuttuu hieman. Tee aina testik\u00e4sittely n\u00e4kym\u00e4tt\u00f6miin j\u00e4\u00e4v\u00e4lle pinnalle. Noudata huonekalun toimittajan<br \/>\nohjeita.<\/p>\n<p>Varoitukset:<br \/>\n-Suojaa huonekalut aina ter\u00e4vilt\u00e4, kuumilta, kylmilt\u00e4 esineilt\u00e4, voimakkailta liuottimilta ja kosteudelta.<br \/>\nKaikentyyppiset nesteet, kuten vesi, kahvi ja viini on kuivattava heti pois.<\/p>\n<p>-Ole varovainen, jos k\u00e4yt\u00e4t huonekalun p\u00e4\u00e4ll\u00e4 v\u00e4rillisi\u00e4 kynttil\u00f6it\u00e4 tai teippi\u00e4.<br \/>\n-\u00c4l\u00e4 k\u00e4yt\u00e4 voimakkaita kemikaaleja, alkoholia tai hankaavia puhdistusaineita pinnan puhdistamiseen.<br \/>\n-Suojaa tekstiilit ja tapetit \u00f6ljytt\u00e4ess\u00e4.<\/p>\n","protected":false},"excerpt":{"rendered":"<p>Rowicon- Filippa ruokap\u00f6yt\u00e4 on valmistettu massiivitammesta. P\u00f6yd\u00e4n v\u00e4rivaihtoehtoja ovat Tammi luonnonv\u00e4ri, Valkopesty tammi ja Ruskea. Filippa- p\u00f6ydille keve\u00e4n ilmeen antaa kannen viistetty reuna ja alasp\u00e4in kapenevat jalat. T\u00e4h\u00e4n malliin saatavilla jatkopala molempiin p\u00e4ihin joten p\u00f6yd\u00e4n maksimipituus voi olla jopa 280cm. Toimitetaan jalat irrallaan. Hoito-ohjeet: -\u00d6ljyll\u00e4 k\u00e4sitellyt pinnat (tammi ja valkopesty tammi) on k\u00e4sitelt\u00e4v\u00e4 l\u00e4pin\u00e4kyv\u00e4ll\u00e4 \u00f6ljyll\u00e4 [&hellip;]<\/p>\n","protected":false},"featured_media":21583,"comment_status":"closed","ping_status":"closed","template":"","meta":{"_acf_changed":false,"jetpack_post_was_ever_published":false,"jetpack_publicize_message":"","jetpack_publicize_feature_enabled":true,"jetpack_social_post_already_shared":false,"jetpack_social_options":{"image_generator_settings":{"template":"highway","default_image_id":0,"font":"","enabled":false},"version":2}},"product_brand":[179],"product_cat":[194],"product_tag":[],"class_list":{"0":"post-9075","1":"product","2":"type-product","3":"status-publish","4":"has-post-thumbnail","6":"product_brand-rowico","7":"product_cat-ruokapoydat-ja-tuolit","8":"product_shipping_class-161","10":"first","11":"instock","12":"purchasable","13":"product-type-simple"},"acf":[],"jetpack_publicize_connections":[],"jetpack_sharing_enabled":true,"jetpack-related-posts":[{"id":22263,"url":"https:\/\/pohjanmaantehtaanmyymala.fi\/sv\/tuote\/filippa-jatkettava-pyorea-ruokapoyta-12045-cm\/","url_meta":{"origin":9075,"position":0},"title":"FILIPPA jatkettava py\u00f6re\u00e4 ruokap\u00f6yt\u00e4 120+45 cm","author":"Sami Viitala","date":"januari 17, 2023","format":false,"excerpt":"N\u00e4tti Rowico Filippa py\u00f6re\u00e4 p\u00f6yt\u00e4 on valmistettu massiivitammesta. P\u00f6yt\u00e4 sopii useiden erilaisten ruokatuolien kanssa yhteen. P\u00f6yd\u00e4n v\u00e4rivaihtoehtoja ovat Valkopesty tammi ja Ruskeaksi petsattu tammi. Filippa- p\u00f6ydille keve\u00e4n ilmeen antaa kannen viistetty reuna ja alasp\u00e4in kapenevat jalat. T\u00e4h\u00e4n malliin kuuluu 45 cm:n jatkopala. P\u00f6yt\u00e4\u00e4n on lis\u00e4ksi mahdollista ostaa toinen jatkopala lis\u00e4\u00e4,\u2026","rel":"","context":"Liknande produkt","block_context":{"text":"Liknande produkt","link":""},"img":{"alt_text":"Filippa jatkettava py\u00f6re\u00e4 poyt\u00e4 halkaisija 120 cm valkopesty tammi","src":"https:\/\/i0.wp.com\/pohjanmaantehtaanmyymala.fi\/wp-content\/uploads\/2023\/01\/Filippa_113756_pyorea_poyta_120_valkopestytam.jpg?fit=960%2C960&ssl=1&resize=350%2C200","width":350,"height":200,"srcset":"https:\/\/i0.wp.com\/pohjanmaantehtaanmyymala.fi\/wp-content\/uploads\/2023\/01\/Filippa_113756_pyorea_poyta_120_valkopestytam.jpg?fit=960%2C960&ssl=1&resize=350%2C200 1x, https:\/\/i0.wp.com\/pohjanmaantehtaanmyymala.fi\/wp-content\/uploads\/2023\/01\/Filippa_113756_pyorea_poyta_120_valkopestytam.jpg?fit=960%2C960&ssl=1&resize=525%2C300 1.5x, https:\/\/i0.wp.com\/pohjanmaantehtaanmyymala.fi\/wp-content\/uploads\/2023\/01\/Filippa_113756_pyorea_poyta_120_valkopestytam.jpg?fit=960%2C960&ssl=1&resize=700%2C400 2x"},"classes":[]},{"id":29602,"url":"https:\/\/pohjanmaantehtaanmyymala.fi\/sv\/tuote\/clapperton-ruokapoyta-220x95-cm\/","url_meta":{"origin":9075,"position":1},"title":"Rowico Clapperton ruokap\u00f6yt\u00e4 220&#215;95 cm","author":"Sami Viitala","date":"januari 20, 2026","format":false,"excerpt":"Rowico Clapperton \u2013 Skandinaavista eleganssia ja massiivipuun tuntua. Valitse v\u00e4ri alta!","rel":"","context":"Liknande produkt","block_context":{"text":"Liknande produkt","link":""},"img":{"alt_text":"Rowico Clapperton ruokap\u00f6yt\u00e4 95x220 cm valkopestytammi","src":"https:\/\/i0.wp.com\/pohjanmaantehtaanmyymala.fi\/wp-content\/uploads\/2026\/01\/clapperton_poyta_220_valkopesty_tammi.jpg?fit=1000%2C1000&ssl=1&resize=350%2C200","width":350,"height":200,"srcset":"https:\/\/i0.wp.com\/pohjanmaantehtaanmyymala.fi\/wp-content\/uploads\/2026\/01\/clapperton_poyta_220_valkopesty_tammi.jpg?fit=1000%2C1000&ssl=1&resize=350%2C200 1x, https:\/\/i0.wp.com\/pohjanmaantehtaanmyymala.fi\/wp-content\/uploads\/2026\/01\/clapperton_poyta_220_valkopesty_tammi.jpg?fit=1000%2C1000&ssl=1&resize=525%2C300 1.5x, https:\/\/i0.wp.com\/pohjanmaantehtaanmyymala.fi\/wp-content\/uploads\/2026\/01\/clapperton_poyta_220_valkopesty_tammi.jpg?fit=1000%2C1000&ssl=1&resize=700%2C400 2x"},"classes":[]},{"id":9067,"url":"https:\/\/pohjanmaantehtaanmyymala.fi\/sv\/tuote\/filippa-ruokapoydan-jatkopala\/","url_meta":{"origin":9075,"position":2},"title":"FILIPPA &#8211; ruokap\u00f6yd\u00e4n jatkopala","author":"petri","date":"september 14, 2019","format":false,"excerpt":"T\u00e4m\u00e4 jatkopala soveltuu vain Rowicon 140x90 cm. ja 180x90 cm. kokoisiin Filippa- ruokap\u00f6ytiin. P\u00f6ytiin on mahdollista laittaa jatkopala p\u00f6yd\u00e4n molempiin p\u00e4ihin. Jatkopalan koko: 50x90 cm. Valittavanasi on kolme eri v\u00e4ri\u00e4. (Ruskea Tammi Valkopesty Tammi)","rel":"","context":"Liknande produkt","block_context":{"text":"Liknande produkt","link":""},"img":{"alt_text":"","src":"https:\/\/i0.wp.com\/pohjanmaantehtaanmyymala.fi\/wp-content\/uploads\/2019\/06\/113734-a-Filippa-R.jpg?fit=960%2C960&ssl=1&resize=350%2C200","width":350,"height":200,"srcset":"https:\/\/i0.wp.com\/pohjanmaantehtaanmyymala.fi\/wp-content\/uploads\/2019\/06\/113734-a-Filippa-R.jpg?fit=960%2C960&ssl=1&resize=350%2C200 1x, https:\/\/i0.wp.com\/pohjanmaantehtaanmyymala.fi\/wp-content\/uploads\/2019\/06\/113734-a-Filippa-R.jpg?fit=960%2C960&ssl=1&resize=525%2C300 1.5x, https:\/\/i0.wp.com\/pohjanmaantehtaanmyymala.fi\/wp-content\/uploads\/2019\/06\/113734-a-Filippa-R.jpg?fit=960%2C960&ssl=1&resize=700%2C400 2x"},"classes":[]},{"id":9059,"url":"https:\/\/pohjanmaantehtaanmyymala.fi\/sv\/tuote\/filippa-klaffipoyta\/","url_meta":{"origin":9075,"position":3},"title":"FILIPPA klaffip\u00f6yt\u00e4 80&#215;80 cm","author":"petri","date":"september 14, 2019","format":false,"excerpt":"Tammesta valmistettu tukeva ruokap\u00f6yt\u00e4 klaffi jatkolla. Rowico Filippa- klaffip\u00f6yt\u00e4 on kest\u00e4v\u00e4 ja tukeva. Tammesta valmistetun p\u00f6yd\u00e4n koko on 80x80 cm ja se sis\u00e4lt\u00e4\u00e4 45 cm pitk\u00e4 helppok\u00e4ytt\u00f6isen klaffijatkon. P\u00f6yt\u00e4 on viimeistelty \u00f6ljy\u00e4m\u00e4ll\u00e4. V\u00e4rit: tammi luonnonv\u00e4ri ja valkopestytammi. Toimitetaan jalat irrallaan.","rel":"","context":"Liknande produkt","block_context":{"text":"Liknande produkt","link":""},"img":{"alt_text":"","src":"https:\/\/i0.wp.com\/pohjanmaantehtaanmyymala.fi\/wp-content\/uploads\/2019\/06\/113718-b-Filippa-R.jpg?fit=960%2C960&ssl=1&resize=350%2C200","width":350,"height":200,"srcset":"https:\/\/i0.wp.com\/pohjanmaantehtaanmyymala.fi\/wp-content\/uploads\/2019\/06\/113718-b-Filippa-R.jpg?fit=960%2C960&ssl=1&resize=350%2C200 1x, https:\/\/i0.wp.com\/pohjanmaantehtaanmyymala.fi\/wp-content\/uploads\/2019\/06\/113718-b-Filippa-R.jpg?fit=960%2C960&ssl=1&resize=525%2C300 1.5x, https:\/\/i0.wp.com\/pohjanmaantehtaanmyymala.fi\/wp-content\/uploads\/2019\/06\/113718-b-Filippa-R.jpg?fit=960%2C960&ssl=1&resize=700%2C400 2x"},"classes":[]},{"id":9079,"url":"https:\/\/pohjanmaantehtaanmyymala.fi\/sv\/tuote\/filippa-senkki-150cm\/","url_meta":{"origin":9075,"position":4},"title":"FILIPPA &#8211; senkki 150cm","author":"petri","date":"september 14, 2019","format":false,"excerpt":"Tyylik\u00e4s iso 150cm massiivitamminen Filippa-senkki Rowicon mallistosta! Rowicon upealla Filippa sarjalla sisustat kotisi kauniisti sarjasta l\u00f6ytyy lipastot senkit vitriinit ruokap\u00f6yd\u00e4t ja tuolit! Kannen v\u00e4rivaihtoehtoja ovat Tammi Valkopesty tammi ja Ruskea. Rungon v\u00e4rit: Valkoinen valkopesty tammi ja tammi. Tuotetiedot: Ovissa ja laatikoissa hidastinmekanismit. Toimitetaan kasattuna vain jalat ovat irrallaan.","rel":"","context":"Liknande produkt","block_context":{"text":"Liknande produkt","link":""},"img":{"alt_text":"","src":"https:\/\/i0.wp.com\/pohjanmaantehtaanmyymala.fi\/wp-content\/uploads\/2019\/06\/113776-a-Filippa-R.jpg?fit=960%2C960&ssl=1&resize=350%2C200","width":350,"height":200,"srcset":"https:\/\/i0.wp.com\/pohjanmaantehtaanmyymala.fi\/wp-content\/uploads\/2019\/06\/113776-a-Filippa-R.jpg?fit=960%2C960&ssl=1&resize=350%2C200 1x, https:\/\/i0.wp.com\/pohjanmaantehtaanmyymala.fi\/wp-content\/uploads\/2019\/06\/113776-a-Filippa-R.jpg?fit=960%2C960&ssl=1&resize=525%2C300 1.5x, https:\/\/i0.wp.com\/pohjanmaantehtaanmyymala.fi\/wp-content\/uploads\/2019\/06\/113776-a-Filippa-R.jpg?fit=960%2C960&ssl=1&resize=700%2C400 2x"},"classes":[]},{"id":9084,"url":"https:\/\/pohjanmaantehtaanmyymala.fi\/sv\/tuote\/filippa-senkki-122cm\/","url_meta":{"origin":9075,"position":5},"title":"FILIPPA &#8211; senkki 122cm","author":"petri","date":"september 14, 2019","format":false,"excerpt":"Tyylik\u00e4s massiivitamminen Filippa-senkki Rowicon mallistosta! Rowicon upealla Filippa sarjalla sisustat kotisi kauniisti sarjasta l\u00f6ytyy lipastot senkit vitriinit ruokap\u00f6yd\u00e4t ja tuolit! Senkin v\u00e4rivaihtoehtoja ovat Tammi ja Valkopesty tammi. Tuotetiedot: Ovissa ja laatikoissa hidastinmekanismit. Toimitetaan kasattuna vain jalat ovat irrallaan.","rel":"","context":"Liknande produkt","block_context":{"text":"Liknande produkt","link":""},"img":{"alt_text":"","src":"https:\/\/i0.wp.com\/pohjanmaantehtaanmyymala.fi\/wp-content\/uploads\/2019\/06\/113736-a-Filippa-R.jpg?fit=960%2C960&ssl=1&resize=350%2C200","width":350,"height":200,"srcset":"https:\/\/i0.wp.com\/pohjanmaantehtaanmyymala.fi\/wp-content\/uploads\/2019\/06\/113736-a-Filippa-R.jpg?fit=960%2C960&ssl=1&resize=350%2C200 1x, https:\/\/i0.wp.com\/pohjanmaantehtaanmyymala.fi\/wp-content\/uploads\/2019\/06\/113736-a-Filippa-R.jpg?fit=960%2C960&ssl=1&resize=525%2C300 1.5x, https:\/\/i0.wp.com\/pohjanmaantehtaanmyymala.fi\/wp-content\/uploads\/2019\/06\/113736-a-Filippa-R.jpg?fit=960%2C960&ssl=1&resize=700%2C400 2x"},"classes":[]}],"_links":{"self":[{"href":"https:\/\/pohjanmaantehtaanmyymala.fi\/sv\/wp-json\/wp\/v2\/product\/9075","targetHints":{"allow":["GET"]}}],"collection":[{"href":"https:\/\/pohjanmaantehtaanmyymala.fi\/sv\/wp-json\/wp\/v2\/product"}],"about":[{"href":"https:\/\/pohjanmaantehtaanmyymala.fi\/sv\/wp-json\/wp\/v2\/types\/product"}],"replies":[{"embeddable":true,"href":"https:\/\/pohjanmaantehtaanmyymala.fi\/sv\/wp-json\/wp\/v2\/comments?post=9075"}],"wp:featuredmedia":[{"embeddable":true,"href":"https:\/\/pohjanmaantehtaanmyymala.fi\/sv\/wp-json\/wp\/v2\/media\/21583"}],"wp:attachment":[{"href":"https:\/\/pohjanmaantehtaanmyymala.fi\/sv\/wp-json\/wp\/v2\/media?parent=9075"}],"wp:term":[{"taxonomy":"product_brand","embeddable":true,"href":"https:\/\/pohjanmaantehtaanmyymala.fi\/sv\/wp-json\/wp\/v2\/product_brand?post=9075"},{"taxonomy":"product_cat","embeddable":true,"href":"https:\/\/pohjanmaantehtaanmyymala.fi\/sv\/wp-json\/wp\/v2\/product_cat?post=9075"},{"taxonomy":"product_tag","embeddable":true,"href":"https:\/\/pohjanmaantehtaanmyymala.fi\/sv\/wp-json\/wp\/v2\/product_tag?post=9075"}],"curies":[{"name":"wp","href":"https:\/\/api.w.org\/{rel}","templated":true}]}}