{"id":9012,"date":"2019-09-14T09:28:25","date_gmt":"2019-09-14T07:28:25","guid":{"rendered":""},"modified":"2026-04-25T11:29:09","modified_gmt":"2026-04-25T09:29:09","slug":"kato-tuoli","status":"publish","type":"product","link":"https:\/\/pohjanmaantehtaanmyymala.fi\/sv\/tuote\/kato-tuoli\/","title":{"rendered":"KATO &#8211; tuoli"},"content":{"rendered":"<p>Upeasti muotoiltu Kato ruokap\u00f6yd\u00e4n tuoli tarjoaa loistavan istumamukavuuden.<br \/>\nValitse oma suosikkiv\u00e4ri viidest\u00e4 eri vaihtoehdosta:<\/p>\n<p>runko\/pehmuste: Lakattu tammi\/tummanharmaa,\u00a0Lakattu tammi\/vaaleanharmaa, Valkolakattu tammi\/tummanharmaa,\u00a0 Valkolakattu tammi\/vaaleanharmaa ja mustaksimaalattu\/tummanharmaa.<br \/>\nKato- tuolin istumakorkeus 46cm<br \/>\nValmistettu tammesta istuimessa kest\u00e4v\u00e4 huonekalukangas.<\/p>\n<p>Toimitetaan osina.<\/p>\n","protected":false},"excerpt":{"rendered":"<p>Upeasti muotoiltu Kato ruokap\u00f6yd\u00e4n tuoli tarjoaa loistavan istumamukavuuden. Valitse oma suosikkiv\u00e4ri viidest\u00e4 eri vaihtoehdosta: runko\/pehmuste: Lakattu tammi\/tummanharmaa,\u00a0Lakattu tammi\/vaaleanharmaa, Valkolakattu tammi\/tummanharmaa,\u00a0 Valkolakattu tammi\/vaaleanharmaa ja mustaksimaalattu\/tummanharmaa. Kato- tuolin istumakorkeus 46cm Valmistettu tammesta istuimessa kest\u00e4v\u00e4 huonekalukangas. Toimitetaan osina.<\/p>\n","protected":false},"featured_media":9013,"comment_status":"closed","ping_status":"closed","template":"","meta":{"_acf_changed":false,"jetpack_post_was_ever_published":false,"jetpack_publicize_message":"","jetpack_publicize_feature_enabled":true,"jetpack_social_post_already_shared":false,"jetpack_social_options":{"image_generator_settings":{"template":"highway","default_image_id":0,"font":"","enabled":false},"version":2}},"product_brand":[179],"product_cat":[194],"product_tag":[],"class_list":{"0":"post-9012","1":"product","2":"type-product","3":"status-publish","4":"has-post-thumbnail","6":"product_brand-rowico","7":"product_cat-ruokapoydat-ja-tuolit","8":"product_shipping_class-161","10":"first","11":"instock","12":"purchasable","13":"product-type-simple"},"acf":[],"jetpack_publicize_connections":[],"jetpack_sharing_enabled":true,"jetpack-related-posts":[{"id":9339,"url":"https:\/\/pohjanmaantehtaanmyymala.fi\/sv\/tuote\/yumi-ruokapoyta\/","url_meta":{"origin":9012,"position":0},"title":"YUMI &#8211; ruokap\u00f6yt\u00e4 190 cm","author":"petri","date":"september 14, 2019","format":false,"excerpt":"Rowicon tammesta valmistettu Yumi- ruokap\u00f6yt\u00e4. T\u00e4m\u00e4n p\u00f6yd\u00e4n kanssa sopii hyvin esimerkiksi KATO- tuolit! P\u00f6yt\u00e4\u00e4n saatavana my\u00f6s jatkopalat molempiin p\u00e4ihin. Tuotetiedot: Valmistettu tammesta. Lakattu. Vapaa tila jalkojen v\u00e4liss\u00e4: 160 cm. Saatavana Tammisena ja mustana. Toimitetaan jalat irrallaan.","rel":"","context":"Liknande produkt","block_context":{"text":"Liknande produkt","link":""},"img":{"alt_text":"","src":"https:\/\/i0.wp.com\/pohjanmaantehtaanmyymala.fi\/wp-content\/uploads\/2019\/06\/116927-b-Yumi-matbord-190-svart.jpg?fit=960%2C960&ssl=1&resize=350%2C200","width":350,"height":200,"srcset":"https:\/\/i0.wp.com\/pohjanmaantehtaanmyymala.fi\/wp-content\/uploads\/2019\/06\/116927-b-Yumi-matbord-190-svart.jpg?fit=960%2C960&ssl=1&resize=350%2C200 1x, https:\/\/i0.wp.com\/pohjanmaantehtaanmyymala.fi\/wp-content\/uploads\/2019\/06\/116927-b-Yumi-matbord-190-svart.jpg?fit=960%2C960&ssl=1&resize=525%2C300 1.5x, https:\/\/i0.wp.com\/pohjanmaantehtaanmyymala.fi\/wp-content\/uploads\/2019\/06\/116927-b-Yumi-matbord-190-svart.jpg?fit=960%2C960&ssl=1&resize=700%2C400 2x"},"classes":[]},{"id":18606,"url":"https:\/\/pohjanmaantehtaanmyymala.fi\/sv\/tuote\/ohio-lankkupoyta-240-cm\/","url_meta":{"origin":9012,"position":1},"title":"Ohio &#8211; lankkup\u00f6yt\u00e4 240&#215;95 cm","author":"Sami Viitala","date":"oktober 29, 2021","format":false,"excerpt":"N\u00e4ytt\u00e4v\u00e4 ruokap\u00f6yt\u00e4 metallijaloilla.","rel":"","context":"Liknande produkt","block_context":{"text":"Liknande produkt","link":""},"img":{"alt_text":"Ohio-lankkup\u00f6yt\u00e4 valkolakattu tammi mustilla jaloilla","src":"https:\/\/i0.wp.com\/pohjanmaantehtaanmyymala.fi\/wp-content\/uploads\/2021\/10\/Pohjanmaan_Ohio-lankkupoyta-240.jpg?fit=960%2C960&ssl=1&resize=350%2C200","width":350,"height":200,"srcset":"https:\/\/i0.wp.com\/pohjanmaantehtaanmyymala.fi\/wp-content\/uploads\/2021\/10\/Pohjanmaan_Ohio-lankkupoyta-240.jpg?fit=960%2C960&ssl=1&resize=350%2C200 1x, https:\/\/i0.wp.com\/pohjanmaantehtaanmyymala.fi\/wp-content\/uploads\/2021\/10\/Pohjanmaan_Ohio-lankkupoyta-240.jpg?fit=960%2C960&ssl=1&resize=525%2C300 1.5x, https:\/\/i0.wp.com\/pohjanmaantehtaanmyymala.fi\/wp-content\/uploads\/2021\/10\/Pohjanmaan_Ohio-lankkupoyta-240.jpg?fit=960%2C960&ssl=1&resize=700%2C400 2x"},"classes":[]},{"id":8723,"url":"https:\/\/pohjanmaantehtaanmyymala.fi\/sv\/tuote\/delta-tammipoyta-180cm\/","url_meta":{"origin":9012,"position":2},"title":"DELTA &#8211; tammip\u00f6yt\u00e4 180&#215;95 cm","author":"petri","date":"september 14, 2019","format":false,"excerpt":"Delta -ruokap\u00f6yt\u00e4 on jykev\u00e4 massiivitammesta valmistettu p\u00f6yt\u00e4. Tammi on puulajina kest\u00e4v\u00e4, joka pit\u00e4\u00e4 ominaisuutensa vuosia, eik\u00e4 kulu kovassakaan k\u00e4yt\u00f6ss\u00e4. V\u00e4rivaihtoehdot tammip\u00f6yt\u00e4\u00e4n: \u00f6ljytty ja lakattu tammi sek\u00e4 lis\u00e4hintaan teak, musta, smoked ja nordic-valkolakattu. Delta-p\u00f6yt\u00e4\u00e4 saa my\u00f6s massiivikoivuisena eri v\u00e4reiss\u00e4 sek\u00e4 valkoiseksi maalattuna (kansi on silloin MDF-levy\u00e4). Kysy my\u00f6s muita kokoja ja\u2026","rel":"","context":"Liknande produkt","block_context":{"text":"Liknande produkt","link":""},"img":{"alt_text":"Delta p\u00f6yt\u00e4 100x200 \u00d6ljytty Massiivitammi","src":"https:\/\/i0.wp.com\/pohjanmaantehtaanmyymala.fi\/wp-content\/uploads\/2019\/06\/Delta-100x200-Oljytty-Massiivitammi-1.jpg?fit=960%2C960&ssl=1&resize=350%2C200","width":350,"height":200,"srcset":"https:\/\/i0.wp.com\/pohjanmaantehtaanmyymala.fi\/wp-content\/uploads\/2019\/06\/Delta-100x200-Oljytty-Massiivitammi-1.jpg?fit=960%2C960&ssl=1&resize=350%2C200 1x, https:\/\/i0.wp.com\/pohjanmaantehtaanmyymala.fi\/wp-content\/uploads\/2019\/06\/Delta-100x200-Oljytty-Massiivitammi-1.jpg?fit=960%2C960&ssl=1&resize=525%2C300 1.5x, https:\/\/i0.wp.com\/pohjanmaantehtaanmyymala.fi\/wp-content\/uploads\/2019\/06\/Delta-100x200-Oljytty-Massiivitammi-1.jpg?fit=960%2C960&ssl=1&resize=700%2C400 2x"},"classes":[]},{"id":8641,"url":"https:\/\/pohjanmaantehtaanmyymala.fi\/sv\/tuote\/delta-tammipoyta-220cm\/","url_meta":{"origin":9012,"position":3},"title":"DELTA &#8211; tammip\u00f6yt\u00e4 220&#215;100 cm","author":"petri","date":"september 14, 2019","format":false,"excerpt":"Delta -ruokap\u00f6yt\u00e4 on todella tukeva massiivitammesta valmistettu p\u00f6yt\u00e4. Tammi on puulajina yksi kest\u00e4vimmist\u00e4, joka pit\u00e4\u00e4 ominaisuutensa vuosia, eik\u00e4 kulu kovassakaan k\u00e4yt\u00f6ss\u00e4. V\u00e4rivaihtoehdot tammip\u00f6yt\u00e4\u00e4n: \u00f6ljytty ja lakattu tammi sek\u00e4 lis\u00e4hintaan teak, musta, smoked ja nordic-valkolakattu. Delta-p\u00f6yt\u00e4\u00e4 saa my\u00f6s massiivikoivuisena eri v\u00e4reiss\u00e4 sek\u00e4 valkoiseksi maalattuna (kansi on silloin MDF-levy\u00e4). Delta-p\u00f6yd\u00e4n muut saatavilla\u2026","rel":"","context":"Liknande produkt","block_context":{"text":"Liknande produkt","link":""},"img":{"alt_text":"Delta p\u00f6yt\u00e4 100x200 \u00d6ljytty Massiivitammi","src":"https:\/\/i0.wp.com\/pohjanmaantehtaanmyymala.fi\/wp-content\/uploads\/2019\/06\/Delta-100x200-Oljytty-Massiivitammi-1.jpg?fit=960%2C960&ssl=1&resize=350%2C200","width":350,"height":200,"srcset":"https:\/\/i0.wp.com\/pohjanmaantehtaanmyymala.fi\/wp-content\/uploads\/2019\/06\/Delta-100x200-Oljytty-Massiivitammi-1.jpg?fit=960%2C960&ssl=1&resize=350%2C200 1x, https:\/\/i0.wp.com\/pohjanmaantehtaanmyymala.fi\/wp-content\/uploads\/2019\/06\/Delta-100x200-Oljytty-Massiivitammi-1.jpg?fit=960%2C960&ssl=1&resize=525%2C300 1.5x, https:\/\/i0.wp.com\/pohjanmaantehtaanmyymala.fi\/wp-content\/uploads\/2019\/06\/Delta-100x200-Oljytty-Massiivitammi-1.jpg?fit=960%2C960&ssl=1&resize=700%2C400 2x"},"classes":[]},{"id":22881,"url":"https:\/\/pohjanmaantehtaanmyymala.fi\/sv\/tuote\/gracy-tuoli-verhoiltu\/","url_meta":{"origin":9012,"position":4},"title":"GRACY &#8211; tuoli verhoiltu","author":"Sami Viitala","date":"maj 5, 2023","format":false,"excerpt":"Tyylik\u00e4s Gracy-tuoli ruokap\u00f6yd\u00e4n ymp\u00e4rille. Tuolin istuinosa on on verhoitu. V\u00e4ri vaihtoehdot ovat vaalean- ja tummanharmaa. Tuolin jalat valmistettu tammesta. Jalkojen v\u00e4rit ovat Musta, valkopesty tai tammi. Saatavana my\u00f6s laminaatti-istuimella. Tuolin istuinkorkeus: 46 cm. Tuoli toimitetaan osina.","rel":"","context":"Liknande produkt","block_context":{"text":"Liknande produkt","link":""},"img":{"alt_text":"Gracy tuoli vaalean harmaa mustalla jalalla","src":"https:\/\/i0.wp.com\/pohjanmaantehtaanmyymala.fi\/wp-content\/uploads\/2023\/05\/113635-a-Grace-stol-ljusgra-svart-R.jpg?fit=960%2C960&ssl=1&resize=350%2C200","width":350,"height":200,"srcset":"https:\/\/i0.wp.com\/pohjanmaantehtaanmyymala.fi\/wp-content\/uploads\/2023\/05\/113635-a-Grace-stol-ljusgra-svart-R.jpg?fit=960%2C960&ssl=1&resize=350%2C200 1x, https:\/\/i0.wp.com\/pohjanmaantehtaanmyymala.fi\/wp-content\/uploads\/2023\/05\/113635-a-Grace-stol-ljusgra-svart-R.jpg?fit=960%2C960&ssl=1&resize=525%2C300 1.5x, https:\/\/i0.wp.com\/pohjanmaantehtaanmyymala.fi\/wp-content\/uploads\/2023\/05\/113635-a-Grace-stol-ljusgra-svart-R.jpg?fit=960%2C960&ssl=1&resize=700%2C400 2x"},"classes":[]},{"id":23966,"url":"https:\/\/pohjanmaantehtaanmyymala.fi\/sv\/tuote\/pohjanmaan-lilja-pinnatuoli-tammi-lv\/","url_meta":{"origin":9012,"position":5},"title":"Pohjanmaan LILJA -pinnatuoli tammi lv","author":"Sami Viitala","date":"november 14, 2023","format":false,"excerpt":"Kest\u00e4v\u00e4 pinnatuoli monenlaiseen sisustukseen.","rel":"","context":"Liknande produkt","block_context":{"text":"Liknande produkt","link":""},"img":{"alt_text":"Lilja pinnatuoli tammi lv","src":"https:\/\/i0.wp.com\/pohjanmaantehtaanmyymala.fi\/wp-content\/uploads\/2023\/11\/Pohjanmaan_Lilja_pinnatuoli__tammilv3.jpg?fit=1000%2C1034&ssl=1&resize=350%2C200","width":350,"height":200,"srcset":"https:\/\/i0.wp.com\/pohjanmaantehtaanmyymala.fi\/wp-content\/uploads\/2023\/11\/Pohjanmaan_Lilja_pinnatuoli__tammilv3.jpg?fit=1000%2C1034&ssl=1&resize=350%2C200 1x, https:\/\/i0.wp.com\/pohjanmaantehtaanmyymala.fi\/wp-content\/uploads\/2023\/11\/Pohjanmaan_Lilja_pinnatuoli__tammilv3.jpg?fit=1000%2C1034&ssl=1&resize=525%2C300 1.5x, https:\/\/i0.wp.com\/pohjanmaantehtaanmyymala.fi\/wp-content\/uploads\/2023\/11\/Pohjanmaan_Lilja_pinnatuoli__tammilv3.jpg?fit=1000%2C1034&ssl=1&resize=700%2C400 2x"},"classes":[]}],"_links":{"self":[{"href":"https:\/\/pohjanmaantehtaanmyymala.fi\/sv\/wp-json\/wp\/v2\/product\/9012","targetHints":{"allow":["GET"]}}],"collection":[{"href":"https:\/\/pohjanmaantehtaanmyymala.fi\/sv\/wp-json\/wp\/v2\/product"}],"about":[{"href":"https:\/\/pohjanmaantehtaanmyymala.fi\/sv\/wp-json\/wp\/v2\/types\/product"}],"replies":[{"embeddable":true,"href":"https:\/\/pohjanmaantehtaanmyymala.fi\/sv\/wp-json\/wp\/v2\/comments?post=9012"}],"wp:featuredmedia":[{"embeddable":true,"href":"https:\/\/pohjanmaantehtaanmyymala.fi\/sv\/wp-json\/wp\/v2\/media\/9013"}],"wp:attachment":[{"href":"https:\/\/pohjanmaantehtaanmyymala.fi\/sv\/wp-json\/wp\/v2\/media?parent=9012"}],"wp:term":[{"taxonomy":"product_brand","embeddable":true,"href":"https:\/\/pohjanmaantehtaanmyymala.fi\/sv\/wp-json\/wp\/v2\/product_brand?post=9012"},{"taxonomy":"product_cat","embeddable":true,"href":"https:\/\/pohjanmaantehtaanmyymala.fi\/sv\/wp-json\/wp\/v2\/product_cat?post=9012"},{"taxonomy":"product_tag","embeddable":true,"href":"https:\/\/pohjanmaantehtaanmyymala.fi\/sv\/wp-json\/wp\/v2\/product_tag?post=9012"}],"curies":[{"name":"wp","href":"https:\/\/api.w.org\/{rel}","templated":true}]}}