{"id":9006,"date":"2019-09-14T09:28:23","date_gmt":"2019-09-14T07:28:23","guid":{"rendered":""},"modified":"2026-04-25T11:29:10","modified_gmt":"2026-04-25T09:29:10","slug":"carmen-pinnatuoli","status":"publish","type":"product","link":"https:\/\/pohjanmaantehtaanmyymala.fi\/sv\/tuote\/carmen-pinnatuoli\/","title":{"rendered":"CARMEN &#8211; pinnatuoli"},"content":{"rendered":"<p>Kevyt ja kaunis Carmen pinnatuoli sopii hyvin moneen sisustukseen osta vaikka yksitt\u00e4inen tuoli eteiseen tai useita ruokap\u00f6yd\u00e4n ymp\u00e4rille!<br \/>\nCarmen pinnatuoli on valmistettu puusta jonka pinta on maalattu.<br \/>\nV\u00e4rivaihtoehdot: Musta, Ruskea, Valkoinen ja Valkopesty.<\/p>\n<p><span class=\"T286Pc\" data-sfc-cp=\"\" data-complete=\"true\"><strong class=\"Yjhzub\" data-complete=\"true\">Mitat<\/strong>:<\/span><\/p>\n<ul class=\"KsbFXc U6u95\" data-complete=\"true\">\n<li data-hveid=\"CAUQAw\" data-complete=\"true\" data-sae=\"\"><span class=\"T286Pc\" data-sfc-cp=\"\" data-complete=\"true\">Leveys: 54\u201355 cm<\/span><\/li>\n<li data-hveid=\"CAUQBA\" data-complete=\"true\" data-sae=\"\"><span class=\"T286Pc\" data-sfc-cp=\"\" data-complete=\"true\">Korkeus: 76 cm<\/span><\/li>\n<li data-hveid=\"CAUQBQ\" data-complete=\"true\" data-sae=\"\"><span class=\"T286Pc\" data-sfc-cp=\"\" data-complete=\"true\">Syvyys: 52 cm<\/span><\/li>\n<li data-hveid=\"CAUQBg\" data-complete=\"true\" data-sae=\"\"><span class=\"T286Pc\" data-sfc-cp=\"\" data-complete=\"true\">Istuinkorkeus: 45 cm<\/span><\/li>\n<\/ul>\n<p>Tuote toimitetaan jalat irrallaan.<\/p>\n","protected":false},"excerpt":{"rendered":"<p>Aajaton ja tyylik\u00e4s tuoli, joka tuo sisustukseen ripauksen modernia maalaisromantiikkaa, valitse v\u00e4ri!<\/p>\n","protected":false},"featured_media":29423,"comment_status":"closed","ping_status":"closed","template":"","meta":{"_acf_changed":false,"jetpack_post_was_ever_published":false,"jetpack_publicize_message":"","jetpack_publicize_feature_enabled":true,"jetpack_social_post_already_shared":false,"jetpack_social_options":{"image_generator_settings":{"template":"highway","default_image_id":0,"font":"","enabled":false},"version":2}},"product_brand":[179],"product_cat":[194],"product_tag":[],"class_list":{"0":"post-9006","1":"product","2":"type-product","3":"status-publish","4":"has-post-thumbnail","6":"product_brand-rowico","7":"product_cat-ruokapoydat-ja-tuolit","8":"product_shipping_class-161","9":"pa_vari-musta","10":"pa_vari-ruskea","11":"pa_vari-valkoinen","12":"pa_vari-valkopesty","14":"first","15":"instock","16":"purchasable","17":"product-type-variable","18":"has-default-attributes"},"acf":[],"jetpack_publicize_connections":[],"jetpack_sharing_enabled":true,"jetpack-related-posts":[{"id":9214,"url":"https:\/\/pohjanmaantehtaanmyymala.fi\/sv\/tuote\/lotta-pinnatuoli\/","url_meta":{"origin":9006,"position":0},"title":"LOTTA &#8211; pinnatuoli","author":"petri","date":"september 14, 2019","format":false,"excerpt":"Tyylik\u00e4s pinnatuoli monenlaiseen sisustukseen.","rel":"","context":"Liknande produkt","block_context":{"text":"Liknande produkt","link":""},"img":{"alt_text":"Lotta valkoinen pinnatuoli","src":"https:\/\/i0.wp.com\/pohjanmaantehtaanmyymala.fi\/wp-content\/uploads\/2019\/09\/Lotta-stol-vit-miljo2-PD1.jpg?fit=960%2C960&ssl=1&resize=350%2C200","width":350,"height":200,"srcset":"https:\/\/i0.wp.com\/pohjanmaantehtaanmyymala.fi\/wp-content\/uploads\/2019\/09\/Lotta-stol-vit-miljo2-PD1.jpg?fit=960%2C960&ssl=1&resize=350%2C200 1x, https:\/\/i0.wp.com\/pohjanmaantehtaanmyymala.fi\/wp-content\/uploads\/2019\/09\/Lotta-stol-vit-miljo2-PD1.jpg?fit=960%2C960&ssl=1&resize=525%2C300 1.5x, https:\/\/i0.wp.com\/pohjanmaantehtaanmyymala.fi\/wp-content\/uploads\/2019\/09\/Lotta-stol-vit-miljo2-PD1.jpg?fit=960%2C960&ssl=1&resize=700%2C400 2x"},"classes":[]},{"id":23966,"url":"https:\/\/pohjanmaantehtaanmyymala.fi\/sv\/tuote\/pohjanmaan-lilja-pinnatuoli-tammi-lv\/","url_meta":{"origin":9006,"position":1},"title":"Pohjanmaan LILJA -pinnatuoli tammi lv","author":"Sami Viitala","date":"november 14, 2023","format":false,"excerpt":"Kest\u00e4v\u00e4 pinnatuoli monenlaiseen sisustukseen.","rel":"","context":"Liknande produkt","block_context":{"text":"Liknande produkt","link":""},"img":{"alt_text":"Lilja pinnatuoli tammi lv","src":"https:\/\/i0.wp.com\/pohjanmaantehtaanmyymala.fi\/wp-content\/uploads\/2023\/11\/Pohjanmaan_Lilja_pinnatuoli__tammilv3.jpg?fit=1000%2C1034&ssl=1&resize=350%2C200","width":350,"height":200,"srcset":"https:\/\/i0.wp.com\/pohjanmaantehtaanmyymala.fi\/wp-content\/uploads\/2023\/11\/Pohjanmaan_Lilja_pinnatuoli__tammilv3.jpg?fit=1000%2C1034&ssl=1&resize=350%2C200 1x, https:\/\/i0.wp.com\/pohjanmaantehtaanmyymala.fi\/wp-content\/uploads\/2023\/11\/Pohjanmaan_Lilja_pinnatuoli__tammilv3.jpg?fit=1000%2C1034&ssl=1&resize=525%2C300 1.5x, https:\/\/i0.wp.com\/pohjanmaantehtaanmyymala.fi\/wp-content\/uploads\/2023\/11\/Pohjanmaan_Lilja_pinnatuoli__tammilv3.jpg?fit=1000%2C1034&ssl=1&resize=700%2C400 2x"},"classes":[]},{"id":13472,"url":"https:\/\/pohjanmaantehtaanmyymala.fi\/sv\/tuote\/lilja-pinnatuoli-nordic-tammi\/","url_meta":{"origin":9006,"position":2},"title":"Pohjanmaan LILJA -pinnatuoli nordic tammi","author":"Sami Viitala","date":"september 23, 2020","format":false,"excerpt":"Tyylik\u00e4s Pohjanmaan Kalusteen pinnatuoli monenlaiseen sisustukseen.","rel":"","context":"Liknande produkt","block_context":{"text":"Liknande produkt","link":""},"img":{"alt_text":"Lilja pinnatuoli","src":"https:\/\/i0.wp.com\/pohjanmaantehtaanmyymala.fi\/wp-content\/uploads\/2020\/09\/Pohjanmaan_Lilja_pinnatuoli_nordic_2.jpg?fit=1200%2C1200&ssl=1&resize=350%2C200","width":350,"height":200,"srcset":"https:\/\/i0.wp.com\/pohjanmaantehtaanmyymala.fi\/wp-content\/uploads\/2020\/09\/Pohjanmaan_Lilja_pinnatuoli_nordic_2.jpg?fit=1200%2C1200&ssl=1&resize=350%2C200 1x, https:\/\/i0.wp.com\/pohjanmaantehtaanmyymala.fi\/wp-content\/uploads\/2020\/09\/Pohjanmaan_Lilja_pinnatuoli_nordic_2.jpg?fit=1200%2C1200&ssl=1&resize=525%2C300 1.5x, https:\/\/i0.wp.com\/pohjanmaantehtaanmyymala.fi\/wp-content\/uploads\/2020\/09\/Pohjanmaan_Lilja_pinnatuoli_nordic_2.jpg?fit=1200%2C1200&ssl=1&resize=700%2C400 2x, https:\/\/i0.wp.com\/pohjanmaantehtaanmyymala.fi\/wp-content\/uploads\/2020\/09\/Pohjanmaan_Lilja_pinnatuoli_nordic_2.jpg?fit=1200%2C1200&ssl=1&resize=1050%2C600 3x"},"classes":[]},{"id":23149,"url":"https:\/\/pohjanmaantehtaanmyymala.fi\/sv\/tuote\/pohjanmaan-lilja-pinnatuoli-nordic-koivu\/","url_meta":{"origin":9006,"position":3},"title":"Pohjanmaan LILJA -pinnatuoli nordic koivu","author":"Sami Viitala","date":"augusti 23, 2023","format":false,"excerpt":"Tyylik\u00e4s Pohjanmaan Kalusteen pinnatuoli monenlaiseen sisustukseen.","rel":"","context":"Liknande produkt","block_context":{"text":"Liknande produkt","link":""},"img":{"alt_text":"Lilja pinnatuoli kuultovalkea koivu","src":"https:\/\/i0.wp.com\/pohjanmaantehtaanmyymala.fi\/wp-content\/uploads\/2023\/08\/Pohjanmaan_Lilja_pinnatuoli_koivu_nordic.jpg?fit=960%2C960&ssl=1&resize=350%2C200","width":350,"height":200,"srcset":"https:\/\/i0.wp.com\/pohjanmaantehtaanmyymala.fi\/wp-content\/uploads\/2023\/08\/Pohjanmaan_Lilja_pinnatuoli_koivu_nordic.jpg?fit=960%2C960&ssl=1&resize=350%2C200 1x, https:\/\/i0.wp.com\/pohjanmaantehtaanmyymala.fi\/wp-content\/uploads\/2023\/08\/Pohjanmaan_Lilja_pinnatuoli_koivu_nordic.jpg?fit=960%2C960&ssl=1&resize=525%2C300 1.5x, https:\/\/i0.wp.com\/pohjanmaantehtaanmyymala.fi\/wp-content\/uploads\/2023\/08\/Pohjanmaan_Lilja_pinnatuoli_koivu_nordic.jpg?fit=960%2C960&ssl=1&resize=700%2C400 2x"},"classes":[]},{"id":26773,"url":"https:\/\/pohjanmaantehtaanmyymala.fi\/sv\/tuote\/pohjanmaan-lilja-pinnatuoli-tammi-teak\/","url_meta":{"origin":9006,"position":4},"title":"Pohjanmaan LILJA -pinnatuoli tammi teak","author":"Sami Viitala","date":"april 10, 2024","format":false,"excerpt":"Kest\u00e4v\u00e4 pinnatuoli monenlaiseen sisustukseen.","rel":"","context":"Liknande produkt","block_context":{"text":"Liknande produkt","link":""},"img":{"alt_text":"Lilja pinnatuoli teakin v\u00e4rinen, massiivitammea","src":"https:\/\/i0.wp.com\/pohjanmaantehtaanmyymala.fi\/wp-content\/uploads\/2024\/04\/Pohjanmaan_Lilja_pinnatuoli_teak.jpg?fit=960%2C960&ssl=1&resize=350%2C200","width":350,"height":200,"srcset":"https:\/\/i0.wp.com\/pohjanmaantehtaanmyymala.fi\/wp-content\/uploads\/2024\/04\/Pohjanmaan_Lilja_pinnatuoli_teak.jpg?fit=960%2C960&ssl=1&resize=350%2C200 1x, https:\/\/i0.wp.com\/pohjanmaantehtaanmyymala.fi\/wp-content\/uploads\/2024\/04\/Pohjanmaan_Lilja_pinnatuoli_teak.jpg?fit=960%2C960&ssl=1&resize=525%2C300 1.5x, https:\/\/i0.wp.com\/pohjanmaantehtaanmyymala.fi\/wp-content\/uploads\/2024\/04\/Pohjanmaan_Lilja_pinnatuoli_teak.jpg?fit=960%2C960&ssl=1&resize=700%2C400 2x"},"classes":[]},{"id":13450,"url":"https:\/\/pohjanmaantehtaanmyymala.fi\/sv\/tuote\/lilja-pinnatuoli-musta\/","url_meta":{"origin":9006,"position":5},"title":"Pohjanmaan LILJA -pinnatuoli musta","author":"Sami Viitala","date":"september 23, 2020","format":false,"excerpt":"Tyylik\u00e4s pinnatuoli monenlaiseen sisustukseen.","rel":"","context":"Liknande produkt","block_context":{"text":"Liknande produkt","link":""},"img":{"alt_text":"Lilja pinnatuoli musta","src":"https:\/\/i0.wp.com\/pohjanmaantehtaanmyymala.fi\/wp-content\/uploads\/2020\/09\/Pohjanmaan_Lilja_pinnatuoli_musta.jpg?fit=1200%2C1200&ssl=1&resize=350%2C200","width":350,"height":200,"srcset":"https:\/\/i0.wp.com\/pohjanmaantehtaanmyymala.fi\/wp-content\/uploads\/2020\/09\/Pohjanmaan_Lilja_pinnatuoli_musta.jpg?fit=1200%2C1200&ssl=1&resize=350%2C200 1x, https:\/\/i0.wp.com\/pohjanmaantehtaanmyymala.fi\/wp-content\/uploads\/2020\/09\/Pohjanmaan_Lilja_pinnatuoli_musta.jpg?fit=1200%2C1200&ssl=1&resize=525%2C300 1.5x, https:\/\/i0.wp.com\/pohjanmaantehtaanmyymala.fi\/wp-content\/uploads\/2020\/09\/Pohjanmaan_Lilja_pinnatuoli_musta.jpg?fit=1200%2C1200&ssl=1&resize=700%2C400 2x, https:\/\/i0.wp.com\/pohjanmaantehtaanmyymala.fi\/wp-content\/uploads\/2020\/09\/Pohjanmaan_Lilja_pinnatuoli_musta.jpg?fit=1200%2C1200&ssl=1&resize=1050%2C600 3x"},"classes":[]}],"_links":{"self":[{"href":"https:\/\/pohjanmaantehtaanmyymala.fi\/sv\/wp-json\/wp\/v2\/product\/9006","targetHints":{"allow":["GET"]}}],"collection":[{"href":"https:\/\/pohjanmaantehtaanmyymala.fi\/sv\/wp-json\/wp\/v2\/product"}],"about":[{"href":"https:\/\/pohjanmaantehtaanmyymala.fi\/sv\/wp-json\/wp\/v2\/types\/product"}],"replies":[{"embeddable":true,"href":"https:\/\/pohjanmaantehtaanmyymala.fi\/sv\/wp-json\/wp\/v2\/comments?post=9006"}],"wp:featuredmedia":[{"embeddable":true,"href":"https:\/\/pohjanmaantehtaanmyymala.fi\/sv\/wp-json\/wp\/v2\/media\/29423"}],"wp:attachment":[{"href":"https:\/\/pohjanmaantehtaanmyymala.fi\/sv\/wp-json\/wp\/v2\/media?parent=9006"}],"wp:term":[{"taxonomy":"product_brand","embeddable":true,"href":"https:\/\/pohjanmaantehtaanmyymala.fi\/sv\/wp-json\/wp\/v2\/product_brand?post=9006"},{"taxonomy":"product_cat","embeddable":true,"href":"https:\/\/pohjanmaantehtaanmyymala.fi\/sv\/wp-json\/wp\/v2\/product_cat?post=9006"},{"taxonomy":"product_tag","embeddable":true,"href":"https:\/\/pohjanmaantehtaanmyymala.fi\/sv\/wp-json\/wp\/v2\/product_tag?post=9006"}],"curies":[{"name":"wp","href":"https:\/\/api.w.org\/{rel}","templated":true}]}}