{"id":9004,"date":"2019-09-14T09:28:18","date_gmt":"2019-09-14T07:28:18","guid":{"rendered":""},"modified":"2026-04-25T11:29:10","modified_gmt":"2026-04-25T09:29:10","slug":"brooklyn-senkki","status":"publish","type":"product","link":"https:\/\/pohjanmaantehtaanmyymala.fi\/sv\/tuote\/brooklyn-senkki\/","title":{"rendered":"BROOKLYN &#8211; senkki"},"content":{"rendered":"<p>Upea tamminen Brooklyn senkki Rowicolta. Brooklyn -tuoteperheen massiivinen senkki sopii mainiosti muiden Brooklyn tuotteiden kanssa.<\/p>\n<p>Tuotetiedot:<br \/>\nBrooklyn senkki valmistettu tammesta.<br \/>\nV\u00e4rivaihtoehdot: Tumman ruskea, tammi ja Valkopesty tammi.<\/p>\n<p>Toimitetaan kasattuna jalat irrallaan.<\/p>\n","protected":false},"excerpt":{"rendered":"<p>Upea tamminen Brooklyn senkki Rowicolta. Brooklyn -tuoteperheen massiivinen senkki sopii mainiosti muiden Brooklyn tuotteiden kanssa. Tuotetiedot: Brooklyn senkki valmistettu tammesta. V\u00e4rivaihtoehdot: Tumman ruskea, tammi ja Valkopesty tammi. Toimitetaan kasattuna jalat irrallaan.<\/p>\n","protected":false},"featured_media":9005,"comment_status":"closed","ping_status":"closed","template":"","meta":{"_acf_changed":false,"jetpack_post_was_ever_published":false,"jetpack_publicize_message":"","jetpack_publicize_feature_enabled":true,"jetpack_social_post_already_shared":false,"jetpack_social_options":{"image_generator_settings":{"template":"highway","default_image_id":0,"font":"","enabled":false},"version":2}},"product_brand":[179],"product_cat":[196],"product_tag":[],"class_list":{"0":"post-9004","1":"product","2":"type-product","3":"status-publish","4":"has-post-thumbnail","6":"product_brand-rowico","7":"product_cat-sailytyskalusteet-ja-tv-tasot","8":"product_shipping_class-161","9":"pa_vari-ruskea","10":"pa_vari-tammi-lv","11":"pa_vari-valkopesty","13":"first","14":"instock","15":"purchasable","16":"product-type-variable"},"acf":[],"jetpack_publicize_connections":[],"jetpack_sharing_enabled":true,"jetpack-related-posts":[{"id":11448,"url":"https:\/\/pohjanmaantehtaanmyymala.fi\/sv\/tuote\/brooklyn-vitriini\/","url_meta":{"origin":9004,"position":0},"title":"BROOKLYN &#8211; vitriini","author":"Sami Viitala","date":"april 6, 2020","format":false,"excerpt":"Tyylik\u00e4s Brooklyn -vitriini Rowicolta. Brooklyn -tuoteperheen massiivinen vitriini sopii mainiosti muiden saman perheen kalusteiden kanssa muodostaen kauniin kokonaisuuden. Tuotetiedot: Brooklyn senkki valmistettu tammesta. V\u00e4rivaihtoehdot: LV-tammi, Tummanruskea tammi ja Valkopesty tammi. Mitat: Leveys 130 cm Korkeus 150 cm Syvyys 45 cm Toimitetaan valmiiksi kasattuna jalat irrallaan.","rel":"","context":"Liknande produkt","block_context":{"text":"Liknande produkt","link":""},"img":{"alt_text":"Brooklyn hyllykk\u00f6","src":"https:\/\/i0.wp.com\/pohjanmaantehtaanmyymala.fi\/wp-content\/uploads\/2020\/04\/108565-a-Brooklyn-highboard-ww.jpg?fit=960%2C960&ssl=1&resize=350%2C200","width":350,"height":200,"srcset":"https:\/\/i0.wp.com\/pohjanmaantehtaanmyymala.fi\/wp-content\/uploads\/2020\/04\/108565-a-Brooklyn-highboard-ww.jpg?fit=960%2C960&ssl=1&resize=350%2C200 1x, https:\/\/i0.wp.com\/pohjanmaantehtaanmyymala.fi\/wp-content\/uploads\/2020\/04\/108565-a-Brooklyn-highboard-ww.jpg?fit=960%2C960&ssl=1&resize=525%2C300 1.5x, https:\/\/i0.wp.com\/pohjanmaantehtaanmyymala.fi\/wp-content\/uploads\/2020\/04\/108565-a-Brooklyn-highboard-ww.jpg?fit=960%2C960&ssl=1&resize=700%2C400 2x"},"classes":[]},{"id":8995,"url":"https:\/\/pohjanmaantehtaanmyymala.fi\/sv\/tuote\/brooklyn-ruokapoydan-jatkopala\/","url_meta":{"origin":9004,"position":1},"title":"BROOKLYN ruokap\u00f6yd\u00e4n jatkopala 50 cm","author":"petri","date":"september 14, 2019","format":false,"excerpt":"Jatkopala Rowico Brooklyn ruokap\u00f6yt\u00e4\u00e4n. Yhteen p\u00f6yt\u00e4\u00e4n on mahdollista asentaa 2 jatkopalaa, yksi p\u00f6yd\u00e4n molempiin p\u00e4ihin. T\u00e4m\u00e4 jatkopala soveltuu kaikkiin Rowicon Brooklyn ruokap\u00f6ytiin, my\u00f6s metallijalkaisiin malleihin. Jatkopalan koko: 50x90 cm. Valittavanasi kolme eri v\u00e4ri\u00e4: LV-tammi, Tummanruskea tammi ja Valkopesty tammi.","rel":"","context":"Liknande produkt","block_context":{"text":"Liknande produkt","link":""},"img":{"alt_text":"Rowico Brooklyn ruokap\u00f6yd\u00e4n jatkopala 50 cm tammi","src":"https:\/\/i0.wp.com\/pohjanmaantehtaanmyymala.fi\/wp-content\/uploads\/2019\/09\/108594-Brooklyn-tillaggskiva-ek-EXP.jpg?fit=960%2C960&ssl=1&resize=350%2C200","width":350,"height":200,"srcset":"https:\/\/i0.wp.com\/pohjanmaantehtaanmyymala.fi\/wp-content\/uploads\/2019\/09\/108594-Brooklyn-tillaggskiva-ek-EXP.jpg?fit=960%2C960&ssl=1&resize=350%2C200 1x, https:\/\/i0.wp.com\/pohjanmaantehtaanmyymala.fi\/wp-content\/uploads\/2019\/09\/108594-Brooklyn-tillaggskiva-ek-EXP.jpg?fit=960%2C960&ssl=1&resize=525%2C300 1.5x, https:\/\/i0.wp.com\/pohjanmaantehtaanmyymala.fi\/wp-content\/uploads\/2019\/09\/108594-Brooklyn-tillaggskiva-ek-EXP.jpg?fit=960%2C960&ssl=1&resize=700%2C400 2x"},"classes":[]},{"id":9002,"url":"https:\/\/pohjanmaantehtaanmyymala.fi\/sv\/tuote\/brooklyn-ruokapoyta-220cm\/","url_meta":{"origin":9004,"position":2},"title":"BROOKLYN ruokap\u00f6yt\u00e4 220&#215;95 cm","author":"petri","date":"september 14, 2019","format":false,"excerpt":"Tukeva tammip\u00f6yt\u00e4 saatavana kolmella eri v\u00e4rill\u00e4.","rel":"","context":"Liknande produkt","block_context":{"text":"Liknande produkt","link":""},"img":{"alt_text":"","src":"https:\/\/i0.wp.com\/pohjanmaantehtaanmyymala.fi\/wp-content\/uploads\/2019\/06\/108590-a-Brooklyn-matbord-ek-R.jpg?fit=960%2C960&ssl=1&resize=350%2C200","width":350,"height":200,"srcset":"https:\/\/i0.wp.com\/pohjanmaantehtaanmyymala.fi\/wp-content\/uploads\/2019\/06\/108590-a-Brooklyn-matbord-ek-R.jpg?fit=960%2C960&ssl=1&resize=350%2C200 1x, https:\/\/i0.wp.com\/pohjanmaantehtaanmyymala.fi\/wp-content\/uploads\/2019\/06\/108590-a-Brooklyn-matbord-ek-R.jpg?fit=960%2C960&ssl=1&resize=525%2C300 1.5x, https:\/\/i0.wp.com\/pohjanmaantehtaanmyymala.fi\/wp-content\/uploads\/2019\/06\/108590-a-Brooklyn-matbord-ek-R.jpg?fit=960%2C960&ssl=1&resize=700%2C400 2x"},"classes":[]},{"id":8999,"url":"https:\/\/pohjanmaantehtaanmyymala.fi\/sv\/tuote\/brooklyn-ruokapoyta-170cm\/","url_meta":{"origin":9004,"position":3},"title":"BROOKLYN &#8211; ruokap\u00f6yt\u00e4 170&#215;95 cm","author":"petri","date":"september 14, 2019","format":false,"excerpt":"Tukeva tammip\u00f6yt\u00e4, jossa on kolme eri v\u00e4rivaihtoehtoa.","rel":"","context":"Liknande produkt","block_context":{"text":"Liknande produkt","link":""},"img":{"alt_text":"","src":"https:\/\/i0.wp.com\/pohjanmaantehtaanmyymala.fi\/wp-content\/uploads\/2019\/06\/108534-a-Brooklyn-matbord-170-ek.jpg?fit=960%2C960&ssl=1&resize=350%2C200","width":350,"height":200,"srcset":"https:\/\/i0.wp.com\/pohjanmaantehtaanmyymala.fi\/wp-content\/uploads\/2019\/06\/108534-a-Brooklyn-matbord-170-ek.jpg?fit=960%2C960&ssl=1&resize=350%2C200 1x, https:\/\/i0.wp.com\/pohjanmaantehtaanmyymala.fi\/wp-content\/uploads\/2019\/06\/108534-a-Brooklyn-matbord-170-ek.jpg?fit=960%2C960&ssl=1&resize=525%2C300 1.5x, https:\/\/i0.wp.com\/pohjanmaantehtaanmyymala.fi\/wp-content\/uploads\/2019\/06\/108534-a-Brooklyn-matbord-170-ek.jpg?fit=960%2C960&ssl=1&resize=700%2C400 2x"},"classes":[]},{"id":9079,"url":"https:\/\/pohjanmaantehtaanmyymala.fi\/sv\/tuote\/filippa-senkki-150cm\/","url_meta":{"origin":9004,"position":4},"title":"FILIPPA &#8211; senkki 150cm","author":"petri","date":"september 14, 2019","format":false,"excerpt":"Tyylik\u00e4s iso 150cm massiivitamminen Filippa-senkki Rowicon mallistosta! Rowicon upealla Filippa sarjalla sisustat kotisi kauniisti sarjasta l\u00f6ytyy lipastot senkit vitriinit ruokap\u00f6yd\u00e4t ja tuolit! Kannen v\u00e4rivaihtoehtoja ovat Tammi Valkopesty tammi ja Ruskea. Rungon v\u00e4rit: Valkoinen valkopesty tammi ja tammi. Tuotetiedot: Ovissa ja laatikoissa hidastinmekanismit. Toimitetaan kasattuna vain jalat ovat irrallaan.","rel":"","context":"Liknande produkt","block_context":{"text":"Liknande produkt","link":""},"img":{"alt_text":"","src":"https:\/\/i0.wp.com\/pohjanmaantehtaanmyymala.fi\/wp-content\/uploads\/2019\/06\/113776-a-Filippa-R.jpg?fit=960%2C960&ssl=1&resize=350%2C200","width":350,"height":200,"srcset":"https:\/\/i0.wp.com\/pohjanmaantehtaanmyymala.fi\/wp-content\/uploads\/2019\/06\/113776-a-Filippa-R.jpg?fit=960%2C960&ssl=1&resize=350%2C200 1x, https:\/\/i0.wp.com\/pohjanmaantehtaanmyymala.fi\/wp-content\/uploads\/2019\/06\/113776-a-Filippa-R.jpg?fit=960%2C960&ssl=1&resize=525%2C300 1.5x, https:\/\/i0.wp.com\/pohjanmaantehtaanmyymala.fi\/wp-content\/uploads\/2019\/06\/113776-a-Filippa-R.jpg?fit=960%2C960&ssl=1&resize=700%2C400 2x"},"classes":[]},{"id":9109,"url":"https:\/\/pohjanmaantehtaanmyymala.fi\/sv\/tuote\/fred-senkki\/","url_meta":{"origin":9004,"position":5},"title":"FRED &#8211; senkki","author":"petri","date":"september 14, 2019","format":false,"excerpt":"Rowicon Fred- senkki tyylik\u00e4\u00e4n tummanruskeana tai valkopestyn\u00e4 tammena. Mustat metallijalat. Senkin ovissa ja laatikoissa hidastinmekanismit. Tuotetiedot: Valmistettu tammesta. Toimitetaan kasattuna jalat irrallaan.","rel":"","context":"Liknande produkt","block_context":{"text":"Liknande produkt","link":""},"img":{"alt_text":"","src":"https:\/\/i0.wp.com\/pohjanmaantehtaanmyymala.fi\/wp-content\/uploads\/2019\/06\/117421-a-Fred-sideboard-ww-R.jpg?fit=960%2C960&ssl=1&resize=350%2C200","width":350,"height":200,"srcset":"https:\/\/i0.wp.com\/pohjanmaantehtaanmyymala.fi\/wp-content\/uploads\/2019\/06\/117421-a-Fred-sideboard-ww-R.jpg?fit=960%2C960&ssl=1&resize=350%2C200 1x, https:\/\/i0.wp.com\/pohjanmaantehtaanmyymala.fi\/wp-content\/uploads\/2019\/06\/117421-a-Fred-sideboard-ww-R.jpg?fit=960%2C960&ssl=1&resize=525%2C300 1.5x, https:\/\/i0.wp.com\/pohjanmaantehtaanmyymala.fi\/wp-content\/uploads\/2019\/06\/117421-a-Fred-sideboard-ww-R.jpg?fit=960%2C960&ssl=1&resize=700%2C400 2x"},"classes":[]}],"_links":{"self":[{"href":"https:\/\/pohjanmaantehtaanmyymala.fi\/sv\/wp-json\/wp\/v2\/product\/9004","targetHints":{"allow":["GET"]}}],"collection":[{"href":"https:\/\/pohjanmaantehtaanmyymala.fi\/sv\/wp-json\/wp\/v2\/product"}],"about":[{"href":"https:\/\/pohjanmaantehtaanmyymala.fi\/sv\/wp-json\/wp\/v2\/types\/product"}],"replies":[{"embeddable":true,"href":"https:\/\/pohjanmaantehtaanmyymala.fi\/sv\/wp-json\/wp\/v2\/comments?post=9004"}],"wp:featuredmedia":[{"embeddable":true,"href":"https:\/\/pohjanmaantehtaanmyymala.fi\/sv\/wp-json\/wp\/v2\/media\/9005"}],"wp:attachment":[{"href":"https:\/\/pohjanmaantehtaanmyymala.fi\/sv\/wp-json\/wp\/v2\/media?parent=9004"}],"wp:term":[{"taxonomy":"product_brand","embeddable":true,"href":"https:\/\/pohjanmaantehtaanmyymala.fi\/sv\/wp-json\/wp\/v2\/product_brand?post=9004"},{"taxonomy":"product_cat","embeddable":true,"href":"https:\/\/pohjanmaantehtaanmyymala.fi\/sv\/wp-json\/wp\/v2\/product_cat?post=9004"},{"taxonomy":"product_tag","embeddable":true,"href":"https:\/\/pohjanmaantehtaanmyymala.fi\/sv\/wp-json\/wp\/v2\/product_tag?post=9004"}],"curies":[{"name":"wp","href":"https:\/\/api.w.org\/{rel}","templated":true}]}}