{"id":8995,"date":"2019-09-14T09:28:06","date_gmt":"2019-09-14T07:28:06","guid":{"rendered":""},"modified":"2026-04-25T11:29:12","modified_gmt":"2026-04-25T09:29:12","slug":"brooklyn-ruokapoydan-jatkopala","status":"publish","type":"product","link":"https:\/\/pohjanmaantehtaanmyymala.fi\/sv\/tuote\/brooklyn-ruokapoydan-jatkopala\/","title":{"rendered":"BROOKLYN ruokap\u00f6yd\u00e4n jatkopala 50 cm"},"content":{"rendered":"<p>Jatkopala Rowico Brooklyn ruokap\u00f6yt\u00e4\u00e4n. Yhteen p\u00f6yt\u00e4\u00e4n on mahdollista asentaa 2 jatkopalaa, yksi p\u00f6yd\u00e4n molempiin p\u00e4ihin.<\/p>\n<p>T\u00e4m\u00e4 jatkopala soveltuu kaikkiin Rowicon Brooklyn ruokap\u00f6ytiin, my\u00f6s metallijalkaisiin malleihin.<\/p>\n<p>Jatkopalan koko: 50&#215;90 cm.<\/p>\n<p>Valittavanasi kolme eri v\u00e4ri\u00e4: LV-tammi, Tummanruskea tammi ja Valkopesty tammi.<\/p>\n","protected":false},"excerpt":{"rendered":"<p>Jatkopala Rowico Brooklyn ruokap\u00f6yt\u00e4\u00e4n. Yhteen p\u00f6yt\u00e4\u00e4n on mahdollista asentaa 2 jatkopalaa, yksi p\u00f6yd\u00e4n molempiin p\u00e4ihin. T\u00e4m\u00e4 jatkopala soveltuu kaikkiin Rowicon Brooklyn ruokap\u00f6ytiin, my\u00f6s metallijalkaisiin malleihin. Jatkopalan koko: 50&#215;90 cm. Valittavanasi kolme eri v\u00e4ri\u00e4: LV-tammi, Tummanruskea tammi ja Valkopesty tammi.<\/p>\n","protected":false},"featured_media":21137,"comment_status":"closed","ping_status":"closed","template":"","meta":{"_acf_changed":false,"jetpack_post_was_ever_published":false,"jetpack_publicize_message":"","jetpack_publicize_feature_enabled":true,"jetpack_social_post_already_shared":false,"jetpack_social_options":{"image_generator_settings":{"template":"highway","default_image_id":0,"font":"","enabled":false},"version":2}},"product_brand":[179],"product_cat":[194],"product_tag":[],"class_list":{"0":"post-8995","1":"product","2":"type-product","3":"status-publish","4":"has-post-thumbnail","6":"product_brand-rowico","7":"product_cat-ruokapoydat-ja-tuolit","8":"product_shipping_class-161","10":"first","11":"instock","12":"purchasable","13":"product-type-simple"},"acf":[],"jetpack_publicize_connections":[],"jetpack_sharing_enabled":true,"jetpack-related-posts":[{"id":9067,"url":"https:\/\/pohjanmaantehtaanmyymala.fi\/sv\/tuote\/filippa-ruokapoydan-jatkopala\/","url_meta":{"origin":8995,"position":0},"title":"FILIPPA &#8211; ruokap\u00f6yd\u00e4n jatkopala","author":"petri","date":"september 14, 2019","format":false,"excerpt":"T\u00e4m\u00e4 jatkopala soveltuu vain Rowicon 140x90 cm. ja 180x90 cm. kokoisiin Filippa- ruokap\u00f6ytiin. P\u00f6ytiin on mahdollista laittaa jatkopala p\u00f6yd\u00e4n molempiin p\u00e4ihin. Jatkopalan koko: 50x90 cm. Valittavanasi on kolme eri v\u00e4ri\u00e4. (Ruskea Tammi Valkopesty Tammi)","rel":"","context":"Liknande produkt","block_context":{"text":"Liknande produkt","link":""},"img":{"alt_text":"","src":"https:\/\/i0.wp.com\/pohjanmaantehtaanmyymala.fi\/wp-content\/uploads\/2019\/06\/113734-a-Filippa-R.jpg?fit=960%2C960&ssl=1&resize=350%2C200","width":350,"height":200,"srcset":"https:\/\/i0.wp.com\/pohjanmaantehtaanmyymala.fi\/wp-content\/uploads\/2019\/06\/113734-a-Filippa-R.jpg?fit=960%2C960&ssl=1&resize=350%2C200 1x, https:\/\/i0.wp.com\/pohjanmaantehtaanmyymala.fi\/wp-content\/uploads\/2019\/06\/113734-a-Filippa-R.jpg?fit=960%2C960&ssl=1&resize=525%2C300 1.5x, https:\/\/i0.wp.com\/pohjanmaantehtaanmyymala.fi\/wp-content\/uploads\/2019\/06\/113734-a-Filippa-R.jpg?fit=960%2C960&ssl=1&resize=700%2C400 2x"},"classes":[]},{"id":9049,"url":"https:\/\/pohjanmaantehtaanmyymala.fi\/sv\/tuote\/fenwood-ruokapoyta-jatkopaloilla\/","url_meta":{"origin":8995,"position":1},"title":"FENWOOD &#8211; ruokap\u00f6yt\u00e4 jatkopaloilla","author":"petri","date":"september 14, 2019","format":false,"excerpt":"Rowicon Fenwood- sarjan musta ruokap\u00f6yt\u00e4 sis\u00e4lt\u00e4\u00e4 kaksi jatkopalaa kun p\u00f6yt\u00e4 jatketaan molemmilla jatkopaloilla p\u00f6yd\u00e4n pituudeksi tulee hulppeat 260 cm. P\u00f6yt\u00e4\u00e4 voi k\u00e4ytt\u00e4\u00e4 my\u00f6s vain yhdell\u00e4 jatkopalalla. Tuotetiedot: Musta lakattu pinta. Toimitus sis\u00e4lt\u00e4\u00e4 kaksi 40 cm jatkopalaa. Toimitetaan jalat irrallaan.","rel":"","context":"Liknande produkt","block_context":{"text":"Liknande produkt","link":""},"img":{"alt_text":"","src":"https:\/\/i0.wp.com\/pohjanmaantehtaanmyymala.fi\/wp-content\/uploads\/2019\/06\/118600-a-Fenwood-matbord-svart.jpg?fit=960%2C960&ssl=1&resize=350%2C200","width":350,"height":200,"srcset":"https:\/\/i0.wp.com\/pohjanmaantehtaanmyymala.fi\/wp-content\/uploads\/2019\/06\/118600-a-Fenwood-matbord-svart.jpg?fit=960%2C960&ssl=1&resize=350%2C200 1x, https:\/\/i0.wp.com\/pohjanmaantehtaanmyymala.fi\/wp-content\/uploads\/2019\/06\/118600-a-Fenwood-matbord-svart.jpg?fit=960%2C960&ssl=1&resize=525%2C300 1.5x, https:\/\/i0.wp.com\/pohjanmaantehtaanmyymala.fi\/wp-content\/uploads\/2019\/06\/118600-a-Fenwood-matbord-svart.jpg?fit=960%2C960&ssl=1&resize=700%2C400 2x"},"classes":[]},{"id":19096,"url":"https:\/\/pohjanmaantehtaanmyymala.fi\/sv\/tuote\/rowico-winnipeg-poyta-200-cm\/","url_meta":{"origin":8995,"position":2},"title":"Rowico Winnipeg-p\u00f6yt\u00e4 200&#215;100 cm","author":"Sami Viitala","date":"november 17, 2021","format":false,"excerpt":"Selk\u00e4linjainen ruokap\u00f6yt\u00e4 metallijaloilla. Saatavan kahdessa eri v\u00e4riss\u00e4.","rel":"","context":"Liknande produkt","block_context":{"text":"Liknande produkt","link":""},"img":{"alt_text":"Winnipeg p\u00f6yt\u00e4 valkopesty tammi mustat jalat ruokatilassa","src":"https:\/\/i0.wp.com\/pohjanmaantehtaanmyymala.fi\/wp-content\/uploads\/2021\/11\/Winnipeg-poyta-200-valkotammi-musta-miljoo.jpg?fit=960%2C960&ssl=1&resize=350%2C200","width":350,"height":200,"srcset":"https:\/\/i0.wp.com\/pohjanmaantehtaanmyymala.fi\/wp-content\/uploads\/2021\/11\/Winnipeg-poyta-200-valkotammi-musta-miljoo.jpg?fit=960%2C960&ssl=1&resize=350%2C200 1x, https:\/\/i0.wp.com\/pohjanmaantehtaanmyymala.fi\/wp-content\/uploads\/2021\/11\/Winnipeg-poyta-200-valkotammi-musta-miljoo.jpg?fit=960%2C960&ssl=1&resize=525%2C300 1.5x, https:\/\/i0.wp.com\/pohjanmaantehtaanmyymala.fi\/wp-content\/uploads\/2021\/11\/Winnipeg-poyta-200-valkotammi-musta-miljoo.jpg?fit=960%2C960&ssl=1&resize=700%2C400 2x"},"classes":[]},{"id":9339,"url":"https:\/\/pohjanmaantehtaanmyymala.fi\/sv\/tuote\/yumi-ruokapoyta\/","url_meta":{"origin":8995,"position":3},"title":"YUMI &#8211; ruokap\u00f6yt\u00e4 190 cm","author":"petri","date":"september 14, 2019","format":false,"excerpt":"Rowicon tammesta valmistettu Yumi- ruokap\u00f6yt\u00e4. T\u00e4m\u00e4n p\u00f6yd\u00e4n kanssa sopii hyvin esimerkiksi KATO- tuolit! P\u00f6yt\u00e4\u00e4n saatavana my\u00f6s jatkopalat molempiin p\u00e4ihin. Tuotetiedot: Valmistettu tammesta. Lakattu. Vapaa tila jalkojen v\u00e4liss\u00e4: 160 cm. Saatavana Tammisena ja mustana. Toimitetaan jalat irrallaan.","rel":"","context":"Liknande produkt","block_context":{"text":"Liknande produkt","link":""},"img":{"alt_text":"","src":"https:\/\/i0.wp.com\/pohjanmaantehtaanmyymala.fi\/wp-content\/uploads\/2019\/06\/116927-b-Yumi-matbord-190-svart.jpg?fit=960%2C960&ssl=1&resize=350%2C200","width":350,"height":200,"srcset":"https:\/\/i0.wp.com\/pohjanmaantehtaanmyymala.fi\/wp-content\/uploads\/2019\/06\/116927-b-Yumi-matbord-190-svart.jpg?fit=960%2C960&ssl=1&resize=350%2C200 1x, https:\/\/i0.wp.com\/pohjanmaantehtaanmyymala.fi\/wp-content\/uploads\/2019\/06\/116927-b-Yumi-matbord-190-svart.jpg?fit=960%2C960&ssl=1&resize=525%2C300 1.5x, https:\/\/i0.wp.com\/pohjanmaantehtaanmyymala.fi\/wp-content\/uploads\/2019\/06\/116927-b-Yumi-matbord-190-svart.jpg?fit=960%2C960&ssl=1&resize=700%2C400 2x"},"classes":[]},{"id":11448,"url":"https:\/\/pohjanmaantehtaanmyymala.fi\/sv\/tuote\/brooklyn-vitriini\/","url_meta":{"origin":8995,"position":4},"title":"BROOKLYN &#8211; vitriini","author":"Sami Viitala","date":"april 6, 2020","format":false,"excerpt":"Tyylik\u00e4s Brooklyn -vitriini Rowicolta. Brooklyn -tuoteperheen massiivinen vitriini sopii mainiosti muiden saman perheen kalusteiden kanssa muodostaen kauniin kokonaisuuden. Tuotetiedot: Brooklyn senkki valmistettu tammesta. V\u00e4rivaihtoehdot: LV-tammi, Tummanruskea tammi ja Valkopesty tammi. Mitat: Leveys 130 cm Korkeus 150 cm Syvyys 45 cm Toimitetaan valmiiksi kasattuna jalat irrallaan.","rel":"","context":"Liknande produkt","block_context":{"text":"Liknande produkt","link":""},"img":{"alt_text":"Brooklyn hyllykk\u00f6","src":"https:\/\/i0.wp.com\/pohjanmaantehtaanmyymala.fi\/wp-content\/uploads\/2020\/04\/108565-a-Brooklyn-highboard-ww.jpg?fit=960%2C960&ssl=1&resize=350%2C200","width":350,"height":200,"srcset":"https:\/\/i0.wp.com\/pohjanmaantehtaanmyymala.fi\/wp-content\/uploads\/2020\/04\/108565-a-Brooklyn-highboard-ww.jpg?fit=960%2C960&ssl=1&resize=350%2C200 1x, https:\/\/i0.wp.com\/pohjanmaantehtaanmyymala.fi\/wp-content\/uploads\/2020\/04\/108565-a-Brooklyn-highboard-ww.jpg?fit=960%2C960&ssl=1&resize=525%2C300 1.5x, https:\/\/i0.wp.com\/pohjanmaantehtaanmyymala.fi\/wp-content\/uploads\/2020\/04\/108565-a-Brooklyn-highboard-ww.jpg?fit=960%2C960&ssl=1&resize=700%2C400 2x"},"classes":[]},{"id":9004,"url":"https:\/\/pohjanmaantehtaanmyymala.fi\/sv\/tuote\/brooklyn-senkki\/","url_meta":{"origin":8995,"position":5},"title":"BROOKLYN &#8211; senkki","author":"petri","date":"september 14, 2019","format":false,"excerpt":"Upea tamminen Brooklyn senkki Rowicolta. Brooklyn -tuoteperheen massiivinen senkki sopii mainiosti muiden Brooklyn tuotteiden kanssa. Tuotetiedot: Brooklyn senkki valmistettu tammesta. V\u00e4rivaihtoehdot: Tumman ruskea, tammi ja Valkopesty tammi. Toimitetaan kasattuna jalat irrallaan.","rel":"","context":"Liknande produkt","block_context":{"text":"Liknande produkt","link":""},"img":{"alt_text":"","src":"https:\/\/i0.wp.com\/pohjanmaantehtaanmyymala.fi\/wp-content\/uploads\/2019\/06\/108595-b-Brooklyn-sideboard-ek.jpg?fit=960%2C960&ssl=1&resize=350%2C200","width":350,"height":200,"srcset":"https:\/\/i0.wp.com\/pohjanmaantehtaanmyymala.fi\/wp-content\/uploads\/2019\/06\/108595-b-Brooklyn-sideboard-ek.jpg?fit=960%2C960&ssl=1&resize=350%2C200 1x, https:\/\/i0.wp.com\/pohjanmaantehtaanmyymala.fi\/wp-content\/uploads\/2019\/06\/108595-b-Brooklyn-sideboard-ek.jpg?fit=960%2C960&ssl=1&resize=525%2C300 1.5x, https:\/\/i0.wp.com\/pohjanmaantehtaanmyymala.fi\/wp-content\/uploads\/2019\/06\/108595-b-Brooklyn-sideboard-ek.jpg?fit=960%2C960&ssl=1&resize=700%2C400 2x"},"classes":[]}],"_links":{"self":[{"href":"https:\/\/pohjanmaantehtaanmyymala.fi\/sv\/wp-json\/wp\/v2\/product\/8995","targetHints":{"allow":["GET"]}}],"collection":[{"href":"https:\/\/pohjanmaantehtaanmyymala.fi\/sv\/wp-json\/wp\/v2\/product"}],"about":[{"href":"https:\/\/pohjanmaantehtaanmyymala.fi\/sv\/wp-json\/wp\/v2\/types\/product"}],"replies":[{"embeddable":true,"href":"https:\/\/pohjanmaantehtaanmyymala.fi\/sv\/wp-json\/wp\/v2\/comments?post=8995"}],"wp:featuredmedia":[{"embeddable":true,"href":"https:\/\/pohjanmaantehtaanmyymala.fi\/sv\/wp-json\/wp\/v2\/media\/21137"}],"wp:attachment":[{"href":"https:\/\/pohjanmaantehtaanmyymala.fi\/sv\/wp-json\/wp\/v2\/media?parent=8995"}],"wp:term":[{"taxonomy":"product_brand","embeddable":true,"href":"https:\/\/pohjanmaantehtaanmyymala.fi\/sv\/wp-json\/wp\/v2\/product_brand?post=8995"},{"taxonomy":"product_cat","embeddable":true,"href":"https:\/\/pohjanmaantehtaanmyymala.fi\/sv\/wp-json\/wp\/v2\/product_cat?post=8995"},{"taxonomy":"product_tag","embeddable":true,"href":"https:\/\/pohjanmaantehtaanmyymala.fi\/sv\/wp-json\/wp\/v2\/product_tag?post=8995"}],"curies":[{"name":"wp","href":"https:\/\/api.w.org\/{rel}","templated":true}]}}