{"id":8974,"date":"2019-09-14T09:27:53","date_gmt":"2019-09-14T07:27:53","guid":{"rendered":""},"modified":"2026-04-25T11:29:12","modified_gmt":"2026-04-25T09:29:12","slug":"ami-tuoli","status":"publish","type":"product","link":"https:\/\/pohjanmaantehtaanmyymala.fi\/sv\/tuote\/ami-tuoli\/","title":{"rendered":"Rowico AMI tuoli, eri v\u00e4rej\u00e4"},"content":{"rendered":"<p>Trendik\u00e4s Ami ruokap\u00f6yd\u00e4n tuoli pehmustetulla istuimella edustaa Rowicon tyylik\u00e4st\u00e4 designia. T\u00e4m\u00e4 tammesta valmistettu tuoli on varustettu kauniilla mustalla istuinverhoilulla, mik\u00e4 luo modernin ja hienostuneen ilmeen. Tuolin muotoilu on kevyt ja siro, sopien erityisen hyvin pienemm\u00e4n ruokap\u00f6yd\u00e4n ymp\u00e4rille.<\/p>\n<p>Ami-keitti\u00f6ntuolin istuinosa on k\u00e4yt\u00e4nn\u00f6llisesti verhoiltu helppohoitoisella mustalla keinonahalla, joka sek\u00e4 n\u00e4ytt\u00e4\u00e4 tyylikk\u00e4\u00e4lt\u00e4 ett\u00e4 on vaivaton pit\u00e4\u00e4 puhtaana. T\u00e4m\u00e4 tuoli yhdist\u00e4\u00e4 kauneuden, mukavuuden ja k\u00e4yt\u00e4nn\u00f6llisyyden, tarjoten t\u00e4ydellisen istuinratkaisun trendikk\u00e4\u00e4seen ruokailutilaan.<\/p>\n<p>Ami ruokatuolia on saatavilla ruskeana, mustana ja valkopestyn\u00e4 tammena.<\/p>\n<h3>Tuotetiedot:<\/h3>\n<p>Istuinkorkeus: 47 cm, istuinleveys: 44 cm, istuinsyvyys 37 cm.<br \/>\nValmistettu tammesta.<br \/>\nIstuinverhoiluna musta keinonahka tai polyesterikangas.<br \/>\nTuolin kantavuus 110 kg<br \/>\nToimitetaan osina.<\/p>\n<p><strong>V\u00e4rivaihtoehdot, Runko\/Istuin:<\/strong><br \/>\nLV-tammi\/musta PU-keinonahka,<br \/>\nLV-tammi\/beigenharmaa kangas<br \/>\nMustapetsattu\/musta PU-keinonahka<br \/>\nValkopesty tammi\/mustaPU-keinonahka<br \/>\nValkopesty tammi\/beigenharmaa kangas.<br \/>\nRuskea tammi\/beige kangas.<\/p>\n<p>Tuoli toimitetaan osina.<\/p>\n","protected":false},"excerpt":{"rendered":"<p>Tyylik\u00e4s ja siro ruokap\u00f6yd\u00e4n tuoli. Valitse mieluinen v\u00e4ri!<\/p>\n","protected":false},"featured_media":11730,"comment_status":"closed","ping_status":"closed","template":"","meta":{"_acf_changed":false,"jetpack_post_was_ever_published":false,"jetpack_publicize_message":"","jetpack_publicize_feature_enabled":true,"jetpack_social_post_already_shared":false,"jetpack_social_options":{"image_generator_settings":{"template":"highway","default_image_id":0,"font":"","enabled":false},"version":2}},"product_brand":[179],"product_cat":[194],"product_tag":[],"class_list":{"0":"post-8974","1":"product","2":"type-product","3":"status-publish","4":"has-post-thumbnail","6":"product_brand-rowico","7":"product_cat-ruokapoydat-ja-tuolit","8":"product_shipping_class-161","9":"pa_vari-musta-musta-keinonahka","10":"pa_vari-ruskea-beige","11":"pa_vari-tammi-beigenharmaa","12":"pa_vari-tammi-musta-keinonahka","13":"pa_vari-valkopesty-beigenharmaa","14":"pa_vari-valkopesty-musta-keinonahka","16":"first","17":"instock","18":"purchasable","19":"product-type-variable","20":"has-default-attributes"},"acf":[],"jetpack_publicize_connections":[],"jetpack_sharing_enabled":true,"jetpack-related-posts":[{"id":26650,"url":"https:\/\/pohjanmaantehtaanmyymala.fi\/sv\/tuote\/rowico-ami-ruokapoydan-tuoli\/","url_meta":{"origin":8974,"position":0},"title":"Rowico Kerwin tuoli","author":"Miro Nevala","date":"mars 22, 2024","format":false,"excerpt":"Tyylik\u00e4s ruokap\u00f6yd\u00e4n tuoli. Valitse mieluinen v\u00e4ri!","rel":"","context":"Liknande produkt","block_context":{"text":"Liknande produkt","link":""},"img":{"alt_text":"Rowico Kerwin tuoli ruskea runko beige istuin verhoilu","src":"https:\/\/i0.wp.com\/pohjanmaantehtaanmyymala.fi\/wp-content\/uploads\/2024\/03\/Rowico_Kerwin_tuoli_ruskea-beige.jpg?fit=1000%2C1000&ssl=1&resize=350%2C200","width":350,"height":200,"srcset":"https:\/\/i0.wp.com\/pohjanmaantehtaanmyymala.fi\/wp-content\/uploads\/2024\/03\/Rowico_Kerwin_tuoli_ruskea-beige.jpg?fit=1000%2C1000&ssl=1&resize=350%2C200 1x, https:\/\/i0.wp.com\/pohjanmaantehtaanmyymala.fi\/wp-content\/uploads\/2024\/03\/Rowico_Kerwin_tuoli_ruskea-beige.jpg?fit=1000%2C1000&ssl=1&resize=525%2C300 1.5x, https:\/\/i0.wp.com\/pohjanmaantehtaanmyymala.fi\/wp-content\/uploads\/2024\/03\/Rowico_Kerwin_tuoli_ruskea-beige.jpg?fit=1000%2C1000&ssl=1&resize=700%2C400 2x"},"classes":[]},{"id":26690,"url":"https:\/\/pohjanmaantehtaanmyymala.fi\/sv\/tuote\/rowico-wolcott-tuoli\/","url_meta":{"origin":8974,"position":1},"title":"Rowico Wolcott-tuoli","author":"Miro Nevala","date":"mars 22, 2024","format":false,"excerpt":"Taattua Rowicon laatua ja n\u00e4ytt\u00e4vyytt\u00e4. Valitse v\u00e4ri!","rel":"","context":"Liknande produkt","block_context":{"text":"Liknande produkt","link":""},"img":{"alt_text":"Rowico Wolcott ruokatuoli valkopesty tammi","src":"https:\/\/i0.wp.com\/pohjanmaantehtaanmyymala.fi\/wp-content\/uploads\/2024\/03\/Rowico_Wolcott_ruokatuoli-valkopesty.jpg?fit=960%2C960&ssl=1&resize=350%2C200","width":350,"height":200,"srcset":"https:\/\/i0.wp.com\/pohjanmaantehtaanmyymala.fi\/wp-content\/uploads\/2024\/03\/Rowico_Wolcott_ruokatuoli-valkopesty.jpg?fit=960%2C960&ssl=1&resize=350%2C200 1x, https:\/\/i0.wp.com\/pohjanmaantehtaanmyymala.fi\/wp-content\/uploads\/2024\/03\/Rowico_Wolcott_ruokatuoli-valkopesty.jpg?fit=960%2C960&ssl=1&resize=525%2C300 1.5x, https:\/\/i0.wp.com\/pohjanmaantehtaanmyymala.fi\/wp-content\/uploads\/2024\/03\/Rowico_Wolcott_ruokatuoli-valkopesty.jpg?fit=960%2C960&ssl=1&resize=700%2C400 2x"},"classes":[]},{"id":26517,"url":"https:\/\/pohjanmaantehtaanmyymala.fi\/sv\/tuote\/rowico-waterton-tuoli-valitse-vari\/","url_meta":{"origin":8974,"position":2},"title":"Rowico Waterton tuoli. Valitse v\u00e4ri!","author":"Miro Nevala","date":"april 9, 2024","format":false,"excerpt":"N\u00e4ytt\u00e4v\u00e4 ruokatuoli 2 eri v\u00e4rityksell\u00e4!","rel":"","context":"Liknande produkt","block_context":{"text":"Liknande produkt","link":""},"img":{"alt_text":"Rowico Waterlon tuoli tammi kulma","src":"https:\/\/i0.wp.com\/pohjanmaantehtaanmyymala.fi\/wp-content\/uploads\/2024\/03\/Rowico_Waterton_tuoli-1.jpg?fit=960%2C960&ssl=1&resize=350%2C200","width":350,"height":200,"srcset":"https:\/\/i0.wp.com\/pohjanmaantehtaanmyymala.fi\/wp-content\/uploads\/2024\/03\/Rowico_Waterton_tuoli-1.jpg?fit=960%2C960&ssl=1&resize=350%2C200 1x, https:\/\/i0.wp.com\/pohjanmaantehtaanmyymala.fi\/wp-content\/uploads\/2024\/03\/Rowico_Waterton_tuoli-1.jpg?fit=960%2C960&ssl=1&resize=525%2C300 1.5x, https:\/\/i0.wp.com\/pohjanmaantehtaanmyymala.fi\/wp-content\/uploads\/2024\/03\/Rowico_Waterton_tuoli-1.jpg?fit=960%2C960&ssl=1&resize=700%2C400 2x"},"classes":[]},{"id":22881,"url":"https:\/\/pohjanmaantehtaanmyymala.fi\/sv\/tuote\/gracy-tuoli-verhoiltu\/","url_meta":{"origin":8974,"position":3},"title":"GRACY &#8211; tuoli verhoiltu","author":"Sami Viitala","date":"maj 5, 2023","format":false,"excerpt":"Tyylik\u00e4s Gracy-tuoli ruokap\u00f6yd\u00e4n ymp\u00e4rille. Tuolin istuinosa on on verhoitu. V\u00e4ri vaihtoehdot ovat vaalean- ja tummanharmaa. Tuolin jalat valmistettu tammesta. Jalkojen v\u00e4rit ovat Musta, valkopesty tai tammi. Saatavana my\u00f6s laminaatti-istuimella. Tuolin istuinkorkeus: 46 cm. Tuoli toimitetaan osina.","rel":"","context":"Liknande produkt","block_context":{"text":"Liknande produkt","link":""},"img":{"alt_text":"Gracy tuoli vaalean harmaa mustalla jalalla","src":"https:\/\/i0.wp.com\/pohjanmaantehtaanmyymala.fi\/wp-content\/uploads\/2023\/05\/113635-a-Grace-stol-ljusgra-svart-R.jpg?fit=960%2C960&ssl=1&resize=350%2C200","width":350,"height":200,"srcset":"https:\/\/i0.wp.com\/pohjanmaantehtaanmyymala.fi\/wp-content\/uploads\/2023\/05\/113635-a-Grace-stol-ljusgra-svart-R.jpg?fit=960%2C960&ssl=1&resize=350%2C200 1x, https:\/\/i0.wp.com\/pohjanmaantehtaanmyymala.fi\/wp-content\/uploads\/2023\/05\/113635-a-Grace-stol-ljusgra-svart-R.jpg?fit=960%2C960&ssl=1&resize=525%2C300 1.5x, https:\/\/i0.wp.com\/pohjanmaantehtaanmyymala.fi\/wp-content\/uploads\/2023\/05\/113635-a-Grace-stol-ljusgra-svart-R.jpg?fit=960%2C960&ssl=1&resize=700%2C400 2x"},"classes":[]},{"id":26670,"url":"https:\/\/pohjanmaantehtaanmyymala.fi\/sv\/tuote\/rowico-rodham-tuoli-valitse-vari\/","url_meta":{"origin":8974,"position":4},"title":"Rowico Rodham tuoli, valitse v\u00e4ri","author":"Miro Nevala","date":"mars 22, 2024","format":false,"excerpt":"Siro tuoli 4 eri v\u00e4rityksell\u00e4. Valitse mieluinen!","rel":"","context":"Liknande produkt","block_context":{"text":"Liknande produkt","link":""},"img":{"alt_text":"Rowico Rodham ruokatuoli valkopesty tammi","src":"https:\/\/i0.wp.com\/pohjanmaantehtaanmyymala.fi\/wp-content\/uploads\/2024\/03\/Rowico_Rodham_ruokatuoli-valkopesty-tammi.jpg?fit=960%2C960&ssl=1&resize=350%2C200","width":350,"height":200,"srcset":"https:\/\/i0.wp.com\/pohjanmaantehtaanmyymala.fi\/wp-content\/uploads\/2024\/03\/Rowico_Rodham_ruokatuoli-valkopesty-tammi.jpg?fit=960%2C960&ssl=1&resize=350%2C200 1x, https:\/\/i0.wp.com\/pohjanmaantehtaanmyymala.fi\/wp-content\/uploads\/2024\/03\/Rowico_Rodham_ruokatuoli-valkopesty-tammi.jpg?fit=960%2C960&ssl=1&resize=525%2C300 1.5x, https:\/\/i0.wp.com\/pohjanmaantehtaanmyymala.fi\/wp-content\/uploads\/2024\/03\/Rowico_Rodham_ruokatuoli-valkopesty-tammi.jpg?fit=960%2C960&ssl=1&resize=700%2C400 2x"},"classes":[]},{"id":9339,"url":"https:\/\/pohjanmaantehtaanmyymala.fi\/sv\/tuote\/yumi-ruokapoyta\/","url_meta":{"origin":8974,"position":5},"title":"YUMI &#8211; ruokap\u00f6yt\u00e4 190 cm","author":"petri","date":"september 14, 2019","format":false,"excerpt":"Rowicon tammesta valmistettu Yumi- ruokap\u00f6yt\u00e4. T\u00e4m\u00e4n p\u00f6yd\u00e4n kanssa sopii hyvin esimerkiksi KATO- tuolit! P\u00f6yt\u00e4\u00e4n saatavana my\u00f6s jatkopalat molempiin p\u00e4ihin. Tuotetiedot: Valmistettu tammesta. Lakattu. Vapaa tila jalkojen v\u00e4liss\u00e4: 160 cm. Saatavana Tammisena ja mustana. Toimitetaan jalat irrallaan.","rel":"","context":"Liknande produkt","block_context":{"text":"Liknande produkt","link":""},"img":{"alt_text":"","src":"https:\/\/i0.wp.com\/pohjanmaantehtaanmyymala.fi\/wp-content\/uploads\/2019\/06\/116927-b-Yumi-matbord-190-svart.jpg?fit=960%2C960&ssl=1&resize=350%2C200","width":350,"height":200,"srcset":"https:\/\/i0.wp.com\/pohjanmaantehtaanmyymala.fi\/wp-content\/uploads\/2019\/06\/116927-b-Yumi-matbord-190-svart.jpg?fit=960%2C960&ssl=1&resize=350%2C200 1x, https:\/\/i0.wp.com\/pohjanmaantehtaanmyymala.fi\/wp-content\/uploads\/2019\/06\/116927-b-Yumi-matbord-190-svart.jpg?fit=960%2C960&ssl=1&resize=525%2C300 1.5x, https:\/\/i0.wp.com\/pohjanmaantehtaanmyymala.fi\/wp-content\/uploads\/2019\/06\/116927-b-Yumi-matbord-190-svart.jpg?fit=960%2C960&ssl=1&resize=700%2C400 2x"},"classes":[]}],"_links":{"self":[{"href":"https:\/\/pohjanmaantehtaanmyymala.fi\/sv\/wp-json\/wp\/v2\/product\/8974","targetHints":{"allow":["GET"]}}],"collection":[{"href":"https:\/\/pohjanmaantehtaanmyymala.fi\/sv\/wp-json\/wp\/v2\/product"}],"about":[{"href":"https:\/\/pohjanmaantehtaanmyymala.fi\/sv\/wp-json\/wp\/v2\/types\/product"}],"replies":[{"embeddable":true,"href":"https:\/\/pohjanmaantehtaanmyymala.fi\/sv\/wp-json\/wp\/v2\/comments?post=8974"}],"wp:featuredmedia":[{"embeddable":true,"href":"https:\/\/pohjanmaantehtaanmyymala.fi\/sv\/wp-json\/wp\/v2\/media\/11730"}],"wp:attachment":[{"href":"https:\/\/pohjanmaantehtaanmyymala.fi\/sv\/wp-json\/wp\/v2\/media?parent=8974"}],"wp:term":[{"taxonomy":"product_brand","embeddable":true,"href":"https:\/\/pohjanmaantehtaanmyymala.fi\/sv\/wp-json\/wp\/v2\/product_brand?post=8974"},{"taxonomy":"product_cat","embeddable":true,"href":"https:\/\/pohjanmaantehtaanmyymala.fi\/sv\/wp-json\/wp\/v2\/product_cat?post=8974"},{"taxonomy":"product_tag","embeddable":true,"href":"https:\/\/pohjanmaantehtaanmyymala.fi\/sv\/wp-json\/wp\/v2\/product_tag?post=8974"}],"curies":[{"name":"wp","href":"https:\/\/api.w.org\/{rel}","templated":true}]}}