{"id":8938,"date":"2019-09-14T09:27:25","date_gmt":"2019-09-14T07:27:25","guid":{"rendered":""},"modified":"2026-04-25T11:51:25","modified_gmt":"2026-04-25T09:51:25","slug":"alpha-tuoli","status":"publish","type":"product","link":"https:\/\/pohjanmaantehtaanmyymala.fi\/sv\/tuote\/alpha-tuoli\/","title":{"rendered":"AUBURN &#8211; tuoli"},"content":{"rendered":"<p>Auburn -tuoli on tyylik\u00e4s valinta kodin ruokailutilaan.<br \/>\nTuolin jalat ovat metallia ja istuimessa helppohoitoinen tekstiilinahka (keinonahka).<br \/>\nAuburn -tuolissa on miellytt\u00e4v\u00e4 istua pidempi\u00e4kin aikoja.<br \/>\nTuolin istuinkorkeus 47 cm.<\/p>\n<p>Tuotetiedot:<br \/>\nIstuin: Musta tekstiilinahkaa<br \/>\nJalat: Pulverimaalattua metallia<\/p>\n<p>Toimitetaan jalat irrallaan.<\/p>\n","protected":false},"excerpt":{"rendered":"<p>Auburn -tuoli on tyylik\u00e4s valinta kodin ruokailutilaan. Tuolin jalat ovat metallia ja istuimessa helppohoitoinen tekstiilinahka (keinonahka). Auburn -tuolissa on miellytt\u00e4v\u00e4 istua pidempi\u00e4kin aikoja. Tuolin istuinkorkeus 47 cm. Tuotetiedot: Istuin: Musta tekstiilinahkaa Jalat: Pulverimaalattua metallia Toimitetaan jalat irrallaan.<\/p>\n","protected":false},"featured_media":8939,"comment_status":"closed","ping_status":"closed","template":"","meta":{"_acf_changed":false,"jetpack_post_was_ever_published":false,"jetpack_publicize_message":"","jetpack_publicize_feature_enabled":true,"jetpack_social_post_already_shared":false,"jetpack_social_options":{"image_generator_settings":{"template":"highway","default_image_id":0,"font":"","enabled":false},"version":2}},"product_brand":[179],"product_cat":[194],"product_tag":[],"class_list":{"0":"post-8938","1":"product","2":"type-product","3":"status-publish","4":"has-post-thumbnail","6":"product_brand-rowico","7":"product_cat-ruokapoydat-ja-tuolit","8":"product_shipping_class-161","10":"first","11":"instock","12":"purchasable","13":"product-type-simple"},"acf":[],"jetpack_publicize_connections":[],"jetpack_sharing_enabled":true,"jetpack-related-posts":[{"id":19758,"url":"https:\/\/pohjanmaantehtaanmyymala.fi\/sv\/tuote\/norwell-tuoli\/","url_meta":{"origin":8938,"position":0},"title":"NORWELL tuoli","author":"Sami Viitala","date":"februari 14, 2022","format":false,"excerpt":"Rowicon tyylik\u00e4s tuoli py\u00f6riv\u00e4ll\u00e4 jalalla.","rel":"","context":"Liknande produkt","block_context":{"text":"Liknande produkt","link":""},"img":{"alt_text":"Rowico Norwell tuolit beige ja harmaa","src":"https:\/\/i0.wp.com\/pohjanmaantehtaanmyymala.fi\/wp-content\/uploads\/2022\/02\/Rowico-Norwell-tuoli-harmaa-beige.jpg?fit=960%2C960&ssl=1&resize=350%2C200","width":350,"height":200,"srcset":"https:\/\/i0.wp.com\/pohjanmaantehtaanmyymala.fi\/wp-content\/uploads\/2022\/02\/Rowico-Norwell-tuoli-harmaa-beige.jpg?fit=960%2C960&ssl=1&resize=350%2C200 1x, https:\/\/i0.wp.com\/pohjanmaantehtaanmyymala.fi\/wp-content\/uploads\/2022\/02\/Rowico-Norwell-tuoli-harmaa-beige.jpg?fit=960%2C960&ssl=1&resize=525%2C300 1.5x, https:\/\/i0.wp.com\/pohjanmaantehtaanmyymala.fi\/wp-content\/uploads\/2022\/02\/Rowico-Norwell-tuoli-harmaa-beige.jpg?fit=960%2C960&ssl=1&resize=700%2C400 2x"},"classes":[]},{"id":13597,"url":"https:\/\/pohjanmaantehtaanmyymala.fi\/sv\/tuote\/auburn-baarituoli\/","url_meta":{"origin":8938,"position":1},"title":"Auburn &#8211; Baarituoli","author":"Sami Viitala","date":"september 28, 2020","format":false,"excerpt":"Auburn- baarituoli on tyylik\u00e4s valinta kotisi saarekkeen istuinpaikaksi. Tuolin jalat ovat metallia ja istuimessa helppohoitoinen tekstiilinahka. Alpha- baarituolissa on mukava istua pidempi\u00e4kin aikoja. Auburn -baarituolia on saatavana mustana ja ruskeana. Tuolissa on aina musta metallijalka. Tuotetiedot: leveys: 45 cm Syvyys: 50 cm Korkes: 80 cm Istuinkorkeus 65 cm Istuinsyvyys 40\u2026","rel":"","context":"Liknande produkt","block_context":{"text":"Liknande produkt","link":""},"img":{"alt_text":"Auburn Alpha baarituolit Rowico","src":"https:\/\/i0.wp.com\/pohjanmaantehtaanmyymala.fi\/wp-content\/uploads\/2020\/09\/Alpha-baarituoli-117677-117679.jpg?fit=1200%2C1200&ssl=1&resize=350%2C200","width":350,"height":200,"srcset":"https:\/\/i0.wp.com\/pohjanmaantehtaanmyymala.fi\/wp-content\/uploads\/2020\/09\/Alpha-baarituoli-117677-117679.jpg?fit=1200%2C1200&ssl=1&resize=350%2C200 1x, https:\/\/i0.wp.com\/pohjanmaantehtaanmyymala.fi\/wp-content\/uploads\/2020\/09\/Alpha-baarituoli-117677-117679.jpg?fit=1200%2C1200&ssl=1&resize=525%2C300 1.5x, https:\/\/i0.wp.com\/pohjanmaantehtaanmyymala.fi\/wp-content\/uploads\/2020\/09\/Alpha-baarituoli-117677-117679.jpg?fit=1200%2C1200&ssl=1&resize=700%2C400 2x, https:\/\/i0.wp.com\/pohjanmaantehtaanmyymala.fi\/wp-content\/uploads\/2020\/09\/Alpha-baarituoli-117677-117679.jpg?fit=1200%2C1200&ssl=1&resize=1050%2C600 3x"},"classes":[]},{"id":15618,"url":"https:\/\/pohjanmaantehtaanmyymala.fi\/sv\/tuote\/rowico-haley-tuoli\/","url_meta":{"origin":8938,"position":2},"title":"Rowico HALEY &#8211; tuoli","author":"Sami Viitala","date":"november 20, 2020","format":false,"excerpt":"Rowicon py\u00f6re\u00e4linjainen ruokap\u00f6yd\u00e4n tuoli vaaleanharmaalla verhoilulla.","rel":"","context":"Liknande produkt","block_context":{"text":"Liknande produkt","link":""},"img":{"alt_text":"Rowico Haley tuoli vaalean harmaa","src":"https:\/\/i0.wp.com\/pohjanmaantehtaanmyymala.fi\/wp-content\/uploads\/2020\/11\/Rowico_Haley_tuoli_vaaleanharmaa.jpg?fit=1200%2C1200&ssl=1&resize=350%2C200","width":350,"height":200,"srcset":"https:\/\/i0.wp.com\/pohjanmaantehtaanmyymala.fi\/wp-content\/uploads\/2020\/11\/Rowico_Haley_tuoli_vaaleanharmaa.jpg?fit=1200%2C1200&ssl=1&resize=350%2C200 1x, https:\/\/i0.wp.com\/pohjanmaantehtaanmyymala.fi\/wp-content\/uploads\/2020\/11\/Rowico_Haley_tuoli_vaaleanharmaa.jpg?fit=1200%2C1200&ssl=1&resize=525%2C300 1.5x, https:\/\/i0.wp.com\/pohjanmaantehtaanmyymala.fi\/wp-content\/uploads\/2020\/11\/Rowico_Haley_tuoli_vaaleanharmaa.jpg?fit=1200%2C1200&ssl=1&resize=700%2C400 2x, https:\/\/i0.wp.com\/pohjanmaantehtaanmyymala.fi\/wp-content\/uploads\/2020\/11\/Rowico_Haley_tuoli_vaaleanharmaa.jpg?fit=1200%2C1200&ssl=1&resize=1050%2C600 3x"},"classes":[]},{"id":21518,"url":"https:\/\/pohjanmaantehtaanmyymala.fi\/sv\/tuote\/brent-tuoli-musta\/","url_meta":{"origin":8938,"position":3},"title":"Brent tuoli musta","author":"Sami Viitala","date":"september 15, 2022","format":false,"excerpt":"Tuote on poistumassa valikoimista, tarkista saatavuus! Rowicon metallirunkoinen Brent-tuoli mustalla PU-istuinveroilulla. Tuoli sopii monenlaiseen sisustukseen. Tuolissa on mukava istuinmukavuus pehmustetun istuinosan ja muotoillun viilutetun puisen selk\u00e4nojan ansiosta. Tuolin siro metallijalka saa tuolin n\u00e4ytt\u00e4m\u00e4\u00e4n kevyelt\u00e4. Tuolin istuinkorkeus 48 cm ja istuin syvyys 42 cm. Tuotetiedot: Verhoilu: PU-keinonahkaa Selk\u00e4noja: tammiviilutettu vaneri Jalka:\u2026","rel":"","context":"Liknande produkt","block_context":{"text":"Liknande produkt","link":""},"img":{"alt_text":"Musta Rowico Brent tuoli sein\u00e4n vieress\u00e4","src":"https:\/\/i0.wp.com\/pohjanmaantehtaanmyymala.fi\/wp-content\/uploads\/2022\/09\/Brent-tuoli-miljookuva.jpg?fit=960%2C960&ssl=1&resize=350%2C200","width":350,"height":200,"srcset":"https:\/\/i0.wp.com\/pohjanmaantehtaanmyymala.fi\/wp-content\/uploads\/2022\/09\/Brent-tuoli-miljookuva.jpg?fit=960%2C960&ssl=1&resize=350%2C200 1x, https:\/\/i0.wp.com\/pohjanmaantehtaanmyymala.fi\/wp-content\/uploads\/2022\/09\/Brent-tuoli-miljookuva.jpg?fit=960%2C960&ssl=1&resize=525%2C300 1.5x, https:\/\/i0.wp.com\/pohjanmaantehtaanmyymala.fi\/wp-content\/uploads\/2022\/09\/Brent-tuoli-miljookuva.jpg?fit=960%2C960&ssl=1&resize=700%2C400 2x"},"classes":[]},{"id":15800,"url":"https:\/\/pohjanmaantehtaanmyymala.fi\/sv\/tuote\/rowico-alison-tuoli\/","url_meta":{"origin":8938,"position":4},"title":"ALISON py\u00f6riv\u00e4 tuoli metallijalalla","author":"Sami Viitala","date":"november 23, 2020","format":false,"excerpt":"Rowicon kaunis ruokap\u00f6yd\u00e4n tuoli harmaalla tai beigell\u00e4 verhoilulla.","rel":"","context":"Liknande produkt","block_context":{"text":"Liknande produkt","link":""},"img":{"alt_text":"Rowico Alison tuoli antrasiitti mikrokuitu","src":"https:\/\/i0.wp.com\/pohjanmaantehtaanmyymala.fi\/wp-content\/uploads\/2020\/11\/Alison-tuoli-harmaa.jpg?fit=1200%2C1200&ssl=1&resize=350%2C200","width":350,"height":200,"srcset":"https:\/\/i0.wp.com\/pohjanmaantehtaanmyymala.fi\/wp-content\/uploads\/2020\/11\/Alison-tuoli-harmaa.jpg?fit=1200%2C1200&ssl=1&resize=350%2C200 1x, https:\/\/i0.wp.com\/pohjanmaantehtaanmyymala.fi\/wp-content\/uploads\/2020\/11\/Alison-tuoli-harmaa.jpg?fit=1200%2C1200&ssl=1&resize=525%2C300 1.5x, https:\/\/i0.wp.com\/pohjanmaantehtaanmyymala.fi\/wp-content\/uploads\/2020\/11\/Alison-tuoli-harmaa.jpg?fit=1200%2C1200&ssl=1&resize=700%2C400 2x, https:\/\/i0.wp.com\/pohjanmaantehtaanmyymala.fi\/wp-content\/uploads\/2020\/11\/Alison-tuoli-harmaa.jpg?fit=1200%2C1200&ssl=1&resize=1050%2C600 3x"},"classes":[]},{"id":26185,"url":"https:\/\/pohjanmaantehtaanmyymala.fi\/sv\/tuote\/marcus-tuoli-musta\/","url_meta":{"origin":8938,"position":5},"title":"Marcus tuoli musta","author":"Miro Nevala","date":"oktober 2, 2024","format":false,"excerpt":"N\u00e4ytt\u00e4v\u00e4 ja elegantti ruokatuoli!","rel":"","context":"Liknande produkt","block_context":{"text":"Liknande produkt","link":""},"img":{"alt_text":"Marcus tuoli musta kulmakuva","src":"https:\/\/i0.wp.com\/pohjanmaantehtaanmyymala.fi\/wp-content\/uploads\/2024\/03\/Marcus-musta-kulmakuva.jpg?fit=960%2C960&ssl=1&resize=350%2C200","width":350,"height":200,"srcset":"https:\/\/i0.wp.com\/pohjanmaantehtaanmyymala.fi\/wp-content\/uploads\/2024\/03\/Marcus-musta-kulmakuva.jpg?fit=960%2C960&ssl=1&resize=350%2C200 1x, https:\/\/i0.wp.com\/pohjanmaantehtaanmyymala.fi\/wp-content\/uploads\/2024\/03\/Marcus-musta-kulmakuva.jpg?fit=960%2C960&ssl=1&resize=525%2C300 1.5x, https:\/\/i0.wp.com\/pohjanmaantehtaanmyymala.fi\/wp-content\/uploads\/2024\/03\/Marcus-musta-kulmakuva.jpg?fit=960%2C960&ssl=1&resize=700%2C400 2x"},"classes":[]}],"_links":{"self":[{"href":"https:\/\/pohjanmaantehtaanmyymala.fi\/sv\/wp-json\/wp\/v2\/product\/8938","targetHints":{"allow":["GET"]}}],"collection":[{"href":"https:\/\/pohjanmaantehtaanmyymala.fi\/sv\/wp-json\/wp\/v2\/product"}],"about":[{"href":"https:\/\/pohjanmaantehtaanmyymala.fi\/sv\/wp-json\/wp\/v2\/types\/product"}],"replies":[{"embeddable":true,"href":"https:\/\/pohjanmaantehtaanmyymala.fi\/sv\/wp-json\/wp\/v2\/comments?post=8938"}],"wp:featuredmedia":[{"embeddable":true,"href":"https:\/\/pohjanmaantehtaanmyymala.fi\/sv\/wp-json\/wp\/v2\/media\/8939"}],"wp:attachment":[{"href":"https:\/\/pohjanmaantehtaanmyymala.fi\/sv\/wp-json\/wp\/v2\/media?parent=8938"}],"wp:term":[{"taxonomy":"product_brand","embeddable":true,"href":"https:\/\/pohjanmaantehtaanmyymala.fi\/sv\/wp-json\/wp\/v2\/product_brand?post=8938"},{"taxonomy":"product_cat","embeddable":true,"href":"https:\/\/pohjanmaantehtaanmyymala.fi\/sv\/wp-json\/wp\/v2\/product_cat?post=8938"},{"taxonomy":"product_tag","embeddable":true,"href":"https:\/\/pohjanmaantehtaanmyymala.fi\/sv\/wp-json\/wp\/v2\/product_tag?post=8938"}],"curies":[{"name":"wp","href":"https:\/\/api.w.org\/{rel}","templated":true}]}}