{"id":8925,"date":"2019-09-14T09:26:44","date_gmt":"2019-09-14T07:26:44","guid":{"rendered":""},"modified":"2024-04-13T13:58:06","modified_gmt":"2024-04-13T11:58:06","slug":"forte-tv-taso-135cm","status":"publish","type":"product","link":"https:\/\/pohjanmaantehtaanmyymala.fi\/sv\/tuote\/forte-tv-taso-135cm\/","title":{"rendered":"FORTE &#8211; TV-taso (135cm)"},"content":{"rendered":"<p>Kotimainen Niemen Tehtaiden valmistama Forte tv-taso tarjoaa tyylikk\u00e4\u00e4n tavan ratkaista kodin s\u00e4ilytyspulmat. Suoraviivainen, moderni ja pelkistetty tv-taso on varustettu monilla yksityiskohdilla.<\/p>\n<h3>Tuotetiedot:<\/h3>\n<p>Runko: Valkoista kalustelevy\u00e4, paksuus 18 mm<br \/>\nEtusarjat: Maalattua valkoista MDF-levy\u00e4 ja huurrettua turvalasia<br \/>\nKansi: 8 mm paksu, valkoinen levy<br \/>\nJalat: Valkoiseksi maalattua metallia<br \/>\nLaatikoissa: Ponnahdusmekanismi<br \/>\nTuotteen valmiusaste: Toimitetaan valmiiksi koottuna, jalat irrallaan<br \/>\nTuotteen valmistusmaa: Suomi<\/p>\n<p>&nbsp;<\/p>\n","protected":false},"excerpt":{"rendered":"<p>Tyylik\u00e4s ja trendik\u00e4s valkoinen tv-taso 135 cm leve\u00e4n\u00e4.<\/p>\n","protected":false},"featured_media":10390,"comment_status":"closed","ping_status":"closed","template":"","meta":{"_acf_changed":false,"jetpack_post_was_ever_published":false,"jetpack_publicize_message":"","jetpack_publicize_feature_enabled":true,"jetpack_social_post_already_shared":false,"jetpack_social_options":{"image_generator_settings":{"template":"highway","default_image_id":0,"font":"","enabled":false},"version":2}},"product_brand":[177],"product_cat":[196],"product_tag":[],"class_list":{"0":"post-8925","1":"product","2":"type-product","3":"status-publish","4":"has-post-thumbnail","6":"product_brand-byniemi","7":"product_cat-sailytyskalusteet-ja-tv-tasot","8":"product_shipping_class-161","10":"first","11":"instock","12":"purchasable","13":"product-type-simple"},"acf":[],"jetpack_publicize_connections":[],"jetpack_sharing_enabled":true,"jetpack-related-posts":[{"id":8926,"url":"https:\/\/pohjanmaantehtaanmyymala.fi\/sv\/tuote\/forte-tv-taso-180cm\/","url_meta":{"origin":8925,"position":0},"title":"FORTE &#8211; TV-taso (180cm)","author":"petri","date":"september 14, 2019","format":false,"excerpt":"Tyylik\u00e4s ja trendik\u00e4s valkoinen tv-taso 180 cm leve\u00e4n\u00e4. Tason taustassa on valmiit l\u00e4piviennit johtoja varten. Kotimaisen Forte-tason ulkon\u00e4\u00f6n viimeistelee valkoiset metallijalat. Tuotetiedot: Runko: Valkoista kalustelevy\u00e4, paksuus 18 mm Etusarjat: Maalattua valkoista MDF-levy\u00e4 ja huurrettua turvalasia Kansi: 8 mm paksu, valkoinen turvalasi tai 8 mm paksu, valkoinen levy Jalat: Valkoiseksi maalattua\u2026","rel":"","context":"Liknande produkt","block_context":{"text":"Liknande produkt","link":""},"img":{"alt_text":"","src":"https:\/\/i0.wp.com\/pohjanmaantehtaanmyymala.fi\/wp-content\/uploads\/2019\/09\/Y07-2104-010-FORTE-TV-Taso-180cm.jpg?fit=960%2C960&ssl=1&resize=350%2C200","width":350,"height":200,"srcset":"https:\/\/i0.wp.com\/pohjanmaantehtaanmyymala.fi\/wp-content\/uploads\/2019\/09\/Y07-2104-010-FORTE-TV-Taso-180cm.jpg?fit=960%2C960&ssl=1&resize=350%2C200 1x, https:\/\/i0.wp.com\/pohjanmaantehtaanmyymala.fi\/wp-content\/uploads\/2019\/09\/Y07-2104-010-FORTE-TV-Taso-180cm.jpg?fit=960%2C960&ssl=1&resize=525%2C300 1.5x, https:\/\/i0.wp.com\/pohjanmaantehtaanmyymala.fi\/wp-content\/uploads\/2019\/09\/Y07-2104-010-FORTE-TV-Taso-180cm.jpg?fit=960%2C960&ssl=1&resize=700%2C400 2x"},"classes":[]},{"id":8923,"url":"https:\/\/pohjanmaantehtaanmyymala.fi\/sv\/tuote\/forte-senkki\/","url_meta":{"origin":8925,"position":1},"title":"FORTE &#8211; senkki 135 cm","author":"petri","date":"september 14, 2019","format":false,"excerpt":"Trendik\u00e4s ja tyylik\u00e4s senkki valkoisella levykannella ja metallijaloilla. Senkin ovikaappien takana olevassa tilassa on yksi v\u00e4lihylly jonka korkeutta voi s\u00e4\u00e4t\u00e4\u00e4. Tuotetiedot: Runko: Valkoista kalustelevy\u00e4, paksuus 18 mm Etusarjat: Maalattua valkoista MDF-levy\u00e4 Kansi: 8 mm paksu, valkoinen levy Jalat: Valkoiseksi maalattua metallia Laatikoissa ja ovissa: Ponnahdusmekanismi Tuotteen valmiusaste: Toimitetaan valmiiksi koottuna,\u2026","rel":"","context":"Liknande produkt","block_context":{"text":"Liknande produkt","link":""},"img":{"alt_text":"","src":"https:\/\/i0.wp.com\/pohjanmaantehtaanmyymala.fi\/wp-content\/uploads\/2019\/06\/Y07-2102-010-FORTE-Senkki-135cm.jpg?fit=960%2C960&ssl=1&resize=350%2C200","width":350,"height":200,"srcset":"https:\/\/i0.wp.com\/pohjanmaantehtaanmyymala.fi\/wp-content\/uploads\/2019\/06\/Y07-2102-010-FORTE-Senkki-135cm.jpg?fit=960%2C960&ssl=1&resize=350%2C200 1x, https:\/\/i0.wp.com\/pohjanmaantehtaanmyymala.fi\/wp-content\/uploads\/2019\/06\/Y07-2102-010-FORTE-Senkki-135cm.jpg?fit=960%2C960&ssl=1&resize=525%2C300 1.5x, https:\/\/i0.wp.com\/pohjanmaantehtaanmyymala.fi\/wp-content\/uploads\/2019\/06\/Y07-2102-010-FORTE-Senkki-135cm.jpg?fit=960%2C960&ssl=1&resize=700%2C400 2x"},"classes":[]},{"id":8921,"url":"https:\/\/pohjanmaantehtaanmyymala.fi\/sv\/tuote\/forte-lipasto-45cm\/","url_meta":{"origin":8925,"position":2},"title":"FORTE &#8211; lipasto (45cm)","author":"petri","date":"september 14, 2019","format":false,"excerpt":"Moderni s\u00e4ilytyskaluste Niemen Tehtailta.","rel":"","context":"Liknande produkt","block_context":{"text":"Liknande produkt","link":""},"img":{"alt_text":"","src":"https:\/\/i0.wp.com\/pohjanmaantehtaanmyymala.fi\/wp-content\/uploads\/2019\/09\/Y07-2100-010-FORTE-Lipasto-45cm.jpg?fit=960%2C960&ssl=1&resize=350%2C200","width":350,"height":200,"srcset":"https:\/\/i0.wp.com\/pohjanmaantehtaanmyymala.fi\/wp-content\/uploads\/2019\/09\/Y07-2100-010-FORTE-Lipasto-45cm.jpg?fit=960%2C960&ssl=1&resize=350%2C200 1x, https:\/\/i0.wp.com\/pohjanmaantehtaanmyymala.fi\/wp-content\/uploads\/2019\/09\/Y07-2100-010-FORTE-Lipasto-45cm.jpg?fit=960%2C960&ssl=1&resize=525%2C300 1.5x, https:\/\/i0.wp.com\/pohjanmaantehtaanmyymala.fi\/wp-content\/uploads\/2019\/09\/Y07-2100-010-FORTE-Lipasto-45cm.jpg?fit=960%2C960&ssl=1&resize=700%2C400 2x"},"classes":[]},{"id":8922,"url":"https:\/\/pohjanmaantehtaanmyymala.fi\/sv\/tuote\/forte-lipasto-90cm\/","url_meta":{"origin":8925,"position":3},"title":"FORTE &#8211; lipasto (90cm)","author":"petri","date":"september 14, 2019","format":false,"excerpt":"Forte-lipastolla on Avainlippu, sill\u00e4 se valmistetaan Niemen tehtaalla Sastamalassa.","rel":"","context":"Liknande produkt","block_context":{"text":"Liknande produkt","link":""},"img":{"alt_text":"","src":"https:\/\/i0.wp.com\/pohjanmaantehtaanmyymala.fi\/wp-content\/uploads\/2019\/09\/Y07-2101-010-FORTE-Lipasto-90cm.jpg?fit=960%2C960&ssl=1&resize=350%2C200","width":350,"height":200,"srcset":"https:\/\/i0.wp.com\/pohjanmaantehtaanmyymala.fi\/wp-content\/uploads\/2019\/09\/Y07-2101-010-FORTE-Lipasto-90cm.jpg?fit=960%2C960&ssl=1&resize=350%2C200 1x, https:\/\/i0.wp.com\/pohjanmaantehtaanmyymala.fi\/wp-content\/uploads\/2019\/09\/Y07-2101-010-FORTE-Lipasto-90cm.jpg?fit=960%2C960&ssl=1&resize=525%2C300 1.5x, https:\/\/i0.wp.com\/pohjanmaantehtaanmyymala.fi\/wp-content\/uploads\/2019\/09\/Y07-2101-010-FORTE-Lipasto-90cm.jpg?fit=960%2C960&ssl=1&resize=700%2C400 2x"},"classes":[]},{"id":19513,"url":"https:\/\/pohjanmaantehtaanmyymala.fi\/sv\/tuote\/vilja-tv-taso-laatikoilla-ja-ovilla-150-cm-valkoinen\/","url_meta":{"origin":8925,"position":4},"title":"Vilja tv-taso laatikoilla ja ovilla, 150 cm, valkoinen","author":"Sami Viitala","date":"januari 13, 2022","format":false,"excerpt":"Tyylik\u00e4s tv-taso Hiipakan Vilja-kalustesarjasta.","rel":"","context":"Liknande produkt","block_context":{"text":"Liknande produkt","link":""},"img":{"alt_text":"Vilja taso laatikoilla ja 2 ovella 150 cm leve\u00e4 valkoinen","src":"https:\/\/i0.wp.com\/pohjanmaantehtaanmyymala.fi\/wp-content\/uploads\/2022\/01\/vlija_taso_laatikotjaovet_valkoinen.jpg?fit=960%2C960&ssl=1&resize=350%2C200","width":350,"height":200,"srcset":"https:\/\/i0.wp.com\/pohjanmaantehtaanmyymala.fi\/wp-content\/uploads\/2022\/01\/vlija_taso_laatikotjaovet_valkoinen.jpg?fit=960%2C960&ssl=1&resize=350%2C200 1x, https:\/\/i0.wp.com\/pohjanmaantehtaanmyymala.fi\/wp-content\/uploads\/2022\/01\/vlija_taso_laatikotjaovet_valkoinen.jpg?fit=960%2C960&ssl=1&resize=525%2C300 1.5x, https:\/\/i0.wp.com\/pohjanmaantehtaanmyymala.fi\/wp-content\/uploads\/2022\/01\/vlija_taso_laatikotjaovet_valkoinen.jpg?fit=960%2C960&ssl=1&resize=700%2C400 2x"},"classes":[]},{"id":10804,"url":"https:\/\/pohjanmaantehtaanmyymala.fi\/sv\/tuote\/klaara-tv-taso-26\/","url_meta":{"origin":8925,"position":5},"title":"KLAARA 26 TV-taso 160 cm lasiovilla","author":"petri","date":"september 14, 2019","format":false,"excerpt":"Kotimainen Leo-Matti Ojalan valmistama leve\u00e4 Klaara tv-taso k\u00e4y isommankin tv:n alle. T\u00e4ss\u00e4 Klaara Tv-tasossa on kaksi lasiovea, laatikko ja avonainen laitetila. Klaara sarjan runko ja laatikon etusarjojen v\u00e4ri on valkoinen. Kansiv\u00e4rin voi valita valkoisen, harmaan, koivuluonnonv\u00e4rin tai ruskean v\u00e4lilt\u00e4. Tuotetiedot: Runko: maalattua mdf-levy\u00e4 Laatiko: mdf-levy\u00e4 Kansi: Koivu lv, harmaa ja\u2026","rel":"","context":"Liknande produkt","block_context":{"text":"Liknande produkt","link":""},"img":{"alt_text":"Klaara tv-taso l. 160 cm valkoinen","src":"https:\/\/i0.wp.com\/pohjanmaantehtaanmyymala.fi\/wp-content\/uploads\/2019\/09\/Klaara-NRO-26-tv-taso-lasiovilla_316.jpg?fit=960%2C960&ssl=1&resize=350%2C200","width":350,"height":200,"srcset":"https:\/\/i0.wp.com\/pohjanmaantehtaanmyymala.fi\/wp-content\/uploads\/2019\/09\/Klaara-NRO-26-tv-taso-lasiovilla_316.jpg?fit=960%2C960&ssl=1&resize=350%2C200 1x, https:\/\/i0.wp.com\/pohjanmaantehtaanmyymala.fi\/wp-content\/uploads\/2019\/09\/Klaara-NRO-26-tv-taso-lasiovilla_316.jpg?fit=960%2C960&ssl=1&resize=525%2C300 1.5x, https:\/\/i0.wp.com\/pohjanmaantehtaanmyymala.fi\/wp-content\/uploads\/2019\/09\/Klaara-NRO-26-tv-taso-lasiovilla_316.jpg?fit=960%2C960&ssl=1&resize=700%2C400 2x"},"classes":[]}],"_links":{"self":[{"href":"https:\/\/pohjanmaantehtaanmyymala.fi\/sv\/wp-json\/wp\/v2\/product\/8925","targetHints":{"allow":["GET"]}}],"collection":[{"href":"https:\/\/pohjanmaantehtaanmyymala.fi\/sv\/wp-json\/wp\/v2\/product"}],"about":[{"href":"https:\/\/pohjanmaantehtaanmyymala.fi\/sv\/wp-json\/wp\/v2\/types\/product"}],"replies":[{"embeddable":true,"href":"https:\/\/pohjanmaantehtaanmyymala.fi\/sv\/wp-json\/wp\/v2\/comments?post=8925"}],"wp:featuredmedia":[{"embeddable":true,"href":"https:\/\/pohjanmaantehtaanmyymala.fi\/sv\/wp-json\/wp\/v2\/media\/10390"}],"wp:attachment":[{"href":"https:\/\/pohjanmaantehtaanmyymala.fi\/sv\/wp-json\/wp\/v2\/media?parent=8925"}],"wp:term":[{"taxonomy":"product_brand","embeddable":true,"href":"https:\/\/pohjanmaantehtaanmyymala.fi\/sv\/wp-json\/wp\/v2\/product_brand?post=8925"},{"taxonomy":"product_cat","embeddable":true,"href":"https:\/\/pohjanmaantehtaanmyymala.fi\/sv\/wp-json\/wp\/v2\/product_cat?post=8925"},{"taxonomy":"product_tag","embeddable":true,"href":"https:\/\/pohjanmaantehtaanmyymala.fi\/sv\/wp-json\/wp\/v2\/product_tag?post=8925"}],"curies":[{"name":"wp","href":"https:\/\/api.w.org\/{rel}","templated":true}]}}