{"id":8922,"date":"2019-09-14T09:26:37","date_gmt":"2019-09-14T07:26:37","guid":{"rendered":""},"modified":"2024-04-13T13:40:17","modified_gmt":"2024-04-13T11:40:17","slug":"forte-lipasto-90cm","status":"publish","type":"product","link":"https:\/\/pohjanmaantehtaanmyymala.fi\/sv\/tuote\/forte-lipasto-90cm\/","title":{"rendered":"FORTE &#8211; lipasto (90cm)"},"content":{"rendered":"<p>Suomalaisen\u00a0<strong>Niemen Tehtaiden<\/strong>\u00a0valmistama\u00a0<strong>Forte-lipasto<\/strong> on tyylik\u00e4s ja k\u00e4yt\u00e4nn\u00f6llinen s\u00e4ilytyskaluste. T\u00e4m\u00e4 moderni lipasto on suunniteltu puhuttelemaan nykyaikaista sisustajaa. T\u00e4m\u00e4 kompakti kaluste sopii mainiosti esimerkiksi eteiseen, makuuhuoneeseen tai olohuoneeseen. Se tarjoaa k\u00e4tev\u00e4\u00e4 s\u00e4ilytystilaa arjen tavaroille ja tuo samalla modernia ilmett\u00e4 kotiisi.<\/p>\n<h3>Tuotetiedot:<\/h3>\n<p>Runko: Valkoista kalustelevy\u00e4, paksuus 18 mm<br \/>\nEtusarjat: Maalattua valkoista MDF-levy\u00e4<br \/>\nKansi: 8 mm paksu, valkoinen levy<br \/>\nJalat: Valkoiseksi maalattua metallia<br \/>\nLaatikoissa: Ponnahdusmekanismi<br \/>\nTuotteen valmiusaste: Toimitetaan valmiiksi koottuna, jalat irrallaan<br \/>\nTuotteen valmistusmaa: Suomi<\/p>\n<p>Forte-lipasto on tilaustuote, ja sen toimitusaika on noin 3-6 viikkoa.<\/p>\n","protected":false},"excerpt":{"rendered":"<p>Forte-lipastolla on Avainlippu, sill\u00e4 se valmistetaan Niemen tehtaalla Sastamalassa.<\/p>\n","protected":false},"featured_media":10389,"comment_status":"closed","ping_status":"closed","template":"","meta":{"_acf_changed":false,"jetpack_post_was_ever_published":false,"jetpack_publicize_message":"","jetpack_publicize_feature_enabled":true,"jetpack_social_post_already_shared":false,"jetpack_social_options":{"image_generator_settings":{"template":"highway","default_image_id":0,"font":"","enabled":false},"version":2}},"product_brand":[177],"product_cat":[196],"product_tag":[],"class_list":{"0":"post-8922","1":"product","2":"type-product","3":"status-publish","4":"has-post-thumbnail","6":"product_brand-byniemi","7":"product_cat-sailytyskalusteet-ja-tv-tasot","8":"product_shipping_class-161","10":"first","11":"outofstock","12":"purchasable","13":"product-type-simple"},"acf":[],"jetpack_publicize_connections":[],"jetpack_sharing_enabled":true,"jetpack-related-posts":[{"id":8921,"url":"https:\/\/pohjanmaantehtaanmyymala.fi\/sv\/tuote\/forte-lipasto-45cm\/","url_meta":{"origin":8922,"position":0},"title":"FORTE &#8211; lipasto (45cm)","author":"petri","date":"september 14, 2019","format":false,"excerpt":"Moderni s\u00e4ilytyskaluste Niemen Tehtailta.","rel":"","context":"Liknande produkt","block_context":{"text":"Liknande produkt","link":""},"img":{"alt_text":"","src":"https:\/\/i0.wp.com\/pohjanmaantehtaanmyymala.fi\/wp-content\/uploads\/2019\/09\/Y07-2100-010-FORTE-Lipasto-45cm.jpg?fit=960%2C960&ssl=1&resize=350%2C200","width":350,"height":200,"srcset":"https:\/\/i0.wp.com\/pohjanmaantehtaanmyymala.fi\/wp-content\/uploads\/2019\/09\/Y07-2100-010-FORTE-Lipasto-45cm.jpg?fit=960%2C960&ssl=1&resize=350%2C200 1x, https:\/\/i0.wp.com\/pohjanmaantehtaanmyymala.fi\/wp-content\/uploads\/2019\/09\/Y07-2100-010-FORTE-Lipasto-45cm.jpg?fit=960%2C960&ssl=1&resize=525%2C300 1.5x, https:\/\/i0.wp.com\/pohjanmaantehtaanmyymala.fi\/wp-content\/uploads\/2019\/09\/Y07-2100-010-FORTE-Lipasto-45cm.jpg?fit=960%2C960&ssl=1&resize=700%2C400 2x"},"classes":[]},{"id":8925,"url":"https:\/\/pohjanmaantehtaanmyymala.fi\/sv\/tuote\/forte-tv-taso-135cm\/","url_meta":{"origin":8922,"position":1},"title":"FORTE &#8211; TV-taso (135cm)","author":"petri","date":"september 14, 2019","format":false,"excerpt":"Tyylik\u00e4s ja trendik\u00e4s valkoinen tv-taso 135 cm leve\u00e4n\u00e4.","rel":"","context":"Liknande produkt","block_context":{"text":"Liknande produkt","link":""},"img":{"alt_text":"","src":"https:\/\/i0.wp.com\/pohjanmaantehtaanmyymala.fi\/wp-content\/uploads\/2019\/09\/Y07-2103-010-FORTE-TV-Taso-135cm.jpg?fit=960%2C960&ssl=1&resize=350%2C200","width":350,"height":200,"srcset":"https:\/\/i0.wp.com\/pohjanmaantehtaanmyymala.fi\/wp-content\/uploads\/2019\/09\/Y07-2103-010-FORTE-TV-Taso-135cm.jpg?fit=960%2C960&ssl=1&resize=350%2C200 1x, https:\/\/i0.wp.com\/pohjanmaantehtaanmyymala.fi\/wp-content\/uploads\/2019\/09\/Y07-2103-010-FORTE-TV-Taso-135cm.jpg?fit=960%2C960&ssl=1&resize=525%2C300 1.5x, https:\/\/i0.wp.com\/pohjanmaantehtaanmyymala.fi\/wp-content\/uploads\/2019\/09\/Y07-2103-010-FORTE-TV-Taso-135cm.jpg?fit=960%2C960&ssl=1&resize=700%2C400 2x"},"classes":[]},{"id":8926,"url":"https:\/\/pohjanmaantehtaanmyymala.fi\/sv\/tuote\/forte-tv-taso-180cm\/","url_meta":{"origin":8922,"position":2},"title":"FORTE &#8211; TV-taso (180cm)","author":"petri","date":"september 14, 2019","format":false,"excerpt":"Tyylik\u00e4s ja trendik\u00e4s valkoinen tv-taso 180 cm leve\u00e4n\u00e4. Tason taustassa on valmiit l\u00e4piviennit johtoja varten. Kotimaisen Forte-tason ulkon\u00e4\u00f6n viimeistelee valkoiset metallijalat. Tuotetiedot: Runko: Valkoista kalustelevy\u00e4, paksuus 18 mm Etusarjat: Maalattua valkoista MDF-levy\u00e4 ja huurrettua turvalasia Kansi: 8 mm paksu, valkoinen turvalasi tai 8 mm paksu, valkoinen levy Jalat: Valkoiseksi maalattua\u2026","rel":"","context":"Liknande produkt","block_context":{"text":"Liknande produkt","link":""},"img":{"alt_text":"","src":"https:\/\/i0.wp.com\/pohjanmaantehtaanmyymala.fi\/wp-content\/uploads\/2019\/09\/Y07-2104-010-FORTE-TV-Taso-180cm.jpg?fit=960%2C960&ssl=1&resize=350%2C200","width":350,"height":200,"srcset":"https:\/\/i0.wp.com\/pohjanmaantehtaanmyymala.fi\/wp-content\/uploads\/2019\/09\/Y07-2104-010-FORTE-TV-Taso-180cm.jpg?fit=960%2C960&ssl=1&resize=350%2C200 1x, https:\/\/i0.wp.com\/pohjanmaantehtaanmyymala.fi\/wp-content\/uploads\/2019\/09\/Y07-2104-010-FORTE-TV-Taso-180cm.jpg?fit=960%2C960&ssl=1&resize=525%2C300 1.5x, https:\/\/i0.wp.com\/pohjanmaantehtaanmyymala.fi\/wp-content\/uploads\/2019\/09\/Y07-2104-010-FORTE-TV-Taso-180cm.jpg?fit=960%2C960&ssl=1&resize=700%2C400 2x"},"classes":[]},{"id":8923,"url":"https:\/\/pohjanmaantehtaanmyymala.fi\/sv\/tuote\/forte-senkki\/","url_meta":{"origin":8922,"position":3},"title":"FORTE &#8211; senkki 135 cm","author":"petri","date":"september 14, 2019","format":false,"excerpt":"Trendik\u00e4s ja tyylik\u00e4s senkki valkoisella levykannella ja metallijaloilla. Senkin ovikaappien takana olevassa tilassa on yksi v\u00e4lihylly jonka korkeutta voi s\u00e4\u00e4t\u00e4\u00e4. Tuotetiedot: Runko: Valkoista kalustelevy\u00e4, paksuus 18 mm Etusarjat: Maalattua valkoista MDF-levy\u00e4 Kansi: 8 mm paksu, valkoinen levy Jalat: Valkoiseksi maalattua metallia Laatikoissa ja ovissa: Ponnahdusmekanismi Tuotteen valmiusaste: Toimitetaan valmiiksi koottuna,\u2026","rel":"","context":"Liknande produkt","block_context":{"text":"Liknande produkt","link":""},"img":{"alt_text":"","src":"https:\/\/i0.wp.com\/pohjanmaantehtaanmyymala.fi\/wp-content\/uploads\/2019\/06\/Y07-2102-010-FORTE-Senkki-135cm.jpg?fit=960%2C960&ssl=1&resize=350%2C200","width":350,"height":200,"srcset":"https:\/\/i0.wp.com\/pohjanmaantehtaanmyymala.fi\/wp-content\/uploads\/2019\/06\/Y07-2102-010-FORTE-Senkki-135cm.jpg?fit=960%2C960&ssl=1&resize=350%2C200 1x, https:\/\/i0.wp.com\/pohjanmaantehtaanmyymala.fi\/wp-content\/uploads\/2019\/06\/Y07-2102-010-FORTE-Senkki-135cm.jpg?fit=960%2C960&ssl=1&resize=525%2C300 1.5x, https:\/\/i0.wp.com\/pohjanmaantehtaanmyymala.fi\/wp-content\/uploads\/2019\/06\/Y07-2102-010-FORTE-Senkki-135cm.jpg?fit=960%2C960&ssl=1&resize=700%2C400 2x"},"classes":[]},{"id":10767,"url":"https:\/\/pohjanmaantehtaanmyymala.fi\/sv\/tuote\/gustav-lipasto-umpiovilla-120\/","url_meta":{"origin":8922,"position":4},"title":"GUSTAV Lipasto umpiovilla 120","author":"petri","date":"september 14, 2019","format":false,"excerpt":"Kotimainen Gustav lipasto umpiovilla sopii romanttiseen sisustukseen. Lipastossa ovat liukuovet ja laatikot, jotka pit\u00e4v\u00e4t kodin tavarat ja muut esineet katseilta suojassa, mutta helposti k\u00e4den ulottuvilla. Lipasto voidaan sijoittaa kapeallekin k\u00e4yt\u00e4v\u00e4lle, sill\u00e4 liukuovien aukeamiseen ei tarvita ylim\u00e4\u00e4r\u00e4ist\u00e4 tilaa. Lipaston runko, hyllyt ja laatikostot on valmistettu maalatusta valkoisesta mdf-levyst\u00e4. Koristelistat ovat massiivipuuta.\u2026","rel":"","context":"Liknande produkt","block_context":{"text":"Liknande produkt","link":""},"img":{"alt_text":"","src":"https:\/\/i0.wp.com\/pohjanmaantehtaanmyymala.fi\/wp-content\/uploads\/2019\/09\/Gustav_y07-0354_Lipasto.jpg?fit=960%2C960&ssl=1&resize=350%2C200","width":350,"height":200,"srcset":"https:\/\/i0.wp.com\/pohjanmaantehtaanmyymala.fi\/wp-content\/uploads\/2019\/09\/Gustav_y07-0354_Lipasto.jpg?fit=960%2C960&ssl=1&resize=350%2C200 1x, https:\/\/i0.wp.com\/pohjanmaantehtaanmyymala.fi\/wp-content\/uploads\/2019\/09\/Gustav_y07-0354_Lipasto.jpg?fit=960%2C960&ssl=1&resize=525%2C300 1.5x, https:\/\/i0.wp.com\/pohjanmaantehtaanmyymala.fi\/wp-content\/uploads\/2019\/09\/Gustav_y07-0354_Lipasto.jpg?fit=960%2C960&ssl=1&resize=700%2C400 2x"},"classes":[]},{"id":10765,"url":"https:\/\/pohjanmaantehtaanmyymala.fi\/sv\/tuote\/gustav-lipasto-lasiovilla-120\/","url_meta":{"origin":8922,"position":5},"title":"GUSTAV Lipasto lasiovilla 120","author":"petri","date":"september 14, 2019","format":false,"excerpt":"Kotimainen Gustav lipasto lasiovilla on kauniin valkoinen. Lipastossa ovat liukuovet ja kolme laatikkoa, jotka pit\u00e4v\u00e4t kodin tavarat ja muut esineet p\u00f6lylt\u00e4 suojassa, mutta helposti k\u00e4den ulottuvilla. Lipasto voidaan sijoittaa kapeallekin k\u00e4yt\u00e4v\u00e4lle, sill\u00e4 liukuovien aukeamiseen ei tarvita ylim\u00e4\u00e4r\u00e4ist\u00e4 tilaa. Lipaston runko, hyllyt ja laatikostot on valmistettu maalatusta valkoisesta mdf-levyst\u00e4. Liukuovien lasit\u2026","rel":"","context":"Liknande produkt","block_context":{"text":"Liknande produkt","link":""},"img":{"alt_text":"","src":"https:\/\/i0.wp.com\/pohjanmaantehtaanmyymala.fi\/wp-content\/uploads\/2019\/09\/Gustav_y07-0321_Lipasto.jpg?fit=960%2C960&ssl=1&resize=350%2C200","width":350,"height":200,"srcset":"https:\/\/i0.wp.com\/pohjanmaantehtaanmyymala.fi\/wp-content\/uploads\/2019\/09\/Gustav_y07-0321_Lipasto.jpg?fit=960%2C960&ssl=1&resize=350%2C200 1x, https:\/\/i0.wp.com\/pohjanmaantehtaanmyymala.fi\/wp-content\/uploads\/2019\/09\/Gustav_y07-0321_Lipasto.jpg?fit=960%2C960&ssl=1&resize=525%2C300 1.5x, https:\/\/i0.wp.com\/pohjanmaantehtaanmyymala.fi\/wp-content\/uploads\/2019\/09\/Gustav_y07-0321_Lipasto.jpg?fit=960%2C960&ssl=1&resize=700%2C400 2x"},"classes":[]}],"_links":{"self":[{"href":"https:\/\/pohjanmaantehtaanmyymala.fi\/sv\/wp-json\/wp\/v2\/product\/8922","targetHints":{"allow":["GET"]}}],"collection":[{"href":"https:\/\/pohjanmaantehtaanmyymala.fi\/sv\/wp-json\/wp\/v2\/product"}],"about":[{"href":"https:\/\/pohjanmaantehtaanmyymala.fi\/sv\/wp-json\/wp\/v2\/types\/product"}],"replies":[{"embeddable":true,"href":"https:\/\/pohjanmaantehtaanmyymala.fi\/sv\/wp-json\/wp\/v2\/comments?post=8922"}],"wp:featuredmedia":[{"embeddable":true,"href":"https:\/\/pohjanmaantehtaanmyymala.fi\/sv\/wp-json\/wp\/v2\/media\/10389"}],"wp:attachment":[{"href":"https:\/\/pohjanmaantehtaanmyymala.fi\/sv\/wp-json\/wp\/v2\/media?parent=8922"}],"wp:term":[{"taxonomy":"product_brand","embeddable":true,"href":"https:\/\/pohjanmaantehtaanmyymala.fi\/sv\/wp-json\/wp\/v2\/product_brand?post=8922"},{"taxonomy":"product_cat","embeddable":true,"href":"https:\/\/pohjanmaantehtaanmyymala.fi\/sv\/wp-json\/wp\/v2\/product_cat?post=8922"},{"taxonomy":"product_tag","embeddable":true,"href":"https:\/\/pohjanmaantehtaanmyymala.fi\/sv\/wp-json\/wp\/v2\/product_tag?post=8922"}],"curies":[{"name":"wp","href":"https:\/\/api.w.org\/{rel}","templated":true}]}}