{"id":8724,"date":"2019-09-14T09:24:24","date_gmt":"2019-09-14T07:24:24","guid":{"rendered":""},"modified":"2022-09-05T10:45:25","modified_gmt":"2022-09-05T08:45:25","slug":"delta-ruokaryhma-mode-tuolilla","status":"publish","type":"product","link":"https:\/\/pohjanmaantehtaanmyymala.fi\/sv\/tuote\/delta-ruokaryhma-mode-tuolilla\/","title":{"rendered":"DELTA\/MODE &#8211; ruokaryhm\u00e4 8 tuolilla"},"content":{"rendered":"<p>Iso massiivitamminen Delta-ruokap\u00f6yt\u00e4 8 kokonahkaisella Mode-tuolilla.<br \/>\nPohjanmaan Kalusteen malliston Delta ruokap\u00f6yt\u00e4 on todella tukeva tammesta valmistettu ruokap\u00f6yt\u00e4 joka on viimeistelty \u00f6ljy\u00e4m\u00e4ll\u00e4.<br \/>\nKuvan p\u00f6yd\u00e4n koko on 100x220cm.<br \/>\nMode tuolin kulutuspinnat verhoiltu kest\u00e4v\u00e4ll\u00e4 aidolla Soft Antique-nahalla tuolin jalat ovat \u00f6ljytty\u00e4 tammea.<\/p>\n<p>Tuoleja saa tilattua liikkeest\u00e4mme sadoilla eri kankailla ja nahoilla. Delta-P\u00f6yti\u00e4 l\u00f6ytyy my\u00f6s muita kokoja ja v\u00e4rej\u00e4, kysy <a href=\"https:\/\/pohjanmaantehtaanmyymala.fi\/yhteys\/\">myynnist\u00e4mme!<\/a><\/p>\n<p>Tuolit toimitetaan kasattuna ja p\u00f6yt\u00e4 jalat irrallaan.<\/p>\n","protected":false},"excerpt":{"rendered":"<p>Iso massiivitamminen Delta-ruokap\u00f6yt\u00e4 8 kokonahkaisella Mode-tuolilla. Pohjanmaan Kalusteen malliston Delta ruokap\u00f6yt\u00e4 on todella tukeva tammesta valmistettu ruokap\u00f6yt\u00e4 joka on viimeistelty \u00f6ljy\u00e4m\u00e4ll\u00e4. Kuvan p\u00f6yd\u00e4n koko on 100x220cm. Mode tuolin kulutuspinnat verhoiltu kest\u00e4v\u00e4ll\u00e4 aidolla Soft Antique-nahalla tuolin jalat ovat \u00f6ljytty\u00e4 tammea. Tuoleja saa tilattua liikkeest\u00e4mme sadoilla eri kankailla ja nahoilla. Delta-P\u00f6yti\u00e4 l\u00f6ytyy my\u00f6s muita kokoja ja v\u00e4rej\u00e4, [&hellip;]<\/p>\n","protected":false},"featured_media":10367,"comment_status":"open","ping_status":"closed","template":"","meta":{"_acf_changed":false,"jetpack_post_was_ever_published":false,"jetpack_publicize_message":"","jetpack_publicize_feature_enabled":true,"jetpack_social_post_already_shared":false,"jetpack_social_options":{"image_generator_settings":{"template":"highway","default_image_id":0,"font":"","enabled":false},"version":2}},"product_brand":[270],"product_cat":[194],"product_tag":[],"class_list":{"0":"post-8724","1":"product","2":"type-product","3":"status-publish","4":"has-post-thumbnail","6":"product_brand-pohjanmaan","7":"product_cat-ruokapoydat-ja-tuolit","8":"product_shipping_class-161","10":"first","11":"instock","12":"sale","13":"purchasable","14":"product-type-simple"},"acf":[],"jetpack_publicize_connections":[],"jetpack_sharing_enabled":true,"jetpack-related-posts":[{"id":27578,"url":"https:\/\/pohjanmaantehtaanmyymala.fi\/sv\/tuote\/mode-hupputuoli-nahka\/","url_meta":{"origin":8724,"position":0},"title":"MODE &#8211; hupputuoli nahka","author":"Sami Viitala","date":"november 15, 2024","format":false,"excerpt":"Laadukas kest\u00e4v\u00e4ll\u00e4 nahkalla verhoiltu ruokap\u00f6yd\u00e4n tuoli.","rel":"","context":"Liknande produkt","block_context":{"text":"Liknande produkt","link":""},"img":{"alt_text":"Mode tuoli musta nahka, jalat \u00f6ljytty\u00e4 tammea.","src":"https:\/\/i0.wp.com\/pohjanmaantehtaanmyymala.fi\/wp-content\/uploads\/2024\/11\/Mode_tuoli_musta_nahka.jpg?fit=960%2C960&ssl=1&resize=350%2C200","width":350,"height":200,"srcset":"https:\/\/i0.wp.com\/pohjanmaantehtaanmyymala.fi\/wp-content\/uploads\/2024\/11\/Mode_tuoli_musta_nahka.jpg?fit=960%2C960&ssl=1&resize=350%2C200 1x, https:\/\/i0.wp.com\/pohjanmaantehtaanmyymala.fi\/wp-content\/uploads\/2024\/11\/Mode_tuoli_musta_nahka.jpg?fit=960%2C960&ssl=1&resize=525%2C300 1.5x, https:\/\/i0.wp.com\/pohjanmaantehtaanmyymala.fi\/wp-content\/uploads\/2024\/11\/Mode_tuoli_musta_nahka.jpg?fit=960%2C960&ssl=1&resize=700%2C400 2x"},"classes":[]},{"id":9408,"url":"https:\/\/pohjanmaantehtaanmyymala.fi\/sv\/tuote\/mode-hupputuoli-musta\/","url_meta":{"origin":8724,"position":1},"title":"MODE &#8211; hupputuoli kokonahka","author":"petri","date":"september 14, 2019","format":false,"excerpt":"Laaduka kest\u00e4v\u00e4ll\u00e4 Labrador -nahkalla verhoiltu ruokap\u00f6yd\u00e4n tuoli.","rel":"","context":"Liknande produkt","block_context":{"text":"Liknande produkt","link":""},"img":{"alt_text":"","src":"https:\/\/i0.wp.com\/pohjanmaantehtaanmyymala.fi\/wp-content\/uploads\/2019\/06\/Mode-tuoli-takakahvalla-oljytty-tammi-Labrador06NK-2.jpg?fit=960%2C960&ssl=1&resize=350%2C200","width":350,"height":200,"srcset":"https:\/\/i0.wp.com\/pohjanmaantehtaanmyymala.fi\/wp-content\/uploads\/2019\/06\/Mode-tuoli-takakahvalla-oljytty-tammi-Labrador06NK-2.jpg?fit=960%2C960&ssl=1&resize=350%2C200 1x, https:\/\/i0.wp.com\/pohjanmaantehtaanmyymala.fi\/wp-content\/uploads\/2019\/06\/Mode-tuoli-takakahvalla-oljytty-tammi-Labrador06NK-2.jpg?fit=960%2C960&ssl=1&resize=525%2C300 1.5x, https:\/\/i0.wp.com\/pohjanmaantehtaanmyymala.fi\/wp-content\/uploads\/2019\/06\/Mode-tuoli-takakahvalla-oljytty-tammi-Labrador06NK-2.jpg?fit=960%2C960&ssl=1&resize=700%2C400 2x"},"classes":[]},{"id":8723,"url":"https:\/\/pohjanmaantehtaanmyymala.fi\/sv\/tuote\/delta-tammipoyta-180cm\/","url_meta":{"origin":8724,"position":2},"title":"DELTA &#8211; tammip\u00f6yt\u00e4 180&#215;95 cm","author":"petri","date":"september 14, 2019","format":false,"excerpt":"Delta -ruokap\u00f6yt\u00e4 on jykev\u00e4 massiivitammesta valmistettu p\u00f6yt\u00e4. Tammi on puulajina kest\u00e4v\u00e4, joka pit\u00e4\u00e4 ominaisuutensa vuosia, eik\u00e4 kulu kovassakaan k\u00e4yt\u00f6ss\u00e4. V\u00e4rivaihtoehdot tammip\u00f6yt\u00e4\u00e4n: \u00f6ljytty ja lakattu tammi sek\u00e4 lis\u00e4hintaan teak, musta, smoked ja nordic-valkolakattu. Delta-p\u00f6yt\u00e4\u00e4 saa my\u00f6s massiivikoivuisena eri v\u00e4reiss\u00e4 sek\u00e4 valkoiseksi maalattuna (kansi on silloin MDF-levy\u00e4). Kysy my\u00f6s muita kokoja ja\u2026","rel":"","context":"Liknande produkt","block_context":{"text":"Liknande produkt","link":""},"img":{"alt_text":"Delta p\u00f6yt\u00e4 100x200 \u00d6ljytty Massiivitammi","src":"https:\/\/i0.wp.com\/pohjanmaantehtaanmyymala.fi\/wp-content\/uploads\/2019\/06\/Delta-100x200-Oljytty-Massiivitammi-1.jpg?fit=960%2C960&ssl=1&resize=350%2C200","width":350,"height":200,"srcset":"https:\/\/i0.wp.com\/pohjanmaantehtaanmyymala.fi\/wp-content\/uploads\/2019\/06\/Delta-100x200-Oljytty-Massiivitammi-1.jpg?fit=960%2C960&ssl=1&resize=350%2C200 1x, https:\/\/i0.wp.com\/pohjanmaantehtaanmyymala.fi\/wp-content\/uploads\/2019\/06\/Delta-100x200-Oljytty-Massiivitammi-1.jpg?fit=960%2C960&ssl=1&resize=525%2C300 1.5x, https:\/\/i0.wp.com\/pohjanmaantehtaanmyymala.fi\/wp-content\/uploads\/2019\/06\/Delta-100x200-Oljytty-Massiivitammi-1.jpg?fit=960%2C960&ssl=1&resize=700%2C400 2x"},"classes":[]},{"id":8641,"url":"https:\/\/pohjanmaantehtaanmyymala.fi\/sv\/tuote\/delta-tammipoyta-220cm\/","url_meta":{"origin":8724,"position":3},"title":"DELTA &#8211; tammip\u00f6yt\u00e4 220&#215;100 cm","author":"petri","date":"september 14, 2019","format":false,"excerpt":"Delta -ruokap\u00f6yt\u00e4 on todella tukeva massiivitammesta valmistettu p\u00f6yt\u00e4. Tammi on puulajina yksi kest\u00e4vimmist\u00e4, joka pit\u00e4\u00e4 ominaisuutensa vuosia, eik\u00e4 kulu kovassakaan k\u00e4yt\u00f6ss\u00e4. V\u00e4rivaihtoehdot tammip\u00f6yt\u00e4\u00e4n: \u00f6ljytty ja lakattu tammi sek\u00e4 lis\u00e4hintaan teak, musta, smoked ja nordic-valkolakattu. Delta-p\u00f6yt\u00e4\u00e4 saa my\u00f6s massiivikoivuisena eri v\u00e4reiss\u00e4 sek\u00e4 valkoiseksi maalattuna (kansi on silloin MDF-levy\u00e4). Delta-p\u00f6yd\u00e4n muut saatavilla\u2026","rel":"","context":"Liknande produkt","block_context":{"text":"Liknande produkt","link":""},"img":{"alt_text":"Delta p\u00f6yt\u00e4 100x200 \u00d6ljytty Massiivitammi","src":"https:\/\/i0.wp.com\/pohjanmaantehtaanmyymala.fi\/wp-content\/uploads\/2019\/06\/Delta-100x200-Oljytty-Massiivitammi-1.jpg?fit=960%2C960&ssl=1&resize=350%2C200","width":350,"height":200,"srcset":"https:\/\/i0.wp.com\/pohjanmaantehtaanmyymala.fi\/wp-content\/uploads\/2019\/06\/Delta-100x200-Oljytty-Massiivitammi-1.jpg?fit=960%2C960&ssl=1&resize=350%2C200 1x, https:\/\/i0.wp.com\/pohjanmaantehtaanmyymala.fi\/wp-content\/uploads\/2019\/06\/Delta-100x200-Oljytty-Massiivitammi-1.jpg?fit=960%2C960&ssl=1&resize=525%2C300 1.5x, https:\/\/i0.wp.com\/pohjanmaantehtaanmyymala.fi\/wp-content\/uploads\/2019\/06\/Delta-100x200-Oljytty-Massiivitammi-1.jpg?fit=960%2C960&ssl=1&resize=700%2C400 2x"},"classes":[]},{"id":21201,"url":"https:\/\/pohjanmaantehtaanmyymala.fi\/sv\/tuote\/delta-tammipoyta-280x115-cm\/","url_meta":{"origin":8724,"position":4},"title":"DELTA &#8211; tammip\u00f6yt\u00e4 280&#215;115 cm","author":"Sami Viitala","date":"september 5, 2022","format":false,"excerpt":"Delta ruokap\u00f6yt\u00e4 on todella tukeva massiivitammesta valmistettu p\u00f6yt\u00e4. Tammi on puulajina yksi kest\u00e4vimmist\u00e4, joka pit\u00e4\u00e4 ominaisuutensa vuosia, eik\u00e4 kulu kovassakaan k\u00e4yt\u00f6ss\u00e4. V\u00e4rivaihtoehdot tammip\u00f6yt\u00e4\u00e4n: \u00f6ljytty ja lakattu tammi sek\u00e4 lis\u00e4hintaan teak, musta, smoked ja nordic-valkolakattu. Delta-p\u00f6yt\u00e4\u00e4 saa my\u00f6s massiivikoivuisena eri v\u00e4reiss\u00e4 sek\u00e4 valkoiseksi maalattuna (kansi on silloin MDF-levy\u00e4). Delta-p\u00f6yd\u00e4n muut saatavilla\u2026","rel":"","context":"Liknande produkt","block_context":{"text":"Liknande produkt","link":""},"img":{"alt_text":"Delta p\u00f6yt\u00e4 100x200 \u00d6ljytty Massiivitammi","src":"https:\/\/i0.wp.com\/pohjanmaantehtaanmyymala.fi\/wp-content\/uploads\/2019\/06\/Delta-100x200-Oljytty-Massiivitammi-1.jpg?fit=960%2C960&ssl=1&resize=350%2C200","width":350,"height":200,"srcset":"https:\/\/i0.wp.com\/pohjanmaantehtaanmyymala.fi\/wp-content\/uploads\/2019\/06\/Delta-100x200-Oljytty-Massiivitammi-1.jpg?fit=960%2C960&ssl=1&resize=350%2C200 1x, https:\/\/i0.wp.com\/pohjanmaantehtaanmyymala.fi\/wp-content\/uploads\/2019\/06\/Delta-100x200-Oljytty-Massiivitammi-1.jpg?fit=960%2C960&ssl=1&resize=525%2C300 1.5x, https:\/\/i0.wp.com\/pohjanmaantehtaanmyymala.fi\/wp-content\/uploads\/2019\/06\/Delta-100x200-Oljytty-Massiivitammi-1.jpg?fit=960%2C960&ssl=1&resize=700%2C400 2x"},"classes":[]},{"id":13037,"url":"https:\/\/pohjanmaantehtaanmyymala.fi\/sv\/tuote\/house-nordic-toulon-ruokapoyta-140-cm-tammi\/","url_meta":{"origin":8724,"position":5},"title":"House Nordic Toulon -ruokap\u00f6yt\u00e4 140 cm tammi","author":"Sami Viitala","date":"september 17, 2020","format":false,"excerpt":"Tyylik\u00e4s lankkup\u00f6yt\u00e4 pienempiin tiloihin.","rel":"","context":"Liknande produkt","block_context":{"text":"Liknande produkt","link":""},"img":{"alt_text":"Toulon ruokap\u00f6yt\u00e4 tammi 140 cm","src":"https:\/\/i0.wp.com\/pohjanmaantehtaanmyymala.fi\/wp-content\/uploads\/2020\/09\/Toulon-poyta-140.jpg?fit=1200%2C1200&ssl=1&resize=350%2C200","width":350,"height":200,"srcset":"https:\/\/i0.wp.com\/pohjanmaantehtaanmyymala.fi\/wp-content\/uploads\/2020\/09\/Toulon-poyta-140.jpg?fit=1200%2C1200&ssl=1&resize=350%2C200 1x, https:\/\/i0.wp.com\/pohjanmaantehtaanmyymala.fi\/wp-content\/uploads\/2020\/09\/Toulon-poyta-140.jpg?fit=1200%2C1200&ssl=1&resize=525%2C300 1.5x, https:\/\/i0.wp.com\/pohjanmaantehtaanmyymala.fi\/wp-content\/uploads\/2020\/09\/Toulon-poyta-140.jpg?fit=1200%2C1200&ssl=1&resize=700%2C400 2x, https:\/\/i0.wp.com\/pohjanmaantehtaanmyymala.fi\/wp-content\/uploads\/2020\/09\/Toulon-poyta-140.jpg?fit=1200%2C1200&ssl=1&resize=1050%2C600 3x"},"classes":[]}],"_links":{"self":[{"href":"https:\/\/pohjanmaantehtaanmyymala.fi\/sv\/wp-json\/wp\/v2\/product\/8724","targetHints":{"allow":["GET"]}}],"collection":[{"href":"https:\/\/pohjanmaantehtaanmyymala.fi\/sv\/wp-json\/wp\/v2\/product"}],"about":[{"href":"https:\/\/pohjanmaantehtaanmyymala.fi\/sv\/wp-json\/wp\/v2\/types\/product"}],"replies":[{"embeddable":true,"href":"https:\/\/pohjanmaantehtaanmyymala.fi\/sv\/wp-json\/wp\/v2\/comments?post=8724"}],"wp:featuredmedia":[{"embeddable":true,"href":"https:\/\/pohjanmaantehtaanmyymala.fi\/sv\/wp-json\/wp\/v2\/media\/10367"}],"wp:attachment":[{"href":"https:\/\/pohjanmaantehtaanmyymala.fi\/sv\/wp-json\/wp\/v2\/media?parent=8724"}],"wp:term":[{"taxonomy":"product_brand","embeddable":true,"href":"https:\/\/pohjanmaantehtaanmyymala.fi\/sv\/wp-json\/wp\/v2\/product_brand?post=8724"},{"taxonomy":"product_cat","embeddable":true,"href":"https:\/\/pohjanmaantehtaanmyymala.fi\/sv\/wp-json\/wp\/v2\/product_cat?post=8724"},{"taxonomy":"product_tag","embeddable":true,"href":"https:\/\/pohjanmaantehtaanmyymala.fi\/sv\/wp-json\/wp\/v2\/product_tag?post=8724"}],"curies":[{"name":"wp","href":"https:\/\/api.w.org\/{rel}","templated":true}]}}