{"id":8684,"date":"2019-09-14T09:24:17","date_gmt":"2019-09-14T07:24:17","guid":{"rendered":"https:\/\/pohjanmaantehtaanmyymala.fi\/tuote\/atlanta-3-sohva\/"},"modified":"2025-05-16T09:49:14","modified_gmt":"2025-05-16T07:49:14","slug":"atlanta-3-nahkasohva","status":"publish","type":"product","link":"https:\/\/pohjanmaantehtaanmyymala.fi\/sv\/tuote\/atlanta-3-nahkasohva\/","title":{"rendered":"ATLANTA 3-istuttava nahkasohva"},"content":{"rendered":"<p>Atlanta &#8211; sohvassa tarkoin harkitut vy\u00f6hykkeet tukevat juuri oikealla tavalla istujaa tarjoten erinomaisen istuinmukavuuden. Atlanta on oikea valinta, kun haet sohvaltasi huippuistuinmukavuutta.<\/p>\n<h3>Tuotetiedot:<\/h3>\n<p>Runko: Massiivipuu vaneri ja kovalevy. Runkotakuu 20-vuotta.<br \/>\nIstuinpehmuste: No-zag jouset 35HR100 vaahtomuovi + vanu.<br \/>\nSelk\u00e4noja: Kumivy\u00f6t ja Vy\u00f6hykkeelliset vanutyynyt<br \/>\nVerhoilu: Useilla eri nahka- ja kangasvaihtoehdoilla. Esimerkkihinta on laskettu Soft Antique-nahkalla.<\/p>\n<p>Toimitetaan jalat irrallaan.<\/p>\n<p>T\u00e4m\u00e4nkin sohvan saat sadoilla eri kankailla ja nahoilla sohvan saa my\u00f6s vuodemekanismillisena. Pyyd\u00e4 tarjous <a href=\"https:\/\/pohjanmaantehtaanmyymala.fi\/yhteys\/\">asiakaspalvelijoiltamme!<\/a><\/p>\n","protected":false},"excerpt":{"rendered":"<p>T\u00e4m\u00e4 sohva tarjoaa parasta istuinmukavuutta.<\/p>\n","protected":false},"featured_media":14193,"comment_status":"open","ping_status":"closed","template":"","meta":{"_acf_changed":false,"jetpack_post_was_ever_published":false,"jetpack_publicize_message":"","jetpack_publicize_feature_enabled":true,"jetpack_social_post_already_shared":false,"jetpack_social_options":{"image_generator_settings":{"template":"highway","default_image_id":0,"font":"","enabled":false},"version":2}},"product_brand":[270],"product_cat":[201],"product_tag":[],"class_list":{"0":"post-8684","1":"product","2":"type-product","3":"status-publish","4":"has-post-thumbnail","6":"product_brand-pohjanmaan","7":"product_cat-sohvat","8":"product_shipping_class-161","10":"first","11":"instock","12":"sale","13":"purchasable","14":"product-type-simple"},"acf":[],"jetpack_publicize_connections":[],"jetpack_sharing_enabled":true,"jetpack-related-posts":[{"id":18514,"url":"https:\/\/pohjanmaantehtaanmyymala.fi\/sv\/tuote\/atlanta-2-istuttava-nahkasohva\/","url_meta":{"origin":8684,"position":0},"title":"ATLANTA 2-istuttava nahkasohva","author":"Sami Viitala","date":"oktober 28, 2021","format":false,"excerpt":"Istuinmukavuuden uusi ulottuvuus.","rel":"","context":"Liknande produkt","block_context":{"text":"Liknande produkt","link":""},"img":{"alt_text":"Atlantan nahkasohva ruskea","src":"https:\/\/i0.wp.com\/pohjanmaantehtaanmyymala.fi\/wp-content\/uploads\/2021\/10\/Atlanta_2-ist-labrador03.jpg?fit=960%2C960&ssl=1&resize=350%2C200","width":350,"height":200,"srcset":"https:\/\/i0.wp.com\/pohjanmaantehtaanmyymala.fi\/wp-content\/uploads\/2021\/10\/Atlanta_2-ist-labrador03.jpg?fit=960%2C960&ssl=1&resize=350%2C200 1x, https:\/\/i0.wp.com\/pohjanmaantehtaanmyymala.fi\/wp-content\/uploads\/2021\/10\/Atlanta_2-ist-labrador03.jpg?fit=960%2C960&ssl=1&resize=525%2C300 1.5x, https:\/\/i0.wp.com\/pohjanmaantehtaanmyymala.fi\/wp-content\/uploads\/2021\/10\/Atlanta_2-ist-labrador03.jpg?fit=960%2C960&ssl=1&resize=700%2C400 2x"},"classes":[]},{"id":8677,"url":"https:\/\/pohjanmaantehtaanmyymala.fi\/sv\/tuote\/atlanta-recliner-mekanismituoli-sahko\/","url_meta":{"origin":8684,"position":1},"title":"ATLANTA &#8211; s\u00e4hk\u00f6recliner mekanismituoli","author":"petri","date":"september 14, 2019","format":false,"excerpt":"Nahkaverhoiltu Atlanta s\u00e4hk\u00f6-reclinertuoli kallistuvalla selk\u00e4nojalla","rel":"","context":"Liknande produkt","block_context":{"text":"Liknande produkt","link":""},"img":{"alt_text":"Atlanta recliner ruskea","src":"https:\/\/i0.wp.com\/pohjanmaantehtaanmyymala.fi\/wp-content\/uploads\/2019\/09\/Atlanta-recliner-2.jpg?fit=960%2C960&ssl=1&resize=350%2C200","width":350,"height":200,"srcset":"https:\/\/i0.wp.com\/pohjanmaantehtaanmyymala.fi\/wp-content\/uploads\/2019\/09\/Atlanta-recliner-2.jpg?fit=960%2C960&ssl=1&resize=350%2C200 1x, https:\/\/i0.wp.com\/pohjanmaantehtaanmyymala.fi\/wp-content\/uploads\/2019\/09\/Atlanta-recliner-2.jpg?fit=960%2C960&ssl=1&resize=525%2C300 1.5x, https:\/\/i0.wp.com\/pohjanmaantehtaanmyymala.fi\/wp-content\/uploads\/2019\/09\/Atlanta-recliner-2.jpg?fit=960%2C960&ssl=1&resize=700%2C400 2x"},"classes":[]},{"id":17852,"url":"https:\/\/pohjanmaantehtaanmyymala.fi\/sv\/tuote\/atlanta-recliner-mekanismituoli-nahkaa\/","url_meta":{"origin":8684,"position":2},"title":"ATLANTA recliner mekanismituoli, nahkaa","author":"Sami Viitala","date":"augusti 25, 2021","format":false,"excerpt":"Lepotuoli, jossa on viident\u00e4hden istuinmukavuus.","rel":"","context":"Liknande produkt","block_context":{"text":"Liknande produkt","link":""},"img":{"alt_text":"Pohjanmaan Atlanta recliner nahka","src":"https:\/\/i0.wp.com\/pohjanmaantehtaanmyymala.fi\/wp-content\/uploads\/2019\/09\/Pohjanmaan_Atlanta-recliner_mekanismituoli.jpg?fit=1200%2C952&ssl=1&resize=350%2C200","width":350,"height":200,"srcset":"https:\/\/i0.wp.com\/pohjanmaantehtaanmyymala.fi\/wp-content\/uploads\/2019\/09\/Pohjanmaan_Atlanta-recliner_mekanismituoli.jpg?fit=1200%2C952&ssl=1&resize=350%2C200 1x, https:\/\/i0.wp.com\/pohjanmaantehtaanmyymala.fi\/wp-content\/uploads\/2019\/09\/Pohjanmaan_Atlanta-recliner_mekanismituoli.jpg?fit=1200%2C952&ssl=1&resize=525%2C300 1.5x, https:\/\/i0.wp.com\/pohjanmaantehtaanmyymala.fi\/wp-content\/uploads\/2019\/09\/Pohjanmaan_Atlanta-recliner_mekanismituoli.jpg?fit=1200%2C952&ssl=1&resize=700%2C400 2x, https:\/\/i0.wp.com\/pohjanmaantehtaanmyymala.fi\/wp-content\/uploads\/2019\/09\/Pohjanmaan_Atlanta-recliner_mekanismituoli.jpg?fit=1200%2C952&ssl=1&resize=1050%2C600 3x"},"classes":[]},{"id":8669,"url":"https:\/\/pohjanmaantehtaanmyymala.fi\/sv\/tuote\/atlanta-recliner-mekanismituoli\/","url_meta":{"origin":8684,"position":3},"title":"ATLANTA ERGO &#8211; recliner mekanismituoli","author":"petri","date":"september 14, 2019","format":false,"excerpt":"Pohjanmaan recliner - mekanismituoli s\u00e4\u00e4dett\u00e4v\u00e4ll\u00e4 niskatuella.","rel":"","context":"Liknande produkt","block_context":{"text":"Liknande produkt","link":""},"img":{"alt_text":"Atlanta Recliner","src":"https:\/\/i0.wp.com\/pohjanmaantehtaanmyymala.fi\/wp-content\/uploads\/2019\/06\/Atlanta-Recliner.jpg?fit=960%2C960&ssl=1&resize=350%2C200","width":350,"height":200,"srcset":"https:\/\/i0.wp.com\/pohjanmaantehtaanmyymala.fi\/wp-content\/uploads\/2019\/06\/Atlanta-Recliner.jpg?fit=960%2C960&ssl=1&resize=350%2C200 1x, https:\/\/i0.wp.com\/pohjanmaantehtaanmyymala.fi\/wp-content\/uploads\/2019\/06\/Atlanta-Recliner.jpg?fit=960%2C960&ssl=1&resize=525%2C300 1.5x, https:\/\/i0.wp.com\/pohjanmaantehtaanmyymala.fi\/wp-content\/uploads\/2019\/06\/Atlanta-Recliner.jpg?fit=960%2C960&ssl=1&resize=700%2C400 2x"},"classes":[]},{"id":10365,"url":"https:\/\/pohjanmaantehtaanmyymala.fi\/sv\/tuote\/atlanta-recliner-mekanismituoli-akku\/","url_meta":{"origin":8684,"position":4},"title":"ATLANTA ERGO &#8211; s\u00e4hk\u00f6recliner mekanismituoli","author":"petri","date":"september 14, 2019","format":false,"excerpt":"S\u00e4hk\u00f6recliner tuoli ladattavalla akulla, joka py\u00f6rii ja keinuu.","rel":"","context":"Liknande produkt","block_context":{"text":"Liknande produkt","link":""},"img":{"alt_text":"Atlanta recliner mekanismi tuoli nahka","src":"https:\/\/i0.wp.com\/pohjanmaantehtaanmyymala.fi\/wp-content\/uploads\/2019\/09\/Atlan-sahkorecliner-auki-2.jpg?fit=1200%2C1200&ssl=1&resize=350%2C200","width":350,"height":200,"srcset":"https:\/\/i0.wp.com\/pohjanmaantehtaanmyymala.fi\/wp-content\/uploads\/2019\/09\/Atlan-sahkorecliner-auki-2.jpg?fit=1200%2C1200&ssl=1&resize=350%2C200 1x, https:\/\/i0.wp.com\/pohjanmaantehtaanmyymala.fi\/wp-content\/uploads\/2019\/09\/Atlan-sahkorecliner-auki-2.jpg?fit=1200%2C1200&ssl=1&resize=525%2C300 1.5x, https:\/\/i0.wp.com\/pohjanmaantehtaanmyymala.fi\/wp-content\/uploads\/2019\/09\/Atlan-sahkorecliner-auki-2.jpg?fit=1200%2C1200&ssl=1&resize=700%2C400 2x, https:\/\/i0.wp.com\/pohjanmaantehtaanmyymala.fi\/wp-content\/uploads\/2019\/09\/Atlan-sahkorecliner-auki-2.jpg?fit=1200%2C1200&ssl=1&resize=1050%2C600 3x"},"classes":[]},{"id":10930,"url":"https:\/\/pohjanmaantehtaanmyymala.fi\/sv\/tuote\/pohjanmaan-moduli-sohvakalusto-32-nahka\/","url_meta":{"origin":8684,"position":5},"title":"Pohjanmaan MODULI Superior -sohvaryhm\u00e4 3+2 nahkaa","author":"petri","date":"september 14, 2019","format":false,"excerpt":"Verhoiltu pehme\u00e4n ylellisell\u00e4 Labrador -t\u00e4yspintanahkalla.","rel":"","context":"Liknande produkt","block_context":{"text":"Liknande produkt","link":""},"img":{"alt_text":"","src":"https:\/\/i0.wp.com\/pohjanmaantehtaanmyymala.fi\/wp-content\/uploads\/2019\/09\/Moduli_sohvakalusto_3_2_2.jpg?fit=960%2C960&ssl=1&resize=350%2C200","width":350,"height":200,"srcset":"https:\/\/i0.wp.com\/pohjanmaantehtaanmyymala.fi\/wp-content\/uploads\/2019\/09\/Moduli_sohvakalusto_3_2_2.jpg?fit=960%2C960&ssl=1&resize=350%2C200 1x, https:\/\/i0.wp.com\/pohjanmaantehtaanmyymala.fi\/wp-content\/uploads\/2019\/09\/Moduli_sohvakalusto_3_2_2.jpg?fit=960%2C960&ssl=1&resize=525%2C300 1.5x, https:\/\/i0.wp.com\/pohjanmaantehtaanmyymala.fi\/wp-content\/uploads\/2019\/09\/Moduli_sohvakalusto_3_2_2.jpg?fit=960%2C960&ssl=1&resize=700%2C400 2x"},"classes":[]}],"_links":{"self":[{"href":"https:\/\/pohjanmaantehtaanmyymala.fi\/sv\/wp-json\/wp\/v2\/product\/8684","targetHints":{"allow":["GET"]}}],"collection":[{"href":"https:\/\/pohjanmaantehtaanmyymala.fi\/sv\/wp-json\/wp\/v2\/product"}],"about":[{"href":"https:\/\/pohjanmaantehtaanmyymala.fi\/sv\/wp-json\/wp\/v2\/types\/product"}],"replies":[{"embeddable":true,"href":"https:\/\/pohjanmaantehtaanmyymala.fi\/sv\/wp-json\/wp\/v2\/comments?post=8684"}],"wp:featuredmedia":[{"embeddable":true,"href":"https:\/\/pohjanmaantehtaanmyymala.fi\/sv\/wp-json\/wp\/v2\/media\/14193"}],"wp:attachment":[{"href":"https:\/\/pohjanmaantehtaanmyymala.fi\/sv\/wp-json\/wp\/v2\/media?parent=8684"}],"wp:term":[{"taxonomy":"product_brand","embeddable":true,"href":"https:\/\/pohjanmaantehtaanmyymala.fi\/sv\/wp-json\/wp\/v2\/product_brand?post=8684"},{"taxonomy":"product_cat","embeddable":true,"href":"https:\/\/pohjanmaantehtaanmyymala.fi\/sv\/wp-json\/wp\/v2\/product_cat?post=8684"},{"taxonomy":"product_tag","embeddable":true,"href":"https:\/\/pohjanmaantehtaanmyymala.fi\/sv\/wp-json\/wp\/v2\/product_tag?post=8684"}],"curies":[{"name":"wp","href":"https:\/\/api.w.org\/{rel}","templated":true}]}}