{"id":8677,"date":"2019-09-14T09:24:17","date_gmt":"2019-09-14T07:24:17","guid":{"rendered":""},"modified":"2024-08-31T10:14:23","modified_gmt":"2024-08-31T08:14:23","slug":"atlanta-recliner-mekanismituoli-sahko","status":"publish","type":"product","link":"https:\/\/pohjanmaantehtaanmyymala.fi\/sv\/tuote\/atlanta-recliner-mekanismituoli-sahko\/","title":{"rendered":"ATLANTA &#8211; s\u00e4hk\u00f6recliner mekanismituoli"},"content":{"rendered":"<p>Pohjanmaan Kalusteen Atlanta -mekanismituolissa on sis\u00e4\u00e4nrekennetut vy\u00f6hykkeet selk\u00e4- ja istuinosassa. jotka tukevat juuri oikealla tavalla tarjoten n\u00e4in erinomaisen istuinmukavuuden.<br \/>\nAtlanta -reclinertuolissa on s\u00e4hk\u00f6isesti s\u00e4\u00e4tyv\u00e4t jalkarahi ja selk\u00e4noja.\u00a0 Atlanta reclineriin on saatavana lis\u00e4varusteen s\u00e4\u00e4dett\u00e4v\u00e4 Ergo-niskatuki.<\/p>\n<p>Tuolin hinta on laskettu Natural Soft -nahkalla, mutta Atlantan verhoilun voi valita useista kangas- ja nahkavaihtoehdoista.<\/p>\n<p>T\u00e4m\u00e4 malli ei ole py\u00f6riv\u00e4. Py\u00f6riv\u00e4n mekanismin saa lis\u00e4varuteena.<\/p>\n<p>Tutustu laajempaan valikoimaan tehtaanmyym\u00e4l\u00e4ss\u00e4mme. Lis\u00e4tietoja saat<a href=\"https:\/\/pohjanmaantehtaanmyymala.fi\/yhteys\/\"> myynnist\u00e4mme.<\/a><\/p>\n<h3>Tuotetiedot:<\/h3>\n<p>Runko: Massiivipuu, vaneri ja kovalevy (takuu 10-vuotta).<br \/>\nMekanismi: Metallia (takuu 2-vuotta)<br \/>\nIstuinpehmuste: No-zag jouset, 35HR100 vaahtomuovi.<br \/>\nSelk\u00e4nojan pehmuste: Kumivy\u00f6t, vanutyynyt.<br \/>\nVerhoilu: Soft antique nahka, taustat keinonahkaa.<br \/>\nJalka: ter\u00e4st\u00e4.<\/p>\n","protected":false},"excerpt":{"rendered":"<p>Nahkaverhoiltu Atlanta s\u00e4hk\u00f6-reclinertuoli kallistuvalla selk\u00e4nojalla<\/p>\n","protected":false},"featured_media":14114,"comment_status":"closed","ping_status":"closed","template":"","meta":{"_acf_changed":false,"jetpack_post_was_ever_published":false,"jetpack_publicize_message":"","jetpack_publicize_feature_enabled":true,"jetpack_social_post_already_shared":false,"jetpack_social_options":{"image_generator_settings":{"template":"highway","default_image_id":0,"font":"","enabled":false},"version":2}},"product_brand":[270],"product_cat":[195],"product_tag":[],"class_list":{"0":"post-8677","1":"product","2":"type-product","3":"status-publish","4":"has-post-thumbnail","6":"product_brand-pohjanmaan","7":"product_cat-lepotuolit-ja-rahit","8":"product_shipping_class-161","10":"first","11":"instock","12":"sale","13":"purchasable","14":"product-type-simple"},"acf":[],"jetpack_publicize_connections":[],"jetpack_sharing_enabled":true,"jetpack-related-posts":[{"id":8669,"url":"https:\/\/pohjanmaantehtaanmyymala.fi\/sv\/tuote\/atlanta-recliner-mekanismituoli\/","url_meta":{"origin":8677,"position":0},"title":"ATLANTA ERGO &#8211; recliner mekanismituoli","author":"petri","date":"september 14, 2019","format":false,"excerpt":"Pohjanmaan recliner - mekanismituoli s\u00e4\u00e4dett\u00e4v\u00e4ll\u00e4 niskatuella.","rel":"","context":"Liknande produkt","block_context":{"text":"Liknande produkt","link":""},"img":{"alt_text":"Atlanta Recliner","src":"https:\/\/i0.wp.com\/pohjanmaantehtaanmyymala.fi\/wp-content\/uploads\/2019\/06\/Atlanta-Recliner.jpg?fit=960%2C960&ssl=1&resize=350%2C200","width":350,"height":200,"srcset":"https:\/\/i0.wp.com\/pohjanmaantehtaanmyymala.fi\/wp-content\/uploads\/2019\/06\/Atlanta-Recliner.jpg?fit=960%2C960&ssl=1&resize=350%2C200 1x, https:\/\/i0.wp.com\/pohjanmaantehtaanmyymala.fi\/wp-content\/uploads\/2019\/06\/Atlanta-Recliner.jpg?fit=960%2C960&ssl=1&resize=525%2C300 1.5x, https:\/\/i0.wp.com\/pohjanmaantehtaanmyymala.fi\/wp-content\/uploads\/2019\/06\/Atlanta-Recliner.jpg?fit=960%2C960&ssl=1&resize=700%2C400 2x"},"classes":[]},{"id":17852,"url":"https:\/\/pohjanmaantehtaanmyymala.fi\/sv\/tuote\/atlanta-recliner-mekanismituoli-nahkaa\/","url_meta":{"origin":8677,"position":1},"title":"ATLANTA recliner mekanismituoli, nahkaa","author":"Sami Viitala","date":"augusti 25, 2021","format":false,"excerpt":"Lepotuoli, jossa on viident\u00e4hden istuinmukavuus.","rel":"","context":"Liknande produkt","block_context":{"text":"Liknande produkt","link":""},"img":{"alt_text":"Pohjanmaan Atlanta recliner nahka","src":"https:\/\/i0.wp.com\/pohjanmaantehtaanmyymala.fi\/wp-content\/uploads\/2019\/09\/Pohjanmaan_Atlanta-recliner_mekanismituoli.jpg?fit=1200%2C952&ssl=1&resize=350%2C200","width":350,"height":200,"srcset":"https:\/\/i0.wp.com\/pohjanmaantehtaanmyymala.fi\/wp-content\/uploads\/2019\/09\/Pohjanmaan_Atlanta-recliner_mekanismituoli.jpg?fit=1200%2C952&ssl=1&resize=350%2C200 1x, https:\/\/i0.wp.com\/pohjanmaantehtaanmyymala.fi\/wp-content\/uploads\/2019\/09\/Pohjanmaan_Atlanta-recliner_mekanismituoli.jpg?fit=1200%2C952&ssl=1&resize=525%2C300 1.5x, https:\/\/i0.wp.com\/pohjanmaantehtaanmyymala.fi\/wp-content\/uploads\/2019\/09\/Pohjanmaan_Atlanta-recliner_mekanismituoli.jpg?fit=1200%2C952&ssl=1&resize=700%2C400 2x, https:\/\/i0.wp.com\/pohjanmaantehtaanmyymala.fi\/wp-content\/uploads\/2019\/09\/Pohjanmaan_Atlanta-recliner_mekanismituoli.jpg?fit=1200%2C952&ssl=1&resize=1050%2C600 3x"},"classes":[]},{"id":10365,"url":"https:\/\/pohjanmaantehtaanmyymala.fi\/sv\/tuote\/atlanta-recliner-mekanismituoli-akku\/","url_meta":{"origin":8677,"position":2},"title":"ATLANTA ERGO &#8211; s\u00e4hk\u00f6recliner mekanismituoli","author":"petri","date":"september 14, 2019","format":false,"excerpt":"S\u00e4hk\u00f6recliner tuoli ladattavalla akulla, joka py\u00f6rii ja keinuu.","rel":"","context":"Liknande produkt","block_context":{"text":"Liknande produkt","link":""},"img":{"alt_text":"Atlanta recliner mekanismi tuoli nahka","src":"https:\/\/i0.wp.com\/pohjanmaantehtaanmyymala.fi\/wp-content\/uploads\/2019\/09\/Atlan-sahkorecliner-auki-2.jpg?fit=1200%2C1200&ssl=1&resize=350%2C200","width":350,"height":200,"srcset":"https:\/\/i0.wp.com\/pohjanmaantehtaanmyymala.fi\/wp-content\/uploads\/2019\/09\/Atlan-sahkorecliner-auki-2.jpg?fit=1200%2C1200&ssl=1&resize=350%2C200 1x, https:\/\/i0.wp.com\/pohjanmaantehtaanmyymala.fi\/wp-content\/uploads\/2019\/09\/Atlan-sahkorecliner-auki-2.jpg?fit=1200%2C1200&ssl=1&resize=525%2C300 1.5x, https:\/\/i0.wp.com\/pohjanmaantehtaanmyymala.fi\/wp-content\/uploads\/2019\/09\/Atlan-sahkorecliner-auki-2.jpg?fit=1200%2C1200&ssl=1&resize=700%2C400 2x, https:\/\/i0.wp.com\/pohjanmaantehtaanmyymala.fi\/wp-content\/uploads\/2019\/09\/Atlan-sahkorecliner-auki-2.jpg?fit=1200%2C1200&ssl=1&resize=1050%2C600 3x"},"classes":[]},{"id":18514,"url":"https:\/\/pohjanmaantehtaanmyymala.fi\/sv\/tuote\/atlanta-2-istuttava-nahkasohva\/","url_meta":{"origin":8677,"position":3},"title":"ATLANTA 2-istuttava nahkasohva","author":"Sami Viitala","date":"oktober 28, 2021","format":false,"excerpt":"Istuinmukavuuden uusi ulottuvuus.","rel":"","context":"Liknande produkt","block_context":{"text":"Liknande produkt","link":""},"img":{"alt_text":"Atlantan nahkasohva ruskea","src":"https:\/\/i0.wp.com\/pohjanmaantehtaanmyymala.fi\/wp-content\/uploads\/2021\/10\/Atlanta_2-ist-labrador03.jpg?fit=960%2C960&ssl=1&resize=350%2C200","width":350,"height":200,"srcset":"https:\/\/i0.wp.com\/pohjanmaantehtaanmyymala.fi\/wp-content\/uploads\/2021\/10\/Atlanta_2-ist-labrador03.jpg?fit=960%2C960&ssl=1&resize=350%2C200 1x, https:\/\/i0.wp.com\/pohjanmaantehtaanmyymala.fi\/wp-content\/uploads\/2021\/10\/Atlanta_2-ist-labrador03.jpg?fit=960%2C960&ssl=1&resize=525%2C300 1.5x, https:\/\/i0.wp.com\/pohjanmaantehtaanmyymala.fi\/wp-content\/uploads\/2021\/10\/Atlanta_2-ist-labrador03.jpg?fit=960%2C960&ssl=1&resize=700%2C400 2x"},"classes":[]},{"id":8684,"url":"https:\/\/pohjanmaantehtaanmyymala.fi\/sv\/tuote\/atlanta-3-nahkasohva\/","url_meta":{"origin":8677,"position":4},"title":"ATLANTA 3-istuttava nahkasohva","author":"petri","date":"september 14, 2019","format":false,"excerpt":"T\u00e4m\u00e4 sohva tarjoaa parasta istuinmukavuutta.","rel":"","context":"Liknande produkt","block_context":{"text":"Liknande produkt","link":""},"img":{"alt_text":"Atlanta-sohva-beige-nahka","src":"https:\/\/i0.wp.com\/pohjanmaantehtaanmyymala.fi\/wp-content\/uploads\/2019\/09\/Atlanta-3.jpg?fit=960%2C960&ssl=1&resize=350%2C200","width":350,"height":200,"srcset":"https:\/\/i0.wp.com\/pohjanmaantehtaanmyymala.fi\/wp-content\/uploads\/2019\/09\/Atlanta-3.jpg?fit=960%2C960&ssl=1&resize=350%2C200 1x, https:\/\/i0.wp.com\/pohjanmaantehtaanmyymala.fi\/wp-content\/uploads\/2019\/09\/Atlanta-3.jpg?fit=960%2C960&ssl=1&resize=525%2C300 1.5x, https:\/\/i0.wp.com\/pohjanmaantehtaanmyymala.fi\/wp-content\/uploads\/2019\/09\/Atlanta-3.jpg?fit=960%2C960&ssl=1&resize=700%2C400 2x"},"classes":[]},{"id":8679,"url":"https:\/\/pohjanmaantehtaanmyymala.fi\/sv\/tuote\/amiral-recliner\/","url_meta":{"origin":8677,"position":5},"title":"AMIRAL &#8211; recliner tuoli nahkaa","author":"petri","date":"september 14, 2019","format":false,"excerpt":"Muhkea mekanismituoli laadukaalla nahkaverhoilulla.","rel":"","context":"Liknande produkt","block_context":{"text":"Liknande produkt","link":""},"img":{"alt_text":"Amiral recliner nojatuoli nahkaa ruskea","src":"https:\/\/i0.wp.com\/pohjanmaantehtaanmyymala.fi\/wp-content\/uploads\/2019\/09\/amiral-rec-20-301.jpg?fit=960%2C960&ssl=1&resize=350%2C200","width":350,"height":200,"srcset":"https:\/\/i0.wp.com\/pohjanmaantehtaanmyymala.fi\/wp-content\/uploads\/2019\/09\/amiral-rec-20-301.jpg?fit=960%2C960&ssl=1&resize=350%2C200 1x, https:\/\/i0.wp.com\/pohjanmaantehtaanmyymala.fi\/wp-content\/uploads\/2019\/09\/amiral-rec-20-301.jpg?fit=960%2C960&ssl=1&resize=525%2C300 1.5x, https:\/\/i0.wp.com\/pohjanmaantehtaanmyymala.fi\/wp-content\/uploads\/2019\/09\/amiral-rec-20-301.jpg?fit=960%2C960&ssl=1&resize=700%2C400 2x"},"classes":[]}],"_links":{"self":[{"href":"https:\/\/pohjanmaantehtaanmyymala.fi\/sv\/wp-json\/wp\/v2\/product\/8677","targetHints":{"allow":["GET"]}}],"collection":[{"href":"https:\/\/pohjanmaantehtaanmyymala.fi\/sv\/wp-json\/wp\/v2\/product"}],"about":[{"href":"https:\/\/pohjanmaantehtaanmyymala.fi\/sv\/wp-json\/wp\/v2\/types\/product"}],"replies":[{"embeddable":true,"href":"https:\/\/pohjanmaantehtaanmyymala.fi\/sv\/wp-json\/wp\/v2\/comments?post=8677"}],"wp:featuredmedia":[{"embeddable":true,"href":"https:\/\/pohjanmaantehtaanmyymala.fi\/sv\/wp-json\/wp\/v2\/media\/14114"}],"wp:attachment":[{"href":"https:\/\/pohjanmaantehtaanmyymala.fi\/sv\/wp-json\/wp\/v2\/media?parent=8677"}],"wp:term":[{"taxonomy":"product_brand","embeddable":true,"href":"https:\/\/pohjanmaantehtaanmyymala.fi\/sv\/wp-json\/wp\/v2\/product_brand?post=8677"},{"taxonomy":"product_cat","embeddable":true,"href":"https:\/\/pohjanmaantehtaanmyymala.fi\/sv\/wp-json\/wp\/v2\/product_cat?post=8677"},{"taxonomy":"product_tag","embeddable":true,"href":"https:\/\/pohjanmaantehtaanmyymala.fi\/sv\/wp-json\/wp\/v2\/product_tag?post=8677"}],"curies":[{"name":"wp","href":"https:\/\/api.w.org\/{rel}","templated":true}]}}