{"id":29727,"date":"2026-02-16T09:52:16","date_gmt":"2026-02-16T07:52:16","guid":{"rendered":"https:\/\/pohjanmaantehtaanmyymala.fi\/?post_type=product&#038;p=29727"},"modified":"2026-02-16T10:46:09","modified_gmt":"2026-02-16T08:46:09","slug":"uniikki-runkopatja-80-cm-petauspatjalla","status":"publish","type":"product","link":"https:\/\/pohjanmaantehtaanmyymala.fi\/sv\/tuote\/uniikki-runkopatja-80-cm-petauspatjalla\/","title":{"rendered":"UNIIKKI &#8211; runkopatja 80 cm petauspatjalla"},"content":{"rendered":"<p>J\u00e4m\u00e4kk\u00e4 Uniikki-runkopatja pussijousituksella ja 4 cm:n Uniikki -vaahtomuovisijauspatjalla. Tihe\u00e4n pussijousituksen ansiosta Uniikki- runkos\u00e4nky soveltuu my\u00f6s aikuiselle nukkujalle. Uniikki- runkos\u00e4nky on verhoiltu tyylikk\u00e4\u00e4n harmaalla kankaalla s\u00e4ngyn viimeistelee mustat tukevat puujalat.<\/p>\n<p>Uniikki runkopatjaa on saatavilla my\u00f6s 90 cm, 120 cm ja 140 cm leve\u00e4n\u00e4.<\/p>\n<h3>Tuotetiedot:<\/h3>\n<p>Runko: Havupuuta ja vaneria.<br \/>\nJousisto: Pussijousitus 250 jousta\/m2 jousen lankavahvuus 2 mm.<br \/>\nVerhoiltu tummanharmaalla Inari -kankaalla. Tilauksesta saatavana my\u00f6s muilla v\u00e4reill\u00e4.<br \/>\nPetauspatja: sisus vaahtomuovia, paksuus 4 cm, p\u00e4\u00e4llinen irrotettavissa ja kest\u00e4\u00e4 vesipesun.<br \/>\nJalat: Mustaksi petsattua m\u00e4nty\u00e4. K\u00e4sin kierrett\u00e4v\u00e4t.<\/p>\n","protected":false},"excerpt":{"rendered":"<p>T\u00e4st\u00e4 perus pussijousitettu runkos\u00e4nky edullisesti.<\/p>\n","protected":false},"featured_media":29728,"comment_status":"closed","ping_status":"closed","template":"","meta":{"_acf_changed":false,"jetpack_post_was_ever_published":false,"jetpack_publicize_message":"","jetpack_publicize_feature_enabled":true,"jetpack_social_post_already_shared":true,"jetpack_social_options":{"image_generator_settings":{"template":"highway","default_image_id":0,"font":"","enabled":false},"version":2}},"product_brand":[206],"product_cat":[198],"product_tag":[],"class_list":{"0":"post-29727","1":"product","2":"type-product","3":"status-publish","4":"has-post-thumbnail","6":"product_brand-furnico","7":"product_cat-patjat-ja-sangyt","8":"product_shipping_class-161","10":"first","11":"instock","12":"sale","13":"purchasable","14":"product-type-simple"},"acf":[],"jetpack_publicize_connections":[],"jetpack_sharing_enabled":true,"jetpack-related-posts":[],"_links":{"self":[{"href":"https:\/\/pohjanmaantehtaanmyymala.fi\/sv\/wp-json\/wp\/v2\/product\/29727","targetHints":{"allow":["GET"]}}],"collection":[{"href":"https:\/\/pohjanmaantehtaanmyymala.fi\/sv\/wp-json\/wp\/v2\/product"}],"about":[{"href":"https:\/\/pohjanmaantehtaanmyymala.fi\/sv\/wp-json\/wp\/v2\/types\/product"}],"replies":[{"embeddable":true,"href":"https:\/\/pohjanmaantehtaanmyymala.fi\/sv\/wp-json\/wp\/v2\/comments?post=29727"}],"wp:featuredmedia":[{"embeddable":true,"href":"https:\/\/pohjanmaantehtaanmyymala.fi\/sv\/wp-json\/wp\/v2\/media\/29728"}],"wp:attachment":[{"href":"https:\/\/pohjanmaantehtaanmyymala.fi\/sv\/wp-json\/wp\/v2\/media?parent=29727"}],"wp:term":[{"taxonomy":"product_brand","embeddable":true,"href":"https:\/\/pohjanmaantehtaanmyymala.fi\/sv\/wp-json\/wp\/v2\/product_brand?post=29727"},{"taxonomy":"product_cat","embeddable":true,"href":"https:\/\/pohjanmaantehtaanmyymala.fi\/sv\/wp-json\/wp\/v2\/product_cat?post=29727"},{"taxonomy":"product_tag","embeddable":true,"href":"https:\/\/pohjanmaantehtaanmyymala.fi\/sv\/wp-json\/wp\/v2\/product_tag?post=29727"}],"curies":[{"name":"wp","href":"https:\/\/api.w.org\/{rel}","templated":true}]}}