{"id":29609,"date":"2026-01-20T13:10:32","date_gmt":"2026-01-20T11:10:32","guid":{"rendered":"https:\/\/pohjanmaantehtaanmyymala.fi\/?post_type=product&#038;p=29609"},"modified":"2026-04-14T11:08:39","modified_gmt":"2026-04-14T09:08:39","slug":"rowico-lowell-pyoriva-tuoli-kasinojilla","status":"publish","type":"product","link":"https:\/\/pohjanmaantehtaanmyymala.fi\/sv\/tuote\/rowico-lowell-pyoriva-tuoli-kasinojilla\/","title":{"rendered":"Rowico Lowell py\u00f6riv\u00e4 tuoli k\u00e4sinojilla"},"content":{"rendered":"<p>Lowell-tuoli on Rowico Home -tuotemerkin suosittu, moderni ruokap\u00f6yd\u00e4n tuoli, joka tunnetaan kuppimaisesta muotoilusta ja py\u00f6riv\u00e4st\u00e4 mekanismista. Tuolia sopii monenlaiseen sisustukseen, ja se sopii yhteen hyvin useiden eri ruokap\u00f6ytien kanssa.<\/p>\n<p>Verhoilu on 100 % aitoa nahkaa, joka ei ainoastaan tunnu ylelliselt\u00e4, vaan my\u00f6s kest\u00e4\u00e4 aikaa ja k\u00e4ytt\u00f6\u00e4. Nahan luonnollinen patina vain paranee ik\u00e4\u00e4ntyess\u00e4\u00e4n. Tuolia on saatavilla kahdella eri v\u00e4rill\u00e4; musta ja ruskea.<\/p>\n<p>Tuoli on varustettu innovatiivisella, 360 astetta py\u00f6riv\u00e4ll\u00e4 mekanismilla. T\u00e4m\u00e4 mahdollistaa vaivattoman liikkumisen ruokap\u00f6yd\u00e4n \u00e4\u00e4ress\u00e4 tai ty\u00f6pisteell\u00e4 ilman, ett\u00e4 jalkoja tarvitsee siirt\u00e4\u00e4.<\/p>\n<h3>Tuotetiedot:<\/h3>\n<p>Verhoilu: Aito nahka<br \/>\nV\u00e4rivaihtoehdot: Musta \/ Ruskea<br \/>\nJalat: Musta pulverimaalattu metalli, ristikkojalka<\/p>\n<p><strong>Mitat<\/strong><br \/>\nLeveys: 59 cm<br \/>\nKorkeus: 86 cm<br \/>\nSyvyys: 61 cm<br \/>\nIstuinkorkeus: 47 cm<br \/>\nIstuinsyvyys: 45 cm<\/p>\n<p>Painorajoitus max 110 kg<\/p>\n<p>Toimitetaan jalat irrallaan 2 kpl:n eriss\u00e4.<\/p>\n<p>&nbsp;<\/p>\n","protected":false},"excerpt":{"rendered":"<p>Nosta ruokailutilasi ilme uudelle tasolle Rowico Lowell -tuolilla!<\/p>\n","protected":false},"featured_media":29620,"comment_status":"closed","ping_status":"closed","template":"","meta":{"_acf_changed":false,"jetpack_post_was_ever_published":false,"jetpack_publicize_message":"","jetpack_publicize_feature_enabled":true,"jetpack_social_post_already_shared":true,"jetpack_social_options":{"image_generator_settings":{"template":"highway","default_image_id":0,"font":"","enabled":false},"version":2}},"product_brand":[179],"product_cat":[194],"product_tag":[],"class_list":{"0":"post-29609","1":"product","2":"type-product","3":"status-publish","4":"has-post-thumbnail","6":"product_brand-rowico","7":"product_cat-ruokapoydat-ja-tuolit","8":"product_shipping_class-161","9":"pa_vari-musta","10":"pa_vari-ruskea","12":"first","13":"instock","14":"purchasable","15":"product-type-variable","16":"has-default-attributes"},"acf":[],"jetpack_publicize_connections":[],"jetpack_sharing_enabled":true,"jetpack-related-posts":[{"id":28391,"url":"https:\/\/pohjanmaantehtaanmyymala.fi\/sv\/tuote\/alison-pyoriva-tuoli-beige-nahka-puujalalla\/","url_meta":{"origin":29609,"position":0},"title":"ALISON py\u00f6riv\u00e4 tuoli, beige nahka, puujalalla","author":"Sami Viitala","date":"februari 17, 2025","format":false,"excerpt":"Suosittu ruokap\u00f6yd\u00e4n tuoli tumman beigell\u00e4 verhoilulla. Valitse jalkav\u00e4ri!","rel":"","context":"Liknande produkt","block_context":{"text":"Liknande produkt","link":""},"img":{"alt_text":"Rowico Alison py\u00f6riv\u00e4 tuoli beigen v\u00e4rinen nahka ruskealla puujalalla edest\u00e4 p\u00e4in.","src":"https:\/\/i0.wp.com\/pohjanmaantehtaanmyymala.fi\/wp-content\/uploads\/2025\/02\/118136_b_sb_a_Alison_swivelchair_beige_leather_brown_oak.jpg?fit=1000%2C1000&ssl=1&resize=350%2C200","width":350,"height":200,"srcset":"https:\/\/i0.wp.com\/pohjanmaantehtaanmyymala.fi\/wp-content\/uploads\/2025\/02\/118136_b_sb_a_Alison_swivelchair_beige_leather_brown_oak.jpg?fit=1000%2C1000&ssl=1&resize=350%2C200 1x, https:\/\/i0.wp.com\/pohjanmaantehtaanmyymala.fi\/wp-content\/uploads\/2025\/02\/118136_b_sb_a_Alison_swivelchair_beige_leather_brown_oak.jpg?fit=1000%2C1000&ssl=1&resize=525%2C300 1.5x, https:\/\/i0.wp.com\/pohjanmaantehtaanmyymala.fi\/wp-content\/uploads\/2025\/02\/118136_b_sb_a_Alison_swivelchair_beige_leather_brown_oak.jpg?fit=1000%2C1000&ssl=1&resize=700%2C400 2x"},"classes":[]},{"id":18855,"url":"https:\/\/pohjanmaantehtaanmyymala.fi\/sv\/tuote\/harbo-tuoli-pyoriva-pu-nahka\/","url_meta":{"origin":29609,"position":1},"title":"Harbo -tuoli py\u00f6riv\u00e4, musta pu-nahka","author":"Sami Viitala","date":"november 6, 2021","format":false,"excerpt":"Py\u00f6riv\u00e4 keitti\u00f6n tuoli eri v\u00e4reiss\u00e4 House Nordicilta.","rel":"","context":"Liknande produkt","block_context":{"text":"Liknande produkt","link":""},"img":{"alt_text":"Harbo tuoli p\u00f6yriv\u00e4 pu-nahka musta","src":"https:\/\/i0.wp.com\/pohjanmaantehtaanmyymala.fi\/wp-content\/uploads\/2021\/11\/Harbo-tuoli-musta1001167.jpg?fit=1200%2C1200&ssl=1&resize=350%2C200","width":350,"height":200,"srcset":"https:\/\/i0.wp.com\/pohjanmaantehtaanmyymala.fi\/wp-content\/uploads\/2021\/11\/Harbo-tuoli-musta1001167.jpg?fit=1200%2C1200&ssl=1&resize=350%2C200 1x, https:\/\/i0.wp.com\/pohjanmaantehtaanmyymala.fi\/wp-content\/uploads\/2021\/11\/Harbo-tuoli-musta1001167.jpg?fit=1200%2C1200&ssl=1&resize=525%2C300 1.5x, https:\/\/i0.wp.com\/pohjanmaantehtaanmyymala.fi\/wp-content\/uploads\/2021\/11\/Harbo-tuoli-musta1001167.jpg?fit=1200%2C1200&ssl=1&resize=700%2C400 2x, https:\/\/i0.wp.com\/pohjanmaantehtaanmyymala.fi\/wp-content\/uploads\/2021\/11\/Harbo-tuoli-musta1001167.jpg?fit=1200%2C1200&ssl=1&resize=1050%2C600 3x"},"classes":[]},{"id":28308,"url":"https:\/\/pohjanmaantehtaanmyymala.fi\/sv\/tuote\/alison-tuoli-pyorivalla-istuimella-vaaleabeige\/","url_meta":{"origin":29609,"position":2},"title":"ALISON py\u00f6riv\u00e4 tuoli, vaaleabeige, puujalalla","author":"Sami Viitala","date":"januari 14, 2025","format":false,"excerpt":"Suosittu ruokap\u00f6yd\u00e4n tuoli vaaleanbeigell\u00e4 verhoilulla. Valitse jalkav\u00e4ri!","rel":"","context":"Liknande produkt","block_context":{"text":"Liknande produkt","link":""},"img":{"alt_text":"Rowico Alison py\u00f6riv\u00e4 tuoli vaaleabeige valkopestyll\u00e4 puujalalla milj\u00f6\u00f6ss\u00e4","src":"https:\/\/i0.wp.com\/pohjanmaantehtaanmyymala.fi\/wp-content\/uploads\/2025\/01\/117861_b_mb__Alison_chair_light_beige_whitewash.jpg?fit=1000%2C1000&ssl=1&resize=350%2C200","width":350,"height":200,"srcset":"https:\/\/i0.wp.com\/pohjanmaantehtaanmyymala.fi\/wp-content\/uploads\/2025\/01\/117861_b_mb__Alison_chair_light_beige_whitewash.jpg?fit=1000%2C1000&ssl=1&resize=350%2C200 1x, https:\/\/i0.wp.com\/pohjanmaantehtaanmyymala.fi\/wp-content\/uploads\/2025\/01\/117861_b_mb__Alison_chair_light_beige_whitewash.jpg?fit=1000%2C1000&ssl=1&resize=525%2C300 1.5x, https:\/\/i0.wp.com\/pohjanmaantehtaanmyymala.fi\/wp-content\/uploads\/2025\/01\/117861_b_mb__Alison_chair_light_beige_whitewash.jpg?fit=1000%2C1000&ssl=1&resize=700%2C400 2x"},"classes":[]},{"id":28371,"url":"https:\/\/pohjanmaantehtaanmyymala.fi\/sv\/tuote\/alison-pyoriva-tuoli-tummabeige-puujalalla\/","url_meta":{"origin":29609,"position":3},"title":"ALISON py\u00f6riv\u00e4 tuoli, tummabeige, puujalalla","author":"Sami Viitala","date":"februari 17, 2025","format":false,"excerpt":"Suosittu ruokap\u00f6yd\u00e4n tuoli tumman beigell\u00e4 verhoilulla. Valitse jalkav\u00e4ri!","rel":"","context":"Liknande produkt","block_context":{"text":"Liknande produkt","link":""},"img":{"alt_text":"Rowico Alison py\u00f6riv\u00e4 tuoli tumma beige ruskealla puujalalla","src":"https:\/\/i0.wp.com\/pohjanmaantehtaanmyymala.fi\/wp-content\/uploads\/2025\/02\/117866_a_Alison_swivelchair_dark_beige_brown_oak.jpg?fit=1000%2C1000&ssl=1&resize=350%2C200","width":350,"height":200,"srcset":"https:\/\/i0.wp.com\/pohjanmaantehtaanmyymala.fi\/wp-content\/uploads\/2025\/02\/117866_a_Alison_swivelchair_dark_beige_brown_oak.jpg?fit=1000%2C1000&ssl=1&resize=350%2C200 1x, https:\/\/i0.wp.com\/pohjanmaantehtaanmyymala.fi\/wp-content\/uploads\/2025\/02\/117866_a_Alison_swivelchair_dark_beige_brown_oak.jpg?fit=1000%2C1000&ssl=1&resize=525%2C300 1.5x, https:\/\/i0.wp.com\/pohjanmaantehtaanmyymala.fi\/wp-content\/uploads\/2025\/02\/117866_a_Alison_swivelchair_dark_beige_brown_oak.jpg?fit=1000%2C1000&ssl=1&resize=700%2C400 2x"},"classes":[]},{"id":19027,"url":"https:\/\/pohjanmaantehtaanmyymala.fi\/sv\/tuote\/harbo-tuoli-pyoriva-konjakinruskea\/","url_meta":{"origin":29609,"position":4},"title":"Harbo -tuoli py\u00f6riv\u00e4, konjakinruskea","author":"Sami Viitala","date":"november 11, 2021","format":false,"excerpt":"Kaunis k\u00e4sinojatuoli House Nordicilta.","rel":"","context":"Liknande produkt","block_context":{"text":"Liknande produkt","link":""},"img":{"alt_text":"Harbo tuoli p\u00f6yriv\u00e4 pu-nahka konjakinruskea","src":"https:\/\/i0.wp.com\/pohjanmaantehtaanmyymala.fi\/wp-content\/uploads\/2021\/11\/Hasbo-tuoli-konjakinruskea-1001165.jpg?fit=1200%2C1200&ssl=1&resize=350%2C200","width":350,"height":200,"srcset":"https:\/\/i0.wp.com\/pohjanmaantehtaanmyymala.fi\/wp-content\/uploads\/2021\/11\/Hasbo-tuoli-konjakinruskea-1001165.jpg?fit=1200%2C1200&ssl=1&resize=350%2C200 1x, https:\/\/i0.wp.com\/pohjanmaantehtaanmyymala.fi\/wp-content\/uploads\/2021\/11\/Hasbo-tuoli-konjakinruskea-1001165.jpg?fit=1200%2C1200&ssl=1&resize=525%2C300 1.5x, https:\/\/i0.wp.com\/pohjanmaantehtaanmyymala.fi\/wp-content\/uploads\/2021\/11\/Hasbo-tuoli-konjakinruskea-1001165.jpg?fit=1200%2C1200&ssl=1&resize=700%2C400 2x, https:\/\/i0.wp.com\/pohjanmaantehtaanmyymala.fi\/wp-content\/uploads\/2021\/11\/Hasbo-tuoli-konjakinruskea-1001165.jpg?fit=1200%2C1200&ssl=1&resize=1050%2C600 3x"},"classes":[]},{"id":15800,"url":"https:\/\/pohjanmaantehtaanmyymala.fi\/sv\/tuote\/rowico-alison-tuoli\/","url_meta":{"origin":29609,"position":5},"title":"ALISON py\u00f6riv\u00e4 tuoli metallijalalla","author":"Sami Viitala","date":"november 23, 2020","format":false,"excerpt":"Rowicon kaunis ruokap\u00f6yd\u00e4n tuoli harmaalla tai beigell\u00e4 verhoilulla.","rel":"","context":"Liknande produkt","block_context":{"text":"Liknande produkt","link":""},"img":{"alt_text":"Rowico Alison tuoli antrasiitti mikrokuitu","src":"https:\/\/i0.wp.com\/pohjanmaantehtaanmyymala.fi\/wp-content\/uploads\/2020\/11\/Alison-tuoli-harmaa.jpg?fit=1200%2C1200&ssl=1&resize=350%2C200","width":350,"height":200,"srcset":"https:\/\/i0.wp.com\/pohjanmaantehtaanmyymala.fi\/wp-content\/uploads\/2020\/11\/Alison-tuoli-harmaa.jpg?fit=1200%2C1200&ssl=1&resize=350%2C200 1x, https:\/\/i0.wp.com\/pohjanmaantehtaanmyymala.fi\/wp-content\/uploads\/2020\/11\/Alison-tuoli-harmaa.jpg?fit=1200%2C1200&ssl=1&resize=525%2C300 1.5x, https:\/\/i0.wp.com\/pohjanmaantehtaanmyymala.fi\/wp-content\/uploads\/2020\/11\/Alison-tuoli-harmaa.jpg?fit=1200%2C1200&ssl=1&resize=700%2C400 2x, https:\/\/i0.wp.com\/pohjanmaantehtaanmyymala.fi\/wp-content\/uploads\/2020\/11\/Alison-tuoli-harmaa.jpg?fit=1200%2C1200&ssl=1&resize=1050%2C600 3x"},"classes":[]}],"_links":{"self":[{"href":"https:\/\/pohjanmaantehtaanmyymala.fi\/sv\/wp-json\/wp\/v2\/product\/29609","targetHints":{"allow":["GET"]}}],"collection":[{"href":"https:\/\/pohjanmaantehtaanmyymala.fi\/sv\/wp-json\/wp\/v2\/product"}],"about":[{"href":"https:\/\/pohjanmaantehtaanmyymala.fi\/sv\/wp-json\/wp\/v2\/types\/product"}],"replies":[{"embeddable":true,"href":"https:\/\/pohjanmaantehtaanmyymala.fi\/sv\/wp-json\/wp\/v2\/comments?post=29609"}],"wp:featuredmedia":[{"embeddable":true,"href":"https:\/\/pohjanmaantehtaanmyymala.fi\/sv\/wp-json\/wp\/v2\/media\/29620"}],"wp:attachment":[{"href":"https:\/\/pohjanmaantehtaanmyymala.fi\/sv\/wp-json\/wp\/v2\/media?parent=29609"}],"wp:term":[{"taxonomy":"product_brand","embeddable":true,"href":"https:\/\/pohjanmaantehtaanmyymala.fi\/sv\/wp-json\/wp\/v2\/product_brand?post=29609"},{"taxonomy":"product_cat","embeddable":true,"href":"https:\/\/pohjanmaantehtaanmyymala.fi\/sv\/wp-json\/wp\/v2\/product_cat?post=29609"},{"taxonomy":"product_tag","embeddable":true,"href":"https:\/\/pohjanmaantehtaanmyymala.fi\/sv\/wp-json\/wp\/v2\/product_tag?post=29609"}],"curies":[{"name":"wp","href":"https:\/\/api.w.org\/{rel}","templated":true}]}}