{"id":29459,"date":"2025-12-10T17:47:58","date_gmt":"2025-12-10T15:47:58","guid":{"rendered":"https:\/\/pohjanmaantehtaanmyymala.fi\/?post_type=product&#038;p=29459"},"modified":"2026-02-03T15:58:41","modified_gmt":"2026-02-03T13:58:41","slug":"eden-3-joustinpatja-90x200-cm","status":"publish","type":"product","link":"https:\/\/pohjanmaantehtaanmyymala.fi\/sv\/tuote\/eden-3-joustinpatja-90x200-cm\/","title":{"rendered":"EDEN 3 joustinpatja 90&#215;200 cm"},"content":{"rendered":"<div data-subtree=\"aimfl\" data-complete=\"true\" data-processed=\"true\">Eden 3 -joustinpatja on suomalaisen Hilding Anders -yrityksen valmistama laadukas patja, jossa on k\u00e4ytetty Eden Comfort-pussijousitusta. Patja on suunniteltu tarjoamaan hyv\u00e4n tuen ja my\u00f6t\u00e4ilevyyden nukkujalle, ja sille on my\u00f6nnetty Avainlippu-merkki. Joustinpatjaa on saatavilla kahdessa eri koossa, 80 ja 90 cm leve\u00e4n\u00e4.<\/div>\n<div data-subtree=\"aimfl\" data-complete=\"true\" data-processed=\"true\">Voit valita patjalle petauspatjan <a href=\"https:\/\/pohjanmaantehtaanmyymala.fi\/tuote-osasto\/patjat-ja-sangyt\/petauspatjat\/\">t\u00e4st\u00e4!<\/a><\/div>\n<h3>Tuotetiedot:<\/h3>\n<p>P\u00e4\u00e4llinen: <span class=\"T286Pc\" data-sfc-cp=\"\" data-complete=\"true\">Patja on verhoiltu vaalealla, vanutikatulla joustokankaalla.<\/span><br \/>\nJousitus: <span class=\"T286Pc\" data-sfc-cp=\"\" data-complete=\"true\">Patjassa on pussijousitus (250 jousta\/m\u00b2), jossa jokainen jousi on pakattu omaan pussiinsa. T\u00e4m\u00e4 mahdollistaa jousien yksil\u00f6llisen liikkumisen ja kehon painon optimaalisen my\u00f6t\u00e4ilyn.<\/span><br \/>\nMedium: Suositellaan yleens\u00e4 alle 75 kg painaville k\u00e4ytt\u00e4jille. (Jousen lankavahvuus 1,9mm, joita on 250kpl\/m2).<br \/>\nHard: Suositellaan yli 75 kg painaville k\u00e4ytt\u00e4jille. (Jousen lankavahvuus 1,9mm, joita on 250kpl\/m2).<br \/>\nTakuu: <span class=\"T286Pc\" data-sfc-cp=\"\" data-complete=\"true\">Jousistolla on 20 vuoden katkeamattomuustakuu<\/span><br \/>\nTuotemerkki: Eden<br \/>\nValmistaja: Hilding Anders Finland Oy, N\u00e4rpi\u00f6 Suomi.<\/p>\n<p>Tuote toimitetaan p\u00e4\u00e4llinen irallaan, ja se on pakattu muoviin.<\/p>\n<p>Eden s\u00e4nkysarjan toimitusaika on n. 2 viikkoa tilauksesta.<\/p>\n<p>Hanki kotimainen laadukas Eden-joustinpatja edullisesti Tehtaanmyym\u00e4l\u00e4st\u00e4!<\/p>\n","protected":false},"excerpt":{"rendered":"<p>Kotimainen Eden -joustinpatja. Valitse malli!<\/p>\n","protected":false},"featured_media":29462,"comment_status":"closed","ping_status":"closed","template":"","meta":{"_acf_changed":false,"jetpack_post_was_ever_published":false,"jetpack_publicize_message":"","jetpack_publicize_feature_enabled":true,"jetpack_social_post_already_shared":true,"jetpack_social_options":{"image_generator_settings":{"template":"highway","default_image_id":0,"font":"","enabled":false},"version":2}},"product_brand":[203],"product_cat":[198],"product_tag":[],"class_list":{"0":"post-29459","1":"product","2":"type-product","3":"status-publish","4":"has-post-thumbnail","6":"product_brand-hilding","7":"product_cat-patjat-ja-sangyt","8":"product_shipping_class-161","9":"pa_malli-hard","10":"pa_malli-medium","12":"first","13":"instock","14":"sale","15":"purchasable","16":"product-type-variable"},"acf":[],"jetpack_publicize_connections":[],"jetpack_sharing_enabled":true,"jetpack-related-posts":[{"id":29445,"url":"https:\/\/pohjanmaantehtaanmyymala.fi\/sv\/tuote\/eden-3-joustinpatja-80x200-cm\/","url_meta":{"origin":29459,"position":0},"title":"EDEN 3 joustinpatja 80&#215;200 cm","author":"Sami Viitala","date":"december 10, 2025","format":false,"excerpt":"Kotimainen Eden -joustinpatja. Valitse malli!","rel":"","context":"Liknande produkt","block_context":{"text":"Liknande produkt","link":""},"img":{"alt_text":"Eden 3 (kolme) joustinpatja","src":"https:\/\/i0.wp.com\/pohjanmaantehtaanmyymala.fi\/wp-content\/uploads\/2025\/12\/Eden3_joustinpatja.jpg?fit=1200%2C1200&ssl=1&resize=350%2C200","width":350,"height":200,"srcset":"https:\/\/i0.wp.com\/pohjanmaantehtaanmyymala.fi\/wp-content\/uploads\/2025\/12\/Eden3_joustinpatja.jpg?fit=1200%2C1200&ssl=1&resize=350%2C200 1x, https:\/\/i0.wp.com\/pohjanmaantehtaanmyymala.fi\/wp-content\/uploads\/2025\/12\/Eden3_joustinpatja.jpg?fit=1200%2C1200&ssl=1&resize=525%2C300 1.5x, https:\/\/i0.wp.com\/pohjanmaantehtaanmyymala.fi\/wp-content\/uploads\/2025\/12\/Eden3_joustinpatja.jpg?fit=1200%2C1200&ssl=1&resize=700%2C400 2x, https:\/\/i0.wp.com\/pohjanmaantehtaanmyymala.fi\/wp-content\/uploads\/2025\/12\/Eden3_joustinpatja.jpg?fit=1200%2C1200&ssl=1&resize=1050%2C600 3x"},"classes":[]},{"id":10875,"url":"https:\/\/pohjanmaantehtaanmyymala.fi\/sv\/tuote\/eden-1-joustinpatja-pussijousitettu\/","url_meta":{"origin":29459,"position":1},"title":"EDEN 1 joustinpatja","author":"petri","date":"september 14, 2019","format":false,"excerpt":"Kotimainen Eden -joustinpatja. Valitse koko!","rel":"","context":"Liknande produkt","block_context":{"text":"Liknande produkt","link":""},"img":{"alt_text":"","src":"https:\/\/i0.wp.com\/pohjanmaantehtaanmyymala.fi\/wp-content\/uploads\/2019\/09\/Eden1-joustinpatja.jpg?fit=960%2C960&ssl=1&resize=350%2C200","width":350,"height":200,"srcset":"https:\/\/i0.wp.com\/pohjanmaantehtaanmyymala.fi\/wp-content\/uploads\/2019\/09\/Eden1-joustinpatja.jpg?fit=960%2C960&ssl=1&resize=350%2C200 1x, https:\/\/i0.wp.com\/pohjanmaantehtaanmyymala.fi\/wp-content\/uploads\/2019\/09\/Eden1-joustinpatja.jpg?fit=960%2C960&ssl=1&resize=525%2C300 1.5x, https:\/\/i0.wp.com\/pohjanmaantehtaanmyymala.fi\/wp-content\/uploads\/2019\/09\/Eden1-joustinpatja.jpg?fit=960%2C960&ssl=1&resize=700%2C400 2x"},"classes":[]},{"id":28749,"url":"https:\/\/pohjanmaantehtaanmyymala.fi\/sv\/tuote\/comfort-joustinpatjasetti-petauspatjalla-160x200-cm\/","url_meta":{"origin":29459,"position":2},"title":"COMFORT joustinpatjasetti petauspatjalla 160&#215;200 cm","author":"Sami Viitala","date":"september 24, 2025","format":false,"excerpt":"Kotimainen Uness Comfort pussijousitettu 160 cm leve\u00e4 joustinpatjasetti paksulla vaahtomuovipetauspatjalla.","rel":"","context":"Liknande produkt","block_context":{"text":"Liknande produkt","link":""},"img":{"alt_text":"Uness Comfort joustinpatjasetti 160x200 cm petauspatjalla.","src":"https:\/\/i0.wp.com\/pohjanmaantehtaanmyymala.fi\/wp-content\/uploads\/2025\/09\/Uness_comfort_joustinpatjat_VM-petari_160cm.jpg?fit=1000%2C1000&ssl=1&resize=350%2C200","width":350,"height":200,"srcset":"https:\/\/i0.wp.com\/pohjanmaantehtaanmyymala.fi\/wp-content\/uploads\/2025\/09\/Uness_comfort_joustinpatjat_VM-petari_160cm.jpg?fit=1000%2C1000&ssl=1&resize=350%2C200 1x, https:\/\/i0.wp.com\/pohjanmaantehtaanmyymala.fi\/wp-content\/uploads\/2025\/09\/Uness_comfort_joustinpatjat_VM-petari_160cm.jpg?fit=1000%2C1000&ssl=1&resize=525%2C300 1.5x, https:\/\/i0.wp.com\/pohjanmaantehtaanmyymala.fi\/wp-content\/uploads\/2025\/09\/Uness_comfort_joustinpatjat_VM-petari_160cm.jpg?fit=1000%2C1000&ssl=1&resize=700%2C400 2x"},"classes":[]},{"id":17640,"url":"https:\/\/pohjanmaantehtaanmyymala.fi\/sv\/tuote\/eden-1-jenkkisanky-120x200-cm\/","url_meta":{"origin":29459,"position":3},"title":"EDEN 1 -jenkkis\u00e4nky 120&#215;200 cm petauspatjalla","author":"Sami Viitala","date":"augusti 18, 2021","format":false,"excerpt":"T\u00e4st\u00e4 kotimainen N\u00e4rpi\u00f6ss\u00e4 valmistettu jenkkis\u00e4nkypaketti edullisesti.","rel":"","context":"Liknande produkt","block_context":{"text":"Liknande produkt","link":""},"img":{"alt_text":"Hilding Anders Eden 1 jenkkis\u00e4nky 120x200 cm profiloidulla petauspajalla ja mustilla jaloilla.","src":"https:\/\/i0.wp.com\/pohjanmaantehtaanmyymala.fi\/wp-content\/uploads\/2021\/08\/Eden_1_Jenkki_120.jpg?fit=1000%2C1000&ssl=1&resize=350%2C200","width":350,"height":200,"srcset":"https:\/\/i0.wp.com\/pohjanmaantehtaanmyymala.fi\/wp-content\/uploads\/2021\/08\/Eden_1_Jenkki_120.jpg?fit=1000%2C1000&ssl=1&resize=350%2C200 1x, https:\/\/i0.wp.com\/pohjanmaantehtaanmyymala.fi\/wp-content\/uploads\/2021\/08\/Eden_1_Jenkki_120.jpg?fit=1000%2C1000&ssl=1&resize=525%2C300 1.5x, https:\/\/i0.wp.com\/pohjanmaantehtaanmyymala.fi\/wp-content\/uploads\/2021\/08\/Eden_1_Jenkki_120.jpg?fit=1000%2C1000&ssl=1&resize=700%2C400 2x"},"classes":[]},{"id":29696,"url":"https:\/\/pohjanmaantehtaanmyymala.fi\/sv\/tuote\/eden-1-jenkkisanky-160x200-cm-petauspatjalla\/","url_meta":{"origin":29459,"position":4},"title":"EDEN 1 -jenkkis\u00e4nky 160&#215;200 cm petauspatjalla","author":"Sami Viitala","date":"januari 27, 2026","format":false,"excerpt":"T\u00e4st\u00e4 jenkkis\u00e4nkypaketti edullisesti.","rel":"","context":"Liknande produkt","block_context":{"text":"Liknande produkt","link":""},"img":{"alt_text":"Eden 1 jenkkis\u00e4nky 160x200 cm petauspatjalla","src":"https:\/\/i0.wp.com\/pohjanmaantehtaanmyymala.fi\/wp-content\/uploads\/2019\/09\/Eden1-jenkkis%C3%A4nky.jpg?fit=960%2C960&ssl=1&resize=350%2C200","width":350,"height":200,"srcset":"https:\/\/i0.wp.com\/pohjanmaantehtaanmyymala.fi\/wp-content\/uploads\/2019\/09\/Eden1-jenkkis%C3%A4nky.jpg?fit=960%2C960&ssl=1&resize=350%2C200 1x, https:\/\/i0.wp.com\/pohjanmaantehtaanmyymala.fi\/wp-content\/uploads\/2019\/09\/Eden1-jenkkis%C3%A4nky.jpg?fit=960%2C960&ssl=1&resize=525%2C300 1.5x, https:\/\/i0.wp.com\/pohjanmaantehtaanmyymala.fi\/wp-content\/uploads\/2019\/09\/Eden1-jenkkis%C3%A4nky.jpg?fit=960%2C960&ssl=1&resize=700%2C400 2x"},"classes":[]},{"id":10859,"url":"https:\/\/pohjanmaantehtaanmyymala.fi\/sv\/tuote\/eden-1-jenkkisanky-140x200-cm-tarjous\/","url_meta":{"origin":29459,"position":5},"title":"EDEN 1 -jenkkis\u00e4nky 140&#215;200 cm petauspatjalla","author":"petri","date":"september 14, 2019","format":false,"excerpt":"T\u00e4st\u00e4 jenkkis\u00e4nkypaketti edullisesti.","rel":"","context":"Liknande produkt","block_context":{"text":"Liknande produkt","link":""},"img":{"alt_text":"Hilding Anders Eden 1 jenkkis\u00e4nky 140x200 cm profiloidulla petauspajalla ja mustilla jaloilla.","src":"https:\/\/i0.wp.com\/pohjanmaantehtaanmyymala.fi\/wp-content\/uploads\/2019\/09\/Eden_1_Jenkki_140.jpg?fit=1000%2C1000&ssl=1&resize=350%2C200","width":350,"height":200,"srcset":"https:\/\/i0.wp.com\/pohjanmaantehtaanmyymala.fi\/wp-content\/uploads\/2019\/09\/Eden_1_Jenkki_140.jpg?fit=1000%2C1000&ssl=1&resize=350%2C200 1x, https:\/\/i0.wp.com\/pohjanmaantehtaanmyymala.fi\/wp-content\/uploads\/2019\/09\/Eden_1_Jenkki_140.jpg?fit=1000%2C1000&ssl=1&resize=525%2C300 1.5x, https:\/\/i0.wp.com\/pohjanmaantehtaanmyymala.fi\/wp-content\/uploads\/2019\/09\/Eden_1_Jenkki_140.jpg?fit=1000%2C1000&ssl=1&resize=700%2C400 2x"},"classes":[]}],"_links":{"self":[{"href":"https:\/\/pohjanmaantehtaanmyymala.fi\/sv\/wp-json\/wp\/v2\/product\/29459","targetHints":{"allow":["GET"]}}],"collection":[{"href":"https:\/\/pohjanmaantehtaanmyymala.fi\/sv\/wp-json\/wp\/v2\/product"}],"about":[{"href":"https:\/\/pohjanmaantehtaanmyymala.fi\/sv\/wp-json\/wp\/v2\/types\/product"}],"replies":[{"embeddable":true,"href":"https:\/\/pohjanmaantehtaanmyymala.fi\/sv\/wp-json\/wp\/v2\/comments?post=29459"}],"wp:featuredmedia":[{"embeddable":true,"href":"https:\/\/pohjanmaantehtaanmyymala.fi\/sv\/wp-json\/wp\/v2\/media\/29462"}],"wp:attachment":[{"href":"https:\/\/pohjanmaantehtaanmyymala.fi\/sv\/wp-json\/wp\/v2\/media?parent=29459"}],"wp:term":[{"taxonomy":"product_brand","embeddable":true,"href":"https:\/\/pohjanmaantehtaanmyymala.fi\/sv\/wp-json\/wp\/v2\/product_brand?post=29459"},{"taxonomy":"product_cat","embeddable":true,"href":"https:\/\/pohjanmaantehtaanmyymala.fi\/sv\/wp-json\/wp\/v2\/product_cat?post=29459"},{"taxonomy":"product_tag","embeddable":true,"href":"https:\/\/pohjanmaantehtaanmyymala.fi\/sv\/wp-json\/wp\/v2\/product_tag?post=29459"}],"curies":[{"name":"wp","href":"https:\/\/api.w.org\/{rel}","templated":true}]}}