{"id":29241,"date":"2025-11-17T14:06:21","date_gmt":"2025-11-17T12:06:21","guid":{"rendered":"https:\/\/pohjanmaantehtaanmyymala.fi\/?post_type=product&#038;p=29241"},"modified":"2025-12-01T15:14:12","modified_gmt":"2025-12-01T13:14:12","slug":"kaverit-runkopatja-120-x-200-cm","status":"publish","type":"product","link":"https:\/\/pohjanmaantehtaanmyymala.fi\/sv\/tuote\/kaverit-runkopatja-120-x-200-cm\/","title":{"rendered":"Kaverit Runkopatja 120&#215;200 cm"},"content":{"rendered":"<p>Edullinen 120 cm leve\u00e4 Kaverit runkos\u00e4nky.<\/p>\n<p>Kaverit runkopatja on edullinen ja hyv\u00e4 valinta kevyelle nukkujalle tai s\u00e4ngyksi vierashuoneeseen.<br \/>\nSettiin kuuluu runkos\u00e4ngyn lis\u00e4ksi puujalat sek\u00e4 petauspatja (4cm).<\/p>\n<p>T\u00e4st\u00e4 runkopatja edullisesti tehtaanmyym\u00e4l\u00e4st\u00e4!<\/p>\n<h3>Tuotetiedot:<\/h3>\n<p>Massiivipuu runko, puujalat.<br \/>\nBonnel jousitus.<br \/>\nPetauspatja, vaahtomuovit\u00e4yte.<\/p>\n<p>Toimitetaan pahviin ja muoviin pakattuna.<\/p>\n<p>&nbsp;<\/p>\n","protected":false},"excerpt":{"rendered":"<p>T\u00e4st\u00e4 edullinen runkopatja.<\/p>\n","protected":false},"featured_media":29248,"comment_status":"closed","ping_status":"closed","template":"","meta":{"_acf_changed":false,"jetpack_post_was_ever_published":false,"jetpack_publicize_message":"","jetpack_publicize_feature_enabled":true,"jetpack_social_post_already_shared":true,"jetpack_social_options":{"image_generator_settings":{"template":"highway","default_image_id":0,"font":"","enabled":false},"version":2}},"product_brand":[206],"product_cat":[198],"product_tag":[],"class_list":{"0":"post-29241","1":"product","2":"type-product","3":"status-publish","4":"has-post-thumbnail","6":"product_brand-furnico","7":"product_cat-patjat-ja-sangyt","9":"first","10":"instock","11":"sale","12":"shipping-taxable","13":"purchasable","14":"product-type-simple"},"acf":[],"jetpack_publicize_connections":[],"jetpack_sharing_enabled":true,"jetpack-related-posts":[{"id":24937,"url":"https:\/\/pohjanmaantehtaanmyymala.fi\/sv\/tuote\/pilvipouta-runkopatja-80x200\/","url_meta":{"origin":29241,"position":0},"title":"Pilvipouta runkopatja 80&#215;200 cm","author":"Miro Nevala","date":"februari 6, 2024","format":false,"excerpt":"Edullinen pussijousitettu runkos\u00e4nky petauspatjalla.","rel":"","context":"Liknande produkt","block_context":{"text":"Liknande produkt","link":""},"img":{"alt_text":"Pilvi runkopatjapaketti 80x200 cm v\u00e4ri harmaa","src":"https:\/\/i0.wp.com\/pohjanmaantehtaanmyymala.fi\/wp-content\/uploads\/2024\/02\/Pilvi-runkopatjapaketti-80x200-960dpi.jpg?fit=960%2C960&ssl=1&resize=350%2C200","width":350,"height":200,"srcset":"https:\/\/i0.wp.com\/pohjanmaantehtaanmyymala.fi\/wp-content\/uploads\/2024\/02\/Pilvi-runkopatjapaketti-80x200-960dpi.jpg?fit=960%2C960&ssl=1&resize=350%2C200 1x, https:\/\/i0.wp.com\/pohjanmaantehtaanmyymala.fi\/wp-content\/uploads\/2024\/02\/Pilvi-runkopatjapaketti-80x200-960dpi.jpg?fit=960%2C960&ssl=1&resize=525%2C300 1.5x, https:\/\/i0.wp.com\/pohjanmaantehtaanmyymala.fi\/wp-content\/uploads\/2024\/02\/Pilvi-runkopatjapaketti-80x200-960dpi.jpg?fit=960%2C960&ssl=1&resize=700%2C400 2x"},"classes":[]},{"id":15358,"url":"https:\/\/pohjanmaantehtaanmyymala.fi\/sv\/tuote\/kaverit-pocket-jenkkisanky-160x200-cm\/","url_meta":{"origin":29241,"position":1},"title":"Kaverit Pocket -jenkkis\u00e4nky 160&#215;200 cm","author":"Sami Viitala","date":"november 16, 2020","format":false,"excerpt":"T\u00e4st\u00e4 pussijousitettu jenkkis\u00e4nkypaketti edullisesti.","rel":"","context":"Liknande produkt","block_context":{"text":"Liknande produkt","link":""},"img":{"alt_text":"Kaverit Pocjet jenkkis\u00e4nky musta runko","src":"https:\/\/i0.wp.com\/pohjanmaantehtaanmyymala.fi\/wp-content\/uploads\/2020\/11\/Kaverit_Pocket_jenkki_160.jpg?fit=1200%2C1200&ssl=1&resize=350%2C200","width":350,"height":200,"srcset":"https:\/\/i0.wp.com\/pohjanmaantehtaanmyymala.fi\/wp-content\/uploads\/2020\/11\/Kaverit_Pocket_jenkki_160.jpg?fit=1200%2C1200&ssl=1&resize=350%2C200 1x, https:\/\/i0.wp.com\/pohjanmaantehtaanmyymala.fi\/wp-content\/uploads\/2020\/11\/Kaverit_Pocket_jenkki_160.jpg?fit=1200%2C1200&ssl=1&resize=525%2C300 1.5x, https:\/\/i0.wp.com\/pohjanmaantehtaanmyymala.fi\/wp-content\/uploads\/2020\/11\/Kaverit_Pocket_jenkki_160.jpg?fit=1200%2C1200&ssl=1&resize=700%2C400 2x, https:\/\/i0.wp.com\/pohjanmaantehtaanmyymala.fi\/wp-content\/uploads\/2020\/11\/Kaverit_Pocket_jenkki_160.jpg?fit=1200%2C1200&ssl=1&resize=1050%2C600 3x"},"classes":[]},{"id":29727,"url":"https:\/\/pohjanmaantehtaanmyymala.fi\/sv\/tuote\/uniikki-runkopatja-80-cm-petauspatjalla\/","url_meta":{"origin":29241,"position":2},"title":"UNIIKKI &#8211; runkopatja 80 cm petauspatjalla","author":"Sami Viitala","date":"februari 16, 2026","format":false,"excerpt":"T\u00e4st\u00e4 perus pussijousitettu runkos\u00e4nky edullisesti.","rel":"","context":"Liknande produkt","block_context":{"text":"Liknande produkt","link":""},"img":{"alt_text":"Uniikki runkos\u00e4nky 80x200 cm tummanharmaalla verhoilulla ja mustilla kantikkailla jaloilla","src":"https:\/\/i0.wp.com\/pohjanmaantehtaanmyymala.fi\/wp-content\/uploads\/2026\/02\/Uniikki_Runkopatja_80.jpg?fit=1200%2C1200&ssl=1&resize=350%2C200","width":350,"height":200,"srcset":"https:\/\/i0.wp.com\/pohjanmaantehtaanmyymala.fi\/wp-content\/uploads\/2026\/02\/Uniikki_Runkopatja_80.jpg?fit=1200%2C1200&ssl=1&resize=350%2C200 1x, https:\/\/i0.wp.com\/pohjanmaantehtaanmyymala.fi\/wp-content\/uploads\/2026\/02\/Uniikki_Runkopatja_80.jpg?fit=1200%2C1200&ssl=1&resize=525%2C300 1.5x, https:\/\/i0.wp.com\/pohjanmaantehtaanmyymala.fi\/wp-content\/uploads\/2026\/02\/Uniikki_Runkopatja_80.jpg?fit=1200%2C1200&ssl=1&resize=700%2C400 2x, https:\/\/i0.wp.com\/pohjanmaantehtaanmyymala.fi\/wp-content\/uploads\/2026\/02\/Uniikki_Runkopatja_80.jpg?fit=1200%2C1200&ssl=1&resize=1050%2C600 3x"},"classes":[]},{"id":24890,"url":"https:\/\/pohjanmaantehtaanmyymala.fi\/sv\/tuote\/pilvipouta-runkopatja-120x200-cm\/","url_meta":{"origin":29241,"position":3},"title":"Pilvipouta runkopatja 120&#215;200 cm","author":"Miro Nevala","date":"februari 8, 2024","format":false,"excerpt":"Pussijousitettu runkos\u00e4nkykokonaisuus, johon sis\u00e4ltyy petauspatja ja jalkasarja.","rel":"","context":"Liknande produkt","block_context":{"text":"Liknande produkt","link":""},"img":{"alt_text":"Pilvi runkopatja 120x200 v\u00e4ri harmaa","src":"https:\/\/i0.wp.com\/pohjanmaantehtaanmyymala.fi\/wp-content\/uploads\/2024\/02\/PilviRp120-960dpi.jpg?fit=960%2C960&ssl=1&resize=350%2C200","width":350,"height":200,"srcset":"https:\/\/i0.wp.com\/pohjanmaantehtaanmyymala.fi\/wp-content\/uploads\/2024\/02\/PilviRp120-960dpi.jpg?fit=960%2C960&ssl=1&resize=350%2C200 1x, https:\/\/i0.wp.com\/pohjanmaantehtaanmyymala.fi\/wp-content\/uploads\/2024\/02\/PilviRp120-960dpi.jpg?fit=960%2C960&ssl=1&resize=525%2C300 1.5x, https:\/\/i0.wp.com\/pohjanmaantehtaanmyymala.fi\/wp-content\/uploads\/2024\/02\/PilviRp120-960dpi.jpg?fit=960%2C960&ssl=1&resize=700%2C400 2x"},"classes":[]},{"id":24974,"url":"https:\/\/pohjanmaantehtaanmyymala.fi\/sv\/tuote\/uniikki-plus-runkopatja-90x200-cm\/","url_meta":{"origin":29241,"position":4},"title":"UNIIKKI Plus runkopatja 90&#215;200 cm","author":"Miro Nevala","date":"februari 7, 2024","format":false,"excerpt":"Muhkea edullinen s\u00e4nky petauspatjalla nyt 90cm leve\u00e4n\u00e4!","rel":"","context":"Liknande produkt","block_context":{"text":"Liknande produkt","link":""},"img":{"alt_text":"Uniikki plus runkopatja petarille 90 cm","src":"https:\/\/i0.wp.com\/pohjanmaantehtaanmyymala.fi\/wp-content\/uploads\/2019\/09\/Uniikki-plus-90-1500jpg.jpg?fit=1200%2C1082&ssl=1&resize=350%2C200","width":350,"height":200,"srcset":"https:\/\/i0.wp.com\/pohjanmaantehtaanmyymala.fi\/wp-content\/uploads\/2019\/09\/Uniikki-plus-90-1500jpg.jpg?fit=1200%2C1082&ssl=1&resize=350%2C200 1x, https:\/\/i0.wp.com\/pohjanmaantehtaanmyymala.fi\/wp-content\/uploads\/2019\/09\/Uniikki-plus-90-1500jpg.jpg?fit=1200%2C1082&ssl=1&resize=525%2C300 1.5x, https:\/\/i0.wp.com\/pohjanmaantehtaanmyymala.fi\/wp-content\/uploads\/2019\/09\/Uniikki-plus-90-1500jpg.jpg?fit=1200%2C1082&ssl=1&resize=700%2C400 2x, https:\/\/i0.wp.com\/pohjanmaantehtaanmyymala.fi\/wp-content\/uploads\/2019\/09\/Uniikki-plus-90-1500jpg.jpg?fit=1200%2C1082&ssl=1&resize=1050%2C600 3x"},"classes":[]},{"id":10529,"url":"https:\/\/pohjanmaantehtaanmyymala.fi\/sv\/tuote\/uniikki-runkopatja-petauspatjalla\/","url_meta":{"origin":29241,"position":5},"title":"UNIIKKI &#8211; runkopatja 120 cm petauspatjalla","author":"petri","date":"september 14, 2019","format":false,"excerpt":"J\u00e4m\u00e4kk\u00e4 120 cm leve\u00e4\u00a0 Uniikki-runkopatja pussijousituksella ja 4 cm:n Uniikki -vaahtomuovisijauspatjalla. Tihe\u00e4n pussijousituksen ansiosta Uniikki- runkos\u00e4nky soveltuu my\u00f6s aikuiselle nukkujalle. Uniikki- runkos\u00e4nky on verhoiltu tyylikk\u00e4\u00e4n harmaalla kankaalla s\u00e4ngyn viimeistelee mustat tukevat puujalat. P\u00e4\u00e4ty ei sis\u00e4lly hintaan! P\u00e4\u00e4dyn hinta on n\u00e4ht\u00e4viss\u00e4 t\u00e4\u00e4lt\u00e4! Tuotetiedot: Runko: Havupuuta ja vaneria. Jousisto: Pussijousitus 250 jousta\/m2\u2026","rel":"","context":"Liknande produkt","block_context":{"text":"Liknande produkt","link":""},"img":{"alt_text":"Uniikki runkpatja 120 cm","src":"https:\/\/i0.wp.com\/pohjanmaantehtaanmyymala.fi\/wp-content\/uploads\/2019\/09\/Uniikki_Runkopatja_120.jpg?fit=1200%2C1094&ssl=1&resize=350%2C200","width":350,"height":200,"srcset":"https:\/\/i0.wp.com\/pohjanmaantehtaanmyymala.fi\/wp-content\/uploads\/2019\/09\/Uniikki_Runkopatja_120.jpg?fit=1200%2C1094&ssl=1&resize=350%2C200 1x, https:\/\/i0.wp.com\/pohjanmaantehtaanmyymala.fi\/wp-content\/uploads\/2019\/09\/Uniikki_Runkopatja_120.jpg?fit=1200%2C1094&ssl=1&resize=525%2C300 1.5x, https:\/\/i0.wp.com\/pohjanmaantehtaanmyymala.fi\/wp-content\/uploads\/2019\/09\/Uniikki_Runkopatja_120.jpg?fit=1200%2C1094&ssl=1&resize=700%2C400 2x, https:\/\/i0.wp.com\/pohjanmaantehtaanmyymala.fi\/wp-content\/uploads\/2019\/09\/Uniikki_Runkopatja_120.jpg?fit=1200%2C1094&ssl=1&resize=1050%2C600 3x"},"classes":[]}],"_links":{"self":[{"href":"https:\/\/pohjanmaantehtaanmyymala.fi\/sv\/wp-json\/wp\/v2\/product\/29241","targetHints":{"allow":["GET"]}}],"collection":[{"href":"https:\/\/pohjanmaantehtaanmyymala.fi\/sv\/wp-json\/wp\/v2\/product"}],"about":[{"href":"https:\/\/pohjanmaantehtaanmyymala.fi\/sv\/wp-json\/wp\/v2\/types\/product"}],"replies":[{"embeddable":true,"href":"https:\/\/pohjanmaantehtaanmyymala.fi\/sv\/wp-json\/wp\/v2\/comments?post=29241"}],"wp:featuredmedia":[{"embeddable":true,"href":"https:\/\/pohjanmaantehtaanmyymala.fi\/sv\/wp-json\/wp\/v2\/media\/29248"}],"wp:attachment":[{"href":"https:\/\/pohjanmaantehtaanmyymala.fi\/sv\/wp-json\/wp\/v2\/media?parent=29241"}],"wp:term":[{"taxonomy":"product_brand","embeddable":true,"href":"https:\/\/pohjanmaantehtaanmyymala.fi\/sv\/wp-json\/wp\/v2\/product_brand?post=29241"},{"taxonomy":"product_cat","embeddable":true,"href":"https:\/\/pohjanmaantehtaanmyymala.fi\/sv\/wp-json\/wp\/v2\/product_cat?post=29241"},{"taxonomy":"product_tag","embeddable":true,"href":"https:\/\/pohjanmaantehtaanmyymala.fi\/sv\/wp-json\/wp\/v2\/product_tag?post=29241"}],"curies":[{"name":"wp","href":"https:\/\/api.w.org\/{rel}","templated":true}]}}