{"id":28902,"date":"2025-10-02T12:31:25","date_gmt":"2025-10-02T10:31:25","guid":{"rendered":"https:\/\/pohjanmaantehtaanmyymala.fi\/?post_type=product&#038;p=28902"},"modified":"2026-02-04T11:00:59","modified_gmt":"2026-02-04T09:00:59","slug":"solo-tv-taso-166-cm-ruskea","status":"publish","type":"product","link":"https:\/\/pohjanmaantehtaanmyymala.fi\/sv\/tuote\/solo-tv-taso-166-cm-ruskea\/","title":{"rendered":"SOLO TV-taso 166 cm ruskea"},"content":{"rendered":"<p>Pelkistetyn 166 cm leve\u00e4n SOLO &#8211; TV-tason muotokieli on ajaton mutta tyylik\u00e4s ja useine v\u00e4rivaihtoehtoineen se sopiikin erilaisiin koteihin ja sisustuksiin. Tasossa on valmis l\u00e4pivienti johtoja varten ovet sulkeutuvat pehme\u00e4sti hidastinten ansiosta.<br \/>\nSaatavana my\u00f6s <a href=\"https:\/\/pohjanmaantehtaanmyymala.fi\/tuote\/solo-tv-taso-165\/\">valkoisena, mustana ja hunaja tammena.<\/a><\/p>\n<h3>Tuotetiedot:<\/h3>\n<p>Leveys: 166 cm<br \/>\nKorkeus: 59 cm<br \/>\nSysyys: 44,5 cm<\/p>\n<p>Solo TV-tason avo-osan ja ovikaapin mitat:<br \/>\n\u2013 Leveys 52,5 cm<br \/>\n\u2013 Korkeus 42 cm jaettu yhdell\u00e4 v\u00e4lihyllyll\u00e4<br \/>\n\u2013 Syvyys 42 cm<\/p>\n<p>Valmistettu pinnoitetusta mfc-kalustelevyst\u00e4.<br \/>\nMuovijalka 13 cm.<br \/>\nMetallivetimet.<br \/>\nToimitetaan osina paketissa.<\/p>\n","protected":false},"excerpt":{"rendered":"<p>Suomalainen edullinen mediataso!<\/p>\n","protected":false},"featured_media":28898,"comment_status":"closed","ping_status":"closed","template":"","meta":{"_acf_changed":false,"jetpack_post_was_ever_published":false,"jetpack_publicize_message":"","jetpack_publicize_feature_enabled":true,"jetpack_social_post_already_shared":true,"jetpack_social_options":{"image_generator_settings":{"template":"highway","default_image_id":0,"font":"","enabled":false},"version":2}},"product_brand":[172],"product_cat":[212,196],"product_tag":[],"class_list":{"0":"post-28902","1":"product","2":"type-product","3":"status-publish","4":"has-post-thumbnail","6":"product_brand-hiipakka","7":"product_cat-ajankohtaiset","8":"product_cat-sailytyskalusteet-ja-tv-tasot","9":"product_shipping_class-161","11":"first","12":"instock","13":"sale","14":"purchasable","15":"product-type-simple"},"acf":[],"jetpack_publicize_connections":[],"jetpack_sharing_enabled":true,"jetpack-related-posts":[{"id":22485,"url":"https:\/\/pohjanmaantehtaanmyymala.fi\/sv\/tuote\/solo-tv-taso-ovilla-166-cm\/","url_meta":{"origin":28902,"position":0},"title":"SOLO TV-taso ovilla 166 cm","author":"Sami Viitala","date":"februari 21, 2023","format":false,"excerpt":"Kotimainen edullinen taso, valitse v\u00e4ri alta!","rel":"","context":"Liknande produkt","block_context":{"text":"Liknande produkt","link":""},"img":{"alt_text":"Hiipakka Solo tv-taso 166 cm ovilla valkoinen","src":"https:\/\/i0.wp.com\/pohjanmaantehtaanmyymala.fi\/wp-content\/uploads\/2023\/02\/Solo_TV-Taso_ovilla_valkoinen.jpg?fit=960%2C960&ssl=1&resize=350%2C200","width":350,"height":200,"srcset":"https:\/\/i0.wp.com\/pohjanmaantehtaanmyymala.fi\/wp-content\/uploads\/2023\/02\/Solo_TV-Taso_ovilla_valkoinen.jpg?fit=960%2C960&ssl=1&resize=350%2C200 1x, https:\/\/i0.wp.com\/pohjanmaantehtaanmyymala.fi\/wp-content\/uploads\/2023\/02\/Solo_TV-Taso_ovilla_valkoinen.jpg?fit=960%2C960&ssl=1&resize=525%2C300 1.5x, https:\/\/i0.wp.com\/pohjanmaantehtaanmyymala.fi\/wp-content\/uploads\/2023\/02\/Solo_TV-Taso_ovilla_valkoinen.jpg?fit=960%2C960&ssl=1&resize=700%2C400 2x"},"classes":[]},{"id":23126,"url":"https:\/\/pohjanmaantehtaanmyymala.fi\/sv\/tuote\/solo-tv-taso-ovilla-166-cm-ruskea\/","url_meta":{"origin":28902,"position":1},"title":"SOLO TV-taso ovilla 166 cm ruskea","author":"Sami Viitala","date":"augusti 21, 2023","format":false,"excerpt":"Kotimainen edullinen taso.","rel":"","context":"Liknande produkt","block_context":{"text":"Liknande produkt","link":""},"img":{"alt_text":"Solo tv-taso ovilla ruskea","src":"https:\/\/i0.wp.com\/pohjanmaantehtaanmyymala.fi\/wp-content\/uploads\/2023\/08\/2000136202_20-Solo_TV-Taso_ovilla_20_2.jpg?fit=960%2C960&ssl=1&resize=350%2C200","width":350,"height":200,"srcset":"https:\/\/i0.wp.com\/pohjanmaantehtaanmyymala.fi\/wp-content\/uploads\/2023\/08\/2000136202_20-Solo_TV-Taso_ovilla_20_2.jpg?fit=960%2C960&ssl=1&resize=350%2C200 1x, https:\/\/i0.wp.com\/pohjanmaantehtaanmyymala.fi\/wp-content\/uploads\/2023\/08\/2000136202_20-Solo_TV-Taso_ovilla_20_2.jpg?fit=960%2C960&ssl=1&resize=525%2C300 1.5x, https:\/\/i0.wp.com\/pohjanmaantehtaanmyymala.fi\/wp-content\/uploads\/2023\/08\/2000136202_20-Solo_TV-Taso_ovilla_20_2.jpg?fit=960%2C960&ssl=1&resize=700%2C400 2x"},"classes":[]},{"id":8892,"url":"https:\/\/pohjanmaantehtaanmyymala.fi\/sv\/tuote\/solo-tv-taso-165\/","url_meta":{"origin":28902,"position":2},"title":"SOLO TV-taso 166 cm","author":"petri","date":"september 14, 2019","format":false,"excerpt":"Kotimainen edullinen mediataso, valitse v\u00e4ri alta!","rel":"","context":"Liknande produkt","block_context":{"text":"Liknande produkt","link":""},"img":{"alt_text":"Hiipakan Solo tv-taso 166 cm leve\u00e4 hunajatammi","src":"https:\/\/i0.wp.com\/pohjanmaantehtaanmyymala.fi\/wp-content\/uploads\/2019\/09\/Solo_TV-Taso_166_hunaja.jpg?fit=960%2C960&ssl=1&resize=350%2C200","width":350,"height":200,"srcset":"https:\/\/i0.wp.com\/pohjanmaantehtaanmyymala.fi\/wp-content\/uploads\/2019\/09\/Solo_TV-Taso_166_hunaja.jpg?fit=960%2C960&ssl=1&resize=350%2C200 1x, https:\/\/i0.wp.com\/pohjanmaantehtaanmyymala.fi\/wp-content\/uploads\/2019\/09\/Solo_TV-Taso_166_hunaja.jpg?fit=960%2C960&ssl=1&resize=525%2C300 1.5x, https:\/\/i0.wp.com\/pohjanmaantehtaanmyymala.fi\/wp-content\/uploads\/2019\/09\/Solo_TV-Taso_166_hunaja.jpg?fit=960%2C960&ssl=1&resize=700%2C400 2x"},"classes":[]},{"id":28888,"url":"https:\/\/pohjanmaantehtaanmyymala.fi\/sv\/tuote\/solo-tv-taso-220-cm-ruskea\/","url_meta":{"origin":28902,"position":3},"title":"SOLO TV-taso 220 cm ruskea","author":"Sami Viitala","date":"oktober 2, 2025","format":false,"excerpt":"Kotimainen tilava mediataso.","rel":"","context":"Liknande produkt","block_context":{"text":"Liknande produkt","link":""},"img":{"alt_text":"Hiipakka Solo tv-taso 220 cm ruskea","src":"https:\/\/i0.wp.com\/pohjanmaantehtaanmyymala.fi\/wp-content\/uploads\/2025\/10\/Solo_TV-Taso_220_ruskea.jpg?fit=1000%2C1000&ssl=1&resize=350%2C200","width":350,"height":200,"srcset":"https:\/\/i0.wp.com\/pohjanmaantehtaanmyymala.fi\/wp-content\/uploads\/2025\/10\/Solo_TV-Taso_220_ruskea.jpg?fit=1000%2C1000&ssl=1&resize=350%2C200 1x, https:\/\/i0.wp.com\/pohjanmaantehtaanmyymala.fi\/wp-content\/uploads\/2025\/10\/Solo_TV-Taso_220_ruskea.jpg?fit=1000%2C1000&ssl=1&resize=525%2C300 1.5x, https:\/\/i0.wp.com\/pohjanmaantehtaanmyymala.fi\/wp-content\/uploads\/2025\/10\/Solo_TV-Taso_220_ruskea.jpg?fit=1000%2C1000&ssl=1&resize=700%2C400 2x"},"classes":[]},{"id":8893,"url":"https:\/\/pohjanmaantehtaanmyymala.fi\/sv\/tuote\/solo-tv-taso-220\/","url_meta":{"origin":28902,"position":4},"title":"SOLO TV-taso 220 cm","author":"petri","date":"september 14, 2019","format":false,"excerpt":"Kotimainen tilava mediataso, valitse v\u00e4ri alta!","rel":"","context":"Liknande produkt","block_context":{"text":"Liknande produkt","link":""},"img":{"alt_text":"Hiipakka Solo tv-taso 220 cm musta maalattu","src":"https:\/\/i0.wp.com\/pohjanmaantehtaanmyymala.fi\/wp-content\/uploads\/2019\/09\/Solo_TV-Taso_220_mustamaal.jpg?fit=960%2C960&ssl=1&resize=350%2C200","width":350,"height":200,"srcset":"https:\/\/i0.wp.com\/pohjanmaantehtaanmyymala.fi\/wp-content\/uploads\/2019\/09\/Solo_TV-Taso_220_mustamaal.jpg?fit=960%2C960&ssl=1&resize=350%2C200 1x, https:\/\/i0.wp.com\/pohjanmaantehtaanmyymala.fi\/wp-content\/uploads\/2019\/09\/Solo_TV-Taso_220_mustamaal.jpg?fit=960%2C960&ssl=1&resize=525%2C300 1.5x, https:\/\/i0.wp.com\/pohjanmaantehtaanmyymala.fi\/wp-content\/uploads\/2019\/09\/Solo_TV-Taso_220_mustamaal.jpg?fit=960%2C960&ssl=1&resize=700%2C400 2x"},"classes":[]},{"id":22444,"url":"https:\/\/pohjanmaantehtaanmyymala.fi\/sv\/tuote\/solo-tv-taso-ovilla-220-cm\/","url_meta":{"origin":28902,"position":5},"title":"SOLO TV-taso ovilla 220 cm","author":"Sami Viitala","date":"februari 8, 2023","format":false,"excerpt":"Kotimainen tilava s\u00e4ilytystaso, valitse v\u00e4ri alta!","rel":"","context":"Liknande produkt","block_context":{"text":"Liknande produkt","link":""},"img":{"alt_text":"Hiipakka Solo tv-taso ovilla hunajatammi milj\u00f6\u00f6 kuvassa","src":"https:\/\/i0.wp.com\/pohjanmaantehtaanmyymala.fi\/wp-content\/uploads\/2023\/02\/Solo_TV-Taso_ovilla_miljoo.jpg?fit=960%2C960&ssl=1&resize=350%2C200","width":350,"height":200,"srcset":"https:\/\/i0.wp.com\/pohjanmaantehtaanmyymala.fi\/wp-content\/uploads\/2023\/02\/Solo_TV-Taso_ovilla_miljoo.jpg?fit=960%2C960&ssl=1&resize=350%2C200 1x, https:\/\/i0.wp.com\/pohjanmaantehtaanmyymala.fi\/wp-content\/uploads\/2023\/02\/Solo_TV-Taso_ovilla_miljoo.jpg?fit=960%2C960&ssl=1&resize=525%2C300 1.5x, https:\/\/i0.wp.com\/pohjanmaantehtaanmyymala.fi\/wp-content\/uploads\/2023\/02\/Solo_TV-Taso_ovilla_miljoo.jpg?fit=960%2C960&ssl=1&resize=700%2C400 2x"},"classes":[]}],"_links":{"self":[{"href":"https:\/\/pohjanmaantehtaanmyymala.fi\/sv\/wp-json\/wp\/v2\/product\/28902","targetHints":{"allow":["GET"]}}],"collection":[{"href":"https:\/\/pohjanmaantehtaanmyymala.fi\/sv\/wp-json\/wp\/v2\/product"}],"about":[{"href":"https:\/\/pohjanmaantehtaanmyymala.fi\/sv\/wp-json\/wp\/v2\/types\/product"}],"replies":[{"embeddable":true,"href":"https:\/\/pohjanmaantehtaanmyymala.fi\/sv\/wp-json\/wp\/v2\/comments?post=28902"}],"wp:featuredmedia":[{"embeddable":true,"href":"https:\/\/pohjanmaantehtaanmyymala.fi\/sv\/wp-json\/wp\/v2\/media\/28898"}],"wp:attachment":[{"href":"https:\/\/pohjanmaantehtaanmyymala.fi\/sv\/wp-json\/wp\/v2\/media?parent=28902"}],"wp:term":[{"taxonomy":"product_brand","embeddable":true,"href":"https:\/\/pohjanmaantehtaanmyymala.fi\/sv\/wp-json\/wp\/v2\/product_brand?post=28902"},{"taxonomy":"product_cat","embeddable":true,"href":"https:\/\/pohjanmaantehtaanmyymala.fi\/sv\/wp-json\/wp\/v2\/product_cat?post=28902"},{"taxonomy":"product_tag","embeddable":true,"href":"https:\/\/pohjanmaantehtaanmyymala.fi\/sv\/wp-json\/wp\/v2\/product_tag?post=28902"}],"curies":[{"name":"wp","href":"https:\/\/api.w.org\/{rel}","templated":true}]}}