{"id":28749,"date":"2025-09-24T13:19:41","date_gmt":"2025-09-24T11:19:41","guid":{"rendered":"https:\/\/pohjanmaantehtaanmyymala.fi\/?post_type=product&#038;p=28749"},"modified":"2025-11-11T15:31:22","modified_gmt":"2025-11-11T13:31:22","slug":"comfort-joustinpatjasetti-petauspatjalla-160x200-cm","status":"publish","type":"product","link":"https:\/\/pohjanmaantehtaanmyymala.fi\/sv\/tuote\/comfort-joustinpatjasetti-petauspatjalla-160x200-cm\/","title":{"rendered":"COMFORT joustinpatjasetti petauspatjalla 160&#215;200 cm"},"content":{"rendered":"<p>Kotimainen pussijousitettu joustinpatjasetti paksulla vaahtomuovipetauspatjalla. Sein\u00e4joella valmistetussa patjassa on laadukas viisivy\u00f6hykkeinen pussijousisto, josta valittavanasi on kaksi eri kovuutta: Hard ja Medium. Vy\u00f6hykejousisto korostaa vartalon my\u00f6t\u00e4ilevyytt\u00e4 ja vartalon tukevoimista.<br \/>\nHard j\u00e4ykkyys t\u00e4ss\u00e4 s\u00e4ngyss\u00e4 on eritt\u00e4in j\u00e4m\u00e4kk\u00e4 jonka ansiosta soveltuu hyvin painavammallekin nukkujalle tai kovasta patjasta pit\u00e4v\u00e4lle.<br \/>\nMukana toimitetaan pintapehmeytt\u00e4 antava paksu petauspatja.<\/p>\n<p>Patjat voi asentaa perinteiseen s\u00e4nkyyn, jossa patjakaukalon koko on v\u00e4hint\u00e4\u00e4n 200&#215;160 cm.<\/p>\n<p>Sis\u00e4lt\u00e4\u00e4: 2 kpl 80&#215;200 cm kokoista Comfort-joustinpatjaa ja 1 kpl 160&#215;200 cm kokoisen petauspatjan.<\/p>\n<p>Patjoja ja petarin voi ostaa my\u00f6s erikseen, kysy hintaa <a href=\"https:\/\/pohjanmaantehtaanmyymala.fi\/yhteys\/\">myynist\u00e4mme.<\/a><\/p>\n<p>Painosuositus:<br \/>\nMedium: alle 85 kg.<br \/>\nHard: 80 kg yl\u00f6sp\u00e4in tai kovasta s\u00e4ngyst\u00e4 pit\u00e4v\u00e4lle.<\/p>\n<h3>Tuotetiedot:<\/h3>\n<p>Jousitus: vy\u00f6hykepussijousitus, 260 jousta\/m2.<br \/>\nJoustinpatjan paksuus: n. 18 cm<br \/>\nVerhoilu: Grafiitin harmaa huonekalukangas patjan p\u00e4\u00e4ll\u00e4 joustokangas ikkuna antislip-pinnoitteella, joka est\u00e4\u00e4 petauspatja luisumista paikaltaan.<br \/>\nPetauspatja: 7 cm paksu profiloitu vaahtomuovi sijauspatja jonka p\u00e4\u00e4llinen on irrotettavissa.<br \/>\nTakuu: 10-vuotta jousituksella.<\/p>\n<p>Toimitetaan muoviin pakattuna.<\/p>\n","protected":false},"excerpt":{"rendered":"<p>Kotimainen Uness Comfort pussijousitettu 160 cm leve\u00e4 joustinpatjasetti paksulla vaahtomuovipetauspatjalla.<\/p>\n","protected":false},"featured_media":28753,"comment_status":"closed","ping_status":"closed","template":"","meta":{"_acf_changed":false,"jetpack_post_was_ever_published":false,"jetpack_publicize_message":"","jetpack_publicize_feature_enabled":true,"jetpack_social_post_already_shared":true,"jetpack_social_options":{"image_generator_settings":{"template":"highway","default_image_id":0,"font":"","enabled":false},"version":2}},"product_brand":[178],"product_cat":[198],"product_tag":[],"class_list":{"0":"post-28749","1":"product","2":"type-product","3":"status-publish","4":"has-post-thumbnail","6":"product_brand-uness","7":"product_cat-patjat-ja-sangyt","8":"product_shipping_class-161","9":"pa_malli-hard","10":"pa_malli-hard-medium","11":"pa_malli-medium","13":"first","14":"instock","15":"sale","16":"purchasable","17":"product-type-variable","18":"has-default-attributes"},"acf":[],"jetpack_publicize_connections":[],"jetpack_sharing_enabled":true,"jetpack-related-posts":[{"id":8929,"url":"https:\/\/pohjanmaantehtaanmyymala.fi\/sv\/tuote\/comfort-runkosanky-petauspatjalla-90x210cm\/","url_meta":{"origin":28749,"position":0},"title":"COMFORT \u2013 runkos\u00e4nky petauspatjalla  90&#215;210 cm","author":"petri","date":"september 14, 2019","format":false,"excerpt":"Kotimainen 210 cm pitk\u00e4 ja 90 cm leve\u00e4 Comfort- runkos\u00e4nkysetti paksulla petauspatjalla. Sein\u00e4joella valmistetussa s\u00e4ngyss\u00e4 on tukeva kaksoisjousitus valittavanasi on kaksi eri kovuutta: Hard ja Medium. Hard j\u00e4ykkyys t\u00e4ss\u00e4 s\u00e4ngyss\u00e4 on eritt\u00e4in j\u00e4m\u00e4kk\u00e4 jonka ansiosta soveltuu hyvin painavammallekin nukkujalle tai kovasta runkos\u00e4ngyst\u00e4 pit\u00e4v\u00e4lle. Runkopatjasetin mukana toimitetaan pintapehmeytt\u00e4 antava paksu petauspatja\u2026","rel":"","context":"Liknande produkt","block_context":{"text":"Liknande produkt","link":""},"img":{"alt_text":"","src":"https:\/\/i0.wp.com\/pohjanmaantehtaanmyymala.fi\/wp-content\/uploads\/2019\/09\/Rp-90-x-200-harmaa.jpg?fit=960%2C960&ssl=1&resize=350%2C200","width":350,"height":200,"srcset":"https:\/\/i0.wp.com\/pohjanmaantehtaanmyymala.fi\/wp-content\/uploads\/2019\/09\/Rp-90-x-200-harmaa.jpg?fit=960%2C960&ssl=1&resize=350%2C200 1x, https:\/\/i0.wp.com\/pohjanmaantehtaanmyymala.fi\/wp-content\/uploads\/2019\/09\/Rp-90-x-200-harmaa.jpg?fit=960%2C960&ssl=1&resize=525%2C300 1.5x, https:\/\/i0.wp.com\/pohjanmaantehtaanmyymala.fi\/wp-content\/uploads\/2019\/09\/Rp-90-x-200-harmaa.jpg?fit=960%2C960&ssl=1&resize=700%2C400 2x"},"classes":[]},{"id":8927,"url":"https:\/\/pohjanmaantehtaanmyymala.fi\/sv\/tuote\/comfort-runkosankysetti-petauspatjalla-180x210-cm\/","url_meta":{"origin":28749,"position":1},"title":"COMFORT \u2013 runkos\u00e4nkysetti petauspatjalla 180&#215;210 cm","author":"petri","date":"september 14, 2019","format":false,"excerpt":"Kotimainen 210 cm pitk\u00e4 ja 180 cm leve\u00e4 Comfort- runkos\u00e4nkysetti paksulla petauspatjalla. Sein\u00e4joella valmistetussa s\u00e4ngyss\u00e4 on tukeva kaksoisjousitus valittavanasi on kaksi eri kovuutta: Hard ja Medium. Hard j\u00e4ykkyys t\u00e4ss\u00e4 s\u00e4ngyss\u00e4 on eritt\u00e4in j\u00e4m\u00e4kk\u00e4 jonka ansiosta soveltuu hyvin painavammallekin nukkujalle tai kovasta runkos\u00e4ngyst\u00e4 pit\u00e4v\u00e4lle. Runkopatjasetin mukana toimitetaan pintapehmeytt\u00e4 antava paksu petauspatja\u2026","rel":"","context":"Liknande produkt","block_context":{"text":"Liknande produkt","link":""},"img":{"alt_text":"Parivuode silver","src":"https:\/\/i0.wp.com\/pohjanmaantehtaanmyymala.fi\/wp-content\/uploads\/2019\/09\/Parivuode-silver.jpg?fit=960%2C960&ssl=1&resize=350%2C200","width":350,"height":200,"srcset":"https:\/\/i0.wp.com\/pohjanmaantehtaanmyymala.fi\/wp-content\/uploads\/2019\/09\/Parivuode-silver.jpg?fit=960%2C960&ssl=1&resize=350%2C200 1x, https:\/\/i0.wp.com\/pohjanmaantehtaanmyymala.fi\/wp-content\/uploads\/2019\/09\/Parivuode-silver.jpg?fit=960%2C960&ssl=1&resize=525%2C300 1.5x, https:\/\/i0.wp.com\/pohjanmaantehtaanmyymala.fi\/wp-content\/uploads\/2019\/09\/Parivuode-silver.jpg?fit=960%2C960&ssl=1&resize=700%2C400 2x"},"classes":[]},{"id":24732,"url":"https:\/\/pohjanmaantehtaanmyymala.fi\/sv\/tuote\/eden-3-jenkkisankypaketti-160x200-cm-paadylla-ja-petauspatjalla\/","url_meta":{"origin":28749,"position":2},"title":"EDEN 3 jenkkis\u00e4nkypaketti 160&#215;200 cm p\u00e4\u00e4dyll\u00e4 ja petauspatjalla","author":"Sami Viitala","date":"januari 30, 2024","format":false,"excerpt":"Laadukas jenkkis\u00e4nky kahdella eri j\u00e4ykkyydell\u00e4.","rel":"","context":"Liknande produkt","block_context":{"text":"Liknande produkt","link":""},"img":{"alt_text":"Eden kolme jenkkis\u00e4nky 160 cm leve\u00e4 Comfort-p\u00e4\u00e4dyll\u00e4 v\u00e4ri antrasiitti","src":"https:\/\/i0.wp.com\/pohjanmaantehtaanmyymala.fi\/wp-content\/uploads\/2024\/01\/Eden3jenkkitppaaty-web.jpg?fit=960%2C960&ssl=1&resize=350%2C200","width":350,"height":200,"srcset":"https:\/\/i0.wp.com\/pohjanmaantehtaanmyymala.fi\/wp-content\/uploads\/2024\/01\/Eden3jenkkitppaaty-web.jpg?fit=960%2C960&ssl=1&resize=350%2C200 1x, https:\/\/i0.wp.com\/pohjanmaantehtaanmyymala.fi\/wp-content\/uploads\/2024\/01\/Eden3jenkkitppaaty-web.jpg?fit=960%2C960&ssl=1&resize=525%2C300 1.5x, https:\/\/i0.wp.com\/pohjanmaantehtaanmyymala.fi\/wp-content\/uploads\/2024\/01\/Eden3jenkkitppaaty-web.jpg?fit=960%2C960&ssl=1&resize=700%2C400 2x"},"classes":[]},{"id":24709,"url":"https:\/\/pohjanmaantehtaanmyymala.fi\/sv\/tuote\/eden-3-jenkkisanky-160x200-petauspatjalla\/","url_meta":{"origin":28749,"position":3},"title":"EDEN 3 jenkkis\u00e4nky 160&#215;200 cm petauspatjalla","author":"Miro Nevala","date":"januari 30, 2024","format":false,"excerpt":"Laadukas jenkkis\u00e4nky kahdella eri j\u00e4ykkyydell\u00e4.","rel":"","context":"Liknande produkt","block_context":{"text":"Liknande produkt","link":""},"img":{"alt_text":"Eden kolme jenkkis\u00e4nky 160 cm leve\u00e4 v\u00e4ri antrasiitti","src":"https:\/\/i0.wp.com\/pohjanmaantehtaanmyymala.fi\/wp-content\/uploads\/2024\/01\/Eden3_jenkki_tp-web.jpg?fit=960%2C960&ssl=1&resize=350%2C200","width":350,"height":200,"srcset":"https:\/\/i0.wp.com\/pohjanmaantehtaanmyymala.fi\/wp-content\/uploads\/2024\/01\/Eden3_jenkki_tp-web.jpg?fit=960%2C960&ssl=1&resize=350%2C200 1x, https:\/\/i0.wp.com\/pohjanmaantehtaanmyymala.fi\/wp-content\/uploads\/2024\/01\/Eden3_jenkki_tp-web.jpg?fit=960%2C960&ssl=1&resize=525%2C300 1.5x, https:\/\/i0.wp.com\/pohjanmaantehtaanmyymala.fi\/wp-content\/uploads\/2024\/01\/Eden3_jenkki_tp-web.jpg?fit=960%2C960&ssl=1&resize=700%2C400 2x"},"classes":[]},{"id":20165,"url":"https:\/\/pohjanmaantehtaanmyymala.fi\/sv\/tuote\/uniikki-ergo-runkopatjasetti-160x200-cm-petauspatjalla\/","url_meta":{"origin":28749,"position":4},"title":"Uniikki ergo runkopatjasetti 160&#215;200 cm petauspatjalla","author":"Sami Viitala","date":"mars 25, 2022","format":false,"excerpt":"Pintapaineita ehk\u00e4isev\u00e4 j\u00e4m\u00e4kk\u00e4 ergoline s\u00e4nky.","rel":"","context":"Liknande produkt","block_context":{"text":"Liknande produkt","link":""},"img":{"alt_text":"Ergoline s\u00e4nkysetti viskoelastisella petauspatjalla 160 cm leve\u00e4","src":"https:\/\/i0.wp.com\/pohjanmaantehtaanmyymala.fi\/wp-content\/uploads\/2022\/03\/Uniikki-Ergo-sankysetti-160cm.jpg?fit=960%2C960&ssl=1&resize=350%2C200","width":350,"height":200,"srcset":"https:\/\/i0.wp.com\/pohjanmaantehtaanmyymala.fi\/wp-content\/uploads\/2022\/03\/Uniikki-Ergo-sankysetti-160cm.jpg?fit=960%2C960&ssl=1&resize=350%2C200 1x, https:\/\/i0.wp.com\/pohjanmaantehtaanmyymala.fi\/wp-content\/uploads\/2022\/03\/Uniikki-Ergo-sankysetti-160cm.jpg?fit=960%2C960&ssl=1&resize=525%2C300 1.5x, https:\/\/i0.wp.com\/pohjanmaantehtaanmyymala.fi\/wp-content\/uploads\/2022\/03\/Uniikki-Ergo-sankysetti-160cm.jpg?fit=960%2C960&ssl=1&resize=700%2C400 2x"},"classes":[]},{"id":19128,"url":"https:\/\/pohjanmaantehtaanmyymala.fi\/sv\/tuote\/eden-5-vyohykejenkkisanky-160x200-cm-petauspatjalla\/","url_meta":{"origin":28749,"position":5},"title":"EDEN 5 vy\u00f6hykejenkkis\u00e4nky 160&#215;200 cm petauspatjalla","author":"Sami Viitala","date":"november 23, 2021","format":false,"excerpt":"Kotimainen j\u00e4m\u00e4kk\u00e4 jenkkis\u00e4nkypaketti. Valitse malli\/v\u00e4ri alta!","rel":"","context":"Liknande produkt","block_context":{"text":"Liknande produkt","link":""},"img":{"alt_text":"Eden viisi jenkkis\u00e4nky 160 cm leve\u00e4 v\u00e4ri antrasiitti","src":"https:\/\/i0.wp.com\/pohjanmaantehtaanmyymala.fi\/wp-content\/uploads\/2021\/11\/Eden5-jenkki-160.jpg?fit=1000%2C1000&ssl=1&resize=350%2C200","width":350,"height":200,"srcset":"https:\/\/i0.wp.com\/pohjanmaantehtaanmyymala.fi\/wp-content\/uploads\/2021\/11\/Eden5-jenkki-160.jpg?fit=1000%2C1000&ssl=1&resize=350%2C200 1x, https:\/\/i0.wp.com\/pohjanmaantehtaanmyymala.fi\/wp-content\/uploads\/2021\/11\/Eden5-jenkki-160.jpg?fit=1000%2C1000&ssl=1&resize=525%2C300 1.5x, https:\/\/i0.wp.com\/pohjanmaantehtaanmyymala.fi\/wp-content\/uploads\/2021\/11\/Eden5-jenkki-160.jpg?fit=1000%2C1000&ssl=1&resize=700%2C400 2x"},"classes":[]}],"_links":{"self":[{"href":"https:\/\/pohjanmaantehtaanmyymala.fi\/sv\/wp-json\/wp\/v2\/product\/28749","targetHints":{"allow":["GET"]}}],"collection":[{"href":"https:\/\/pohjanmaantehtaanmyymala.fi\/sv\/wp-json\/wp\/v2\/product"}],"about":[{"href":"https:\/\/pohjanmaantehtaanmyymala.fi\/sv\/wp-json\/wp\/v2\/types\/product"}],"replies":[{"embeddable":true,"href":"https:\/\/pohjanmaantehtaanmyymala.fi\/sv\/wp-json\/wp\/v2\/comments?post=28749"}],"wp:featuredmedia":[{"embeddable":true,"href":"https:\/\/pohjanmaantehtaanmyymala.fi\/sv\/wp-json\/wp\/v2\/media\/28753"}],"wp:attachment":[{"href":"https:\/\/pohjanmaantehtaanmyymala.fi\/sv\/wp-json\/wp\/v2\/media?parent=28749"}],"wp:term":[{"taxonomy":"product_brand","embeddable":true,"href":"https:\/\/pohjanmaantehtaanmyymala.fi\/sv\/wp-json\/wp\/v2\/product_brand?post=28749"},{"taxonomy":"product_cat","embeddable":true,"href":"https:\/\/pohjanmaantehtaanmyymala.fi\/sv\/wp-json\/wp\/v2\/product_cat?post=28749"},{"taxonomy":"product_tag","embeddable":true,"href":"https:\/\/pohjanmaantehtaanmyymala.fi\/sv\/wp-json\/wp\/v2\/product_tag?post=28749"}],"curies":[{"name":"wp","href":"https:\/\/api.w.org\/{rel}","templated":true}]}}