{"id":28628,"date":"2025-08-21T16:27:39","date_gmt":"2025-08-21T14:27:39","guid":{"rendered":"https:\/\/pohjanmaantehtaanmyymala.fi\/?post_type=product&#038;p=28628"},"modified":"2026-02-03T17:55:10","modified_gmt":"2026-02-03T15:55:10","slug":"eden-1-sankysetti-180x200-cm-muhkealla-petauspatjalla","status":"publish","type":"product","link":"https:\/\/pohjanmaantehtaanmyymala.fi\/sv\/tuote\/eden-1-sankysetti-180x200-cm-muhkealla-petauspatjalla\/","title":{"rendered":"EDEN 1 s\u00e4nkysetti 180&#215;200 cm muhkealla petauspatjalla"},"content":{"rendered":"<p>Kotimainen Eden 1 -runkos\u00e4nkysetti 8 cm paksulla profiloidulla sijauspatjalla.<\/p>\n<p>Hilding Andersin valmistamassa s\u00e4ngyssa on medium-pussijousitus<br \/>\nS\u00e4nkypakettiin kuuluu my\u00f6s mustat jalat.<\/p>\n<p>Eden 1-Runkopatjoja on saatavilla kolmessa ssa eri koossa, 80, 90, 120 ja 140 cm leve\u00e4n\u00e4.<\/p>\n<h3>Tuotetiedot:<\/h3>\n<p>Tiedot: Verhoiltu kest\u00e4v\u00e4ll\u00e4 harmaalla huonekalukankaalla.<br \/>\njousitus: Pussijousitettu. Jousen lankavahvuus 1,9mm, joita on 250kpl\/m2.<br \/>\nrunkomateriaali on valmistettu puusta\/vanerista.<br \/>\nTakuu: Puurungolle ja jousistolle 10-vuotta.<br \/>\nPetauspatja: Sisus profiloitua vaahtomuovia, irroitettava ja pest\u00e4v\u00e4 p\u00e4\u00e4llinen, paksuus 8 cm.<br \/>\nTuote on valmiiksi koottu.<br \/>\nPoistat pakkauksista ja ruuvaat vain jalat runkopatjaan kiinni, niin tuote on k\u00e4ytt\u00f6valmis.<\/p>\n<p>&nbsp;<\/p>\n","protected":false},"excerpt":{"rendered":"<p>T\u00e4st\u00e4 kotimainen laadukas s\u00e4nkysetti edullisesti!<\/p>\n","protected":false},"featured_media":28629,"comment_status":"closed","ping_status":"closed","template":"","meta":{"_acf_changed":false,"jetpack_post_was_ever_published":false,"jetpack_publicize_message":"","jetpack_publicize_feature_enabled":true,"jetpack_social_post_already_shared":true,"jetpack_social_options":{"image_generator_settings":{"template":"highway","default_image_id":0,"font":"","enabled":false},"version":2}},"product_brand":[203],"product_cat":[198],"product_tag":[],"class_list":{"0":"post-28628","1":"product","2":"type-product","3":"status-publish","4":"has-post-thumbnail","6":"product_brand-hilding","7":"product_cat-patjat-ja-sangyt","8":"product_shipping_class-161","10":"first","11":"instock","12":"sale","13":"purchasable","14":"product-type-simple"},"acf":[],"jetpack_publicize_connections":[],"jetpack_sharing_enabled":true,"jetpack-related-posts":[{"id":28618,"url":"https:\/\/pohjanmaantehtaanmyymala.fi\/sv\/tuote\/eden-1-sankysetti-160x200-cm-muhkealla-petauspatjalla\/","url_meta":{"origin":28628,"position":0},"title":"EDEN 1 s\u00e4nkysetti 160&#215;200 cm muhkealla petauspatjalla","author":"Sami Viitala","date":"augusti 21, 2025","format":false,"excerpt":"T\u00e4st\u00e4 kotimainen laadukas runkos\u00e4nkysetti edullisesti!","rel":"","context":"Liknande produkt","block_context":{"text":"Liknande produkt","link":""},"img":{"alt_text":"Hilding Eden runkopatjasetti leveys 160 cm muhkealla 8 cm paksulla petauspatjalla ja mustilla jaloilla.","src":"https:\/\/i0.wp.com\/pohjanmaantehtaanmyymala.fi\/wp-content\/uploads\/2025\/08\/Eden1-runkosanky-160cm.jpg?fit=1000%2C1000&ssl=1&resize=350%2C200","width":350,"height":200,"srcset":"https:\/\/i0.wp.com\/pohjanmaantehtaanmyymala.fi\/wp-content\/uploads\/2025\/08\/Eden1-runkosanky-160cm.jpg?fit=1000%2C1000&ssl=1&resize=350%2C200 1x, https:\/\/i0.wp.com\/pohjanmaantehtaanmyymala.fi\/wp-content\/uploads\/2025\/08\/Eden1-runkosanky-160cm.jpg?fit=1000%2C1000&ssl=1&resize=525%2C300 1.5x, https:\/\/i0.wp.com\/pohjanmaantehtaanmyymala.fi\/wp-content\/uploads\/2025\/08\/Eden1-runkosanky-160cm.jpg?fit=1000%2C1000&ssl=1&resize=700%2C400 2x"},"classes":[]},{"id":28666,"url":"https:\/\/pohjanmaantehtaanmyymala.fi\/sv\/tuote\/eden-1-runkosanky-120x200-cm-muhkealla-petauspatjalla\/","url_meta":{"origin":28628,"position":1},"title":"EDEN 1 runkos\u00e4nky 120&#215;200 cm muhkealla petauspatjalla","author":"Sami Viitala","date":"augusti 22, 2025","format":false,"excerpt":"Hilding Andersin valmistamassa s\u00e4ngyssa on vartola tukeva pussijousitus.","rel":"","context":"Liknande produkt","block_context":{"text":"Liknande produkt","link":""},"img":{"alt_text":"Hildind Anders Eden 120 cm leve\u00e4 runkos\u00e4nky petauspatjalla ja mustilla jaloilla.","src":"https:\/\/i0.wp.com\/pohjanmaantehtaanmyymala.fi\/wp-content\/uploads\/2025\/08\/Eden_1_runkopatja_120.jpg?fit=1000%2C1000&ssl=1&resize=350%2C200","width":350,"height":200,"srcset":"https:\/\/i0.wp.com\/pohjanmaantehtaanmyymala.fi\/wp-content\/uploads\/2025\/08\/Eden_1_runkopatja_120.jpg?fit=1000%2C1000&ssl=1&resize=350%2C200 1x, https:\/\/i0.wp.com\/pohjanmaantehtaanmyymala.fi\/wp-content\/uploads\/2025\/08\/Eden_1_runkopatja_120.jpg?fit=1000%2C1000&ssl=1&resize=525%2C300 1.5x, https:\/\/i0.wp.com\/pohjanmaantehtaanmyymala.fi\/wp-content\/uploads\/2025\/08\/Eden_1_runkopatja_120.jpg?fit=1000%2C1000&ssl=1&resize=700%2C400 2x"},"classes":[]},{"id":20165,"url":"https:\/\/pohjanmaantehtaanmyymala.fi\/sv\/tuote\/uniikki-ergo-runkopatjasetti-160x200-cm-petauspatjalla\/","url_meta":{"origin":28628,"position":2},"title":"Uniikki ergo runkopatjasetti 160&#215;200 cm petauspatjalla","author":"Sami Viitala","date":"mars 25, 2022","format":false,"excerpt":"Pintapaineita ehk\u00e4isev\u00e4 j\u00e4m\u00e4kk\u00e4 ergoline s\u00e4nky.","rel":"","context":"Liknande produkt","block_context":{"text":"Liknande produkt","link":""},"img":{"alt_text":"Ergoline s\u00e4nkysetti viskoelastisella petauspatjalla 160 cm leve\u00e4","src":"https:\/\/i0.wp.com\/pohjanmaantehtaanmyymala.fi\/wp-content\/uploads\/2022\/03\/Uniikki-Ergo-sankysetti-160cm.jpg?fit=960%2C960&ssl=1&resize=350%2C200","width":350,"height":200,"srcset":"https:\/\/i0.wp.com\/pohjanmaantehtaanmyymala.fi\/wp-content\/uploads\/2022\/03\/Uniikki-Ergo-sankysetti-160cm.jpg?fit=960%2C960&ssl=1&resize=350%2C200 1x, https:\/\/i0.wp.com\/pohjanmaantehtaanmyymala.fi\/wp-content\/uploads\/2022\/03\/Uniikki-Ergo-sankysetti-160cm.jpg?fit=960%2C960&ssl=1&resize=525%2C300 1.5x, https:\/\/i0.wp.com\/pohjanmaantehtaanmyymala.fi\/wp-content\/uploads\/2022\/03\/Uniikki-Ergo-sankysetti-160cm.jpg?fit=960%2C960&ssl=1&resize=700%2C400 2x"},"classes":[]},{"id":20181,"url":"https:\/\/pohjanmaantehtaanmyymala.fi\/sv\/tuote\/uniikki-ergo-runkopatjasetti-180x200-cm-petauspatjalla\/","url_meta":{"origin":28628,"position":3},"title":"Uniikki ergo runkopatjasetti 180&#215;200 cm petauspatjalla","author":"Sami Viitala","date":"mars 25, 2022","format":false,"excerpt":"Pintapaineita ehk\u00e4isev\u00e4 j\u00e4m\u00e4kk\u00e4 ergoline s\u00e4nky.","rel":"","context":"Liknande produkt","block_context":{"text":"Liknande produkt","link":""},"img":{"alt_text":"Ergoline s\u00e4nkysetti viskoelastisella petauspatjalla 180 cm leve\u00e4","src":"https:\/\/i0.wp.com\/pohjanmaantehtaanmyymala.fi\/wp-content\/uploads\/2022\/03\/Uniikki-Ergo-sankysetti-160cm-1.jpg?fit=960%2C960&ssl=1&resize=350%2C200","width":350,"height":200,"srcset":"https:\/\/i0.wp.com\/pohjanmaantehtaanmyymala.fi\/wp-content\/uploads\/2022\/03\/Uniikki-Ergo-sankysetti-160cm-1.jpg?fit=960%2C960&ssl=1&resize=350%2C200 1x, https:\/\/i0.wp.com\/pohjanmaantehtaanmyymala.fi\/wp-content\/uploads\/2022\/03\/Uniikki-Ergo-sankysetti-160cm-1.jpg?fit=960%2C960&ssl=1&resize=525%2C300 1.5x, https:\/\/i0.wp.com\/pohjanmaantehtaanmyymala.fi\/wp-content\/uploads\/2022\/03\/Uniikki-Ergo-sankysetti-160cm-1.jpg?fit=960%2C960&ssl=1&resize=700%2C400 2x"},"classes":[]},{"id":10401,"url":"https:\/\/pohjanmaantehtaanmyymala.fi\/sv\/tuote\/aina-viskoelastinen-runkopatjasetti-160-cm-levea\/","url_meta":{"origin":28628,"position":4},"title":"EDEN 7 ergo runkopatjasetti 160&#215;200 cm","author":"petri","date":"september 14, 2019","format":false,"excerpt":"T\u00e4ysin jouseton Eden 7 ergo -runkos\u00e4nky l\u00e4mm\u00f6n ja nukkujan painon mukaan muotoutuvalla viskovaahtomuovi -rakenteella. T\u00e4m\u00e4 ergonominen s\u00e4nkysetti sis\u00e4lt\u00e4\u00e4 160 cm leve\u00e4n Ecxlusive-petauspatjan kaksi 80 cm leve\u00e4\u00e4 runkopatjaa ja jalat. Eden 7 -runkopatjoissa ylempi kerros on l\u00e4mp\u00f6\u00f6n reagoivaa korkealaatuista ja kest\u00e4v\u00e4\u00e4 pienisoluista viskoosimateriaalia joka palautuu muotoonsa noustuasi patjalta. Viskoelastisen kerroksen alla\u2026","rel":"","context":"Liknande produkt","block_context":{"text":"Liknande produkt","link":""},"img":{"alt_text":"Eden 7 muotoutuva runkos\u00e4nkykokonaisuus Exclusive-petauspatjalla 160 x200 cm","src":"https:\/\/i0.wp.com\/pohjanmaantehtaanmyymala.fi\/wp-content\/uploads\/2019\/09\/Hilding-Ergo_eden_7_muotoutuva_runkopatjasetti.jpg?fit=1200%2C914&ssl=1&resize=350%2C200","width":350,"height":200,"srcset":"https:\/\/i0.wp.com\/pohjanmaantehtaanmyymala.fi\/wp-content\/uploads\/2019\/09\/Hilding-Ergo_eden_7_muotoutuva_runkopatjasetti.jpg?fit=1200%2C914&ssl=1&resize=350%2C200 1x, https:\/\/i0.wp.com\/pohjanmaantehtaanmyymala.fi\/wp-content\/uploads\/2019\/09\/Hilding-Ergo_eden_7_muotoutuva_runkopatjasetti.jpg?fit=1200%2C914&ssl=1&resize=525%2C300 1.5x, https:\/\/i0.wp.com\/pohjanmaantehtaanmyymala.fi\/wp-content\/uploads\/2019\/09\/Hilding-Ergo_eden_7_muotoutuva_runkopatjasetti.jpg?fit=1200%2C914&ssl=1&resize=700%2C400 2x, https:\/\/i0.wp.com\/pohjanmaantehtaanmyymala.fi\/wp-content\/uploads\/2019\/09\/Hilding-Ergo_eden_7_muotoutuva_runkopatjasetti.jpg?fit=1200%2C914&ssl=1&resize=1050%2C600 3x"},"classes":[]},{"id":10863,"url":"https:\/\/pohjanmaantehtaanmyymala.fi\/sv\/tuote\/eden-1-runkosanky\/","url_meta":{"origin":28628,"position":5},"title":"EDEN 1 runkos\u00e4nky 80&#215;200 cm petauspatjalla","author":"petri","date":"september 14, 2019","format":false,"excerpt":"T\u00e4st\u00e4 kotimainen laadukas runkos\u00e4nkysetti edullisesti!","rel":"","context":"Liknande produkt","block_context":{"text":"Liknande produkt","link":""},"img":{"alt_text":"","src":"https:\/\/i0.wp.com\/pohjanmaantehtaanmyymala.fi\/wp-content\/uploads\/2019\/09\/Eden1-runkopatja.jpg?fit=960%2C960&ssl=1&resize=350%2C200","width":350,"height":200,"srcset":"https:\/\/i0.wp.com\/pohjanmaantehtaanmyymala.fi\/wp-content\/uploads\/2019\/09\/Eden1-runkopatja.jpg?fit=960%2C960&ssl=1&resize=350%2C200 1x, https:\/\/i0.wp.com\/pohjanmaantehtaanmyymala.fi\/wp-content\/uploads\/2019\/09\/Eden1-runkopatja.jpg?fit=960%2C960&ssl=1&resize=525%2C300 1.5x, https:\/\/i0.wp.com\/pohjanmaantehtaanmyymala.fi\/wp-content\/uploads\/2019\/09\/Eden1-runkopatja.jpg?fit=960%2C960&ssl=1&resize=700%2C400 2x"},"classes":[]}],"_links":{"self":[{"href":"https:\/\/pohjanmaantehtaanmyymala.fi\/sv\/wp-json\/wp\/v2\/product\/28628","targetHints":{"allow":["GET"]}}],"collection":[{"href":"https:\/\/pohjanmaantehtaanmyymala.fi\/sv\/wp-json\/wp\/v2\/product"}],"about":[{"href":"https:\/\/pohjanmaantehtaanmyymala.fi\/sv\/wp-json\/wp\/v2\/types\/product"}],"replies":[{"embeddable":true,"href":"https:\/\/pohjanmaantehtaanmyymala.fi\/sv\/wp-json\/wp\/v2\/comments?post=28628"}],"wp:featuredmedia":[{"embeddable":true,"href":"https:\/\/pohjanmaantehtaanmyymala.fi\/sv\/wp-json\/wp\/v2\/media\/28629"}],"wp:attachment":[{"href":"https:\/\/pohjanmaantehtaanmyymala.fi\/sv\/wp-json\/wp\/v2\/media?parent=28628"}],"wp:term":[{"taxonomy":"product_brand","embeddable":true,"href":"https:\/\/pohjanmaantehtaanmyymala.fi\/sv\/wp-json\/wp\/v2\/product_brand?post=28628"},{"taxonomy":"product_cat","embeddable":true,"href":"https:\/\/pohjanmaantehtaanmyymala.fi\/sv\/wp-json\/wp\/v2\/product_cat?post=28628"},{"taxonomy":"product_tag","embeddable":true,"href":"https:\/\/pohjanmaantehtaanmyymala.fi\/sv\/wp-json\/wp\/v2\/product_tag?post=28628"}],"curies":[{"name":"wp","href":"https:\/\/api.w.org\/{rel}","templated":true}]}}