{"id":28553,"date":"2025-07-10T14:42:15","date_gmt":"2025-07-10T12:42:15","guid":{"rendered":"https:\/\/pohjanmaantehtaanmyymala.fi\/?post_type=product&#038;p=28553"},"modified":"2025-08-13T14:52:26","modified_gmt":"2025-08-13T12:52:26","slug":"senna-vuodesohva-gripsholm-kankaalla","status":"publish","type":"product","link":"https:\/\/pohjanmaantehtaanmyymala.fi\/sv\/tuote\/senna-vuodesohva-gripsholm-kankaalla\/","title":{"rendered":"Senna-vuodesohva Gripsholm-kankaalla"},"content":{"rendered":"<p>Ermatikon valmistama Senna-vuodesohvassa on helppotoimintoinen vuodemekanismi ja kauniit napipetut selk\u00e4tyynyt. Sohva on mukava istuinmukavuudeltaan ja ryhdik\u00e4s ulkon\u00e4\u00f6lt\u00e4\u00e4n. Sennasta saa tehty\u00e4 tilavan varavuoteen k\u00e4den k\u00e4\u00e4nteess\u00e4. Lis\u00e4ksi sohvan istuimen alle j\u00e4\u00e4 k\u00e4tev\u00e4 vuodevaatelaatikko, jossa voi s\u00e4ilytt\u00e4\u00e4 vaikka tyynyj\u00e4 ja peittoja.<\/p>\n<p>Senna-vuodesohva on verhoiltu upealla Gripsholm -puuvillakankaalla.<\/p>\n<p>Vuodesohvaa on saatavilla lukuisilla eri kankailla. Kysy tarjous <a href=\"https:\/\/pohjanmaantehtaanmyymala.fi\/yhteys\/\">myynnist\u00e4mme!<\/a><\/p>\n<h3>Tuotetiedot:<\/h3>\n<p><a href=\"https:\/\/ermatiko.ee\/wp-content\/uploads\/2018\/02\/Ermatiko-tooteleht-Senna_ENG-2018_4.pdf\" target=\"_blank\" rel=\"noopener noreferrer\">Lataa Senna-tuotekortti t\u00e4st\u00e4!<\/a><\/p>\n<p>Lev. 224 cm, Kork. 96 cm, Syv. 93 cm.<br \/>\nIstuinsyvyys 55 cm.<br \/>\nIstuinkorkeus 49 cm.<br \/>\nVuodekoko 200&#215;140 cm<br \/>\nRunko: Massiivipuu, vaneri ja kovalevy.<br \/>\nIstuimet: Joustamaton pohjakangas,HR35 vaahtomuovi.<br \/>\nSelk\u00e4tyynyt: Vanut\u00e4yte, k\u00e4\u00e4nnett\u00e4v\u00e4t tyynyt<br \/>\nKangas: Gripsholm, 100 % puuvilla<\/p>\n<p>Toimitetaan jalat irrallaan.<\/p>\n<p>Toimitusaika on nyt noin 7 viikkoa tilauksesta.<\/p>\n<p>Toimitamme sohvat kaikkialle Suomeen.<\/p>\n","protected":false},"excerpt":{"rendered":"<p>Hulppea vuodesohva hyv\u00e4ll\u00e4 vuodemekanismilla.<\/p>\n","protected":false},"featured_media":28557,"comment_status":"closed","ping_status":"closed","template":"","meta":{"_acf_changed":false,"jetpack_post_was_ever_published":false,"jetpack_publicize_message":"","jetpack_publicize_feature_enabled":true,"jetpack_social_post_already_shared":true,"jetpack_social_options":{"image_generator_settings":{"template":"highway","default_image_id":0,"font":"","enabled":false},"version":2}},"product_brand":[208],"product_cat":[201,193],"product_tag":[],"class_list":{"0":"post-28553","1":"product","2":"type-product","3":"status-publish","4":"has-post-thumbnail","6":"product_brand-ermatiko","7":"product_cat-sohvat","8":"product_cat-vuodesohvat","9":"product_shipping_class-161","11":"first","12":"instock","13":"sale","14":"purchasable","15":"product-type-simple"},"acf":[],"jetpack_publicize_connections":[],"jetpack_sharing_enabled":true,"jetpack-related-posts":[{"id":17868,"url":"https:\/\/pohjanmaantehtaanmyymala.fi\/sv\/tuote\/sienna-vuodesohva-connect-kankaalla\/","url_meta":{"origin":28553,"position":0},"title":"Senna-vuodesohva Hygge-kankaalla","author":"Sami Viitala","date":"augusti 26, 2021","format":false,"excerpt":"Helppotoiminen vuodesohva hyv\u00e4ll\u00e4 istuinmukavuudella.","rel":"","context":"Liknande produkt","block_context":{"text":"Liknande produkt","link":""},"img":{"alt_text":"Ermatiko Senna vuodesohva harmaa kangas","src":"https:\/\/i0.wp.com\/pohjanmaantehtaanmyymala.fi\/wp-content\/uploads\/2021\/08\/senna-vuodesohva-harmaa.jpg?fit=1000%2C1000&ssl=1&resize=350%2C200","width":350,"height":200,"srcset":"https:\/\/i0.wp.com\/pohjanmaantehtaanmyymala.fi\/wp-content\/uploads\/2021\/08\/senna-vuodesohva-harmaa.jpg?fit=1000%2C1000&ssl=1&resize=350%2C200 1x, https:\/\/i0.wp.com\/pohjanmaantehtaanmyymala.fi\/wp-content\/uploads\/2021\/08\/senna-vuodesohva-harmaa.jpg?fit=1000%2C1000&ssl=1&resize=525%2C300 1.5x, https:\/\/i0.wp.com\/pohjanmaantehtaanmyymala.fi\/wp-content\/uploads\/2021\/08\/senna-vuodesohva-harmaa.jpg?fit=1000%2C1000&ssl=1&resize=700%2C400 2x"},"classes":[]},{"id":23896,"url":"https:\/\/pohjanmaantehtaanmyymala.fi\/sv\/tuote\/senna-vuodesohva-milton-kankaalla\/","url_meta":{"origin":28553,"position":1},"title":"Senna-vuodesohva Milton-kankaalla","author":"Sami Viitala","date":"oktober 26, 2023","format":false,"excerpt":"Iso vuodesohva hyv\u00e4ll\u00e4 istuinmukavuudella.","rel":"","context":"Liknande produkt","block_context":{"text":"Liknande produkt","link":""},"img":{"alt_text":"Senna vuodesohva harmaalla kankaalla","src":"https:\/\/i0.wp.com\/pohjanmaantehtaanmyymala.fi\/wp-content\/uploads\/2023\/10\/Senna-vuodesohva.jpg?fit=960%2C960&ssl=1&resize=350%2C200","width":350,"height":200,"srcset":"https:\/\/i0.wp.com\/pohjanmaantehtaanmyymala.fi\/wp-content\/uploads\/2023\/10\/Senna-vuodesohva.jpg?fit=960%2C960&ssl=1&resize=350%2C200 1x, https:\/\/i0.wp.com\/pohjanmaantehtaanmyymala.fi\/wp-content\/uploads\/2023\/10\/Senna-vuodesohva.jpg?fit=960%2C960&ssl=1&resize=525%2C300 1.5x, https:\/\/i0.wp.com\/pohjanmaantehtaanmyymala.fi\/wp-content\/uploads\/2023\/10\/Senna-vuodesohva.jpg?fit=960%2C960&ssl=1&resize=700%2C400 2x"},"classes":[]},{"id":25123,"url":"https:\/\/pohjanmaantehtaanmyymala.fi\/sv\/tuote\/dolphin-vuodesohva-kangasverhoilulla\/","url_meta":{"origin":28553,"position":2},"title":"Dolphin vuodesohva kangasverhoilulla","author":"Miro Nevala","date":"mars 4, 2024","format":false,"excerpt":"Upea kangasvuodesohva mekanismilla useilla v\u00e4rivaihtoehdoilla!","rel":"","context":"Liknande produkt","block_context":{"text":"Liknande produkt","link":""},"img":{"alt_text":"Pohjanmaan Dolphin vuodesohva","src":"https:\/\/i0.wp.com\/pohjanmaantehtaanmyymala.fi\/wp-content\/uploads\/2024\/02\/Pohjanmaan-Dolphin-vuodesohva-960dpi.jpg?fit=960%2C960&ssl=1&resize=350%2C200","width":350,"height":200,"srcset":"https:\/\/i0.wp.com\/pohjanmaantehtaanmyymala.fi\/wp-content\/uploads\/2024\/02\/Pohjanmaan-Dolphin-vuodesohva-960dpi.jpg?fit=960%2C960&ssl=1&resize=350%2C200 1x, https:\/\/i0.wp.com\/pohjanmaantehtaanmyymala.fi\/wp-content\/uploads\/2024\/02\/Pohjanmaan-Dolphin-vuodesohva-960dpi.jpg?fit=960%2C960&ssl=1&resize=525%2C300 1.5x, https:\/\/i0.wp.com\/pohjanmaantehtaanmyymala.fi\/wp-content\/uploads\/2024\/02\/Pohjanmaan-Dolphin-vuodesohva-960dpi.jpg?fit=960%2C960&ssl=1&resize=700%2C400 2x"},"classes":[]},{"id":26381,"url":"https:\/\/pohjanmaantehtaanmyymala.fi\/sv\/tuote\/fantasy-level-2-istuttava-vuodesohva\/","url_meta":{"origin":28553,"position":3},"title":"Fantasy Level 2-istuttava vuodesohva","author":"Miro Nevala","date":"augusti 29, 2024","format":false,"excerpt":"2-istuttava sohva k\u00e4tev\u00e4ll\u00e4 vuodemekanismilla!","rel":"","context":"Liknande produkt","block_context":{"text":"Liknande produkt","link":""},"img":{"alt_text":"Fantasy level 152cm milj\u00f6\u00f6","src":"https:\/\/i0.wp.com\/pohjanmaantehtaanmyymala.fi\/wp-content\/uploads\/2024\/03\/Fantasy_level-152cm-miljoo.jpg?fit=960%2C960&ssl=1&resize=350%2C200","width":350,"height":200,"srcset":"https:\/\/i0.wp.com\/pohjanmaantehtaanmyymala.fi\/wp-content\/uploads\/2024\/03\/Fantasy_level-152cm-miljoo.jpg?fit=960%2C960&ssl=1&resize=350%2C200 1x, https:\/\/i0.wp.com\/pohjanmaantehtaanmyymala.fi\/wp-content\/uploads\/2024\/03\/Fantasy_level-152cm-miljoo.jpg?fit=960%2C960&ssl=1&resize=525%2C300 1.5x, https:\/\/i0.wp.com\/pohjanmaantehtaanmyymala.fi\/wp-content\/uploads\/2024\/03\/Fantasy_level-152cm-miljoo.jpg?fit=960%2C960&ssl=1&resize=700%2C400 2x"},"classes":[]},{"id":25219,"url":"https:\/\/pohjanmaantehtaanmyymala.fi\/sv\/tuote\/harmony-vuodesohva-austin-kankaalla\/","url_meta":{"origin":28553,"position":4},"title":"Harmony vuodesohva Austin-kankaalla","author":"Miro Nevala","date":"februari 13, 2024","format":false,"excerpt":"Upea vuodesohva mekanismilla useilla v\u00e4rivaihtoehdoilla!","rel":"","context":"Liknande produkt","block_context":{"text":"Liknande produkt","link":""},"img":{"alt_text":"Harmony vuodesohva edest\u00e4p\u00e4in","src":"https:\/\/i0.wp.com\/pohjanmaantehtaanmyymala.fi\/wp-content\/uploads\/2024\/02\/Harmony-vuodesohva-1-960dpi.jpg?fit=960%2C960&ssl=1&resize=350%2C200","width":350,"height":200,"srcset":"https:\/\/i0.wp.com\/pohjanmaantehtaanmyymala.fi\/wp-content\/uploads\/2024\/02\/Harmony-vuodesohva-1-960dpi.jpg?fit=960%2C960&ssl=1&resize=350%2C200 1x, https:\/\/i0.wp.com\/pohjanmaantehtaanmyymala.fi\/wp-content\/uploads\/2024\/02\/Harmony-vuodesohva-1-960dpi.jpg?fit=960%2C960&ssl=1&resize=525%2C300 1.5x, https:\/\/i0.wp.com\/pohjanmaantehtaanmyymala.fi\/wp-content\/uploads\/2024\/02\/Harmony-vuodesohva-1-960dpi.jpg?fit=960%2C960&ssl=1&resize=700%2C400 2x"},"classes":[]},{"id":19624,"url":"https:\/\/pohjanmaantehtaanmyymala.fi\/sv\/tuote\/art-vuodesohva-inari-kankaalla\/","url_meta":{"origin":28553,"position":5},"title":"Art vuodesohva Inari-kankaalla","author":"Sami Viitala","date":"januari 23, 2022","format":false,"excerpt":"Vuodesohva, jossa on helppotoiminen vuodemekanismi. Saatavana eri v\u00e4reill\u00e4.","rel":"","context":"Liknande produkt","block_context":{"text":"Liknande produkt","link":""},"img":{"alt_text":"Art vuodesohva inari-kangas harmaa","src":"https:\/\/i0.wp.com\/pohjanmaantehtaanmyymala.fi\/wp-content\/uploads\/2022\/01\/art_vuodesohva_inari.jpg?fit=960%2C960&ssl=1&resize=350%2C200","width":350,"height":200,"srcset":"https:\/\/i0.wp.com\/pohjanmaantehtaanmyymala.fi\/wp-content\/uploads\/2022\/01\/art_vuodesohva_inari.jpg?fit=960%2C960&ssl=1&resize=350%2C200 1x, https:\/\/i0.wp.com\/pohjanmaantehtaanmyymala.fi\/wp-content\/uploads\/2022\/01\/art_vuodesohva_inari.jpg?fit=960%2C960&ssl=1&resize=525%2C300 1.5x, https:\/\/i0.wp.com\/pohjanmaantehtaanmyymala.fi\/wp-content\/uploads\/2022\/01\/art_vuodesohva_inari.jpg?fit=960%2C960&ssl=1&resize=700%2C400 2x"},"classes":[]}],"_links":{"self":[{"href":"https:\/\/pohjanmaantehtaanmyymala.fi\/sv\/wp-json\/wp\/v2\/product\/28553","targetHints":{"allow":["GET"]}}],"collection":[{"href":"https:\/\/pohjanmaantehtaanmyymala.fi\/sv\/wp-json\/wp\/v2\/product"}],"about":[{"href":"https:\/\/pohjanmaantehtaanmyymala.fi\/sv\/wp-json\/wp\/v2\/types\/product"}],"replies":[{"embeddable":true,"href":"https:\/\/pohjanmaantehtaanmyymala.fi\/sv\/wp-json\/wp\/v2\/comments?post=28553"}],"wp:featuredmedia":[{"embeddable":true,"href":"https:\/\/pohjanmaantehtaanmyymala.fi\/sv\/wp-json\/wp\/v2\/media\/28557"}],"wp:attachment":[{"href":"https:\/\/pohjanmaantehtaanmyymala.fi\/sv\/wp-json\/wp\/v2\/media?parent=28553"}],"wp:term":[{"taxonomy":"product_brand","embeddable":true,"href":"https:\/\/pohjanmaantehtaanmyymala.fi\/sv\/wp-json\/wp\/v2\/product_brand?post=28553"},{"taxonomy":"product_cat","embeddable":true,"href":"https:\/\/pohjanmaantehtaanmyymala.fi\/sv\/wp-json\/wp\/v2\/product_cat?post=28553"},{"taxonomy":"product_tag","embeddable":true,"href":"https:\/\/pohjanmaantehtaanmyymala.fi\/sv\/wp-json\/wp\/v2\/product_tag?post=28553"}],"curies":[{"name":"wp","href":"https:\/\/api.w.org\/{rel}","templated":true}]}}