{"id":28391,"date":"2025-02-17T16:56:14","date_gmt":"2025-02-17T14:56:14","guid":{"rendered":"https:\/\/pohjanmaantehtaanmyymala.fi\/?post_type=product&#038;p=28391"},"modified":"2026-04-14T11:08:39","modified_gmt":"2026-04-14T09:08:39","slug":"alison-pyoriva-tuoli-beige-nahka-puujalalla","status":"publish","type":"product","link":"https:\/\/pohjanmaantehtaanmyymala.fi\/sv\/tuote\/alison-pyoriva-tuoli-beige-nahka-puujalalla\/","title":{"rendered":"ALISON py\u00f6riv\u00e4 tuoli, beige nahka, puujalalla"},"content":{"rendered":"<p>Tyylik\u00e4s beigen v\u00e4rinen nahkaverhoiltu Rowico Alison ruokap\u00f6yd\u00e4n tuoli py\u00f6riv\u00e4ll\u00e4 istumella ja massiivipuisella jalalla. Tuolin muotoiltu istuin on miellytt\u00e4v\u00e4 istua. Alison -tuoli sopii yhteen hyvin useiden eri ruokap\u00f6ytien kanssa.<\/p>\n<h3>Tuotetiedot:<\/h3>\n<p>Tuolin istuinkorkeus 47 cm, -leveys: 40 cm, -syvyys 44 cm.<br \/>\nJalat: massiivipuuta, tammea. Kolme eri v\u00e4ri\u00e4, Valkopesty, tammi-lv ja ruskea.<br \/>\nPy\u00f6riv\u00e4 mekanismi<br \/>\nIstuinosa: Pehmustettu, verhoiltu beigen v\u00e4risell\u00e4 nahkalla<br \/>\nKantavuus: 110 kg<br \/>\nToimitetaan 2 kpl:n pakkauksissa.<\/p>\n","protected":false},"excerpt":{"rendered":"<p>Suosittu ruokap\u00f6yd\u00e4n tuoli tumman beigell\u00e4 verhoilulla. Valitse jalkav\u00e4ri!<\/p>\n","protected":false},"featured_media":28411,"comment_status":"closed","ping_status":"closed","template":"","meta":{"_acf_changed":false,"jetpack_post_was_ever_published":false,"jetpack_publicize_message":"","jetpack_publicize_feature_enabled":true,"jetpack_social_post_already_shared":true,"jetpack_social_options":{"image_generator_settings":{"template":"highway","default_image_id":0,"font":"","enabled":false},"version":2}},"product_brand":[179],"product_cat":[194],"product_tag":[],"class_list":{"0":"post-28391","1":"product","2":"type-product","3":"status-publish","4":"has-post-thumbnail","6":"product_brand-rowico","7":"product_cat-ruokapoydat-ja-tuolit","8":"product_shipping_class-161","9":"pa_vari-ruskea","10":"pa_vari-tammi","11":"pa_vari-valkopesty","13":"first","14":"instock","15":"purchasable","16":"product-type-variable","17":"has-default-attributes"},"acf":[],"jetpack_publicize_connections":[],"jetpack_sharing_enabled":true,"jetpack-related-posts":[{"id":28371,"url":"https:\/\/pohjanmaantehtaanmyymala.fi\/sv\/tuote\/alison-pyoriva-tuoli-tummabeige-puujalalla\/","url_meta":{"origin":28391,"position":0},"title":"ALISON py\u00f6riv\u00e4 tuoli, tummabeige, puujalalla","author":"Sami Viitala","date":"februari 17, 2025","format":false,"excerpt":"Suosittu ruokap\u00f6yd\u00e4n tuoli tumman beigell\u00e4 verhoilulla. Valitse jalkav\u00e4ri!","rel":"","context":"Liknande produkt","block_context":{"text":"Liknande produkt","link":""},"img":{"alt_text":"Rowico Alison py\u00f6riv\u00e4 tuoli tumma beige ruskealla puujalalla","src":"https:\/\/i0.wp.com\/pohjanmaantehtaanmyymala.fi\/wp-content\/uploads\/2025\/02\/117866_a_Alison_swivelchair_dark_beige_brown_oak.jpg?fit=1000%2C1000&ssl=1&resize=350%2C200","width":350,"height":200,"srcset":"https:\/\/i0.wp.com\/pohjanmaantehtaanmyymala.fi\/wp-content\/uploads\/2025\/02\/117866_a_Alison_swivelchair_dark_beige_brown_oak.jpg?fit=1000%2C1000&ssl=1&resize=350%2C200 1x, https:\/\/i0.wp.com\/pohjanmaantehtaanmyymala.fi\/wp-content\/uploads\/2025\/02\/117866_a_Alison_swivelchair_dark_beige_brown_oak.jpg?fit=1000%2C1000&ssl=1&resize=525%2C300 1.5x, https:\/\/i0.wp.com\/pohjanmaantehtaanmyymala.fi\/wp-content\/uploads\/2025\/02\/117866_a_Alison_swivelchair_dark_beige_brown_oak.jpg?fit=1000%2C1000&ssl=1&resize=700%2C400 2x"},"classes":[]},{"id":15800,"url":"https:\/\/pohjanmaantehtaanmyymala.fi\/sv\/tuote\/rowico-alison-tuoli\/","url_meta":{"origin":28391,"position":1},"title":"ALISON py\u00f6riv\u00e4 tuoli metallijalalla","author":"Sami Viitala","date":"november 23, 2020","format":false,"excerpt":"Rowicon kaunis ruokap\u00f6yd\u00e4n tuoli harmaalla tai beigell\u00e4 verhoilulla.","rel":"","context":"Liknande produkt","block_context":{"text":"Liknande produkt","link":""},"img":{"alt_text":"Rowico Alison tuoli antrasiitti mikrokuitu","src":"https:\/\/i0.wp.com\/pohjanmaantehtaanmyymala.fi\/wp-content\/uploads\/2020\/11\/Alison-tuoli-harmaa.jpg?fit=1200%2C1200&ssl=1&resize=350%2C200","width":350,"height":200,"srcset":"https:\/\/i0.wp.com\/pohjanmaantehtaanmyymala.fi\/wp-content\/uploads\/2020\/11\/Alison-tuoli-harmaa.jpg?fit=1200%2C1200&ssl=1&resize=350%2C200 1x, https:\/\/i0.wp.com\/pohjanmaantehtaanmyymala.fi\/wp-content\/uploads\/2020\/11\/Alison-tuoli-harmaa.jpg?fit=1200%2C1200&ssl=1&resize=525%2C300 1.5x, https:\/\/i0.wp.com\/pohjanmaantehtaanmyymala.fi\/wp-content\/uploads\/2020\/11\/Alison-tuoli-harmaa.jpg?fit=1200%2C1200&ssl=1&resize=700%2C400 2x, https:\/\/i0.wp.com\/pohjanmaantehtaanmyymala.fi\/wp-content\/uploads\/2020\/11\/Alison-tuoli-harmaa.jpg?fit=1200%2C1200&ssl=1&resize=1050%2C600 3x"},"classes":[]},{"id":28308,"url":"https:\/\/pohjanmaantehtaanmyymala.fi\/sv\/tuote\/alison-tuoli-pyorivalla-istuimella-vaaleabeige\/","url_meta":{"origin":28391,"position":2},"title":"ALISON py\u00f6riv\u00e4 tuoli, vaaleabeige, puujalalla","author":"Sami Viitala","date":"januari 14, 2025","format":false,"excerpt":"Suosittu ruokap\u00f6yd\u00e4n tuoli vaaleanbeigell\u00e4 verhoilulla. Valitse jalkav\u00e4ri!","rel":"","context":"Liknande produkt","block_context":{"text":"Liknande produkt","link":""},"img":{"alt_text":"Rowico Alison py\u00f6riv\u00e4 tuoli vaaleabeige valkopestyll\u00e4 puujalalla milj\u00f6\u00f6ss\u00e4","src":"https:\/\/i0.wp.com\/pohjanmaantehtaanmyymala.fi\/wp-content\/uploads\/2025\/01\/117861_b_mb__Alison_chair_light_beige_whitewash.jpg?fit=1000%2C1000&ssl=1&resize=350%2C200","width":350,"height":200,"srcset":"https:\/\/i0.wp.com\/pohjanmaantehtaanmyymala.fi\/wp-content\/uploads\/2025\/01\/117861_b_mb__Alison_chair_light_beige_whitewash.jpg?fit=1000%2C1000&ssl=1&resize=350%2C200 1x, https:\/\/i0.wp.com\/pohjanmaantehtaanmyymala.fi\/wp-content\/uploads\/2025\/01\/117861_b_mb__Alison_chair_light_beige_whitewash.jpg?fit=1000%2C1000&ssl=1&resize=525%2C300 1.5x, https:\/\/i0.wp.com\/pohjanmaantehtaanmyymala.fi\/wp-content\/uploads\/2025\/01\/117861_b_mb__Alison_chair_light_beige_whitewash.jpg?fit=1000%2C1000&ssl=1&resize=700%2C400 2x"},"classes":[]},{"id":19758,"url":"https:\/\/pohjanmaantehtaanmyymala.fi\/sv\/tuote\/norwell-tuoli\/","url_meta":{"origin":28391,"position":3},"title":"NORWELL tuoli","author":"Sami Viitala","date":"februari 14, 2022","format":false,"excerpt":"Rowicon tyylik\u00e4s tuoli py\u00f6riv\u00e4ll\u00e4 jalalla.","rel":"","context":"Liknande produkt","block_context":{"text":"Liknande produkt","link":""},"img":{"alt_text":"Rowico Norwell tuolit beige ja harmaa","src":"https:\/\/i0.wp.com\/pohjanmaantehtaanmyymala.fi\/wp-content\/uploads\/2022\/02\/Rowico-Norwell-tuoli-harmaa-beige.jpg?fit=960%2C960&ssl=1&resize=350%2C200","width":350,"height":200,"srcset":"https:\/\/i0.wp.com\/pohjanmaantehtaanmyymala.fi\/wp-content\/uploads\/2022\/02\/Rowico-Norwell-tuoli-harmaa-beige.jpg?fit=960%2C960&ssl=1&resize=350%2C200 1x, https:\/\/i0.wp.com\/pohjanmaantehtaanmyymala.fi\/wp-content\/uploads\/2022\/02\/Rowico-Norwell-tuoli-harmaa-beige.jpg?fit=960%2C960&ssl=1&resize=525%2C300 1.5x, https:\/\/i0.wp.com\/pohjanmaantehtaanmyymala.fi\/wp-content\/uploads\/2022\/02\/Rowico-Norwell-tuoli-harmaa-beige.jpg?fit=960%2C960&ssl=1&resize=700%2C400 2x"},"classes":[]},{"id":18855,"url":"https:\/\/pohjanmaantehtaanmyymala.fi\/sv\/tuote\/harbo-tuoli-pyoriva-pu-nahka\/","url_meta":{"origin":28391,"position":4},"title":"Harbo -tuoli py\u00f6riv\u00e4, musta pu-nahka","author":"Sami Viitala","date":"november 6, 2021","format":false,"excerpt":"Py\u00f6riv\u00e4 keitti\u00f6n tuoli eri v\u00e4reiss\u00e4 House Nordicilta.","rel":"","context":"Liknande produkt","block_context":{"text":"Liknande produkt","link":""},"img":{"alt_text":"Harbo tuoli p\u00f6yriv\u00e4 pu-nahka musta","src":"https:\/\/i0.wp.com\/pohjanmaantehtaanmyymala.fi\/wp-content\/uploads\/2021\/11\/Harbo-tuoli-musta1001167.jpg?fit=1200%2C1200&ssl=1&resize=350%2C200","width":350,"height":200,"srcset":"https:\/\/i0.wp.com\/pohjanmaantehtaanmyymala.fi\/wp-content\/uploads\/2021\/11\/Harbo-tuoli-musta1001167.jpg?fit=1200%2C1200&ssl=1&resize=350%2C200 1x, https:\/\/i0.wp.com\/pohjanmaantehtaanmyymala.fi\/wp-content\/uploads\/2021\/11\/Harbo-tuoli-musta1001167.jpg?fit=1200%2C1200&ssl=1&resize=525%2C300 1.5x, https:\/\/i0.wp.com\/pohjanmaantehtaanmyymala.fi\/wp-content\/uploads\/2021\/11\/Harbo-tuoli-musta1001167.jpg?fit=1200%2C1200&ssl=1&resize=700%2C400 2x, https:\/\/i0.wp.com\/pohjanmaantehtaanmyymala.fi\/wp-content\/uploads\/2021\/11\/Harbo-tuoli-musta1001167.jpg?fit=1200%2C1200&ssl=1&resize=1050%2C600 3x"},"classes":[]},{"id":29609,"url":"https:\/\/pohjanmaantehtaanmyymala.fi\/sv\/tuote\/rowico-lowell-pyoriva-tuoli-kasinojilla\/","url_meta":{"origin":28391,"position":5},"title":"Rowico Lowell py\u00f6riv\u00e4 tuoli k\u00e4sinojilla","author":"Sami Viitala","date":"januari 20, 2026","format":false,"excerpt":"Nosta ruokailutilasi ilme uudelle tasolle Rowico Lowell -tuolilla!","rel":"","context":"Liknande produkt","block_context":{"text":"Liknande produkt","link":""},"img":{"alt_text":"Rowico mustat Lowell tuolit ja valkotamminen Emmet p\u00f6yt\u00e4 milj\u00f6\u00f6kuvassa.","src":"https:\/\/i0.wp.com\/pohjanmaantehtaanmyymala.fi\/wp-content\/uploads\/2026\/01\/emmet-120350lowell-120261-miljoo.jpg?fit=1000%2C1000&ssl=1&resize=350%2C200","width":350,"height":200,"srcset":"https:\/\/i0.wp.com\/pohjanmaantehtaanmyymala.fi\/wp-content\/uploads\/2026\/01\/emmet-120350lowell-120261-miljoo.jpg?fit=1000%2C1000&ssl=1&resize=350%2C200 1x, https:\/\/i0.wp.com\/pohjanmaantehtaanmyymala.fi\/wp-content\/uploads\/2026\/01\/emmet-120350lowell-120261-miljoo.jpg?fit=1000%2C1000&ssl=1&resize=525%2C300 1.5x, https:\/\/i0.wp.com\/pohjanmaantehtaanmyymala.fi\/wp-content\/uploads\/2026\/01\/emmet-120350lowell-120261-miljoo.jpg?fit=1000%2C1000&ssl=1&resize=700%2C400 2x"},"classes":[]}],"_links":{"self":[{"href":"https:\/\/pohjanmaantehtaanmyymala.fi\/sv\/wp-json\/wp\/v2\/product\/28391","targetHints":{"allow":["GET"]}}],"collection":[{"href":"https:\/\/pohjanmaantehtaanmyymala.fi\/sv\/wp-json\/wp\/v2\/product"}],"about":[{"href":"https:\/\/pohjanmaantehtaanmyymala.fi\/sv\/wp-json\/wp\/v2\/types\/product"}],"replies":[{"embeddable":true,"href":"https:\/\/pohjanmaantehtaanmyymala.fi\/sv\/wp-json\/wp\/v2\/comments?post=28391"}],"wp:featuredmedia":[{"embeddable":true,"href":"https:\/\/pohjanmaantehtaanmyymala.fi\/sv\/wp-json\/wp\/v2\/media\/28411"}],"wp:attachment":[{"href":"https:\/\/pohjanmaantehtaanmyymala.fi\/sv\/wp-json\/wp\/v2\/media?parent=28391"}],"wp:term":[{"taxonomy":"product_brand","embeddable":true,"href":"https:\/\/pohjanmaantehtaanmyymala.fi\/sv\/wp-json\/wp\/v2\/product_brand?post=28391"},{"taxonomy":"product_cat","embeddable":true,"href":"https:\/\/pohjanmaantehtaanmyymala.fi\/sv\/wp-json\/wp\/v2\/product_cat?post=28391"},{"taxonomy":"product_tag","embeddable":true,"href":"https:\/\/pohjanmaantehtaanmyymala.fi\/sv\/wp-json\/wp\/v2\/product_tag?post=28391"}],"curies":[{"name":"wp","href":"https:\/\/api.w.org\/{rel}","templated":true}]}}