{"id":27926,"date":"2024-11-27T17:39:35","date_gmt":"2024-11-27T15:39:35","guid":{"rendered":"https:\/\/pohjanmaantehtaanmyymala.fi\/?post_type=product&#038;p=27926"},"modified":"2026-02-03T17:57:23","modified_gmt":"2026-02-03T15:57:23","slug":"eden-6-moottorisanky-80x200-cm-petauspatjalla","status":"publish","type":"product","link":"https:\/\/pohjanmaantehtaanmyymala.fi\/sv\/tuote\/eden-6-moottorisanky-80x200-cm-petauspatjalla\/","title":{"rendered":"EDEN 6 moottoris\u00e4nky 80&#215;200 cm petauspatjalla"},"content":{"rendered":"<p>Eden kuusi on ylellinen Hildingin valmistama moottoris\u00e4nky.<\/p>\n<p>Moottoris\u00e4ngyn joustinpatjassa on 5-vy\u00f6hykkeellinen vaahtomuovikoteloitu pussijousitus. Patjan vy\u00f6hykerakenne tukee vartalon keskiosaa ja joustaa mukavasti hartialinjan kohdalta. Jousistosta voit valita itselle sopivan j\u00e4ykkyyden kahdesta eri vaihtoehdosta, medium tai hard. Eden 6-moottoris\u00e4ngyss\u00e4 on langaton kaukos\u00e4\u00e4din, jolla voidaan s\u00e4\u00e4t\u00e4\u00e4 portaattomasti s\u00e4ngyn p\u00e4\u00e4- ja jalkop\u00e4\u00e4ty\u00e4 haluamaasi asentoon. Voit valita s\u00e4nkysi verhoiluv\u00e4riksi Graniitin, Antrasiitin tai Hiekan.<\/p>\n<p>Eden mootoris\u00e4ngyn kruunaa muhkea 9 cm paksu Premium-petauspatja, joka miellytt\u00e4v\u00e4n pehme\u00e4, mutta tukee mainiosti nukkujaa ja t\u00e4ydent\u00e4\u00e4 5-vy\u00f6hykkeisen s\u00e4ngyn jousiston ominaisuuksia.<\/p>\n<p>S\u00e4ngyyn on saatavilla lis\u00e4varusteena <a href=\"https:\/\/pohjanmaantehtaanmyymala.fi\/tuote\/eden-tarviketasu-sankyyn\/\">Eden-tarviketasku<\/a>, jossa voit s\u00e4ilytt\u00e4\u00e4 kaukos\u00e4\u00e4dint\u00e4, puhelinta tai vaikka kirjaa. Lis\u00e4ksi petauspatja p\u00e4\u00e4lle on mahdollisuus ostaa <a href=\"https:\/\/pohjanmaantehtaanmyymala.fi\/tuote\/uniclean-petauspatjansuoja-valitse-koko\/\">Uni Clean-petauspatjansuojus<\/a>.<\/p>\n<p>Eden s\u00e4nkymallisto on suunniteltu yhteisty\u00f6ss\u00e4\u00a0allergia-, iho- ja astmaliiton kanssa jolloin voit olla varma ett\u00e4 s\u00e4ngyss\u00e4 k\u00e4ytetyt materiaalit ovat ensi luokkaisia ja turvallisia.<\/p>\n<p>S\u00e4nky\u00e4 on saatavilla my\u00f6s <a href=\"https:\/\/pohjanmaantehtaanmyymala.fi\/tuote\/eden-6-moottorisanky-90x200-cm-petauspatjalla\/\">90 cm leve\u00e4n\u00e4<\/a>.<\/p>\n<p>S\u00e4ngyst\u00e4 saa rakennettua 160 cm leve\u00e4n paris\u00e4ngyn asettamalla kaksi 80 cm leve\u00e4\u00e4 moottoris\u00e4nky\u00e4 vierekk\u00e4in. Paris\u00e4ngylle on olemassa my\u00f6s oma Premium Split-petauspatja. Kysy tarvittaessa lis\u00e4tietoa <a href=\"https:\/\/pohjanmaantehtaanmyymala.fi\/yhteys\/\" target=\"_blank\" rel=\"noopener\">myynnist\u00e4mme.<\/a><\/p>\n<p><strong>Tuotetiedot:<\/strong><br \/>\nKoko: leveys\u00a0 80 cm, pituus 200 cm ja korkeus petauspatjan kanssa 67 cm ja ilman petauspatjaa 58 cm.<br \/>\nPatja: Premium pussijouset (250kpl\/m2).Hard tai Medium j\u00e4ykkyys.<br \/>\nJousivahvuudet: Hard 2.1\/1.9 mm, medium 1.8\/1.7 mm.<br \/>\nPainosuositus: Medium alle 75 kg. Hard yli 75 kg.<br \/>\nPetauspatja: Premium, stylex vaahtomuovisisus, p\u00e4\u00e4llinen joustokangasta, vesipest\u00e4v\u00e4 60\u00b0 C.<br \/>\nVerhoilu: Laminoitu huonekalukangas, vaalean- tai tummanharmaa.<br \/>\nRunko: Massiivipuu ja metalli.<br \/>\nJalan korkeus 23 cm, malli Royal.<br \/>\nTakuut:Jousitakuu 20-vuotta, s\u00e4\u00e4t\u00f6moottorilla 5-vuotta.<br \/>\nToimitetaan muoviin ja pahviin pakattuna.<\/p>\n","protected":false},"excerpt":{"rendered":"<p>Laadukkaasta 5-vy\u00f6hykkeisest\u00e4 s\u00e4\u00e4t\u00f6s\u00e4ngyst\u00e4 on valittavana kolme eri v\u00e4ri\u00e4 ja kaksi kovuutta.<\/p>\n","protected":false},"featured_media":27933,"comment_status":"open","ping_status":"closed","template":"","meta":{"_acf_changed":false,"jetpack_post_was_ever_published":false,"jetpack_publicize_message":"","jetpack_publicize_feature_enabled":true,"jetpack_social_post_already_shared":true,"jetpack_social_options":{"image_generator_settings":{"template":"highway","default_image_id":0,"font":"","enabled":false},"version":2}},"product_brand":[203],"product_cat":[198],"product_tag":[],"class_list":{"0":"post-27926","1":"product","2":"type-product","3":"status-publish","4":"has-post-thumbnail","6":"product_brand-hilding","7":"product_cat-patjat-ja-sangyt","8":"product_shipping_class-161","9":"pa_malli-hard","10":"pa_malli-medium","11":"pa_vari-antrasiitti","12":"pa_vari-graniitti","13":"pa_vari-hiekka","15":"first","16":"instock","17":"sale","18":"purchasable","19":"product-type-variable","20":"has-default-attributes"},"acf":[],"jetpack_publicize_connections":[],"jetpack_sharing_enabled":true,"jetpack-related-posts":[{"id":27911,"url":"https:\/\/pohjanmaantehtaanmyymala.fi\/sv\/tuote\/eden-6-moottorisanky-90x200-cm-petauspatjalla\/","url_meta":{"origin":27926,"position":0},"title":"EDEN 6 -moottoris\u00e4nky 90&#215;200 cm petauspatjalla","author":"Sami Viitala","date":"november 27, 2024","format":false,"excerpt":"Laadukkaasta 5-vy\u00f6hykkeisest\u00e4 s\u00e4\u00e4t\u00f6s\u00e4ngyst\u00e4 on valittavana kolme eri v\u00e4ri\u00e4 ja kaksi kovuutta.","rel":"","context":"Liknande produkt","block_context":{"text":"Liknande produkt","link":""},"img":{"alt_text":"Eden kuusi vy\u00f6hykejousitettu s\u00e4\u00e4t\u00f6s\u00e4nky leveys 90 cm","src":"https:\/\/i0.wp.com\/pohjanmaantehtaanmyymala.fi\/wp-content\/uploads\/2024\/11\/Eden6_Mosa_90.jpg?fit=1000%2C1000&ssl=1&resize=350%2C200","width":350,"height":200,"srcset":"https:\/\/i0.wp.com\/pohjanmaantehtaanmyymala.fi\/wp-content\/uploads\/2024\/11\/Eden6_Mosa_90.jpg?fit=1000%2C1000&ssl=1&resize=350%2C200 1x, https:\/\/i0.wp.com\/pohjanmaantehtaanmyymala.fi\/wp-content\/uploads\/2024\/11\/Eden6_Mosa_90.jpg?fit=1000%2C1000&ssl=1&resize=525%2C300 1.5x, https:\/\/i0.wp.com\/pohjanmaantehtaanmyymala.fi\/wp-content\/uploads\/2024\/11\/Eden6_Mosa_90.jpg?fit=1000%2C1000&ssl=1&resize=700%2C400 2x"},"classes":[]},{"id":24684,"url":"https:\/\/pohjanmaantehtaanmyymala.fi\/sv\/tuote\/eden-3-moottorisanky\/","url_meta":{"origin":27926,"position":1},"title":"EDEN 3 -moottoris\u00e4nky 80&#215;200 cm petauspatjalla","author":"Sami Viitala","date":"januari 30, 2024","format":false,"excerpt":"Laadukkaasta s\u00e4\u00e4t\u00f6s\u00e4ngyst\u00e4 on valittavana kolme eri v\u00e4ri\u00e4.","rel":"","context":"Liknande produkt","block_context":{"text":"Liknande produkt","link":""},"img":{"alt_text":"Eden kolme s\u00e4\u00e4t\u00f6s\u00e4nky leveys 80 cm","src":"https:\/\/i0.wp.com\/pohjanmaantehtaanmyymala.fi\/wp-content\/uploads\/2024\/01\/Eden3_sasy-web.jpg?fit=960%2C960&ssl=1&resize=350%2C200","width":350,"height":200,"srcset":"https:\/\/i0.wp.com\/pohjanmaantehtaanmyymala.fi\/wp-content\/uploads\/2024\/01\/Eden3_sasy-web.jpg?fit=960%2C960&ssl=1&resize=350%2C200 1x, https:\/\/i0.wp.com\/pohjanmaantehtaanmyymala.fi\/wp-content\/uploads\/2024\/01\/Eden3_sasy-web.jpg?fit=960%2C960&ssl=1&resize=525%2C300 1.5x, https:\/\/i0.wp.com\/pohjanmaantehtaanmyymala.fi\/wp-content\/uploads\/2024\/01\/Eden3_sasy-web.jpg?fit=960%2C960&ssl=1&resize=700%2C400 2x"},"classes":[]},{"id":27850,"url":"https:\/\/pohjanmaantehtaanmyymala.fi\/sv\/tuote\/eden-3-moottorisanky-90x200-cm-petauspatjalla\/","url_meta":{"origin":27926,"position":2},"title":"EDEN 3 -moottoris\u00e4nky 90&#215;200 cm petauspatjalla","author":"Sami Viitala","date":"november 27, 2024","format":false,"excerpt":"Laadukkaasta s\u00e4\u00e4t\u00f6s\u00e4ngyst\u00e4 on valittavana kolme eri v\u00e4ri\u00e4.","rel":"","context":"Liknande produkt","block_context":{"text":"Liknande produkt","link":""},"img":{"alt_text":"Eden kolme s\u00e4\u00e4t\u00f6s\u00e4nky leveys 90 cm","src":"https:\/\/i0.wp.com\/pohjanmaantehtaanmyymala.fi\/wp-content\/uploads\/2024\/11\/Eden3_sasy_90.jpg?fit=960%2C960&ssl=1&resize=350%2C200","width":350,"height":200,"srcset":"https:\/\/i0.wp.com\/pohjanmaantehtaanmyymala.fi\/wp-content\/uploads\/2024\/11\/Eden3_sasy_90.jpg?fit=960%2C960&ssl=1&resize=350%2C200 1x, https:\/\/i0.wp.com\/pohjanmaantehtaanmyymala.fi\/wp-content\/uploads\/2024\/11\/Eden3_sasy_90.jpg?fit=960%2C960&ssl=1&resize=525%2C300 1.5x, https:\/\/i0.wp.com\/pohjanmaantehtaanmyymala.fi\/wp-content\/uploads\/2024\/11\/Eden3_sasy_90.jpg?fit=960%2C960&ssl=1&resize=700%2C400 2x"},"classes":[]},{"id":27865,"url":"https:\/\/pohjanmaantehtaanmyymala.fi\/sv\/tuote\/eden-3-moottorisanky-120x200-cm-petauspatjalla\/","url_meta":{"origin":27926,"position":3},"title":"EDEN 3 -moottoris\u00e4nky 120&#215;200 cm petauspatjalla","author":"Sami Viitala","date":"november 27, 2024","format":false,"excerpt":"Laadukkaasta s\u00e4\u00e4t\u00f6s\u00e4ngyst\u00e4 on valittavana kolme eri v\u00e4ri\u00e4.","rel":"","context":"Liknande produkt","block_context":{"text":"Liknande produkt","link":""},"img":{"alt_text":"Eden kolme s\u00e4\u00e4t\u00f6s\u00e4nky leveys 90 cm","src":"https:\/\/i0.wp.com\/pohjanmaantehtaanmyymala.fi\/wp-content\/uploads\/2024\/11\/Eden3_sasy_90.jpg?fit=960%2C960&ssl=1&resize=350%2C200","width":350,"height":200,"srcset":"https:\/\/i0.wp.com\/pohjanmaantehtaanmyymala.fi\/wp-content\/uploads\/2024\/11\/Eden3_sasy_90.jpg?fit=960%2C960&ssl=1&resize=350%2C200 1x, https:\/\/i0.wp.com\/pohjanmaantehtaanmyymala.fi\/wp-content\/uploads\/2024\/11\/Eden3_sasy_90.jpg?fit=960%2C960&ssl=1&resize=525%2C300 1.5x, https:\/\/i0.wp.com\/pohjanmaantehtaanmyymala.fi\/wp-content\/uploads\/2024\/11\/Eden3_sasy_90.jpg?fit=960%2C960&ssl=1&resize=700%2C400 2x"},"classes":[]},{"id":27379,"url":"https:\/\/pohjanmaantehtaanmyymala.fi\/sv\/tuote\/eden-9-moottorisanky-90x200-cm-petauspatjalla\/","url_meta":{"origin":27926,"position":4},"title":"EDEN 9 -moottoris\u00e4nky 90&#215;200 cm petauspatjalla","author":"Sami Viitala","date":"oktober 11, 2024","format":false,"excerpt":"Laadukkas ja ylellinen mottoris\u00e4nkypaketti.","rel":"","context":"Liknande produkt","block_context":{"text":"Liknande produkt","link":""},"img":{"alt_text":"Eden 9 moottoris\u00e4nky leveys 90 cm sammal-verhoilulla ja Premium-petauspatjalla.","src":"https:\/\/i0.wp.com\/pohjanmaantehtaanmyymala.fi\/wp-content\/uploads\/2024\/10\/EDEN-9-mosa-yksikko.jpg?fit=960%2C960&ssl=1&resize=350%2C200","width":350,"height":200,"srcset":"https:\/\/i0.wp.com\/pohjanmaantehtaanmyymala.fi\/wp-content\/uploads\/2024\/10\/EDEN-9-mosa-yksikko.jpg?fit=960%2C960&ssl=1&resize=350%2C200 1x, https:\/\/i0.wp.com\/pohjanmaantehtaanmyymala.fi\/wp-content\/uploads\/2024\/10\/EDEN-9-mosa-yksikko.jpg?fit=960%2C960&ssl=1&resize=525%2C300 1.5x, https:\/\/i0.wp.com\/pohjanmaantehtaanmyymala.fi\/wp-content\/uploads\/2024\/10\/EDEN-9-mosa-yksikko.jpg?fit=960%2C960&ssl=1&resize=700%2C400 2x"},"classes":[]},{"id":27359,"url":"https:\/\/pohjanmaantehtaanmyymala.fi\/sv\/tuote\/eden-9-moottorisankypaketti-180x200-cm\/","url_meta":{"origin":27926,"position":5},"title":"EDEN 9 moottoris\u00e4nkypaketti 180&#215;200 cm","author":"Sami Viitala","date":"oktober 11, 2024","format":false,"excerpt":"Laadukkas ja ylellinen mottoris\u00e4nkypaketti.","rel":"","context":"Liknande produkt","block_context":{"text":"Liknande produkt","link":""},"img":{"alt_text":"Eden 9 moottoris\u00e4nky pari leveys 180 cm sammal-verhoilulla ja split-petauspatjalla","src":"https:\/\/i0.wp.com\/pohjanmaantehtaanmyymala.fi\/wp-content\/uploads\/2024\/10\/EDEN-9-pari-mosa-180.jpg?fit=960%2C960&ssl=1&resize=350%2C200","width":350,"height":200,"srcset":"https:\/\/i0.wp.com\/pohjanmaantehtaanmyymala.fi\/wp-content\/uploads\/2024\/10\/EDEN-9-pari-mosa-180.jpg?fit=960%2C960&ssl=1&resize=350%2C200 1x, https:\/\/i0.wp.com\/pohjanmaantehtaanmyymala.fi\/wp-content\/uploads\/2024\/10\/EDEN-9-pari-mosa-180.jpg?fit=960%2C960&ssl=1&resize=525%2C300 1.5x, https:\/\/i0.wp.com\/pohjanmaantehtaanmyymala.fi\/wp-content\/uploads\/2024\/10\/EDEN-9-pari-mosa-180.jpg?fit=960%2C960&ssl=1&resize=700%2C400 2x"},"classes":[]}],"_links":{"self":[{"href":"https:\/\/pohjanmaantehtaanmyymala.fi\/sv\/wp-json\/wp\/v2\/product\/27926","targetHints":{"allow":["GET"]}}],"collection":[{"href":"https:\/\/pohjanmaantehtaanmyymala.fi\/sv\/wp-json\/wp\/v2\/product"}],"about":[{"href":"https:\/\/pohjanmaantehtaanmyymala.fi\/sv\/wp-json\/wp\/v2\/types\/product"}],"replies":[{"embeddable":true,"href":"https:\/\/pohjanmaantehtaanmyymala.fi\/sv\/wp-json\/wp\/v2\/comments?post=27926"}],"wp:featuredmedia":[{"embeddable":true,"href":"https:\/\/pohjanmaantehtaanmyymala.fi\/sv\/wp-json\/wp\/v2\/media\/27933"}],"wp:attachment":[{"href":"https:\/\/pohjanmaantehtaanmyymala.fi\/sv\/wp-json\/wp\/v2\/media?parent=27926"}],"wp:term":[{"taxonomy":"product_brand","embeddable":true,"href":"https:\/\/pohjanmaantehtaanmyymala.fi\/sv\/wp-json\/wp\/v2\/product_brand?post=27926"},{"taxonomy":"product_cat","embeddable":true,"href":"https:\/\/pohjanmaantehtaanmyymala.fi\/sv\/wp-json\/wp\/v2\/product_cat?post=27926"},{"taxonomy":"product_tag","embeddable":true,"href":"https:\/\/pohjanmaantehtaanmyymala.fi\/sv\/wp-json\/wp\/v2\/product_tag?post=27926"}],"curies":[{"name":"wp","href":"https:\/\/api.w.org\/{rel}","templated":true}]}}