{"id":27809,"date":"2024-11-27T10:35:53","date_gmt":"2024-11-27T08:35:53","guid":{"rendered":"https:\/\/pohjanmaantehtaanmyymala.fi\/?post_type=product&#038;p=27809"},"modified":"2025-12-01T15:53:14","modified_gmt":"2025-12-01T13:53:14","slug":"pilvi-jakkara-massiivitammi-oljytty","status":"publish","type":"product","link":"https:\/\/pohjanmaantehtaanmyymala.fi\/sv\/tuote\/pilvi-jakkara-massiivitammi-oljytty\/","title":{"rendered":"Pilvi jakkara, massiivitammi, \u00f6ljytty"},"content":{"rendered":"<p><strong>20 kpl:n Poistoer\u00e4!<\/strong><\/p>\n<p>Persoonallinen kolijalkainen Pilvi jakkara on valmistettu 100% massiivitammesta, joka pintaviimeistelty \u00f6ljy\u00e4m\u00e4ll\u00e4. Jakkara on k\u00e4tev\u00e4sti pinottava.<\/p>\n<p><strong>Tuotetiedot:<\/strong><\/p>\n<p>Korkeus: 45 cm.<br \/>\nLeveys: 34,5 cm.<br \/>\nSyvyys: 34,5 cm.<br \/>\nMateriaali: massiivitammea, \u00f6ljytty.<\/p>\n<p>Valmiiksi kasattu.<\/p>\n<p><strong>\u00a0<\/strong><\/p>\n","protected":false},"excerpt":{"rendered":"<p>K\u00e4tev\u00e4 pinottava jakkara tammea<\/p>\n","protected":false},"featured_media":27815,"comment_status":"closed","ping_status":"closed","template":"","meta":{"_acf_changed":false,"jetpack_post_was_ever_published":false,"jetpack_publicize_message":"","jetpack_publicize_feature_enabled":true,"jetpack_social_post_already_shared":true,"jetpack_social_options":{"image_generator_settings":{"template":"highway","default_image_id":0,"font":"","enabled":false},"version":2}},"product_brand":[],"product_cat":[212,194,124],"product_tag":[],"class_list":{"0":"post-27809","1":"product","2":"type-product","3":"status-publish","4":"has-post-thumbnail","6":"product_cat-ajankohtaiset","7":"product_cat-ruokapoydat-ja-tuolit","8":"product_cat-muut-kalusteet","10":"first","11":"instock","12":"sale","13":"shipping-taxable","14":"purchasable","15":"product-type-simple"},"acf":[],"jetpack_publicize_connections":[],"jetpack_sharing_enabled":true,"jetpack-related-posts":[{"id":17377,"url":"https:\/\/pohjanmaantehtaanmyymala.fi\/sv\/tuote\/ecofurn-butterfly-jakkara-tervaleppa\/","url_meta":{"origin":27809,"position":0},"title":"Ecofurn butterfly-jakkara, tervalepp\u00e4","author":"Sami Viitala","date":"maj 6, 2021","format":false,"excerpt":"K\u00e4tev\u00e4 kasaantaitettava Ecofurn Butterfly perhosjakkara.","rel":"","context":"Liknande produkt","block_context":{"text":"Liknande produkt","link":""},"img":{"alt_text":"Butterfly-jakkara \u00f6ljytty tervalepp\u00e4","src":"https:\/\/i0.wp.com\/pohjanmaantehtaanmyymala.fi\/wp-content\/uploads\/2021\/05\/91846-Butterfly-alder-oiled-2.jpg?fit=960%2C960&ssl=1&resize=350%2C200","width":350,"height":200,"srcset":"https:\/\/i0.wp.com\/pohjanmaantehtaanmyymala.fi\/wp-content\/uploads\/2021\/05\/91846-Butterfly-alder-oiled-2.jpg?fit=960%2C960&ssl=1&resize=350%2C200 1x, https:\/\/i0.wp.com\/pohjanmaantehtaanmyymala.fi\/wp-content\/uploads\/2021\/05\/91846-Butterfly-alder-oiled-2.jpg?fit=960%2C960&ssl=1&resize=525%2C300 1.5x, https:\/\/i0.wp.com\/pohjanmaantehtaanmyymala.fi\/wp-content\/uploads\/2021\/05\/91846-Butterfly-alder-oiled-2.jpg?fit=960%2C960&ssl=1&resize=700%2C400 2x"},"classes":[]},{"id":17186,"url":"https:\/\/pohjanmaantehtaanmyymala.fi\/sv\/tuote\/ecofurn-polkky-jakkara\/","url_meta":{"origin":27809,"position":1},"title":"Ecofurn P\u00f6lkky-jakkara","author":"Sami Viitala","date":"april 15, 2021","format":false,"excerpt":"Luo aitoa er\u00e4tunnelmaa P\u00f6lkky-jakkaran avulla. 2 eri kokoa!","rel":"","context":"Liknande produkt","block_context":{"text":"Liknande produkt","link":""},"img":{"alt_text":"EcoFrun p\u00f6lkky-jakkara fiiliskuva","src":"https:\/\/i0.wp.com\/pohjanmaantehtaanmyymala.fi\/wp-content\/uploads\/2021\/04\/PO%CC%88LKKYFIILIS-1200.jpg?fit=1200%2C1200&ssl=1&resize=350%2C200","width":350,"height":200,"srcset":"https:\/\/i0.wp.com\/pohjanmaantehtaanmyymala.fi\/wp-content\/uploads\/2021\/04\/PO%CC%88LKKYFIILIS-1200.jpg?fit=1200%2C1200&ssl=1&resize=350%2C200 1x, https:\/\/i0.wp.com\/pohjanmaantehtaanmyymala.fi\/wp-content\/uploads\/2021\/04\/PO%CC%88LKKYFIILIS-1200.jpg?fit=1200%2C1200&ssl=1&resize=525%2C300 1.5x, https:\/\/i0.wp.com\/pohjanmaantehtaanmyymala.fi\/wp-content\/uploads\/2021\/04\/PO%CC%88LKKYFIILIS-1200.jpg?fit=1200%2C1200&ssl=1&resize=700%2C400 2x, https:\/\/i0.wp.com\/pohjanmaantehtaanmyymala.fi\/wp-content\/uploads\/2021\/04\/PO%CC%88LKKYFIILIS-1200.jpg?fit=1200%2C1200&ssl=1&resize=1050%2C600 3x"},"classes":[]},{"id":17107,"url":"https:\/\/pohjanmaantehtaanmyymala.fi\/sv\/tuote\/4living-betonijakkara-40-cm\/","url_meta":{"origin":27809,"position":2},"title":"4Living betonijakkara 40 cm","author":"Sami Viitala","date":"april 13, 2021","format":false,"excerpt":"Moderni jakkara juuttinarulla","rel":"","context":"Liknande produkt","block_context":{"text":"Liknande produkt","link":""},"img":{"alt_text":"4Living Jakkara Betoni 40 cm","src":"https:\/\/i0.wp.com\/pohjanmaantehtaanmyymala.fi\/wp-content\/uploads\/2021\/04\/Betonijakkara-603087-1.jpg?fit=1200%2C1200&ssl=1&resize=350%2C200","width":350,"height":200,"srcset":"https:\/\/i0.wp.com\/pohjanmaantehtaanmyymala.fi\/wp-content\/uploads\/2021\/04\/Betonijakkara-603087-1.jpg?fit=1200%2C1200&ssl=1&resize=350%2C200 1x, https:\/\/i0.wp.com\/pohjanmaantehtaanmyymala.fi\/wp-content\/uploads\/2021\/04\/Betonijakkara-603087-1.jpg?fit=1200%2C1200&ssl=1&resize=525%2C300 1.5x, https:\/\/i0.wp.com\/pohjanmaantehtaanmyymala.fi\/wp-content\/uploads\/2021\/04\/Betonijakkara-603087-1.jpg?fit=1200%2C1200&ssl=1&resize=700%2C400 2x, https:\/\/i0.wp.com\/pohjanmaantehtaanmyymala.fi\/wp-content\/uploads\/2021\/04\/Betonijakkara-603087-1.jpg?fit=1200%2C1200&ssl=1&resize=1050%2C600 3x"},"classes":[]},{"id":21149,"url":"https:\/\/pohjanmaantehtaanmyymala.fi\/sv\/tuote\/austin-baarituoli\/","url_meta":{"origin":27809,"position":3},"title":"Austin baarituoli","author":"Sami Viitala","date":"september 4, 2022","format":false,"excerpt":"Simppeli baarijakkara saatavana kolmella eri v\u00e4rill\u00e4.","rel":"","context":"Liknande produkt","block_context":{"text":"Liknande produkt","link":""},"img":{"alt_text":"Rowico Austin baaarijakkarat ryhm\u00e4kuvassa, musta, tammi ja valkopesty","src":"https:\/\/i0.wp.com\/pohjanmaantehtaanmyymala.fi\/wp-content\/uploads\/2022\/09\/Austin-baarijakkara-kokoelma.jpg?fit=960%2C960&ssl=1&resize=350%2C200","width":350,"height":200,"srcset":"https:\/\/i0.wp.com\/pohjanmaantehtaanmyymala.fi\/wp-content\/uploads\/2022\/09\/Austin-baarijakkara-kokoelma.jpg?fit=960%2C960&ssl=1&resize=350%2C200 1x, https:\/\/i0.wp.com\/pohjanmaantehtaanmyymala.fi\/wp-content\/uploads\/2022\/09\/Austin-baarijakkara-kokoelma.jpg?fit=960%2C960&ssl=1&resize=525%2C300 1.5x, https:\/\/i0.wp.com\/pohjanmaantehtaanmyymala.fi\/wp-content\/uploads\/2022\/09\/Austin-baarijakkara-kokoelma.jpg?fit=960%2C960&ssl=1&resize=700%2C400 2x"},"classes":[]},{"id":8641,"url":"https:\/\/pohjanmaantehtaanmyymala.fi\/sv\/tuote\/delta-tammipoyta-220cm\/","url_meta":{"origin":27809,"position":4},"title":"DELTA &#8211; tammip\u00f6yt\u00e4 220&#215;100 cm","author":"petri","date":"september 14, 2019","format":false,"excerpt":"Delta -ruokap\u00f6yt\u00e4 on todella tukeva massiivitammesta valmistettu p\u00f6yt\u00e4. Tammi on puulajina yksi kest\u00e4vimmist\u00e4, joka pit\u00e4\u00e4 ominaisuutensa vuosia, eik\u00e4 kulu kovassakaan k\u00e4yt\u00f6ss\u00e4. V\u00e4rivaihtoehdot tammip\u00f6yt\u00e4\u00e4n: \u00f6ljytty ja lakattu tammi sek\u00e4 lis\u00e4hintaan teak, musta, smoked ja nordic-valkolakattu. Delta-p\u00f6yt\u00e4\u00e4 saa my\u00f6s massiivikoivuisena eri v\u00e4reiss\u00e4 sek\u00e4 valkoiseksi maalattuna (kansi on silloin MDF-levy\u00e4). Delta-p\u00f6yd\u00e4n muut saatavilla\u2026","rel":"","context":"Liknande produkt","block_context":{"text":"Liknande produkt","link":""},"img":{"alt_text":"Delta p\u00f6yt\u00e4 100x200 \u00d6ljytty Massiivitammi","src":"https:\/\/i0.wp.com\/pohjanmaantehtaanmyymala.fi\/wp-content\/uploads\/2019\/06\/Delta-100x200-Oljytty-Massiivitammi-1.jpg?fit=960%2C960&ssl=1&resize=350%2C200","width":350,"height":200,"srcset":"https:\/\/i0.wp.com\/pohjanmaantehtaanmyymala.fi\/wp-content\/uploads\/2019\/06\/Delta-100x200-Oljytty-Massiivitammi-1.jpg?fit=960%2C960&ssl=1&resize=350%2C200 1x, https:\/\/i0.wp.com\/pohjanmaantehtaanmyymala.fi\/wp-content\/uploads\/2019\/06\/Delta-100x200-Oljytty-Massiivitammi-1.jpg?fit=960%2C960&ssl=1&resize=525%2C300 1.5x, https:\/\/i0.wp.com\/pohjanmaantehtaanmyymala.fi\/wp-content\/uploads\/2019\/06\/Delta-100x200-Oljytty-Massiivitammi-1.jpg?fit=960%2C960&ssl=1&resize=700%2C400 2x"},"classes":[]},{"id":8723,"url":"https:\/\/pohjanmaantehtaanmyymala.fi\/sv\/tuote\/delta-tammipoyta-180cm\/","url_meta":{"origin":27809,"position":5},"title":"DELTA &#8211; tammip\u00f6yt\u00e4 180&#215;95 cm","author":"petri","date":"september 14, 2019","format":false,"excerpt":"Delta -ruokap\u00f6yt\u00e4 on jykev\u00e4 massiivitammesta valmistettu p\u00f6yt\u00e4. Tammi on puulajina kest\u00e4v\u00e4, joka pit\u00e4\u00e4 ominaisuutensa vuosia, eik\u00e4 kulu kovassakaan k\u00e4yt\u00f6ss\u00e4. V\u00e4rivaihtoehdot tammip\u00f6yt\u00e4\u00e4n: \u00f6ljytty ja lakattu tammi sek\u00e4 lis\u00e4hintaan teak, musta, smoked ja nordic-valkolakattu. Delta-p\u00f6yt\u00e4\u00e4 saa my\u00f6s massiivikoivuisena eri v\u00e4reiss\u00e4 sek\u00e4 valkoiseksi maalattuna (kansi on silloin MDF-levy\u00e4). Kysy my\u00f6s muita kokoja ja\u2026","rel":"","context":"Liknande produkt","block_context":{"text":"Liknande produkt","link":""},"img":{"alt_text":"Delta p\u00f6yt\u00e4 100x200 \u00d6ljytty Massiivitammi","src":"https:\/\/i0.wp.com\/pohjanmaantehtaanmyymala.fi\/wp-content\/uploads\/2019\/06\/Delta-100x200-Oljytty-Massiivitammi-1.jpg?fit=960%2C960&ssl=1&resize=350%2C200","width":350,"height":200,"srcset":"https:\/\/i0.wp.com\/pohjanmaantehtaanmyymala.fi\/wp-content\/uploads\/2019\/06\/Delta-100x200-Oljytty-Massiivitammi-1.jpg?fit=960%2C960&ssl=1&resize=350%2C200 1x, https:\/\/i0.wp.com\/pohjanmaantehtaanmyymala.fi\/wp-content\/uploads\/2019\/06\/Delta-100x200-Oljytty-Massiivitammi-1.jpg?fit=960%2C960&ssl=1&resize=525%2C300 1.5x, https:\/\/i0.wp.com\/pohjanmaantehtaanmyymala.fi\/wp-content\/uploads\/2019\/06\/Delta-100x200-Oljytty-Massiivitammi-1.jpg?fit=960%2C960&ssl=1&resize=700%2C400 2x"},"classes":[]}],"_links":{"self":[{"href":"https:\/\/pohjanmaantehtaanmyymala.fi\/sv\/wp-json\/wp\/v2\/product\/27809","targetHints":{"allow":["GET"]}}],"collection":[{"href":"https:\/\/pohjanmaantehtaanmyymala.fi\/sv\/wp-json\/wp\/v2\/product"}],"about":[{"href":"https:\/\/pohjanmaantehtaanmyymala.fi\/sv\/wp-json\/wp\/v2\/types\/product"}],"replies":[{"embeddable":true,"href":"https:\/\/pohjanmaantehtaanmyymala.fi\/sv\/wp-json\/wp\/v2\/comments?post=27809"}],"wp:featuredmedia":[{"embeddable":true,"href":"https:\/\/pohjanmaantehtaanmyymala.fi\/sv\/wp-json\/wp\/v2\/media\/27815"}],"wp:attachment":[{"href":"https:\/\/pohjanmaantehtaanmyymala.fi\/sv\/wp-json\/wp\/v2\/media?parent=27809"}],"wp:term":[{"taxonomy":"product_brand","embeddable":true,"href":"https:\/\/pohjanmaantehtaanmyymala.fi\/sv\/wp-json\/wp\/v2\/product_brand?post=27809"},{"taxonomy":"product_cat","embeddable":true,"href":"https:\/\/pohjanmaantehtaanmyymala.fi\/sv\/wp-json\/wp\/v2\/product_cat?post=27809"},{"taxonomy":"product_tag","embeddable":true,"href":"https:\/\/pohjanmaantehtaanmyymala.fi\/sv\/wp-json\/wp\/v2\/product_tag?post=27809"}],"curies":[{"name":"wp","href":"https:\/\/api.w.org\/{rel}","templated":true}]}}