{"id":27684,"date":"2024-11-25T11:06:51","date_gmt":"2024-11-25T09:06:51","guid":{"rendered":"https:\/\/pohjanmaantehtaanmyymala.fi\/?post_type=product&#038;p=27684"},"modified":"2026-04-14T09:14:23","modified_gmt":"2026-04-14T07:14:23","slug":"moon-3-ist-nahkasohva-musta","status":"publish","type":"product","link":"https:\/\/pohjanmaantehtaanmyymala.fi\/sv\/tuote\/moon-3-ist-nahkasohva-musta\/","title":{"rendered":"Moon Black 3-ist. nahkasohva musta"},"content":{"rendered":"<p>Moon on moderni, kolmen istuttava nahkasohva, joka yhdist\u00e4\u00e4 mukavuuden ja yksinkertaisen tyylikkyyden. Sen omintakeinen muotoilu sopii hienosti monenlaisiin sisustuksiin, luoden tyylikk\u00e4\u00e4n ilmeen.<\/p>\n<p>Kulutuspinnat aitoa nahkaa ja taustaosat ovat keinonahkaa. Istuintyynyt ovat kiinte\u00e4t ja selk\u00e4tyynyt irroitettavat . My\u00f6s irallinen k\u00e4sinojatyyny<br \/>\nsis\u00e4ltyy sohvaan.<\/p>\n<p>Sohvaa on saatavana my\u00f6s ruskeana.<\/p>\n<p>Kysy edullista toimitusta kotiovellesi <a href=\"https:\/\/pohjanmaantehtaanmyymala.fi\/yhteys\/\">myynnist\u00e4mme!<\/a><\/p>\n<h3>Tuotetiedot:<\/h3>\n<p>Runko on valmistettu puusta ja koivuvanerista.<br \/>\nIstuimessa sik-sak jousitus.<br \/>\nIstuimessa rakennevaahtomuovi 1,5cm 38kg + 8cm 30kg + istuimen pinnassa 3cm HR42kg.Pehmusteena vaahtomuovi ja siksak-jouset.<br \/>\nKulutusosat aitoa nahkaa, muut osat keinonahkaa.<br \/>\nJalat on metallia, korkeus 15 cm.<br \/>\nKantavuus 360 kg.<\/p>\n<table width=\"216\">\n<tbody>\n<tr>\n<td width=\"88\">Leveys<\/td>\n<td width=\"64\">207<\/td>\n<td width=\"64\">cm<\/td>\n<\/tr>\n<tr>\n<td>Syvyys<\/td>\n<td>93<\/td>\n<td>cm<\/td>\n<\/tr>\n<tr>\n<td>Korkeus<\/td>\n<td>82<\/td>\n<td>cm<\/td>\n<\/tr>\n<tr>\n<td>Istuinsyvyys<\/td>\n<td>58<\/td>\n<td>cm<\/td>\n<\/tr>\n<tr>\n<td>Istuinkorkeus<\/td>\n<td>46<\/td>\n<td>cm<\/td>\n<\/tr>\n<tr>\n<td>Paino<\/td>\n<td>64<\/td>\n<td>kg<\/td>\n<\/tr>\n<\/tbody>\n<\/table>\n","protected":false},"excerpt":{"rendered":"<p>Nahkasohva, jossa on\u00a0 tyylikkyytt\u00e4 ja mukavuutta.<\/p>\n","protected":false},"featured_media":27688,"comment_status":"closed","ping_status":"closed","template":"","meta":{"_acf_changed":false,"jetpack_post_was_ever_published":false,"jetpack_publicize_message":"","jetpack_publicize_feature_enabled":true,"jetpack_social_post_already_shared":true,"jetpack_social_options":{"image_generator_settings":{"template":"highway","default_image_id":0,"font":"","enabled":false},"version":2}},"product_brand":[211],"product_cat":[201],"product_tag":[],"class_list":{"0":"post-27684","1":"product","2":"type-product","3":"status-publish","4":"has-post-thumbnail","6":"product_brand-tenstar","7":"product_cat-sohvat","8":"pa_vari-musta","9":"pa_vari-ruskea","11":"first","12":"instock","13":"sale","14":"shipping-taxable","15":"purchasable","16":"product-type-simple"},"acf":[],"jetpack_publicize_connections":[],"jetpack_sharing_enabled":true,"jetpack-related-posts":[{"id":27698,"url":"https:\/\/pohjanmaantehtaanmyymala.fi\/sv\/tuote\/moon-3-ist-nahkasohva-ruskea\/","url_meta":{"origin":27684,"position":0},"title":"Moon 3-ist. nahkasohva ruskea","author":"Sami Viitala","date":"november 25, 2024","format":false,"excerpt":"Nahkasohva, jossa on\u00a0 tyylikkyytt\u00e4 ja mukavuutta.","rel":"","context":"Liknande produkt","block_context":{"text":"Liknande produkt","link":""},"img":{"alt_text":"Moon nahkasohva 3- ruskea milj\u00f6\u00f6","src":"https:\/\/i0.wp.com\/pohjanmaantehtaanmyymala.fi\/wp-content\/uploads\/2024\/11\/Moon_sohva_miljoo_Tenstar.jpg?fit=960%2C960&ssl=1&resize=350%2C200","width":350,"height":200,"srcset":"https:\/\/i0.wp.com\/pohjanmaantehtaanmyymala.fi\/wp-content\/uploads\/2024\/11\/Moon_sohva_miljoo_Tenstar.jpg?fit=960%2C960&ssl=1&resize=350%2C200 1x, https:\/\/i0.wp.com\/pohjanmaantehtaanmyymala.fi\/wp-content\/uploads\/2024\/11\/Moon_sohva_miljoo_Tenstar.jpg?fit=960%2C960&ssl=1&resize=525%2C300 1.5x, https:\/\/i0.wp.com\/pohjanmaantehtaanmyymala.fi\/wp-content\/uploads\/2024\/11\/Moon_sohva_miljoo_Tenstar.jpg?fit=960%2C960&ssl=1&resize=700%2C400 2x"},"classes":[]},{"id":28172,"url":"https:\/\/pohjanmaantehtaanmyymala.fi\/sv\/tuote\/london-superior-3-ja-2-istuttavat-nahkasohvat\/","url_meta":{"origin":27684,"position":1},"title":"London superior 3 ja 2-istuttavat nahkasohvat","author":"Sami Viitala","date":"december 13, 2024","format":false,"excerpt":"Pohjanmaan Kalusteen valmistamat sohvat tehd\u00e4\u00e4n k\u00e4sity\u00f6n\u00e4 60 vuoden kokemuksella.","rel":"","context":"Liknande produkt","block_context":{"text":"Liknande produkt","link":""},"img":{"alt_text":"London nahkasohvat 3+2 ruskea v\u00e4ri olohuoneessa","src":"https:\/\/i0.wp.com\/pohjanmaantehtaanmyymala.fi\/wp-content\/uploads\/2024\/12\/London_3-2_miljoo.jpg?fit=1000%2C1000&ssl=1&resize=350%2C200","width":350,"height":200,"srcset":"https:\/\/i0.wp.com\/pohjanmaantehtaanmyymala.fi\/wp-content\/uploads\/2024\/12\/London_3-2_miljoo.jpg?fit=1000%2C1000&ssl=1&resize=350%2C200 1x, https:\/\/i0.wp.com\/pohjanmaantehtaanmyymala.fi\/wp-content\/uploads\/2024\/12\/London_3-2_miljoo.jpg?fit=1000%2C1000&ssl=1&resize=525%2C300 1.5x, https:\/\/i0.wp.com\/pohjanmaantehtaanmyymala.fi\/wp-content\/uploads\/2024\/12\/London_3-2_miljoo.jpg?fit=1000%2C1000&ssl=1&resize=700%2C400 2x"},"classes":[]},{"id":18476,"url":"https:\/\/pohjanmaantehtaanmyymala.fi\/sv\/tuote\/monza-3-istuttava-nahkasohva\/","url_meta":{"origin":27684,"position":2},"title":"Monza 3-istuttava nahkasohva","author":"Sami Viitala","date":"oktober 26, 2021","format":false,"excerpt":"Pohjanmaan Kalusteen valmistamat sohvat tehd\u00e4\u00e4n parhaista materiaaleista 60 vuoden kokemuksella.","rel":"","context":"Liknande produkt","block_context":{"text":"Liknande produkt","link":""},"img":{"alt_text":"Monza valkoinen nahkasohva","src":"https:\/\/i0.wp.com\/pohjanmaantehtaanmyymala.fi\/wp-content\/uploads\/2021\/10\/monza_sohva_3-ist_soft_antique_0127.jpg?fit=960%2C960&ssl=1&resize=350%2C200","width":350,"height":200,"srcset":"https:\/\/i0.wp.com\/pohjanmaantehtaanmyymala.fi\/wp-content\/uploads\/2021\/10\/monza_sohva_3-ist_soft_antique_0127.jpg?fit=960%2C960&ssl=1&resize=350%2C200 1x, https:\/\/i0.wp.com\/pohjanmaantehtaanmyymala.fi\/wp-content\/uploads\/2021\/10\/monza_sohva_3-ist_soft_antique_0127.jpg?fit=960%2C960&ssl=1&resize=525%2C300 1.5x, https:\/\/i0.wp.com\/pohjanmaantehtaanmyymala.fi\/wp-content\/uploads\/2021\/10\/monza_sohva_3-ist_soft_antique_0127.jpg?fit=960%2C960&ssl=1&resize=700%2C400 2x"},"classes":[]},{"id":17881,"url":"https:\/\/pohjanmaantehtaanmyymala.fi\/sv\/tuote\/amiral-2-ist-nahkasohva\/","url_meta":{"origin":27684,"position":3},"title":"AMIRAL 2-istuttava nahkasohva","author":"Sami Viitala","date":"augusti 27, 2021","format":false,"excerpt":"Pohjanmaan Kalusteen valmistamat sohvat tehd\u00e4\u00e4n parhaista materiaaleista 60 vuoden kokemuksella.","rel":"","context":"Liknande produkt","block_context":{"text":"Liknande produkt","link":""},"img":{"alt_text":"Amiral 2-istuttava sohva ruskea Labrador-nahka","src":"https:\/\/i0.wp.com\/pohjanmaantehtaanmyymala.fi\/wp-content\/uploads\/2021\/08\/Pohjanmaan_Amiral_2-istuttava.jpg?fit=1200%2C1200&ssl=1&resize=350%2C200","width":350,"height":200,"srcset":"https:\/\/i0.wp.com\/pohjanmaantehtaanmyymala.fi\/wp-content\/uploads\/2021\/08\/Pohjanmaan_Amiral_2-istuttava.jpg?fit=1200%2C1200&ssl=1&resize=350%2C200 1x, https:\/\/i0.wp.com\/pohjanmaantehtaanmyymala.fi\/wp-content\/uploads\/2021\/08\/Pohjanmaan_Amiral_2-istuttava.jpg?fit=1200%2C1200&ssl=1&resize=525%2C300 1.5x, https:\/\/i0.wp.com\/pohjanmaantehtaanmyymala.fi\/wp-content\/uploads\/2021\/08\/Pohjanmaan_Amiral_2-istuttava.jpg?fit=1200%2C1200&ssl=1&resize=700%2C400 2x, https:\/\/i0.wp.com\/pohjanmaantehtaanmyymala.fi\/wp-content\/uploads\/2021\/08\/Pohjanmaan_Amiral_2-istuttava.jpg?fit=1200%2C1200&ssl=1&resize=1050%2C600 3x"},"classes":[]},{"id":23832,"url":"https:\/\/pohjanmaantehtaanmyymala.fi\/sv\/tuote\/sheraton-2-istuttava-nahkasohva\/","url_meta":{"origin":27684,"position":4},"title":"SHERATON 2-istuttava nahkasohva","author":"Sami Viitala","date":"september 28, 2023","format":false,"excerpt":"Ylellisen pehme\u00e4 muhkea ja iso Sheraton 2-istuttava nahkasohva l\u00f6h\u00f6ilyyn. Sohvan pehme\u00e4t istuintyynyt yhdistettyn\u00e4 pehmeisiin selk\u00e4tyynyihin tarjoaa loistavan taukopaikan keskelle arkeasi. Sohva on verhoiltu kest\u00e4v\u00e4ll\u00e4 Soft antique-nahalla vain sohvan taustaosat ovat keinonahkaa. Istuinkorkeus 47 cm. -syvyys 56 cm. Sheraton-sohvamallista saatavana my\u00f6s 2-istuttava sohva ja nojatuoli. Kysy lis\u00e4\u00e4 asiakaspalvelustamme. Tuotetiedot: Runko:Massiivipuu koivuvaneri.\u2026","rel":"","context":"Liknande produkt","block_context":{"text":"Liknande produkt","link":""},"img":{"alt_text":"Sheraton 2-istuttava nahkasohva harmaa","src":"https:\/\/i0.wp.com\/pohjanmaantehtaanmyymala.fi\/wp-content\/uploads\/2023\/09\/Pohjanmaan-Sheraton_2-nahkasohva_harmaa.jpg?fit=960%2C960&ssl=1&resize=350%2C200","width":350,"height":200,"srcset":"https:\/\/i0.wp.com\/pohjanmaantehtaanmyymala.fi\/wp-content\/uploads\/2023\/09\/Pohjanmaan-Sheraton_2-nahkasohva_harmaa.jpg?fit=960%2C960&ssl=1&resize=350%2C200 1x, https:\/\/i0.wp.com\/pohjanmaantehtaanmyymala.fi\/wp-content\/uploads\/2023\/09\/Pohjanmaan-Sheraton_2-nahkasohva_harmaa.jpg?fit=960%2C960&ssl=1&resize=525%2C300 1.5x, https:\/\/i0.wp.com\/pohjanmaantehtaanmyymala.fi\/wp-content\/uploads\/2023\/09\/Pohjanmaan-Sheraton_2-nahkasohva_harmaa.jpg?fit=960%2C960&ssl=1&resize=700%2C400 2x"},"classes":[]},{"id":24241,"url":"https:\/\/pohjanmaantehtaanmyymala.fi\/sv\/tuote\/amiral-3-ja-2-istuttavat-nahkasohvat\/","url_meta":{"origin":27684,"position":5},"title":"AMIRAL 3- ja 2-istuttavat nahkasohvat","author":"Sami Viitala","date":"november 23, 2023","format":false,"excerpt":"Pohjanmaan Kalusteen valmistamat sohvat tehd\u00e4\u00e4n k\u00e4sity\u00f6n\u00e4 60 vuoden kokemuksella.","rel":"","context":"Liknande produkt","block_context":{"text":"Liknande produkt","link":""},"img":{"alt_text":"Pohjanmaan Amiral 3- ja 2-istuttavat nahkasohvat musta","src":"https:\/\/i0.wp.com\/pohjanmaantehtaanmyymala.fi\/wp-content\/uploads\/2023\/11\/Pohjanmaan_Amiral_sohvakalusto_32_nahka.jpg?fit=960%2C960&ssl=1&resize=350%2C200","width":350,"height":200,"srcset":"https:\/\/i0.wp.com\/pohjanmaantehtaanmyymala.fi\/wp-content\/uploads\/2023\/11\/Pohjanmaan_Amiral_sohvakalusto_32_nahka.jpg?fit=960%2C960&ssl=1&resize=350%2C200 1x, https:\/\/i0.wp.com\/pohjanmaantehtaanmyymala.fi\/wp-content\/uploads\/2023\/11\/Pohjanmaan_Amiral_sohvakalusto_32_nahka.jpg?fit=960%2C960&ssl=1&resize=525%2C300 1.5x, https:\/\/i0.wp.com\/pohjanmaantehtaanmyymala.fi\/wp-content\/uploads\/2023\/11\/Pohjanmaan_Amiral_sohvakalusto_32_nahka.jpg?fit=960%2C960&ssl=1&resize=700%2C400 2x"},"classes":[]}],"_links":{"self":[{"href":"https:\/\/pohjanmaantehtaanmyymala.fi\/sv\/wp-json\/wp\/v2\/product\/27684","targetHints":{"allow":["GET"]}}],"collection":[{"href":"https:\/\/pohjanmaantehtaanmyymala.fi\/sv\/wp-json\/wp\/v2\/product"}],"about":[{"href":"https:\/\/pohjanmaantehtaanmyymala.fi\/sv\/wp-json\/wp\/v2\/types\/product"}],"replies":[{"embeddable":true,"href":"https:\/\/pohjanmaantehtaanmyymala.fi\/sv\/wp-json\/wp\/v2\/comments?post=27684"}],"wp:featuredmedia":[{"embeddable":true,"href":"https:\/\/pohjanmaantehtaanmyymala.fi\/sv\/wp-json\/wp\/v2\/media\/27688"}],"wp:attachment":[{"href":"https:\/\/pohjanmaantehtaanmyymala.fi\/sv\/wp-json\/wp\/v2\/media?parent=27684"}],"wp:term":[{"taxonomy":"product_brand","embeddable":true,"href":"https:\/\/pohjanmaantehtaanmyymala.fi\/sv\/wp-json\/wp\/v2\/product_brand?post=27684"},{"taxonomy":"product_cat","embeddable":true,"href":"https:\/\/pohjanmaantehtaanmyymala.fi\/sv\/wp-json\/wp\/v2\/product_cat?post=27684"},{"taxonomy":"product_tag","embeddable":true,"href":"https:\/\/pohjanmaantehtaanmyymala.fi\/sv\/wp-json\/wp\/v2\/product_tag?post=27684"}],"curies":[{"name":"wp","href":"https:\/\/api.w.org\/{rel}","templated":true}]}}