{"id":27646,"date":"2024-11-22T16:59:55","date_gmt":"2024-11-22T14:59:55","guid":{"rendered":"https:\/\/pohjanmaantehtaanmyymala.fi\/?post_type=product&#038;p=27646"},"modified":"2025-12-13T10:28:49","modified_gmt":"2025-12-13T08:28:49","slug":"luca-jenkkisanky-160x200-cm-petauspatjalla","status":"publish","type":"product","link":"https:\/\/pohjanmaantehtaanmyymala.fi\/sv\/tuote\/luca-jenkkisanky-160x200-cm-petauspatjalla\/","title":{"rendered":"Lucia jenkkis\u00e4nky 160&#215;200 cm petauspatjalla"},"content":{"rendered":"<p>Lucia hard-jenkkis\u00e4nky tarjoaa j\u00e4m\u00e4k\u00e4n ja rentouttavan nukkumiskokemuksen. S\u00e4nky on verhoiltu tyylikk\u00e4\u00e4sti beigenharmaalla Luca Dolphin kankaalla.<\/p>\n<p>Lucia jenkkis\u00e4ngyn pussijousitettu v\u00e4lipatja mukautuu ihanteellisesti nukkujan vartaloon. Pussijousitetussa patjassa jokainen jousi toimii itsen\u00e4isesti omassa pussissaan, mahdollistaen yksil\u00f6llisen jousituksen. Jenkkis\u00e4ngyn jousettomat alarungot tarjoavat vakaan alustan v\u00e4lipatjalle, luoden samalla miellytt\u00e4v\u00e4n napakan tunnun s\u00e4ngyss\u00e4.<\/p>\n<p>Kysy edullista kotiinkuljetusta <a href=\"https:\/\/pohjanmaantehtaanmyymala.fi\/yhteys\/\">myynnist\u00e4mme!<\/a><\/p>\n<h3><strong>Tuotetiedot:<\/strong><\/h3>\n<p>J\u00e4ykkyys: Hard<br \/>\nV\u00e4lipatja: Tihe\u00e4 pussijousitus (245 jousta\/m2) jousen lankavahvuus 2mm.<br \/>\nAlarungot: Puu\/kalustelevyrunko, jousettomat. Valmiiksi kasatuttuna.<br \/>\nJenkkis\u00e4ngyn verhoilu: beigenharmaalla Luca Dolphin-kangas.<br \/>\nJalat: Harjattua ter\u00e4st\u00e4.<br \/>\nPetauspatja: Vaahtomuovi sisus 20 mm\/paksut vanukerrokset molemmilla puolilla, irrotettava ja vesipest\u00e4v\u00e4 p\u00e4\u00e4llinen. Paksuus 7 cm.<\/p>\n<p>Toimitus muoviin pakattuna.<\/p>\n","protected":false},"excerpt":{"rendered":"<p>Jenkkis\u00e4nky muhkealla petarilla.<\/p>\n","protected":false},"featured_media":27647,"comment_status":"closed","ping_status":"closed","template":"","meta":{"_acf_changed":false,"jetpack_post_was_ever_published":false,"jetpack_publicize_message":"","jetpack_publicize_feature_enabled":true,"jetpack_social_post_already_shared":true,"jetpack_social_options":{"image_generator_settings":{"template":"highway","default_image_id":0,"font":"","enabled":false},"version":2}},"product_brand":[206],"product_cat":[212,198],"product_tag":[],"class_list":{"0":"post-27646","1":"product","2":"type-product","3":"status-publish","4":"has-post-thumbnail","6":"product_brand-furnico","7":"product_cat-ajankohtaiset","8":"product_cat-patjat-ja-sangyt","9":"product_shipping_class-161","10":"pa_koko-160x200-cm","11":"pa_vari-beige","12":"pa_vari-musta","13":"pa_vari-ruskea","14":"pa_vari-tummanharmaa","15":"pa_vari-vaaleanharmaa","17":"first","18":"instock","19":"sale","20":"purchasable","21":"product-type-simple"},"acf":[],"jetpack_publicize_connections":[],"jetpack_sharing_enabled":true,"jetpack-related-posts":[{"id":24992,"url":"https:\/\/pohjanmaantehtaanmyymala.fi\/sv\/tuote\/uniikki-hard-jenkkisanky-kokonaisuus-160x200-cm\/","url_meta":{"origin":27646,"position":0},"title":"Uniikki HARD Jenkkis\u00e4nky 160&#215;200 cm","author":"Miro Nevala","date":"februari 7, 2024","format":false,"excerpt":"Jam\u00e4kk\u00e4 ja mukava jenkkis\u00e4nky!","rel":"","context":"Liknande produkt","block_context":{"text":"Liknande produkt","link":""},"img":{"alt_text":"Uniikki HARD jenkkis\u00e4nky 180x200 v\u00e4ri tumman harmaa","src":"https:\/\/i0.wp.com\/pohjanmaantehtaanmyymala.fi\/wp-content\/uploads\/2024\/02\/Uniikki-Hard-jenkkisa%CC%88nky-960dpi.jpg?fit=960%2C960&ssl=1&resize=350%2C200","width":350,"height":200,"srcset":"https:\/\/i0.wp.com\/pohjanmaantehtaanmyymala.fi\/wp-content\/uploads\/2024\/02\/Uniikki-Hard-jenkkisa%CC%88nky-960dpi.jpg?fit=960%2C960&ssl=1&resize=350%2C200 1x, https:\/\/i0.wp.com\/pohjanmaantehtaanmyymala.fi\/wp-content\/uploads\/2024\/02\/Uniikki-Hard-jenkkisa%CC%88nky-960dpi.jpg?fit=960%2C960&ssl=1&resize=525%2C300 1.5x, https:\/\/i0.wp.com\/pohjanmaantehtaanmyymala.fi\/wp-content\/uploads\/2024\/02\/Uniikki-Hard-jenkkisa%CC%88nky-960dpi.jpg?fit=960%2C960&ssl=1&resize=700%2C400 2x"},"classes":[]},{"id":24985,"url":"https:\/\/pohjanmaantehtaanmyymala.fi\/sv\/tuote\/uniikki-hard-jenkkisanky-180x200-petarilla\/","url_meta":{"origin":27646,"position":1},"title":"Uniikki HARD Jenkkis\u00e4nky 180&#215;200 petarilla","author":"Miro Nevala","date":"februari 7, 2024","format":false,"excerpt":"Muhkea ja mukava Jenkkis\u00e4nky!","rel":"","context":"Liknande produkt","block_context":{"text":"Liknande produkt","link":""},"img":{"alt_text":"Uniikki HARD Jenkkis\u00e4nky v\u00e4ri tumman harmaa","src":"https:\/\/i0.wp.com\/pohjanmaantehtaanmyymala.fi\/wp-content\/uploads\/2024\/02\/Uniikki-Hard-jenkkisa%CC%88nky-pa%CC%88a%CC%88dylla%CC%88-960dpi.jpg?fit=960%2C960&ssl=1&resize=350%2C200","width":350,"height":200,"srcset":"https:\/\/i0.wp.com\/pohjanmaantehtaanmyymala.fi\/wp-content\/uploads\/2024\/02\/Uniikki-Hard-jenkkisa%CC%88nky-pa%CC%88a%CC%88dylla%CC%88-960dpi.jpg?fit=960%2C960&ssl=1&resize=350%2C200 1x, https:\/\/i0.wp.com\/pohjanmaantehtaanmyymala.fi\/wp-content\/uploads\/2024\/02\/Uniikki-Hard-jenkkisa%CC%88nky-pa%CC%88a%CC%88dylla%CC%88-960dpi.jpg?fit=960%2C960&ssl=1&resize=525%2C300 1.5x, https:\/\/i0.wp.com\/pohjanmaantehtaanmyymala.fi\/wp-content\/uploads\/2024\/02\/Uniikki-Hard-jenkkisa%CC%88nky-pa%CC%88a%CC%88dylla%CC%88-960dpi.jpg?fit=960%2C960&ssl=1&resize=700%2C400 2x"},"classes":[]},{"id":24993,"url":"https:\/\/pohjanmaantehtaanmyymala.fi\/sv\/tuote\/uniikki-hard-jenkkisankypaketti-140x200-cm\/","url_meta":{"origin":27646,"position":2},"title":"Uniikki HARD Jenkkis\u00e4nkypaketti 140&#215;200 cm","author":"Miro Nevala","date":"februari 7, 2024","format":false,"excerpt":"J\u00e4m\u00e4kk\u00e4 ja mukava Jenkkis\u00e4nky!","rel":"","context":"Liknande produkt","block_context":{"text":"Liknande produkt","link":""},"img":{"alt_text":"Uniikki HARD jenkkis\u00e4nky 180x200 v\u00e4ri tumman harmaa","src":"https:\/\/i0.wp.com\/pohjanmaantehtaanmyymala.fi\/wp-content\/uploads\/2024\/02\/Uniikki-Hard-jenkkisa%CC%88nky-960dpi.jpg?fit=960%2C960&ssl=1&resize=350%2C200","width":350,"height":200,"srcset":"https:\/\/i0.wp.com\/pohjanmaantehtaanmyymala.fi\/wp-content\/uploads\/2024\/02\/Uniikki-Hard-jenkkisa%CC%88nky-960dpi.jpg?fit=960%2C960&ssl=1&resize=350%2C200 1x, https:\/\/i0.wp.com\/pohjanmaantehtaanmyymala.fi\/wp-content\/uploads\/2024\/02\/Uniikki-Hard-jenkkisa%CC%88nky-960dpi.jpg?fit=960%2C960&ssl=1&resize=525%2C300 1.5x, https:\/\/i0.wp.com\/pohjanmaantehtaanmyymala.fi\/wp-content\/uploads\/2024\/02\/Uniikki-Hard-jenkkisa%CC%88nky-960dpi.jpg?fit=960%2C960&ssl=1&resize=700%2C400 2x"},"classes":[]},{"id":10512,"url":"https:\/\/pohjanmaantehtaanmyymala.fi\/sv\/tuote\/uniikki-jenkkisanky-petauspatjalla-120cm\/","url_meta":{"origin":27646,"position":3},"title":"UNIIKKI &#8211; jenkkis\u00e4nky petauspatjalla ja p\u00e4\u00e4dyll\u00e4 120&#215;200 cm","author":"petri","date":"september 14, 2019","format":false,"excerpt":"Nuorison suosima pussijousitettu jenkkiss\u00e4nky.","rel":"","context":"Liknande produkt","block_context":{"text":"Liknande produkt","link":""},"img":{"alt_text":"Uniikki Jenkkis\u00e4nky 120 cm","src":"https:\/\/i0.wp.com\/pohjanmaantehtaanmyymala.fi\/wp-content\/uploads\/2019\/09\/Uniikki_Jenkkisanky_120.jpg?fit=1200%2C988&ssl=1&resize=350%2C200","width":350,"height":200,"srcset":"https:\/\/i0.wp.com\/pohjanmaantehtaanmyymala.fi\/wp-content\/uploads\/2019\/09\/Uniikki_Jenkkisanky_120.jpg?fit=1200%2C988&ssl=1&resize=350%2C200 1x, https:\/\/i0.wp.com\/pohjanmaantehtaanmyymala.fi\/wp-content\/uploads\/2019\/09\/Uniikki_Jenkkisanky_120.jpg?fit=1200%2C988&ssl=1&resize=525%2C300 1.5x, https:\/\/i0.wp.com\/pohjanmaantehtaanmyymala.fi\/wp-content\/uploads\/2019\/09\/Uniikki_Jenkkisanky_120.jpg?fit=1200%2C988&ssl=1&resize=700%2C400 2x, https:\/\/i0.wp.com\/pohjanmaantehtaanmyymala.fi\/wp-content\/uploads\/2019\/09\/Uniikki_Jenkkisanky_120.jpg?fit=1200%2C988&ssl=1&resize=1050%2C600 3x"},"classes":[]},{"id":17605,"url":"https:\/\/pohjanmaantehtaanmyymala.fi\/sv\/tuote\/eden-9-jenkkisanky-160x200-cm\/","url_meta":{"origin":27646,"position":4},"title":"EDEN 9 -jenkkis\u00e4nky 160&#215;200 cm petauspatjalla","author":"Sami Viitala","date":"augusti 17, 2021","format":false,"excerpt":"Kotimainen N\u00e4rpi\u00f6ss\u00e4 valmistettu luxus-jenkkis\u00e4nkypaketti. Valitse malli\/v\u00e4ri alta!","rel":"","context":"Liknande produkt","block_context":{"text":"Liknande produkt","link":""},"img":{"alt_text":"Eden 9 jenkkis\u00e4nky okran v\u00e4rinen","src":"https:\/\/i0.wp.com\/pohjanmaantehtaanmyymala.fi\/wp-content\/uploads\/2021\/08\/EDEN-9-jenkki-tupla-okra.jpg?fit=960%2C960&ssl=1&resize=350%2C200","width":350,"height":200,"srcset":"https:\/\/i0.wp.com\/pohjanmaantehtaanmyymala.fi\/wp-content\/uploads\/2021\/08\/EDEN-9-jenkki-tupla-okra.jpg?fit=960%2C960&ssl=1&resize=350%2C200 1x, https:\/\/i0.wp.com\/pohjanmaantehtaanmyymala.fi\/wp-content\/uploads\/2021\/08\/EDEN-9-jenkki-tupla-okra.jpg?fit=960%2C960&ssl=1&resize=525%2C300 1.5x, https:\/\/i0.wp.com\/pohjanmaantehtaanmyymala.fi\/wp-content\/uploads\/2021\/08\/EDEN-9-jenkki-tupla-okra.jpg?fit=960%2C960&ssl=1&resize=700%2C400 2x"},"classes":[]},{"id":27214,"url":"https:\/\/pohjanmaantehtaanmyymala.fi\/sv\/tuote\/eden-9-jenkkisanky-180x200-cm-petauspatjalla\/","url_meta":{"origin":27646,"position":5},"title":"EDEN 9 -jenkkis\u00e4nky 180&#215;200 cm petauspatjalla","author":"Sami Viitala","date":"september 30, 2024","format":false,"excerpt":"Kotimainen N\u00e4rpi\u00f6ss\u00e4 valmistettu luxus-jenkkis\u00e4nkypaketti. Valitse malli\/v\u00e4ri alta!","rel":"","context":"Liknande produkt","block_context":{"text":"Liknande produkt","link":""},"img":{"alt_text":"Eden 9 jenkkis\u00e4nky okran v\u00e4rinen 180 cm","src":"https:\/\/i0.wp.com\/pohjanmaantehtaanmyymala.fi\/wp-content\/uploads\/2024\/09\/EDEN-9-jenkki-180-okra.jpg?fit=960%2C960&ssl=1&resize=350%2C200","width":350,"height":200,"srcset":"https:\/\/i0.wp.com\/pohjanmaantehtaanmyymala.fi\/wp-content\/uploads\/2024\/09\/EDEN-9-jenkki-180-okra.jpg?fit=960%2C960&ssl=1&resize=350%2C200 1x, https:\/\/i0.wp.com\/pohjanmaantehtaanmyymala.fi\/wp-content\/uploads\/2024\/09\/EDEN-9-jenkki-180-okra.jpg?fit=960%2C960&ssl=1&resize=525%2C300 1.5x, https:\/\/i0.wp.com\/pohjanmaantehtaanmyymala.fi\/wp-content\/uploads\/2024\/09\/EDEN-9-jenkki-180-okra.jpg?fit=960%2C960&ssl=1&resize=700%2C400 2x"},"classes":[]}],"_links":{"self":[{"href":"https:\/\/pohjanmaantehtaanmyymala.fi\/sv\/wp-json\/wp\/v2\/product\/27646","targetHints":{"allow":["GET"]}}],"collection":[{"href":"https:\/\/pohjanmaantehtaanmyymala.fi\/sv\/wp-json\/wp\/v2\/product"}],"about":[{"href":"https:\/\/pohjanmaantehtaanmyymala.fi\/sv\/wp-json\/wp\/v2\/types\/product"}],"replies":[{"embeddable":true,"href":"https:\/\/pohjanmaantehtaanmyymala.fi\/sv\/wp-json\/wp\/v2\/comments?post=27646"}],"wp:featuredmedia":[{"embeddable":true,"href":"https:\/\/pohjanmaantehtaanmyymala.fi\/sv\/wp-json\/wp\/v2\/media\/27647"}],"wp:attachment":[{"href":"https:\/\/pohjanmaantehtaanmyymala.fi\/sv\/wp-json\/wp\/v2\/media?parent=27646"}],"wp:term":[{"taxonomy":"product_brand","embeddable":true,"href":"https:\/\/pohjanmaantehtaanmyymala.fi\/sv\/wp-json\/wp\/v2\/product_brand?post=27646"},{"taxonomy":"product_cat","embeddable":true,"href":"https:\/\/pohjanmaantehtaanmyymala.fi\/sv\/wp-json\/wp\/v2\/product_cat?post=27646"},{"taxonomy":"product_tag","embeddable":true,"href":"https:\/\/pohjanmaantehtaanmyymala.fi\/sv\/wp-json\/wp\/v2\/product_tag?post=27646"}],"curies":[{"name":"wp","href":"https:\/\/api.w.org\/{rel}","templated":true}]}}