{"id":27617,"date":"2024-11-21T12:20:48","date_gmt":"2024-11-21T10:20:48","guid":{"rendered":"https:\/\/pohjanmaantehtaanmyymala.fi\/?post_type=product&#038;p=27617"},"modified":"2024-12-06T00:00:55","modified_gmt":"2024-12-05T22:00:55","slug":"kiteen-medilift-saatopohja-sankyyn","status":"publish","type":"product","link":"https:\/\/pohjanmaantehtaanmyymala.fi\/sv\/tuote\/kiteen-medilift-saatopohja-sankyyn\/","title":{"rendered":"Kiteen medilift s\u00e4\u00e4t\u00f6pohja s\u00e4nkyyn"},"content":{"rendered":"<p>S\u00e4ngyn Hoiva-moottoripohja monipuolisilla toiminnoilla. Kiteen moottoripohjassa saa portaattomasti nostettua ja laskettua p\u00e4\u00e4- ja jalkap\u00e4\u00e4ty\u00e4 haluamallasi tavalla. Lis\u00e4ksi Kiteen medilift-moottoripohjassa on my\u00f6s nostotoiminto, jolla koko patja nousee yl\u00f6sp\u00e4in noin 39 cm. Nostotoiminto helpottaa merkitt\u00e4v\u00e4sti hoivaty\u00f6t\u00e4.<\/p>\n<p>Helppok\u00e4ytt\u00f6inen ja turvallinen moottoripohja on suunniteltu kaiken ik\u00e4isille k\u00e4ytt\u00e4jille ja se soveltuu useisiin s\u00e4nkymalleihin, kunhan varmistat ett\u00e4 s\u00e4ngynlaidan ja lattian v\u00e4liin j\u00e4\u00e4 noin 30 cm vapaata tilaa. Huomio my\u00f6s, ett\u00e4 pohja nostaa patjan noin 5 cm ylemm\u00e4ksi normaalikorkeudesta.<\/p>\n<p>Saatavilla olevat koot; 80&#215;200 cm ja 90&#215;200 cm<\/p>\n<h3>Tuotetiedot:<\/h3>\n<ul>\n<li>koko: 80&#215;200 cm tai 90&#215;200 cm<\/li>\n<li>pohjan korkeus n. 5 cm<\/li>\n<li>helppo asentaa; asennetaan normaalin s\u00e4lepohjan tilalle. Sopii yleisimpien s\u00e4nkymallien kanssa.<\/li>\n<li>kannatinlistan ja lattian v\u00e4liin tarvitaan v\u00e4hint\u00e4\u00e4n 31 cm tilaa mekanismin liikkumista varten<\/li>\n<li>pohjassa on 28 kpl puisia joustos\u00e4leit\u00e4<\/li>\n<li>istuinvy\u00f6hykkeess\u00e4 s\u00e4\u00e4dett\u00e4v\u00e4t kaksoiss\u00e4leet<\/li>\n<li>helppok\u00e4ytt\u00f6inen kaukos\u00e4\u00e4din asennon muokkaamiseen<\/li>\n<li>maksimi nostokorkeus n. 39 cm<\/li>\n<li>4 moottoria (hiljaiset ja huoltovapaat)<\/li>\n<li>j\u00e4nnitett\u00e4 vain kun moottoreita k\u00e4ytet\u00e4\u00e4n<\/li>\n<li>h\u00e4t\u00e4lasku mahdollisuus<\/li>\n<li>2 vuoden takuu<\/li>\n<li>nostokapasiteetti 160 kg<\/li>\n<li>moottoripohjan paino 64 kg<\/li>\n<li>tuote on valmiiksi kasattu<\/li>\n<li>toimitetaan pahvipakkauksessa<\/li>\n<\/ul>\n","protected":false},"excerpt":{"rendered":"<p>Markkinoiden paras Medilift -moottoripohja nostotoiminnolla, kaksi eri kokoa.<\/p>\n","protected":false},"featured_media":27631,"comment_status":"closed","ping_status":"closed","template":"","meta":{"_acf_changed":false,"jetpack_post_was_ever_published":false,"jetpack_publicize_message":"","jetpack_publicize_feature_enabled":true,"jetpack_social_post_already_shared":true,"jetpack_social_options":{"image_generator_settings":{"template":"highway","default_image_id":0,"font":"","enabled":false},"version":2}},"product_brand":[205],"product_cat":[198,204],"product_tag":[],"class_list":{"0":"post-27617","1":"product","2":"type-product","3":"status-publish","4":"has-post-thumbnail","6":"product_brand-kiteen","7":"product_cat-patjat-ja-sangyt","8":"product_cat-seniorikalusteet","9":"product_shipping_class-161","10":"pa_koko-80x200-cm","11":"pa_koko-90x200-cm","13":"first","14":"instock","15":"purchasable","16":"product-type-variable"},"acf":[],"jetpack_publicize_connections":[],"jetpack_sharing_enabled":true,"jetpack-related-posts":[{"id":27618,"url":"https:\/\/pohjanmaantehtaanmyymala.fi\/sv\/tuote\/hilding-flex28-saatopohja-90x200-cm\/","url_meta":{"origin":27617,"position":0},"title":"Hilding Flex28 s\u00e4\u00e4t\u00f6pohja 90&#215;200 cm","author":"Sami Viitala","date":"november 21, 2024","format":false,"excerpt":"Markkinoiden paras moottoripohja perinteiseen s\u00e4nkyyn.","rel":"","context":"Liknande produkt","block_context":{"text":"Liknande produkt","link":""},"img":{"alt_text":"Hilding Flex28 moottopohja","src":"https:\/\/i0.wp.com\/pohjanmaantehtaanmyymala.fi\/wp-content\/uploads\/2022\/03\/Flex28-saatopohja-Hilding-80-90.jpg?fit=960%2C960&ssl=1&resize=350%2C200","width":350,"height":200,"srcset":"https:\/\/i0.wp.com\/pohjanmaantehtaanmyymala.fi\/wp-content\/uploads\/2022\/03\/Flex28-saatopohja-Hilding-80-90.jpg?fit=960%2C960&ssl=1&resize=350%2C200 1x, https:\/\/i0.wp.com\/pohjanmaantehtaanmyymala.fi\/wp-content\/uploads\/2022\/03\/Flex28-saatopohja-Hilding-80-90.jpg?fit=960%2C960&ssl=1&resize=525%2C300 1.5x, https:\/\/i0.wp.com\/pohjanmaantehtaanmyymala.fi\/wp-content\/uploads\/2022\/03\/Flex28-saatopohja-Hilding-80-90.jpg?fit=960%2C960&ssl=1&resize=700%2C400 2x"},"classes":[]},{"id":20244,"url":"https:\/\/pohjanmaantehtaanmyymala.fi\/sv\/tuote\/hilding-flex28-saatopohja\/","url_meta":{"origin":27617,"position":1},"title":"Hilding Flex28 s\u00e4\u00e4t\u00f6pohja 80&#215;200 cm","author":"Sami Viitala","date":"mars 28, 2022","format":false,"excerpt":"Markkinoiden paras moottoripohja perinteiseen s\u00e4nkyyn.","rel":"","context":"Liknande produkt","block_context":{"text":"Liknande produkt","link":""},"img":{"alt_text":"Hilding Flex28 moottopohja","src":"https:\/\/i0.wp.com\/pohjanmaantehtaanmyymala.fi\/wp-content\/uploads\/2022\/03\/Flex28-saatopohja-Hilding-80-90.jpg?fit=960%2C960&ssl=1&resize=350%2C200","width":350,"height":200,"srcset":"https:\/\/i0.wp.com\/pohjanmaantehtaanmyymala.fi\/wp-content\/uploads\/2022\/03\/Flex28-saatopohja-Hilding-80-90.jpg?fit=960%2C960&ssl=1&resize=350%2C200 1x, https:\/\/i0.wp.com\/pohjanmaantehtaanmyymala.fi\/wp-content\/uploads\/2022\/03\/Flex28-saatopohja-Hilding-80-90.jpg?fit=960%2C960&ssl=1&resize=525%2C300 1.5x, https:\/\/i0.wp.com\/pohjanmaantehtaanmyymala.fi\/wp-content\/uploads\/2022\/03\/Flex28-saatopohja-Hilding-80-90.jpg?fit=960%2C960&ssl=1&resize=700%2C400 2x"},"classes":[]},{"id":10491,"url":"https:\/\/pohjanmaantehtaanmyymala.fi\/sv\/tuote\/seniori-sanky-90x200-cm\/","url_meta":{"origin":27617,"position":2},"title":"SENIORI \u2013 s\u00e4nky 90&#215;200 cm","author":"petri","date":"september 14, 2019","format":false,"excerpt":"Kiteen Huonekalutehtaan Seniori sarja on ik\u00e4ihmisille suunniteltu kotimainen kalustemallisto. Massiivikoivusta valmistettu Seniori s\u00e4nky on j\u00e4rkev\u00e4 ja turvallinen valinta. S\u00e4nky on istumakorkeudeltaan normaalia s\u00e4nky\u00e4 korkeampi, mik\u00e4 helpottaa siit\u00e4 nousemista. S\u00e4nky\u00e4 on saatavana 80, 90 ja 120 cm leve\u00e4n\u00e4. S\u00e4nkyyn on my\u00f6s tarjolla liikkumista turvaavua lis\u00e4varusteita, kuten vaikka nousutuki ja turvalaita, sek\u00e4\u2026","rel":"","context":"Liknande produkt","block_context":{"text":"Liknande produkt","link":""},"img":{"alt_text":"","src":"https:\/\/i0.wp.com\/pohjanmaantehtaanmyymala.fi\/wp-content\/uploads\/2019\/09\/SENIORI-SANKY-VALKOINEN.jpg?fit=960%2C960&ssl=1&resize=350%2C200","width":350,"height":200,"srcset":"https:\/\/i0.wp.com\/pohjanmaantehtaanmyymala.fi\/wp-content\/uploads\/2019\/09\/SENIORI-SANKY-VALKOINEN.jpg?fit=960%2C960&ssl=1&resize=350%2C200 1x, https:\/\/i0.wp.com\/pohjanmaantehtaanmyymala.fi\/wp-content\/uploads\/2019\/09\/SENIORI-SANKY-VALKOINEN.jpg?fit=960%2C960&ssl=1&resize=525%2C300 1.5x, https:\/\/i0.wp.com\/pohjanmaantehtaanmyymala.fi\/wp-content\/uploads\/2019\/09\/SENIORI-SANKY-VALKOINEN.jpg?fit=960%2C960&ssl=1&resize=700%2C400 2x"},"classes":[]},{"id":20224,"url":"https:\/\/pohjanmaantehtaanmyymala.fi\/sv\/tuote\/notte-sanky-160x200-cm-koivu\/","url_meta":{"origin":27617,"position":3},"title":"Notte s\u00e4nky 160&#215;200 cm koivu","author":"Sami Viitala","date":"mars 28, 2022","format":false,"excerpt":"Kiteen Huonekalutehtaan valmistama Notte koivus\u00e4nky on trendikk\u00e4\u00e4n tyylik\u00e4s, ja moderniin kotiin hyvin. S\u00e4nky\u00e4 on saatavana luonnonv\u00e4risen\u00e4 ja valkoisena. S\u00e4ngyn mukana tulee puinen s\u00e4lepohja. Patjat eiv\u00e4t kuulu hintaan. S\u00e4nky\u00e4 on saatavana my\u00f6s 180 cm leve\u00e4n\u00e4. S\u00e4nkyyn on my\u00f6s tarjolla s\u00e4\u00e4dett\u00e4v\u00e4 moottoripohja. S\u00e4ngyn kokonaismitat: Leveys: 169cm Syvyys: 207cm S\u00e4ngyn alle j\u00e4\u00e4v\u00e4n tilan\u2026","rel":"","context":"Liknande produkt","block_context":{"text":"Liknande produkt","link":""},"img":{"alt_text":"Kiteen Notte paris\u00e4nky koivu","src":"https:\/\/i0.wp.com\/pohjanmaantehtaanmyymala.fi\/wp-content\/uploads\/2022\/03\/Kiteen_Notte_sanky_koivu.jpg?fit=960%2C960&ssl=1&resize=350%2C200","width":350,"height":200,"srcset":"https:\/\/i0.wp.com\/pohjanmaantehtaanmyymala.fi\/wp-content\/uploads\/2022\/03\/Kiteen_Notte_sanky_koivu.jpg?fit=960%2C960&ssl=1&resize=350%2C200 1x, https:\/\/i0.wp.com\/pohjanmaantehtaanmyymala.fi\/wp-content\/uploads\/2022\/03\/Kiteen_Notte_sanky_koivu.jpg?fit=960%2C960&ssl=1&resize=525%2C300 1.5x, https:\/\/i0.wp.com\/pohjanmaantehtaanmyymala.fi\/wp-content\/uploads\/2022\/03\/Kiteen_Notte_sanky_koivu.jpg?fit=960%2C960&ssl=1&resize=700%2C400 2x"},"classes":[]},{"id":20202,"url":"https:\/\/pohjanmaantehtaanmyymala.fi\/sv\/tuote\/seniori-sanky-80x200-cm\/","url_meta":{"origin":27617,"position":4},"title":"SENIORI s\u00e4nky 80&#215;200 cm","author":"Sami Viitala","date":"mars 28, 2022","format":false,"excerpt":"Kiteen Huonekalutehtaan Seniori sarja on ik\u00e4ihmisille suunniteltu kotimainen kalustemallisto. Massiivikoivusta valmistettu Seniori s\u00e4nky on j\u00e4rkev\u00e4 ja turvallinen valinta. S\u00e4nky on istumakorkeudeltaan normaalia s\u00e4nky\u00e4 korkeampi, mik\u00e4 helpottaa siit\u00e4 nousemista. S\u00e4nky\u00e4 on saatavana 80, 90, 120 cm leve\u00e4n\u00e4. S\u00e4nkyyn on my\u00f6s tarjolla liikkumista turvaavua lis\u00e4varusteita, kuten vaikka nousutuki ja turvalaita, sek\u00e4 moottoripohja.\u2026","rel":"","context":"Liknande produkt","block_context":{"text":"Liknande produkt","link":""},"img":{"alt_text":"","src":"https:\/\/i0.wp.com\/pohjanmaantehtaanmyymala.fi\/wp-content\/uploads\/2019\/09\/SENIORI-SANKY-VALKOINEN.jpg?fit=960%2C960&ssl=1&resize=350%2C200","width":350,"height":200,"srcset":"https:\/\/i0.wp.com\/pohjanmaantehtaanmyymala.fi\/wp-content\/uploads\/2019\/09\/SENIORI-SANKY-VALKOINEN.jpg?fit=960%2C960&ssl=1&resize=350%2C200 1x, https:\/\/i0.wp.com\/pohjanmaantehtaanmyymala.fi\/wp-content\/uploads\/2019\/09\/SENIORI-SANKY-VALKOINEN.jpg?fit=960%2C960&ssl=1&resize=525%2C300 1.5x, https:\/\/i0.wp.com\/pohjanmaantehtaanmyymala.fi\/wp-content\/uploads\/2019\/09\/SENIORI-SANKY-VALKOINEN.jpg?fit=960%2C960&ssl=1&resize=700%2C400 2x"},"classes":[]},{"id":21090,"url":"https:\/\/pohjanmaantehtaanmyymala.fi\/sv\/tuote\/uness-sapfir-saatopohja-80x200-cm\/","url_meta":{"origin":27617,"position":5},"title":"Uness Sapfir s\u00e4\u00e4t\u00f6pohja 80&#215;200 cm","author":"Sami Viitala","date":"september 3, 2022","format":false,"excerpt":"Sapfir-moottoripohjalla voit muuttaa perinteinen s\u00e4nkysi k\u00e4tev\u00e4sti moottoris\u00e4ngyksi. T\u00e4m\u00e4 Uness:n s\u00e4\u00e4t\u00f6pohja sopii kaikkiin 200 cm pitkiin s\u00e4ngynrunkoihin. Moottoripohja on helppo asentaa s\u00e4ngyn pohjas\u00e4leiden tilalle. Esimerkiksi 160 cm perinteiseen paris\u00e4nkyyn voit asentaa kaksi moottoripohjaa vierekk\u00e4in. S\u00e4\u00e4t\u00f6pohja sis\u00e4lt\u00e4\u00e4 langattoman kaukos\u00e4\u00e4timen, jolla voit s\u00e4\u00e4t\u00e4\u00e4 jalka tai p\u00e4\u00e4p\u00e4\u00e4dyn korkeuden haluamaasi asentoon portaattomasti. Tuotetiedot: Korkeus 5\u2026","rel":"","context":"Liknande produkt","block_context":{"text":"Liknande produkt","link":""},"img":{"alt_text":"Sapfir mottori\/s\u00e4\u00e4t\u00f6pohja 80 cm leve\u00e4\u00e4n s\u00e4nkyyn","src":"https:\/\/i0.wp.com\/pohjanmaantehtaanmyymala.fi\/wp-content\/uploads\/2022\/09\/Sapfir_moottoripohja_80.jpg?fit=960%2C960&ssl=1&resize=350%2C200","width":350,"height":200,"srcset":"https:\/\/i0.wp.com\/pohjanmaantehtaanmyymala.fi\/wp-content\/uploads\/2022\/09\/Sapfir_moottoripohja_80.jpg?fit=960%2C960&ssl=1&resize=350%2C200 1x, https:\/\/i0.wp.com\/pohjanmaantehtaanmyymala.fi\/wp-content\/uploads\/2022\/09\/Sapfir_moottoripohja_80.jpg?fit=960%2C960&ssl=1&resize=525%2C300 1.5x, https:\/\/i0.wp.com\/pohjanmaantehtaanmyymala.fi\/wp-content\/uploads\/2022\/09\/Sapfir_moottoripohja_80.jpg?fit=960%2C960&ssl=1&resize=700%2C400 2x"},"classes":[]}],"_links":{"self":[{"href":"https:\/\/pohjanmaantehtaanmyymala.fi\/sv\/wp-json\/wp\/v2\/product\/27617","targetHints":{"allow":["GET"]}}],"collection":[{"href":"https:\/\/pohjanmaantehtaanmyymala.fi\/sv\/wp-json\/wp\/v2\/product"}],"about":[{"href":"https:\/\/pohjanmaantehtaanmyymala.fi\/sv\/wp-json\/wp\/v2\/types\/product"}],"replies":[{"embeddable":true,"href":"https:\/\/pohjanmaantehtaanmyymala.fi\/sv\/wp-json\/wp\/v2\/comments?post=27617"}],"wp:featuredmedia":[{"embeddable":true,"href":"https:\/\/pohjanmaantehtaanmyymala.fi\/sv\/wp-json\/wp\/v2\/media\/27631"}],"wp:attachment":[{"href":"https:\/\/pohjanmaantehtaanmyymala.fi\/sv\/wp-json\/wp\/v2\/media?parent=27617"}],"wp:term":[{"taxonomy":"product_brand","embeddable":true,"href":"https:\/\/pohjanmaantehtaanmyymala.fi\/sv\/wp-json\/wp\/v2\/product_brand?post=27617"},{"taxonomy":"product_cat","embeddable":true,"href":"https:\/\/pohjanmaantehtaanmyymala.fi\/sv\/wp-json\/wp\/v2\/product_cat?post=27617"},{"taxonomy":"product_tag","embeddable":true,"href":"https:\/\/pohjanmaantehtaanmyymala.fi\/sv\/wp-json\/wp\/v2\/product_tag?post=27617"}],"curies":[{"name":"wp","href":"https:\/\/api.w.org\/{rel}","templated":true}]}}