{"id":27578,"date":"2024-11-15T11:00:00","date_gmt":"2024-11-15T09:00:00","guid":{"rendered":"https:\/\/pohjanmaantehtaanmyymala.fi\/?post_type=product&#038;p=27578"},"modified":"2025-09-13T11:09:05","modified_gmt":"2025-09-13T09:09:05","slug":"mode-hupputuoli-nahka","status":"publish","type":"product","link":"https:\/\/pohjanmaantehtaanmyymala.fi\/sv\/tuote\/mode-hupputuoli-nahka\/","title":{"rendered":"MODE &#8211; hupputuoli nahka"},"content":{"rendered":"<p>Pohjanmaan Kalusteen Mode- tuoli on tyylik\u00e4s valinta ruokap\u00f6yd\u00e4n tuoliksi kotiin tai toimistoon. Tuoli on verhoiltu Soft Antique -nahkalla. Soft Antique hiottu ja peitev\u00e4rj\u00e4tty nahka, joka on kest\u00e4v\u00e4 ja miellytt\u00e4v\u00e4n tuntuinen. Aitonahka on khelppohoitonen valinta ruokap\u00f6yd\u00e4n tuoliin. Tuolin selk\u00e4nojassa on k\u00e4tev\u00e4 kahva mik\u00e4 helpottaa tuolin siirtelyss\u00e4. Tuolin saa joko kokonahkaisena tai nahka-keinonahkaisen, eli kulutuspinnat verhoiltuna nahkalla ja takaosa keinonahkalla. Mode -tuoli sopii hyvin yhteen hyvin esimerkiksi <a href=\"https:\/\/pohjanmaantehtaanmyymala.fi\/tuote\/delta-ruokaryhma-mode-tuolilla\/\">Delta -tammip\u00f6yd\u00e4n<\/a> kanssa.<\/p>\n<p>Soft Antique -nahkasta l\u00f6ytyy useita kauniita v\u00e4rej\u00e4. Mode -tuolin jalkaa on saatavana my\u00f6s useilla muilla v\u00e4reill\u00e4.<\/p>\n<p>Kuvan tuolin hinta on laskettu nahka-keinonahkaisena ja koivujalalla. Tuolin saa my\u00f6s tammijaloilla.<\/p>\n<p>Kysy lis\u00e4tietoa <a href=\"https:\/\/pohjanmaantehtaanmyymala.fi\/yhteys\/\">myynnist\u00e4mme.<\/a><\/p>\n<h3>Tuotetiedot:<\/h3>\n<p>Tuolin runko: Puuta ja koivuvaneria, jalat massiivikoivua.<br \/>\nIstuin ja selk\u00e4pehmuste: Vaahtomuovi jonka p\u00e4\u00e4ll\u00e4 vanu.<br \/>\nVerhoilu: Soft Antique-nahka ja taustaosat keinonahkaa.<\/p>\n<p>Toimitetaan valmiiksi koottuna.<\/p>\n","protected":false},"excerpt":{"rendered":"<p>Laadukas kest\u00e4v\u00e4ll\u00e4 nahkalla verhoiltu ruokap\u00f6yd\u00e4n tuoli.<\/p>\n","protected":false},"featured_media":27579,"comment_status":"closed","ping_status":"closed","template":"","meta":{"_acf_changed":false,"jetpack_post_was_ever_published":false,"jetpack_publicize_message":"","jetpack_publicize_feature_enabled":true,"jetpack_social_post_already_shared":true,"jetpack_social_options":{"image_generator_settings":{"template":"highway","default_image_id":0,"font":"","enabled":false},"version":2}},"product_brand":[270],"product_cat":[194],"product_tag":[],"class_list":{"0":"post-27578","1":"product","2":"type-product","3":"status-publish","4":"has-post-thumbnail","6":"product_brand-pohjanmaan","7":"product_cat-ruokapoydat-ja-tuolit","8":"product_shipping_class-161","10":"first","11":"instock","12":"sale","13":"purchasable","14":"product-type-simple"},"acf":[],"jetpack_publicize_connections":[],"jetpack_sharing_enabled":true,"jetpack-related-posts":[],"_links":{"self":[{"href":"https:\/\/pohjanmaantehtaanmyymala.fi\/sv\/wp-json\/wp\/v2\/product\/27578","targetHints":{"allow":["GET"]}}],"collection":[{"href":"https:\/\/pohjanmaantehtaanmyymala.fi\/sv\/wp-json\/wp\/v2\/product"}],"about":[{"href":"https:\/\/pohjanmaantehtaanmyymala.fi\/sv\/wp-json\/wp\/v2\/types\/product"}],"replies":[{"embeddable":true,"href":"https:\/\/pohjanmaantehtaanmyymala.fi\/sv\/wp-json\/wp\/v2\/comments?post=27578"}],"wp:featuredmedia":[{"embeddable":true,"href":"https:\/\/pohjanmaantehtaanmyymala.fi\/sv\/wp-json\/wp\/v2\/media\/27579"}],"wp:attachment":[{"href":"https:\/\/pohjanmaantehtaanmyymala.fi\/sv\/wp-json\/wp\/v2\/media?parent=27578"}],"wp:term":[{"taxonomy":"product_brand","embeddable":true,"href":"https:\/\/pohjanmaantehtaanmyymala.fi\/sv\/wp-json\/wp\/v2\/product_brand?post=27578"},{"taxonomy":"product_cat","embeddable":true,"href":"https:\/\/pohjanmaantehtaanmyymala.fi\/sv\/wp-json\/wp\/v2\/product_cat?post=27578"},{"taxonomy":"product_tag","embeddable":true,"href":"https:\/\/pohjanmaantehtaanmyymala.fi\/sv\/wp-json\/wp\/v2\/product_tag?post=27578"}],"curies":[{"name":"wp","href":"https:\/\/api.w.org\/{rel}","templated":true}]}}