{"id":27533,"date":"2024-11-09T13:08:48","date_gmt":"2024-11-09T11:08:48","guid":{"rendered":"https:\/\/pohjanmaantehtaanmyymala.fi\/?post_type=product&#038;p=27533"},"modified":"2025-01-01T00:00:26","modified_gmt":"2024-12-31T22:00:26","slug":"pohjanmaan-moduli-kulmasohva-2-ist-kulma2-ist","status":"publish","type":"product","link":"https:\/\/pohjanmaantehtaanmyymala.fi\/sv\/tuote\/pohjanmaan-moduli-kulmasohva-2-ist-kulma2-ist\/","title":{"rendered":"Pohjanmaan MODULI kulmasohva 2-ist.+kulma+2-ist."},"content":{"rendered":"<p>Pohjanmaan Moduli kulmasohva,\u00a0 2-istuttava, kulma ja 2-istuttava Cloudin kankaalla verhoiltuna.<\/p>\n<p>Moduli kulmasohva on napakka ja hyv\u00e4 istua. Istuimessa ja selk\u00e4tyynyss\u00e4 HR-kimmovaahtomuovisisus, sek\u00e4 sohvan puurungolle annetaan 20-vuoden runkotakuu.<\/p>\n<p>Sohva on verhoiltu Cloud -kangakaalla. josta on valittavana useita eri v\u00e4rej\u00e4. Voit k\u00e4yd\u00e4 katsomassa ja vertailemassa kangas- ja nahkav\u00e4rej\u00e4 my\u00f6s t\u00e4\u00e4lt\u00e4 <a href=\"https:\/\/www.pohjanmaan.fi\/fi\/materials#nahka\" target=\"_blank\" rel=\"noopener noreferrer\">pohjanmaan.fi -sivuilta<\/a><\/p>\n<p>Tilauksesta on valittavissa my\u00f6s useita muita verhoiluvaihtoehtoja. Pyyd\u00e4 tarjous <a href=\"https:\/\/www.pohjanmaantehtaanmyymala.fi\/yhteys\/\">asiakaspalvelusta<\/a> tai liikkeest\u00e4mme!<\/p>\n<p>Moduli -sohvasta voit my\u00f6s r\u00e4\u00e4t\u00e4l\u00f6id\u00e4 haluamasi kokoonpanon jokaiseen tilaan. Moduli -sohvasta on valittavana 13 eri modulia ja 7 erilaista k\u00e4sinojavaihtoehtoa.<\/p>\n<h3>Tuotetiedot:<\/h3>\n<p><a href=\"https:\/\/www.pohjanmaan.fi\/_files\/ugd\/2f25a6_597f429919be4325ad6bfd6120666add.pdf\" target=\"_blank\" rel=\"noopener\">Katso t\u00e4st\u00e4 Modulin tuotekortti!<\/a><\/p>\n<p>Mittatiedot:<br \/>\nKulma sohvan koko: 234&#215;234 cm<br \/>\nsyvyys 88cm ja korkeus 86cm<br \/>\nsohvan istumakorkeus on 45cm, istuinsyvyys 55cm.<\/p>\n<p>Runko: Massiivipuusta\/vanerista (takuu 20v.)<br \/>\nIstuimet: No-zag jouset, pohjakangas, HR-vaahtomuovi+vanu.<br \/>\nSelk\u00e4tyynyt: Vaahtomuovi+vanu.<br \/>\nVerhoilu: Cloud -kangas, 100 % polyesteri\u00e4, Martindale 90000.<\/p>\n<p>Sohva toimitetaan kolmessa eri osassa jalat irrallaan.<\/p>\n","protected":false},"excerpt":{"rendered":"<p>Klassinen Moduli kulmasohva kangasverhoiltuna.<\/p>\n","protected":false},"featured_media":27543,"comment_status":"closed","ping_status":"closed","template":"","meta":{"_acf_changed":false,"jetpack_post_was_ever_published":false,"jetpack_publicize_message":"","jetpack_publicize_feature_enabled":true,"jetpack_social_post_already_shared":true,"jetpack_social_options":{"image_generator_settings":{"template":"highway","default_image_id":0,"font":"","enabled":false},"version":2}},"product_brand":[270],"product_cat":[201],"product_tag":[],"class_list":{"0":"post-27533","1":"product","2":"type-product","3":"status-publish","4":"has-post-thumbnail","6":"product_brand-pohjanmaan","7":"product_cat-sohvat","8":"product_shipping_class-161","9":"pa_vari-cloud-09","10":"pa_vari-cloud-39","11":"pa_vari-cloud-48","12":"pa_vari-cloud-63","13":"pa_vari-cloud-70","14":"pa_vari-cloud-71","15":"pa_vari-cloud-72","16":"pa_vari-cloud-77","17":"pa_vari-cloud-97","19":"first","20":"instock","21":"purchasable","22":"product-type-variable","23":"has-default-attributes"},"acf":[],"jetpack_publicize_connections":[],"jetpack_sharing_enabled":true,"jetpack-related-posts":[{"id":10935,"url":"https:\/\/pohjanmaantehtaanmyymala.fi\/sv\/tuote\/pohjanmaan-moduli-kulmasohva-alk-kankaalla\/","url_meta":{"origin":27533,"position":0},"title":"Pohjanmaan MODULI -kulmasohva","author":"petri","date":"september 14, 2019","format":false,"excerpt":"Pohjanmaan Moduli-kulmasohva T\u00e4m\u00e4 Pohjanmaan kulmasohva on tykky ja hyv\u00e4 istua. Istuimessa ja selk\u00e4tyynyss\u00e4 HR-kimmovaahtomuovisisus, sek\u00e4 sohvan puurungolle annetaan 20-vuoden runkotakuu. Moduli -kulmasohvaan on valittavissa useita verhoiluvaihtoehtoja. Moduli -sohvasta voit r\u00e4\u00e4t\u00e4l\u00f6id\u00e4 haluamasi kokoonpanon jokaiseen tilaan. Moduli -sohvasta on valittavana 13 eri modulia ja 7 erilaista k\u00e4sinojavaihtoehtoa. Pyyd\u00e4 tarjous asiakaspalvelusta tai tule\u2026","rel":"","context":"Liknande produkt","block_context":{"text":"Liknande produkt","link":""},"img":{"alt_text":"","src":"https:\/\/i0.wp.com\/pohjanmaantehtaanmyymala.fi\/wp-content\/uploads\/2019\/09\/Moduli-kulmasohva-PBLDG.jpg?fit=960%2C960&ssl=1&resize=350%2C200","width":350,"height":200,"srcset":"https:\/\/i0.wp.com\/pohjanmaantehtaanmyymala.fi\/wp-content\/uploads\/2019\/09\/Moduli-kulmasohva-PBLDG.jpg?fit=960%2C960&ssl=1&resize=350%2C200 1x, https:\/\/i0.wp.com\/pohjanmaantehtaanmyymala.fi\/wp-content\/uploads\/2019\/09\/Moduli-kulmasohva-PBLDG.jpg?fit=960%2C960&ssl=1&resize=525%2C300 1.5x, https:\/\/i0.wp.com\/pohjanmaantehtaanmyymala.fi\/wp-content\/uploads\/2019\/09\/Moduli-kulmasohva-PBLDG.jpg?fit=960%2C960&ssl=1&resize=700%2C400 2x"},"classes":[]},{"id":10930,"url":"https:\/\/pohjanmaantehtaanmyymala.fi\/sv\/tuote\/pohjanmaan-moduli-sohvakalusto-32-nahka\/","url_meta":{"origin":27533,"position":1},"title":"Pohjanmaan MODULI Superior -sohvaryhm\u00e4 3+2 nahkaa","author":"petri","date":"september 14, 2019","format":false,"excerpt":"Verhoiltu pehme\u00e4n ylellisell\u00e4 Labrador -t\u00e4yspintanahkalla.","rel":"","context":"Liknande produkt","block_context":{"text":"Liknande produkt","link":""},"img":{"alt_text":"","src":"https:\/\/i0.wp.com\/pohjanmaantehtaanmyymala.fi\/wp-content\/uploads\/2019\/09\/Moduli_sohvakalusto_3_2_2.jpg?fit=960%2C960&ssl=1&resize=350%2C200","width":350,"height":200,"srcset":"https:\/\/i0.wp.com\/pohjanmaantehtaanmyymala.fi\/wp-content\/uploads\/2019\/09\/Moduli_sohvakalusto_3_2_2.jpg?fit=960%2C960&ssl=1&resize=350%2C200 1x, https:\/\/i0.wp.com\/pohjanmaantehtaanmyymala.fi\/wp-content\/uploads\/2019\/09\/Moduli_sohvakalusto_3_2_2.jpg?fit=960%2C960&ssl=1&resize=525%2C300 1.5x, https:\/\/i0.wp.com\/pohjanmaantehtaanmyymala.fi\/wp-content\/uploads\/2019\/09\/Moduli_sohvakalusto_3_2_2.jpg?fit=960%2C960&ssl=1&resize=700%2C400 2x"},"classes":[]},{"id":9443,"url":"https:\/\/pohjanmaantehtaanmyymala.fi\/sv\/tuote\/moduli-kulmasohva-avopaadylla\/","url_meta":{"origin":27533,"position":2},"title":"MODULI &#8211; kulmasohva avop\u00e4\u00e4dyll\u00e4","author":"petri","date":"september 14, 2019","format":false,"excerpt":"Suoralinjainen Moduli-kulmasohva! Pohjanmaan Kalusteen Moduli- kulmasohva on loistava valinta olohuoneeseen! Kest\u00e4v\u00e4 puurunko, laadukkaat pehmusteet ja verhoilukangas takaavat mukavia istumahetki\u00e4 vuosiksi eteenp\u00e4in. Pohjanmaan Moduli-avokulman korkea jalka antaa sohvalle kevyen ilmeen ja helpottaa sohvan alustan siivoamisessa. Moduli-kulmasohvan saa useissa eri kangas- ja nahkavaihtoehdoilla. Tuotesivun hinta on alkaen hintaryhm\u00e4n 1 kankaalla. Tuotetiedot: Runko:\u2026","rel":"","context":"Liknande produkt","block_context":{"text":"Liknande produkt","link":""},"img":{"alt_text":"","src":"https:\/\/i0.wp.com\/pohjanmaantehtaanmyymala.fi\/wp-content\/uploads\/2019\/06\/MODULI-D2LP2.jpg?fit=960%2C960&ssl=1&resize=350%2C200","width":350,"height":200,"srcset":"https:\/\/i0.wp.com\/pohjanmaantehtaanmyymala.fi\/wp-content\/uploads\/2019\/06\/MODULI-D2LP2.jpg?fit=960%2C960&ssl=1&resize=350%2C200 1x, https:\/\/i0.wp.com\/pohjanmaantehtaanmyymala.fi\/wp-content\/uploads\/2019\/06\/MODULI-D2LP2.jpg?fit=960%2C960&ssl=1&resize=525%2C300 1.5x, https:\/\/i0.wp.com\/pohjanmaantehtaanmyymala.fi\/wp-content\/uploads\/2019\/06\/MODULI-D2LP2.jpg?fit=960%2C960&ssl=1&resize=700%2C400 2x"},"classes":[]},{"id":9435,"url":"https:\/\/pohjanmaantehtaanmyymala.fi\/sv\/tuote\/moduli-32-istuttavat-nahkasohvat\/","url_meta":{"origin":27533,"position":3},"title":"MODULI 3 ja 2 -istuttavat nahkasohvat","author":"petri","date":"september 14, 2019","format":false,"excerpt":"Suoralinjainen ja siro Moduli -sohva sopii hyvin suomalaiseen kotiin. Moduli sohvassa istut todella mukavasti v\u00e4h\u00e4n pienemm\u00e4n istuinsyvyyden ansiosta sohva sopii hyvin v\u00e4h\u00e4n lyhyemm\u00e4llekin istujalle. Moduli sohvissa on aina korkea jalka joka helpottaa imurointia sohvan alta ja tekee sohvasta kevyen n\u00e4k\u00f6isen. Pohjanmaan kalusteen Moduli sohva on verhoiltu miellytt\u00e4v\u00e4ll\u00e4 aidolla Soft Antique\u2026","rel":"","context":"Liknande produkt","block_context":{"text":"Liknande produkt","link":""},"img":{"alt_text":"","src":"https:\/\/i0.wp.com\/pohjanmaantehtaanmyymala.fi\/wp-content\/uploads\/2019\/06\/moduli-3-2-1609.jpg?fit=960%2C960&ssl=1&resize=350%2C200","width":350,"height":200,"srcset":"https:\/\/i0.wp.com\/pohjanmaantehtaanmyymala.fi\/wp-content\/uploads\/2019\/06\/moduli-3-2-1609.jpg?fit=960%2C960&ssl=1&resize=350%2C200 1x, https:\/\/i0.wp.com\/pohjanmaantehtaanmyymala.fi\/wp-content\/uploads\/2019\/06\/moduli-3-2-1609.jpg?fit=960%2C960&ssl=1&resize=525%2C300 1.5x, https:\/\/i0.wp.com\/pohjanmaantehtaanmyymala.fi\/wp-content\/uploads\/2019\/06\/moduli-3-2-1609.jpg?fit=960%2C960&ssl=1&resize=700%2C400 2x"},"classes":[]},{"id":13388,"url":"https:\/\/pohjanmaantehtaanmyymala.fi\/sv\/tuote\/moduli-3-istuttava-nahkasohva-konjakki\/","url_meta":{"origin":27533,"position":4},"title":"MODULI 3-ist. nahkasohva konjakki","author":"Sami Viitala","date":"september 22, 2020","format":false,"excerpt":"Perussohva, joka on suomalaisten suosikki vuodesta toiseen.","rel":"","context":"Liknande produkt","block_context":{"text":"Liknande produkt","link":""},"img":{"alt_text":"Moduli nahkasohva konjakki","src":"https:\/\/i0.wp.com\/pohjanmaantehtaanmyymala.fi\/wp-content\/uploads\/2020\/09\/Moduli-nahkasohva-konjakki.jpg?fit=1200%2C1200&ssl=1&resize=350%2C200","width":350,"height":200,"srcset":"https:\/\/i0.wp.com\/pohjanmaantehtaanmyymala.fi\/wp-content\/uploads\/2020\/09\/Moduli-nahkasohva-konjakki.jpg?fit=1200%2C1200&ssl=1&resize=350%2C200 1x, https:\/\/i0.wp.com\/pohjanmaantehtaanmyymala.fi\/wp-content\/uploads\/2020\/09\/Moduli-nahkasohva-konjakki.jpg?fit=1200%2C1200&ssl=1&resize=525%2C300 1.5x, https:\/\/i0.wp.com\/pohjanmaantehtaanmyymala.fi\/wp-content\/uploads\/2020\/09\/Moduli-nahkasohva-konjakki.jpg?fit=1200%2C1200&ssl=1&resize=700%2C400 2x, https:\/\/i0.wp.com\/pohjanmaantehtaanmyymala.fi\/wp-content\/uploads\/2020\/09\/Moduli-nahkasohva-konjakki.jpg?fit=1200%2C1200&ssl=1&resize=1050%2C600 3x"},"classes":[]},{"id":9438,"url":"https:\/\/pohjanmaantehtaanmyymala.fi\/sv\/tuote\/moduli-3-sohva-kangas\/","url_meta":{"origin":27533,"position":5},"title":"MODULI 3- ja 2 -istuttavat sohvat","author":"petri","date":"september 14, 2019","format":false,"excerpt":"Pohjanmaan Ajaton Moduli -sohvakalusto miellytt\u00e4v\u00e4ll\u00e4 Rodeo -kankaalla verhoiltuna.","rel":"","context":"Liknande produkt","block_context":{"text":"Liknande produkt","link":""},"img":{"alt_text":"","src":"https:\/\/i0.wp.com\/pohjanmaantehtaanmyymala.fi\/wp-content\/uploads\/2019\/06\/Moduli-D-B-Diamonds289-0008.jpg?fit=960%2C960&ssl=1&resize=350%2C200","width":350,"height":200,"srcset":"https:\/\/i0.wp.com\/pohjanmaantehtaanmyymala.fi\/wp-content\/uploads\/2019\/06\/Moduli-D-B-Diamonds289-0008.jpg?fit=960%2C960&ssl=1&resize=350%2C200 1x, https:\/\/i0.wp.com\/pohjanmaantehtaanmyymala.fi\/wp-content\/uploads\/2019\/06\/Moduli-D-B-Diamonds289-0008.jpg?fit=960%2C960&ssl=1&resize=525%2C300 1.5x, https:\/\/i0.wp.com\/pohjanmaantehtaanmyymala.fi\/wp-content\/uploads\/2019\/06\/Moduli-D-B-Diamonds289-0008.jpg?fit=960%2C960&ssl=1&resize=700%2C400 2x"},"classes":[]}],"_links":{"self":[{"href":"https:\/\/pohjanmaantehtaanmyymala.fi\/sv\/wp-json\/wp\/v2\/product\/27533","targetHints":{"allow":["GET"]}}],"collection":[{"href":"https:\/\/pohjanmaantehtaanmyymala.fi\/sv\/wp-json\/wp\/v2\/product"}],"about":[{"href":"https:\/\/pohjanmaantehtaanmyymala.fi\/sv\/wp-json\/wp\/v2\/types\/product"}],"replies":[{"embeddable":true,"href":"https:\/\/pohjanmaantehtaanmyymala.fi\/sv\/wp-json\/wp\/v2\/comments?post=27533"}],"wp:featuredmedia":[{"embeddable":true,"href":"https:\/\/pohjanmaantehtaanmyymala.fi\/sv\/wp-json\/wp\/v2\/media\/27543"}],"wp:attachment":[{"href":"https:\/\/pohjanmaantehtaanmyymala.fi\/sv\/wp-json\/wp\/v2\/media?parent=27533"}],"wp:term":[{"taxonomy":"product_brand","embeddable":true,"href":"https:\/\/pohjanmaantehtaanmyymala.fi\/sv\/wp-json\/wp\/v2\/product_brand?post=27533"},{"taxonomy":"product_cat","embeddable":true,"href":"https:\/\/pohjanmaantehtaanmyymala.fi\/sv\/wp-json\/wp\/v2\/product_cat?post=27533"},{"taxonomy":"product_tag","embeddable":true,"href":"https:\/\/pohjanmaantehtaanmyymala.fi\/sv\/wp-json\/wp\/v2\/product_tag?post=27533"}],"curies":[{"name":"wp","href":"https:\/\/api.w.org\/{rel}","templated":true}]}}