{"id":27405,"date":"2024-10-14T14:47:28","date_gmt":"2024-10-14T12:47:28","guid":{"rendered":"https:\/\/pohjanmaantehtaanmyymala.fi\/?post_type=product&#038;p=27405"},"modified":"2026-01-27T00:18:36","modified_gmt":"2026-01-26T22:18:36","slug":"eden-9-runkosanky-180x200-cm-petauspatjalla-2","status":"publish","type":"product","link":"https:\/\/pohjanmaantehtaanmyymala.fi\/sv\/tuote\/eden-9-runkosanky-180x200-cm-petauspatjalla-2\/","title":{"rendered":"EDEN 9 runkos\u00e4nky 180&#215;200 cm petauspatjalla"},"content":{"rendered":"<p>Nauti hyvist\u00e4 y\u00f6unista Eden-s\u00e4ngyss\u00e4. T\u00e4m\u00e4 huippuluokan Eden 9-runkos\u00e4nky on suunniteltu tarjoamaan sinulle hyv\u00e4t y\u00f6unet. Eden 9 on t\u00e4ydellinen nukkumapaketti, josta on valittavana verhoiluv\u00e4riksi tuotekuvassa olevan Sammalen lis\u00e4ksi 4 muuta v\u00e4ris\u00e4vy\u00e4.<\/p>\n<p>S\u00e4ngyss\u00e4 on vaahtomuovikoteloitu 5-vy\u00f6hykkeinen korkea pussijousitus, joka tekee s\u00e4ngyst\u00e4 miellytt\u00e4n pehme\u00e4n tuntuisen nukkumismukavuudesta tinkim\u00e4tt\u00e4.\u00a0 Vy\u00f6hykejousituksen idea on se ett\u00e4 patjassa jousitus on jaettu viiteen eri vy\u00f6hykkeeseen, kesk\u00e4ll\u00e4 ja s\u00e4ngyn molemmissa p\u00e4iss\u00e4 kovempi jousitus ja niiden v\u00e4liss\u00e4 pehme\u00e4mpi jousitus. Siten patja antaa paremmin tukea esimerkiksi vy\u00f6t\u00e4r\u00f6 ja haritaseudulle pit\u00e4en nukkujan vartalon ergonomisesti paremmassa asennossa.<\/p>\n<p>Eden 9-runkos\u00e4nkysetti on viimeistelty laadukkaalla Premium petauspatjalla, jonka t\u00e4ytteen\u00e4 on laadukas profiloitu stylex-vaahtomuovi. Petauspatjassa on miellytt\u00e4v\u00e4 joustokangasp\u00e4\u00e4llinen, joka on irrotettavissa ja pest\u00e4viss\u00e4.<\/p>\n<p><strong>Ominaisuudet:<\/strong><\/p>\n<ul>\n<li><strong>Mukavuuskerrokset:<\/strong> Runkopatjassa vaahtomuovikoteloitu 5-vy\u00f6hykkeinen pussijousitus joka mukautuu kehosi muotoihin ja v\u00e4hent\u00e4\u00e4 pintapainetta. Voit valita s\u00e4ngyn kovuuden joko Hard- tai Medium.<\/li>\n<li><strong>Hengitt\u00e4v\u00e4 materiaali:<\/strong>\u00a0Laadukkaat, hengitt\u00e4v\u00e4t materiaalit takaavat miellytt\u00e4v\u00e4n nukkumisymp\u00e4rist\u00f6n ymp\u00e4ri vuoden.<\/li>\n<li><strong>Tyylik\u00e4s muotoilu:<\/strong>\u00a0Moderni ja elegantti muotoilu sopii t\u00e4ydellisesti mihin tahansa makuuhuoneeseen.<\/li>\n<\/ul>\n<p><strong>Tekniset tiedot:<\/strong><\/p>\n<ul>\n<li><strong>Koko:<\/strong> 180&#215;200 cm. Koostuu kahdesta erillisest\u00e4 90 cm leve\u00e4st\u00e4 runkos\u00e4ngyst\u00e4.<\/li>\n<li><strong>Jousitus: <\/strong>Koteloitu Premium- pussijouisto (250kpl\/m2). Hard tai medium j\u00e4ykkyys. Painosuositus: Medium alle 75 kg. Hard yli 75 kg.<\/li>\n<li><strong>Verhoilu:<\/strong> Kest\u00e4v\u00e4 ja korkealaatuinen kangas, valittavana 5 eri v\u00e4ri\u00e4.<\/li>\n<li><strong>Runko: <\/strong>Massiivipuu ja metalli.<\/li>\n<li><strong>Petauspatja: <\/strong>Profiloitu 50 mm:n paksu stylex-erikoisvaahtomuovi. Leveys 180 cm.<\/li>\n<li><strong>Petauspatjan p\u00e4\u00e4llinen: <\/strong>Joustokangasta, joka kest\u00e4\u00e4 60\u00b0 C vesipesun.<strong><br \/>\n<\/strong><\/li>\n<li><strong>Jalka:<\/strong> Metallia, korkeus 14 cm.<\/li>\n<li><strong>Takuu:<\/strong> 5 vuoden takuu moottorille ja rungolle, 20 vuoden katkeamattomuustakuu jousille.<\/li>\n<\/ul>\n<p>Eden s\u00e4nkymallisto on suunniteltu yhteisty\u00f6ss\u00e4 allergia-, iho- ja astmaliiton kanssa jolloin voit olla varma ett\u00e4 s\u00e4ngyss\u00e4 k\u00e4ytetyt materiaalit ovat ensi luokkaisia ja turvallisia.<\/p>\n<p>Kysy lis\u00e4tietoa tai muita s\u00e4nkyvaihtoehtoja<a href=\"https:\/\/pohjanmaantehtaanmyymala.fi\/yhteys\/\" target=\"_blank\" rel=\"noopener\"> myynnist\u00e4mme!<\/a><\/p>\n<p>Toimitetaan muoviin ja pahviin pakattuna.<\/p>\n","protected":false},"excerpt":{"rendered":"<p>Laadukkas ja ergnominen s\u00e4nkypaketti. Valitse j\u00e4ykkyys ja v\u00e4ri!<\/p>\n","protected":false},"featured_media":27426,"comment_status":"closed","ping_status":"closed","template":"","meta":{"_acf_changed":false,"jetpack_post_was_ever_published":false,"jetpack_publicize_message":"","jetpack_publicize_feature_enabled":true,"jetpack_social_post_already_shared":true,"jetpack_social_options":{"image_generator_settings":{"template":"highway","default_image_id":0,"font":"","enabled":false},"version":2}},"product_brand":[203],"product_cat":[198],"product_tag":[],"class_list":{"0":"post-27405","1":"product","2":"type-product","3":"status-publish","4":"has-post-thumbnail","6":"product_brand-hilding","7":"product_cat-patjat-ja-sangyt","8":"product_shipping_class-161","9":"pa_malli-hard","10":"pa_malli-hard-medium","11":"pa_malli-medium","12":"pa_vari-antrasiitti","13":"pa_vari-okra","14":"pa_vari-grafiitti","15":"pa_vari-hiekka","16":"pa_vari-sammal","18":"first","19":"instock","20":"purchasable","21":"product-type-variable","22":"has-default-attributes"},"acf":[],"jetpack_publicize_connections":[],"jetpack_sharing_enabled":true,"jetpack-related-posts":[{"id":27464,"url":"https:\/\/pohjanmaantehtaanmyymala.fi\/sv\/tuote\/eden-9-runkosanky-80x200-cm-petauspatjalla\/","url_meta":{"origin":27405,"position":0},"title":"EDEN 9 runkos\u00e4nky 80&#215;200 cm petauspatjalla","author":"Sami Viitala","date":"november 7, 2024","format":false,"excerpt":"Laadukkas ja ergnominen runkos\u00e4nky. Valitse j\u00e4ykkyys ja v\u00e4ri!","rel":"","context":"Liknande produkt","block_context":{"text":"Liknande produkt","link":""},"img":{"alt_text":"Eden ysi runkos\u00e4nky, sammelenvihre\u00e4 v\u00e4ri.","src":"https:\/\/i0.wp.com\/pohjanmaantehtaanmyymala.fi\/wp-content\/uploads\/2024\/11\/EDEN-9-RP-print.jpg?fit=960%2C960&ssl=1&resize=350%2C200","width":350,"height":200,"srcset":"https:\/\/i0.wp.com\/pohjanmaantehtaanmyymala.fi\/wp-content\/uploads\/2024\/11\/EDEN-9-RP-print.jpg?fit=960%2C960&ssl=1&resize=350%2C200 1x, https:\/\/i0.wp.com\/pohjanmaantehtaanmyymala.fi\/wp-content\/uploads\/2024\/11\/EDEN-9-RP-print.jpg?fit=960%2C960&ssl=1&resize=525%2C300 1.5x, https:\/\/i0.wp.com\/pohjanmaantehtaanmyymala.fi\/wp-content\/uploads\/2024\/11\/EDEN-9-RP-print.jpg?fit=960%2C960&ssl=1&resize=700%2C400 2x"},"classes":[]},{"id":27502,"url":"https:\/\/pohjanmaantehtaanmyymala.fi\/sv\/tuote\/eden-9-runkosanky-90x200-cm-petauspatjalla\/","url_meta":{"origin":27405,"position":1},"title":"EDEN 9 runkos\u00e4nky 90&#215;200 cm petauspatjalla","author":"Sami Viitala","date":"november 7, 2024","format":false,"excerpt":"Laadukkas ja ergnominen runkos\u00e4nky. Valitse j\u00e4ykkyys ja v\u00e4ri!","rel":"","context":"Liknande produkt","block_context":{"text":"Liknande produkt","link":""},"img":{"alt_text":"Eden ysi runkos\u00e4nky, sammelenvihre\u00e4 v\u00e4ri.","src":"https:\/\/i0.wp.com\/pohjanmaantehtaanmyymala.fi\/wp-content\/uploads\/2024\/11\/EDEN9-RP90-runko.jpg?fit=960%2C960&ssl=1&resize=350%2C200","width":350,"height":200,"srcset":"https:\/\/i0.wp.com\/pohjanmaantehtaanmyymala.fi\/wp-content\/uploads\/2024\/11\/EDEN9-RP90-runko.jpg?fit=960%2C960&ssl=1&resize=350%2C200 1x, https:\/\/i0.wp.com\/pohjanmaantehtaanmyymala.fi\/wp-content\/uploads\/2024\/11\/EDEN9-RP90-runko.jpg?fit=960%2C960&ssl=1&resize=525%2C300 1.5x, https:\/\/i0.wp.com\/pohjanmaantehtaanmyymala.fi\/wp-content\/uploads\/2024\/11\/EDEN9-RP90-runko.jpg?fit=960%2C960&ssl=1&resize=700%2C400 2x"},"classes":[]},{"id":29131,"url":"https:\/\/pohjanmaantehtaanmyymala.fi\/sv\/tuote\/eden-6-runkosanky-90x200-cm-petauspatjalla\/","url_meta":{"origin":27405,"position":2},"title":"EDEN 6 runkos\u00e4nky 90&#215;200 cm petauspatjalla","author":"Sami Viitala","date":"oktober 28, 2025","format":false,"excerpt":"Laadukas runkos\u00e4nky, joka tarjoaa hotellitason mukavuutta. Valitse j\u00e4ykkyys ja v\u00e4ri!","rel":"","context":"Liknande produkt","block_context":{"text":"Liknande produkt","link":""},"img":{"alt_text":"Hilding Eden 6 runkos\u00e4nky 90 cm leve\u00e4, beige verhoilu petauspatjalla,","src":"https:\/\/i0.wp.com\/pohjanmaantehtaanmyymala.fi\/wp-content\/uploads\/2025\/10\/Eden6_90_rp.jpg?fit=1000%2C1000&ssl=1&resize=350%2C200","width":350,"height":200,"srcset":"https:\/\/i0.wp.com\/pohjanmaantehtaanmyymala.fi\/wp-content\/uploads\/2025\/10\/Eden6_90_rp.jpg?fit=1000%2C1000&ssl=1&resize=350%2C200 1x, https:\/\/i0.wp.com\/pohjanmaantehtaanmyymala.fi\/wp-content\/uploads\/2025\/10\/Eden6_90_rp.jpg?fit=1000%2C1000&ssl=1&resize=525%2C300 1.5x, https:\/\/i0.wp.com\/pohjanmaantehtaanmyymala.fi\/wp-content\/uploads\/2025\/10\/Eden6_90_rp.jpg?fit=1000%2C1000&ssl=1&resize=700%2C400 2x"},"classes":[]},{"id":29097,"url":"https:\/\/pohjanmaantehtaanmyymala.fi\/sv\/tuote\/eden-6-runkosanky-80x200-cm-petauspatjalla\/","url_meta":{"origin":27405,"position":3},"title":"EDEN 6 runkos\u00e4nky 80&#215;200 cm petauspatjalla","author":"Sami Viitala","date":"oktober 24, 2025","format":false,"excerpt":"Korkealaatuinen runkos\u00e4nky, joka tarjoaa hotellitason mukavuutta. Valitse j\u00e4ykkyys ja v\u00e4ri!","rel":"","context":"Liknande produkt","block_context":{"text":"Liknande produkt","link":""},"img":{"alt_text":"Hilding Eden 6 runkos\u00e4nky 80 cm leve\u00e4, beige verhoilu petauspatjalla,","src":"https:\/\/i0.wp.com\/pohjanmaantehtaanmyymala.fi\/wp-content\/uploads\/2025\/10\/Eden6_rp.jpg?fit=1000%2C1000&ssl=1&resize=350%2C200","width":350,"height":200,"srcset":"https:\/\/i0.wp.com\/pohjanmaantehtaanmyymala.fi\/wp-content\/uploads\/2025\/10\/Eden6_rp.jpg?fit=1000%2C1000&ssl=1&resize=350%2C200 1x, https:\/\/i0.wp.com\/pohjanmaantehtaanmyymala.fi\/wp-content\/uploads\/2025\/10\/Eden6_rp.jpg?fit=1000%2C1000&ssl=1&resize=525%2C300 1.5x, https:\/\/i0.wp.com\/pohjanmaantehtaanmyymala.fi\/wp-content\/uploads\/2025\/10\/Eden6_rp.jpg?fit=1000%2C1000&ssl=1&resize=700%2C400 2x"},"classes":[]},{"id":24313,"url":"https:\/\/pohjanmaantehtaanmyymala.fi\/sv\/tuote\/eden-1-runkosanky-90x200-cm\/","url_meta":{"origin":27405,"position":4},"title":"EDEN 1 runkos\u00e4nky 90&#215;200 cm petauspatjalla","author":"Sami Viitala","date":"november 28, 2023","format":false,"excerpt":"Hilding Andersin valmistamassa s\u00e4ngyss\u00e4 on vartaloa tukeva pussijousitus.","rel":"","context":"Liknande produkt","block_context":{"text":"Liknande produkt","link":""},"img":{"alt_text":"","src":"https:\/\/i0.wp.com\/pohjanmaantehtaanmyymala.fi\/wp-content\/uploads\/2019\/09\/Eden1-runkopatja.jpg?fit=960%2C960&ssl=1&resize=350%2C200","width":350,"height":200,"srcset":"https:\/\/i0.wp.com\/pohjanmaantehtaanmyymala.fi\/wp-content\/uploads\/2019\/09\/Eden1-runkopatja.jpg?fit=960%2C960&ssl=1&resize=350%2C200 1x, https:\/\/i0.wp.com\/pohjanmaantehtaanmyymala.fi\/wp-content\/uploads\/2019\/09\/Eden1-runkopatja.jpg?fit=960%2C960&ssl=1&resize=525%2C300 1.5x, https:\/\/i0.wp.com\/pohjanmaantehtaanmyymala.fi\/wp-content\/uploads\/2019\/09\/Eden1-runkopatja.jpg?fit=960%2C960&ssl=1&resize=700%2C400 2x"},"classes":[]},{"id":28666,"url":"https:\/\/pohjanmaantehtaanmyymala.fi\/sv\/tuote\/eden-1-runkosanky-120x200-cm-muhkealla-petauspatjalla\/","url_meta":{"origin":27405,"position":5},"title":"EDEN 1 runkos\u00e4nky 120&#215;200 cm muhkealla petauspatjalla","author":"Sami Viitala","date":"augusti 22, 2025","format":false,"excerpt":"Hilding Andersin valmistamassa s\u00e4ngyssa on vartola tukeva pussijousitus.","rel":"","context":"Liknande produkt","block_context":{"text":"Liknande produkt","link":""},"img":{"alt_text":"Hildind Anders Eden 120 cm leve\u00e4 runkos\u00e4nky petauspatjalla ja mustilla jaloilla.","src":"https:\/\/i0.wp.com\/pohjanmaantehtaanmyymala.fi\/wp-content\/uploads\/2025\/08\/Eden_1_runkopatja_120.jpg?fit=1000%2C1000&ssl=1&resize=350%2C200","width":350,"height":200,"srcset":"https:\/\/i0.wp.com\/pohjanmaantehtaanmyymala.fi\/wp-content\/uploads\/2025\/08\/Eden_1_runkopatja_120.jpg?fit=1000%2C1000&ssl=1&resize=350%2C200 1x, https:\/\/i0.wp.com\/pohjanmaantehtaanmyymala.fi\/wp-content\/uploads\/2025\/08\/Eden_1_runkopatja_120.jpg?fit=1000%2C1000&ssl=1&resize=525%2C300 1.5x, https:\/\/i0.wp.com\/pohjanmaantehtaanmyymala.fi\/wp-content\/uploads\/2025\/08\/Eden_1_runkopatja_120.jpg?fit=1000%2C1000&ssl=1&resize=700%2C400 2x"},"classes":[]}],"_links":{"self":[{"href":"https:\/\/pohjanmaantehtaanmyymala.fi\/sv\/wp-json\/wp\/v2\/product\/27405","targetHints":{"allow":["GET"]}}],"collection":[{"href":"https:\/\/pohjanmaantehtaanmyymala.fi\/sv\/wp-json\/wp\/v2\/product"}],"about":[{"href":"https:\/\/pohjanmaantehtaanmyymala.fi\/sv\/wp-json\/wp\/v2\/types\/product"}],"replies":[{"embeddable":true,"href":"https:\/\/pohjanmaantehtaanmyymala.fi\/sv\/wp-json\/wp\/v2\/comments?post=27405"}],"wp:featuredmedia":[{"embeddable":true,"href":"https:\/\/pohjanmaantehtaanmyymala.fi\/sv\/wp-json\/wp\/v2\/media\/27426"}],"wp:attachment":[{"href":"https:\/\/pohjanmaantehtaanmyymala.fi\/sv\/wp-json\/wp\/v2\/media?parent=27405"}],"wp:term":[{"taxonomy":"product_brand","embeddable":true,"href":"https:\/\/pohjanmaantehtaanmyymala.fi\/sv\/wp-json\/wp\/v2\/product_brand?post=27405"},{"taxonomy":"product_cat","embeddable":true,"href":"https:\/\/pohjanmaantehtaanmyymala.fi\/sv\/wp-json\/wp\/v2\/product_cat?post=27405"},{"taxonomy":"product_tag","embeddable":true,"href":"https:\/\/pohjanmaantehtaanmyymala.fi\/sv\/wp-json\/wp\/v2\/product_tag?post=27405"}],"curies":[{"name":"wp","href":"https:\/\/api.w.org\/{rel}","templated":true}]}}