{"id":27309,"date":"2024-10-04T12:00:15","date_gmt":"2024-10-04T10:00:15","guid":{"rendered":"https:\/\/pohjanmaantehtaanmyymala.fi\/?post_type=product&#038;p=27309"},"modified":"2026-01-27T00:18:38","modified_gmt":"2026-01-26T22:18:38","slug":"eden-9-moottorisankypaketti-paadylla-180x200-cm","status":"publish","type":"product","link":"https:\/\/pohjanmaantehtaanmyymala.fi\/sv\/tuote\/eden-9-moottorisankypaketti-paadylla-180x200-cm\/","title":{"rendered":"EDEN 9 moottoris\u00e4nkypaketti p\u00e4\u00e4dyll\u00e4 180&#215;200 cm"},"content":{"rendered":"<p>Nauti t\u00e4ydellisest\u00e4 mukavuudesta ja ylellisyydest\u00e4 Eden 9 -mottoris\u00e4ngyn avulla. T\u00e4m\u00e4 huippuluokan s\u00e4nky on suunniteltu tarjoamaan sinulle parhaan mahdollisen unenlaadun ja ergonomian. Eden 9 moottoris\u00e4nky on t\u00e4ydellinen nukkumapaketti, josta on valittavana kaksi eri j\u00e4ykkyytt\u00e4 ja verhoilu useilla eri v\u00e4reill\u00e4.<\/p>\n<p>Moottoris\u00e4ngyn joustinpatjassa on vaahtomuovikoteloitu 5-vy\u00f6hykkeinen pussijousitus. Eden 9-moottoris\u00e4ngyss\u00e4 on langaton kaukos\u00e4\u00e4din, jolla voidaan s\u00e4\u00e4t\u00e4\u00e4 portaattomasti s\u00e4ngyn asentoa p\u00e4\u00e4- ja jalkop\u00e4\u00e4dyst\u00e4 haluamaan asentoon. Molemissa s\u00e4ngyiss\u00e4 on omat mootorinsa, jotka toimivat erikseen. S\u00e4nky\u00e4 on saatavilla kahdella eri j\u00e4ykkyydell\u00e4.<\/p>\n<p>Voit valita s\u00e4nkysi verhoiluv\u00e4riksi tuotekuvassa olevan Sammalen tai vaihtoehtoisesti 4 muusta v\u00e4ris\u00e4vyst\u00e4.<\/p>\n<p>Moottoris\u00e4nkypaketti on viimeistelty laadukkaalla Premium Split-petauspatjalla, jonka t\u00e4ytteen\u00e4 on laadukas profiloitu stylex-vaahtomuovi. Petauspatjassa on miellytt\u00e4v\u00e4 joustokangasp\u00e4\u00e4llinen, joka on irrotettavissa ja pest\u00e4viss\u00e4.<\/p>\n<p>T\u00e4m\u00e4 moottoris\u00e4nkypaketti sis\u00e4lt\u00e4\u00e4 Premium-s\u00e4ngynp\u00e4\u00e4dyn, joka on verhoiltu samalla kankaalla kuin s\u00e4nky. My\u00f6s s\u00e4ngyn jalat kuuluvat mukaan.<\/p>\n<p><strong>Ominaisuudet:<\/strong><\/p>\n<ul>\n<li><strong>S\u00e4\u00e4dett\u00e4v\u00e4 moottori:<\/strong>\u00a0Voit helposti s\u00e4\u00e4t\u00e4\u00e4 s\u00e4ngyn p\u00e4\u00e4n ja jalkop\u00e4\u00e4n korkeutta kaukos\u00e4\u00e4timell\u00e4, mik\u00e4 mahdollistaa optimaalisen nukkuma-asennon ja helpottaa esimerkiksi lukemista tai television katselua.<\/li>\n<li><strong>Mukavuuskerrokset:<\/strong> Vaahtomuovikoteloitu 5-vy\u00f6hykkeinen pussijousitus joka mukautuu kehosi muotoihin ja v\u00e4hent\u00e4\u00e4 pintapainetta. Voit valita s\u00e4ngyn kovuuden joko Hard- tai Medium.<\/li>\n<li><strong>Hengitt\u00e4v\u00e4 materiaali:<\/strong>\u00a0Laadukkaat, hengitt\u00e4v\u00e4t materiaalit takaavat miellytt\u00e4v\u00e4n nukkumisymp\u00e4rist\u00f6n ymp\u00e4ri vuoden.<\/li>\n<li><strong>Tyylik\u00e4s muotoilu:<\/strong>\u00a0Moderni ja elegantti muotoilu sopii t\u00e4ydellisesti mihin tahansa makuuhuoneeseen.<\/li>\n<\/ul>\n<p><strong>Tekniset tiedot:<\/strong><\/p>\n<ul>\n<li><strong>Koko:<\/strong> 190&#215;200 cm (kaksi erillist\u00e4 90&#215;200 cm kokoista moottoris\u00e4nky\u00e4 vierekk\u00e4in.)<\/li>\n<li><strong>Jousitus: <\/strong>koteloitu Premium- pussijouisto (250kpl\/m2). Hard tai medium j\u00e4ykkyys. Painosuositus: Medium alle 75 kg. Hard yli 75 kg.<\/li>\n<li><strong>Verhoilu:<\/strong> Kest\u00e4v\u00e4 ja korkealaatuinen kangas, valittavana 5 eri v\u00e4ri\u00e4.<\/li>\n<li><strong>Runko: <\/strong>Massiivipuu ja metalli.<\/li>\n<li><strong>Jalka:<\/strong> metallia, 10 cm korkea<\/li>\n<li><strong>Petauspatja: <\/strong>Profiloitu 50 mm:n paksu stylex-erikoisvaahtomuovi. Leveys 160 cm. Petauspatjassa on halkio yl\u00e4p\u00e4\u00e4ss\u00e4, joka helpottaa s\u00e4ngyn s\u00e4\u00e4t\u00e4mist\u00e4.<\/li>\n<li><strong>Petauspatjan p\u00e4\u00e4llinen: <\/strong>Joustokangasta, joka kest\u00e4\u00e4 60\u00b0 C vesipesun.<strong><br \/>\n<\/strong><\/li>\n<li><strong>Takuu:<\/strong> 5 vuoden takuu moottorille ja rungolle, 20 vuoden katkeamattomuustakuu jousille.<\/li>\n<\/ul>\n<p><strong>Hy\u00f6dyt:<\/strong><\/p>\n<ul>\n<li><strong>Parantaa unenlaatua:<\/strong>\u00a0S\u00e4\u00e4dett\u00e4vyyden ansiosta voit l\u00f6yt\u00e4\u00e4 juuri sinulle sopivan nukkuma-asennon, mik\u00e4 parantaa unenlaatua ja v\u00e4hent\u00e4\u00e4 selk\u00e4- ja niskakipuja.<\/li>\n<li><strong>Monipuolisuus:<\/strong>\u00a0Sopii erinomaisesti niin nukkumiseen kuin rentoutumiseenkin.<\/li>\n<\/ul>\n<p>Eden s\u00e4nkymallisto on suunniteltu yhteisty\u00f6ss\u00e4\u00a0allergia-, iho- ja astmaliiton kanssa jolloin voit olla varma ett\u00e4 s\u00e4ngyss\u00e4 k\u00e4ytetyt materiaalit ovat ensi luokkaisia ja turvallisia.<\/p>\n<p>Kysy lis\u00e4tietoa tai muita s\u00e4nkyvaihtoehtoja<a href=\"https:\/\/pohjanmaantehtaanmyymala.fi\/yhteys\/\" target=\"_blank\" rel=\"noopener\"> myynnist\u00e4mme!<\/a><\/p>\n<p>Toimitetaan muoviin ja pahviin pakattuna.<\/p>\n","protected":false},"excerpt":{"rendered":"<p>Eden 9 on sarjansa laadukkain ja ylellisin moottoris\u00e4nky.<\/p>\n","protected":false},"featured_media":27319,"comment_status":"closed","ping_status":"closed","template":"","meta":{"_acf_changed":false,"jetpack_post_was_ever_published":false,"jetpack_publicize_message":"","jetpack_publicize_feature_enabled":true,"jetpack_social_post_already_shared":true,"jetpack_social_options":{"image_generator_settings":{"template":"highway","default_image_id":0,"font":"","enabled":false},"version":2}},"product_brand":[203],"product_cat":[198],"product_tag":[],"class_list":{"0":"post-27309","1":"product","2":"type-product","3":"status-publish","4":"has-post-thumbnail","6":"product_brand-hilding","7":"product_cat-patjat-ja-sangyt","8":"product_shipping_class-161","9":"pa_malli-hard","10":"pa_malli-hard-medium","11":"pa_malli-medium","12":"pa_vari-antrasiitti","13":"pa_vari-grafiitti","14":"pa_vari-hiekka","15":"pa_vari-okra","16":"pa_vari-sammal","18":"first","19":"instock","20":"purchasable","21":"product-type-variable","22":"has-default-attributes"},"acf":[],"jetpack_publicize_connections":[],"jetpack_sharing_enabled":true,"jetpack-related-posts":[{"id":27359,"url":"https:\/\/pohjanmaantehtaanmyymala.fi\/sv\/tuote\/eden-9-moottorisankypaketti-180x200-cm\/","url_meta":{"origin":27309,"position":0},"title":"EDEN 9 moottoris\u00e4nkypaketti 180&#215;200 cm","author":"Sami Viitala","date":"oktober 11, 2024","format":false,"excerpt":"Laadukkas ja ylellinen mottoris\u00e4nkypaketti.","rel":"","context":"Liknande produkt","block_context":{"text":"Liknande produkt","link":""},"img":{"alt_text":"Eden 9 moottoris\u00e4nky pari leveys 180 cm sammal-verhoilulla ja split-petauspatjalla","src":"https:\/\/i0.wp.com\/pohjanmaantehtaanmyymala.fi\/wp-content\/uploads\/2024\/10\/EDEN-9-pari-mosa-180.jpg?fit=960%2C960&ssl=1&resize=350%2C200","width":350,"height":200,"srcset":"https:\/\/i0.wp.com\/pohjanmaantehtaanmyymala.fi\/wp-content\/uploads\/2024\/10\/EDEN-9-pari-mosa-180.jpg?fit=960%2C960&ssl=1&resize=350%2C200 1x, https:\/\/i0.wp.com\/pohjanmaantehtaanmyymala.fi\/wp-content\/uploads\/2024\/10\/EDEN-9-pari-mosa-180.jpg?fit=960%2C960&ssl=1&resize=525%2C300 1.5x, https:\/\/i0.wp.com\/pohjanmaantehtaanmyymala.fi\/wp-content\/uploads\/2024\/10\/EDEN-9-pari-mosa-180.jpg?fit=960%2C960&ssl=1&resize=700%2C400 2x"},"classes":[]},{"id":24859,"url":"https:\/\/pohjanmaantehtaanmyymala.fi\/sv\/tuote\/eden-3-moottorisankypaketti-paadylla-160x200-cm\/","url_meta":{"origin":27309,"position":1},"title":"EDEN 3 -moottoris\u00e4nkypaketti p\u00e4\u00e4dyll\u00e4 160&#215;200 cm","author":"Miro Nevala","date":"februari 5, 2024","format":false,"excerpt":"Laadukkaasta Eden s\u00e4\u00e4t\u00f6s\u00e4ngyst\u00e4 on valittavana kaksi eri j\u00e4ykkyytt\u00e4 ja kolme eri v\u00e4ri\u00e4.","rel":"","context":"Liknande produkt","block_context":{"text":"Liknande produkt","link":""},"img":{"alt_text":"","src":"https:\/\/i0.wp.com\/pohjanmaantehtaanmyymala.fi\/wp-content\/uploads\/2024\/02\/Eden3_parisasy_160_comfort_paadylla.jpg?fit=960%2C960&ssl=1&resize=350%2C200","width":350,"height":200,"srcset":"https:\/\/i0.wp.com\/pohjanmaantehtaanmyymala.fi\/wp-content\/uploads\/2024\/02\/Eden3_parisasy_160_comfort_paadylla.jpg?fit=960%2C960&ssl=1&resize=350%2C200 1x, https:\/\/i0.wp.com\/pohjanmaantehtaanmyymala.fi\/wp-content\/uploads\/2024\/02\/Eden3_parisasy_160_comfort_paadylla.jpg?fit=960%2C960&ssl=1&resize=525%2C300 1.5x, https:\/\/i0.wp.com\/pohjanmaantehtaanmyymala.fi\/wp-content\/uploads\/2024\/02\/Eden3_parisasy_160_comfort_paadylla.jpg?fit=960%2C960&ssl=1&resize=700%2C400 2x"},"classes":[]},{"id":24871,"url":"https:\/\/pohjanmaantehtaanmyymala.fi\/sv\/tuote\/eden-3-moottorisankypaketti-paadylla-180x200-cm\/","url_meta":{"origin":27309,"position":2},"title":"EDEN 3 -moottoris\u00e4nkypaketti p\u00e4\u00e4dyll\u00e4 180&#215;200 cm","author":"Miro Nevala","date":"februari 5, 2024","format":false,"excerpt":"Laadukkaasta Eden\u00a0 s\u00e4\u00e4t\u00f6s\u00e4ngyst\u00e4 on valittavana kaksi eri j\u00e4ykkyytt\u00e4.","rel":"","context":"Liknande produkt","block_context":{"text":"Liknande produkt","link":""},"img":{"alt_text":"Eden kolme pari-moottoris\u00e4nkypaketti 180 cm Comfort-p\u00e4\u00e4dyll\u00e4 graniitti","src":"https:\/\/i0.wp.com\/pohjanmaantehtaanmyymala.fi\/wp-content\/uploads\/2024\/02\/Eden3_sasy_paaty-web.jpg?fit=960%2C960&ssl=1&resize=350%2C200","width":350,"height":200,"srcset":"https:\/\/i0.wp.com\/pohjanmaantehtaanmyymala.fi\/wp-content\/uploads\/2024\/02\/Eden3_sasy_paaty-web.jpg?fit=960%2C960&ssl=1&resize=350%2C200 1x, https:\/\/i0.wp.com\/pohjanmaantehtaanmyymala.fi\/wp-content\/uploads\/2024\/02\/Eden3_sasy_paaty-web.jpg?fit=960%2C960&ssl=1&resize=525%2C300 1.5x, https:\/\/i0.wp.com\/pohjanmaantehtaanmyymala.fi\/wp-content\/uploads\/2024\/02\/Eden3_sasy_paaty-web.jpg?fit=960%2C960&ssl=1&resize=700%2C400 2x"},"classes":[]},{"id":24813,"url":"https:\/\/pohjanmaantehtaanmyymala.fi\/sv\/tuote\/eden-3-moottorisankypaketti-180x200-cm\/","url_meta":{"origin":27309,"position":3},"title":"EDEN 3 -moottoris\u00e4nkypaketti 180&#215;200 cm","author":"Miro Nevala","date":"februari 5, 2024","format":false,"excerpt":"Laadukkaasta Eden s\u00e4\u00e4t\u00f6s\u00e4ngyst\u00e4 on valittavana kaksi eri j\u00e4ykkyytt\u00e4.","rel":"","context":"Liknande produkt","block_context":{"text":"Liknande produkt","link":""},"img":{"alt_text":"Eden kolme s\u00e4\u00e4t\u00f6s\u00e4nky pari, leveys 180 cm","src":"https:\/\/i0.wp.com\/pohjanmaantehtaanmyymala.fi\/wp-content\/uploads\/2024\/02\/Eden3_mosa_sasy_pari_180.jpg?fit=960%2C960&ssl=1&resize=350%2C200","width":350,"height":200,"srcset":"https:\/\/i0.wp.com\/pohjanmaantehtaanmyymala.fi\/wp-content\/uploads\/2024\/02\/Eden3_mosa_sasy_pari_180.jpg?fit=960%2C960&ssl=1&resize=350%2C200 1x, https:\/\/i0.wp.com\/pohjanmaantehtaanmyymala.fi\/wp-content\/uploads\/2024\/02\/Eden3_mosa_sasy_pari_180.jpg?fit=960%2C960&ssl=1&resize=525%2C300 1.5x, https:\/\/i0.wp.com\/pohjanmaantehtaanmyymala.fi\/wp-content\/uploads\/2024\/02\/Eden3_mosa_sasy_pari_180.jpg?fit=960%2C960&ssl=1&resize=700%2C400 2x"},"classes":[]},{"id":24755,"url":"https:\/\/pohjanmaantehtaanmyymala.fi\/sv\/tuote\/eden-3-moottorisankypaketti-160x200-cm\/","url_meta":{"origin":27309,"position":4},"title":"EDEN 3 -moottoris\u00e4nkypaketti 160&#215;200 cm","author":"Sami Viitala","date":"januari 30, 2024","format":false,"excerpt":"Laadukkaasta Eden s\u00e4\u00e4t\u00f6s\u00e4ngyst\u00e4 on valittavana kaksi eri j\u00e4ykkyytt\u00e4.","rel":"","context":"Liknande produkt","block_context":{"text":"Liknande produkt","link":""},"img":{"alt_text":"Eden kolme s\u00e4\u00e4t\u00f6s\u00e4nky pari, leveys 160 cm","src":"https:\/\/i0.wp.com\/pohjanmaantehtaanmyymala.fi\/wp-content\/uploads\/2024\/02\/Eden3_mosa_sasy_pari_160.jpg?fit=960%2C960&ssl=1&resize=350%2C200","width":350,"height":200,"srcset":"https:\/\/i0.wp.com\/pohjanmaantehtaanmyymala.fi\/wp-content\/uploads\/2024\/02\/Eden3_mosa_sasy_pari_160.jpg?fit=960%2C960&ssl=1&resize=350%2C200 1x, https:\/\/i0.wp.com\/pohjanmaantehtaanmyymala.fi\/wp-content\/uploads\/2024\/02\/Eden3_mosa_sasy_pari_160.jpg?fit=960%2C960&ssl=1&resize=525%2C300 1.5x, https:\/\/i0.wp.com\/pohjanmaantehtaanmyymala.fi\/wp-content\/uploads\/2024\/02\/Eden3_mosa_sasy_pari_160.jpg?fit=960%2C960&ssl=1&resize=700%2C400 2x"},"classes":[]},{"id":27379,"url":"https:\/\/pohjanmaantehtaanmyymala.fi\/sv\/tuote\/eden-9-moottorisanky-90x200-cm-petauspatjalla\/","url_meta":{"origin":27309,"position":5},"title":"EDEN 9 -moottoris\u00e4nky 90&#215;200 cm petauspatjalla","author":"Sami Viitala","date":"oktober 11, 2024","format":false,"excerpt":"Laadukkas ja ylellinen mottoris\u00e4nkypaketti.","rel":"","context":"Liknande produkt","block_context":{"text":"Liknande produkt","link":""},"img":{"alt_text":"Eden 9 moottoris\u00e4nky leveys 90 cm sammal-verhoilulla ja Premium-petauspatjalla.","src":"https:\/\/i0.wp.com\/pohjanmaantehtaanmyymala.fi\/wp-content\/uploads\/2024\/10\/EDEN-9-mosa-yksikko.jpg?fit=960%2C960&ssl=1&resize=350%2C200","width":350,"height":200,"srcset":"https:\/\/i0.wp.com\/pohjanmaantehtaanmyymala.fi\/wp-content\/uploads\/2024\/10\/EDEN-9-mosa-yksikko.jpg?fit=960%2C960&ssl=1&resize=350%2C200 1x, https:\/\/i0.wp.com\/pohjanmaantehtaanmyymala.fi\/wp-content\/uploads\/2024\/10\/EDEN-9-mosa-yksikko.jpg?fit=960%2C960&ssl=1&resize=525%2C300 1.5x, https:\/\/i0.wp.com\/pohjanmaantehtaanmyymala.fi\/wp-content\/uploads\/2024\/10\/EDEN-9-mosa-yksikko.jpg?fit=960%2C960&ssl=1&resize=700%2C400 2x"},"classes":[]}],"_links":{"self":[{"href":"https:\/\/pohjanmaantehtaanmyymala.fi\/sv\/wp-json\/wp\/v2\/product\/27309","targetHints":{"allow":["GET"]}}],"collection":[{"href":"https:\/\/pohjanmaantehtaanmyymala.fi\/sv\/wp-json\/wp\/v2\/product"}],"about":[{"href":"https:\/\/pohjanmaantehtaanmyymala.fi\/sv\/wp-json\/wp\/v2\/types\/product"}],"replies":[{"embeddable":true,"href":"https:\/\/pohjanmaantehtaanmyymala.fi\/sv\/wp-json\/wp\/v2\/comments?post=27309"}],"wp:featuredmedia":[{"embeddable":true,"href":"https:\/\/pohjanmaantehtaanmyymala.fi\/sv\/wp-json\/wp\/v2\/media\/27319"}],"wp:attachment":[{"href":"https:\/\/pohjanmaantehtaanmyymala.fi\/sv\/wp-json\/wp\/v2\/media?parent=27309"}],"wp:term":[{"taxonomy":"product_brand","embeddable":true,"href":"https:\/\/pohjanmaantehtaanmyymala.fi\/sv\/wp-json\/wp\/v2\/product_brand?post=27309"},{"taxonomy":"product_cat","embeddable":true,"href":"https:\/\/pohjanmaantehtaanmyymala.fi\/sv\/wp-json\/wp\/v2\/product_cat?post=27309"},{"taxonomy":"product_tag","embeddable":true,"href":"https:\/\/pohjanmaantehtaanmyymala.fi\/sv\/wp-json\/wp\/v2\/product_tag?post=27309"}],"curies":[{"name":"wp","href":"https:\/\/api.w.org\/{rel}","templated":true}]}}