{"id":26650,"date":"2024-03-22T08:36:28","date_gmt":"2024-03-22T06:36:28","guid":{"rendered":"https:\/\/pohjanmaantehtaanmyymala.fi\/?post_type=product&#038;p=26650"},"modified":"2026-04-14T11:08:31","modified_gmt":"2026-04-14T09:08:31","slug":"rowico-ami-ruokapoydan-tuoli","status":"publish","type":"product","link":"https:\/\/pohjanmaantehtaanmyymala.fi\/sv\/tuote\/rowico-ami-ruokapoydan-tuoli\/","title":{"rendered":"Rowico Kerwin tuoli"},"content":{"rendered":"<p>Trendik\u00e4s Kerwin ruokap\u00f6yd\u00e4n tuoli pehmustetulla istuimella edustaa Rowiconin tyylik\u00e4st\u00e4 designia. T\u00e4m\u00e4 tammesta valmistettu tuoli on varustettu kauniilla mustalla istuinverhoilulla, mik\u00e4 luo modernin ja hienostuneen ilmeen. Tuolin muotoilu on kevyt ja siro, sopien erityisen hyvin pienemm\u00e4n ruokap\u00f6yd\u00e4n ymp\u00e4rille.<\/p>\n<p>Kerwin keitti\u00f6ntuolin istuinosa on k\u00e4yt\u00e4nn\u00f6llisesti verhoiltu beigen v\u00e4risell\u00e4 kankaalla. T\u00e4m\u00e4 tuoli yhdist\u00e4\u00e4 kauneuden, mukavuuden ja k\u00e4yt\u00e4nn\u00f6llisyyden, tarjoten t\u00e4ydellisen istuinratkaisun trendikk\u00e4\u00e4seen ruokailutilaan.<\/p>\n<p>Kerwin ruokatuoli on saatavilla my\u00f6s ruskean, tammen ja valkopestyn tammen v\u00e4risen\u00e4.<\/p>\n<p><strong>Tuotetiedot:<\/strong><br \/>\nIstuinkorkeus: 47 cm, istuinleveys: 44 cm, istuinsyvyys 37 cm.<br \/>\nValmistettu lakatusta tammesta. Saatavana my\u00f6s my\u00f6s mustana sek\u00e4 valkopestyn\u00e4 tammena.<br \/>\nIstuinverhoiluna musta keinonahka.<br \/>\nTuolin kantavuus 110 kg<br \/>\nToimitetaan osina.<\/p>\n","protected":false},"excerpt":{"rendered":"<p>Tyylik\u00e4s ruokap\u00f6yd\u00e4n tuoli. Valitse mieluinen v\u00e4ri!<\/p>\n","protected":false},"featured_media":28853,"comment_status":"closed","ping_status":"closed","template":"","meta":{"_acf_changed":false,"jetpack_post_was_ever_published":false,"jetpack_publicize_message":"","jetpack_publicize_feature_enabled":true,"jetpack_social_post_already_shared":true,"jetpack_social_options":{"image_generator_settings":{"template":"highway","default_image_id":0,"font":"","enabled":false},"version":2}},"product_brand":[179],"product_cat":[194],"product_tag":[],"class_list":{"0":"post-26650","1":"product","2":"type-product","3":"status-publish","4":"has-post-thumbnail","6":"product_brand-rowico","7":"product_cat-ruokapoydat-ja-tuolit","8":"pa_vari-musta","9":"pa_vari-tammi","10":"pa_vari-valkopesty","12":"first","13":"instock","14":"shipping-taxable","15":"purchasable","16":"product-type-simple"},"acf":[],"jetpack_publicize_connections":[],"jetpack_sharing_enabled":true,"jetpack-related-posts":[{"id":8974,"url":"https:\/\/pohjanmaantehtaanmyymala.fi\/sv\/tuote\/ami-tuoli\/","url_meta":{"origin":26650,"position":0},"title":"Rowico AMI tuoli, eri v\u00e4rej\u00e4","author":"petri","date":"september 14, 2019","format":false,"excerpt":"Tyylik\u00e4s ja siro ruokap\u00f6yd\u00e4n tuoli. Valitse mieluinen v\u00e4ri!","rel":"","context":"Liknande produkt","block_context":{"text":"Liknande produkt","link":""},"img":{"alt_text":"Ami tuoli tammi harmaa tyyny","src":"https:\/\/i0.wp.com\/pohjanmaantehtaanmyymala.fi\/wp-content\/uploads\/2019\/09\/113031-a-52208-Ami-stol-ek-svart-R.jpg?fit=960%2C960&ssl=1&resize=350%2C200","width":350,"height":200,"srcset":"https:\/\/i0.wp.com\/pohjanmaantehtaanmyymala.fi\/wp-content\/uploads\/2019\/09\/113031-a-52208-Ami-stol-ek-svart-R.jpg?fit=960%2C960&ssl=1&resize=350%2C200 1x, https:\/\/i0.wp.com\/pohjanmaantehtaanmyymala.fi\/wp-content\/uploads\/2019\/09\/113031-a-52208-Ami-stol-ek-svart-R.jpg?fit=960%2C960&ssl=1&resize=525%2C300 1.5x, https:\/\/i0.wp.com\/pohjanmaantehtaanmyymala.fi\/wp-content\/uploads\/2019\/09\/113031-a-52208-Ami-stol-ek-svart-R.jpg?fit=960%2C960&ssl=1&resize=700%2C400 2x"},"classes":[]},{"id":26517,"url":"https:\/\/pohjanmaantehtaanmyymala.fi\/sv\/tuote\/rowico-waterton-tuoli-valitse-vari\/","url_meta":{"origin":26650,"position":1},"title":"Rowico Waterton tuoli. Valitse v\u00e4ri!","author":"Miro Nevala","date":"april 9, 2024","format":false,"excerpt":"N\u00e4ytt\u00e4v\u00e4 ruokatuoli 2 eri v\u00e4rityksell\u00e4!","rel":"","context":"Liknande produkt","block_context":{"text":"Liknande produkt","link":""},"img":{"alt_text":"Rowico Waterlon tuoli tammi kulma","src":"https:\/\/i0.wp.com\/pohjanmaantehtaanmyymala.fi\/wp-content\/uploads\/2024\/03\/Rowico_Waterton_tuoli-1.jpg?fit=960%2C960&ssl=1&resize=350%2C200","width":350,"height":200,"srcset":"https:\/\/i0.wp.com\/pohjanmaantehtaanmyymala.fi\/wp-content\/uploads\/2024\/03\/Rowico_Waterton_tuoli-1.jpg?fit=960%2C960&ssl=1&resize=350%2C200 1x, https:\/\/i0.wp.com\/pohjanmaantehtaanmyymala.fi\/wp-content\/uploads\/2024\/03\/Rowico_Waterton_tuoli-1.jpg?fit=960%2C960&ssl=1&resize=525%2C300 1.5x, https:\/\/i0.wp.com\/pohjanmaantehtaanmyymala.fi\/wp-content\/uploads\/2024\/03\/Rowico_Waterton_tuoli-1.jpg?fit=960%2C960&ssl=1&resize=700%2C400 2x"},"classes":[]},{"id":26690,"url":"https:\/\/pohjanmaantehtaanmyymala.fi\/sv\/tuote\/rowico-wolcott-tuoli\/","url_meta":{"origin":26650,"position":2},"title":"Rowico Wolcott-tuoli","author":"Miro Nevala","date":"mars 22, 2024","format":false,"excerpt":"Taattua Rowicon laatua ja n\u00e4ytt\u00e4vyytt\u00e4. Valitse v\u00e4ri!","rel":"","context":"Liknande produkt","block_context":{"text":"Liknande produkt","link":""},"img":{"alt_text":"Rowico Wolcott ruokatuoli valkopesty tammi","src":"https:\/\/i0.wp.com\/pohjanmaantehtaanmyymala.fi\/wp-content\/uploads\/2024\/03\/Rowico_Wolcott_ruokatuoli-valkopesty.jpg?fit=960%2C960&ssl=1&resize=350%2C200","width":350,"height":200,"srcset":"https:\/\/i0.wp.com\/pohjanmaantehtaanmyymala.fi\/wp-content\/uploads\/2024\/03\/Rowico_Wolcott_ruokatuoli-valkopesty.jpg?fit=960%2C960&ssl=1&resize=350%2C200 1x, https:\/\/i0.wp.com\/pohjanmaantehtaanmyymala.fi\/wp-content\/uploads\/2024\/03\/Rowico_Wolcott_ruokatuoli-valkopesty.jpg?fit=960%2C960&ssl=1&resize=525%2C300 1.5x, https:\/\/i0.wp.com\/pohjanmaantehtaanmyymala.fi\/wp-content\/uploads\/2024\/03\/Rowico_Wolcott_ruokatuoli-valkopesty.jpg?fit=960%2C960&ssl=1&resize=700%2C400 2x"},"classes":[]},{"id":22881,"url":"https:\/\/pohjanmaantehtaanmyymala.fi\/sv\/tuote\/gracy-tuoli-verhoiltu\/","url_meta":{"origin":26650,"position":3},"title":"GRACY &#8211; tuoli verhoiltu","author":"Sami Viitala","date":"maj 5, 2023","format":false,"excerpt":"Tyylik\u00e4s Gracy-tuoli ruokap\u00f6yd\u00e4n ymp\u00e4rille. Tuolin istuinosa on on verhoitu. V\u00e4ri vaihtoehdot ovat vaalean- ja tummanharmaa. Tuolin jalat valmistettu tammesta. Jalkojen v\u00e4rit ovat Musta, valkopesty tai tammi. Saatavana my\u00f6s laminaatti-istuimella. Tuolin istuinkorkeus: 46 cm. Tuoli toimitetaan osina.","rel":"","context":"Liknande produkt","block_context":{"text":"Liknande produkt","link":""},"img":{"alt_text":"Gracy tuoli vaalean harmaa mustalla jalalla","src":"https:\/\/i0.wp.com\/pohjanmaantehtaanmyymala.fi\/wp-content\/uploads\/2023\/05\/113635-a-Grace-stol-ljusgra-svart-R.jpg?fit=960%2C960&ssl=1&resize=350%2C200","width":350,"height":200,"srcset":"https:\/\/i0.wp.com\/pohjanmaantehtaanmyymala.fi\/wp-content\/uploads\/2023\/05\/113635-a-Grace-stol-ljusgra-svart-R.jpg?fit=960%2C960&ssl=1&resize=350%2C200 1x, https:\/\/i0.wp.com\/pohjanmaantehtaanmyymala.fi\/wp-content\/uploads\/2023\/05\/113635-a-Grace-stol-ljusgra-svart-R.jpg?fit=960%2C960&ssl=1&resize=525%2C300 1.5x, https:\/\/i0.wp.com\/pohjanmaantehtaanmyymala.fi\/wp-content\/uploads\/2023\/05\/113635-a-Grace-stol-ljusgra-svart-R.jpg?fit=960%2C960&ssl=1&resize=700%2C400 2x"},"classes":[]},{"id":9145,"url":"https:\/\/pohjanmaantehtaanmyymala.fi\/sv\/tuote\/gracy-tuoli\/","url_meta":{"origin":26650,"position":4},"title":"GRACY &#8211; tuoli","author":"petri","date":"september 14, 2019","format":false,"excerpt":"Tyylik\u00e4s Gracy-tuoli ruokap\u00f6yd\u00e4n ymp\u00e4rille. Tuolin istuinosa on kest\u00e4v\u00e4\u00e4 laminaattipintaista vaneria. V\u00e4ri vaihtoehdot ovat musta ja valkoinen. Tuolin jalat valmistettu tammesta. Jalkojen v\u00e4rit ovat Musta, valkoinen, valkopesty tai tammi. Saatavana my\u00f6s pehmustettuna. Tuolin istuinkorkeus: 46 cm. Tuoli toimitetaan osina.","rel":"","context":"Liknande produkt","block_context":{"text":"Liknande produkt","link":""},"img":{"alt_text":"","src":"https:\/\/i0.wp.com\/pohjanmaantehtaanmyymala.fi\/wp-content\/uploads\/2019\/06\/113630-a-Grace-stol-svart-ek-R.jpg?fit=960%2C960&ssl=1&resize=350%2C200","width":350,"height":200,"srcset":"https:\/\/i0.wp.com\/pohjanmaantehtaanmyymala.fi\/wp-content\/uploads\/2019\/06\/113630-a-Grace-stol-svart-ek-R.jpg?fit=960%2C960&ssl=1&resize=350%2C200 1x, https:\/\/i0.wp.com\/pohjanmaantehtaanmyymala.fi\/wp-content\/uploads\/2019\/06\/113630-a-Grace-stol-svart-ek-R.jpg?fit=960%2C960&ssl=1&resize=525%2C300 1.5x, https:\/\/i0.wp.com\/pohjanmaantehtaanmyymala.fi\/wp-content\/uploads\/2019\/06\/113630-a-Grace-stol-svart-ek-R.jpg?fit=960%2C960&ssl=1&resize=700%2C400 2x"},"classes":[]},{"id":26670,"url":"https:\/\/pohjanmaantehtaanmyymala.fi\/sv\/tuote\/rowico-rodham-tuoli-valitse-vari\/","url_meta":{"origin":26650,"position":5},"title":"Rowico Rodham tuoli, valitse v\u00e4ri","author":"Miro Nevala","date":"mars 22, 2024","format":false,"excerpt":"Siro tuoli 4 eri v\u00e4rityksell\u00e4. Valitse mieluinen!","rel":"","context":"Liknande produkt","block_context":{"text":"Liknande produkt","link":""},"img":{"alt_text":"Rowico Rodham ruokatuoli valkopesty tammi","src":"https:\/\/i0.wp.com\/pohjanmaantehtaanmyymala.fi\/wp-content\/uploads\/2024\/03\/Rowico_Rodham_ruokatuoli-valkopesty-tammi.jpg?fit=960%2C960&ssl=1&resize=350%2C200","width":350,"height":200,"srcset":"https:\/\/i0.wp.com\/pohjanmaantehtaanmyymala.fi\/wp-content\/uploads\/2024\/03\/Rowico_Rodham_ruokatuoli-valkopesty-tammi.jpg?fit=960%2C960&ssl=1&resize=350%2C200 1x, https:\/\/i0.wp.com\/pohjanmaantehtaanmyymala.fi\/wp-content\/uploads\/2024\/03\/Rowico_Rodham_ruokatuoli-valkopesty-tammi.jpg?fit=960%2C960&ssl=1&resize=525%2C300 1.5x, https:\/\/i0.wp.com\/pohjanmaantehtaanmyymala.fi\/wp-content\/uploads\/2024\/03\/Rowico_Rodham_ruokatuoli-valkopesty-tammi.jpg?fit=960%2C960&ssl=1&resize=700%2C400 2x"},"classes":[]}],"_links":{"self":[{"href":"https:\/\/pohjanmaantehtaanmyymala.fi\/sv\/wp-json\/wp\/v2\/product\/26650","targetHints":{"allow":["GET"]}}],"collection":[{"href":"https:\/\/pohjanmaantehtaanmyymala.fi\/sv\/wp-json\/wp\/v2\/product"}],"about":[{"href":"https:\/\/pohjanmaantehtaanmyymala.fi\/sv\/wp-json\/wp\/v2\/types\/product"}],"replies":[{"embeddable":true,"href":"https:\/\/pohjanmaantehtaanmyymala.fi\/sv\/wp-json\/wp\/v2\/comments?post=26650"}],"wp:featuredmedia":[{"embeddable":true,"href":"https:\/\/pohjanmaantehtaanmyymala.fi\/sv\/wp-json\/wp\/v2\/media\/28853"}],"wp:attachment":[{"href":"https:\/\/pohjanmaantehtaanmyymala.fi\/sv\/wp-json\/wp\/v2\/media?parent=26650"}],"wp:term":[{"taxonomy":"product_brand","embeddable":true,"href":"https:\/\/pohjanmaantehtaanmyymala.fi\/sv\/wp-json\/wp\/v2\/product_brand?post=26650"},{"taxonomy":"product_cat","embeddable":true,"href":"https:\/\/pohjanmaantehtaanmyymala.fi\/sv\/wp-json\/wp\/v2\/product_cat?post=26650"},{"taxonomy":"product_tag","embeddable":true,"href":"https:\/\/pohjanmaantehtaanmyymala.fi\/sv\/wp-json\/wp\/v2\/product_tag?post=26650"}],"curies":[{"name":"wp","href":"https:\/\/api.w.org\/{rel}","templated":true}]}}