{"id":26586,"date":"2024-04-26T13:38:35","date_gmt":"2024-04-26T11:38:35","guid":{"rendered":"https:\/\/pohjanmaantehtaanmyymala.fi\/?post_type=product&#038;p=26586"},"modified":"2026-04-14T11:08:27","modified_gmt":"2026-04-14T09:08:27","slug":"rowico-haddington-senkki-liukuovilla","status":"publish","type":"product","link":"https:\/\/pohjanmaantehtaanmyymala.fi\/sv\/tuote\/rowico-haddington-senkki-liukuovilla\/","title":{"rendered":"Rowico Haddington senkki liukuovilla"},"content":{"rendered":"<p><strong>Poistuva malli, tarkista saatavuus!<\/strong><\/p>\n<p>Kaunis vaalea Haddington tammisenkki kaarevilla sivuilla ja liukuovilla edustaa Rowicon tyylik\u00e4st\u00e4 designia, joka sulautuu saumattomasti skandinaaviseen sisustukseen. Senkki on valkopestyn\u00e4, mik\u00e4 korostaa sen tammipinnan luonnollisia kuvioita. Senkin py\u00f6ristetty ja symmetrinen muotoilu sek\u00e4 sivuille asti aukeavat rulo-ovet tekev\u00e4t siit\u00e4 ihanteellisen kalusteen my\u00f6s kodin keskeisiin tiloihin, s\u00e4ilytt\u00e4en kauniin ulkon\u00e4k\u00f6ns\u00e4 katselukulmasta riippumatta.<\/p>\n<p>Haddington-senkki on monipuolinen kaluste, jota voi k\u00e4ytt\u00e4\u00e4 eri tiloissa, kuten olohuoneen TV-tasona, astiakaappina ruokailutilassa tai vaatteiden s\u00e4ilytykseen makuuhuoneessa. Sen liukuovet tarjoavat k\u00e4tev\u00e4n tavan pit\u00e4\u00e4 tavarat piilossa samalla s\u00e4ilytt\u00e4en tyylikk\u00e4\u00e4n ja siistin ulkon\u00e4\u00f6n. T\u00e4m\u00e4 senkki yhdist\u00e4\u00e4 kauneuden ja k\u00e4yt\u00e4nn\u00f6llisyyden luoden harmonisen lis\u00e4n skandinaaviseen kotiin.<\/p>\n<p><strong>Tuotetiedot:<\/strong><\/p>\n<p>Valmistettu tammesta ja tammiviilutetusta kalustelevyst\u00e4.<br \/>\nJalat metallia<br \/>\nMitat: Syvyys 42cm, leveys 142cm ja korkeus 71cm<br \/>\nToimitetaan osina.<\/p>\n","protected":false},"excerpt":{"rendered":"<p>Poistuva malli, tarkista saatavuus! Kaunis vaalea Haddington tammisenkki kaarevilla sivuilla ja liukuovilla edustaa Rowicon tyylik\u00e4st\u00e4 designia, joka sulautuu saumattomasti skandinaaviseen sisustukseen. Senkki on valkopestyn\u00e4, mik\u00e4 korostaa sen tammipinnan luonnollisia kuvioita. Senkin py\u00f6ristetty ja symmetrinen muotoilu sek\u00e4 sivuille asti aukeavat rulo-ovet tekev\u00e4t siit\u00e4 ihanteellisen kalusteen my\u00f6s kodin keskeisiin tiloihin, s\u00e4ilytt\u00e4en kauniin ulkon\u00e4k\u00f6ns\u00e4 katselukulmasta riippumatta. Haddington-senkki on [&hellip;]<\/p>\n","protected":false},"featured_media":26587,"comment_status":"closed","ping_status":"closed","template":"","meta":{"_acf_changed":false,"jetpack_post_was_ever_published":false,"jetpack_publicize_message":"","jetpack_publicize_feature_enabled":true,"jetpack_social_post_already_shared":true,"jetpack_social_options":{"image_generator_settings":{"template":"highway","default_image_id":0,"font":"","enabled":false},"version":2}},"product_brand":[179],"product_cat":[196],"product_tag":[],"class_list":{"0":"post-26586","1":"product","2":"type-product","3":"status-publish","4":"has-post-thumbnail","6":"product_brand-rowico","7":"product_cat-sailytyskalusteet-ja-tv-tasot","9":"first","10":"instock","11":"shipping-taxable","12":"purchasable","13":"product-type-simple"},"acf":[],"jetpack_publicize_connections":[],"jetpack_sharing_enabled":true,"jetpack-related-posts":[{"id":26789,"url":"https:\/\/pohjanmaantehtaanmyymala.fi\/sv\/tuote\/gustav-senkki-jaloilla\/","url_meta":{"origin":26586,"position":0},"title":"GUSTAV senkki jaloilla","author":"Sami Viitala","date":"april 13, 2024","format":false,"excerpt":"Laadukas ja tilava s\u00e4ilytysratkaisu.","rel":"","context":"Liknande produkt","block_context":{"text":"Liknande produkt","link":""},"img":{"alt_text":"Gustav senkki jaloilla, v\u00e4ri valkoinen","src":"https:\/\/i0.wp.com\/pohjanmaantehtaanmyymala.fi\/wp-content\/uploads\/2024\/04\/Gustav_t13-1891_Senkki_Jaloilla.jpg?fit=960%2C960&ssl=1&resize=350%2C200","width":350,"height":200,"srcset":"https:\/\/i0.wp.com\/pohjanmaantehtaanmyymala.fi\/wp-content\/uploads\/2024\/04\/Gustav_t13-1891_Senkki_Jaloilla.jpg?fit=960%2C960&ssl=1&resize=350%2C200 1x, https:\/\/i0.wp.com\/pohjanmaantehtaanmyymala.fi\/wp-content\/uploads\/2024\/04\/Gustav_t13-1891_Senkki_Jaloilla.jpg?fit=960%2C960&ssl=1&resize=525%2C300 1.5x, https:\/\/i0.wp.com\/pohjanmaantehtaanmyymala.fi\/wp-content\/uploads\/2024\/04\/Gustav_t13-1891_Senkki_Jaloilla.jpg?fit=960%2C960&ssl=1&resize=700%2C400 2x"},"classes":[]},{"id":26799,"url":"https:\/\/pohjanmaantehtaanmyymala.fi\/sv\/tuote\/gustav-senkki-lasiovilla\/","url_meta":{"origin":26586,"position":1},"title":"GUSTAV senkki lasiovilla","author":"Sami Viitala","date":"april 13, 2024","format":false,"excerpt":"Laadukas ja tilava s\u00e4ilytysratkaisu.","rel":"","context":"Liknande produkt","block_context":{"text":"Liknande produkt","link":""},"img":{"alt_text":"Gustav senkki liukulasiovilla ja jaloilla, v\u00e4ri valkoinen","src":"https:\/\/i0.wp.com\/pohjanmaantehtaanmyymala.fi\/wp-content\/uploads\/2024\/04\/Gustav-senkki-jaloilla_lasiovet.jpg?fit=960%2C960&ssl=1&resize=350%2C200","width":350,"height":200,"srcset":"https:\/\/i0.wp.com\/pohjanmaantehtaanmyymala.fi\/wp-content\/uploads\/2024\/04\/Gustav-senkki-jaloilla_lasiovet.jpg?fit=960%2C960&ssl=1&resize=350%2C200 1x, https:\/\/i0.wp.com\/pohjanmaantehtaanmyymala.fi\/wp-content\/uploads\/2024\/04\/Gustav-senkki-jaloilla_lasiovet.jpg?fit=960%2C960&ssl=1&resize=525%2C300 1.5x, https:\/\/i0.wp.com\/pohjanmaantehtaanmyymala.fi\/wp-content\/uploads\/2024\/04\/Gustav-senkki-jaloilla_lasiovet.jpg?fit=960%2C960&ssl=1&resize=700%2C400 2x"},"classes":[]},{"id":9348,"url":"https:\/\/pohjanmaantehtaanmyymala.fi\/sv\/tuote\/yumi-senkki-152cm\/","url_meta":{"origin":26586,"position":2},"title":"YUMI &#8211; senkki 152cm","author":"petri","date":"september 14, 2019","format":false,"excerpt":"Upea tamminen senkki Rowicon Yumi-kalustesarjasta. Senkiss\u00e4 on Yumi sarjalle tyypilliset korkeat ja sirot jalat jotka antavat kalusteille keve\u00e4n ilmeen. Senkin laatikoissa ja ovissa mukavuutta lis\u00e4\u00e4v\u00e4t hidastinmekanismit. Saatavana vain valkolakattuna tammena. Tuotetiedot: Valmistettu lakatusta massiivitammesta ja tammiviilutetusta kalustelevyst\u00e4. Toimitetaan kasattuna vain jalat ovat irrallaan.","rel":"","context":"Liknande produkt","block_context":{"text":"Liknande produkt","link":""},"img":{"alt_text":"Rowico Yumi senkki valkopesty edest\u00e4","src":"https:\/\/i0.wp.com\/pohjanmaantehtaanmyymala.fi\/wp-content\/uploads\/2019\/09\/Rowico_Yumi_senkki_valkopesty-1.jpg?fit=960%2C960&ssl=1&resize=350%2C200","width":350,"height":200,"srcset":"https:\/\/i0.wp.com\/pohjanmaantehtaanmyymala.fi\/wp-content\/uploads\/2019\/09\/Rowico_Yumi_senkki_valkopesty-1.jpg?fit=960%2C960&ssl=1&resize=350%2C200 1x, https:\/\/i0.wp.com\/pohjanmaantehtaanmyymala.fi\/wp-content\/uploads\/2019\/09\/Rowico_Yumi_senkki_valkopesty-1.jpg?fit=960%2C960&ssl=1&resize=525%2C300 1.5x, https:\/\/i0.wp.com\/pohjanmaantehtaanmyymala.fi\/wp-content\/uploads\/2019\/09\/Rowico_Yumi_senkki_valkopesty-1.jpg?fit=960%2C960&ssl=1&resize=700%2C400 2x"},"classes":[]},{"id":24509,"url":"https:\/\/pohjanmaantehtaanmyymala.fi\/sv\/tuote\/kaura-senkki-ovilla-ja-laatikoilla\/","url_meta":{"origin":26586,"position":3},"title":"Kaura senkki ovilla ja laatikoilla","author":"Sami Viitala","date":"december 9, 2023","format":false,"excerpt":"Tyylikk\u00e4\u00e4n v\u00e4rinen uritetuilla etusarjoilla varustettu Kaura-senkki","rel":"","context":"Liknande produkt","block_context":{"text":"Liknande produkt","link":""},"img":{"alt_text":"Hiipakan Kaura senkki laatikolla ja ovilla greigen v\u00e4rinen","src":"https:\/\/i0.wp.com\/pohjanmaantehtaanmyymala.fi\/wp-content\/uploads\/2023\/12\/Hiipakka_Kaura_senkki.jpg?fit=960%2C960&ssl=1&resize=350%2C200","width":350,"height":200,"srcset":"https:\/\/i0.wp.com\/pohjanmaantehtaanmyymala.fi\/wp-content\/uploads\/2023\/12\/Hiipakka_Kaura_senkki.jpg?fit=960%2C960&ssl=1&resize=350%2C200 1x, https:\/\/i0.wp.com\/pohjanmaantehtaanmyymala.fi\/wp-content\/uploads\/2023\/12\/Hiipakka_Kaura_senkki.jpg?fit=960%2C960&ssl=1&resize=525%2C300 1.5x, https:\/\/i0.wp.com\/pohjanmaantehtaanmyymala.fi\/wp-content\/uploads\/2023\/12\/Hiipakka_Kaura_senkki.jpg?fit=960%2C960&ssl=1&resize=700%2C400 2x"},"classes":[]},{"id":26141,"url":"https:\/\/pohjanmaantehtaanmyymala.fi\/sv\/tuote\/kaura-senkki-ovilla-150cm\/","url_meta":{"origin":26586,"position":4},"title":"Kaura Senkki ovilla 150cm","author":"Miro Nevala","date":"mars 20, 2024","format":false,"excerpt":"Greigen v\u00e4rinen uritetuilla etusarjoilla varustettu Senkki.","rel":"","context":"Liknande produkt","block_context":{"text":"Liknande produkt","link":""},"img":{"alt_text":"Kaura Senkki 3 ovella 150cm leve\u00e4","src":"https:\/\/i0.wp.com\/pohjanmaantehtaanmyymala.fi\/wp-content\/uploads\/2024\/03\/Kaura-Senkki-ovilla-150cm.jpg?fit=960%2C960&ssl=1&resize=350%2C200","width":350,"height":200,"srcset":"https:\/\/i0.wp.com\/pohjanmaantehtaanmyymala.fi\/wp-content\/uploads\/2024\/03\/Kaura-Senkki-ovilla-150cm.jpg?fit=960%2C960&ssl=1&resize=350%2C200 1x, https:\/\/i0.wp.com\/pohjanmaantehtaanmyymala.fi\/wp-content\/uploads\/2024\/03\/Kaura-Senkki-ovilla-150cm.jpg?fit=960%2C960&ssl=1&resize=525%2C300 1.5x, https:\/\/i0.wp.com\/pohjanmaantehtaanmyymala.fi\/wp-content\/uploads\/2024\/03\/Kaura-Senkki-ovilla-150cm.jpg?fit=960%2C960&ssl=1&resize=700%2C400 2x"},"classes":[]},{"id":26145,"url":"https:\/\/pohjanmaantehtaanmyymala.fi\/sv\/tuote\/kaura-senkki-ovilla-200cm\/","url_meta":{"origin":26586,"position":5},"title":"Kaura Senkki ovilla 200cm","author":"Miro Nevala","date":"mars 4, 2024","format":false,"excerpt":"Greigen v\u00e4rinen uritetuilla etusarjoilla varustettu Senkki.","rel":"","context":"Liknande produkt","block_context":{"text":"Liknande produkt","link":""},"img":{"alt_text":"Kaura Senkki 4 ovella 200cm leve\u00e4","src":"https:\/\/i0.wp.com\/pohjanmaantehtaanmyymala.fi\/wp-content\/uploads\/2024\/03\/Kaura-senkki-200cm.jpg?fit=960%2C960&ssl=1&resize=350%2C200","width":350,"height":200,"srcset":"https:\/\/i0.wp.com\/pohjanmaantehtaanmyymala.fi\/wp-content\/uploads\/2024\/03\/Kaura-senkki-200cm.jpg?fit=960%2C960&ssl=1&resize=350%2C200 1x, https:\/\/i0.wp.com\/pohjanmaantehtaanmyymala.fi\/wp-content\/uploads\/2024\/03\/Kaura-senkki-200cm.jpg?fit=960%2C960&ssl=1&resize=525%2C300 1.5x, https:\/\/i0.wp.com\/pohjanmaantehtaanmyymala.fi\/wp-content\/uploads\/2024\/03\/Kaura-senkki-200cm.jpg?fit=960%2C960&ssl=1&resize=700%2C400 2x"},"classes":[]}],"_links":{"self":[{"href":"https:\/\/pohjanmaantehtaanmyymala.fi\/sv\/wp-json\/wp\/v2\/product\/26586","targetHints":{"allow":["GET"]}}],"collection":[{"href":"https:\/\/pohjanmaantehtaanmyymala.fi\/sv\/wp-json\/wp\/v2\/product"}],"about":[{"href":"https:\/\/pohjanmaantehtaanmyymala.fi\/sv\/wp-json\/wp\/v2\/types\/product"}],"replies":[{"embeddable":true,"href":"https:\/\/pohjanmaantehtaanmyymala.fi\/sv\/wp-json\/wp\/v2\/comments?post=26586"}],"wp:featuredmedia":[{"embeddable":true,"href":"https:\/\/pohjanmaantehtaanmyymala.fi\/sv\/wp-json\/wp\/v2\/media\/26587"}],"wp:attachment":[{"href":"https:\/\/pohjanmaantehtaanmyymala.fi\/sv\/wp-json\/wp\/v2\/media?parent=26586"}],"wp:term":[{"taxonomy":"product_brand","embeddable":true,"href":"https:\/\/pohjanmaantehtaanmyymala.fi\/sv\/wp-json\/wp\/v2\/product_brand?post=26586"},{"taxonomy":"product_cat","embeddable":true,"href":"https:\/\/pohjanmaantehtaanmyymala.fi\/sv\/wp-json\/wp\/v2\/product_cat?post=26586"},{"taxonomy":"product_tag","embeddable":true,"href":"https:\/\/pohjanmaantehtaanmyymala.fi\/sv\/wp-json\/wp\/v2\/product_tag?post=26586"}],"curies":[{"name":"wp","href":"https:\/\/api.w.org\/{rel}","templated":true}]}}