{"id":26517,"date":"2024-04-09T14:32:13","date_gmt":"2024-04-09T12:32:13","guid":{"rendered":"https:\/\/pohjanmaantehtaanmyymala.fi\/?post_type=product&#038;p=26517"},"modified":"2026-04-14T11:08:39","modified_gmt":"2026-04-14T09:08:39","slug":"rowico-waterton-tuoli-valitse-vari","status":"publish","type":"product","link":"https:\/\/pohjanmaantehtaanmyymala.fi\/sv\/tuote\/rowico-waterton-tuoli-valitse-vari\/","title":{"rendered":"Rowico Waterton tuoli. Valitse v\u00e4ri!"},"content":{"rendered":"<p>Moderni Waterton tammituoli k\u00e4sinojilla yhdist\u00e4\u00e4 trendikk\u00e4\u00e4n designin k\u00e4yt\u00e4nn\u00f6lliseen mukavuuteen. T\u00e4m\u00e4 keitti\u00f6tuoli on varustettu tyylikk\u00e4\u00e4sti kaartuvalla selk\u00e4nojalla ja pehmustetulla istuimella, tarjoten erinomaisen istuvuuden. Tuolin runko on valmistettu laadukkaasta aidosta tammesta, ja selk\u00e4noja on elegantisti taivutettua vaneria, jossa on aitoa tammiviilua. Runko on saatavana sek\u00e4 tammen ett\u00e4 valkopestyn tammen v\u00e4riss\u00e4.<\/p>\n<p>Tammen v\u00e4risess\u00e4 tuolissa on beige istuinverhouilu, kun taas valkopestyss\u00e4 rungossa on vaaleanruskea istuinverhoilu. Valitse siis mieluinen v\u00e4risi n\u00e4ist\u00e4 kahdesta vaihtoehdosta. Waterton on monik\u00e4ytt\u00f6inen valinta, ja se sopii erinomaisesti niin keitti\u00f6\u00f6n kuin muihinkin kodin tiloihin. Voit k\u00e4ytt\u00e4\u00e4 sit\u00e4 my\u00f6s siroksi nojatuoliksi luomaan tyylikkyytt\u00e4 ja mukavuutta eri huoneisiin. T\u00e4m\u00e4 tuoli on t\u00e4ydellinen yhdistelm\u00e4 tyyli\u00e4, laadukkuutta ja k\u00e4yt\u00e4nn\u00f6llisyytt\u00e4, joka t\u00e4ydent\u00e4\u00e4 kodin sisustusta hienosti.<\/p>\n<p><strong>Tuotetiedot:<\/strong><br \/>\nlev. 55 cm, syv. 61 cm, kork. 80 cm<br \/>\nIstuinkorkeus: 45cm<br \/>\nTammirunko:\u00a0V\u00e4rin\u00e4 tammi tai valkopesty tammi.<br \/>\nSelk\u00e4noja: Tammiviilutettu taivutevaneri.<br \/>\nIstuin: Verhoilu 100% polypropyleeni, hankauskesto 50000 martindalea.<br \/>\nPainorajoitus tuolissa on 110kg.<br \/>\nToimitus osina.<\/p>\n","protected":false},"excerpt":{"rendered":"<p>N\u00e4ytt\u00e4v\u00e4 ruokatuoli 2 eri v\u00e4rityksell\u00e4!<\/p>\n","protected":false},"featured_media":26522,"comment_status":"closed","ping_status":"closed","template":"","meta":{"_acf_changed":false,"jetpack_post_was_ever_published":false,"jetpack_publicize_message":"","jetpack_publicize_feature_enabled":true,"jetpack_social_post_already_shared":true,"jetpack_social_options":{"image_generator_settings":{"template":"highway","default_image_id":0,"font":"","enabled":false},"version":2}},"product_brand":[179],"product_cat":[194],"product_tag":[],"class_list":{"0":"post-26517","1":"product","2":"type-product","3":"status-publish","4":"has-post-thumbnail","6":"product_brand-rowico","7":"product_cat-ruokapoydat-ja-tuolit","8":"pa_vari-tammi","9":"pa_vari-valkopesty","11":"first","12":"instock","13":"shipping-taxable","14":"purchasable","15":"product-type-variable","16":"has-default-attributes"},"acf":[],"jetpack_publicize_connections":[],"jetpack_sharing_enabled":true,"jetpack-related-posts":[{"id":26690,"url":"https:\/\/pohjanmaantehtaanmyymala.fi\/sv\/tuote\/rowico-wolcott-tuoli\/","url_meta":{"origin":26517,"position":0},"title":"Rowico Wolcott-tuoli","author":"Miro Nevala","date":"mars 22, 2024","format":false,"excerpt":"Taattua Rowicon laatua ja n\u00e4ytt\u00e4vyytt\u00e4. Valitse v\u00e4ri!","rel":"","context":"Liknande produkt","block_context":{"text":"Liknande produkt","link":""},"img":{"alt_text":"Rowico Wolcott ruokatuoli valkopesty tammi","src":"https:\/\/i0.wp.com\/pohjanmaantehtaanmyymala.fi\/wp-content\/uploads\/2024\/03\/Rowico_Wolcott_ruokatuoli-valkopesty.jpg?fit=960%2C960&ssl=1&resize=350%2C200","width":350,"height":200,"srcset":"https:\/\/i0.wp.com\/pohjanmaantehtaanmyymala.fi\/wp-content\/uploads\/2024\/03\/Rowico_Wolcott_ruokatuoli-valkopesty.jpg?fit=960%2C960&ssl=1&resize=350%2C200 1x, https:\/\/i0.wp.com\/pohjanmaantehtaanmyymala.fi\/wp-content\/uploads\/2024\/03\/Rowico_Wolcott_ruokatuoli-valkopesty.jpg?fit=960%2C960&ssl=1&resize=525%2C300 1.5x, https:\/\/i0.wp.com\/pohjanmaantehtaanmyymala.fi\/wp-content\/uploads\/2024\/03\/Rowico_Wolcott_ruokatuoli-valkopesty.jpg?fit=960%2C960&ssl=1&resize=700%2C400 2x"},"classes":[]},{"id":8974,"url":"https:\/\/pohjanmaantehtaanmyymala.fi\/sv\/tuote\/ami-tuoli\/","url_meta":{"origin":26517,"position":1},"title":"Rowico AMI tuoli, eri v\u00e4rej\u00e4","author":"petri","date":"september 14, 2019","format":false,"excerpt":"Tyylik\u00e4s ja siro ruokap\u00f6yd\u00e4n tuoli. Valitse mieluinen v\u00e4ri!","rel":"","context":"Liknande produkt","block_context":{"text":"Liknande produkt","link":""},"img":{"alt_text":"Ami tuoli tammi harmaa tyyny","src":"https:\/\/i0.wp.com\/pohjanmaantehtaanmyymala.fi\/wp-content\/uploads\/2019\/09\/113031-a-52208-Ami-stol-ek-svart-R.jpg?fit=960%2C960&ssl=1&resize=350%2C200","width":350,"height":200,"srcset":"https:\/\/i0.wp.com\/pohjanmaantehtaanmyymala.fi\/wp-content\/uploads\/2019\/09\/113031-a-52208-Ami-stol-ek-svart-R.jpg?fit=960%2C960&ssl=1&resize=350%2C200 1x, https:\/\/i0.wp.com\/pohjanmaantehtaanmyymala.fi\/wp-content\/uploads\/2019\/09\/113031-a-52208-Ami-stol-ek-svart-R.jpg?fit=960%2C960&ssl=1&resize=525%2C300 1.5x, https:\/\/i0.wp.com\/pohjanmaantehtaanmyymala.fi\/wp-content\/uploads\/2019\/09\/113031-a-52208-Ami-stol-ek-svart-R.jpg?fit=960%2C960&ssl=1&resize=700%2C400 2x"},"classes":[]},{"id":26650,"url":"https:\/\/pohjanmaantehtaanmyymala.fi\/sv\/tuote\/rowico-ami-ruokapoydan-tuoli\/","url_meta":{"origin":26517,"position":2},"title":"Rowico Kerwin tuoli","author":"Miro Nevala","date":"mars 22, 2024","format":false,"excerpt":"Tyylik\u00e4s ruokap\u00f6yd\u00e4n tuoli. Valitse mieluinen v\u00e4ri!","rel":"","context":"Liknande produkt","block_context":{"text":"Liknande produkt","link":""},"img":{"alt_text":"Rowico Kerwin tuoli ruskea runko beige istuin verhoilu","src":"https:\/\/i0.wp.com\/pohjanmaantehtaanmyymala.fi\/wp-content\/uploads\/2024\/03\/Rowico_Kerwin_tuoli_ruskea-beige.jpg?fit=1000%2C1000&ssl=1&resize=350%2C200","width":350,"height":200,"srcset":"https:\/\/i0.wp.com\/pohjanmaantehtaanmyymala.fi\/wp-content\/uploads\/2024\/03\/Rowico_Kerwin_tuoli_ruskea-beige.jpg?fit=1000%2C1000&ssl=1&resize=350%2C200 1x, https:\/\/i0.wp.com\/pohjanmaantehtaanmyymala.fi\/wp-content\/uploads\/2024\/03\/Rowico_Kerwin_tuoli_ruskea-beige.jpg?fit=1000%2C1000&ssl=1&resize=525%2C300 1.5x, https:\/\/i0.wp.com\/pohjanmaantehtaanmyymala.fi\/wp-content\/uploads\/2024\/03\/Rowico_Kerwin_tuoli_ruskea-beige.jpg?fit=1000%2C1000&ssl=1&resize=700%2C400 2x"},"classes":[]},{"id":26670,"url":"https:\/\/pohjanmaantehtaanmyymala.fi\/sv\/tuote\/rowico-rodham-tuoli-valitse-vari\/","url_meta":{"origin":26517,"position":3},"title":"Rowico Rodham tuoli, valitse v\u00e4ri","author":"Miro Nevala","date":"mars 22, 2024","format":false,"excerpt":"Siro tuoli 4 eri v\u00e4rityksell\u00e4. Valitse mieluinen!","rel":"","context":"Liknande produkt","block_context":{"text":"Liknande produkt","link":""},"img":{"alt_text":"Rowico Rodham ruokatuoli valkopesty tammi","src":"https:\/\/i0.wp.com\/pohjanmaantehtaanmyymala.fi\/wp-content\/uploads\/2024\/03\/Rowico_Rodham_ruokatuoli-valkopesty-tammi.jpg?fit=960%2C960&ssl=1&resize=350%2C200","width":350,"height":200,"srcset":"https:\/\/i0.wp.com\/pohjanmaantehtaanmyymala.fi\/wp-content\/uploads\/2024\/03\/Rowico_Rodham_ruokatuoli-valkopesty-tammi.jpg?fit=960%2C960&ssl=1&resize=350%2C200 1x, https:\/\/i0.wp.com\/pohjanmaantehtaanmyymala.fi\/wp-content\/uploads\/2024\/03\/Rowico_Rodham_ruokatuoli-valkopesty-tammi.jpg?fit=960%2C960&ssl=1&resize=525%2C300 1.5x, https:\/\/i0.wp.com\/pohjanmaantehtaanmyymala.fi\/wp-content\/uploads\/2024\/03\/Rowico_Rodham_ruokatuoli-valkopesty-tammi.jpg?fit=960%2C960&ssl=1&resize=700%2C400 2x"},"classes":[]},{"id":25299,"url":"https:\/\/pohjanmaantehtaanmyymala.fi\/sv\/tuote\/emil-nojatuoli-ja-rahi-raisa-kankaalla\/","url_meta":{"origin":26517,"position":4},"title":"Emil-nojatuoli ja rahi Raisa-kankaalla","author":"Miro Nevala","date":"mars 15, 2024","format":false,"excerpt":"Moderni, ajaton ja mukava nojatuoli ja rahi rentoutumiseen. Valitse v\u00e4ri!","rel":"","context":"Liknande produkt","block_context":{"text":"Liknande produkt","link":""},"img":{"alt_text":"Emil tuoli ja rahi Raisa kankaalla v\u00e4ri vaalea","src":"https:\/\/i0.wp.com\/pohjanmaantehtaanmyymala.fi\/wp-content\/uploads\/2024\/02\/Emil-tuoli-ja-rahi-Raisa-kangas-960dpi.jpg?fit=960%2C960&ssl=1&resize=350%2C200","width":350,"height":200,"srcset":"https:\/\/i0.wp.com\/pohjanmaantehtaanmyymala.fi\/wp-content\/uploads\/2024\/02\/Emil-tuoli-ja-rahi-Raisa-kangas-960dpi.jpg?fit=960%2C960&ssl=1&resize=350%2C200 1x, https:\/\/i0.wp.com\/pohjanmaantehtaanmyymala.fi\/wp-content\/uploads\/2024\/02\/Emil-tuoli-ja-rahi-Raisa-kangas-960dpi.jpg?fit=960%2C960&ssl=1&resize=525%2C300 1.5x, https:\/\/i0.wp.com\/pohjanmaantehtaanmyymala.fi\/wp-content\/uploads\/2024\/02\/Emil-tuoli-ja-rahi-Raisa-kangas-960dpi.jpg?fit=960%2C960&ssl=1&resize=700%2C400 2x"},"classes":[]},{"id":9145,"url":"https:\/\/pohjanmaantehtaanmyymala.fi\/sv\/tuote\/gracy-tuoli\/","url_meta":{"origin":26517,"position":5},"title":"GRACY &#8211; tuoli","author":"petri","date":"september 14, 2019","format":false,"excerpt":"Tyylik\u00e4s Gracy-tuoli ruokap\u00f6yd\u00e4n ymp\u00e4rille. Tuolin istuinosa on kest\u00e4v\u00e4\u00e4 laminaattipintaista vaneria. V\u00e4ri vaihtoehdot ovat musta ja valkoinen. Tuolin jalat valmistettu tammesta. Jalkojen v\u00e4rit ovat Musta, valkoinen, valkopesty tai tammi. Saatavana my\u00f6s pehmustettuna. Tuolin istuinkorkeus: 46 cm. Tuoli toimitetaan osina.","rel":"","context":"Liknande produkt","block_context":{"text":"Liknande produkt","link":""},"img":{"alt_text":"","src":"https:\/\/i0.wp.com\/pohjanmaantehtaanmyymala.fi\/wp-content\/uploads\/2019\/06\/113630-a-Grace-stol-svart-ek-R.jpg?fit=960%2C960&ssl=1&resize=350%2C200","width":350,"height":200,"srcset":"https:\/\/i0.wp.com\/pohjanmaantehtaanmyymala.fi\/wp-content\/uploads\/2019\/06\/113630-a-Grace-stol-svart-ek-R.jpg?fit=960%2C960&ssl=1&resize=350%2C200 1x, https:\/\/i0.wp.com\/pohjanmaantehtaanmyymala.fi\/wp-content\/uploads\/2019\/06\/113630-a-Grace-stol-svart-ek-R.jpg?fit=960%2C960&ssl=1&resize=525%2C300 1.5x, https:\/\/i0.wp.com\/pohjanmaantehtaanmyymala.fi\/wp-content\/uploads\/2019\/06\/113630-a-Grace-stol-svart-ek-R.jpg?fit=960%2C960&ssl=1&resize=700%2C400 2x"},"classes":[]}],"_links":{"self":[{"href":"https:\/\/pohjanmaantehtaanmyymala.fi\/sv\/wp-json\/wp\/v2\/product\/26517","targetHints":{"allow":["GET"]}}],"collection":[{"href":"https:\/\/pohjanmaantehtaanmyymala.fi\/sv\/wp-json\/wp\/v2\/product"}],"about":[{"href":"https:\/\/pohjanmaantehtaanmyymala.fi\/sv\/wp-json\/wp\/v2\/types\/product"}],"replies":[{"embeddable":true,"href":"https:\/\/pohjanmaantehtaanmyymala.fi\/sv\/wp-json\/wp\/v2\/comments?post=26517"}],"wp:featuredmedia":[{"embeddable":true,"href":"https:\/\/pohjanmaantehtaanmyymala.fi\/sv\/wp-json\/wp\/v2\/media\/26522"}],"wp:attachment":[{"href":"https:\/\/pohjanmaantehtaanmyymala.fi\/sv\/wp-json\/wp\/v2\/media?parent=26517"}],"wp:term":[{"taxonomy":"product_brand","embeddable":true,"href":"https:\/\/pohjanmaantehtaanmyymala.fi\/sv\/wp-json\/wp\/v2\/product_brand?post=26517"},{"taxonomy":"product_cat","embeddable":true,"href":"https:\/\/pohjanmaantehtaanmyymala.fi\/sv\/wp-json\/wp\/v2\/product_cat?post=26517"},{"taxonomy":"product_tag","embeddable":true,"href":"https:\/\/pohjanmaantehtaanmyymala.fi\/sv\/wp-json\/wp\/v2\/product_tag?post=26517"}],"curies":[{"name":"wp","href":"https:\/\/api.w.org\/{rel}","templated":true}]}}