{"id":26462,"date":"2024-09-25T16:26:15","date_gmt":"2024-09-25T14:26:15","guid":{"rendered":"https:\/\/pohjanmaantehtaanmyymala.fi\/?post_type=product&#038;p=26462"},"modified":"2025-07-11T12:55:29","modified_gmt":"2025-07-11T10:55:29","slug":"america-nest-vuodesohva-3-istuttava","status":"publish","type":"product","link":"https:\/\/pohjanmaantehtaanmyymala.fi\/sv\/tuote\/america-nest-vuodesohva-3-istuttava\/","title":{"rendered":"America Nest 215 cm vuodesohva 3-istuttava"},"content":{"rendered":"<p>America 3 istuttava vuodesohva tarjoaa upean ratkaisun kodin vuodesohvaksi. T\u00e4m\u00e4 tilava 3-istuttava sohva on varustettu k\u00e4tev\u00e4ll\u00e4 nest-vuodemekanismilla, joka tekee sen k\u00e4yt\u00f6st\u00e4 vaivatonta.<\/p>\n<p>America vuodesohvassa on tilava 2 hengen vuodemekanismi, jonka saa avattu helposti. Vuodemekanismi on kaksiosainen, jota voidaan k\u00e4yt\u00e4\u00e4 niin ett\u00e4 vain toinen istuinosa on pedattu s\u00e4ngyksi.<\/p>\n<p>America-vuodesohvasta on saatavana my\u00f6s 2-isttuva ja vuodetuoli. Kysy lis\u00e4\u00e4 <a href=\"https:\/\/pohjanmaantehtaanmyymala.fi\/yhteys\/\" target=\"_blank\" rel=\"noopener\">myynnist\u00e4mme.<\/a><\/p>\n<h3>Tuotetiedot:<\/h3>\n<p>Sohvan mitat: lev. 215 cm, syvyys 101 cm, korkeus 82 cm<\/p>\n<p>istuinsyvyys: 54<br \/>\nistuinkorkeus: 45 cm<\/p>\n<p>Vuodekoko:193&#215;203 cm.<br \/>\nRunko: Massiivipuu, vaneri ja kovalevy. (takuu 20-vuotta)<br \/>\nIstuinpehmusteet: no-zag jouset, HR35140 vaahtomuovi.<br \/>\nSelk\u00e4pehmuste: Vanutyyny.<br \/>\nKangas: Luna kangas. 100% PES. Martindale 45 000.<br \/>\nToimitetaan jalat irrallaan.<\/p>\n<p>&nbsp;<\/p>\n","protected":false},"excerpt":{"rendered":"<p>Skandinaavisuutta henkiv\u00e4 ja monimuotoisuudessaan ly\u00f6m\u00e4t\u00f6n vuodesohva.<\/p>\n","protected":false},"featured_media":27128,"comment_status":"closed","ping_status":"closed","template":"","meta":{"_acf_changed":false,"jetpack_post_was_ever_published":false,"jetpack_publicize_message":"","jetpack_publicize_feature_enabled":true,"jetpack_social_post_already_shared":true,"jetpack_social_options":{"image_generator_settings":{"template":"highway","default_image_id":0,"font":"","enabled":false},"version":2}},"product_brand":[270],"product_cat":[193],"product_tag":[],"class_list":{"0":"post-26462","1":"product","2":"type-product","3":"status-publish","4":"has-post-thumbnail","6":"product_brand-pohjanmaan","7":"product_cat-vuodesohvat","8":"pa_vari-luna-08-ruskea","9":"pa_vari-luna-15-hopea","10":"pa_vari-luna-21-luonnonvalkoinen","11":"pa_vari-luna-24-fuksia","12":"pa_vari-luna-29-hortensia","13":"pa_vari-luna-33-beige","14":"pa_vari-luna-35-grafiitti","15":"pa_vari-luna-96-tummanharmaa","17":"first","18":"instock","19":"sale","20":"shipping-taxable","21":"purchasable","22":"product-type-variable","23":"has-default-attributes"},"acf":[],"jetpack_publicize_connections":[],"jetpack_sharing_enabled":true,"jetpack-related-posts":[{"id":27156,"url":"https:\/\/pohjanmaantehtaanmyymala.fi\/sv\/tuote\/america-nest-174-cm-vuodesohva-oliver-kankaalla\/","url_meta":{"origin":26462,"position":0},"title":"America Nest 174 cm vuodesohva Oliver-kankaalla","author":"Sami Viitala","date":"september 26, 2024","format":false,"excerpt":"Ajaton ja laadukas vuodesohva, jossa hyv\u00e4n istuttavuuden lis\u00e4ksi kunnon vuodemekanismi.","rel":"","context":"Liknande produkt","block_context":{"text":"Liknande produkt","link":""},"img":{"alt_text":"America Nest MAX vuodesohva oliver-kangas keltainen edest\u00e4","src":"https:\/\/i0.wp.com\/pohjanmaantehtaanmyymala.fi\/wp-content\/uploads\/2024\/09\/America_2nest_vuodesohva_Oliver.jpg?fit=960%2C960&ssl=1&resize=350%2C200","width":350,"height":200,"srcset":"https:\/\/i0.wp.com\/pohjanmaantehtaanmyymala.fi\/wp-content\/uploads\/2024\/09\/America_2nest_vuodesohva_Oliver.jpg?fit=960%2C960&ssl=1&resize=350%2C200 1x, https:\/\/i0.wp.com\/pohjanmaantehtaanmyymala.fi\/wp-content\/uploads\/2024\/09\/America_2nest_vuodesohva_Oliver.jpg?fit=960%2C960&ssl=1&resize=525%2C300 1.5x, https:\/\/i0.wp.com\/pohjanmaantehtaanmyymala.fi\/wp-content\/uploads\/2024\/09\/America_2nest_vuodesohva_Oliver.jpg?fit=960%2C960&ssl=1&resize=700%2C400 2x"},"classes":[]},{"id":13411,"url":"https:\/\/pohjanmaantehtaanmyymala.fi\/sv\/tuote\/erika-vuodesohva-l-162-cm-oliver-kankaalla\/","url_meta":{"origin":26462,"position":1},"title":"America Nest 162 cm vuodesohva Luna-kankaalla","author":"Sami Viitala","date":"september 22, 2020","format":false,"excerpt":"Pohjanmaan Kalusteen valmistama tyylik\u00e4s vuodesohva, jossa hyv\u00e4n istuttavuuden lis\u00e4ksi laadukas vuodemekanismi.","rel":"","context":"Liknande produkt","block_context":{"text":"Liknande produkt","link":""},"img":{"alt_text":"","src":"https:\/\/i0.wp.com\/pohjanmaantehtaanmyymala.fi\/wp-content\/uploads\/2020\/09\/America_Erika_2_Sleeper_Luna24_1.jpg?fit=960%2C960&ssl=1&resize=350%2C200","width":350,"height":200,"srcset":"https:\/\/i0.wp.com\/pohjanmaantehtaanmyymala.fi\/wp-content\/uploads\/2020\/09\/America_Erika_2_Sleeper_Luna24_1.jpg?fit=960%2C960&ssl=1&resize=350%2C200 1x, https:\/\/i0.wp.com\/pohjanmaantehtaanmyymala.fi\/wp-content\/uploads\/2020\/09\/America_Erika_2_Sleeper_Luna24_1.jpg?fit=960%2C960&ssl=1&resize=525%2C300 1.5x, https:\/\/i0.wp.com\/pohjanmaantehtaanmyymala.fi\/wp-content\/uploads\/2020\/09\/America_Erika_2_Sleeper_Luna24_1.jpg?fit=960%2C960&ssl=1&resize=700%2C400 2x"},"classes":[]},{"id":13487,"url":"https:\/\/pohjanmaantehtaanmyymala.fi\/sv\/tuote\/erika-vuodetuoli-luna-kankaalla\/","url_meta":{"origin":26462,"position":2},"title":"America Nest &#8211; vuodetuoli Luna-kankaalla","author":"Sami Viitala","date":"september 24, 2020","format":false,"excerpt":"Pohjanmaan Kalusteen valmistama tyylik\u00e4s vuodetuoli, jossa hyv\u00e4n istuttavuuden lis\u00e4ksi laadukas vuodemekanismi.","rel":"","context":"Liknande produkt","block_context":{"text":"Liknande produkt","link":""},"img":{"alt_text":"America Erika vuodetuoli Luna kankaalla","src":"https:\/\/i0.wp.com\/pohjanmaantehtaanmyymala.fi\/wp-content\/uploads\/2020\/09\/Erika_1kin_Luna29_2.jpg?fit=1200%2C1200&ssl=1&resize=350%2C200","width":350,"height":200,"srcset":"https:\/\/i0.wp.com\/pohjanmaantehtaanmyymala.fi\/wp-content\/uploads\/2020\/09\/Erika_1kin_Luna29_2.jpg?fit=1200%2C1200&ssl=1&resize=350%2C200 1x, https:\/\/i0.wp.com\/pohjanmaantehtaanmyymala.fi\/wp-content\/uploads\/2020\/09\/Erika_1kin_Luna29_2.jpg?fit=1200%2C1200&ssl=1&resize=525%2C300 1.5x, https:\/\/i0.wp.com\/pohjanmaantehtaanmyymala.fi\/wp-content\/uploads\/2020\/09\/Erika_1kin_Luna29_2.jpg?fit=1200%2C1200&ssl=1&resize=700%2C400 2x, https:\/\/i0.wp.com\/pohjanmaantehtaanmyymala.fi\/wp-content\/uploads\/2020\/09\/Erika_1kin_Luna29_2.jpg?fit=1200%2C1200&ssl=1&resize=1050%2C600 3x"},"classes":[]},{"id":26381,"url":"https:\/\/pohjanmaantehtaanmyymala.fi\/sv\/tuote\/fantasy-level-2-istuttava-vuodesohva\/","url_meta":{"origin":26462,"position":3},"title":"Fantasy Level 2-istuttava vuodesohva","author":"Miro Nevala","date":"augusti 29, 2024","format":false,"excerpt":"2-istuttava sohva k\u00e4tev\u00e4ll\u00e4 vuodemekanismilla!","rel":"","context":"Liknande produkt","block_context":{"text":"Liknande produkt","link":""},"img":{"alt_text":"Fantasy level 152cm milj\u00f6\u00f6","src":"https:\/\/i0.wp.com\/pohjanmaantehtaanmyymala.fi\/wp-content\/uploads\/2024\/03\/Fantasy_level-152cm-miljoo.jpg?fit=960%2C960&ssl=1&resize=350%2C200","width":350,"height":200,"srcset":"https:\/\/i0.wp.com\/pohjanmaantehtaanmyymala.fi\/wp-content\/uploads\/2024\/03\/Fantasy_level-152cm-miljoo.jpg?fit=960%2C960&ssl=1&resize=350%2C200 1x, https:\/\/i0.wp.com\/pohjanmaantehtaanmyymala.fi\/wp-content\/uploads\/2024\/03\/Fantasy_level-152cm-miljoo.jpg?fit=960%2C960&ssl=1&resize=525%2C300 1.5x, https:\/\/i0.wp.com\/pohjanmaantehtaanmyymala.fi\/wp-content\/uploads\/2024\/03\/Fantasy_level-152cm-miljoo.jpg?fit=960%2C960&ssl=1&resize=700%2C400 2x"},"classes":[]},{"id":19624,"url":"https:\/\/pohjanmaantehtaanmyymala.fi\/sv\/tuote\/art-vuodesohva-inari-kankaalla\/","url_meta":{"origin":26462,"position":4},"title":"Art vuodesohva Inari-kankaalla","author":"Sami Viitala","date":"januari 23, 2022","format":false,"excerpt":"Vuodesohva, jossa on helppotoiminen vuodemekanismi. Saatavana eri v\u00e4reill\u00e4.","rel":"","context":"Liknande produkt","block_context":{"text":"Liknande produkt","link":""},"img":{"alt_text":"Art vuodesohva inari-kangas harmaa","src":"https:\/\/i0.wp.com\/pohjanmaantehtaanmyymala.fi\/wp-content\/uploads\/2022\/01\/art_vuodesohva_inari.jpg?fit=960%2C960&ssl=1&resize=350%2C200","width":350,"height":200,"srcset":"https:\/\/i0.wp.com\/pohjanmaantehtaanmyymala.fi\/wp-content\/uploads\/2022\/01\/art_vuodesohva_inari.jpg?fit=960%2C960&ssl=1&resize=350%2C200 1x, https:\/\/i0.wp.com\/pohjanmaantehtaanmyymala.fi\/wp-content\/uploads\/2022\/01\/art_vuodesohva_inari.jpg?fit=960%2C960&ssl=1&resize=525%2C300 1.5x, https:\/\/i0.wp.com\/pohjanmaantehtaanmyymala.fi\/wp-content\/uploads\/2022\/01\/art_vuodesohva_inari.jpg?fit=960%2C960&ssl=1&resize=700%2C400 2x"},"classes":[]},{"id":23000,"url":"https:\/\/pohjanmaantehtaanmyymala.fi\/sv\/tuote\/gracy-vuodesohva-austin-kankaalla\/","url_meta":{"origin":26462,"position":5},"title":"Jazz 3-ist. vuodesohva kankaalla","author":"Sami Viitala","date":"maj 20, 2023","format":false,"excerpt":"Iso n\u00e4ytt\u00e4v\u00e4 vuodesohva!","rel":"","context":"Liknande produkt","block_context":{"text":"Liknande produkt","link":""},"img":{"alt_text":"Jazz 3-istuttava vuodesohva 3-tyynyinen beigell\u00e4 oasis-kankaalla milj\u00f6\u00f6ss\u00e4","src":"https:\/\/i0.wp.com\/pohjanmaantehtaanmyymala.fi\/wp-content\/uploads\/2023\/05\/JAZZ_K2055-DM-EASY-DELUXE-K2055_Oasis02_kangas.jpg?fit=1000%2C1000&ssl=1&resize=350%2C200","width":350,"height":200,"srcset":"https:\/\/i0.wp.com\/pohjanmaantehtaanmyymala.fi\/wp-content\/uploads\/2023\/05\/JAZZ_K2055-DM-EASY-DELUXE-K2055_Oasis02_kangas.jpg?fit=1000%2C1000&ssl=1&resize=350%2C200 1x, https:\/\/i0.wp.com\/pohjanmaantehtaanmyymala.fi\/wp-content\/uploads\/2023\/05\/JAZZ_K2055-DM-EASY-DELUXE-K2055_Oasis02_kangas.jpg?fit=1000%2C1000&ssl=1&resize=525%2C300 1.5x, https:\/\/i0.wp.com\/pohjanmaantehtaanmyymala.fi\/wp-content\/uploads\/2023\/05\/JAZZ_K2055-DM-EASY-DELUXE-K2055_Oasis02_kangas.jpg?fit=1000%2C1000&ssl=1&resize=700%2C400 2x"},"classes":[]}],"_links":{"self":[{"href":"https:\/\/pohjanmaantehtaanmyymala.fi\/sv\/wp-json\/wp\/v2\/product\/26462","targetHints":{"allow":["GET"]}}],"collection":[{"href":"https:\/\/pohjanmaantehtaanmyymala.fi\/sv\/wp-json\/wp\/v2\/product"}],"about":[{"href":"https:\/\/pohjanmaantehtaanmyymala.fi\/sv\/wp-json\/wp\/v2\/types\/product"}],"replies":[{"embeddable":true,"href":"https:\/\/pohjanmaantehtaanmyymala.fi\/sv\/wp-json\/wp\/v2\/comments?post=26462"}],"wp:featuredmedia":[{"embeddable":true,"href":"https:\/\/pohjanmaantehtaanmyymala.fi\/sv\/wp-json\/wp\/v2\/media\/27128"}],"wp:attachment":[{"href":"https:\/\/pohjanmaantehtaanmyymala.fi\/sv\/wp-json\/wp\/v2\/media?parent=26462"}],"wp:term":[{"taxonomy":"product_brand","embeddable":true,"href":"https:\/\/pohjanmaantehtaanmyymala.fi\/sv\/wp-json\/wp\/v2\/product_brand?post=26462"},{"taxonomy":"product_cat","embeddable":true,"href":"https:\/\/pohjanmaantehtaanmyymala.fi\/sv\/wp-json\/wp\/v2\/product_cat?post=26462"},{"taxonomy":"product_tag","embeddable":true,"href":"https:\/\/pohjanmaantehtaanmyymala.fi\/sv\/wp-json\/wp\/v2\/product_tag?post=26462"}],"curies":[{"name":"wp","href":"https:\/\/api.w.org\/{rel}","templated":true}]}}