{"id":26422,"date":"2024-03-11T14:41:32","date_gmt":"2024-03-11T12:41:32","guid":{"rendered":"https:\/\/pohjanmaantehtaanmyymala.fi\/?post_type=product&#038;p=26422"},"modified":"2025-01-01T00:00:27","modified_gmt":"2024-12-31T22:00:27","slug":"west-vuodesohva-nahka","status":"publish","type":"product","link":"https:\/\/pohjanmaantehtaanmyymala.fi\/sv\/tuote\/west-vuodesohva-nahka\/","title":{"rendered":"West-vuodesohva nahka"},"content":{"rendered":"<p>Pohjanmaan West vuodesohva yhdist\u00e4\u00e4 s\u00e4\u00e4dett\u00e4v\u00e4t niskatuet, helppok\u00e4ytt\u00f6isen level-vuodemekanismin ja laadukkaat vaahtomuovit\u00e4ytteet tarjoten t\u00e4ydellisen ratkaisun mukavuutta arvostaville. K\u00e4\u00e4ntyv\u00e4t selk\u00e4nojatyynyt tukevat istuessa, ja kest\u00e4v\u00e4t materiaalit takaavat pitk\u00e4ik\u00e4isen k\u00e4yt\u00f6n. Erinomainen valinta niille, jotka etsiv\u00e4t tyylik\u00e4st\u00e4 ja k\u00e4yt\u00e4nn\u00f6llist\u00e4 vuodesohvaa olohuoneeseensa. Vuodemitat ovat 147x208cm.\u00a0West sohvan selk\u00e4nojien p\u00e4\u00e4ll\u00e4 olevat tyynyt voidaan k\u00e4\u00e4nt\u00e4\u00e4 pystyyn, tarjoten erinomaisen tuen niskalle istuttaessa.<\/p>\n<p>T\u00e4m\u00e4 tuote on verhoiltu Soft antique-nahalla. Soft antique-nahka on kest\u00e4v\u00e4 kalustenahka. Se kest\u00e4\u00e4 hyvin k\u00e4ytt\u00f6\u00e4 haalistumatta ja on helppo pit\u00e4\u00e4 puhtaana.<\/p>\n<p><strong>Tuotetiedot:<\/strong><\/p>\n<p>Vuodekoko: 147x208cm<br \/>\nRunko: Massiivipuu, kovalevy ja vaneri<br \/>\nIstuinpehmusteet: No-zag jousitus, HR35130 vaahtomuovi 9cm, joustava pohjakangas<br \/>\nSelk\u00e4pehmusteet: HR25075 20cm, kovalevy, vanu 300g.<br \/>\nK\u00e4sinojapehmusteet: E30160 vaahtomuovi 2cm, vanu 150g<br \/>\nPuurungolla 20 vuoden takuu.<\/p>\n<p>Mitat: Syvyys 102cm, leveys 190cm ja korkeus 90cm.<br \/>\nLevel vuodemekanismi, s\u00e4\u00e4dett\u00e4v\u00e4t niskatuet ja laadukkaat vaahtomuovit\u00e4ytteet.<br \/>\nVerhoilu: Soft antique-nahka.<\/p>\n","protected":false},"excerpt":{"rendered":"<p>S\u00e4\u00e4dett\u00e4vill\u00e4 niskatuilla varustettu tyylik\u00e4s nahkavuodesohva!<\/p>\n","protected":false},"featured_media":26449,"comment_status":"closed","ping_status":"closed","template":"","meta":{"_acf_changed":false,"jetpack_post_was_ever_published":false,"jetpack_publicize_message":"","jetpack_publicize_feature_enabled":true,"jetpack_social_post_already_shared":true,"jetpack_social_options":{"image_generator_settings":{"template":"highway","default_image_id":0,"font":"","enabled":false},"version":2}},"product_brand":[270],"product_cat":[193],"product_tag":[],"class_list":{"0":"post-26422","1":"product","2":"type-product","3":"status-publish","4":"has-post-thumbnail","6":"product_brand-pohjanmaan","7":"product_cat-vuodesohvat","8":"pa_vari-beige","9":"pa_vari-harmaa","10":"pa_vari-konjakinruskea","11":"pa_vari-luonnonvalkoinen","12":"pa_vari-musta","13":"pa_vari-ruskea","14":"pa_vari-sininen","15":"pa_vari-tummanruskea","16":"pa_vari-vaalea-beige","17":"pa_vari-vaaleanruskea","18":"pa_vari-valkoinen","19":"pa_vari-vihrea","21":"first","22":"instock","23":"shipping-taxable","24":"purchasable","25":"product-type-variable"},"acf":[],"jetpack_publicize_connections":[],"jetpack_sharing_enabled":true,"jetpack-related-posts":[{"id":26395,"url":"https:\/\/pohjanmaantehtaanmyymala.fi\/sv\/tuote\/west-vuodesohva-rodeo-kankaalla\/","url_meta":{"origin":26422,"position":0},"title":"West-vuodesohva Rodeo-kankaalla","author":"Miro Nevala","date":"september 11, 2024","format":false,"excerpt":"S\u00e4\u00e4dett\u00e4vill\u00e4 niskatuilla varustettu tyylik\u00e4s vuodesohva!","rel":"","context":"Liknande produkt","block_context":{"text":"Liknande produkt","link":""},"img":{"alt_text":"West vuodesohva edest\u00e4","src":"https:\/\/i0.wp.com\/pohjanmaantehtaanmyymala.fi\/wp-content\/uploads\/2024\/03\/West-vuodesohva-edesta%CC%88.jpg?fit=960%2C960&ssl=1&resize=350%2C200","width":350,"height":200,"srcset":"https:\/\/i0.wp.com\/pohjanmaantehtaanmyymala.fi\/wp-content\/uploads\/2024\/03\/West-vuodesohva-edesta%CC%88.jpg?fit=960%2C960&ssl=1&resize=350%2C200 1x, https:\/\/i0.wp.com\/pohjanmaantehtaanmyymala.fi\/wp-content\/uploads\/2024\/03\/West-vuodesohva-edesta%CC%88.jpg?fit=960%2C960&ssl=1&resize=525%2C300 1.5x, https:\/\/i0.wp.com\/pohjanmaantehtaanmyymala.fi\/wp-content\/uploads\/2024\/03\/West-vuodesohva-edesta%CC%88.jpg?fit=960%2C960&ssl=1&resize=700%2C400 2x"},"classes":[]},{"id":27578,"url":"https:\/\/pohjanmaantehtaanmyymala.fi\/sv\/tuote\/mode-hupputuoli-nahka\/","url_meta":{"origin":26422,"position":1},"title":"MODE &#8211; hupputuoli nahka","author":"Sami Viitala","date":"november 15, 2024","format":false,"excerpt":"Laadukas kest\u00e4v\u00e4ll\u00e4 nahkalla verhoiltu ruokap\u00f6yd\u00e4n tuoli.","rel":"","context":"Liknande produkt","block_context":{"text":"Liknande produkt","link":""},"img":{"alt_text":"Mode tuoli musta nahka, jalat \u00f6ljytty\u00e4 tammea.","src":"https:\/\/i0.wp.com\/pohjanmaantehtaanmyymala.fi\/wp-content\/uploads\/2024\/11\/Mode_tuoli_musta_nahka.jpg?fit=960%2C960&ssl=1&resize=350%2C200","width":350,"height":200,"srcset":"https:\/\/i0.wp.com\/pohjanmaantehtaanmyymala.fi\/wp-content\/uploads\/2024\/11\/Mode_tuoli_musta_nahka.jpg?fit=960%2C960&ssl=1&resize=350%2C200 1x, https:\/\/i0.wp.com\/pohjanmaantehtaanmyymala.fi\/wp-content\/uploads\/2024\/11\/Mode_tuoli_musta_nahka.jpg?fit=960%2C960&ssl=1&resize=525%2C300 1.5x, https:\/\/i0.wp.com\/pohjanmaantehtaanmyymala.fi\/wp-content\/uploads\/2024\/11\/Mode_tuoli_musta_nahka.jpg?fit=960%2C960&ssl=1&resize=700%2C400 2x"},"classes":[]},{"id":18514,"url":"https:\/\/pohjanmaantehtaanmyymala.fi\/sv\/tuote\/atlanta-2-istuttava-nahkasohva\/","url_meta":{"origin":26422,"position":2},"title":"ATLANTA 2-istuttava nahkasohva","author":"Sami Viitala","date":"oktober 28, 2021","format":false,"excerpt":"Istuinmukavuuden uusi ulottuvuus.","rel":"","context":"Liknande produkt","block_context":{"text":"Liknande produkt","link":""},"img":{"alt_text":"Atlantan nahkasohva ruskea","src":"https:\/\/i0.wp.com\/pohjanmaantehtaanmyymala.fi\/wp-content\/uploads\/2021\/10\/Atlanta_2-ist-labrador03.jpg?fit=960%2C960&ssl=1&resize=350%2C200","width":350,"height":200,"srcset":"https:\/\/i0.wp.com\/pohjanmaantehtaanmyymala.fi\/wp-content\/uploads\/2021\/10\/Atlanta_2-ist-labrador03.jpg?fit=960%2C960&ssl=1&resize=350%2C200 1x, https:\/\/i0.wp.com\/pohjanmaantehtaanmyymala.fi\/wp-content\/uploads\/2021\/10\/Atlanta_2-ist-labrador03.jpg?fit=960%2C960&ssl=1&resize=525%2C300 1.5x, https:\/\/i0.wp.com\/pohjanmaantehtaanmyymala.fi\/wp-content\/uploads\/2021\/10\/Atlanta_2-ist-labrador03.jpg?fit=960%2C960&ssl=1&resize=700%2C400 2x"},"classes":[]},{"id":8662,"url":"https:\/\/pohjanmaantehtaanmyymala.fi\/sv\/tuote\/amiral-sohvakalusto\/","url_meta":{"origin":26422,"position":3},"title":"AMIRAL 3+1+1 sohvakalusto nahkaa","author":"petri","date":"september 14, 2019","format":false,"excerpt":"Pohjanmaankalusteen valmistamat sohvat tehd\u00e4\u00e4n parhaista materiaaleista 60 vuoden kokemuksella.","rel":"","context":"Liknande produkt","block_context":{"text":"Liknande produkt","link":""},"img":{"alt_text":"Amiral 3:n istuttava + tuoli","src":"https:\/\/i0.wp.com\/pohjanmaantehtaanmyymala.fi\/wp-content\/uploads\/2019\/06\/Amiral-3-1.jpg?fit=960%2C960&ssl=1&resize=350%2C200","width":350,"height":200,"srcset":"https:\/\/i0.wp.com\/pohjanmaantehtaanmyymala.fi\/wp-content\/uploads\/2019\/06\/Amiral-3-1.jpg?fit=960%2C960&ssl=1&resize=350%2C200 1x, https:\/\/i0.wp.com\/pohjanmaantehtaanmyymala.fi\/wp-content\/uploads\/2019\/06\/Amiral-3-1.jpg?fit=960%2C960&ssl=1&resize=525%2C300 1.5x, https:\/\/i0.wp.com\/pohjanmaantehtaanmyymala.fi\/wp-content\/uploads\/2019\/06\/Amiral-3-1.jpg?fit=960%2C960&ssl=1&resize=700%2C400 2x"},"classes":[]},{"id":17735,"url":"https:\/\/pohjanmaantehtaanmyymala.fi\/sv\/tuote\/noah-vuodesohva-divaani-oikealla\/","url_meta":{"origin":26422,"position":4},"title":"Noah divaani-vuodesohva alk. nahka","author":"Sami Viitala","date":"augusti 23, 2021","format":false,"excerpt":"Huippulaadukas sohva joka p\u00e4iv\u00e4iseen k\u00e4ytt\u00f6\u00f6n.","rel":"","context":"Liknande produkt","block_context":{"text":"Liknande produkt","link":""},"img":{"alt_text":"Noah vuodesohva nahkaa","src":"https:\/\/i0.wp.com\/pohjanmaantehtaanmyymala.fi\/wp-content\/uploads\/2021\/08\/Noah_vuodesohva_tyynyt_oik.jpg?fit=1200%2C1200&ssl=1&resize=350%2C200","width":350,"height":200,"srcset":"https:\/\/i0.wp.com\/pohjanmaantehtaanmyymala.fi\/wp-content\/uploads\/2021\/08\/Noah_vuodesohva_tyynyt_oik.jpg?fit=1200%2C1200&ssl=1&resize=350%2C200 1x, https:\/\/i0.wp.com\/pohjanmaantehtaanmyymala.fi\/wp-content\/uploads\/2021\/08\/Noah_vuodesohva_tyynyt_oik.jpg?fit=1200%2C1200&ssl=1&resize=525%2C300 1.5x, https:\/\/i0.wp.com\/pohjanmaantehtaanmyymala.fi\/wp-content\/uploads\/2021\/08\/Noah_vuodesohva_tyynyt_oik.jpg?fit=1200%2C1200&ssl=1&resize=700%2C400 2x, https:\/\/i0.wp.com\/pohjanmaantehtaanmyymala.fi\/wp-content\/uploads\/2021\/08\/Noah_vuodesohva_tyynyt_oik.jpg?fit=1200%2C1200&ssl=1&resize=1050%2C600 3x"},"classes":[]},{"id":29255,"url":"https:\/\/pohjanmaantehtaanmyymala.fi\/sv\/tuote\/eemil-recliner-tuoli-musta-nahka\/","url_meta":{"origin":26422,"position":5},"title":"Eemil recliner-tuoli musta nahka","author":"Sami Viitala","date":"november 17, 2025","format":false,"excerpt":"Siro recliner-lepotuoli.","rel":"","context":"Liknande produkt","block_context":{"text":"Liknande produkt","link":""},"img":{"alt_text":"Emil recliner nojatuoli lepoasennossa musta soft antique -nahka.","src":"https:\/\/i0.wp.com\/pohjanmaantehtaanmyymala.fi\/wp-content\/uploads\/2025\/11\/Pohjanmaan_Eemil_recliner_musta_auki.jpg?fit=1000%2C1000&ssl=1&resize=350%2C200","width":350,"height":200,"srcset":"https:\/\/i0.wp.com\/pohjanmaantehtaanmyymala.fi\/wp-content\/uploads\/2025\/11\/Pohjanmaan_Eemil_recliner_musta_auki.jpg?fit=1000%2C1000&ssl=1&resize=350%2C200 1x, https:\/\/i0.wp.com\/pohjanmaantehtaanmyymala.fi\/wp-content\/uploads\/2025\/11\/Pohjanmaan_Eemil_recliner_musta_auki.jpg?fit=1000%2C1000&ssl=1&resize=525%2C300 1.5x, https:\/\/i0.wp.com\/pohjanmaantehtaanmyymala.fi\/wp-content\/uploads\/2025\/11\/Pohjanmaan_Eemil_recliner_musta_auki.jpg?fit=1000%2C1000&ssl=1&resize=700%2C400 2x"},"classes":[]}],"_links":{"self":[{"href":"https:\/\/pohjanmaantehtaanmyymala.fi\/sv\/wp-json\/wp\/v2\/product\/26422","targetHints":{"allow":["GET"]}}],"collection":[{"href":"https:\/\/pohjanmaantehtaanmyymala.fi\/sv\/wp-json\/wp\/v2\/product"}],"about":[{"href":"https:\/\/pohjanmaantehtaanmyymala.fi\/sv\/wp-json\/wp\/v2\/types\/product"}],"replies":[{"embeddable":true,"href":"https:\/\/pohjanmaantehtaanmyymala.fi\/sv\/wp-json\/wp\/v2\/comments?post=26422"}],"wp:featuredmedia":[{"embeddable":true,"href":"https:\/\/pohjanmaantehtaanmyymala.fi\/sv\/wp-json\/wp\/v2\/media\/26449"}],"wp:attachment":[{"href":"https:\/\/pohjanmaantehtaanmyymala.fi\/sv\/wp-json\/wp\/v2\/media?parent=26422"}],"wp:term":[{"taxonomy":"product_brand","embeddable":true,"href":"https:\/\/pohjanmaantehtaanmyymala.fi\/sv\/wp-json\/wp\/v2\/product_brand?post=26422"},{"taxonomy":"product_cat","embeddable":true,"href":"https:\/\/pohjanmaantehtaanmyymala.fi\/sv\/wp-json\/wp\/v2\/product_cat?post=26422"},{"taxonomy":"product_tag","embeddable":true,"href":"https:\/\/pohjanmaantehtaanmyymala.fi\/sv\/wp-json\/wp\/v2\/product_tag?post=26422"}],"curies":[{"name":"wp","href":"https:\/\/api.w.org\/{rel}","templated":true}]}}